{"id":5960,"date":"2025-03-20T14:53:39","date_gmt":"2025-03-20T13:53:39","guid":{"rendered":"https:\/\/wimar.net\/?post_type=product&#038;p=5960"},"modified":"2025-03-24T09:41:47","modified_gmt":"2025-03-24T08:41:47","slug":"worek-pp-65x105cm-z-wkladka-pe","status":"publish","type":"product","link":"https:\/\/wimar.net\/fr\/produit\/worek-pp-65x105cm-z-wkladka-pe\/","title":{"rendered":"Worek PP 65x105cm z wk\u0142adk\u0105 PE"},"content":{"rendered":"<h3>Worki tkane PP<\/h3>\n<p>Worki polipropylenowe tkane z wk\u0142adk\u0105 PE to wyj\u0105tkowo trwa\u0142e i funkcjonalne opakowania, kt\u00f3re \u0142\u0105cz\u0105 wytrzyma\u0142o\u015b\u0107 tkanego polipropylenu z dodatkow\u0105 warstw\u0105 ochronn\u0105 z polietylenu. Dzi\u0119ki temu zapewniaj\u0105 nie tylko wysok\u0105 no\u015bno\u015b\u0107 i odporno\u015b\u0107 na rozdarcia, ale tak\u017ce skuteczn\u0105 barier\u0119 przed wilgoci\u0105, co czyni je idealnym rozwi\u0105zaniem do przechowywania i transportu materia\u0142\u00f3w wymagaj\u0105cych dodatkowej ochrony.<\/p>\n<h3><strong>Caract\u00e9ristiques principales :<\/strong><\/h3>\n<ul>\n<li><strong>Wytrzyma\u0142o\u015b\u0107<\/strong> \u2013 Tkana struktura polipropylenu gwarantuje odporno\u015b\u0107 na uszkodzenia mechaniczne i du\u017ce obci\u0105\u017cenia.<\/li>\n<li><strong>Ochrona przed wilgoci\u0105<\/strong> \u2013 Wk\u0142adka PE zapobiega przenikaniu wilgoci, chroni\u0105c zawarto\u015b\u0107 przed zawilgoceniem i utrat\u0105 jako\u015bci.<\/li>\n<li><strong>Polyvalence<\/strong> \u2013 Idealne do transportu i magazynowania produkt\u00f3w sypkich, materia\u0142\u00f3w budowlanych, opa\u0142u i odpad\u00f3w.<\/li>\n<li><strong>Szczelno\u015b\u0107<\/strong> \u2013 Dzi\u0119ki wk\u0142adce PE worki s\u0105 doskona\u0142e do przechowywania materia\u0142\u00f3w wymagaj\u0105cych zabezpieczenia przed czynnikami zewn\u0119trznymi.<\/li>\n<li><strong>Taille<\/strong> \u2013 65&#215;105 cm<\/li>\n<li><strong>Pojemno\u015b\u0107<\/strong> &#8211; oko\u0142o 50 kg<\/li>\n<\/ul>\n<h3><strong>Dlaczego warto wybra\u0107 worki polipropylenowe z wk\u0142adk\u0105 PE?<\/strong><\/h3>\n<p>Worki polipropylenowe z wk\u0142adk\u0105 PE to nowoczesne, solidne i ekonomiczne rozwi\u0105zanie dla wielu bran\u017c. Dzi\u0119ki dodatkowej warstwie polietylenu zapewniaj\u0105 jeszcze lepsz\u0105 ochron\u0119 przed wilgoci\u0105 i py\u0142em, co czyni je niezast\u0105pionymi w przechowywaniu i transporcie wra\u017cliwych materia\u0142\u00f3w. S\u0105 trwa\u0142e, wielokrotnego u\u017cytku i odporne na trudne warunki atmosferyczne.<\/p>","protected":false},"excerpt":{"rendered":"<p>Worki tkane PP Worki polipropylenowe tkane z wk\u0142adk\u0105 PE to wyj\u0105tkowo trwa\u0142e i funkcjonalne opakowania, kt\u00f3re \u0142\u0105cz\u0105 wytrzyma\u0142o\u015b\u0107 tkanego polipropylenu z dodatkow\u0105 warstw\u0105 ochronn\u0105 z polietylenu. Dzi\u0119ki temu zapewniaj\u0105 nie tylko wysok\u0105 no\u015bno\u015b\u0107 i odporno\u015b\u0107 na rozdarcia, ale tak\u017ce skuteczn\u0105 barier\u0119 przed wilgoci\u0105, co czyni je idealnym rozwi\u0105zaniem do przechowywania i transportu materia\u0142\u00f3w wymagaj\u0105cych dodatkowej [&hellip;]<\/p>","protected":false},"featured_media":3618,"template":"","meta":{"site-sidebar-layout":"default","site-content-layout":"","ast-site-content-layout":"default","site-content-style":"default","site-sidebar-style":"default","ast-global-header-display":"","ast-banner-title-visibility":"","ast-main-header-display":"","ast-hfb-above-header-display":"","ast-hfb-below-header-display":"","ast-hfb-mobile-header-display":"","site-post-title":"","ast-breadcrumbs-content":"","ast-featured-img":"","footer-sml-layout":"","theme-transparent-header-meta":"default","adv-header-id-meta":"","stick-header-meta":"default","header-above-stick-meta":"","header-main-stick-meta":"","header-below-stick-meta":"","astra-migrate-meta-layouts":"set","ast-page-background-enabled":"default","ast-page-background-meta":{"desktop":{"background-color":"var(--ast-global-color-4)","background-image":"","background-repeat":"repeat","background-position":"center center","background-size":"auto","background-attachment":"scroll","background-type":"","background-media":"","overlay-type":"","overlay-color":"","overlay-opacity":"","overlay-gradient":""},"tablet":{"background-color":"","background-image":"","background-repeat":"repeat","background-position":"center center","background-size":"auto","background-attachment":"scroll","background-type":"","background-media":"","overlay-type":"","overlay-color":"","overlay-opacity":"","overlay-gradient":""},"mobile":{"background-color":"","background-image":"","background-repeat":"repeat","background-position":"center center","background-size":"auto","background-attachment":"scroll","background-type":"","background-media":"","overlay-type":"","overlay-color":"","overlay-opacity":"","overlay-gradient":""}},"ast-content-background-meta":{"desktop":{"background-color":"var(--ast-global-color-5)","background-image":"","background-repeat":"repeat","background-position":"center center","background-size":"auto","background-attachment":"scroll","background-type":"","background-media":"","overlay-type":"","overlay-color":"","overlay-opacity":"","overlay-gradient":""},"tablet":{"background-color":"var(--ast-global-color-5)","background-image":"","background-repeat":"repeat","background-position":"center center","background-size":"auto","background-attachment":"scroll","background-type":"","background-media":"","overlay-type":"","overlay-color":"","overlay-opacity":"","overlay-gradient":""},"mobile":{"background-color":"var(--ast-global-color-5)","background-image":"","background-repeat":"repeat","background-position":"center center","background-size":"auto","background-attachment":"scroll","background-type":"","background-media":"","overlay-type":"","overlay-color":"","overlay-opacity":"","overlay-gradient":""}}},"product_brand":[],"product_cat":[141],"product_tag":[],"class_list":{"0":"post-5960","1":"product","2":"type-product","3":"status-publish","4":"has-post-thumbnail","6":"product_cat-60x110","7":"desktop-align-left","8":"tablet-align-left","9":"mobile-align-left","10":"ast-product-gallery-layout-horizontal","11":"ast-product-tabs-layout-horizontal","13":"first","14":"instock","15":"shipping-taxable","16":"product-type-simple"},"_links":{"self":[{"href":"https:\/\/wimar.net\/fr\/wp-json\/wp\/v2\/product\/5960","targetHints":{"allow":["GET"]}}],"collection":[{"href":"https:\/\/wimar.net\/fr\/wp-json\/wp\/v2\/product"}],"about":[{"href":"https:\/\/wimar.net\/fr\/wp-json\/wp\/v2\/types\/product"}],"version-history":[{"count":1,"href":"https:\/\/wimar.net\/fr\/wp-json\/wp\/v2\/product\/5960\/revisions"}],"predecessor-version":[{"id":5961,"href":"https:\/\/wimar.net\/fr\/wp-json\/wp\/v2\/product\/5960\/revisions\/5961"}],"wp:featuredmedia":[{"embeddable":true,"href":"https:\/\/wimar.net\/fr\/wp-json\/wp\/v2\/media\/3618"}],"wp:attachment":[{"href":"https:\/\/wimar.net\/fr\/wp-json\/wp\/v2\/media?parent=5960"}],"wp:term":[{"taxonomy":"product_brand","embeddable":true,"href":"https:\/\/wimar.net\/fr\/wp-json\/wp\/v2\/product_brand?post=5960"},{"taxonomy":"product_cat","embeddable":true,"href":"https:\/\/wimar.net\/fr\/wp-json\/wp\/v2\/product_cat?post=5960"},{"taxonomy":"product_tag","embeddable":true,"href":"https:\/\/wimar.net\/fr\/wp-json\/wp\/v2\/product_tag?post=5960"}],"curies":[{"name":"wp","href":"https:\/\/api.w.org\/{rel}","templated":true}]}}