{"id":6895,"date":"2025-10-10T09:49:55","date_gmt":"2025-10-10T07:49:55","guid":{"rendered":"https:\/\/wimar.net\/?post_type=product&#038;p=6895"},"modified":"2025-12-29T11:58:09","modified_gmt":"2025-12-29T10:58:09","slug":"foliopaki-8xl-690x790mm","status":"publish","type":"product","link":"https:\/\/wimar.net\/fr\/produit\/foliopaki-8xl-690x790mm\/","title":{"rendered":"Foliopaki 8XL 690x790mm"},"content":{"rendered":"<h3 data-start=\"0\" data-end=\"80\"><strong data-start=\"0\" data-end=\"78\">Emballages en aluminium<\/strong><\/h3>\n<p data-start=\"139\" data-end=\"478\"><strong data-start=\"0\" data-end=\"24\">Worki kurierskie<\/strong> to wytrzyma\u0142e opakowanie wykonane z mocnej folii polietylenowej (LDPE), s\u0142u\u017c\u0105ce do bezpiecznej wysy\u0142ki r\u00f3\u017cnorodnych przedmiot\u00f3w. Foliopaki sa wyposa\u017cone w samoprzylepny pasek, kt\u00f3ry umo\u017cliwia szybkie i szczelne zamkni\u0119cie, gwarantuj\u0105ce, \u017ce paczka nie zostanie otwarta bez uszkodzenia koperty.<\/p>\n<h3 data-start=\"736\" data-end=\"760\">Caract\u00e9ristiques principales :<\/h3>\n<ul>\n<li><strong data-start=\"386\" data-end=\"414\">Wytrzyma\u0142o\u015b\u0107 i odporno\u015b\u0107<\/strong> \u2013 Wykonane z mocnej, wielowarstwowej folii LDPE, odpornej na rozerwanie, wilgo\u0107 i zabrudzenia.<\/li>\n<li><strong data-start=\"514\" data-end=\"542\">Bezpiecze\u0144stwo przesy\u0142ki<\/strong> \u2013 Foliopaki wyposa\u017cone s\u0105 w trwa\u0142e, samoprzylepne zamkni\u0119cie zabezpieczaj\u0105ce przed otwarciem podczas transportu.<\/li>\n<li><strong data-start=\"660\" data-end=\"671\">Lekko\u015b\u0107<\/strong> \u2013 Minimalna waga opakowania pozwala obni\u017cy\u0107 koszty wysy\u0142ki.<\/li>\n<li><strong data-start=\"736\" data-end=\"760\">Dyskrecja i estetyka<\/strong> \u2013 Nieprzezroczysta folia zapewnia poufno\u015b\u0107 zawarto\u015bci, a g\u0142adka powierzchnia umo\u017cliwia \u0142atwe naklejanie etykiet i oznacze\u0144.<\/li>\n<li><strong data-start=\"889\" data-end=\"921\">Dost\u0119pno\u015b\u0107 r\u00f3\u017cnych rozmiar\u00f3w<\/strong> \u2013 Pozwala dopasowa\u0107 foliopak do ka\u017cdego rodzaju przesy\u0142ki \u2013 od dokument\u00f3w po odzie\u017c czy akcesoria.<\/li>\n<li><strong>Largeur<\/strong> &#8211; 690 mm<\/li>\n<li><strong>Longueur<\/strong> &#8211; 790 mm<\/li>\n<li><strong>Zak\u0142adka<\/strong> &#8211; 5 mm<\/li>\n<\/ul>\n<h3 data-start=\"1141\" data-end=\"1158\">Application :<\/h3>\n<ul>\n<li data-start=\"1161\" data-end=\"1221\">\u00a0<strong data-start=\"1055\" data-end=\"1090\">E-commerce i sklepy internetowe<\/strong> \u2013 Idealne do wysy\u0142ki odzie\u017cy, akcesori\u00f3w, kosmetyk\u00f3w, elektroniki i drobnych produkt\u00f3w.<\/li>\n<li data-start=\"1161\" data-end=\"1221\"><strong data-start=\"1184\" data-end=\"1218\">Firmy kurierskie i logistyczne<\/strong> \u2013 Wygodne rozwi\u0105zanie do szybkiego i bezpiecznego pakowania przesy\u0142ek.<\/li>\n<li data-start=\"1161\" data-end=\"1221\"><strong data-start=\"1295\" data-end=\"1313\">Biura i urz\u0119dy<\/strong> \u2013 Do wysy\u0142ki dokument\u00f3w oraz materia\u0142\u00f3w promocyjnych.<\/li>\n<li data-start=\"1161\" data-end=\"1221\"><strong data-start=\"1373\" data-end=\"1401\">U\u017cytkownicy indywidualni<\/strong> \u2013 Do zabezpieczania paczek wysy\u0142anych poczt\u0105 lub kurierem.<\/li>\n<\/ul>\n<h3 data-start=\"1467\" data-end=\"1507\"><strong data-start=\"1471\" data-end=\"1507\">Dlaczego warto wybra\u0107 foliopaki?<\/strong><\/h3>\n<p data-start=\"1509\" data-end=\"1901\" data-is-last-node=\"\" data-is-only-node=\"\">Foliopaki to niezawodne, lekkie i ekonomiczne opakowania, kt\u00f3re gwarantuj\u0105 bezpiecze\u0144stwo przesy\u0142ki w ka\u017cdych warunkach. Ich odporno\u015b\u0107 na wilgo\u0107 i rozerwania oraz \u0142atwo\u015b\u0107 u\u017cycia sprawiaj\u0105, \u017ce s\u0105 niezb\u0119dnym elementem w codziennej pracy firm wysy\u0142kowych i biur. Dzi\u0119ki swojej uniwersalno\u015bci i solidnemu wykonaniu, foliopaki stanowi\u0105 nowoczesne rozwi\u0105zanie do szybkiego i bezpiecznego pakowania.<\/p>","protected":false},"excerpt":{"rendered":"<p>Foliopaki Worki kurierskie to wytrzyma\u0142e opakowanie wykonane z mocnej folii polietylenowej (LDPE), s\u0142u\u017c\u0105ce do bezpiecznej wysy\u0142ki r\u00f3\u017cnorodnych przedmiot\u00f3w. Foliopaki sa wyposa\u017cone w samoprzylepny pasek, kt\u00f3ry umo\u017cliwia szybkie i szczelne zamkni\u0119cie, gwarantuj\u0105ce, \u017ce paczka nie zostanie otwarta bez uszkodzenia koperty. Najwa\u017cniejsze cechy: Wytrzyma\u0142o\u015b\u0107 i odporno\u015b\u0107 \u2013 Wykonane z mocnej, wielowarstwowej folii LDPE, odpornej na rozerwanie, wilgo\u0107 [&hellip;]<\/p>","protected":false},"featured_media":7479,"template":"","meta":{"site-sidebar-layout":"default","site-content-layout":"","ast-site-content-layout":"default","site-content-style":"default","site-sidebar-style":"default","ast-global-header-display":"","ast-banner-title-visibility":"","ast-main-header-display":"","ast-hfb-above-header-display":"","ast-hfb-below-header-display":"","ast-hfb-mobile-header-display":"","site-post-title":"","ast-breadcrumbs-content":"","ast-featured-img":"","footer-sml-layout":"","theme-transparent-header-meta":"default","adv-header-id-meta":"","stick-header-meta":"default","header-above-stick-meta":"","header-main-stick-meta":"","header-below-stick-meta":"","astra-migrate-meta-layouts":"set","ast-page-background-enabled":"default","ast-page-background-meta":{"desktop":{"background-color":"var(--ast-global-color-4)","background-image":"","background-repeat":"repeat","background-position":"center center","background-size":"auto","background-attachment":"scroll","background-type":"","background-media":"","overlay-type":"","overlay-color":"","overlay-opacity":"","overlay-gradient":""},"tablet":{"background-color":"","background-image":"","background-repeat":"repeat","background-position":"center center","background-size":"auto","background-attachment":"scroll","background-type":"","background-media":"","overlay-type":"","overlay-color":"","overlay-opacity":"","overlay-gradient":""},"mobile":{"background-color":"","background-image":"","background-repeat":"repeat","background-position":"center center","background-size":"auto","background-attachment":"scroll","background-type":"","background-media":"","overlay-type":"","overlay-color":"","overlay-opacity":"","overlay-gradient":""}},"ast-content-background-meta":{"desktop":{"background-color":"var(--ast-global-color-5)","background-image":"","background-repeat":"repeat","background-position":"center center","background-size":"auto","background-attachment":"scroll","background-type":"","background-media":"","overlay-type":"","overlay-color":"","overlay-opacity":"","overlay-gradient":""},"tablet":{"background-color":"var(--ast-global-color-5)","background-image":"","background-repeat":"repeat","background-position":"center center","background-size":"auto","background-attachment":"scroll","background-type":"","background-media":"","overlay-type":"","overlay-color":"","overlay-opacity":"","overlay-gradient":""},"mobile":{"background-color":"var(--ast-global-color-5)","background-image":"","background-repeat":"repeat","background-position":"center center","background-size":"auto","background-attachment":"scroll","background-type":"","background-media":"","overlay-type":"","overlay-color":"","overlay-opacity":"","overlay-gradient":""}}},"product_brand":[],"product_cat":[492],"product_tag":[],"class_list":{"0":"post-6895","1":"product","2":"type-product","3":"status-publish","4":"has-post-thumbnail","6":"product_cat-foliopaki","7":"desktop-align-left","8":"tablet-align-left","9":"mobile-align-left","10":"ast-product-gallery-layout-horizontal","11":"ast-product-tabs-layout-horizontal","13":"first","14":"instock","15":"shipping-taxable","16":"product-type-simple"},"_links":{"self":[{"href":"https:\/\/wimar.net\/fr\/wp-json\/wp\/v2\/product\/6895","targetHints":{"allow":["GET"]}}],"collection":[{"href":"https:\/\/wimar.net\/fr\/wp-json\/wp\/v2\/product"}],"about":[{"href":"https:\/\/wimar.net\/fr\/wp-json\/wp\/v2\/types\/product"}],"version-history":[{"count":2,"href":"https:\/\/wimar.net\/fr\/wp-json\/wp\/v2\/product\/6895\/revisions"}],"predecessor-version":[{"id":7281,"href":"https:\/\/wimar.net\/fr\/wp-json\/wp\/v2\/product\/6895\/revisions\/7281"}],"wp:featuredmedia":[{"embeddable":true,"href":"https:\/\/wimar.net\/fr\/wp-json\/wp\/v2\/media\/7479"}],"wp:attachment":[{"href":"https:\/\/wimar.net\/fr\/wp-json\/wp\/v2\/media?parent=6895"}],"wp:term":[{"taxonomy":"product_brand","embeddable":true,"href":"https:\/\/wimar.net\/fr\/wp-json\/wp\/v2\/product_brand?post=6895"},{"taxonomy":"product_cat","embeddable":true,"href":"https:\/\/wimar.net\/fr\/wp-json\/wp\/v2\/product_cat?post=6895"},{"taxonomy":"product_tag","embeddable":true,"href":"https:\/\/wimar.net\/fr\/wp-json\/wp\/v2\/product_tag?post=6895"}],"curies":[{"name":"wp","href":"https:\/\/api.w.org\/{rel}","templated":true}]}}