{"id":6931,"date":"2025-10-22T09:48:17","date_gmt":"2025-10-22T07:48:17","guid":{"rendered":"https:\/\/wimar.net\/?post_type=product&#038;p=6931"},"modified":"2025-10-22T10:19:52","modified_gmt":"2025-10-22T08:19:52","slug":"brykiet-z-torfu-kokosowego-10x10x3cm-4-litry","status":"publish","type":"product","link":"https:\/\/wimar.net\/fr\/produit\/brykiet-z-torfu-kokosowego-10x10x3cm-4-litry\/","title":{"rendered":"Briquette de tourbe de coco 240g"},"content":{"rendered":"<h3 data-start=\"0\" data-end=\"80\"><strong data-start=\"0\" data-end=\"78\">Briquettes de noix de coco<\/strong><\/h3>\n<p>Les briquettes sont, en 100%, un support de culture naturel et organique qui produit un plus grand volume lorsqu'il est comprim\u00e9. Elles sont sp\u00e9cialement produites pour l'horticulture, les grandes cultures et toutes les cultures horticoles et hydroponiques en tant que m\u00e9lange de rempotage ou d'amendement du sol. Les briquettes sont id\u00e9ales pour les p\u00e9pini\u00e8res de fleurs, de l\u00e9gumes et de fruits et les plantes ornementales, ainsi que pour les autres plantes d'int\u00e9rieur et de jardin.<\/p>\n<h3 data-start=\"736\" data-end=\"760\">Caract\u00e9ristiques principales :<\/h3>\n<ul>\n<li><strong data-start=\"367\" data-end=\"382\">Le naturel<\/strong> - Fabriqu\u00e9 \u00e0 partir de fibres de noix de coco (tourbe), un sous-produit de la transformation de la noix de coco. En 100% biod\u00e9gradable et respectueux de l'environnement.<\/li>\n<li><strong data-start=\"530\" data-end=\"551\">Composition organique<\/strong> - Exempt d'additifs chimiques et de contaminants, il fournit des conditions propres et saines pour la croissance des plantes.<\/li>\n<li><strong data-start=\"659\" data-end=\"682\">Excellente structure<\/strong> - Il maintient un niveau d'humidit\u00e9 optimal tout en assurant une excellente perm\u00e9abilit\u00e9 \u00e0 l'air et l'a\u00e9ration des racines.<\/li>\n<li><strong data-start=\"811\" data-end=\"828\">Polyvalence<\/strong> - Il convient \u00e0 la culture d'une large gamme de plantes, que ce soit en pots, en pleine terre ou en syst\u00e8me hydroponique.<\/li>\n<li><strong data-start=\"946\" data-end=\"959\">Performance<\/strong> - Une fois hydrat\u00e9, il augmente consid\u00e9rablement son volume, ce qui le rend \u00e9conomique et pratique \u00e0 utiliser.<\/li>\n<li><strong>Humidit\u00e9<\/strong> - sous 20%<\/li>\n<li><strong>Valeur du pH<\/strong> &#8211; 5,5 &#8211; 6,5<\/li>\n<li><strong>Compression<\/strong> &#8211; 8:1<\/li>\n<li><strong>Taille<\/strong> &#8211; 10 x 10 x 3 cm<\/li>\n<li><strong>Volume apr\u00e8s gonflement<\/strong> &#8211; 4 litry<\/li>\n<li><strong>Poids<\/strong> &#8211; 240 g<\/li>\n<\/ul>\n<h3 data-start=\"1141\" data-end=\"1158\">Application :<\/h3>\n<ul>\n<li data-start=\"1104\" data-end=\"1546\"><strong data-start=\"1089\" data-end=\"1131\">Culture de plantes en pot et de plantes ornementales<\/strong> - Fournit aux plantes un environnement racinaire stable et a\u00e9r\u00e9.<\/li>\n<li data-start=\"1104\" data-end=\"1546\"><strong data-start=\"1202\" data-end=\"1223\">Production de semences<\/strong> - Id\u00e9al pour les semis de graines et de jeunes plants de l\u00e9gumes et de fleurs.<\/li>\n<li data-start=\"1104\" data-end=\"1546\"><strong data-start=\"1289\" data-end=\"1313\">Culture de l\u00e9gumes et d'herbes aromatiques<\/strong> - Id\u00e9al pour les tomates, les concombres, les poivrons, la laitue ou les herbes.<\/li>\n<li data-start=\"1104\" data-end=\"1546\"><strong data-start=\"1378\" data-end=\"1417\">Syst\u00e8mes hydroponiques et serres<\/strong> - Utilis\u00e9 comme substrat inerte dans les cultures modernes sans sol.<\/li>\n<li data-start=\"1104\" data-end=\"1546\"><strong data-start=\"1492\" data-end=\"1519\">Am\u00e9liorer la structure du sol<\/strong> - Il enrichit le sol en mati\u00e8res organiques, augmente sa capacit\u00e9 de r\u00e9tention d'eau et sa perm\u00e9abilit\u00e9 \u00e0 l'air.<\/li>\n<\/ul>\n<h3 data-start=\"1636\" data-end=\"1693\"><strong data-start=\"1640\" data-end=\"1693\">Pourquoi choisir la briquette de tourbe de coco ?<\/strong><\/h3>\n<p data-start=\"1695\" data-end=\"2074\" data-is-last-node=\"\" data-is-only-node=\"\">La briquette de noix de coco est un substrat \u00e9cologique, naturel et tr\u00e8s efficace qui am\u00e9liore les conditions de croissance des plantes et favorise un d\u00e9veloppement sain. Gr\u00e2ce \u00e0 son excellente r\u00e9tention d'eau et \u00e0 ses racines a\u00e9r\u00e9es, les plantes poussent plus vite et sont plus r\u00e9sistantes au stress. C'est une solution qui allie le respect de l'environnement \u00e0 une culture de qualit\u00e9, id\u00e9ale pour les professionnels et les amateurs de jardinage.<\/p>","protected":false},"excerpt":{"rendered":"<p>Brykiet kokosowy Brykiety to w 100% naturalne, organiczne pod\u0142o\u017ce uprawowe, kt\u00f3re po sprasowaniu daje wi\u0119ksz\u0105 obj\u0119to\u015b\u0107. S\u0105 specjalnie produkowane do ogrodnictwa, upraw polowych oraz wszelkich upraw ogrodniczych i hydroponicznych jako mieszanka doniczkowa lub polepszacz gleby. Brykiety s\u0105 idealne do r\u00f3\u017cnych szk\u00f3\u0142ek kwiat\u00f3w, warzyw i owoc\u00f3w oraz ro\u015blin ozdobnych, a tak\u017ce innych ro\u015blin domowych i ogrodowych. [&hellip;]<\/p>","protected":false},"featured_media":6936,"template":"","meta":{"site-sidebar-layout":"default","site-content-layout":"","ast-site-content-layout":"default","site-content-style":"default","site-sidebar-style":"default","ast-global-header-display":"","ast-banner-title-visibility":"","ast-main-header-display":"","ast-hfb-above-header-display":"","ast-hfb-below-header-display":"","ast-hfb-mobile-header-display":"","site-post-title":"","ast-breadcrumbs-content":"","ast-featured-img":"","footer-sml-layout":"","theme-transparent-header-meta":"default","adv-header-id-meta":"","stick-header-meta":"default","header-above-stick-meta":"","header-main-stick-meta":"","header-below-stick-meta":"","astra-migrate-meta-layouts":"set","ast-page-background-enabled":"default","ast-page-background-meta":{"desktop":{"background-color":"var(--ast-global-color-4)","background-image":"","background-repeat":"repeat","background-position":"center center","background-size":"auto","background-attachment":"scroll","background-type":"","background-media":"","overlay-type":"","overlay-color":"","overlay-opacity":"","overlay-gradient":""},"tablet":{"background-color":"","background-image":"","background-repeat":"repeat","background-position":"center center","background-size":"auto","background-attachment":"scroll","background-type":"","background-media":"","overlay-type":"","overlay-color":"","overlay-opacity":"","overlay-gradient":""},"mobile":{"background-color":"","background-image":"","background-repeat":"repeat","background-position":"center center","background-size":"auto","background-attachment":"scroll","background-type":"","background-media":"","overlay-type":"","overlay-color":"","overlay-opacity":"","overlay-gradient":""}},"ast-content-background-meta":{"desktop":{"background-color":"var(--ast-global-color-5)","background-image":"","background-repeat":"repeat","background-position":"center center","background-size":"auto","background-attachment":"scroll","background-type":"","background-media":"","overlay-type":"","overlay-color":"","overlay-opacity":"","overlay-gradient":""},"tablet":{"background-color":"var(--ast-global-color-5)","background-image":"","background-repeat":"repeat","background-position":"center center","background-size":"auto","background-attachment":"scroll","background-type":"","background-media":"","overlay-type":"","overlay-color":"","overlay-opacity":"","overlay-gradient":""},"mobile":{"background-color":"var(--ast-global-color-5)","background-image":"","background-repeat":"repeat","background-position":"center center","background-size":"auto","background-attachment":"scroll","background-type":"","background-media":"","overlay-type":"","overlay-color":"","overlay-opacity":"","overlay-gradient":""}}},"product_brand":[],"product_cat":[495],"product_tag":[],"class_list":{"0":"post-6931","1":"product","2":"type-product","3":"status-publish","4":"has-post-thumbnail","6":"product_cat-brykiet-kokosowy","7":"desktop-align-left","8":"tablet-align-left","9":"mobile-align-left","10":"ast-product-gallery-layout-horizontal","11":"ast-product-tabs-layout-horizontal","13":"first","14":"instock","15":"shipping-taxable","16":"product-type-simple"},"_links":{"self":[{"href":"https:\/\/wimar.net\/fr\/wp-json\/wp\/v2\/product\/6931","targetHints":{"allow":["GET"]}}],"collection":[{"href":"https:\/\/wimar.net\/fr\/wp-json\/wp\/v2\/product"}],"about":[{"href":"https:\/\/wimar.net\/fr\/wp-json\/wp\/v2\/types\/product"}],"version-history":[{"count":2,"href":"https:\/\/wimar.net\/fr\/wp-json\/wp\/v2\/product\/6931\/revisions"}],"predecessor-version":[{"id":6940,"href":"https:\/\/wimar.net\/fr\/wp-json\/wp\/v2\/product\/6931\/revisions\/6940"}],"wp:featuredmedia":[{"embeddable":true,"href":"https:\/\/wimar.net\/fr\/wp-json\/wp\/v2\/media\/6936"}],"wp:attachment":[{"href":"https:\/\/wimar.net\/fr\/wp-json\/wp\/v2\/media?parent=6931"}],"wp:term":[{"taxonomy":"product_brand","embeddable":true,"href":"https:\/\/wimar.net\/fr\/wp-json\/wp\/v2\/product_brand?post=6931"},{"taxonomy":"product_cat","embeddable":true,"href":"https:\/\/wimar.net\/fr\/wp-json\/wp\/v2\/product_cat?post=6931"},{"taxonomy":"product_tag","embeddable":true,"href":"https:\/\/wimar.net\/fr\/wp-json\/wp\/v2\/product_tag?post=6931"}],"curies":[{"name":"wp","href":"https:\/\/api.w.org\/{rel}","templated":true}]}}