{"id":7033,"date":"2025-10-27T12:37:49","date_gmt":"2025-10-27T11:37:49","guid":{"rendered":"https:\/\/wimar.net\/?post_type=product&#038;p=7033"},"modified":"2025-10-27T12:38:50","modified_gmt":"2025-10-27T11:38:50","slug":"tunele-do-terrarium-z-wlokna-kokosowego-40cm","status":"publish","type":"product","link":"https:\/\/wimar.net\/fr\/produit\/tunele-do-terrarium-z-wlokna-kokosowego-40cm\/","title":{"rendered":"Tunele do terrarium z w\u0142\u00f3kna kokosowego 40cm"},"content":{"rendered":"<h3 data-start=\"0\" data-end=\"80\"><strong data-start=\"0\" data-end=\"78\">Tunnels de coco<\/strong><\/h3>\n<p>Tunel zosta\u0142 wykonany z naturalnego w\u0142\u00f3kna kokosowego dodatkiem naturalnego kauczuku. Kolor i tekstura zosta\u0142y tak dobrane by pasowa\u0142y do terrari\u00f3w suchych, jak i wilgotnych. Tworzywo wykonania ma bardzo dobre w\u0142a\u015bciwo\u015bci absorpcyjne &#8211; ch\u0142onie wod\u0119 oraz stopniowo uwalnia wilgo\u0107, co pozwoli utrzyma\u0107 odpowiedni mikroklimat.<\/p>\n<h3 data-start=\"736\" data-end=\"760\">Caract\u00e9ristiques principales :<\/h3>\n<ul>\n<li><strong data-start=\"389\" data-end=\"404\">Le naturel<\/strong> \u2013 Wykonane z w 100% naturalnego w\u0142\u00f3kna kokosowego, pozyskiwanego z \u0142upin orzecha kokosowego.<\/li>\n<li><strong data-start=\"502\" data-end=\"535\">Ekologiczne i biodegradowalne<\/strong> \u2013 Produkt przyjazny \u015brodowisku, w pe\u0142ni rozk\u0142adalny i bezpieczny dla zwierz\u0105t.<\/li>\n<li><strong data-start=\"619\" data-end=\"649\">Perm\u00e9abilit\u00e9 \u00e0 l'air<\/strong> \u2013 W\u0142\u00f3kno kokosowe umo\u017cliwia cyrkulacj\u0119 powietrza i pomaga w utrzymaniu odpowiedniego mikroklimatu w terrarium.<\/li>\n<li><strong data-start=\"765\" data-end=\"777\">Trwa\u0142o\u015b\u0107<\/strong> \u2013 Odporne na wilgo\u0107 i ple\u015b\u0144, zachowuj\u0105 swoj\u0105 form\u0119 przez d\u0142ugi czas, nawet w wilgotnym \u015brodowisku.<\/li>\n<li><strong data-start=\"881\" data-end=\"910\">Bezpieczne i funkcjonalne<\/strong> \u2013 Nie zawieraj\u0105 sztucznych dodatk\u00f3w ani ostrych kraw\u0119dzi, dzi\u0119ki czemu s\u0105 bezpieczne dla gad\u00f3w, p\u0142az\u00f3w i bezkr\u0119gowc\u00f3w.<\/li>\n<li><strong>Longueur<\/strong> &#8211; 40 cm<\/li>\n<li><strong>\u015arednica<\/strong> &#8211; 8 cm<\/li>\n<\/ul>\n<h3 data-start=\"1141\" data-end=\"1158\">Application :<\/h3>\n<ul>\n<li data-start=\"1104\" data-end=\"1546\"><strong data-start=\"1064\" data-end=\"1095\">Kryj\u00f3wki dla gad\u00f3w i p\u0142az\u00f3w<\/strong> \u2013 Idealne dla jaszczurek, w\u0119\u017cy, \u017cab czy gekon\u00f3w, kt\u00f3re potrzebuj\u0105 schronienia i poczucia bezpiecze\u0144stwa.<\/li>\n<li data-start=\"1104\" data-end=\"1546\"><strong data-start=\"1206\" data-end=\"1236\">Element wystroju terrarium<\/strong> \u2013 Nadaj\u0105 naturalny, tropikalny charakter wn\u0119trzu zbiornika, tworz\u0105c atrakcyjne \u015brodowisko wizualne.<\/li>\n<li data-start=\"1104\" data-end=\"1546\"><strong data-start=\"1342\" data-end=\"1373\">\u015arodowisko dla bezkr\u0119gowc\u00f3w<\/strong> \u2013 Doskona\u0142e dla paj\u0105k\u00f3w, skorpion\u00f3w czy \u015blimak\u00f3w, kt\u00f3re ceni\u0105 sobie naturalne i wilgotne otoczenie.<\/li>\n<li data-start=\"1104\" data-end=\"1546\"><strong data-start=\"1479\" data-end=\"1514\">Pomoc w utrzymaniu mikroklimatu<\/strong> \u2013 W\u0142\u00f3kno kokosowe wspiera utrzymanie wilgotno\u015bci i sprzyja zdrowiu zwierz\u0105t.<\/li>\n<\/ul>\n<h3 data-start=\"1600\" data-end=\"1657\"><strong data-start=\"1604\" data-end=\"1657\">Dlaczego warto wybra\u0107 tunele z w\u0142\u00f3kna kokosowego?<\/strong><\/h3>\n<p data-start=\"1659\" data-end=\"2022\" data-is-last-node=\"\" data-is-only-node=\"\">Tunele kokosowe to po\u0142\u0105czenie naturalnego wygl\u0105du, trwa\u0142o\u015bci i bezpiecze\u0144stwa. Wykonane z surowc\u00f3w odnawialnych, stanowi\u0105 ekologiczne rozwi\u0105zanie, kt\u00f3re pomaga stworzy\u0107 naturalne, przyjazne i zdrowe \u015brodowisko dla zwierz\u0105t terraryjnych. Dzi\u0119ki swojej estetyce i funkcjonalno\u015bci s\u0105 nie tylko praktycznym elementem wyposa\u017cenia, ale r\u00f3wnie\u017c ozdob\u0105 ka\u017cdego terrarium.<\/p>","protected":false},"excerpt":{"rendered":"<p>Tunele z w\u0142\u00f3kna kokosowego Tunel zosta\u0142 wykonany z naturalnego w\u0142\u00f3kna kokosowego dodatkiem naturalnego kauczuku. Kolor i tekstura zosta\u0142y tak dobrane by pasowa\u0142y do terrari\u00f3w suchych, jak i wilgotnych. Tworzywo wykonania ma bardzo dobre w\u0142a\u015bciwo\u015bci absorpcyjne &#8211; ch\u0142onie wod\u0119 oraz stopniowo uwalnia wilgo\u0107, co pozwoli utrzyma\u0107 odpowiedni mikroklimat. Najwa\u017cniejsze cechy: Naturalno\u015b\u0107 \u2013 Wykonane z w 100% [&hellip;]<\/p>","protected":false},"featured_media":7034,"template":"","meta":{"site-sidebar-layout":"default","site-content-layout":"","ast-site-content-layout":"default","site-content-style":"default","site-sidebar-style":"default","ast-global-header-display":"","ast-banner-title-visibility":"","ast-main-header-display":"","ast-hfb-above-header-display":"","ast-hfb-below-header-display":"","ast-hfb-mobile-header-display":"","site-post-title":"","ast-breadcrumbs-content":"","ast-featured-img":"","footer-sml-layout":"","theme-transparent-header-meta":"default","adv-header-id-meta":"","stick-header-meta":"default","header-above-stick-meta":"","header-main-stick-meta":"","header-below-stick-meta":"","astra-migrate-meta-layouts":"set","ast-page-background-enabled":"default","ast-page-background-meta":{"desktop":{"background-color":"var(--ast-global-color-4)","background-image":"","background-repeat":"repeat","background-position":"center center","background-size":"auto","background-attachment":"scroll","background-type":"","background-media":"","overlay-type":"","overlay-color":"","overlay-opacity":"","overlay-gradient":""},"tablet":{"background-color":"","background-image":"","background-repeat":"repeat","background-position":"center center","background-size":"auto","background-attachment":"scroll","background-type":"","background-media":"","overlay-type":"","overlay-color":"","overlay-opacity":"","overlay-gradient":""},"mobile":{"background-color":"","background-image":"","background-repeat":"repeat","background-position":"center center","background-size":"auto","background-attachment":"scroll","background-type":"","background-media":"","overlay-type":"","overlay-color":"","overlay-opacity":"","overlay-gradient":""}},"ast-content-background-meta":{"desktop":{"background-color":"var(--ast-global-color-5)","background-image":"","background-repeat":"repeat","background-position":"center center","background-size":"auto","background-attachment":"scroll","background-type":"","background-media":"","overlay-type":"","overlay-color":"","overlay-opacity":"","overlay-gradient":""},"tablet":{"background-color":"var(--ast-global-color-5)","background-image":"","background-repeat":"repeat","background-position":"center center","background-size":"auto","background-attachment":"scroll","background-type":"","background-media":"","overlay-type":"","overlay-color":"","overlay-opacity":"","overlay-gradient":""},"mobile":{"background-color":"var(--ast-global-color-5)","background-image":"","background-repeat":"repeat","background-position":"center center","background-size":"auto","background-attachment":"scroll","background-type":"","background-media":"","overlay-type":"","overlay-color":"","overlay-opacity":"","overlay-gradient":""}}},"product_brand":[],"product_cat":[500],"product_tag":[],"class_list":{"0":"post-7033","1":"product","2":"type-product","3":"status-publish","4":"has-post-thumbnail","6":"product_cat-tunele-z-wlokna-kokosowego","7":"desktop-align-left","8":"tablet-align-left","9":"mobile-align-left","10":"ast-product-gallery-layout-horizontal","11":"ast-product-tabs-layout-horizontal","13":"first","14":"instock","15":"shipping-taxable","16":"product-type-simple"},"_links":{"self":[{"href":"https:\/\/wimar.net\/fr\/wp-json\/wp\/v2\/product\/7033","targetHints":{"allow":["GET"]}}],"collection":[{"href":"https:\/\/wimar.net\/fr\/wp-json\/wp\/v2\/product"}],"about":[{"href":"https:\/\/wimar.net\/fr\/wp-json\/wp\/v2\/types\/product"}],"version-history":[{"count":1,"href":"https:\/\/wimar.net\/fr\/wp-json\/wp\/v2\/product\/7033\/revisions"}],"predecessor-version":[{"id":7036,"href":"https:\/\/wimar.net\/fr\/wp-json\/wp\/v2\/product\/7033\/revisions\/7036"}],"wp:featuredmedia":[{"embeddable":true,"href":"https:\/\/wimar.net\/fr\/wp-json\/wp\/v2\/media\/7034"}],"wp:attachment":[{"href":"https:\/\/wimar.net\/fr\/wp-json\/wp\/v2\/media?parent=7033"}],"wp:term":[{"taxonomy":"product_brand","embeddable":true,"href":"https:\/\/wimar.net\/fr\/wp-json\/wp\/v2\/product_brand?post=7033"},{"taxonomy":"product_cat","embeddable":true,"href":"https:\/\/wimar.net\/fr\/wp-json\/wp\/v2\/product_cat?post=7033"},{"taxonomy":"product_tag","embeddable":true,"href":"https:\/\/wimar.net\/fr\/wp-json\/wp\/v2\/product_tag?post=7033"}],"curies":[{"name":"wp","href":"https:\/\/api.w.org\/{rel}","templated":true}]}}