{"id":3922,"date":"2025-02-10T10:37:04","date_gmt":"2025-02-10T09:37:04","guid":{"rendered":"https:\/\/wimar.net\/?post_type=product&#038;p=3922"},"modified":"2025-03-21T14:25:25","modified_gmt":"2025-03-21T13:25:25","slug":"juta-szkolkarska-tkanina-jutowa-na-rolce-naturalna-120x100cm-105g","status":"publish","type":"product","link":"https:\/\/wimar.net\/it\/product-2\/juta-szkolkarska-tkanina-jutowa-na-rolce-naturalna-120x100cm-105g\/","title":{"rendered":"Juta szk\u00f3\u0142karska (tkanina jutowa) na rolce naturalna 120x100cm 105g"},"content":{"rendered":"<p><strong>Juta szk\u00f3\u0142karska \u2013 naturalna i ekologiczna<\/strong><\/p>\n<p>Tkanina jutowa to w 100% naturalny biodegradowalny materia\u0142, kt\u00f3ry cechuje si\u0119 wysok\u0105 przepuszczalno\u015bci\u0105 powietrza i ekologicznym charakterem. Dzi\u0119ki swojej strukturze jest lekka, biodegradowalna i wszechstronna w zastosowaniu.<\/p>\n<h3><strong>Caratteristiche principali:<\/strong><\/h3>\n<ul>\n<li><strong>Naturalno\u015b\u0107<\/strong> \u2013 Wykonana z biodegradowalnej i odnawialnej juty, pochodz\u0105cej z w\u0142\u00f3kien ro\u015blinnych.<\/li>\n<li><strong>Ekologiczne rozwi\u0105zanie<\/strong> \u2013 Przyjazna dla \u015brodowiska.<\/li>\n<li><strong>Przepuszczalno\u015b\u0107 powietrza<\/strong> \u2013 Pozwala produktom oddycha\u0107, co zapobiega zawilgoceniu.<\/li>\n<li><strong>Lekko\u015b\u0107 i elastyczno\u015b\u0107<\/strong> \u2013 Gramatura 105 g\/m\u00b2 zapewnia \u0142atwe dopasowanie do r\u00f3\u017cnych zastosowa\u0144.<\/li>\n<li><strong>Uniwersalno\u015b\u0107<\/strong> \u2013 Mo\u017ce by\u0107 wykorzystywana w domu, ogrodzie, rolnictwie i dekoracji.<\/li>\n<li><strong>Rozmiar &#8211;<\/strong> 120&#215;100 cm<\/li>\n<\/ul>\n<h3><strong>Applicazione:<\/strong><\/h3>\n<ul>\n<li><strong>Pakowanie i ochrona<\/strong> \u2013 Idealna do owijania delikatnych przedmiot\u00f3w, zabezpieczania ro\u015blin.<\/li>\n<li><strong>Dekoracja<\/strong> \u2013 \u015awietna na rustykalne dekoracje, ozdoby na targach i w sklepach ekologicznych.<\/li>\n<li><strong>Rolnictwo i ogrodnictwo<\/strong> \u2013 Mo\u017cna u\u017cywa\u0107 jako os\u0142on\u0119 dla ro\u015blin zimuj\u0105cych, do wy\u015bcie\u0142ania koszy na plony lub do zabezpieczania bry\u0142y korzeniowej przesadzanych ro\u015blin.<\/li>\n<\/ul>\n<p>Tkanina jutowa w rolce o wymiarach <strong>120&#215;100 cm<\/strong> i gramaturze <strong>105 g\/m\u00b2<\/strong> to idealny wyb\u00f3r dla os\u00f3b poszukuj\u0105cych lekkiego, naturalnego i ekologicznego materia\u0142u o szerokim spektrum zastosowa\u0144<\/p>","protected":false},"excerpt":{"rendered":"<p>Juta szk\u00f3\u0142karska \u2013 naturalna i ekologiczna Tkanina jutowa to w 100% naturalny biodegradowalny materia\u0142, kt\u00f3ry cechuje si\u0119 wysok\u0105 przepuszczalno\u015bci\u0105 powietrza i ekologicznym charakterem. Dzi\u0119ki swojej strukturze jest lekka, biodegradowalna i wszechstronna w zastosowaniu. Najwa\u017cniejsze cechy: Naturalno\u015b\u0107 \u2013 Wykonana z biodegradowalnej i odnawialnej juty, pochodz\u0105cej z w\u0142\u00f3kien ro\u015blinnych. Ekologiczne rozwi\u0105zanie \u2013 Przyjazna dla \u015brodowiska. Przepuszczalno\u015b\u0107 powietrza [&hellip;]<\/p>","protected":false},"featured_media":3913,"template":"","meta":{"site-sidebar-layout":"default","site-content-layout":"","ast-site-content-layout":"default","site-content-style":"default","site-sidebar-style":"default","ast-global-header-display":"","ast-banner-title-visibility":"","ast-main-header-display":"","ast-hfb-above-header-display":"","ast-hfb-below-header-display":"","ast-hfb-mobile-header-display":"","site-post-title":"","ast-breadcrumbs-content":"","ast-featured-img":"","footer-sml-layout":"","theme-transparent-header-meta":"default","adv-header-id-meta":"","stick-header-meta":"default","header-above-stick-meta":"","header-main-stick-meta":"","header-below-stick-meta":"","astra-migrate-meta-layouts":"set","ast-page-background-enabled":"default","ast-page-background-meta":{"desktop":{"background-color":"var(--ast-global-color-4)","background-image":"","background-repeat":"repeat","background-position":"center center","background-size":"auto","background-attachment":"scroll","background-type":"","background-media":"","overlay-type":"","overlay-color":"","overlay-opacity":"","overlay-gradient":""},"tablet":{"background-color":"","background-image":"","background-repeat":"repeat","background-position":"center center","background-size":"auto","background-attachment":"scroll","background-type":"","background-media":"","overlay-type":"","overlay-color":"","overlay-opacity":"","overlay-gradient":""},"mobile":{"background-color":"","background-image":"","background-repeat":"repeat","background-position":"center center","background-size":"auto","background-attachment":"scroll","background-type":"","background-media":"","overlay-type":"","overlay-color":"","overlay-opacity":"","overlay-gradient":""}},"ast-content-background-meta":{"desktop":{"background-color":"var(--ast-global-color-5)","background-image":"","background-repeat":"repeat","background-position":"center center","background-size":"auto","background-attachment":"scroll","background-type":"","background-media":"","overlay-type":"","overlay-color":"","overlay-opacity":"","overlay-gradient":""},"tablet":{"background-color":"var(--ast-global-color-5)","background-image":"","background-repeat":"repeat","background-position":"center center","background-size":"auto","background-attachment":"scroll","background-type":"","background-media":"","overlay-type":"","overlay-color":"","overlay-opacity":"","overlay-gradient":""},"mobile":{"background-color":"var(--ast-global-color-5)","background-image":"","background-repeat":"repeat","background-position":"center center","background-size":"auto","background-attachment":"scroll","background-type":"","background-media":"","overlay-type":"","overlay-color":"","overlay-opacity":"","overlay-gradient":""}}},"product_brand":[],"product_cat":[241,206],"product_tag":[],"class_list":{"0":"post-3922","1":"product","2":"type-product","3":"status-publish","4":"has-post-thumbnail","6":"product_cat-tkaniny-jutowe","7":"product_cat-120x100m","8":"desktop-align-left","9":"tablet-align-left","10":"mobile-align-left","11":"ast-product-gallery-layout-horizontal","12":"ast-product-tabs-layout-horizontal","14":"first","15":"instock","16":"shipping-taxable","17":"product-type-simple"},"_links":{"self":[{"href":"https:\/\/wimar.net\/it\/wp-json\/wp\/v2\/product\/3922","targetHints":{"allow":["GET"]}}],"collection":[{"href":"https:\/\/wimar.net\/it\/wp-json\/wp\/v2\/product"}],"about":[{"href":"https:\/\/wimar.net\/it\/wp-json\/wp\/v2\/types\/product"}],"version-history":[{"count":3,"href":"https:\/\/wimar.net\/it\/wp-json\/wp\/v2\/product\/3922\/revisions"}],"predecessor-version":[{"id":7437,"href":"https:\/\/wimar.net\/it\/wp-json\/wp\/v2\/product\/3922\/revisions\/7437"}],"wp:featuredmedia":[{"embeddable":true,"href":"https:\/\/wimar.net\/it\/wp-json\/wp\/v2\/media\/3913"}],"wp:attachment":[{"href":"https:\/\/wimar.net\/it\/wp-json\/wp\/v2\/media?parent=3922"}],"wp:term":[{"taxonomy":"product_brand","embeddable":true,"href":"https:\/\/wimar.net\/it\/wp-json\/wp\/v2\/product_brand?post=3922"},{"taxonomy":"product_cat","embeddable":true,"href":"https:\/\/wimar.net\/it\/wp-json\/wp\/v2\/product_cat?post=3922"},{"taxonomy":"product_tag","embeddable":true,"href":"https:\/\/wimar.net\/it\/wp-json\/wp\/v2\/product_tag?post=3922"}],"curies":[{"name":"wp","href":"https:\/\/api.w.org\/{rel}","templated":true}]}}