{"id":4949,"date":"2025-03-05T14:37:01","date_gmt":"2025-03-05T13:37:01","guid":{"rendered":"https:\/\/wimar.net\/?post_type=product&#038;p=4949"},"modified":"2025-03-05T14:40:25","modified_gmt":"2025-03-05T13:40:25","slug":"folia-wierzchnia-do-skrzynki-drewnianej-luszczki-transparentna","status":"publish","type":"product","link":"https:\/\/wimar.net\/it\/product-2\/folia-wierzchnia-do-skrzynki-drewnianej-luszczki-transparentna\/","title":{"rendered":"Folia wierzchnia do skrzynki drewnianej, \u0142uszczki transparentna"},"content":{"rendered":"<h3 data-start=\"0\" data-end=\"72\"><strong data-start=\"0\" data-end=\"70\">Folia wierzchnia do skrzynek i \u0142uszczek<\/strong><\/h3>\n<p data-start=\"74\" data-end=\"376\">Folia wierzchnia do szynek i \u0142uszczek to wysokiej jako\u015bci materia\u0142, kt\u00f3ry zapewnia doskona\u0142\u0105 ochron\u0119 oraz estetyczny wygl\u0105d gotowych wyrob\u00f3w. Dzi\u0119ki swoim w\u0142a\u015bciwo\u015bciom chroni produkt przed wysychaniem i niekorzystnym wp\u0142ywem czynnik\u00f3w zewn\u0119trznych, jednocze\u015bnie umo\u017cliwiaj\u0105c jego prawid\u0142owe dojrzewanie.<\/p>\n<h3 data-start=\"378\" data-end=\"408\"><strong data-start=\"382\" data-end=\"406\">Caratteristiche principali:<\/strong><\/h3>\n<ul>\n<li data-start=\"410\" data-end=\"1103\"><strong data-start=\"412\" data-end=\"434\">Ochrona i trwa\u0142o\u015b\u0107<\/strong> \u2013 Folia skutecznie zabezpiecza owoce, warzywa oraz inne produkty przed niekorzystnym wp\u0142ywem czynnik\u00f3w zewn\u0119trznych.<\/li>\n<li data-start=\"410\" data-end=\"1103\"><strong data-start=\"556\" data-end=\"586\">Przepuszczalno\u015b\u0107 powietrza<\/strong> \u2013 Specjalna struktura folii pozwala na swobodny przep\u0142yw powietrza, co zapobiega gromadzeniu si\u0119 wilgoci i wyd\u0142u\u017ca \u015bwie\u017co\u015b\u0107 przechowywanych produkt\u00f3w.<\/li>\n<li data-start=\"410\" data-end=\"1103\"><strong data-start=\"742\" data-end=\"769\">Ekologiczne rozwi\u0105zanie<\/strong> \u2013 Dost\u0119pne opcje folii wykonane z materia\u0142\u00f3w nadaj\u0105cych si\u0119 do recyklingu wspieraj\u0105 zr\u00f3wnowa\u017cone zarz\u0105dzanie odpadami.<\/li>\n<li data-start=\"410\" data-end=\"1103\"><b>Lunghezza <\/b>&#8211; 56 cm<\/li>\n<li data-start=\"410\" data-end=\"1103\"><strong>Larghezza<\/strong> &#8211; 36 cm<\/li>\n<li data-start=\"410\" data-end=\"1103\"><strong>Grubo\u015b\u0107<\/strong> &#8211; 45 mikron\u00f3w<\/li>\n<\/ul>\n<h3 data-start=\"1105\" data-end=\"1128\"><strong data-start=\"1109\" data-end=\"1126\">Applicazione:<\/strong><\/h3>\n<ul>\n<li data-start=\"1130\" data-end=\"1666\"><strong data-start=\"1133\" data-end=\"1162\">Transport i magazynowanie<\/strong> \u2013 Ochrona owoc\u00f3w, warzyw, grzyb\u00f3w oraz innych produkt\u00f3w spo\u017cywczych podczas przewozu i sk\u0142adowania.<\/li>\n<li data-start=\"1130\" data-end=\"1666\"><strong data-start=\"1268\" data-end=\"1316\">Zabezpieczenie przed wilgoci\u0105 i zabrudzeniem<\/strong> \u2013 Idealna do ochrony wra\u017cliwych produkt\u00f3w w magazynach i punktach sprzeda\u017cy.<\/li>\n<li data-start=\"1130\" data-end=\"1666\"><strong data-start=\"1399\" data-end=\"1429\">Wspomaganie przechowywania<\/strong> \u2013 Folia przed\u0142u\u017ca \u015bwie\u017co\u015b\u0107 towaru, minimalizuj\u0105c straty zwi\u0105zane z niekorzystnymi warunkami przechowywania.<\/li>\n<\/ul>\n<h3 data-start=\"1668\" data-end=\"1717\"><strong data-start=\"1672\" data-end=\"1715\">Dlaczego warto wybra\u0107 foli\u0119 wierzchni\u0105?<\/strong><\/h3>\n<p data-start=\"1719\" data-end=\"2046\" data-is-last-node=\"\" data-is-only-node=\"\">Folia wierzchnia do skrzynek i \u0142uszczek to praktyczne, ekonomiczne i ekologiczne rozwi\u0105zanie, kt\u00f3re u\u0142atwia transport, przechowywanie oraz zabezpieczanie produkt\u00f3w. Dzi\u0119ki jej w\u0142a\u015bciwo\u015bciom mo\u017cna skutecznie chroni\u0107 towar przed zanieczyszczeniami i czynnikami atmosferycznymi, jednocze\u015bnie zapewniaj\u0105c mu odpowiedni\u0105 wentylacj\u0119.<\/p>","protected":false},"excerpt":{"rendered":"<p>Folia wierzchnia do skrzynek i \u0142uszczek Folia wierzchnia do szynek i \u0142uszczek to wysokiej jako\u015bci materia\u0142, kt\u00f3ry zapewnia doskona\u0142\u0105 ochron\u0119 oraz estetyczny wygl\u0105d gotowych wyrob\u00f3w. Dzi\u0119ki swoim w\u0142a\u015bciwo\u015bciom chroni produkt przed wysychaniem i niekorzystnym wp\u0142ywem czynnik\u00f3w zewn\u0119trznych, jednocze\u015bnie umo\u017cliwiaj\u0105c jego prawid\u0142owe dojrzewanie. Najwa\u017cniejsze cechy: Ochrona i trwa\u0142o\u015b\u0107 \u2013 Folia skutecznie zabezpiecza owoce, warzywa oraz inne [&hellip;]<\/p>","protected":false},"featured_media":4951,"template":"","meta":{"site-sidebar-layout":"default","site-content-layout":"","ast-site-content-layout":"default","site-content-style":"default","site-sidebar-style":"default","ast-global-header-display":"","ast-banner-title-visibility":"","ast-main-header-display":"","ast-hfb-above-header-display":"","ast-hfb-below-header-display":"","ast-hfb-mobile-header-display":"","site-post-title":"","ast-breadcrumbs-content":"","ast-featured-img":"","footer-sml-layout":"","theme-transparent-header-meta":"default","adv-header-id-meta":"","stick-header-meta":"default","header-above-stick-meta":"","header-main-stick-meta":"","header-below-stick-meta":"","astra-migrate-meta-layouts":"set","ast-page-background-enabled":"default","ast-page-background-meta":{"desktop":{"background-color":"var(--ast-global-color-4)","background-image":"","background-repeat":"repeat","background-position":"center center","background-size":"auto","background-attachment":"scroll","background-type":"","background-media":"","overlay-type":"","overlay-color":"","overlay-opacity":"","overlay-gradient":""},"tablet":{"background-color":"","background-image":"","background-repeat":"repeat","background-position":"center center","background-size":"auto","background-attachment":"scroll","background-type":"","background-media":"","overlay-type":"","overlay-color":"","overlay-opacity":"","overlay-gradient":""},"mobile":{"background-color":"","background-image":"","background-repeat":"repeat","background-position":"center center","background-size":"auto","background-attachment":"scroll","background-type":"","background-media":"","overlay-type":"","overlay-color":"","overlay-opacity":"","overlay-gradient":""}},"ast-content-background-meta":{"desktop":{"background-color":"var(--ast-global-color-5)","background-image":"","background-repeat":"repeat","background-position":"center center","background-size":"auto","background-attachment":"scroll","background-type":"","background-media":"","overlay-type":"","overlay-color":"","overlay-opacity":"","overlay-gradient":""},"tablet":{"background-color":"var(--ast-global-color-5)","background-image":"","background-repeat":"repeat","background-position":"center center","background-size":"auto","background-attachment":"scroll","background-type":"","background-media":"","overlay-type":"","overlay-color":"","overlay-opacity":"","overlay-gradient":""},"mobile":{"background-color":"var(--ast-global-color-5)","background-image":"","background-repeat":"repeat","background-position":"center center","background-size":"auto","background-attachment":"scroll","background-type":"","background-media":"","overlay-type":"","overlay-color":"","overlay-opacity":"","overlay-gradient":""}}},"product_brand":[],"product_cat":[408],"product_tag":[],"class_list":{"0":"post-4949","1":"product","2":"type-product","3":"status-publish","4":"has-post-thumbnail","6":"product_cat-folia-wierzchnia-transparentna-45-mikronow","7":"desktop-align-left","8":"tablet-align-left","9":"mobile-align-left","10":"ast-product-gallery-layout-horizontal","11":"ast-product-tabs-layout-horizontal","13":"first","14":"instock","15":"shipping-taxable","16":"product-type-simple"},"_links":{"self":[{"href":"https:\/\/wimar.net\/it\/wp-json\/wp\/v2\/product\/4949","targetHints":{"allow":["GET"]}}],"collection":[{"href":"https:\/\/wimar.net\/it\/wp-json\/wp\/v2\/product"}],"about":[{"href":"https:\/\/wimar.net\/it\/wp-json\/wp\/v2\/types\/product"}],"version-history":[{"count":2,"href":"https:\/\/wimar.net\/it\/wp-json\/wp\/v2\/product\/4949\/revisions"}],"predecessor-version":[{"id":7351,"href":"https:\/\/wimar.net\/it\/wp-json\/wp\/v2\/product\/4949\/revisions\/7351"}],"wp:featuredmedia":[{"embeddable":true,"href":"https:\/\/wimar.net\/it\/wp-json\/wp\/v2\/media\/4951"}],"wp:attachment":[{"href":"https:\/\/wimar.net\/it\/wp-json\/wp\/v2\/media?parent=4949"}],"wp:term":[{"taxonomy":"product_brand","embeddable":true,"href":"https:\/\/wimar.net\/it\/wp-json\/wp\/v2\/product_brand?post=4949"},{"taxonomy":"product_cat","embeddable":true,"href":"https:\/\/wimar.net\/it\/wp-json\/wp\/v2\/product_cat?post=4949"},{"taxonomy":"product_tag","embeddable":true,"href":"https:\/\/wimar.net\/it\/wp-json\/wp\/v2\/product_tag?post=4949"}],"curies":[{"name":"wp","href":"https:\/\/api.w.org\/{rel}","templated":true}]}}