{"id":5210,"date":"2025-03-13T13:58:44","date_gmt":"2025-03-13T12:58:44","guid":{"rendered":"https:\/\/wimar.net\/?post_type=product&#038;p=5210"},"modified":"2025-03-25T11:57:47","modified_gmt":"2025-03-25T10:57:47","slug":"worek-raszlowy-na-roli-46x65cm-na-ziemniaki-owoce-i-do-warzyw-czerwony","status":"publish","type":"product","link":"https:\/\/wimar.net\/it\/product-2\/worek-raszlowy-na-roli-46x65cm-na-ziemniaki-owoce-i-do-warzyw-czerwony\/","title":{"rendered":"Worek raszlowy na roli 46x65cm na warzywa &#8211; czerwony"},"content":{"rendered":"<h3 data-start=\"0\" data-end=\"78\"><strong data-start=\"0\" data-end=\"76\">Worek raszlowy na roli 46&#215;65 cm\u00a0<\/strong><\/h3>\n<p data-start=\"0\" data-end=\"78\">Worki raszlowe wykonane s\u0105 z wytrzyma\u0142ej, przewiewnej siatki polipropylenowej, co zapewnia odpowiedni\u0105 cyrkulacj\u0119 powietrza i chroni produkty przed wilgoci\u0105 oraz ple\u015bni\u0105. Dzi\u0119ki temu doskonale sprawdzaj\u0105 si\u0119 do przechowywania i transportu warzyw, takich jak ziemniaki, cebula, marchew.<\/p>\n<h3 data-start=\"413\" data-end=\"916\"><strong data-start=\"413\" data-end=\"437\">Caratteristiche principali:<\/strong><\/h3>\n<ul>\n<li data-start=\"413\" data-end=\"916\"><strong data-start=\"442\" data-end=\"458\">Przewiewno\u015b\u0107<\/strong> \u2013 konstrukcja siatkowa umo\u017cliwia cyrkulacj\u0119 powietrza, co zapobiega psuciu si\u0119 produkt\u00f3w.<\/li>\n<li data-start=\"413\" data-end=\"916\"><strong data-start=\"553\" data-end=\"565\">Trwa\u0142o\u015b\u0107<\/strong> \u2013 wykonane z mocnego materia\u0142u, odpornego na rozdarcia i wilgo\u0107.<\/li>\n<li data-start=\"413\" data-end=\"916\"><strong data-start=\"639\" data-end=\"660\">\u0141atwe u\u017cytkowanie<\/strong> \u2013 worki na roli mo\u017cna \u0142atwo odcina\u0107 na wymagan\u0105 d\u0142ugo\u015b\u0107.<\/li>\n<li data-start=\"413\" data-end=\"916\"><strong data-start=\"722\" data-end=\"741\">Wszechstronno\u015b\u0107<\/strong> \u2013 idealne do pakowania i magazynowania warzyw, owoc\u00f3w oraz innych produkt\u00f3w rolniczych.<\/li>\n<li data-start=\"413\" data-end=\"916\"><strong data-start=\"834\" data-end=\"846\">Ekonomia<\/strong> \u2013 sprzedawane w roli, co umo\u017cliwia wygodne i oszcz\u0119dne u\u017cytkowanie.<\/li>\n<li data-start=\"413\" data-end=\"916\"><strong>Wymiary<\/strong> &#8211; 46 x 65 cm<\/li>\n<li data-start=\"413\" data-end=\"916\"><strong>\u0141adowno\u015b\u0107<\/strong> &#8211; 15 kg<\/li>\n<li data-start=\"413\" data-end=\"916\"><strong>Ilo\u015b\u0107 w roli<\/strong> &#8211; 2500 sztuk<\/li>\n<li><strong>Dost\u0119pny w kolorach<\/strong> &#8211; bia\u0142y, bordowy, czerwony, fioletowy, pomara\u0144czowy, \u017c\u00f3\u0142ty.<\/li>\n<\/ul>\n<h3 data-start=\"918\" data-end=\"1113\"><strong data-start=\"918\" data-end=\"935\">Applicazione:<\/strong><\/h3>\n<ul>\n<li data-start=\"918\" data-end=\"1113\">Przechowywanie i transport warzyw (ziemniaki, cebula, marchew, buraki).<\/li>\n<li data-start=\"918\" data-end=\"1113\">Magazynowanie i sprzeda\u017c produkt\u00f3w rolniczych.<\/li>\n<\/ul>\n<h3 data-start=\"1115\" data-end=\"1492\"><strong data-start=\"1115\" data-end=\"1156\">Dlaczego warto wybra\u0107 worki raszlowe?<\/strong><\/h3>\n<p>Worki raszlowe to praktyczne i ekonomiczne rozwi\u0105zanie dla gospodarstw rolnych oraz pakowni warzyw. Ich przewiewno\u015b\u0107 i wytrzyma\u0142o\u015b\u0107 sprawiaj\u0105, \u017ce doskonale nadaj\u0105 si\u0119 do przechowywania produkt\u00f3w wymagaj\u0105cych dost\u0119pu powietrza. Worki zgodne ze wszystkimi typami raszlownic dost\u0119pnych na rynku.<\/p>\n<p>&nbsp;<\/p>","protected":false},"excerpt":{"rendered":"<p>Worek raszlowy na roli 46&#215;65 cm\u00a0 Worki raszlowe wykonane s\u0105 z wytrzyma\u0142ej, przewiewnej siatki polipropylenowej, co zapewnia odpowiedni\u0105 cyrkulacj\u0119 powietrza i chroni produkty przed wilgoci\u0105 oraz ple\u015bni\u0105. Dzi\u0119ki temu doskonale sprawdzaj\u0105 si\u0119 do przechowywania i transportu warzyw, takich jak ziemniaki, cebula, marchew. Najwa\u017cniejsze cechy: Przewiewno\u015b\u0107 \u2013 konstrukcja siatkowa umo\u017cliwia cyrkulacj\u0119 powietrza, co zapobiega psuciu si\u0119 [&hellip;]<\/p>","protected":false},"featured_media":5206,"template":"","meta":{"site-sidebar-layout":"default","site-content-layout":"","ast-site-content-layout":"default","site-content-style":"default","site-sidebar-style":"default","ast-global-header-display":"","ast-banner-title-visibility":"","ast-main-header-display":"","ast-hfb-above-header-display":"","ast-hfb-below-header-display":"","ast-hfb-mobile-header-display":"","site-post-title":"","ast-breadcrumbs-content":"","ast-featured-img":"","footer-sml-layout":"","theme-transparent-header-meta":"default","adv-header-id-meta":"","stick-header-meta":"default","header-above-stick-meta":"","header-main-stick-meta":"","header-below-stick-meta":"","astra-migrate-meta-layouts":"set","ast-page-background-enabled":"default","ast-page-background-meta":{"desktop":{"background-color":"var(--ast-global-color-4)","background-image":"","background-repeat":"repeat","background-position":"center center","background-size":"auto","background-attachment":"scroll","background-type":"","background-media":"","overlay-type":"","overlay-color":"","overlay-opacity":"","overlay-gradient":""},"tablet":{"background-color":"","background-image":"","background-repeat":"repeat","background-position":"center center","background-size":"auto","background-attachment":"scroll","background-type":"","background-media":"","overlay-type":"","overlay-color":"","overlay-opacity":"","overlay-gradient":""},"mobile":{"background-color":"","background-image":"","background-repeat":"repeat","background-position":"center center","background-size":"auto","background-attachment":"scroll","background-type":"","background-media":"","overlay-type":"","overlay-color":"","overlay-opacity":"","overlay-gradient":""}},"ast-content-background-meta":{"desktop":{"background-color":"var(--ast-global-color-5)","background-image":"","background-repeat":"repeat","background-position":"center center","background-size":"auto","background-attachment":"scroll","background-type":"","background-media":"","overlay-type":"","overlay-color":"","overlay-opacity":"","overlay-gradient":""},"tablet":{"background-color":"var(--ast-global-color-5)","background-image":"","background-repeat":"repeat","background-position":"center center","background-size":"auto","background-attachment":"scroll","background-type":"","background-media":"","overlay-type":"","overlay-color":"","overlay-opacity":"","overlay-gradient":""},"mobile":{"background-color":"var(--ast-global-color-5)","background-image":"","background-repeat":"repeat","background-position":"center center","background-size":"auto","background-attachment":"scroll","background-type":"","background-media":"","overlay-type":"","overlay-color":"","overlay-opacity":"","overlay-gradient":""}}},"product_brand":[],"product_cat":[108],"product_tag":[],"class_list":{"0":"post-5210","1":"product","2":"type-product","3":"status-publish","4":"has-post-thumbnail","6":"product_cat-46x65-2500-szt-rola","7":"desktop-align-left","8":"tablet-align-left","9":"mobile-align-left","10":"ast-product-gallery-layout-horizontal","11":"ast-product-tabs-layout-horizontal","13":"first","14":"instock","15":"shipping-taxable","16":"product-type-simple"},"_links":{"self":[{"href":"https:\/\/wimar.net\/it\/wp-json\/wp\/v2\/product\/5210","targetHints":{"allow":["GET"]}}],"collection":[{"href":"https:\/\/wimar.net\/it\/wp-json\/wp\/v2\/product"}],"about":[{"href":"https:\/\/wimar.net\/it\/wp-json\/wp\/v2\/types\/product"}],"version-history":[{"count":5,"href":"https:\/\/wimar.net\/it\/wp-json\/wp\/v2\/product\/5210\/revisions"}],"predecessor-version":[{"id":6298,"href":"https:\/\/wimar.net\/it\/wp-json\/wp\/v2\/product\/5210\/revisions\/6298"}],"wp:featuredmedia":[{"embeddable":true,"href":"https:\/\/wimar.net\/it\/wp-json\/wp\/v2\/media\/5206"}],"wp:attachment":[{"href":"https:\/\/wimar.net\/it\/wp-json\/wp\/v2\/media?parent=5210"}],"wp:term":[{"taxonomy":"product_brand","embeddable":true,"href":"https:\/\/wimar.net\/it\/wp-json\/wp\/v2\/product_brand?post=5210"},{"taxonomy":"product_cat","embeddable":true,"href":"https:\/\/wimar.net\/it\/wp-json\/wp\/v2\/product_cat?post=5210"},{"taxonomy":"product_tag","embeddable":true,"href":"https:\/\/wimar.net\/it\/wp-json\/wp\/v2\/product_tag?post=5210"}],"curies":[{"name":"wp","href":"https:\/\/api.w.org\/{rel}","templated":true}]}}