{"id":5220,"date":"2025-03-13T15:12:47","date_gmt":"2025-03-13T14:12:47","guid":{"rendered":"https:\/\/wimar.net\/?post_type=product&#038;p=5220"},"modified":"2025-03-25T09:40:57","modified_gmt":"2025-03-25T08:40:57","slug":"wytloczki-papierowe-brazowe-do-kartonu-600x400mm-ilosc-gniazd-18-56","status":"publish","type":"product","link":"https:\/\/wimar.net\/it\/product-2\/wytloczki-papierowe-brazowe-do-kartonu-600x400mm-ilosc-gniazd-18-56\/","title":{"rendered":"Wyt\u0142oczki papierowe br\u0105zowe do kartonu 600x400mm"},"content":{"rendered":"<h3 data-start=\"0\" data-end=\"80\"><strong data-start=\"0\" data-end=\"78\">Wyt\u0142oczki papierowe br\u0105zowe<\/strong><\/h3>\n<p data-start=\"0\" data-end=\"80\">Wyt\u0142oczki papierowe do kartonu to trwa\u0142e, lekkie i ekologiczne rozwi\u0105zanie do zabezpieczania produkt\u00f3w podczas transportu i przechowywania. Wykonane z biodegradowalnych materia\u0142\u00f3w, zapewniaj\u0105 skuteczn\u0105 ochron\u0119 przed uszkodzeniami mechanicznymi. Dzi\u0119ki swojej strukturze umo\u017cliwiaj\u0105 przep\u0142yw powietrza, co sprawia, \u017ce s\u0105 idealne do przechowywania delikatnych produkt\u00f3w, takich jak owoce, warzywa.<\/p>\n<h3 data-start=\"421\" data-end=\"1064\"><strong data-start=\"421\" data-end=\"445\">Caratteristiche principali:<\/strong><\/h3>\n<ul>\n<li data-start=\"421\" data-end=\"1064\"><strong data-start=\"553\" data-end=\"568\">Ekologiczne<\/strong> \u2013 wykonane z recyklingowanego papieru, w pe\u0142ni biodegradowalne i przyjazne dla \u015brodowiska.<\/li>\n<li data-start=\"421\" data-end=\"1064\"><strong data-start=\"664\" data-end=\"690\">Lekko\u015b\u0107 i wytrzyma\u0142o\u015b\u0107<\/strong> \u2013 zapewniaj\u0105 ochron\u0119 produkt\u00f3w bez dodatkowego obci\u0105\u017cenia opakowania.<\/li>\n<li data-start=\"421\" data-end=\"1064\"><strong data-start=\"765\" data-end=\"795\">Przepuszczalno\u015b\u0107 powietrza<\/strong> \u2013 redukuj\u0105 ryzyko zawilgocenia i ple\u015bni, doskona\u0142e do przechowywania \u017cywno\u015bci.<\/li>\n<li data-start=\"421\" data-end=\"1064\"><strong data-start=\"879\" data-end=\"904\">Amortyzacja wstrz\u0105s\u00f3w<\/strong> \u2013 struktura wyt\u0142oczek skutecznie poch\u0142ania uderzenia, chroni\u0105c delikatne przedmioty.<\/li>\n<li data-start=\"421\" data-end=\"1064\"><strong data-start=\"994\" data-end=\"1011\">Uniwersalno\u015b\u0107<\/strong> \u2013 szerokie zastosowanie w r\u00f3\u017cnych bran\u017cach, od spo\u017cywczej po elektroniczn\u0105.<\/li>\n<li data-start=\"421\" data-end=\"1064\"><strong>Wymiary kartonu<\/strong> &#8211; 600 x 400 mm<\/li>\n<li data-start=\"421\" data-end=\"1064\"><strong>Wymiary wyt\u0142oczki<\/strong> &#8211; 590 x 390 mm<\/li>\n<\/ul>\n<p><img fetchpriority=\"high\" decoding=\"async\" class=\"wp-image-5094 aligncenter\" src=\"https:\/\/wimar.net\/wp-content\/uploads\/2025\/03\/tabelka-300x147.jpg\" alt=\"\" width=\"543\" height=\"266\" srcset=\"https:\/\/wimar.net\/wp-content\/uploads\/2025\/03\/tabelka-300x147.jpg 300w, https:\/\/wimar.net\/wp-content\/uploads\/2025\/03\/tabelka-1024x503.jpg 1024w, https:\/\/wimar.net\/wp-content\/uploads\/2025\/03\/tabelka-768x377.jpg 768w, https:\/\/wimar.net\/wp-content\/uploads\/2025\/03\/tabelka-600x294.jpg 600w, https:\/\/wimar.net\/wp-content\/uploads\/2025\/03\/tabelka-64x31.jpg 64w, https:\/\/wimar.net\/wp-content\/uploads\/2025\/03\/tabelka.jpg 1524w\" sizes=\"(max-width: 543px) 100vw, 543px\" \/><\/p>\n<h3 data-start=\"1066\" data-end=\"1525\"><strong data-start=\"1066\" data-end=\"1083\">Applicazione:<\/strong><\/h3>\n<ul>\n<li data-start=\"1066\" data-end=\"1525\"><strong data-start=\"1243\" data-end=\"1272\">Produkcja i magazynowanie<\/strong> \u2013 Pomagaj\u0105 w organizacji komponent\u00f3w w zak\u0142adach produkcyjnych i magazynach.<\/li>\n<li data-start=\"1066\" data-end=\"1525\"><strong data-start=\"1355\" data-end=\"1375\">Bran\u017ca spo\u017cywcza<\/strong> \u2013 Stosowane do zabezpieczania \u017cywno\u015bci.<\/li>\n<\/ul>\n<h3 data-start=\"1527\" data-end=\"1839\"><strong data-start=\"1527\" data-end=\"1585\">Dlaczego warto wybra\u0107 nasze wyt\u0142oczki polipropylenowe?<\/strong><\/h3>\n<p data-start=\"1527\" data-end=\"1839\">Nasze wyt\u0142oczki to doskona\u0142e rozwi\u0105zanie dla firm poszukuj\u0105cych niezawodnych i trwa\u0142ych wk\u0142ad\u00f3w do opakowa\u0144. Ich wszechstronno\u015b\u0107, odporno\u015b\u0107 na uszkodzenia oraz mo\u017cliwo\u015b\u0107 wielokrotnego u\u017cycia czyni\u0105 je nie tylko praktycznym, ale i ekologicznym wyborem.<\/p>","protected":false},"excerpt":{"rendered":"<p>Wyt\u0142oczki papierowe br\u0105zowe Wyt\u0142oczki papierowe do kartonu to trwa\u0142e, lekkie i ekologiczne rozwi\u0105zanie do zabezpieczania produkt\u00f3w podczas transportu i przechowywania. Wykonane z biodegradowalnych materia\u0142\u00f3w, zapewniaj\u0105 skuteczn\u0105 ochron\u0119 przed uszkodzeniami mechanicznymi. Dzi\u0119ki swojej strukturze umo\u017cliwiaj\u0105 przep\u0142yw powietrza, co sprawia, \u017ce s\u0105 idealne do przechowywania delikatnych produkt\u00f3w, takich jak owoce, warzywa. Najwa\u017cniejsze cechy: Ekologiczne \u2013 wykonane z [&hellip;]<\/p>","protected":false},"featured_media":5222,"template":"","meta":{"site-sidebar-layout":"default","site-content-layout":"","ast-site-content-layout":"default","site-content-style":"default","site-sidebar-style":"default","ast-global-header-display":"","ast-banner-title-visibility":"","ast-main-header-display":"","ast-hfb-above-header-display":"","ast-hfb-below-header-display":"","ast-hfb-mobile-header-display":"","site-post-title":"","ast-breadcrumbs-content":"","ast-featured-img":"","footer-sml-layout":"","theme-transparent-header-meta":"default","adv-header-id-meta":"","stick-header-meta":"default","header-above-stick-meta":"","header-main-stick-meta":"","header-below-stick-meta":"","astra-migrate-meta-layouts":"set","ast-page-background-enabled":"default","ast-page-background-meta":{"desktop":{"background-color":"var(--ast-global-color-4)","background-image":"","background-repeat":"repeat","background-position":"center center","background-size":"auto","background-attachment":"scroll","background-type":"","background-media":"","overlay-type":"","overlay-color":"","overlay-opacity":"","overlay-gradient":""},"tablet":{"background-color":"","background-image":"","background-repeat":"repeat","background-position":"center center","background-size":"auto","background-attachment":"scroll","background-type":"","background-media":"","overlay-type":"","overlay-color":"","overlay-opacity":"","overlay-gradient":""},"mobile":{"background-color":"","background-image":"","background-repeat":"repeat","background-position":"center center","background-size":"auto","background-attachment":"scroll","background-type":"","background-media":"","overlay-type":"","overlay-color":"","overlay-opacity":"","overlay-gradient":""}},"ast-content-background-meta":{"desktop":{"background-color":"var(--ast-global-color-5)","background-image":"","background-repeat":"repeat","background-position":"center center","background-size":"auto","background-attachment":"scroll","background-type":"","background-media":"","overlay-type":"","overlay-color":"","overlay-opacity":"","overlay-gradient":""},"tablet":{"background-color":"var(--ast-global-color-5)","background-image":"","background-repeat":"repeat","background-position":"center center","background-size":"auto","background-attachment":"scroll","background-type":"","background-media":"","overlay-type":"","overlay-color":"","overlay-opacity":"","overlay-gradient":""},"mobile":{"background-color":"var(--ast-global-color-5)","background-image":"","background-repeat":"repeat","background-position":"center center","background-size":"auto","background-attachment":"scroll","background-type":"","background-media":"","overlay-type":"","overlay-color":"","overlay-opacity":"","overlay-gradient":""}}},"product_brand":[],"product_cat":[392,384],"product_tag":[],"class_list":{"0":"post-5220","1":"product","2":"type-product","3":"status-publish","4":"has-post-thumbnail","6":"product_cat-brazowe-papierowe","7":"product_cat-wytloczki-do-kartonu-600x400","8":"desktop-align-left","9":"tablet-align-left","10":"mobile-align-left","11":"ast-product-gallery-layout-horizontal","12":"ast-product-tabs-layout-horizontal","14":"first","15":"instock","16":"shipping-taxable","17":"product-type-simple"},"_links":{"self":[{"href":"https:\/\/wimar.net\/it\/wp-json\/wp\/v2\/product\/5220","targetHints":{"allow":["GET"]}}],"collection":[{"href":"https:\/\/wimar.net\/it\/wp-json\/wp\/v2\/product"}],"about":[{"href":"https:\/\/wimar.net\/it\/wp-json\/wp\/v2\/types\/product"}],"version-history":[{"count":3,"href":"https:\/\/wimar.net\/it\/wp-json\/wp\/v2\/product\/5220\/revisions"}],"predecessor-version":[{"id":7328,"href":"https:\/\/wimar.net\/it\/wp-json\/wp\/v2\/product\/5220\/revisions\/7328"}],"wp:featuredmedia":[{"embeddable":true,"href":"https:\/\/wimar.net\/it\/wp-json\/wp\/v2\/media\/5222"}],"wp:attachment":[{"href":"https:\/\/wimar.net\/it\/wp-json\/wp\/v2\/media?parent=5220"}],"wp:term":[{"taxonomy":"product_brand","embeddable":true,"href":"https:\/\/wimar.net\/it\/wp-json\/wp\/v2\/product_brand?post=5220"},{"taxonomy":"product_cat","embeddable":true,"href":"https:\/\/wimar.net\/it\/wp-json\/wp\/v2\/product_cat?post=5220"},{"taxonomy":"product_tag","embeddable":true,"href":"https:\/\/wimar.net\/it\/wp-json\/wp\/v2\/product_tag?post=5220"}],"curies":[{"name":"wp","href":"https:\/\/api.w.org\/{rel}","templated":true}]}}