{"id":5832,"date":"2025-03-18T15:40:46","date_gmt":"2025-03-18T14:40:46","guid":{"rendered":"https:\/\/wimar.net\/?post_type=product&#038;p=5832"},"modified":"2025-03-18T15:45:26","modified_gmt":"2025-03-18T14:45:26","slug":"sierpak-due-buoi-leworeczny-247l-drewno","status":"publish","type":"product","link":"https:\/\/wimar.net\/it\/product-2\/sierpak-due-buoi-leworeczny-247l-drewno\/","title":{"rendered":"Sierpak Due Buoi lewor\u0119czny 247L drewno"},"content":{"rendered":"<h3 data-start=\"0\" data-end=\"298\">N\u00f3\u017c, sierpak lewor\u0119czny<\/h3>\n<p data-start=\"0\" data-end=\"298\">Sierpak Due Buoi prawor\u0119czny 247L z drewnianym trzonkiem to solidne i precyzyjne narz\u0119dzie przeznaczone do profesjonalnych prac ogrodniczych, sadowniczych i le\u015bnych. W\u0142oska jako\u015b\u0107 wykonania oraz ergonomiczna budowa sprawiaj\u0105, \u017ce sierpak ten idealnie sprawdzi si\u0119 w r\u0119kach wymagaj\u0105cych u\u017cytkownik\u00f3w.<\/p>\n<p data-start=\"0\" data-end=\"298\">Due Buoi (Dwa Wo\u0142y) to rodzinna firma za\u0142o\u017cona w 1884 roku we W\u0142oszech od czterech pokole\u0144 produkuj\u0105ca no\u017ce i narz\u0119dzia dla rolnictwa. DueBuoi opracowa\u0142a w\u0142asn\u0105, pilnie przechowywan\u0105 metod\u0119 obr\u00f3bki metalu\u00a0<em>extra duro<\/em>, dzi\u0119ki kt\u00f3rej ostrza produkowanych no\u017cy i sekator\u00f3w zachowuj\u0105 wyj\u0105tkow\u0105 trwa\u0142o\u015b\u0107. Firma z Maniago (miasta sztu\u0107c\u00f3w) znana jest w Italii z produkcji no\u017cy kuchennych, szk\u00f3\u0142karskich i survivalowych, sekator\u00f3w i siekier.<\/p>\n<h3 data-start=\"300\" data-end=\"324\">Caratteristiche principali:<\/h3>\n<ul>\n<li data-start=\"326\" data-end=\"993\"><strong data-start=\"472\" data-end=\"507\">Ergonomiczna drewniana r\u0119koje\u015b\u0107<\/strong> \u2013 Naturalne drewno gwarantuje pewny chwyt i komfort u\u017cytkowania nawet przez wiele godzin.<\/li>\n<li data-start=\"326\" data-end=\"993\"><strong data-start=\"602\" data-end=\"621\">Precyzja ci\u0119cia<\/strong> \u2013 Odpowiednio wyprofilowane ostrze umo\u017cliwia precyzyjne i czyste ci\u0119cie ga\u0142\u0119zi, p\u0119d\u00f3w czy krzew\u00f3w.<\/li>\n<li data-start=\"326\" data-end=\"993\"><strong data-start=\"725\" data-end=\"765\">Przystosowany dla os\u00f3b prawor\u0119cznych<\/strong> \u2013 Specjalnie wyprofilowany dla maksymalnej wygody i efektywno\u015bci pracy lew\u0105 r\u0119k\u0105.<\/li>\n<li data-start=\"326\" data-end=\"993\"><strong data-start=\"853\" data-end=\"877\">Lekko\u015b\u0107 i por\u0119czno\u015b\u0107<\/strong> \u2013 Doskona\u0142a r\u00f3wnowaga mi\u0119dzy wag\u0105 a wytrzyma\u0142o\u015bci\u0105 narz\u0119dzia pozwala na komfortowe u\u017cytkowanie w ka\u017cdych warunkach.<\/li>\n<li data-start=\"326\" data-end=\"993\"><strong>D\u0142ugo\u015b\u0107 ostrza<\/strong> &#8211; 5,5 cm<\/li>\n<li data-start=\"326\" data-end=\"993\"><strong>Szeroko\u015b\u0107 ostrza<\/strong> &#8211; 1,2 cm<\/li>\n<li data-start=\"326\" data-end=\"993\"><strong>Rozmiar ca\u0142kowity<\/strong> &#8211; 17 cm<\/li>\n<li data-start=\"326\" data-end=\"993\"><strong>Materia\u0142<\/strong> &#8211; Drewno (r\u0119koje\u015b\u0107), lity mosi\u0105dz (wk\u0142adka)<\/li>\n<\/ul>\n<h3 data-start=\"995\" data-end=\"1012\">Applicazione:<\/h3>\n<ul data-start=\"1014\" data-end=\"1347\">\n<li data-start=\"1014\" data-end=\"1105\"><strong data-start=\"1016\" data-end=\"1047\">Przycinanie drzew i krzew\u00f3w<\/strong> \u2013 Idealny do prac sadowniczych, ogrodniczych i le\u015bnych.<\/li>\n<li data-start=\"1106\" data-end=\"1225\"><strong data-start=\"1108\" data-end=\"1134\">Usuwanie dzikich p\u0119d\u00f3w<\/strong> \u2013 \u015awietnie sprawdza si\u0119 podczas oczyszczania zaro\u015bli czy przecinania zdrewnia\u0142ych p\u0119d\u00f3w.<\/li>\n<li data-start=\"1226\" data-end=\"1347\"><strong data-start=\"1228\" data-end=\"1257\">Piel\u0119gnacja ogrodu i sadu<\/strong> \u2013 Niezast\u0105piony przy precyzyjnych pracach piel\u0119gnacyjnych wymagaj\u0105cych dok\u0142adnego ci\u0119cia.<\/li>\n<\/ul>\n<h3 data-start=\"1349\" data-end=\"1397\">Dlaczego warto wybra\u0107 Sierpak Due Buoi 247L?<\/h3>\n<p data-start=\"1398\" data-end=\"1776\" data-is-last-node=\"\" data-is-only-node=\"\">Sierpak Due Buoi to po\u0142\u0105czenie tradycyjnego rzemios\u0142a i nowoczesnych standard\u00f3w jako\u015bci. Wytrzyma\u0142e materia\u0142y, ergonomiczna budowa oraz precyzja wykonania sprawiaj\u0105, \u017ce narz\u0119dzie to doskonale sprawdzi si\u0119 w codziennej pracy ogrodnika czy sadownika. Drewniana r\u0119koje\u015b\u0107 i solidna stal w\u0119glowa zapewniaj\u0105 d\u0142ug\u0105 \u017cywotno\u015b\u0107 oraz wygod\u0119 u\u017cytkowania, czyni\u0105c sierpak inwestycj\u0105 na lata.<\/p>","protected":false},"excerpt":{"rendered":"<p>N\u00f3\u017c, sierpak lewor\u0119czny Sierpak Due Buoi prawor\u0119czny 247L z drewnianym trzonkiem to solidne i precyzyjne narz\u0119dzie przeznaczone do profesjonalnych prac ogrodniczych, sadowniczych i le\u015bnych. W\u0142oska jako\u015b\u0107 wykonania oraz ergonomiczna budowa sprawiaj\u0105, \u017ce sierpak ten idealnie sprawdzi si\u0119 w r\u0119kach wymagaj\u0105cych u\u017cytkownik\u00f3w. Due Buoi (Dwa Wo\u0142y) to rodzinna firma za\u0142o\u017cona w 1884 roku we W\u0142oszech od [&hellip;]<\/p>","protected":false},"featured_media":5833,"template":"","meta":{"site-sidebar-layout":"default","site-content-layout":"","ast-site-content-layout":"default","site-content-style":"default","site-sidebar-style":"default","ast-global-header-display":"","ast-banner-title-visibility":"","ast-main-header-display":"","ast-hfb-above-header-display":"","ast-hfb-below-header-display":"","ast-hfb-mobile-header-display":"","site-post-title":"","ast-breadcrumbs-content":"","ast-featured-img":"","footer-sml-layout":"","theme-transparent-header-meta":"default","adv-header-id-meta":"","stick-header-meta":"default","header-above-stick-meta":"","header-main-stick-meta":"","header-below-stick-meta":"","astra-migrate-meta-layouts":"set","ast-page-background-enabled":"default","ast-page-background-meta":{"desktop":{"background-color":"var(--ast-global-color-4)","background-image":"","background-repeat":"repeat","background-position":"center center","background-size":"auto","background-attachment":"scroll","background-type":"","background-media":"","overlay-type":"","overlay-color":"","overlay-opacity":"","overlay-gradient":""},"tablet":{"background-color":"","background-image":"","background-repeat":"repeat","background-position":"center center","background-size":"auto","background-attachment":"scroll","background-type":"","background-media":"","overlay-type":"","overlay-color":"","overlay-opacity":"","overlay-gradient":""},"mobile":{"background-color":"","background-image":"","background-repeat":"repeat","background-position":"center center","background-size":"auto","background-attachment":"scroll","background-type":"","background-media":"","overlay-type":"","overlay-color":"","overlay-opacity":"","overlay-gradient":""}},"ast-content-background-meta":{"desktop":{"background-color":"var(--ast-global-color-5)","background-image":"","background-repeat":"repeat","background-position":"center center","background-size":"auto","background-attachment":"scroll","background-type":"","background-media":"","overlay-type":"","overlay-color":"","overlay-opacity":"","overlay-gradient":""},"tablet":{"background-color":"var(--ast-global-color-5)","background-image":"","background-repeat":"repeat","background-position":"center center","background-size":"auto","background-attachment":"scroll","background-type":"","background-media":"","overlay-type":"","overlay-color":"","overlay-opacity":"","overlay-gradient":""},"mobile":{"background-color":"var(--ast-global-color-5)","background-image":"","background-repeat":"repeat","background-position":"center center","background-size":"auto","background-attachment":"scroll","background-type":"","background-media":"","overlay-type":"","overlay-color":"","overlay-opacity":"","overlay-gradient":""}}},"product_brand":[],"product_cat":[253,258],"product_tag":[],"class_list":{"0":"post-5832","1":"product","2":"type-product","3":"status-publish","4":"has-post-thumbnail","6":"product_cat-noze","7":"product_cat-reczne-narzedzia-ogrodnicze","8":"desktop-align-left","9":"tablet-align-left","10":"mobile-align-left","11":"ast-product-gallery-layout-horizontal","12":"ast-product-tabs-layout-horizontal","14":"first","15":"instock","16":"shipping-taxable","17":"product-type-simple"},"_links":{"self":[{"href":"https:\/\/wimar.net\/it\/wp-json\/wp\/v2\/product\/5832","targetHints":{"allow":["GET"]}}],"collection":[{"href":"https:\/\/wimar.net\/it\/wp-json\/wp\/v2\/product"}],"about":[{"href":"https:\/\/wimar.net\/it\/wp-json\/wp\/v2\/types\/product"}],"version-history":[{"count":2,"href":"https:\/\/wimar.net\/it\/wp-json\/wp\/v2\/product\/5832\/revisions"}],"predecessor-version":[{"id":7316,"href":"https:\/\/wimar.net\/it\/wp-json\/wp\/v2\/product\/5832\/revisions\/7316"}],"wp:featuredmedia":[{"embeddable":true,"href":"https:\/\/wimar.net\/it\/wp-json\/wp\/v2\/media\/5833"}],"wp:attachment":[{"href":"https:\/\/wimar.net\/it\/wp-json\/wp\/v2\/media?parent=5832"}],"wp:term":[{"taxonomy":"product_brand","embeddable":true,"href":"https:\/\/wimar.net\/it\/wp-json\/wp\/v2\/product_brand?post=5832"},{"taxonomy":"product_cat","embeddable":true,"href":"https:\/\/wimar.net\/it\/wp-json\/wp\/v2\/product_cat?post=5832"},{"taxonomy":"product_tag","embeddable":true,"href":"https:\/\/wimar.net\/it\/wp-json\/wp\/v2\/product_tag?post=5832"}],"curies":[{"name":"wp","href":"https:\/\/api.w.org\/{rel}","templated":true}]}}