{"id":5915,"date":"2025-03-20T08:25:20","date_gmt":"2025-03-20T07:25:20","guid":{"rendered":"https:\/\/wimar.net\/?post_type=product&#038;p=5915"},"modified":"2025-03-20T08:45:31","modified_gmt":"2025-03-20T07:45:31","slug":"szpilka-mocujaca-do-flizu-namiotow-kolek-30cm-wkrecana-z-kapturkiem-plastikowym","status":"publish","type":"product","link":"https:\/\/wimar.net\/it\/product-2\/szpilka-mocujaca-do-flizu-namiotow-kolek-30cm-wkrecana-z-kapturkiem-plastikowym\/","title":{"rendered":"Szpilka mocuj\u0105ca do flizu, namiot\u00f3w, wkr\u0119cana z kapturkiem plastikowym 30cm"},"content":{"rendered":"<h3 data-start=\"0\" data-end=\"80\"><strong data-start=\"0\" data-end=\"78\">Szpilka mocuj\u0105ca<\/strong><\/h3>\n<p data-start=\"42\" data-end=\"307\">Szpilka mocuj\u0105ca wkr\u0119cana 30 cm z plastikowym kapturkiem to solidne i praktyczne rozwi\u0105zanie do mocowania agrow\u0142\u00f3kniny,flizu, folii, namiot\u00f3w czy element\u00f3w dekoracyjnych w ogrodzie i na dzia\u0142ce. Jej wytrzyma\u0142a konstrukcja z materia\u0142\u00f3w odpornych na korozj\u0119 i promieniowanie UV gwarantuje d\u0142ugotrwa\u0142e u\u017cytkowanie nawet w trudnych warunkach atmosferycznych.\u00a0Jasnopomara\u0144czowy plastikowy kapturek zapewnia wysok\u0105 widoczno\u015b\u0107, co zwi\u0119ksza bezpiecze\u0144stwo w terenie.<\/p>\n<h3 data-start=\"309\" data-end=\"339\"><strong data-start=\"313\" data-end=\"337\">Caratteristiche principali:<\/strong><\/h3>\n<ul>\n<li data-start=\"326\" data-end=\"887\"><strong data-start=\"328\" data-end=\"347\">Trwa\u0142y materia\u0142<\/strong> \u2013 Wykonana z materia\u0142\u00f3w odpornych na warunki atmosferyczne i uszkodzenia mechaniczne.<\/li>\n<li data-start=\"326\" data-end=\"887\"><strong data-start=\"564\" data-end=\"587\">Plastikowy kapturek<\/strong> \u2013 Zapewnia bezpieczne i wygodne u\u017cytkowanie, chroni\u0105c fliz przed uszkodzeniem.<\/li>\n<li data-start=\"326\" data-end=\"887\"><strong data-start=\"687\" data-end=\"717\">Uniwersalno\u015b\u0107 zastosowania<\/strong> \u2013 Idealna zar\u00f3wno do ogrodu, jak i na biwak, do mocowania namiot\u00f3w, linek czy siatek.<\/li>\n<li data-start=\"326\" data-end=\"887\"><strong data-start=\"808\" data-end=\"825\">Lunghezza <\/strong>&#8211; 30 cm<\/li>\n<\/ul>\n<h3 data-start=\"1013\" data-end=\"1036\"><strong data-start=\"1017\" data-end=\"1034\">Applicazione:<\/strong><\/h3>\n<ul>\n<li data-start=\"913\" data-end=\"1043\"><strong data-start=\"915\" data-end=\"949\">Mocowanie agrow\u0142\u00f3kniny i flizu<\/strong> \u2013 Doskona\u0142a do stabilizowania w\u0142\u00f3kniny zabezpieczaj\u0105cej ro\u015bliny przed mrozem czy chwastami.<\/li>\n<li data-start=\"1044\" data-end=\"1130\"><strong data-start=\"1046\" data-end=\"1064\">Prace ogrodowe<\/strong> \u2013 Idealna do mocowania folii, siatek, mat cieniuj\u0105cych i os\u0142on.<\/li>\n<li data-start=\"1131\" data-end=\"1230\"><strong data-start=\"1133\" data-end=\"1164\">Biwaki i wyprawy outdoorowe<\/strong> \u2013 Niezast\u0105piona do mocowania namiot\u00f3w, plandek, markiz i linek.<\/li>\n<li data-start=\"1231\" data-end=\"1349\"><strong data-start=\"1233\" data-end=\"1264\">Budowa i dekoracje ogrodowe<\/strong> \u2013 Pomocna przy instalacji lekkich konstrukcji lub dekoracji w ogrodzie i na dzia\u0142ce.<\/li>\n<\/ul>\n<h3 data-start=\"1356\" data-end=\"1405\">Dlaczego warto wybra\u0107 szpilk\u0119 mocuj\u0105c\u0105?<\/h3>\n<p data-start=\"1407\" data-end=\"1753\" data-is-last-node=\"\" data-is-only-node=\"\">Szpilka mocuj\u0105ca wkr\u0119cana to praktyczne i trwa\u0142e rozwi\u0105zanie, kt\u00f3re zapewnia szybkie i stabilne mocowanie w wielu zastosowaniach ogrodowych i outdoorowych. Solidna konstrukcja, \u0142atwo\u015b\u0107 u\u017cycia oraz odporno\u015b\u0107 na warunki atmosferyczne sprawiaj\u0105, \u017ce jest to niezb\u0119dny element wyposa\u017cenia ka\u017cdego ogrodnika i mi\u0142o\u015bnika wypoczynku na \u015bwie\u017cym powietrzu.<\/p>","protected":false},"excerpt":{"rendered":"<p>Szpilka mocuj\u0105ca Szpilka mocuj\u0105ca wkr\u0119cana 30 cm z plastikowym kapturkiem to solidne i praktyczne rozwi\u0105zanie do mocowania agrow\u0142\u00f3kniny,flizu, folii, namiot\u00f3w czy element\u00f3w dekoracyjnych w ogrodzie i na dzia\u0142ce. Jej wytrzyma\u0142a konstrukcja z materia\u0142\u00f3w odpornych na korozj\u0119 i promieniowanie UV gwarantuje d\u0142ugotrwa\u0142e u\u017cytkowanie nawet w trudnych warunkach atmosferycznych.\u00a0Jasnopomara\u0144czowy plastikowy kapturek zapewnia wysok\u0105 widoczno\u015b\u0107, co zwi\u0119ksza bezpiecze\u0144stwo [&hellip;]<\/p>","protected":false},"featured_media":5924,"template":"","meta":{"site-sidebar-layout":"default","site-content-layout":"","ast-site-content-layout":"default","site-content-style":"default","site-sidebar-style":"default","ast-global-header-display":"","ast-banner-title-visibility":"","ast-main-header-display":"","ast-hfb-above-header-display":"","ast-hfb-below-header-display":"","ast-hfb-mobile-header-display":"","site-post-title":"","ast-breadcrumbs-content":"","ast-featured-img":"","footer-sml-layout":"","theme-transparent-header-meta":"default","adv-header-id-meta":"","stick-header-meta":"default","header-above-stick-meta":"","header-main-stick-meta":"","header-below-stick-meta":"","astra-migrate-meta-layouts":"set","ast-page-background-enabled":"default","ast-page-background-meta":{"desktop":{"background-color":"var(--ast-global-color-4)","background-image":"","background-repeat":"repeat","background-position":"center center","background-size":"auto","background-attachment":"scroll","background-type":"","background-media":"","overlay-type":"","overlay-color":"","overlay-opacity":"","overlay-gradient":""},"tablet":{"background-color":"","background-image":"","background-repeat":"repeat","background-position":"center center","background-size":"auto","background-attachment":"scroll","background-type":"","background-media":"","overlay-type":"","overlay-color":"","overlay-opacity":"","overlay-gradient":""},"mobile":{"background-color":"","background-image":"","background-repeat":"repeat","background-position":"center center","background-size":"auto","background-attachment":"scroll","background-type":"","background-media":"","overlay-type":"","overlay-color":"","overlay-opacity":"","overlay-gradient":""}},"ast-content-background-meta":{"desktop":{"background-color":"var(--ast-global-color-5)","background-image":"","background-repeat":"repeat","background-position":"center center","background-size":"auto","background-attachment":"scroll","background-type":"","background-media":"","overlay-type":"","overlay-color":"","overlay-opacity":"","overlay-gradient":""},"tablet":{"background-color":"var(--ast-global-color-5)","background-image":"","background-repeat":"repeat","background-position":"center center","background-size":"auto","background-attachment":"scroll","background-type":"","background-media":"","overlay-type":"","overlay-color":"","overlay-opacity":"","overlay-gradient":""},"mobile":{"background-color":"var(--ast-global-color-5)","background-image":"","background-repeat":"repeat","background-position":"center center","background-size":"auto","background-attachment":"scroll","background-type":"","background-media":"","overlay-type":"","overlay-color":"","overlay-opacity":"","overlay-gradient":""}}},"product_brand":[],"product_cat":[244,479],"product_tag":[],"class_list":{"0":"post-5915","1":"product","2":"type-product","3":"status-publish","4":"has-post-thumbnail","6":"product_cat-kotwice-i-szpilki-do-mocowania","7":"product_cat-szpilki-mocujace-do-flizu","8":"desktop-align-left","9":"tablet-align-left","10":"mobile-align-left","11":"ast-product-gallery-layout-horizontal","12":"ast-product-tabs-layout-horizontal","14":"first","15":"instock","16":"shipping-taxable","17":"product-type-simple"},"_links":{"self":[{"href":"https:\/\/wimar.net\/it\/wp-json\/wp\/v2\/product\/5915","targetHints":{"allow":["GET"]}}],"collection":[{"href":"https:\/\/wimar.net\/it\/wp-json\/wp\/v2\/product"}],"about":[{"href":"https:\/\/wimar.net\/it\/wp-json\/wp\/v2\/types\/product"}],"version-history":[{"count":4,"href":"https:\/\/wimar.net\/it\/wp-json\/wp\/v2\/product\/5915\/revisions"}],"predecessor-version":[{"id":5925,"href":"https:\/\/wimar.net\/it\/wp-json\/wp\/v2\/product\/5915\/revisions\/5925"}],"wp:featuredmedia":[{"embeddable":true,"href":"https:\/\/wimar.net\/it\/wp-json\/wp\/v2\/media\/5924"}],"wp:attachment":[{"href":"https:\/\/wimar.net\/it\/wp-json\/wp\/v2\/media?parent=5915"}],"wp:term":[{"taxonomy":"product_brand","embeddable":true,"href":"https:\/\/wimar.net\/it\/wp-json\/wp\/v2\/product_brand?post=5915"},{"taxonomy":"product_cat","embeddable":true,"href":"https:\/\/wimar.net\/it\/wp-json\/wp\/v2\/product_cat?post=5915"},{"taxonomy":"product_tag","embeddable":true,"href":"https:\/\/wimar.net\/it\/wp-json\/wp\/v2\/product_tag?post=5915"}],"curies":[{"name":"wp","href":"https:\/\/api.w.org\/{rel}","templated":true}]}}