{"id":6462,"date":"2025-03-25T13:11:34","date_gmt":"2025-03-25T12:11:34","guid":{"rendered":"https:\/\/wimar.net\/?post_type=product&#038;p=6462"},"modified":"2025-03-25T13:41:02","modified_gmt":"2025-03-25T12:41:02","slug":"pali-da-frutteto-in-calcestruzzo-sezione-300cm-9x9-su-ordinazione","status":"publish","type":"product","link":"https:\/\/wimar.net\/it\/product-2\/pali-da-frutteto-in-calcestruzzo-sezione-300cm-9x9-su-ordinazione\/","title":{"rendered":"Pali per piantine in cemento 300cm, sezione 9x9cm SU ORDINAZIONE"},"content":{"rendered":"<h3 data-start=\"0\" data-end=\"51\"><strong data-start=\"0\" data-end=\"49\">Pali da frutteto in cemento<\/strong><\/h3>\n<p data-start=\"53\" data-end=\"324\">I pali da frutteto in calcestruzzo sono un elemento costruttivo robusto e affidabile utilizzato in frutticoltura e in agricoltura. Grazie alla loro robustezza e resistenza agli agenti atmosferici, sono ideali per la costruzione di impalcature permanenti per le coltivazioni di frutteti come mele, pere o piantagioni di lamponi e ribes.<\/p>\n<h3 data-start=\"326\" data-end=\"356\"><strong data-start=\"330\" data-end=\"354\">Caratteristiche principali:<\/strong><\/h3>\n<ul>\n<li data-start=\"358\" data-end=\"966\"><strong data-start=\"356\" data-end=\"378\">Durata naturale<\/strong> - Realizzati in calcestruzzo di alta qualit\u00e0, garantiscono stabilit\u00e0 e resistenza pluriennale ai danni meccanici e alle mutevoli condizioni atmosferiche.<\/li>\n<li data-start=\"358\" data-end=\"966\"><strong data-start=\"821\" data-end=\"837\">Robustezza<\/strong> - Il rinforzo interno garantisce la resistenza ai carichi pesanti, rendendoli ideali per i moderni sistemi di frutteti.<\/li>\n<li data-start=\"358\" data-end=\"966\"><strong data-start=\"983\" data-end=\"1001\">Longevit\u00e0<\/strong> - Una volta installati, i pali possono durare per decenni senza dover essere sostituiti.<\/li>\n<li data-start=\"358\" data-end=\"966\"><strong>Lunghezza<\/strong> - 300 cm<\/li>\n<li data-start=\"358\" data-end=\"966\"><strong>Sezione trasversale<\/strong> - 9\u00d79 cm<\/li>\n<li data-start=\"358\" data-end=\"966\"><strong>SU ORDINE<\/strong><\/li>\n<\/ul>\n<h3 data-start=\"968\" data-end=\"991\"><strong data-start=\"972\" data-end=\"989\">Applicazione:<\/strong><\/h3>\n<ul>\n<li data-start=\"993\" data-end=\"1407\"><strong data-start=\"1113\" data-end=\"1134\">Colture da frutto<\/strong> - Ideale per sostenere gli alberi da frutto nei frutteti di mele, pere o ciliegie.<\/li>\n<li data-start=\"993\" data-end=\"1407\"><strong data-start=\"1234\" data-end=\"1265\">Piantagioni di bacche<\/strong> - Indispensabile per lamponi, ribes, uva spina o vite.<\/li>\n<li data-start=\"993\" data-end=\"1407\"><strong data-start=\"1485\" data-end=\"1529\">Recinzioni e strutture agricole durevoli<\/strong> - Possono essere utilizzati anche nella costruzione di recinzioni o altre installazioni permanenti sul campo.<\/li>\n<\/ul>\n<h3 class=\"\" data-start=\"1630\" data-end=\"1683\">Perch\u00e9 scegliere i pali da frutteto in cemento?<\/h3>\n<p class=\"\" data-start=\"1685\" data-end=\"2039\">I pali in cemento sono un investimento per gli anni a venire. Grazie alla loro durata e resistenza agli agenti esterni, garantiscono la sicurezza delle colture e riducono al minimo i costi di gestione. Sono stabili, ecologici e adatti ai moderni sistemi di gestione delle piantagioni. Sono un elemento indispensabile in qualsiasi frutteto o azienda agricola professionale.<\/p>","protected":false},"excerpt":{"rendered":"<p>S\u0142upki sadownicze betonowe S\u0142upki sadownicze betonowe to solidny i niezawodny element konstrukcyjny wykorzystywany w sadownictwie i rolnictwie. Dzi\u0119ki swojej wytrzyma\u0142o\u015bci i odporno\u015bci na warunki atmosferyczne s\u0105 idealnym rozwi\u0105zaniem do budowy trwa\u0142ych rusztowa\u0144 dla upraw sadowniczych, takich jak jab\u0142onie, grusze czy plantacje malin i porzeczek. Najwa\u017cniejsze cechy: Naturalna trwa\u0142o\u015b\u0107 \u2013 Wykonane z wysokiej jako\u015bci betonu, zapewniaj\u0105 [&hellip;]<\/p>","protected":false},"featured_media":6464,"template":"","meta":{"site-sidebar-layout":"default","site-content-layout":"","ast-site-content-layout":"default","site-content-style":"default","site-sidebar-style":"default","ast-global-header-display":"","ast-banner-title-visibility":"","ast-main-header-display":"","ast-hfb-above-header-display":"","ast-hfb-below-header-display":"","ast-hfb-mobile-header-display":"","site-post-title":"","ast-breadcrumbs-content":"","ast-featured-img":"","footer-sml-layout":"","theme-transparent-header-meta":"default","adv-header-id-meta":"","stick-header-meta":"default","header-above-stick-meta":"","header-main-stick-meta":"","header-below-stick-meta":"","astra-migrate-meta-layouts":"set","ast-page-background-enabled":"default","ast-page-background-meta":{"desktop":{"background-color":"var(--ast-global-color-4)","background-image":"","background-repeat":"repeat","background-position":"center center","background-size":"auto","background-attachment":"scroll","background-type":"","background-media":"","overlay-type":"","overlay-color":"","overlay-opacity":"","overlay-gradient":""},"tablet":{"background-color":"","background-image":"","background-repeat":"repeat","background-position":"center center","background-size":"auto","background-attachment":"scroll","background-type":"","background-media":"","overlay-type":"","overlay-color":"","overlay-opacity":"","overlay-gradient":""},"mobile":{"background-color":"","background-image":"","background-repeat":"repeat","background-position":"center center","background-size":"auto","background-attachment":"scroll","background-type":"","background-media":"","overlay-type":"","overlay-color":"","overlay-opacity":"","overlay-gradient":""}},"ast-content-background-meta":{"desktop":{"background-color":"var(--ast-global-color-5)","background-image":"","background-repeat":"repeat","background-position":"center center","background-size":"auto","background-attachment":"scroll","background-type":"","background-media":"","overlay-type":"","overlay-color":"","overlay-opacity":"","overlay-gradient":""},"tablet":{"background-color":"var(--ast-global-color-5)","background-image":"","background-repeat":"repeat","background-position":"center center","background-size":"auto","background-attachment":"scroll","background-type":"","background-media":"","overlay-type":"","overlay-color":"","overlay-opacity":"","overlay-gradient":""},"mobile":{"background-color":"var(--ast-global-color-5)","background-image":"","background-repeat":"repeat","background-position":"center center","background-size":"auto","background-attachment":"scroll","background-type":"","background-media":"","overlay-type":"","overlay-color":"","overlay-opacity":"","overlay-gradient":""}}},"product_brand":[],"product_cat":[274],"product_tag":[],"class_list":{"0":"post-6462","1":"product","2":"type-product","3":"status-publish","4":"has-post-thumbnail","6":"product_cat-slupki-sadownicze-300cm-przekroj-9x9","7":"desktop-align-left","8":"tablet-align-left","9":"mobile-align-left","10":"ast-product-gallery-layout-horizontal","11":"ast-product-gallery-with-no-image","12":"ast-product-tabs-layout-horizontal","14":"first","15":"instock","16":"shipping-taxable","17":"product-type-simple"},"_links":{"self":[{"href":"https:\/\/wimar.net\/it\/wp-json\/wp\/v2\/product\/6462","targetHints":{"allow":["GET"]}}],"collection":[{"href":"https:\/\/wimar.net\/it\/wp-json\/wp\/v2\/product"}],"about":[{"href":"https:\/\/wimar.net\/it\/wp-json\/wp\/v2\/types\/product"}],"version-history":[{"count":3,"href":"https:\/\/wimar.net\/it\/wp-json\/wp\/v2\/product\/6462\/revisions"}],"predecessor-version":[{"id":6469,"href":"https:\/\/wimar.net\/it\/wp-json\/wp\/v2\/product\/6462\/revisions\/6469"}],"wp:featuredmedia":[{"embeddable":true,"href":"https:\/\/wimar.net\/it\/wp-json\/wp\/v2\/media\/6464"}],"wp:attachment":[{"href":"https:\/\/wimar.net\/it\/wp-json\/wp\/v2\/media?parent=6462"}],"wp:term":[{"taxonomy":"product_brand","embeddable":true,"href":"https:\/\/wimar.net\/it\/wp-json\/wp\/v2\/product_brand?post=6462"},{"taxonomy":"product_cat","embeddable":true,"href":"https:\/\/wimar.net\/it\/wp-json\/wp\/v2\/product_cat?post=6462"},{"taxonomy":"product_tag","embeddable":true,"href":"https:\/\/wimar.net\/it\/wp-json\/wp\/v2\/product_tag?post=6462"}],"curies":[{"name":"wp","href":"https:\/\/api.w.org\/{rel}","templated":true}]}}