{"id":3893,"date":"2025-02-10T09:57:35","date_gmt":"2025-02-10T08:57:35","guid":{"rendered":"https:\/\/wimar.net\/?post_type=product&#038;p=3893"},"modified":"2025-06-18T11:49:14","modified_gmt":"2025-06-18T09:49:14","slug":"chusta-jutowa-plachta-naturalna-60x60cm-105g","status":"publish","type":"product","link":"https:\/\/wimar.net\/ro\/produs\/chusta-jutowa-plachta-naturalna-60x60cm-105g\/","title":{"rendered":"Chusta jutowa (p\u0142achta) naturalna 60x60cm 120g"},"content":{"rendered":"<h3><strong>Chusta jutowa \u2013 naturalna i ekologiczna<\/strong><\/h3>\n<p>P\u0142achta jutowa to wszechstronny produkt wykonany z mocnej, w 100% naturalnej biodegradowalnej tkaniny, kt\u00f3ra pozwala na swobodny przep\u0142yw powietrza. Dzi\u0119ki temu doskonale sprawdza si\u0119 w wielu zastosowaniach lecz jej g\u0142\u00f3wnym przeznaczeniem jest zabezpieczanie bry\u0142 korzeniowych ro\u015blin przeznaczonych do sprzeda\u017cy w szk\u00f3\u0142kach ro\u015blin.<\/p>\n<h3><strong>Caracteristici principale:<\/strong><\/h3>\n<ul>\n<li><strong>Naturalno\u015b\u0107<\/strong> \u2013 Wykonana z biodegradowalnej i odnawialnej juty, pochodz\u0105cej z w\u0142\u00f3kien ro\u015blinnych.<\/li>\n<li><strong>Ekologiczne rozwi\u0105zanie<\/strong> \u2013 Wielokrotnego u\u017cytku, przyjazna dla \u015brodowiska.<\/li>\n<li><strong>Przepuszczalno\u015b\u0107 powietrza<\/strong> \u2013 Pozwala produktom oddycha\u0107, co zapobiega zawilgoceniu.<\/li>\n<li><strong>Lekko\u015b\u0107 i elastyczno\u015b\u0107<\/strong> \u2013 Gramatura 120 g\/m\u00b2 zapewnia \u0142atwe dopasowanie do r\u00f3\u017cnych zastosowa\u0144.<\/li>\n<li><strong>Uniwersalno\u015b\u0107<\/strong> \u2013 Mo\u017ce by\u0107 wykorzystywana w domu, ogrodzie, rolnictwie i dekoracji.<\/li>\n<li><strong>Rozmiar &#8211;<\/strong> 60&#215;60 cm<\/li>\n<\/ul>\n<h3><strong>Cerere:<\/strong><\/h3>\n<ul>\n<li><strong>Pakowanie i ochrona<\/strong> \u2013 Idealna do owijania delikatnych przedmiot\u00f3w, zabezpieczania ro\u015blin.<\/li>\n<li><strong>Rolnictwo i ogrodnictwo<\/strong> \u2013 Mo\u017cna u\u017cywa\u0107 jako os\u0142on\u0119 dla ro\u015blin zimuj\u0105cych, do wy\u015bcie\u0142ania koszy na plony lub do zabezpieczania bry\u0142y korzeniowej przesadzanych ro\u015blin.<\/li>\n<\/ul>\n<p><strong>P\u0142achta jutowa 60&#215;60 cm<\/strong> to praktyczne, trwa\u0142e i ekologiczne rozwi\u0105zanie, kt\u00f3re znajdzie zastosowanie w ka\u017cdym gospodarstwie domowym, ogrodzie czy sklepie.<\/p>","protected":false},"excerpt":{"rendered":"<p>Chusta jutowa \u2013 naturalna i ekologiczna P\u0142achta jutowa to wszechstronny produkt wykonany z mocnej, w 100% naturalnej biodegradowalnej tkaniny, kt\u00f3ra pozwala na swobodny przep\u0142yw powietrza. Dzi\u0119ki temu doskonale sprawdza si\u0119 w wielu zastosowaniach lecz jej g\u0142\u00f3wnym przeznaczeniem jest zabezpieczanie bry\u0142 korzeniowych ro\u015blin przeznaczonych do sprzeda\u017cy w szk\u00f3\u0142kach ro\u015blin. Najwa\u017cniejsze cechy: Naturalno\u015b\u0107 \u2013 Wykonana z biodegradowalnej [&hellip;]<\/p>","protected":false},"featured_media":3882,"template":"","meta":{"site-sidebar-layout":"default","site-content-layout":"","ast-site-content-layout":"default","site-content-style":"default","site-sidebar-style":"default","ast-global-header-display":"","ast-banner-title-visibility":"","ast-main-header-display":"","ast-hfb-above-header-display":"","ast-hfb-below-header-display":"","ast-hfb-mobile-header-display":"","site-post-title":"","ast-breadcrumbs-content":"","ast-featured-img":"","footer-sml-layout":"","theme-transparent-header-meta":"default","adv-header-id-meta":"","stick-header-meta":"default","header-above-stick-meta":"","header-main-stick-meta":"","header-below-stick-meta":"","astra-migrate-meta-layouts":"set","ast-page-background-enabled":"default","ast-page-background-meta":{"desktop":{"background-color":"var(--ast-global-color-4)","background-image":"","background-repeat":"repeat","background-position":"center center","background-size":"auto","background-attachment":"scroll","background-type":"","background-media":"","overlay-type":"","overlay-color":"","overlay-opacity":"","overlay-gradient":""},"tablet":{"background-color":"","background-image":"","background-repeat":"repeat","background-position":"center center","background-size":"auto","background-attachment":"scroll","background-type":"","background-media":"","overlay-type":"","overlay-color":"","overlay-opacity":"","overlay-gradient":""},"mobile":{"background-color":"","background-image":"","background-repeat":"repeat","background-position":"center center","background-size":"auto","background-attachment":"scroll","background-type":"","background-media":"","overlay-type":"","overlay-color":"","overlay-opacity":"","overlay-gradient":""}},"ast-content-background-meta":{"desktop":{"background-color":"var(--ast-global-color-5)","background-image":"","background-repeat":"repeat","background-position":"center center","background-size":"auto","background-attachment":"scroll","background-type":"","background-media":"","overlay-type":"","overlay-color":"","overlay-opacity":"","overlay-gradient":""},"tablet":{"background-color":"var(--ast-global-color-5)","background-image":"","background-repeat":"repeat","background-position":"center center","background-size":"auto","background-attachment":"scroll","background-type":"","background-media":"","overlay-type":"","overlay-color":"","overlay-opacity":"","overlay-gradient":""},"mobile":{"background-color":"var(--ast-global-color-5)","background-image":"","background-repeat":"repeat","background-position":"center center","background-size":"auto","background-attachment":"scroll","background-type":"","background-media":"","overlay-type":"","overlay-color":"","overlay-opacity":"","overlay-gradient":""}}},"product_brand":[],"product_cat":[241,197],"product_tag":[],"class_list":{"0":"post-3893","1":"product","2":"type-product","3":"status-publish","4":"has-post-thumbnail","6":"product_cat-tkaniny-jutowe","7":"product_cat-60x60cm","8":"desktop-align-left","9":"tablet-align-left","10":"mobile-align-left","11":"ast-product-gallery-layout-horizontal","12":"ast-product-tabs-layout-horizontal","14":"first","15":"instock","16":"shipping-taxable","17":"product-type-simple"},"_links":{"self":[{"href":"https:\/\/wimar.net\/ro\/wp-json\/wp\/v2\/product\/3893","targetHints":{"allow":["GET"]}}],"collection":[{"href":"https:\/\/wimar.net\/ro\/wp-json\/wp\/v2\/product"}],"about":[{"href":"https:\/\/wimar.net\/ro\/wp-json\/wp\/v2\/types\/product"}],"version-history":[{"count":5,"href":"https:\/\/wimar.net\/ro\/wp-json\/wp\/v2\/product\/3893\/revisions"}],"predecessor-version":[{"id":6798,"href":"https:\/\/wimar.net\/ro\/wp-json\/wp\/v2\/product\/3893\/revisions\/6798"}],"wp:featuredmedia":[{"embeddable":true,"href":"https:\/\/wimar.net\/ro\/wp-json\/wp\/v2\/media\/3882"}],"wp:attachment":[{"href":"https:\/\/wimar.net\/ro\/wp-json\/wp\/v2\/media?parent=3893"}],"wp:term":[{"taxonomy":"product_brand","embeddable":true,"href":"https:\/\/wimar.net\/ro\/wp-json\/wp\/v2\/product_brand?post=3893"},{"taxonomy":"product_cat","embeddable":true,"href":"https:\/\/wimar.net\/ro\/wp-json\/wp\/v2\/product_cat?post=3893"},{"taxonomy":"product_tag","embeddable":true,"href":"https:\/\/wimar.net\/ro\/wp-json\/wp\/v2\/product_tag?post=3893"}],"curies":[{"name":"wp","href":"https:\/\/api.w.org\/{rel}","templated":true}]}}