{"id":4187,"date":"2025-02-13T15:13:15","date_gmt":"2025-02-13T14:13:15","guid":{"rendered":"https:\/\/wimar.net\/?post_type=product&#038;p=4187"},"modified":"2025-03-17T09:53:51","modified_gmt":"2025-03-17T08:53:51","slug":"worek-azurowy-z-zaciagiem-na-drewno-50x70cm-stabilizowane-uv","status":"publish","type":"product","link":"https:\/\/wimar.net\/ro\/produs\/worek-azurowy-z-zaciagiem-na-drewno-50x70cm-stabilizowane-uv\/","title":{"rendered":"Geant\u0103 traforat\u0103 cu tragere din lemn 50x70cm Stabilizat UV"},"content":{"rendered":"<p data-start=\"129\" data-end=\"208\"><strong data-start=\"129\" data-end=\"206\">Worek a\u017curowy Leno Mesh 50&#215;60 cm z zaci\u0105giem na drewno \u2013 stabilizowany UV<\/strong><\/p>\n<p data-start=\"210\" data-end=\"476\">Worki a\u017curowe Leno Mesh to wytrzyma\u0142e i przewiewne opakowania idealne do przechowywania i transportu drewna opa\u0142owego. Dzi\u0119ki swojej a\u017curowej strukturze zapewniaj\u0105 odpowiedni\u0105 cyrkulacj\u0119 powietrza, co sprzyja utrzymaniu sucho\u015bci drewna i zapobiega jego ple\u015bnieniu.<\/p>\n<h3 data-start=\"478\" data-end=\"508\"><strong data-start=\"482\" data-end=\"506\">Caracteristici principale:<\/strong><\/h3>\n<ul>\n<li data-start=\"509\" data-end=\"1007\"><strong data-start=\"511\" data-end=\"528\">Wytrzyma\u0142o\u015b\u0107:<\/strong> Wykonane z mocnego materia\u0142u odpornego na rozci\u0105ganie i uszkodzenia.<\/li>\n<li data-start=\"509\" data-end=\"1007\"><strong data-start=\"602\" data-end=\"633\">Przepuszczalno\u015b\u0107 powietrza:<\/strong> A\u017curowa struktura umo\u017cliwia skuteczne schni\u0119cie drewna.<\/li>\n<li data-start=\"509\" data-end=\"1007\"><strong data-start=\"694\" data-end=\"714\">Stabilizacja UV:<\/strong> Chroni przed degradacj\u0105 pod wp\u0142ywem promieniowania s\u0142onecznego.<\/li>\n<li data-start=\"509\" data-end=\"1007\"><strong data-start=\"783\" data-end=\"794\">Zaci\u0105g:<\/strong> Wygodne zamkni\u0119cie u\u0142atwia transport i przechowywanie.<\/li>\n<li data-start=\"509\" data-end=\"1007\"><strong data-start=\"854\" data-end=\"872\">Uniwersalno\u015b\u0107:<\/strong> Idealne do drewna kominkowego, opa\u0142owego i zr\u0119bk\u00f3w.<\/li>\n<li data-start=\"509\" data-end=\"1007\"><strong data-start=\"929\" data-end=\"952\">Wielokrotne u\u017cycie:<\/strong> Trwa\u0142a konstrukcja pozwala na ponowne wykorzystanie.<\/li>\n<li data-start=\"509\" data-end=\"1007\"><strong>Rozmiar<\/strong> &#8211; 50x70cm<\/li>\n<\/ul>\n<h3 data-start=\"1009\" data-end=\"1032\"><strong data-start=\"1013\" data-end=\"1030\">Cerere:<\/strong><\/h3>\n<ul>\n<li data-start=\"1033\" data-end=\"1354\"><strong data-start=\"1036\" data-end=\"1074\">Przechowywanie i transport drewna:<\/strong> Odpowiednie dla drewna kominkowego, opa\u0142owego, pelletu i zr\u0119bk\u00f3w.<\/li>\n<li data-start=\"1033\" data-end=\"1354\"><strong data-start=\"1146\" data-end=\"1180\">Wentylacja materia\u0142\u00f3w sypkich:<\/strong> Umo\u017cliwia przewiewne przechowywanie produkt\u00f3w wymagaj\u0105cych dost\u0119pu powietrza.<\/li>\n<li data-start=\"1033\" data-end=\"1354\"><strong data-start=\"1264\" data-end=\"1294\">Logistyka i magazynowanie:<\/strong> Wygodne i lekkie worki u\u0142atwiaj\u0105 sk\u0142adowanie i transport.<\/li>\n<\/ul>\n<p data-start=\"1356\" data-end=\"1604\" data-is-last-node=\"\">Worek a\u017curowy to praktyczne i ekonomiczne rozwi\u0105zanie dla os\u00f3b poszukuj\u0105cych solidnego i przewiewnego opakowania do drewna. Dzi\u0119ki stabilizacji UV i mocnemu materia\u0142owi sprawdzi si\u0119 zar\u00f3wno w u\u017cytku domowym, jak i profesjonalnym.<\/p>","protected":false},"excerpt":{"rendered":"<p>Worek a\u017curowy Leno Mesh 50&#215;60 cm z zaci\u0105giem na drewno \u2013 stabilizowany UV Worki a\u017curowe Leno Mesh to wytrzyma\u0142e i przewiewne opakowania idealne do przechowywania i transportu drewna opa\u0142owego. Dzi\u0119ki swojej a\u017curowej strukturze zapewniaj\u0105 odpowiedni\u0105 cyrkulacj\u0119 powietrza, co sprzyja utrzymaniu sucho\u015bci drewna i zapobiega jego ple\u015bnieniu. Najwa\u017cniejsze cechy: Wytrzyma\u0142o\u015b\u0107: Wykonane z mocnego materia\u0142u odpornego na [&hellip;]<\/p>","protected":false},"featured_media":4184,"template":"","meta":{"site-sidebar-layout":"default","site-content-layout":"","ast-site-content-layout":"default","site-content-style":"default","site-sidebar-style":"default","ast-global-header-display":"","ast-banner-title-visibility":"","ast-main-header-display":"","ast-hfb-above-header-display":"","ast-hfb-below-header-display":"","ast-hfb-mobile-header-display":"","site-post-title":"","ast-breadcrumbs-content":"","ast-featured-img":"","footer-sml-layout":"","theme-transparent-header-meta":"default","adv-header-id-meta":"","stick-header-meta":"default","header-above-stick-meta":"","header-main-stick-meta":"","header-below-stick-meta":"","astra-migrate-meta-layouts":"set","ast-page-background-enabled":"default","ast-page-background-meta":{"desktop":{"background-color":"var(--ast-global-color-4)","background-image":"","background-repeat":"repeat","background-position":"center center","background-size":"auto","background-attachment":"scroll","background-type":"","background-media":"","overlay-type":"","overlay-color":"","overlay-opacity":"","overlay-gradient":""},"tablet":{"background-color":"","background-image":"","background-repeat":"repeat","background-position":"center center","background-size":"auto","background-attachment":"scroll","background-type":"","background-media":"","overlay-type":"","overlay-color":"","overlay-opacity":"","overlay-gradient":""},"mobile":{"background-color":"","background-image":"","background-repeat":"repeat","background-position":"center center","background-size":"auto","background-attachment":"scroll","background-type":"","background-media":"","overlay-type":"","overlay-color":"","overlay-opacity":"","overlay-gradient":""}},"ast-content-background-meta":{"desktop":{"background-color":"var(--ast-global-color-5)","background-image":"","background-repeat":"repeat","background-position":"center center","background-size":"auto","background-attachment":"scroll","background-type":"","background-media":"","overlay-type":"","overlay-color":"","overlay-opacity":"","overlay-gradient":""},"tablet":{"background-color":"var(--ast-global-color-5)","background-image":"","background-repeat":"repeat","background-position":"center center","background-size":"auto","background-attachment":"scroll","background-type":"","background-media":"","overlay-type":"","overlay-color":"","overlay-opacity":"","overlay-gradient":""},"mobile":{"background-color":"var(--ast-global-color-5)","background-image":"","background-repeat":"repeat","background-position":"center center","background-size":"auto","background-attachment":"scroll","background-type":"","background-media":"","overlay-type":"","overlay-color":"","overlay-opacity":"","overlay-gradient":""}}},"product_brand":[],"product_cat":[228,153],"product_tag":[],"class_list":{"0":"post-4187","1":"product","2":"type-product","3":"status-publish","4":"has-post-thumbnail","6":"product_cat-worki-pp-azurowe-drejerowe-leno-mesh","7":"product_cat-50x70-cm","8":"desktop-align-left","9":"tablet-align-left","10":"mobile-align-left","11":"ast-product-gallery-layout-horizontal","12":"ast-product-tabs-layout-horizontal","14":"first","15":"instock","16":"shipping-taxable","17":"product-type-simple"},"_links":{"self":[{"href":"https:\/\/wimar.net\/ro\/wp-json\/wp\/v2\/product\/4187","targetHints":{"allow":["GET"]}}],"collection":[{"href":"https:\/\/wimar.net\/ro\/wp-json\/wp\/v2\/product"}],"about":[{"href":"https:\/\/wimar.net\/ro\/wp-json\/wp\/v2\/types\/product"}],"version-history":[{"count":3,"href":"https:\/\/wimar.net\/ro\/wp-json\/wp\/v2\/product\/4187\/revisions"}],"predecessor-version":[{"id":7413,"href":"https:\/\/wimar.net\/ro\/wp-json\/wp\/v2\/product\/4187\/revisions\/7413"}],"wp:featuredmedia":[{"embeddable":true,"href":"https:\/\/wimar.net\/ro\/wp-json\/wp\/v2\/media\/4184"}],"wp:attachment":[{"href":"https:\/\/wimar.net\/ro\/wp-json\/wp\/v2\/media?parent=4187"}],"wp:term":[{"taxonomy":"product_brand","embeddable":true,"href":"https:\/\/wimar.net\/ro\/wp-json\/wp\/v2\/product_brand?post=4187"},{"taxonomy":"product_cat","embeddable":true,"href":"https:\/\/wimar.net\/ro\/wp-json\/wp\/v2\/product_cat?post=4187"},{"taxonomy":"product_tag","embeddable":true,"href":"https:\/\/wimar.net\/ro\/wp-json\/wp\/v2\/product_tag?post=4187"}],"curies":[{"name":"wp","href":"https:\/\/api.w.org\/{rel}","templated":true}]}}