{"id":4333,"date":"2025-02-18T15:02:02","date_gmt":"2025-02-18T14:02:02","guid":{"rendered":"https:\/\/wimar.net\/?post_type=product&#038;p=4333"},"modified":"2025-03-24T14:35:17","modified_gmt":"2025-03-24T13:35:17","slug":"gumka-recepturka-40x12mm-czerwona-60-kauczuku","status":"publish","type":"product","link":"https:\/\/wimar.net\/ro\/produs\/gumka-recepturka-40x12mm-czerwona-60-kauczuku\/","title":{"rendered":"Gumka recepturka 40&#215;1,2mm czerwona 60% kauczuku"},"content":{"rendered":"<p data-start=\"0\" data-end=\"55\"><strong data-start=\"0\" data-end=\"53\">Gumka recepturka 40&#215;1,2 mm czerwona \u2013 60% kauczuku<\/strong><\/p>\n<p data-start=\"0\" data-end=\"55\">Gumka recepturka elastyczna p\u0119telka wykonana z kauczuku, u\u017cywana do spinania i zabezpieczania przedmiot\u00f3w. Dzi\u0119ki swojej rozci\u0105gliwo\u015bci i wytrzyma\u0142o\u015bci znajduje zastosowanie w biurze, domu, przemy\u015ble i r\u0119kodziele.<\/p>\n<p data-start=\"57\" data-end=\"83\"><strong data-start=\"57\" data-end=\"81\">Caracteristici principale:<\/strong><\/p>\n<ul>\n<li data-start=\"85\" data-end=\"607\"><strong data-start=\"87\" data-end=\"103\">Elastyczno\u015b\u0107<\/strong> \u2013 Wykonana w 60% z kauczuku naturalnego, co zapewnia doskona\u0142\u0105 rozci\u0105gliwo\u015b\u0107 i odporno\u015b\u0107 na p\u0119kanie.<\/li>\n<li data-start=\"85\" data-end=\"607\"><strong data-start=\"209\" data-end=\"225\">Robuste\u021be<\/strong> \u2013 Wysoka jako\u015b\u0107 materia\u0142u sprawia, \u017ce gumka jest odporna na wielokrotne rozci\u0105ganie.<\/li>\n<li data-start=\"85\" data-end=\"607\"><strong data-start=\"315\" data-end=\"339\">Wielokrotnego u\u017cytku<\/strong> \u2013 Nadaje si\u0119 do wielokrotnego stosowania bez utraty w\u0142a\u015bciwo\u015bci.<\/li>\n<li data-start=\"85\" data-end=\"607\"><strong data-start=\"409\" data-end=\"426\">Uniwersalno\u015b\u0107<\/strong> \u2013 Mo\u017ce by\u0107 wykorzystywana w biurze, domu, magazynie, a tak\u017ce w r\u0119kodziele i pakowaniu.<\/li>\n<li data-start=\"85\" data-end=\"607\"><strong>\u015arednica<\/strong> &#8211; 40mm<\/li>\n<li data-start=\"85\" data-end=\"607\"><strong>Szeroko\u015b\u0107<\/strong> &#8211; 1,2mm<\/li>\n<li><strong>Dost\u0119pna w kolorach<\/strong> &#8211; czerwony, zielony.<\/li>\n<\/ul>","protected":false},"excerpt":{"rendered":"<p>Gumka recepturka 40&#215;1,2 mm czerwona \u2013 60% kauczuku Gumka recepturka elastyczna p\u0119telka wykonana z kauczuku, u\u017cywana do spinania i zabezpieczania przedmiot\u00f3w. Dzi\u0119ki swojej rozci\u0105gliwo\u015bci i wytrzyma\u0142o\u015bci znajduje zastosowanie w biurze, domu, przemy\u015ble i r\u0119kodziele. Najwa\u017cniejsze cechy: Elastyczno\u015b\u0107 \u2013 Wykonana w 60% z kauczuku naturalnego, co zapewnia doskona\u0142\u0105 rozci\u0105gliwo\u015b\u0107 i odporno\u015b\u0107 na p\u0119kanie. Wytrzyma\u0142o\u015b\u0107 \u2013 Wysoka [&hellip;]<\/p>","protected":false},"featured_media":4269,"template":"","meta":{"site-sidebar-layout":"default","site-content-layout":"","ast-site-content-layout":"default","site-content-style":"default","site-sidebar-style":"default","ast-global-header-display":"","ast-banner-title-visibility":"","ast-main-header-display":"","ast-hfb-above-header-display":"","ast-hfb-below-header-display":"","ast-hfb-mobile-header-display":"","site-post-title":"","ast-breadcrumbs-content":"","ast-featured-img":"","footer-sml-layout":"","theme-transparent-header-meta":"default","adv-header-id-meta":"","stick-header-meta":"default","header-above-stick-meta":"","header-main-stick-meta":"","header-below-stick-meta":"","astra-migrate-meta-layouts":"set","ast-page-background-enabled":"default","ast-page-background-meta":{"desktop":{"background-color":"var(--ast-global-color-4)","background-image":"","background-repeat":"repeat","background-position":"center center","background-size":"auto","background-attachment":"scroll","background-type":"","background-media":"","overlay-type":"","overlay-color":"","overlay-opacity":"","overlay-gradient":""},"tablet":{"background-color":"","background-image":"","background-repeat":"repeat","background-position":"center center","background-size":"auto","background-attachment":"scroll","background-type":"","background-media":"","overlay-type":"","overlay-color":"","overlay-opacity":"","overlay-gradient":""},"mobile":{"background-color":"","background-image":"","background-repeat":"repeat","background-position":"center center","background-size":"auto","background-attachment":"scroll","background-type":"","background-media":"","overlay-type":"","overlay-color":"","overlay-opacity":"","overlay-gradient":""}},"ast-content-background-meta":{"desktop":{"background-color":"var(--ast-global-color-5)","background-image":"","background-repeat":"repeat","background-position":"center center","background-size":"auto","background-attachment":"scroll","background-type":"","background-media":"","overlay-type":"","overlay-color":"","overlay-opacity":"","overlay-gradient":""},"tablet":{"background-color":"var(--ast-global-color-5)","background-image":"","background-repeat":"repeat","background-position":"center center","background-size":"auto","background-attachment":"scroll","background-type":"","background-media":"","overlay-type":"","overlay-color":"","overlay-opacity":"","overlay-gradient":""},"mobile":{"background-color":"var(--ast-global-color-5)","background-image":"","background-repeat":"repeat","background-position":"center center","background-size":"auto","background-attachment":"scroll","background-type":"","background-media":"","overlay-type":"","overlay-color":"","overlay-opacity":"","overlay-gradient":""}}},"product_brand":[],"product_cat":[232],"product_tag":[],"class_list":{"0":"post-4333","1":"product","2":"type-product","3":"status-publish","4":"has-post-thumbnail","6":"product_cat-gumki-kauczukowe","7":"desktop-align-left","8":"tablet-align-left","9":"mobile-align-left","10":"ast-product-gallery-layout-horizontal","11":"ast-product-tabs-layout-horizontal","13":"first","14":"instock","15":"shipping-taxable","16":"product-type-simple"},"_links":{"self":[{"href":"https:\/\/wimar.net\/ro\/wp-json\/wp\/v2\/product\/4333","targetHints":{"allow":["GET"]}}],"collection":[{"href":"https:\/\/wimar.net\/ro\/wp-json\/wp\/v2\/product"}],"about":[{"href":"https:\/\/wimar.net\/ro\/wp-json\/wp\/v2\/types\/product"}],"version-history":[{"count":3,"href":"https:\/\/wimar.net\/ro\/wp-json\/wp\/v2\/product\/4333\/revisions"}],"predecessor-version":[{"id":6364,"href":"https:\/\/wimar.net\/ro\/wp-json\/wp\/v2\/product\/4333\/revisions\/6364"}],"wp:featuredmedia":[{"embeddable":true,"href":"https:\/\/wimar.net\/ro\/wp-json\/wp\/v2\/media\/4269"}],"wp:attachment":[{"href":"https:\/\/wimar.net\/ro\/wp-json\/wp\/v2\/media?parent=4333"}],"wp:term":[{"taxonomy":"product_brand","embeddable":true,"href":"https:\/\/wimar.net\/ro\/wp-json\/wp\/v2\/product_brand?post=4333"},{"taxonomy":"product_cat","embeddable":true,"href":"https:\/\/wimar.net\/ro\/wp-json\/wp\/v2\/product_cat?post=4333"},{"taxonomy":"product_tag","embeddable":true,"href":"https:\/\/wimar.net\/ro\/wp-json\/wp\/v2\/product_tag?post=4333"}],"curies":[{"name":"wp","href":"https:\/\/api.w.org\/{rel}","templated":true}]}}