{"id":5280,"date":"2025-03-14T11:28:20","date_gmt":"2025-03-14T10:28:20","guid":{"rendered":"https:\/\/wimar.net\/?post_type=product&#038;p=5280"},"modified":"2025-03-19T15:04:42","modified_gmt":"2025-03-19T14:04:42","slug":"doniczki-szkolkarskie-mastello-200l-75cm","status":"publish","type":"product","link":"https:\/\/wimar.net\/ro\/produs\/doniczki-szkolkarskie-mastello-200l-75cm\/","title":{"rendered":"Doniczki szk\u00f3\u0142karskie MASTELLO, dost\u0119pne r\u00f3\u017cne rozmiary"},"content":{"rendered":"<h3 data-start=\"0\" data-end=\"80\"><strong data-start=\"0\" data-end=\"78\">Ghivece de pepinier\u0103<\/strong><\/h3>\n<p data-start=\"69\" data-end=\"283\">Doniczki szk\u00f3\u0142karskie to wytrzyma\u0142e i funkcjonalne pojemniki przeznaczone do uprawy ro\u015blin. Wykonane z wysokiej jako\u015bci materia\u0142\u00f3w, zapewniaj\u0105 optymalne warunki do wzrostu sadzonek, gwarantuj\u0105c ich zdrowy rozw\u00f3j.<\/p>\n<h4 data-start=\"285\" data-end=\"316\"><strong data-start=\"290\" data-end=\"314\">Caracteristici principale:<\/strong><\/h4>\n<ul>\n<li data-start=\"318\" data-end=\"878\"><strong data-start=\"320\" data-end=\"332\">Trwa\u0142o\u015b\u0107<\/strong> \u2013 Wykonane z mocnego, odpornego na uszkodzenia materia\u0142u, kt\u00f3ry zapewnia d\u0142ugowieczno\u015b\u0107 u\u017cytkowania.<\/li>\n<li data-start=\"318\" data-end=\"878\"><strong data-start=\"438\" data-end=\"453\">Ekologiczne<\/strong> \u2013 Mo\u017cliwo\u015b\u0107 recyklingu sprawia, \u017ce s\u0105 przyjazne dla \u015brodowiska.<\/li>\n<li data-start=\"318\" data-end=\"878\"><strong data-start=\"522\" data-end=\"559\">Przepuszczalno\u015b\u0107 powietrza i wody<\/strong> \u2013 Odpowiednio zaprojektowane otwory drena\u017cowe zapobiegaj\u0105 zastojowi wody i gniciu korzeni.<\/li>\n<li data-start=\"318\" data-end=\"878\"><strong data-start=\"655\" data-end=\"675\">Lekko\u015b\u0107 i wygoda<\/strong> \u2013 \u0141atwe w przenoszeniu i przechowywaniu, co u\u0142atwia prac\u0119 w szk\u00f3\u0142kach i ogrodach.<\/li>\n<li data-start=\"318\" data-end=\"878\"><strong>Kraj produkcji<\/strong> &#8211; W\u0142ochy<\/li>\n<li data-start=\"318\" data-end=\"878\"><strong>DOST\u0118PNE ROZMIARY:<\/strong><\/li>\n<\/ul>\n<p><img fetchpriority=\"high\" decoding=\"async\" class=\"wp-image-5908 aligncenter\" src=\"https:\/\/wimar.net\/wp-content\/uploads\/2025\/03\/mastello2-300x78.jpg\" alt=\"\" width=\"596\" height=\"155\" srcset=\"https:\/\/wimar.net\/wp-content\/uploads\/2025\/03\/mastello2-300x78.jpg 300w, https:\/\/wimar.net\/wp-content\/uploads\/2025\/03\/mastello2-1024x265.jpg 1024w, https:\/\/wimar.net\/wp-content\/uploads\/2025\/03\/mastello2-768x199.jpg 768w, https:\/\/wimar.net\/wp-content\/uploads\/2025\/03\/mastello2-600x155.jpg 600w, https:\/\/wimar.net\/wp-content\/uploads\/2025\/03\/mastello2-64x17.jpg 64w, https:\/\/wimar.net\/wp-content\/uploads\/2025\/03\/mastello2.jpg 1323w\" sizes=\"(max-width: 596px) 100vw, 596px\" \/><\/p>\n<h4 data-start=\"880\" data-end=\"904\"><strong data-start=\"885\" data-end=\"902\">Cerere:<\/strong><\/h4>\n<ul>\n<li data-start=\"906\" data-end=\"1320\"><strong data-start=\"909\" data-end=\"936\">Rozsada i uprawa ro\u015blin<\/strong> \u2013 Idealne dla drzewek, krzew\u00f3w, warzyw i kwiat\u00f3w.<\/li>\n<li data-start=\"906\" data-end=\"1320\"><strong data-start=\"992\" data-end=\"1028\">Hodowla w tunelach i szklarniach<\/strong> \u2013 Umo\u017cliwiaj\u0105 kontrolowany wzrost ro\u015blin w profesjonalnych warunkach.<\/li>\n<li data-start=\"906\" data-end=\"1320\"><strong data-start=\"1104\" data-end=\"1126\">Transport sadzonek<\/strong> \u2013 Dzi\u0119ki wytrzyma\u0142o\u015bci doniczki chroni\u0105 ro\u015bliny podczas przewo\u017cenia.<\/li>\n<li data-start=\"906\" data-end=\"1320\"><strong data-start=\"1201\" data-end=\"1230\">Ogrody domowe i balkonowe<\/strong> \u2013 \u015awietna alternatywa dla tradycyjnych donic, pozwalaj\u0105ca na \u0142atwe przesadzanie ro\u015blin.<\/li>\n<\/ul>\n<h4 data-start=\"1322\" data-end=\"1377\"><strong data-start=\"1327\" data-end=\"1375\">Dlaczego warto wybra\u0107 doniczki szk\u00f3\u0142karskie?<\/strong><\/h4>\n<p data-start=\"1379\" data-end=\"1607\" data-is-last-node=\"\" data-is-only-node=\"\">Doniczki szk\u00f3\u0142karskie to niezawodne i ekonomiczne rozwi\u0105zanie zar\u00f3wno dla profesjonalnych szk\u00f3\u0142ek ro\u015blin, jak i ogrodnik\u00f3w-amator\u00f3w. Ich trwa\u0142o\u015b\u0107, funkcjonalno\u015b\u0107 i ekologiczne aspekty sprawiaj\u0105, \u017ce s\u0105 doskona\u0142ym wyborem na lata.<\/p>","protected":false},"excerpt":{"rendered":"<p>Doniczki szk\u00f3\u0142karskie Doniczki szk\u00f3\u0142karskie to wytrzyma\u0142e i funkcjonalne pojemniki przeznaczone do uprawy ro\u015blin. Wykonane z wysokiej jako\u015bci materia\u0142\u00f3w, zapewniaj\u0105 optymalne warunki do wzrostu sadzonek, gwarantuj\u0105c ich zdrowy rozw\u00f3j. Najwa\u017cniejsze cechy: Trwa\u0142o\u015b\u0107 \u2013 Wykonane z mocnego, odpornego na uszkodzenia materia\u0142u, kt\u00f3ry zapewnia d\u0142ugowieczno\u015b\u0107 u\u017cytkowania. Ekologiczne \u2013 Mo\u017cliwo\u015b\u0107 recyklingu sprawia, \u017ce s\u0105 przyjazne dla \u015brodowiska. Przepuszczalno\u015b\u0107 powietrza [&hellip;]<\/p>","protected":false},"featured_media":5282,"template":"","meta":{"site-sidebar-layout":"default","site-content-layout":"","ast-site-content-layout":"default","site-content-style":"default","site-sidebar-style":"default","ast-global-header-display":"","ast-banner-title-visibility":"","ast-main-header-display":"","ast-hfb-above-header-display":"","ast-hfb-below-header-display":"","ast-hfb-mobile-header-display":"","site-post-title":"","ast-breadcrumbs-content":"","ast-featured-img":"","footer-sml-layout":"","theme-transparent-header-meta":"default","adv-header-id-meta":"","stick-header-meta":"default","header-above-stick-meta":"","header-main-stick-meta":"","header-below-stick-meta":"","astra-migrate-meta-layouts":"set","ast-page-background-enabled":"default","ast-page-background-meta":{"desktop":{"background-color":"var(--ast-global-color-4)","background-image":"","background-repeat":"repeat","background-position":"center center","background-size":"auto","background-attachment":"scroll","background-type":"","background-media":"","overlay-type":"","overlay-color":"","overlay-opacity":"","overlay-gradient":""},"tablet":{"background-color":"","background-image":"","background-repeat":"repeat","background-position":"center center","background-size":"auto","background-attachment":"scroll","background-type":"","background-media":"","overlay-type":"","overlay-color":"","overlay-opacity":"","overlay-gradient":""},"mobile":{"background-color":"","background-image":"","background-repeat":"repeat","background-position":"center center","background-size":"auto","background-attachment":"scroll","background-type":"","background-media":"","overlay-type":"","overlay-color":"","overlay-opacity":"","overlay-gradient":""}},"ast-content-background-meta":{"desktop":{"background-color":"var(--ast-global-color-5)","background-image":"","background-repeat":"repeat","background-position":"center center","background-size":"auto","background-attachment":"scroll","background-type":"","background-media":"","overlay-type":"","overlay-color":"","overlay-opacity":"","overlay-gradient":""},"tablet":{"background-color":"var(--ast-global-color-5)","background-image":"","background-repeat":"repeat","background-position":"center center","background-size":"auto","background-attachment":"scroll","background-type":"","background-media":"","overlay-type":"","overlay-color":"","overlay-opacity":"","overlay-gradient":""},"mobile":{"background-color":"var(--ast-global-color-5)","background-image":"","background-repeat":"repeat","background-position":"center center","background-size":"auto","background-attachment":"scroll","background-type":"","background-media":"","overlay-type":"","overlay-color":"","overlay-opacity":"","overlay-gradient":""}}},"product_brand":[],"product_cat":[246],"product_tag":[],"class_list":{"0":"post-5280","1":"product","2":"type-product","3":"status-publish","4":"has-post-thumbnail","6":"product_cat-doniczki-szkolkarskie-doniczki-i-kontenery","7":"desktop-align-left","8":"tablet-align-left","9":"mobile-align-left","10":"ast-product-gallery-layout-horizontal","11":"ast-product-tabs-layout-horizontal","13":"first","14":"instock","15":"shipping-taxable","16":"product-type-simple"},"_links":{"self":[{"href":"https:\/\/wimar.net\/ro\/wp-json\/wp\/v2\/product\/5280","targetHints":{"allow":["GET"]}}],"collection":[{"href":"https:\/\/wimar.net\/ro\/wp-json\/wp\/v2\/product"}],"about":[{"href":"https:\/\/wimar.net\/ro\/wp-json\/wp\/v2\/types\/product"}],"version-history":[{"count":5,"href":"https:\/\/wimar.net\/ro\/wp-json\/wp\/v2\/product\/5280\/revisions"}],"predecessor-version":[{"id":5909,"href":"https:\/\/wimar.net\/ro\/wp-json\/wp\/v2\/product\/5280\/revisions\/5909"}],"wp:featuredmedia":[{"embeddable":true,"href":"https:\/\/wimar.net\/ro\/wp-json\/wp\/v2\/media\/5282"}],"wp:attachment":[{"href":"https:\/\/wimar.net\/ro\/wp-json\/wp\/v2\/media?parent=5280"}],"wp:term":[{"taxonomy":"product_brand","embeddable":true,"href":"https:\/\/wimar.net\/ro\/wp-json\/wp\/v2\/product_brand?post=5280"},{"taxonomy":"product_cat","embeddable":true,"href":"https:\/\/wimar.net\/ro\/wp-json\/wp\/v2\/product_cat?post=5280"},{"taxonomy":"product_tag","embeddable":true,"href":"https:\/\/wimar.net\/ro\/wp-json\/wp\/v2\/product_tag?post=5280"}],"curies":[{"name":"wp","href":"https:\/\/api.w.org\/{rel}","templated":true}]}}