{"id":5861,"date":"2025-03-19T08:57:07","date_gmt":"2025-03-19T07:57:07","guid":{"rendered":"https:\/\/wimar.net\/?post_type=product&#038;p=5861"},"modified":"2025-03-19T09:49:07","modified_gmt":"2025-03-19T08:49:07","slug":"noz-do-szczepien-okulizak-due-buoi-205l-drewno","status":"publish","type":"product","link":"https:\/\/wimar.net\/ro\/produs\/noz-do-szczepien-okulizak-due-buoi-205l-drewno\/","title":{"rendered":"Cu\u021bit de altoit, caulizer Due Buoi 205L, lemn"},"content":{"rendered":"<h3 data-start=\"0\" data-end=\"298\">N\u00f3\u017c do szczepie\u0144, okulizak<\/h3>\n<p data-start=\"0\" data-end=\"298\">N\u00f3\u017c do szczepie\u0144, okulizak Due Buoi 205L z drewnian\u0105 r\u0119koje\u015bci\u0105 to precyzyjne narz\u0119dzie ogrodnicze, niezb\u0119dne w ka\u017cdym sadzie, szk\u00f3\u0142ce czy ogrodzie. Dzi\u0119ki solidnemu wykonaniu i ergonomicznemu kszta\u0142towi doskonale sprawdzi si\u0119 podczas szczepienia i okulizacji drzew oraz krzew\u00f3w owocowych i ozdobnych.<\/p>\n<p data-start=\"0\" data-end=\"298\">Due Buoi (Dwa Wo\u0142y) to rodzinna firma za\u0142o\u017cona w 1884 roku we W\u0142oszech od czterech pokole\u0144 produkuj\u0105ca no\u017ce i narz\u0119dzia dla rolnictwa. DueBuoi opracowa\u0142a w\u0142asn\u0105, pilnie przechowywan\u0105 metod\u0119 obr\u00f3bki metalu\u00a0<em>extra duro<\/em>, dzi\u0119ki kt\u00f3rej ostrza produkowanych no\u017cy i sekator\u00f3w zachowuj\u0105 wyj\u0105tkow\u0105 trwa\u0142o\u015b\u0107. Firma z Maniago (miasta sztu\u0107c\u00f3w) znana jest w Italii z produkcji no\u017cy kuchennych, szk\u00f3\u0142karskich i survivalowych, sekator\u00f3w i siekier.<\/p>\n<h3 data-start=\"300\" data-end=\"324\">Caracteristici principale:<\/h3>\n<ul>\n<li data-start=\"326\" data-end=\"993\"><strong data-start=\"330\" data-end=\"357\">Naturalno\u015b\u0107 i solidno\u015b\u0107<\/strong> \u2013 Wyposa\u017cony w wygodn\u0105 r\u0119koje\u015b\u0107 z naturalnego drewna, zapewniaj\u0105c\u0105 pewny chwyt i komfort pracy.<\/li>\n<li data-start=\"326\" data-end=\"993\"><strong data-start=\"458\" data-end=\"479\">Precyzyjne ostrze<\/strong> \u2013 Wysokiej jako\u015bci stalowe ostrze umo\u017cliwia dok\u0142adne i czyste ci\u0119cia niezb\u0119dne przy szczepieniach i okulizacji.<\/li>\n<li data-start=\"326\" data-end=\"993\"><strong data-start=\"596\" data-end=\"626\">Profesjonalne zastosowanie<\/strong> \u2013 Zaprojektowany z my\u015bl\u0105 o sadownikach, szk\u00f3\u0142karzach i ogrodnikach ceni\u0105cych sobie precyzj\u0119 i trwa\u0142o\u015b\u0107 narz\u0119dzi.<\/li>\n<li data-start=\"326\" data-end=\"993\"><strong data-start=\"744\" data-end=\"756\">Trwa\u0142o\u015b\u0107<\/strong> \u2013 Materia\u0142y wysokiej jako\u015bci zapewniaj\u0105 d\u0142ug\u0105 \u017cywotno\u015b\u0107 no\u017ca nawet przy intensywnym u\u017cytkowaniu.<\/li>\n<li data-start=\"326\" data-end=\"993\"><strong data-start=\"858\" data-end=\"872\">Por\u0119czno\u015b\u0107<\/strong> \u2013 Lekki, dobrze wywa\u017cony, idealnie le\u017cy w d\u0142oni, u\u0142atwiaj\u0105c precyzyjn\u0105 prac\u0119.<\/li>\n<li data-start=\"326\" data-end=\"993\"><strong>D\u0142ugo\u015b\u0107 ostrza<\/strong> &#8211; 4 cm<\/li>\n<li data-start=\"326\" data-end=\"993\"><strong>Rozmiar ca\u0142kowity<\/strong> &#8211; 16 cm<\/li>\n<li data-start=\"326\" data-end=\"993\"><strong>Materia\u0142<\/strong> &#8211; Drewno (r\u0119koje\u015b\u0107), lity mosi\u0105dz (wk\u0142adka), stal w\u0119glowa (ostrze)<\/li>\n<\/ul>\n<h3 data-start=\"995\" data-end=\"1012\">Cerere:<\/h3>\n<ul data-start=\"1014\" data-end=\"1347\">\n<li data-start=\"966\" data-end=\"1060\">\u00a0<strong data-start=\"979\" data-end=\"1020\">Szczepienie drzew i krzew\u00f3w owocowych<\/strong> \u2013 Doskona\u0142y do wykonywania naci\u0119\u0107 i przygotowywania zraz\u00f3w.<\/li>\n<li data-start=\"966\" data-end=\"1060\"><strong data-start=\"1086\" data-end=\"1100\">Okulizacja<\/strong> \u2013 Niezb\u0119dny przy precyzyjnym wykonywaniu oczek i szczepie\u0144 pod kor\u0119.<\/li>\n<li data-start=\"966\" data-end=\"1060\"><strong data-start=\"1175\" data-end=\"1210\">Prace szk\u00f3\u0142karskie i ogrodnicze<\/strong> \u2013 Przydatny wsz\u0119dzie tam, gdzie potrzebna jest precyzja i delikatno\u015b\u0107 ci\u0119cia.<\/li>\n<\/ul>\n<h3 data-start=\"1295\" data-end=\"1346\">Dlaczego warto wybra\u0107 n\u00f3\u017c do szczepie\u0144 Due Buoi 205L?<\/h3>\n<p data-start=\"1348\" data-end=\"1722\" data-is-last-node=\"\" data-is-only-node=\"\">N\u00f3\u017c Due Buoi 205L to niezawodne i profesjonalne narz\u0119dzie, kt\u00f3re dzi\u0119ki po\u0142\u0105czeniu precyzyjnego ostrza i drewnianej r\u0119koje\u015bci zapewnia komfort i skuteczno\u015b\u0107 pracy. Trwa\u0142y, por\u0119czny i \u0142atwy w obs\u0142udze, jest idealnym wyborem dla os\u00f3b zajmuj\u0105cych si\u0119 szczepieniem i okulizacj\u0105 ro\u015blin. To niezb\u0119dne wyposa\u017cenie ka\u017cdego ogrodnika i sadownika ceni\u0105cego jako\u015b\u0107 oraz tradycyjne wykonanie.<\/p>","protected":false},"excerpt":{"rendered":"<p>N\u00f3\u017c do szczepie\u0144, okulizak N\u00f3\u017c do szczepie\u0144, okulizak Due Buoi 205L z drewnian\u0105 r\u0119koje\u015bci\u0105 to precyzyjne narz\u0119dzie ogrodnicze, niezb\u0119dne w ka\u017cdym sadzie, szk\u00f3\u0142ce czy ogrodzie. Dzi\u0119ki solidnemu wykonaniu i ergonomicznemu kszta\u0142towi doskonale sprawdzi si\u0119 podczas szczepienia i okulizacji drzew oraz krzew\u00f3w owocowych i ozdobnych. Due Buoi (Dwa Wo\u0142y) to rodzinna firma za\u0142o\u017cona w 1884 roku [&hellip;]<\/p>","protected":false},"featured_media":5866,"template":"","meta":{"site-sidebar-layout":"default","site-content-layout":"","ast-site-content-layout":"default","site-content-style":"default","site-sidebar-style":"default","ast-global-header-display":"","ast-banner-title-visibility":"","ast-main-header-display":"","ast-hfb-above-header-display":"","ast-hfb-below-header-display":"","ast-hfb-mobile-header-display":"","site-post-title":"","ast-breadcrumbs-content":"","ast-featured-img":"","footer-sml-layout":"","theme-transparent-header-meta":"default","adv-header-id-meta":"","stick-header-meta":"default","header-above-stick-meta":"","header-main-stick-meta":"","header-below-stick-meta":"","astra-migrate-meta-layouts":"set","ast-page-background-enabled":"default","ast-page-background-meta":{"desktop":{"background-color":"var(--ast-global-color-4)","background-image":"","background-repeat":"repeat","background-position":"center center","background-size":"auto","background-attachment":"scroll","background-type":"","background-media":"","overlay-type":"","overlay-color":"","overlay-opacity":"","overlay-gradient":""},"tablet":{"background-color":"","background-image":"","background-repeat":"repeat","background-position":"center center","background-size":"auto","background-attachment":"scroll","background-type":"","background-media":"","overlay-type":"","overlay-color":"","overlay-opacity":"","overlay-gradient":""},"mobile":{"background-color":"","background-image":"","background-repeat":"repeat","background-position":"center center","background-size":"auto","background-attachment":"scroll","background-type":"","background-media":"","overlay-type":"","overlay-color":"","overlay-opacity":"","overlay-gradient":""}},"ast-content-background-meta":{"desktop":{"background-color":"var(--ast-global-color-5)","background-image":"","background-repeat":"repeat","background-position":"center center","background-size":"auto","background-attachment":"scroll","background-type":"","background-media":"","overlay-type":"","overlay-color":"","overlay-opacity":"","overlay-gradient":""},"tablet":{"background-color":"var(--ast-global-color-5)","background-image":"","background-repeat":"repeat","background-position":"center center","background-size":"auto","background-attachment":"scroll","background-type":"","background-media":"","overlay-type":"","overlay-color":"","overlay-opacity":"","overlay-gradient":""},"mobile":{"background-color":"var(--ast-global-color-5)","background-image":"","background-repeat":"repeat","background-position":"center center","background-size":"auto","background-attachment":"scroll","background-type":"","background-media":"","overlay-type":"","overlay-color":"","overlay-opacity":"","overlay-gradient":""}}},"product_brand":[],"product_cat":[253,258],"product_tag":[],"class_list":{"0":"post-5861","1":"product","2":"type-product","3":"status-publish","4":"has-post-thumbnail","6":"product_cat-noze","7":"product_cat-reczne-narzedzia-ogrodnicze","8":"desktop-align-left","9":"tablet-align-left","10":"mobile-align-left","11":"ast-product-gallery-layout-horizontal","12":"ast-product-tabs-layout-horizontal","14":"first","15":"instock","16":"shipping-taxable","17":"product-type-simple"},"_links":{"self":[{"href":"https:\/\/wimar.net\/ro\/wp-json\/wp\/v2\/product\/5861","targetHints":{"allow":["GET"]}}],"collection":[{"href":"https:\/\/wimar.net\/ro\/wp-json\/wp\/v2\/product"}],"about":[{"href":"https:\/\/wimar.net\/ro\/wp-json\/wp\/v2\/types\/product"}],"version-history":[{"count":3,"href":"https:\/\/wimar.net\/ro\/wp-json\/wp\/v2\/product\/5861\/revisions"}],"predecessor-version":[{"id":7314,"href":"https:\/\/wimar.net\/ro\/wp-json\/wp\/v2\/product\/5861\/revisions\/7314"}],"wp:featuredmedia":[{"embeddable":true,"href":"https:\/\/wimar.net\/ro\/wp-json\/wp\/v2\/media\/5866"}],"wp:attachment":[{"href":"https:\/\/wimar.net\/ro\/wp-json\/wp\/v2\/media?parent=5861"}],"wp:term":[{"taxonomy":"product_brand","embeddable":true,"href":"https:\/\/wimar.net\/ro\/wp-json\/wp\/v2\/product_brand?post=5861"},{"taxonomy":"product_cat","embeddable":true,"href":"https:\/\/wimar.net\/ro\/wp-json\/wp\/v2\/product_cat?post=5861"},{"taxonomy":"product_tag","embeddable":true,"href":"https:\/\/wimar.net\/ro\/wp-json\/wp\/v2\/product_tag?post=5861"}],"curies":[{"name":"wp","href":"https:\/\/api.w.org\/{rel}","templated":true}]}}