{"id":6467,"date":"2025-03-25T13:38:32","date_gmt":"2025-03-25T12:38:32","guid":{"rendered":"https:\/\/wimar.net\/?post_type=product&#038;p=6467"},"modified":"2025-03-25T13:39:11","modified_gmt":"2025-03-25T12:39:11","slug":"slupki-sadownicze-betonowe-320cm-przekroj-11x10cm-na-zamowienie","status":"publish","type":"product","link":"https:\/\/wimar.net\/ro\/produs\/slupki-sadownicze-betonowe-320cm-przekroj-11x10cm-na-zamowienie\/","title":{"rendered":"S\u0142upki sadownicze betonowe 320cm, przekr\u00f3j 11x10cm NA ZAM\u00d3WIENIE"},"content":{"rendered":"<h3 data-start=\"0\" data-end=\"51\"><strong data-start=\"0\" data-end=\"49\">St\u00e2lpi de livad\u0103 din beton<\/strong><\/h3>\n<p data-start=\"53\" data-end=\"324\">St\u00e2lpii de beton pentru livezi sunt un element de construc\u021bie robust \u0219i fiabil utilizat \u00een pomicultur\u0103 \u0219i agricultur\u0103. Datorit\u0103 solidit\u0103\u021bii \u0219i rezisten\u021bei lor la intemperii, acestea sunt ideale pentru construirea de schele permanente pentru culturile pomicole, cum ar fi planta\u021biile de mere, pere sau zmeur\u0103 \u0219i coac\u0103ze.<\/p>\n<h3 data-start=\"326\" data-end=\"356\"><strong data-start=\"330\" data-end=\"354\">Caracteristici principale:<\/strong><\/h3>\n<ul>\n<li data-start=\"358\" data-end=\"966\"><strong data-start=\"356\" data-end=\"378\">Durabilitate natural\u0103<\/strong> - Fabricate din beton de \u00eenalt\u0103 calitate, acestea ofer\u0103 stabilitate \u0219i mul\u021bi ani de rezisten\u021b\u0103 la deterior\u0103rile mecanice \u0219i la condi\u021biile meteorologice schimb\u0103toare.<\/li>\n<li data-start=\"358\" data-end=\"966\"><strong data-start=\"821\" data-end=\"837\">Robuste\u021be<\/strong> - Arm\u0103tura intern\u0103 ofer\u0103 rezisten\u021b\u0103 la sarcini grele, f\u0103c\u00e2ndu-le ideale pentru sistemele moderne de livezi.<\/li>\n<li data-start=\"358\" data-end=\"966\"><strong data-start=\"983\" data-end=\"1001\">Longevitate<\/strong> - Odat\u0103 instala\u021bi, st\u00e2lpii pot rezista zeci de ani f\u0103r\u0103 a trebui \u00eenlocui\u021bi.<\/li>\n<li data-start=\"358\" data-end=\"966\"><strong>Lungime<\/strong> &#8211; 320 cm<\/li>\n<li data-start=\"358\" data-end=\"966\"><strong>Sec\u021biune transversal\u0103<\/strong> &#8211; 11&#215;10 cm<\/li>\n<li data-start=\"358\" data-end=\"966\"><strong>PE ORDINE<\/strong><\/li>\n<\/ul>\n<h3 data-start=\"968\" data-end=\"991\"><strong data-start=\"972\" data-end=\"989\">Cerere:<\/strong><\/h3>\n<ul>\n<li data-start=\"993\" data-end=\"1407\"><strong data-start=\"1113\" data-end=\"1134\">Culturi pomicole<\/strong> - Ideal pentru sus\u021binerea pomilor fructiferi din livezile de meri, peri sau cire\u0219i.<\/li>\n<li data-start=\"993\" data-end=\"1407\"><strong data-start=\"1234\" data-end=\"1265\">Planta\u021bii de fructe de p\u0103dure<\/strong> - Indispensabil pentru zmeur\u0103, coac\u0103ze, coac\u0103ze sau vi\u021b\u0103 de vie.<\/li>\n<li data-start=\"993\" data-end=\"1407\"><strong data-start=\"1485\" data-end=\"1529\">Garduri \u0219i structuri agricole durabile<\/strong> - De asemenea, acestea pot fi utilizate la construirea de garduri sau alte instala\u021bii permanente pe teren.<\/li>\n<\/ul>\n<h3 class=\"\" data-start=\"1630\" data-end=\"1683\">De ce s\u0103 alege\u021bi st\u00e2lpi din beton pentru livezi?<\/h3>\n<p class=\"\" data-start=\"1685\" data-end=\"2039\">St\u00e2lpii din beton reprezint\u0103 o investi\u021bie pentru anii urm\u0103tori. Datorit\u0103 durabilit\u0103\u021bii \u0219i rezisten\u021bei lor la factorii externi, ace\u0219tia asigur\u0103 siguran\u021ba culturilor \u0219i reduc la minimum costurile de exploatare. Sunt stabili, ecologici \u0219i adapta\u021bi la sistemele moderne de gestionare a planta\u021biilor. Sunt un element indispensabil \u00een orice livad\u0103 sau ferm\u0103 profesional\u0103.<\/p>","protected":false},"excerpt":{"rendered":"<p>S\u0142upki sadownicze betonowe S\u0142upki sadownicze betonowe to solidny i niezawodny element konstrukcyjny wykorzystywany w sadownictwie i rolnictwie. Dzi\u0119ki swojej wytrzyma\u0142o\u015bci i odporno\u015bci na warunki atmosferyczne s\u0105 idealnym rozwi\u0105zaniem do budowy trwa\u0142ych rusztowa\u0144 dla upraw sadowniczych, takich jak jab\u0142onie, grusze czy plantacje malin i porzeczek. Najwa\u017cniejsze cechy: Naturalna trwa\u0142o\u015b\u0107 \u2013 Wykonane z wysokiej jako\u015bci betonu, zapewniaj\u0105 [&hellip;]<\/p>","protected":false},"featured_media":6464,"template":"","meta":{"site-sidebar-layout":"default","site-content-layout":"","ast-site-content-layout":"default","site-content-style":"default","site-sidebar-style":"default","ast-global-header-display":"","ast-banner-title-visibility":"","ast-main-header-display":"","ast-hfb-above-header-display":"","ast-hfb-below-header-display":"","ast-hfb-mobile-header-display":"","site-post-title":"","ast-breadcrumbs-content":"","ast-featured-img":"","footer-sml-layout":"","theme-transparent-header-meta":"default","adv-header-id-meta":"","stick-header-meta":"default","header-above-stick-meta":"","header-main-stick-meta":"","header-below-stick-meta":"","astra-migrate-meta-layouts":"set","ast-page-background-enabled":"default","ast-page-background-meta":{"desktop":{"background-color":"var(--ast-global-color-4)","background-image":"","background-repeat":"repeat","background-position":"center center","background-size":"auto","background-attachment":"scroll","background-type":"","background-media":"","overlay-type":"","overlay-color":"","overlay-opacity":"","overlay-gradient":""},"tablet":{"background-color":"","background-image":"","background-repeat":"repeat","background-position":"center center","background-size":"auto","background-attachment":"scroll","background-type":"","background-media":"","overlay-type":"","overlay-color":"","overlay-opacity":"","overlay-gradient":""},"mobile":{"background-color":"","background-image":"","background-repeat":"repeat","background-position":"center center","background-size":"auto","background-attachment":"scroll","background-type":"","background-media":"","overlay-type":"","overlay-color":"","overlay-opacity":"","overlay-gradient":""}},"ast-content-background-meta":{"desktop":{"background-color":"var(--ast-global-color-5)","background-image":"","background-repeat":"repeat","background-position":"center center","background-size":"auto","background-attachment":"scroll","background-type":"","background-media":"","overlay-type":"","overlay-color":"","overlay-opacity":"","overlay-gradient":""},"tablet":{"background-color":"var(--ast-global-color-5)","background-image":"","background-repeat":"repeat","background-position":"center center","background-size":"auto","background-attachment":"scroll","background-type":"","background-media":"","overlay-type":"","overlay-color":"","overlay-opacity":"","overlay-gradient":""},"mobile":{"background-color":"var(--ast-global-color-5)","background-image":"","background-repeat":"repeat","background-position":"center center","background-size":"auto","background-attachment":"scroll","background-type":"","background-media":"","overlay-type":"","overlay-color":"","overlay-opacity":"","overlay-gradient":""}}},"product_brand":[],"product_cat":[275],"product_tag":[],"class_list":{"0":"post-6467","1":"product","2":"type-product","3":"status-publish","4":"has-post-thumbnail","6":"product_cat-slupki-sadownicze-320cm-przekroj-11x10","7":"desktop-align-left","8":"tablet-align-left","9":"mobile-align-left","10":"ast-product-gallery-layout-horizontal","11":"ast-product-gallery-with-no-image","12":"ast-product-tabs-layout-horizontal","14":"first","15":"instock","16":"shipping-taxable","17":"product-type-simple"},"_links":{"self":[{"href":"https:\/\/wimar.net\/ro\/wp-json\/wp\/v2\/product\/6467","targetHints":{"allow":["GET"]}}],"collection":[{"href":"https:\/\/wimar.net\/ro\/wp-json\/wp\/v2\/product"}],"about":[{"href":"https:\/\/wimar.net\/ro\/wp-json\/wp\/v2\/types\/product"}],"version-history":[{"count":2,"href":"https:\/\/wimar.net\/ro\/wp-json\/wp\/v2\/product\/6467\/revisions"}],"predecessor-version":[{"id":7297,"href":"https:\/\/wimar.net\/ro\/wp-json\/wp\/v2\/product\/6467\/revisions\/7297"}],"wp:featuredmedia":[{"embeddable":true,"href":"https:\/\/wimar.net\/ro\/wp-json\/wp\/v2\/media\/6464"}],"wp:attachment":[{"href":"https:\/\/wimar.net\/ro\/wp-json\/wp\/v2\/media?parent=6467"}],"wp:term":[{"taxonomy":"product_brand","embeddable":true,"href":"https:\/\/wimar.net\/ro\/wp-json\/wp\/v2\/product_brand?post=6467"},{"taxonomy":"product_cat","embeddable":true,"href":"https:\/\/wimar.net\/ro\/wp-json\/wp\/v2\/product_cat?post=6467"},{"taxonomy":"product_tag","embeddable":true,"href":"https:\/\/wimar.net\/ro\/wp-json\/wp\/v2\/product_tag?post=6467"}],"curies":[{"name":"wp","href":"https:\/\/api.w.org\/{rel}","templated":true}]}}