{"id":2629,"date":"2024-11-19T08:36:54","date_gmt":"2024-11-19T07:36:54","guid":{"rendered":"https:\/\/wimar.net\/?post_type=product&#038;p=2629"},"modified":"2025-03-25T12:14:34","modified_gmt":"2025-03-25T11:14:34","slug":"%d0%bc%d1%96%d1%88%d0%be%d0%ba-%d0%bd%d0%b0-%d1%80%d1%83%d0%bb%d0%be%d0%bd%d1%96-46%d1%8565%d1%81%d0%bc-%d0%b4%d0%bb%d1%8f-%d0%ba%d0%b0%d1%80%d1%82%d0%be%d0%bf%d0%bb%d1%96-%d0%be%d0%b2%d0%be%d1%87-5","status":"publish","type":"product","link":"https:\/\/wimar.net\/uk\/product-2\/%d0%bc%d1%96%d1%88%d0%be%d0%ba-%d0%bd%d0%b0-%d1%80%d1%83%d0%bb%d0%be%d0%bd%d1%96-46%d1%8565%d1%81%d0%bc-%d0%b4%d0%bb%d1%8f-%d0%ba%d0%b0%d1%80%d1%82%d0%be%d0%bf%d0%bb%d1%96-%d0%be%d0%b2%d0%be%d1%87-5\/","title":{"rendered":"\u041c\u0456\u0448\u043e\u043a \u043d\u0430 \u0440\u0443\u043b\u043e\u043d\u0456 \u0434\u043b\u044f \u043e\u0432\u043e\u0447\u0456\u0432 46\u044565\u0441\u043c \u043d\u0430 \u0440\u0443\u043b\u043e\u043d\u0456 \u0434\u043b\u044f \u043e\u0432\u043e\u0447\u0456\u0432 - \u0436\u043e\u0432\u0442\u0438\u0439"},"content":{"rendered":"<h3 data-start=\"0\" data-end=\"78\"><strong data-start=\"0\" data-end=\"76\">\u0421\u0443\u043c\u043a\u0430-\u0440\u0430\u0448\u0435\u043b\u044c \u0432 \u0440\u0443\u043b\u043e\u043d\u0456 46\u00d765 \u0441\u043c\u00a0<\/strong><\/h3>\n<p data-start=\"0\" data-end=\"78\">\u041c\u0456\u0448\u043a\u0438 Raschel \u0432\u0438\u0433\u043e\u0442\u043e\u0432\u043b\u0435\u043d\u0456 \u0437 \u043c\u0456\u0446\u043d\u043e\u0457, \u043f\u043e\u0432\u0456\u0442\u0440\u043e\u043f\u0440\u043e\u043d\u0438\u043a\u043d\u043e\u0457 \u043f\u043e\u043b\u0456\u043f\u0440\u043e\u043f\u0456\u043b\u0435\u043d\u043e\u0432\u043e\u0457 \u0441\u0456\u0442\u043a\u0438, \u044f\u043a\u0430 \u0437\u0430\u0431\u0435\u0437\u043f\u0435\u0447\u0443\u0454 \u0434\u043e\u0441\u0442\u0430\u0442\u043d\u044e \u0446\u0438\u0440\u043a\u0443\u043b\u044f\u0446\u0456\u044e \u043f\u043e\u0432\u0456\u0442\u0440\u044f \u0456 \u0437\u0430\u0445\u0438\u0449\u0430\u0454 \u043f\u0440\u043e\u0434\u0443\u043a\u0442\u0438 \u0432\u0456\u0434 \u0432\u043e\u043b\u043e\u0433\u0438 \u0442\u0430 \u043f\u043b\u0456\u0441\u043d\u044f\u0432\u0438. \u0426\u0435 \u0440\u043e\u0431\u0438\u0442\u044c \u0457\u0445 \u0456\u0434\u0435\u0430\u043b\u044c\u043d\u0438\u043c\u0438 \u0434\u043b\u044f \u0437\u0431\u0435\u0440\u0456\u0433\u0430\u043d\u043d\u044f \u0442\u0430 \u0442\u0440\u0430\u043d\u0441\u043f\u043e\u0440\u0442\u0443\u0432\u0430\u043d\u043d\u044f \u0442\u0430\u043a\u0438\u0445 \u043e\u0432\u043e\u0447\u0456\u0432, \u044f\u043a \u043a\u0430\u0440\u0442\u043e\u043f\u043b\u044f, \u0446\u0438\u0431\u0443\u043b\u044f \u0442\u0430 \u043c\u043e\u0440\u043a\u0432\u0430.<\/p>\n<h3 data-start=\"413\" data-end=\"916\"><strong data-start=\"413\" data-end=\"437\">\u041e\u0441\u043d\u043e\u0432\u043d\u0456 \u0445\u0430\u0440\u0430\u043a\u0442\u0435\u0440\u0438\u0441\u0442\u0438\u043a\u0438:<\/strong><\/h3>\n<ul>\n<li data-start=\"413\" data-end=\"916\"><strong data-start=\"442\" data-end=\"458\">\u0412\u0435\u043d\u0442\u0438\u043b\u044f\u0446\u0456\u044f<\/strong> - \u0421\u0456\u0442\u0447\u0430\u0441\u0442\u0430 \u043a\u043e\u043d\u0441\u0442\u0440\u0443\u043a\u0446\u0456\u044f \u0434\u043e\u0437\u0432\u043e\u043b\u044f\u0454 \u043f\u043e\u0432\u0456\u0442\u0440\u044e \u0446\u0438\u0440\u043a\u0443\u043b\u044e\u0432\u0430\u0442\u0438, \u0437\u0430\u043f\u043e\u0431\u0456\u0433\u0430\u044e\u0447\u0438 \u043f\u0441\u0443\u0432\u0430\u043d\u043d\u044e.<\/li>\n<li data-start=\"413\" data-end=\"916\"><strong data-start=\"553\" data-end=\"565\">\u0421\u0442\u0430\u043b\u0438\u0439 \u0440\u043e\u0437\u0432\u0438\u0442\u043e\u043a<\/strong> - \u0432\u0438\u0433\u043e\u0442\u043e\u0432\u043b\u0435\u043d\u0438\u0439 \u0437 \u043c\u0456\u0446\u043d\u043e\u0433\u043e, \u0441\u0442\u0456\u0439\u043a\u043e\u0433\u043e \u0434\u043e \u0440\u043e\u0437\u0440\u0438\u0432\u0456\u0432 \u0442\u0430 \u0432\u043e\u043b\u043e\u0433\u0438 \u043c\u0430\u0442\u0435\u0440\u0456\u0430\u043b\u0443.<\/li>\n<li data-start=\"413\" data-end=\"916\"><strong data-start=\"639\" data-end=\"660\">\u041f\u0440\u043e\u0441\u0442\u0438\u0439 \u0443 \u0432\u0438\u043a\u043e\u0440\u0438\u0441\u0442\u0430\u043d\u043d\u0456<\/strong> - \u0440\u0443\u043b\u043e\u043d\u043d\u0456 \u043f\u0430\u043a\u0435\u0442\u0438 \u043c\u043e\u0436\u043d\u0430 \u043b\u0435\u0433\u043a\u043e \u0440\u043e\u0437\u0440\u0456\u0437\u0430\u0442\u0438 \u043d\u0430 \u043d\u0435\u043e\u0431\u0445\u0456\u0434\u043d\u0443 \u0434\u043e\u0432\u0436\u0438\u043d\u0443.<\/li>\n<li data-start=\"413\" data-end=\"916\"><strong data-start=\"722\" data-end=\"741\">\u0423\u043d\u0456\u0432\u0435\u0440\u0441\u0430\u043b\u044c\u043d\u0456\u0441\u0442\u044c<\/strong> - \u0456\u0434\u0435\u0430\u043b\u044c\u043d\u043e \u043f\u0456\u0434\u0445\u043e\u0434\u0438\u0442\u044c \u0434\u043b\u044f \u043f\u0430\u043a\u0443\u0432\u0430\u043d\u043d\u044f \u0442\u0430 \u0437\u0431\u0435\u0440\u0456\u0433\u0430\u043d\u043d\u044f \u043e\u0432\u043e\u0447\u0456\u0432, \u0444\u0440\u0443\u043a\u0442\u0456\u0432 \u0442\u0430 \u0456\u043d\u0448\u0438\u0445 \u0441\u0456\u043b\u044c\u0441\u044c\u043a\u043e\u0433\u043e\u0441\u043f\u043e\u0434\u0430\u0440\u0441\u044c\u043a\u0438\u0445 \u043f\u0440\u043e\u0434\u0443\u043a\u0442\u0456\u0432.<\/li>\n<li data-start=\"413\" data-end=\"916\"><strong data-start=\"834\" data-end=\"846\">\u0415\u043a\u043e\u043d\u043e\u043c\u0456\u043a\u0430<\/strong> - \u043f\u0440\u043e\u0434\u0430\u0454\u0442\u044c\u0441\u044f \u0432 \u0440\u0443\u043b\u043e\u043d\u0430\u0445 \u0434\u043b\u044f \u0437\u0440\u0443\u0447\u043d\u043e\u0433\u043e \u0442\u0430 \u0435\u043a\u043e\u043d\u043e\u043c\u043d\u043e\u0433\u043e \u0432\u0438\u043a\u043e\u0440\u0438\u0441\u0442\u0430\u043d\u043d\u044f.<\/li>\n<li data-start=\"413\" data-end=\"916\"><strong>\u0420\u043e\u0437\u043c\u0456\u0440\u0438<\/strong> - 46 x 65 \u0441\u043c<\/li>\n<li data-start=\"413\" data-end=\"916\"><strong>\u041a\u043e\u0440\u0438\u0441\u043d\u0435 \u043d\u0430\u0432\u0430\u043d\u0442\u0430\u0436\u0435\u043d\u043d\u044f<\/strong> - 15 \u043a\u0433<\/li>\n<li data-start=\"413\" data-end=\"916\"><strong>\u041a\u0456\u043b\u044c\u043a\u0456\u0441\u0442\u044c \u0432 \u0440\u0443\u043b\u043e\u043d\u0456<\/strong> - 2500 \u0448\u0442\u0443\u043a<\/li>\n<li><strong>\u0414\u043e\u0441\u0442\u0443\u043f\u043d\u0456 \u0432 \u0440\u0456\u0437\u043d\u0438\u0445 \u043a\u043e\u043b\u044c\u043e\u0440\u0430\u0445<\/strong> - \u0431\u0456\u043b\u0438\u0439, \u0431\u043e\u0440\u0434\u043e\u0432\u0438\u0439, \u0447\u0435\u0440\u0432\u043e\u043d\u0438\u0439, \u0444\u0456\u043e\u043b\u0435\u0442\u043e\u0432\u0438\u0439, \u043f\u043e\u043c\u0430\u0440\u0430\u043d\u0447\u0435\u0432\u0438\u0439, \u0436\u043e\u0432\u0442\u0438\u0439.<\/li>\n<\/ul>\n<h3 data-start=\"918\" data-end=\"1113\"><strong data-start=\"918\" data-end=\"935\">\u0417\u0430\u044f\u0432\u043a\u0430:<\/strong><\/h3>\n<ul>\n<li data-start=\"918\" data-end=\"1113\">\u0417\u0431\u0435\u0440\u0456\u0433\u0430\u043d\u043d\u044f \u0442\u0430 \u0442\u0440\u0430\u043d\u0441\u043f\u043e\u0440\u0442\u0443\u0432\u0430\u043d\u043d\u044f \u043e\u0432\u043e\u0447\u0456\u0432 (\u043a\u0430\u0440\u0442\u043e\u043f\u043b\u044f, \u0446\u0438\u0431\u0443\u043b\u044f, \u043c\u043e\u0440\u043a\u0432\u0430, \u0431\u0443\u0440\u044f\u043a).<\/li>\n<li data-start=\"918\" data-end=\"1113\">\u0417\u0431\u0435\u0440\u0456\u0433\u0430\u043d\u043d\u044f \u0442\u0430 \u043f\u0440\u043e\u0434\u0430\u0436 \u0441\u0456\u043b\u044c\u0441\u044c\u043a\u043e\u0433\u043e\u0441\u043f\u043e\u0434\u0430\u0440\u0441\u044c\u043a\u043e\u0457 \u043f\u0440\u043e\u0434\u0443\u043a\u0446\u0456\u0457.<\/li>\n<\/ul>\n<h3 data-start=\"1115\" data-end=\"1492\"><strong data-start=\"1115\" data-end=\"1156\">\u0427\u043e\u043c\u0443 \u0432\u0430\u0440\u0442\u043e \u043e\u0431\u0438\u0440\u0430\u0442\u0438 \u0441\u0443\u043c\u043a\u0438-\u0440\u044e\u043a\u0437\u0430\u043a\u0438?<\/strong><\/h3>\n<p>\u041c\u0456\u0448\u043a\u0438 Raschel - \u0446\u0435 \u043f\u0440\u0430\u043a\u0442\u0438\u0447\u043d\u0435 \u0442\u0430 \u0435\u043a\u043e\u043d\u043e\u043c\u0456\u0447\u043d\u0435 \u0440\u0456\u0448\u0435\u043d\u043d\u044f \u0434\u043b\u044f \u0444\u0435\u0440\u043c\u0435\u0440\u0441\u044c\u043a\u0438\u0445 \u0433\u043e\u0441\u043f\u043e\u0434\u0430\u0440\u0441\u0442\u0432 \u0442\u0430 \u043e\u0432\u043e\u0447\u0435\u0441\u0445\u043e\u0432\u0438\u0449. \u0417\u0430\u0432\u0434\u044f\u043a\u0438 \u043f\u043e\u0432\u0456\u0442\u0440\u043e\u043f\u0440\u043e\u043d\u0438\u043a\u043d\u043e\u0441\u0442\u0456 \u0442\u0430 \u043c\u0456\u0446\u043d\u043e\u0441\u0442\u0456 \u0432\u043e\u043d\u0438 \u0456\u0434\u0435\u0430\u043b\u044c\u043d\u043e \u043f\u0456\u0434\u0445\u043e\u0434\u044f\u0442\u044c \u0434\u043b\u044f \u0437\u0431\u0435\u0440\u0456\u0433\u0430\u043d\u043d\u044f \u043f\u0440\u043e\u0434\u0443\u043a\u0442\u0456\u0432, \u044f\u043a\u0456 \u043f\u043e\u0442\u0440\u0435\u0431\u0443\u044e\u0442\u044c \u0434\u043e\u0441\u0442\u0443\u043f\u0443 \u043f\u043e\u0432\u0456\u0442\u0440\u044f. \u041c\u0456\u0448\u043a\u0438 \u0441\u0443\u043c\u0456\u0441\u043d\u0456 \u0437 \u0443\u0441\u0456\u043c\u0430 \u0442\u0438\u043f\u0430\u043c\u0438 \u0440\u0430\u0448\u0435\u043b\u044c-\u043c\u0430\u0448\u0438\u043d, \u0434\u043e\u0441\u0442\u0443\u043f\u043d\u0438\u0445 \u043d\u0430 \u0440\u0438\u043d\u043a\u0443.<\/p>","protected":false},"excerpt":{"rendered":"<p>Worek raszlowy na roli 46&#215;65 cm\u00a0 Worki raszlowe wykonane s\u0105 z wytrzyma\u0142ej, przewiewnej siatki polipropylenowej, co zapewnia odpowiedni\u0105 cyrkulacj\u0119 powietrza i chroni produkty przed wilgoci\u0105 oraz ple\u015bni\u0105. Dzi\u0119ki temu doskonale sprawdzaj\u0105 si\u0119 do przechowywania i transportu warzyw, takich jak ziemniaki, cebula, marchew. Najwa\u017cniejsze cechy: Przewiewno\u015b\u0107 \u2013 konstrukcja siatkowa umo\u017cliwia cyrkulacj\u0119 powietrza, co zapobiega psuciu si\u0119 [&hellip;]<\/p>","protected":false},"featured_media":2595,"template":"","meta":{"site-sidebar-layout":"default","site-content-layout":"","ast-site-content-layout":"default","site-content-style":"default","site-sidebar-style":"default","ast-global-header-display":"","ast-banner-title-visibility":"","ast-main-header-display":"","ast-hfb-above-header-display":"","ast-hfb-below-header-display":"","ast-hfb-mobile-header-display":"","site-post-title":"","ast-breadcrumbs-content":"","ast-featured-img":"","footer-sml-layout":"","theme-transparent-header-meta":"default","adv-header-id-meta":"","stick-header-meta":"default","header-above-stick-meta":"","header-main-stick-meta":"","header-below-stick-meta":"","astra-migrate-meta-layouts":"set","ast-page-background-enabled":"default","ast-page-background-meta":{"desktop":{"background-color":"var(--ast-global-color-4)","background-image":"","background-repeat":"repeat","background-position":"center center","background-size":"auto","background-attachment":"scroll","background-type":"","background-media":"","overlay-type":"","overlay-color":"","overlay-opacity":"","overlay-gradient":""},"tablet":{"background-color":"","background-image":"","background-repeat":"repeat","background-position":"center center","background-size":"auto","background-attachment":"scroll","background-type":"","background-media":"","overlay-type":"","overlay-color":"","overlay-opacity":"","overlay-gradient":""},"mobile":{"background-color":"","background-image":"","background-repeat":"repeat","background-position":"center center","background-size":"auto","background-attachment":"scroll","background-type":"","background-media":"","overlay-type":"","overlay-color":"","overlay-opacity":"","overlay-gradient":""}},"ast-content-background-meta":{"desktop":{"background-color":"var(--ast-global-color-5)","background-image":"","background-repeat":"repeat","background-position":"center center","background-size":"auto","background-attachment":"scroll","background-type":"","background-media":"","overlay-type":"","overlay-color":"","overlay-opacity":"","overlay-gradient":""},"tablet":{"background-color":"var(--ast-global-color-5)","background-image":"","background-repeat":"repeat","background-position":"center center","background-size":"auto","background-attachment":"scroll","background-type":"","background-media":"","overlay-type":"","overlay-color":"","overlay-opacity":"","overlay-gradient":""},"mobile":{"background-color":"var(--ast-global-color-5)","background-image":"","background-repeat":"repeat","background-position":"center center","background-size":"auto","background-attachment":"scroll","background-type":"","background-media":"","overlay-type":"","overlay-color":"","overlay-opacity":"","overlay-gradient":""}}},"product_brand":[],"product_cat":[108],"product_tag":[],"class_list":{"0":"post-2629","1":"product","2":"type-product","3":"status-publish","4":"has-post-thumbnail","6":"product_cat-46x65-2500-szt-rola","7":"desktop-align-left","8":"tablet-align-left","9":"mobile-align-left","10":"ast-product-gallery-layout-horizontal","11":"ast-product-tabs-layout-horizontal","13":"first","14":"instock","15":"shipping-taxable","16":"product-type-simple"},"_links":{"self":[{"href":"https:\/\/wimar.net\/uk\/wp-json\/wp\/v2\/product\/2629","targetHints":{"allow":["GET"]}}],"collection":[{"href":"https:\/\/wimar.net\/uk\/wp-json\/wp\/v2\/product"}],"about":[{"href":"https:\/\/wimar.net\/uk\/wp-json\/wp\/v2\/types\/product"}],"version-history":[{"count":5,"href":"https:\/\/wimar.net\/uk\/wp-json\/wp\/v2\/product\/2629\/revisions"}],"predecessor-version":[{"id":6440,"href":"https:\/\/wimar.net\/uk\/wp-json\/wp\/v2\/product\/2629\/revisions\/6440"}],"wp:featuredmedia":[{"embeddable":true,"href":"https:\/\/wimar.net\/uk\/wp-json\/wp\/v2\/media\/2595"}],"wp:attachment":[{"href":"https:\/\/wimar.net\/uk\/wp-json\/wp\/v2\/media?parent=2629"}],"wp:term":[{"taxonomy":"product_brand","embeddable":true,"href":"https:\/\/wimar.net\/uk\/wp-json\/wp\/v2\/product_brand?post=2629"},{"taxonomy":"product_cat","embeddable":true,"href":"https:\/\/wimar.net\/uk\/wp-json\/wp\/v2\/product_cat?post=2629"},{"taxonomy":"product_tag","embeddable":true,"href":"https:\/\/wimar.net\/uk\/wp-json\/wp\/v2\/product_tag?post=2629"}],"curies":[{"name":"wp","href":"https:\/\/api.w.org\/{rel}","templated":true}]}}