{"id":3055,"date":"2024-12-06T13:03:07","date_gmt":"2024-12-06T12:03:07","guid":{"rendered":"https:\/\/wimar.net\/?post_type=product&#038;p=3055"},"modified":"2025-03-18T09:37:24","modified_gmt":"2025-03-18T08:37:24","slug":"%d0%b1%d1%80%d0%b5%d0%b7%d0%b5%d0%bd%d1%82-%d0%bf%d1%8d-%d0%b7%d0%b5%d0%bb%d0%b5%d0%bd%d0%b8%d0%b9-%d0%bc%d1%96%d1%86%d0%bd%d0%b8%d0%b9-3%d1%854%d0%bc-110%d0%b3-%d0%bc2","status":"publish","type":"product","link":"https:\/\/wimar.net\/uk\/product-2\/%d0%b1%d1%80%d0%b5%d0%b7%d0%b5%d0%bd%d1%82-%d0%bf%d1%8d-%d0%b7%d0%b5%d0%bb%d0%b5%d0%bd%d0%b8%d0%b9-%d0%bc%d1%96%d1%86%d0%bd%d0%b8%d0%b9-3%d1%854%d0%bc-110%d0%b3-%d0%bc2\/","title":{"rendered":"\u0417\u0435\u043b\u0435\u043d\u0438\u0439 \u0431\u0440\u0435\u0437\u0435\u043d\u0442 \u041f\u0415 \u043c\u0456\u0446\u043d\u0438\u0439 3\u04454\u043c 110\u0433\/\u043c2"},"content":{"rendered":"<h3>\u0411\u0440\u0435\u0437\u0435\u043d\u0442 \u0437 \u043f\u043e\u043b\u0456\u0435\u0442\u0438\u043b\u0435\u043d\u0443 \u0434\u043b\u044f \u0432\u0430\u0436\u043a\u0438\u0445 \u0443\u043c\u043e\u0432 \u0435\u043a\u0441\u043f\u043b\u0443\u0430\u0442\u0430\u0446\u0456\u0457<\/h3>\n<p>\u0410\u0440\u043c\u043e\u0432\u0430\u043d\u0438\u0439 \u0431\u0440\u0435\u0437\u0435\u043d\u0442 \u043c\u0430\u0454 \u0448\u0438\u0440\u043e\u043a\u0438\u0439 \u0441\u043f\u0435\u043a\u0442\u0440 \u0437\u0430\u0441\u0442\u043e\u0441\u0443\u0432\u0430\u043d\u043d\u044f, \u0434\u043e\u0437\u0432\u043e\u043b\u044f\u044e\u0447\u0438 \u0437\u0430\u0445\u0438\u0449\u0430\u0442\u0438 \u0442\u0430 \u0456\u0437\u043e\u043b\u044e\u0432\u0430\u0442\u0438 \u0440\u0456\u0437\u043d\u043e\u043c\u0430\u043d\u0456\u0442\u043d\u0456 \u043f\u0440\u0435\u0434\u043c\u0435\u0442\u0438, \u043c\u0430\u0442\u0435\u0440\u0456\u0430\u043b\u0438, \u0440\u043e\u0441\u043b\u0438\u043d\u0438 \u0442\u0430 \u0456\u043d\u0448\u0456 \u043e\u0431'\u0454\u043a\u0442\u0438 \u0432\u0456\u0434 \u043f\u0440\u044f\u043c\u043e\u0433\u043e \u0442\u0430 \u043d\u0435\u043f\u0440\u044f\u043c\u043e\u0433\u043e \u0432\u043f\u043b\u0438\u0432\u0443 \u043f\u043e\u0433\u043e\u0434\u043d\u0438\u0445 \u0443\u043c\u043e\u0432.<\/p>\n<p>\u0407\u0457 \u0432\u0438\u043a\u043e\u0440\u0438\u0441\u0442\u0430\u043d\u043d\u044f \u0434\u043e\u0437\u0432\u043e\u043b\u044f\u0454 \u0435\u0444\u0435\u043a\u0442\u0438\u0432\u043d\u043e \u0432\u0456\u0434\u043e\u043a\u0440\u0435\u043c\u0438\u0442\u0438 \u0456 \u0437\u0430\u0445\u0438\u0441\u0442\u0438\u0442\u0438 \u0431\u0443\u0434\u044c-\u044f\u043a\u0443 \u0434\u0456\u043b\u044f\u043d\u043a\u0443 \u0430\u0431\u043e \u043e\u0431'\u0454\u043a\u0442 \u0432\u0456\u0434 \u0434\u043e\u0449\u0443, \u0432\u043e\u043b\u043e\u0433\u0438, \u043d\u0438\u0437\u044c\u043a\u0438\u0445 \u0442\u0435\u043c\u043f\u0435\u0440\u0430\u0442\u0443\u0440, \u043f\u0438\u043b\u0443, \u0432\u0456\u0442\u0440\u0443 \u0430\u0431\u043e \u0441\u043e\u043d\u044f\u0447\u043d\u0438\u0445 \u043f\u0440\u043e\u043c\u0435\u043d\u0456\u0432.<\/p>\n<p>\u0422\u0435\u043d\u0442\u0438 \u0432\u0438\u0433\u043e\u0442\u043e\u0432\u043b\u044f\u044e\u0442\u044c\u0441\u044f \u0437 \u043c\u0430\u0442\u0435\u0440\u0456\u0430\u043b\u0456\u0432, \u0441\u0442\u0456\u0439\u043a\u0438\u0445 \u0434\u043e \u043f\u043e\u0433\u043e\u0434\u043d\u0438\u0445 \u0443\u043c\u043e\u0432, \u0445\u0456\u043c\u0456\u0447\u043d\u0438\u0445 \u0440\u0435\u0447\u043e\u0432\u0438\u043d \u0456 \u043c\u0435\u0445\u0430\u043d\u0456\u0447\u043d\u0438\u0445 \u043f\u043e\u0448\u043a\u043e\u0434\u0436\u0435\u043d\u044c. \u0417\u0430\u0432\u0434\u044f\u043a\u0438 \u0446\u044c\u043e\u043c\u0443 \u0432\u043e\u043d\u0438 \u0432\u0438\u043a\u043e\u0440\u0438\u0441\u0442\u043e\u0432\u0443\u044e\u0442\u044c\u0441\u044f \u043d\u0430 \u0431\u0443\u0434\u0456\u0432\u0435\u043b\u044c\u043d\u0438\u0445 \u043c\u0430\u0439\u0434\u0430\u043d\u0447\u0438\u043a\u0430\u0445, \u0443 \u0441\u0430\u0434\u0456\u0432\u043d\u0438\u0446\u0442\u0432\u0456, \u043f\u0440\u043e\u043c\u0438\u0441\u043b\u043e\u0432\u043e\u0441\u0442\u0456 \u0442\u0430 \u0432 \u0456\u043d\u0448\u0438\u0445 \u043f\u0440\u0438\u0432\u0430\u0442\u043d\u0438\u0445 \u0456 \u0433\u0440\u043e\u043c\u0430\u0434\u0441\u044c\u043a\u0438\u0445 \u043c\u0456\u0441\u0446\u044f\u0445.<\/p>\n<h3><strong>\u0425\u0430\u0440\u0430\u043a\u0442\u0435\u0440\u0438\u0441\u0442\u0438\u043a\u0438 \u043f\u0440\u043e\u0434\u0443\u043a\u0442\u0443:<\/strong><\/h3>\n<ul>\n<li><strong>\u0420\u043e\u0437\u043c\u0456\u0440:<\/strong> 3\u00d74 m<\/li>\n<li><strong>\u0413\u0440\u0430\u043c\u0430\u0442\u0438\u043a\u0430:<\/strong> 110 \u0433\/\u043c2<\/li>\n<li><strong>\u041c\u0430\u0442\u0435\u0440\u0456\u0430\u043b\u044c\u043d\u0438\u0439:<\/strong> \u0412\u0438\u0441\u043e\u043a\u043e\u044f\u043a\u0456\u0441\u043d\u0438\u0439 \u043f\u043e\u043b\u0456\u0435\u0442\u0438\u043b\u0435\u043d - \u043c\u0456\u0446\u043d\u0438\u0439, \u0432\u043e\u0434\u043e\u043d\u0435\u043f\u0440\u043e\u043d\u0438\u043a\u043d\u0438\u0439, \u0441\u0442\u0456\u0439\u043a\u0438\u0439 \u0434\u043e \u043f\u043e\u0448\u043a\u043e\u0434\u0436\u0435\u043d\u044c \u0456 \u0430\u0442\u043c\u043e\u0441\u0444\u0435\u0440\u043d\u0438\u0445 \u0432\u043f\u043b\u0438\u0432\u0456\u0432<\/li>\n<li><strong>\u041f\u0456\u0434\u043a\u0440\u0456\u043f\u043b\u0435\u043d\u043d\u044f:<\/strong> \u041c\u0456\u0446\u043d\u0456 \u043a\u0440\u0430\u0457 \u0442\u0430 \u043a\u0443\u0442\u0438 \u043f\u043e\u0441\u0438\u043b\u0435\u043d\u0456 \u0442\u043e\u0432\u0441\u0442\u0438\u043c\u0438 \u043f\u043b\u0430\u0441\u0442\u0438\u043a\u043e\u0432\u0438\u043c\u0438 \u0432\u0441\u0442\u0430\u0432\u043a\u0430\u043c\u0438<\/li>\n<li><strong>\u0422\u043e\u043b\u0435\u0440\u0430\u043d\u0442\u043d\u0456\u0441\u0442\u044c \u0434\u043e \u0440\u043e\u0437\u043c\u0456\u0440\u0456\u0432:<\/strong> +\/- 5%<\/li>\n<\/ul>\n<h3><strong>\u041e\u0441\u043d\u043e\u0432\u043d\u0456 \u0445\u0430\u0440\u0430\u043a\u0442\u0435\u0440\u0438\u0441\u0442\u0438\u043a\u0438:<\/strong><\/h3>\n<ul>\n<li><strong>\u0423\u043d\u0456\u0432\u0435\u0440\u0441\u0430\u043b\u044c\u043d\u0456\u0441\u0442\u044c:<\/strong> \u0406\u0434\u0435\u0430\u043b\u044c\u043d\u043e \u043f\u0456\u0434\u0445\u043e\u0434\u0438\u0442\u044c \u0434\u043b\u044f \u043f\u043e\u043a\u0440\u0438\u0442\u0442\u044f \u0440\u0456\u0437\u043d\u043e\u043c\u0430\u043d\u0456\u0442\u043d\u0438\u0445 \u043f\u0440\u0435\u0434\u043c\u0435\u0442\u0456\u0432, \u043c\u0430\u0442\u0435\u0440\u0456\u0430\u043b\u0456\u0432 \u0442\u0430 \u043e\u0431'\u0454\u043a\u0442\u0456\u0432.<\/li>\n<li><strong>\u0421\u0442\u0456\u0439\u043a\u0456\u0441\u0442\u044c \u0434\u043e \u043f\u043e\u0433\u043e\u0434\u043d\u0438\u0445 \u0443\u043c\u043e\u0432:<\/strong> \u0417\u0430\u0445\u0438\u0441\u0442 \u0432\u0456\u0434 \u0434\u043e\u0449\u0443, \u0432\u043e\u043b\u043e\u0433\u0438, \u043f\u0438\u043b\u0443, \u0432\u0456\u0442\u0440\u0443 \u0442\u0430 \u0423\u0424-\u0432\u0438\u043f\u0440\u043e\u043c\u0456\u043d\u044e\u0432\u0430\u043d\u043d\u044f.<\/li>\n<li><strong>\u041c\u043e\u0440\u043e\u0437\u043e\u0441\u0442\u0456\u0439\u043a\u0456\u0441\u0442\u044c:<\/strong> \u041f\u0440\u0438\u0441\u0442\u043e\u0441\u043e\u0432\u0430\u043d\u0438\u0439 \u0434\u043b\u044f \u0432\u0438\u043a\u043e\u0440\u0438\u0441\u0442\u0430\u043d\u043d\u044f \u043f\u0440\u0438 \u043c\u0456\u043d\u0443\u0441\u043e\u0432\u0438\u0445 \u0442\u0435\u043c\u043f\u0435\u0440\u0430\u0442\u0443\u0440\u0430\u0445.<\/li>\n<li><strong>\u0412\u043e\u0434\u043e\u043d\u0435\u043f\u0440\u043e\u043d\u0438\u043a\u043d\u0456\u0441\u0442\u044c:<\/strong> \u0415\u0444\u0435\u043a\u0442\u0438\u0432\u043d\u0438\u0439 \u0431\u0430\u0440'\u0454\u0440 \u0434\u043b\u044f \u0432\u043e\u043b\u043e\u0433\u0438, \u043b\u0435\u0433\u043a\u043e \u0447\u0438\u0441\u0442\u0438\u0442\u044c\u0441\u044f.<\/li>\n<li><strong>\u041d\u0430\u043f\u043e\u043b\u0435\u0433\u043b\u0438\u0432\u0456\u0441\u0442\u044c:<\/strong> \u0412\u0438\u0441\u043e\u043a\u043e\u044f\u043a\u0456\u0441\u043d\u0430 \u043a\u043e\u043d\u0441\u0442\u0440\u0443\u043a\u0446\u0456\u044f \u0433\u0430\u0440\u0430\u043d\u0442\u0443\u0454 \u0442\u0440\u0438\u0432\u0430\u043b\u0435 \u0432\u0438\u043a\u043e\u0440\u0438\u0441\u0442\u0430\u043d\u043d\u044f.<\/li>\n<\/ul>\n<h3><strong>\u0417\u0430\u044f\u0432\u043a\u0430:<\/strong><\/h3>\n<ul>\n<li>\u0417\u0430\u0445\u0438\u0441\u0442 \u0434\u0435\u0440\u0435\u0432\u0438\u043d\u0438, \u043c\u0435\u0431\u043b\u0456\u0432 \u0442\u0430 \u0431\u0443\u0434\u0456\u0432\u0435\u043b\u044c\u043d\u0438\u0445 \u043c\u0430\u0442\u0435\u0440\u0456\u0430\u043b\u0456\u0432.<\/li>\n<li>\u0417\u0430\u0431\u0435\u0437\u043f\u0435\u0447\u0435\u043d\u043d\u044f \u0441\u0456\u043b\u044c\u0441\u044c\u043a\u043e\u0433\u043e\u0441\u043f\u043e\u0434\u0430\u0440\u0441\u044c\u043a\u0438\u0445, \u0441\u0430\u0434\u043e\u0432\u043e-\u0433\u043e\u0440\u043e\u0434\u043d\u0456\u0445 \u0442\u0430 \u0441\u0430\u0434\u043e\u0432\u0438\u0445 \u043c\u0430\u0442\u0435\u0440\u0456\u0430\u043b\u0456\u0432.<\/li>\n<li>\u041f\u043e\u043a\u0440\u0438\u0432\u0430\u0454 \u0430\u0432\u0442\u043e\u043c\u043e\u0431\u0456\u043b\u0456, \u043c\u043e\u0442\u043e\u0446\u0438\u043a\u043b\u0438, \u0447\u043e\u0432\u043d\u0438 \u0442\u0430 \u0442\u0435\u0445\u043d\u0456\u043a\u0443.<\/li>\n<li>\u041d\u0430\u043a\u0440\u0438\u0442\u0442\u044f \u0443\u043a\u0440\u0438\u0442\u0442\u0456\u0432, \u0431\u0430\u0441\u0435\u0439\u043d\u0456\u0432 \u0442\u0430 \u0456\u043d\u0448\u0438\u0445 \u0432\u0456\u0434\u043a\u0440\u0438\u0442\u0438\u0445 \u043f\u0440\u043e\u0441\u0442\u043e\u0440\u0456\u0432.<\/li>\n<\/ul>\n<h3><strong>\u0427\u043e\u043c\u0443 \u0441\u0430\u043c\u0435 \u0446\u0435\u0439 \u0442\u0435\u043d\u0442?<\/strong><\/h3>\n<p>\u0417\u0430\u0432\u0434\u044f\u043a\u0438 \u043c\u0456\u0446\u043d\u0456\u0439 \u043a\u043e\u043d\u0441\u0442\u0440\u0443\u043a\u0446\u0456\u0457 \u0442\u0430 \u0441\u0442\u0456\u0439\u043a\u043e\u0441\u0442\u0456 \u0434\u043e \u0441\u0443\u0432\u043e\u0440\u0438\u0445 \u043f\u043e\u0433\u043e\u0434\u043d\u0438\u0445 \u0443\u043c\u043e\u0432, \u0442\u0435\u043d\u0442 \u0454 \u043d\u0430\u0434\u0456\u0439\u043d\u0438\u043c \u0440\u0456\u0448\u0435\u043d\u043d\u044f\u043c \u0434\u043b\u044f \u0434\u043e\u043c\u0443, \u0441\u0430\u0434\u0443, \u0431\u0443\u0434\u0456\u0432\u0435\u043b\u044c\u043d\u043e\u0433\u043e \u043c\u0430\u0439\u0434\u0430\u043d\u0447\u0438\u043a\u0430 \u0442\u0430 \u043f\u0440\u043e\u043c\u0438\u0441\u043b\u043e\u0432\u043e\u0441\u0442\u0456. \u041f\u0440\u043e\u0441\u0442\u0438\u0439 \u0443 \u0432\u0438\u043a\u043e\u0440\u0438\u0441\u0442\u0430\u043d\u043d\u0456 \u0442\u0430 \u0431\u0430\u0433\u0430\u0442\u043e\u0444\u0443\u043d\u043a\u0446\u0456\u043e\u043d\u0430\u043b\u044c\u043d\u0438\u0439, \u0432\u0456\u043d \u0437\u0430\u0431\u0435\u0437\u043f\u0435\u0447\u0443\u0454 \u0442\u0440\u0438\u0432\u0430\u043b\u0438\u0439 \u0437\u0430\u0445\u0438\u0441\u0442 \u0434\u043b\u044f \u0432\u0441\u0456\u0445 \u0432\u0438\u0434\u0456\u0432 \u043e\u0431'\u0454\u043a\u0442\u0456\u0432.<\/p>","protected":false},"excerpt":{"rendered":"<p>Plandeka PE mocna Wzmocniona plandeka oferuje szerokie mo\u017cliwo\u015bci zastosowania, umo\u017cliwiaj\u0105c ochron\u0119 i izolacj\u0119 r\u00f3\u017cnorodnych przedmiot\u00f3w, materia\u0142\u00f3w, ro\u015blin oraz innych obiekt\u00f3w przed wp\u0142ywem czynnik\u00f3w atmosferycznych, zar\u00f3wno bezpo\u015brednich, jak i po\u015brednich. Jej u\u017cycie pozwala skutecznie oddzieli\u0107 i zabezpieczy\u0107 dowolny obszar lub przedmiot przed deszczem, wilgoci\u0105, niskimi temperaturami, kurzem, wiatrem czy promieniowaniem s\u0142onecznym. Plandeki s\u0105 produkowane z materia\u0142\u00f3w [&hellip;]<\/p>","protected":false},"featured_media":3031,"template":"","meta":{"site-sidebar-layout":"default","site-content-layout":"","ast-site-content-layout":"default","site-content-style":"default","site-sidebar-style":"default","ast-global-header-display":"","ast-banner-title-visibility":"","ast-main-header-display":"","ast-hfb-above-header-display":"","ast-hfb-below-header-display":"","ast-hfb-mobile-header-display":"","site-post-title":"","ast-breadcrumbs-content":"","ast-featured-img":"","footer-sml-layout":"","theme-transparent-header-meta":"default","adv-header-id-meta":"","stick-header-meta":"default","header-above-stick-meta":"","header-main-stick-meta":"","header-below-stick-meta":"","astra-migrate-meta-layouts":"set","ast-page-background-enabled":"default","ast-page-background-meta":{"desktop":{"background-color":"var(--ast-global-color-4)","background-image":"","background-repeat":"repeat","background-position":"center center","background-size":"auto","background-attachment":"scroll","background-type":"","background-media":"","overlay-type":"","overlay-color":"","overlay-opacity":"","overlay-gradient":""},"tablet":{"background-color":"","background-image":"","background-repeat":"repeat","background-position":"center center","background-size":"auto","background-attachment":"scroll","background-type":"","background-media":"","overlay-type":"","overlay-color":"","overlay-opacity":"","overlay-gradient":""},"mobile":{"background-color":"","background-image":"","background-repeat":"repeat","background-position":"center center","background-size":"auto","background-attachment":"scroll","background-type":"","background-media":"","overlay-type":"","overlay-color":"","overlay-opacity":"","overlay-gradient":""}},"ast-content-background-meta":{"desktop":{"background-color":"var(--ast-global-color-5)","background-image":"","background-repeat":"repeat","background-position":"center center","background-size":"auto","background-attachment":"scroll","background-type":"","background-media":"","overlay-type":"","overlay-color":"","overlay-opacity":"","overlay-gradient":""},"tablet":{"background-color":"var(--ast-global-color-5)","background-image":"","background-repeat":"repeat","background-position":"center center","background-size":"auto","background-attachment":"scroll","background-type":"","background-media":"","overlay-type":"","overlay-color":"","overlay-opacity":"","overlay-gradient":""},"mobile":{"background-color":"var(--ast-global-color-5)","background-image":"","background-repeat":"repeat","background-position":"center center","background-size":"auto","background-attachment":"scroll","background-type":"","background-media":"","overlay-type":"","overlay-color":"","overlay-opacity":"","overlay-gradient":""}}},"product_brand":[],"product_cat":[182],"product_tag":[],"class_list":{"0":"post-3055","1":"product","2":"type-product","3":"status-publish","4":"has-post-thumbnail","6":"product_cat-plandeka-zielona-mocna-110-g-m2","7":"desktop-align-left","8":"tablet-align-left","9":"mobile-align-left","10":"ast-product-gallery-layout-horizontal","11":"ast-product-tabs-layout-horizontal","13":"first","14":"instock","15":"shipping-taxable","16":"product-type-simple"},"_links":{"self":[{"href":"https:\/\/wimar.net\/uk\/wp-json\/wp\/v2\/product\/3055","targetHints":{"allow":["GET"]}}],"collection":[{"href":"https:\/\/wimar.net\/uk\/wp-json\/wp\/v2\/product"}],"about":[{"href":"https:\/\/wimar.net\/uk\/wp-json\/wp\/v2\/types\/product"}],"version-history":[{"count":2,"href":"https:\/\/wimar.net\/uk\/wp-json\/wp\/v2\/product\/3055\/revisions"}],"predecessor-version":[{"id":5481,"href":"https:\/\/wimar.net\/uk\/wp-json\/wp\/v2\/product\/3055\/revisions\/5481"}],"wp:featuredmedia":[{"embeddable":true,"href":"https:\/\/wimar.net\/uk\/wp-json\/wp\/v2\/media\/3031"}],"wp:attachment":[{"href":"https:\/\/wimar.net\/uk\/wp-json\/wp\/v2\/media?parent=3055"}],"wp:term":[{"taxonomy":"product_brand","embeddable":true,"href":"https:\/\/wimar.net\/uk\/wp-json\/wp\/v2\/product_brand?post=3055"},{"taxonomy":"product_cat","embeddable":true,"href":"https:\/\/wimar.net\/uk\/wp-json\/wp\/v2\/product_cat?post=3055"},{"taxonomy":"product_tag","embeddable":true,"href":"https:\/\/wimar.net\/uk\/wp-json\/wp\/v2\/product_tag?post=3055"}],"curies":[{"name":"wp","href":"https:\/\/api.w.org\/{rel}","templated":true}]}}