{"id":3509,"date":"2024-12-16T09:24:42","date_gmt":"2024-12-16T08:24:42","guid":{"rendered":"https:\/\/wimar.net\/?post_type=product&#038;p=3509"},"modified":"2025-03-17T13:22:04","modified_gmt":"2025-03-17T12:22:04","slug":"%d1%81%d1%83%d0%bc%d0%ba%d0%b0-%d0%b7-%d0%bd%d0%b0%d1%82%d1%83%d1%80%d0%b0%d0%bb%d1%8c%d0%bd%d0%be%d0%b3%d0%be-%d0%b4%d0%b6%d1%83%d1%82%d1%83-50%d1%8555-%d1%81%d0%bc","status":"publish","type":"product","link":"https:\/\/wimar.net\/uk\/product-2\/%d1%81%d1%83%d0%bc%d0%ba%d0%b0-%d0%b7-%d0%bd%d0%b0%d1%82%d1%83%d1%80%d0%b0%d0%bb%d1%8c%d0%bd%d0%be%d0%b3%d0%be-%d0%b4%d0%b6%d1%83%d1%82%d1%83-50%d1%8555-%d1%81%d0%bc\/","title":{"rendered":"\u0421\u0443\u043c\u043a\u0430 \u0437 \u043d\u0430\u0442\u0443\u0440\u0430\u043b\u044c\u043d\u043e\u0433\u043e \u0434\u0436\u0443\u0442\u0443 50\u044555\u0441\u043c"},"content":{"rendered":"<h3>\u0414\u0436\u0443\u0442\u043e\u0432\u0430 \u0441\u0443\u043c\u043a\u0430 50\u044555\u0441\u043c<\/h3>\n<p>\u0414\u0436\u0443\u0442\u043e\u0432\u0456 \u043c\u0456\u0448\u043a\u0438 \u0432\u0438\u0433\u043e\u0442\u043e\u0432\u043b\u0435\u043d\u0456 \u0437 \u043c\u0456\u0446\u043d\u043e\u0457 \u043d\u0430\u0442\u0443\u0440\u0430\u043b\u044c\u043d\u043e\u0457 \u0442\u043a\u0430\u043d\u0438\u043d\u0438 100%, \u044f\u043a\u0430 \u0432\u0456\u043b\u044c\u043d\u043e \u043f\u0440\u043e\u043f\u0443\u0441\u043a\u0430\u0454 \u043f\u043e\u0432\u0456\u0442\u0440\u044f. \u0426\u0435 \u0440\u043e\u0431\u0438\u0442\u044c \u0457\u0445 \u0456\u0434\u0435\u0430\u043b\u044c\u043d\u0438\u043c\u0438 \u0434\u043b\u044f \u0437\u0431\u0435\u0440\u0456\u0433\u0430\u043d\u043d\u044f \u0444\u0440\u0443\u043a\u0442\u0456\u0432 \u0456 \u043e\u0432\u043e\u0447\u0456\u0432, \u0442\u0430\u043a\u0438\u0445 \u044f\u043a \u043a\u0430\u0440\u0442\u043e\u043f\u043b\u044f, \u0446\u0438\u0431\u0443\u043b\u044f, \u044f\u0431\u043b\u0443\u043a\u0430 \u0430\u0431\u043e \u0431\u0443\u0440\u044f\u043a, \u0437\u0431\u0435\u0440\u0456\u0433\u0430\u044e\u0447\u0438 \u0457\u0445 \u0441\u0432\u0456\u0436\u0438\u043c\u0438 \u0434\u043e\u0432\u0448\u0435.<\/p>\n<h3><strong>\u041e\u0441\u043d\u043e\u0432\u043d\u0456 \u0445\u0430\u0440\u0430\u043a\u0442\u0435\u0440\u0438\u0441\u0442\u0438\u043a\u0438:<\/strong><\/h3>\n<ul>\n<li><strong>\u041f\u0440\u0438\u0440\u043e\u0434\u043d\u0456\u0441\u0442\u044c:<\/strong> \u0412\u0438\u0433\u043e\u0442\u043e\u0432\u043b\u0435\u043d\u0456 \u0437 \u0431\u0456\u043e\u0440\u043e\u0437\u043a\u043b\u0430\u0434\u043d\u043e\u0433\u043e \u0442\u0430 \u0432\u0456\u0434\u043d\u043e\u0432\u043b\u044e\u0432\u0430\u043d\u043e\u0433\u043e \u0434\u0436\u0443\u0442\u0443 - \u0432\u043e\u043b\u043e\u043a\u043d\u0430, \u0449\u043e \u0432\u0438\u0434\u043e\u0431\u0443\u0432\u0430\u0454\u0442\u044c\u0441\u044f \u0437\u0456 \u0441\u0442\u0435\u0431\u0435\u043b \u0440\u043e\u0441\u043b\u0438\u043d.<\/li>\n<li><strong>\u0415\u043a\u043e\u043b\u043e\u0433\u0456\u0447\u043d\u043e \u0447\u0438\u0441\u0442\u0438\u0439:<\/strong> \u041f\u0440\u0438\u0434\u0430\u0442\u043d\u0456 \u0434\u043b\u044f \u0431\u0430\u0433\u0430\u0442\u043e\u0440\u0430\u0437\u043e\u0432\u043e\u0433\u043e \u0432\u0438\u043a\u043e\u0440\u0438\u0441\u0442\u0430\u043d\u043d\u044f, \u0432\u043e\u043d\u0438 \u043d\u0435 \u043c\u0430\u044e\u0442\u044c \u043d\u0435\u0433\u0430\u0442\u0438\u0432\u043d\u043e\u0433\u043e \u0432\u043f\u043b\u0438\u0432\u0443 \u043d\u0430 \u043d\u0430\u0432\u043a\u043e\u043b\u0438\u0448\u043d\u0454 \u0441\u0435\u0440\u0435\u0434\u043e\u0432\u0438\u0449\u0435.<\/li>\n<li><strong>\u041f\u043e\u0432\u0456\u0442\u0440\u043e\u043f\u0440\u043e\u043d\u0438\u043a\u043d\u0456\u0441\u0442\u044c:<\/strong> \u0406\u0434\u0435\u0430\u043b\u044c\u043d\u043e \u043f\u0456\u0434\u0445\u043e\u0434\u0438\u0442\u044c \u0434\u043b\u044f \u0437\u0431\u0435\u0440\u0456\u0433\u0430\u043d\u043d\u044f \u043f\u0440\u043e\u0434\u0443\u043a\u0442\u0456\u0432, \u044f\u043a\u0456 \u043f\u043e\u0432\u0438\u043d\u043d\u0456 \u0434\u0438\u0445\u0430\u0442\u0438.<\/li>\n<li><strong>\u041d\u0430\u043f\u043e\u043b\u0435\u0433\u043b\u0438\u0432\u0456\u0441\u0442\u044c:<\/strong> \u0420\u0456\u0437\u043d\u0430 \u0449\u0456\u043b\u044c\u043d\u0456\u0441\u0442\u044c \u0442\u043a\u0430\u043d\u0438\u043d\u0438 (\u0432\u0430\u0433\u0430) \u0434\u043e\u0437\u0432\u043e\u043b\u044f\u0454 \u0430\u0434\u0430\u043f\u0442\u0443\u0432\u0430\u0442\u0438 \u043c\u0456\u0446\u043d\u0456\u0441\u0442\u044c \u0441\u0443\u043c\u043a\u0438 \u0434\u043e \u0457\u0457 \u0432\u0438\u043a\u043e\u0440\u0438\u0441\u0442\u0430\u043d\u043d\u044f.<\/li>\n<li><strong>\u0423\u043d\u0456\u0432\u0435\u0440\u0441\u0430\u043b\u044c\u043d\u0456\u0441\u0442\u044c:<\/strong> \u041f\u0440\u0438 \u043f\u0440\u0430\u0432\u0438\u043b\u044c\u043d\u043e\u043c\u0443 \u0437\u0431\u0435\u0440\u0456\u0433\u0430\u043d\u043d\u0456 \u0432\u043e\u043d\u0438 \u0437\u0431\u0435\u0440\u0456\u0433\u0430\u044e\u0442\u044c \u0441\u0432\u043e\u044e \u043a\u043e\u0440\u0438\u0441\u043d\u0456\u0441\u0442\u044c \u043f\u0440\u043e\u0442\u044f\u0433\u043e\u043c \u0431\u0430\u0433\u0430\u0442\u044c\u043e\u0445 \u0440\u043e\u043a\u0456\u0432.<\/li>\n<li><strong>\u0421\u0443\u043c\u043a\u0438 \u043c\u043e\u0436\u043d\u0430 \u043f\u0440\u0430\u0442\u0438 \u043f\u0440\u0438 40 \u0433\u0440\u0430\u0434\u0443\u0441\u0430\u0445.<\/strong><\/li>\n<li><strong>\u0413\u0440\u0430\u043c\u0430\u0442\u0438\u043a\u0430:<\/strong> &gt;250 \u0433\/\u043c2<\/li>\n<\/ul>\n<h3><strong>\u0417\u0430\u044f\u0432\u043a\u0430:<\/strong><\/h3>\n<ul>\n<li><strong>\u0417\u0431\u0435\u0440\u0456\u0433\u0430\u043d\u043d\u044f \u0444\u0440\u0443\u043a\u0442\u0456\u0432 \u0442\u0430 \u043e\u0432\u043e\u0447\u0456\u0432:<\/strong> \u0406\u0434\u0435\u0430\u043b\u044c\u043d\u043e \u043f\u0456\u0434\u0445\u043e\u0434\u0438\u0442\u044c \u0434\u043b\u044f \u043a\u0430\u0440\u0442\u043e\u043f\u043b\u0456, \u0446\u0438\u0431\u0443\u043b\u0456, \u0431\u0443\u0440\u044f\u043a\u0430, \u044f\u0431\u043b\u0443\u043a \u0430\u0431\u043e \u0433\u043e\u0440\u0456\u0445\u0456\u0432.<\/li>\n<li><strong>\u0417\u0431\u0435\u0440\u0456\u0433\u0430\u043d\u043d\u044f \u043f\u0430\u043b\u0438\u0432\u043d\u0438\u0445 \u043c\u0430\u0442\u0435\u0440\u0456\u0430\u043b\u0456\u0432:<\/strong> \u0414\u0435\u0440\u0435\u0432\u0438\u043d\u0430, \u043f\u0435\u043b\u0435\u0442\u0438, \u0432\u0443\u0433\u0456\u043b\u043b\u044f \u0442\u0430 \u0442\u0440\u0456\u0441\u043a\u0430.<\/li>\n<li><strong>\u0417\u0430\u0445\u0438\u0441\u0442 \u0440\u043e\u0441\u043b\u0438\u043d:<\/strong> \u0427\u0443\u0434\u043e\u0432\u043e \u043f\u0456\u0434\u0445\u043e\u0434\u0438\u0442\u044c \u0434\u043b\u044f \u0437\u0438\u043c\u0456\u0432\u043b\u0456 \u043d\u0456\u0436\u043d\u0438\u0445 \u0440\u043e\u0441\u043b\u0438\u043d \u0443 \u0441\u0430\u0434\u0443.<\/li>\n<li><strong>\u041f\u0440\u0438\u043a\u0440\u0430\u0441\u0430:<\/strong> \u0421\u0442\u0438\u043b\u044c\u043d\u0438\u0439 \u0435\u043b\u0435\u043c\u0435\u043d\u0442 \u0434\u0438\u0437\u0430\u0439\u043d\u0443 \u043d\u0430 \u0444\u0435\u0440\u043c\u0435\u0440\u0441\u044c\u043a\u0438\u0445 \u0440\u0438\u043d\u043a\u0430\u0445 \u0430\u0431\u043e \u0432 \u043c\u0430\u0433\u0430\u0437\u0438\u043d\u0430\u0445 \u0437\u0434\u043e\u0440\u043e\u0432\u043e\u0457 \u0457\u0436\u0456.<\/li>\n<li><strong>\u0417\u0430\u0445\u0438\u0441\u0442 \u0432\u0456\u0434 \u043f\u043e\u0432\u0435\u043d\u0435\u0439:<\/strong> \u0412\u0438\u043a\u043e\u0440\u0438\u0441\u0442\u043e\u0432\u0443\u044e\u0442\u044c\u0441\u044f \u044f\u043a \u0437\u0430\u0445\u0438\u0441\u043d\u0456 \u043f\u0430\u043a\u0435\u0442\u0438.<\/li>\n<\/ul>\n<h3><strong>\u0427\u043e\u043c\u0443 \u0432\u0430\u0440\u0442\u043e \u043e\u0431\u0438\u0440\u0430\u0442\u0438 \u0434\u0436\u0443\u0442\u043e\u0432\u0456 \u0441\u0443\u043c\u043a\u0438?<\/strong><\/h3>\n<p>\u0414\u0436\u0443\u0442\u043e\u0432\u0456 \u043c\u0456\u0448\u043a\u0438 - \u0446\u0435 \u0435\u043a\u043e\u043b\u043e\u0433\u0456\u0447\u043d\u0430 \u0430\u043b\u044c\u0442\u0435\u0440\u043d\u0430\u0442\u0438\u0432\u0430 \u043f\u043b\u0430\u0441\u0442\u0438\u043a\u043e\u0432\u0456\u0439 \u0443\u043f\u0430\u043a\u043e\u0432\u0446\u0456. \u041f\u0440\u0438\u0440\u043e\u0434\u043d\u0438\u0439 \u0432\u0438\u0433\u043b\u044f\u0434, \u0437\u0434\u0430\u0442\u043d\u0456\u0441\u0442\u044c \u0434\u043e \u0431\u0456\u043e\u043b\u043e\u0433\u0456\u0447\u043d\u043e\u0433\u043e \u0440\u043e\u0437\u043a\u043b\u0430\u0434\u0430\u043d\u043d\u044f \u0442\u0430 \u0434\u043e\u0432\u0433\u043e\u0432\u0456\u0447\u043d\u0456\u0441\u0442\u044c \u0440\u043e\u0431\u043b\u044f\u0442\u044c \u0457\u0445 \u0456\u0434\u0435\u0430\u043b\u044c\u043d\u0438\u043c \u0432\u0438\u0431\u043e\u0440\u043e\u043c \u044f\u043a \u0434\u043b\u044f \u0434\u043e\u043c\u043e\u0433\u043e\u0441\u043f\u043e\u0434\u0430\u0440\u0441\u0442\u0432, \u0442\u0430\u043a \u0456 \u0434\u043b\u044f \u0441\u0456\u043b\u044c\u0441\u044c\u043a\u043e\u0433\u043e\u0441\u043f\u043e\u0434\u0430\u0440\u0441\u044c\u043a\u0438\u0445 \u043f\u0456\u0434\u043f\u0440\u0438\u0454\u043c\u0441\u0442\u0432. \u041c\u043e\u0436\u043b\u0438\u0432\u0456\u0441\u0442\u044c \u0431\u0430\u0433\u0430\u0442\u043e\u0440\u0430\u0437\u043e\u0432\u043e\u0433\u043e \u0432\u0438\u043a\u043e\u0440\u0438\u0441\u0442\u0430\u043d\u043d\u044f \u0442\u0430 \u0440\u0456\u0437\u043d\u043e\u043c\u0430\u043d\u0456\u0442\u043d\u0456\u0441\u0442\u044c \u0437\u0430\u0441\u0442\u043e\u0441\u0443\u0432\u0430\u043d\u044c \u0440\u043e\u0431\u043b\u044f\u0442\u044c \u0457\u0445 \u043f\u0440\u0430\u043a\u0442\u0438\u0447\u043d\u0438\u043c \u0440\u0456\u0448\u0435\u043d\u043d\u044f\u043c \u043d\u0430 \u0434\u043e\u0432\u0433\u0456 \u0440\u043e\u043a\u0438.<\/p>","protected":false},"excerpt":{"rendered":"<p>Worek jutowy 50x55cm Worki jutowe wykonane s\u0105 z mocnej, w 100% naturalnej tkaniny, kt\u00f3ra pozwala na swobodny przep\u0142yw powietrza. Dzi\u0119ki temu s\u0105 idealnym rozwi\u0105zaniem do przechowywania warzyw i owoc\u00f3w, takich jak ziemniaki, cebula, jab\u0142ka czy buraki, zachowuj\u0105c ich \u015bwie\u017co\u015b\u0107 na d\u0142u\u017cej. Najwa\u017cniejsze cechy: Naturalno\u015b\u0107: Wykonane z biodegradowalnej i odnawialnej juty \u2013 w\u0142\u00f3kna pozyskiwanego z \u0142odyg [&hellip;]<\/p>","protected":false},"featured_media":3510,"template":"","meta":{"site-sidebar-layout":"default","site-content-layout":"","ast-site-content-layout":"default","site-content-style":"default","site-sidebar-style":"default","ast-global-header-display":"","ast-banner-title-visibility":"","ast-main-header-display":"","ast-hfb-above-header-display":"","ast-hfb-below-header-display":"","ast-hfb-mobile-header-display":"","site-post-title":"","ast-breadcrumbs-content":"","ast-featured-img":"","footer-sml-layout":"","theme-transparent-header-meta":"default","adv-header-id-meta":"","stick-header-meta":"default","header-above-stick-meta":"","header-main-stick-meta":"","header-below-stick-meta":"","astra-migrate-meta-layouts":"set","ast-page-background-enabled":"default","ast-page-background-meta":{"desktop":{"background-color":"var(--ast-global-color-4)","background-image":"","background-repeat":"repeat","background-position":"center center","background-size":"auto","background-attachment":"scroll","background-type":"","background-media":"","overlay-type":"","overlay-color":"","overlay-opacity":"","overlay-gradient":""},"tablet":{"background-color":"","background-image":"","background-repeat":"repeat","background-position":"center center","background-size":"auto","background-attachment":"scroll","background-type":"","background-media":"","overlay-type":"","overlay-color":"","overlay-opacity":"","overlay-gradient":""},"mobile":{"background-color":"","background-image":"","background-repeat":"repeat","background-position":"center center","background-size":"auto","background-attachment":"scroll","background-type":"","background-media":"","overlay-type":"","overlay-color":"","overlay-opacity":"","overlay-gradient":""}},"ast-content-background-meta":{"desktop":{"background-color":"var(--ast-global-color-5)","background-image":"","background-repeat":"repeat","background-position":"center center","background-size":"auto","background-attachment":"scroll","background-type":"","background-media":"","overlay-type":"","overlay-color":"","overlay-opacity":"","overlay-gradient":""},"tablet":{"background-color":"var(--ast-global-color-5)","background-image":"","background-repeat":"repeat","background-position":"center center","background-size":"auto","background-attachment":"scroll","background-type":"","background-media":"","overlay-type":"","overlay-color":"","overlay-opacity":"","overlay-gradient":""},"mobile":{"background-color":"var(--ast-global-color-5)","background-image":"","background-repeat":"repeat","background-position":"center center","background-size":"auto","background-attachment":"scroll","background-type":"","background-media":"","overlay-type":"","overlay-color":"","overlay-opacity":"","overlay-gradient":""}}},"product_brand":[],"product_cat":[241,192],"product_tag":[],"class_list":{"0":"post-3509","1":"product","2":"type-product","3":"status-publish","4":"has-post-thumbnail","6":"product_cat-tkaniny-jutowe","7":"product_cat-50x55cm-kolor-naturalny","8":"desktop-align-left","9":"tablet-align-left","10":"mobile-align-left","11":"ast-product-gallery-layout-horizontal","12":"ast-product-tabs-layout-horizontal","14":"first","15":"instock","16":"shipping-taxable","17":"product-type-simple"},"_links":{"self":[{"href":"https:\/\/wimar.net\/uk\/wp-json\/wp\/v2\/product\/3509","targetHints":{"allow":["GET"]}}],"collection":[{"href":"https:\/\/wimar.net\/uk\/wp-json\/wp\/v2\/product"}],"about":[{"href":"https:\/\/wimar.net\/uk\/wp-json\/wp\/v2\/types\/product"}],"version-history":[{"count":3,"href":"https:\/\/wimar.net\/uk\/wp-json\/wp\/v2\/product\/3509\/revisions"}],"predecessor-version":[{"id":7453,"href":"https:\/\/wimar.net\/uk\/wp-json\/wp\/v2\/product\/3509\/revisions\/7453"}],"wp:featuredmedia":[{"embeddable":true,"href":"https:\/\/wimar.net\/uk\/wp-json\/wp\/v2\/media\/3510"}],"wp:attachment":[{"href":"https:\/\/wimar.net\/uk\/wp-json\/wp\/v2\/media?parent=3509"}],"wp:term":[{"taxonomy":"product_brand","embeddable":true,"href":"https:\/\/wimar.net\/uk\/wp-json\/wp\/v2\/product_brand?post=3509"},{"taxonomy":"product_cat","embeddable":true,"href":"https:\/\/wimar.net\/uk\/wp-json\/wp\/v2\/product_cat?post=3509"},{"taxonomy":"product_tag","embeddable":true,"href":"https:\/\/wimar.net\/uk\/wp-json\/wp\/v2\/product_tag?post=3509"}],"curies":[{"name":"wp","href":"https:\/\/api.w.org\/{rel}","templated":true}]}}