{"id":3696,"date":"2025-02-07T09:54:29","date_gmt":"2025-02-07T08:54:29","guid":{"rendered":"https:\/\/wimar.net\/?post_type=product&#038;p=3696"},"modified":"2025-03-21T08:58:54","modified_gmt":"2025-03-21T07:58:54","slug":"%d1%82%d0%ba%d0%b0%d0%bd%d0%b0-%d1%81%d1%83%d0%bc%d0%ba%d0%b0-pp-60x105cm-%d0%bf%d0%be%d0%b2%d0%bd%d1%96%d1%81%d1%82%d1%8e-%d0%b1%d1%96%d0%bb%d0%b0","status":"publish","type":"product","link":"https:\/\/wimar.net\/uk\/product-2\/%d1%82%d0%ba%d0%b0%d0%bd%d0%b0-%d1%81%d1%83%d0%bc%d0%ba%d0%b0-pp-60x105cm-%d0%bf%d0%be%d0%b2%d0%bd%d1%96%d1%81%d1%82%d1%8e-%d0%b1%d1%96%d0%bb%d0%b0\/","title":{"rendered":"\u041f\u043e\u043b\u0456\u043f\u0440\u043e\u043f\u0456\u043b\u0435\u043d\u043e\u0432\u0438\u0439 \u0442\u043a\u0430\u043d\u0438\u0439 \u043c\u0456\u0448\u043e\u043a 60x105\u0441\u043c \u0441\u0443\u0446\u0456\u043b\u044c\u043d\u0438\u0439 \u0431\u0456\u043b\u0438\u0439"},"content":{"rendered":"<h3>\u041f\u043e\u043b\u0456\u043f\u0440\u043e\u043f\u0456\u043b\u0435\u043d\u043e\u0432\u0456 \u0442\u043a\u0430\u043d\u0456 \u043c\u0456\u0448\u043a\u0438<\/h3>\n<p>\u0422\u043a\u0430\u043d\u0456 \u043f\u043e\u043b\u0456\u043f\u0440\u043e\u043f\u0456\u043b\u0435\u043d\u043e\u0432\u0456 \u043c\u0456\u0448\u043a\u0438 - \u0446\u0435 \u043d\u0430\u0434\u0437\u0432\u0438\u0447\u0430\u0439\u043d\u043e \u043c\u0456\u0446\u043d\u0430 \u0443\u043f\u0430\u043a\u043e\u0432\u043a\u0430 \u0437 \u0432\u0438\u0441\u043e\u043a\u043e\u044f\u043a\u0456\u0441\u043d\u043e\u0457 \u0441\u0438\u043d\u0442\u0435\u0442\u0438\u0447\u043d\u043e\u0457 \u0442\u043a\u0430\u043d\u0438\u043d\u0438. \u0417\u0430\u0432\u0434\u044f\u043a\u0438 \u0441\u0432\u043e\u0457\u0439 \u0441\u0442\u0440\u0443\u043a\u0442\u0443\u0440\u0456 \u0432\u043e\u043d\u0438 \u0437\u0430\u0431\u0435\u0437\u043f\u0435\u0447\u0443\u044e\u0442\u044c \u0432\u0438\u0441\u043e\u043a\u0443 \u0432\u0430\u043d\u0442\u0430\u0436\u043e\u043f\u0456\u0434\u0439\u043e\u043c\u043d\u0456\u0441\u0442\u044c \u0456 \u0441\u0442\u0456\u0439\u043a\u0456\u0441\u0442\u044c \u0434\u043e \u0440\u043e\u0437\u0440\u0438\u0432\u0443, \u0449\u043e \u0440\u043e\u0431\u0438\u0442\u044c \u0457\u0445 \u0456\u0434\u0435\u0430\u043b\u044c\u043d\u0438\u043c\u0438 \u0434\u043b\u044f \u0442\u0440\u0430\u043d\u0441\u043f\u043e\u0440\u0442\u0443\u0432\u0430\u043d\u043d\u044f \u0442\u0430 \u0437\u0431\u0435\u0440\u0456\u0433\u0430\u043d\u043d\u044f \u0440\u0456\u0437\u043d\u0438\u0445 \u043c\u0430\u0442\u0435\u0440\u0456\u0430\u043b\u0456\u0432.<\/p>\n<h4><strong>\u041e\u0441\u043d\u043e\u0432\u043d\u0456 \u0445\u0430\u0440\u0430\u043a\u0442\u0435\u0440\u0438\u0441\u0442\u0438\u043a\u0438:<\/strong><\/h4>\n<ul>\n<li><strong>\u041d\u0430\u0434\u0456\u0439\u043d\u0456\u0441\u0442\u044c<\/strong> - \u0422\u043a\u0430\u043d\u0430 \u0441\u0442\u0440\u0443\u043a\u0442\u0443\u0440\u0430 \u043f\u043e\u043b\u0456\u043f\u0440\u043e\u043f\u0456\u043b\u0435\u043d\u0443 \u0437\u0430\u0431\u0435\u0437\u043f\u0435\u0447\u0443\u0454 \u0432\u0438\u0441\u043e\u043a\u0443 \u0441\u0442\u0456\u0439\u043a\u0456\u0441\u0442\u044c \u0434\u043e \u043c\u0435\u0445\u0430\u043d\u0456\u0447\u043d\u0438\u0445 \u043f\u043e\u0448\u043a\u043e\u0434\u0436\u0435\u043d\u044c \u0456 \u043d\u0430\u0432\u0430\u043d\u0442\u0430\u0436\u0435\u043d\u044c.<\/li>\n<li><strong>\u0412\u043e\u043b\u043e\u0433\u043e\u0441\u0442\u0456\u0439\u043a\u0456\u0441\u0442\u044c<\/strong> - \u041c\u0430\u0442\u0435\u0440\u0456\u0430\u043b \u043d\u0435 \u0432\u0431\u0438\u0440\u0430\u0454 \u0432\u043e\u0434\u0443, \u0442\u043e\u043c\u0443 \u043c\u0456\u0448\u043a\u0438 \u0437\u0431\u0435\u0440\u0456\u0433\u0430\u044e\u0442\u044c \u0441\u0432\u043e\u0457 \u0432\u043b\u0430\u0441\u0442\u0438\u0432\u043e\u0441\u0442\u0456 \u043d\u0430\u0432\u0456\u0442\u044c \u0443 \u0441\u0443\u0432\u043e\u0440\u0438\u0445 \u043f\u043e\u0433\u043e\u0434\u043d\u0438\u0445 \u0443\u043c\u043e\u0432\u0430\u0445.<\/li>\n<li><strong>\u0423\u043d\u0456\u0432\u0435\u0440\u0441\u0430\u043b\u044c\u043d\u0456\u0441\u0442\u044c<\/strong> - \u0406\u0434\u0435\u0430\u043b\u044c\u043d\u043e \u043f\u0456\u0434\u0445\u043e\u0434\u0438\u0442\u044c \u0434\u043b\u044f \u0437\u0431\u0435\u0440\u0456\u0433\u0430\u043d\u043d\u044f \u0456 \u0442\u0440\u0430\u043d\u0441\u043f\u043e\u0440\u0442\u0443\u0432\u0430\u043d\u043d\u044f \u0441\u0438\u043f\u0443\u0447\u0438\u0445 \u043f\u0440\u043e\u0434\u0443\u043a\u0442\u0456\u0432, \u0431\u0443\u0434\u0456\u0432\u0435\u043b\u044c\u043d\u0438\u0445 \u043c\u0430\u0442\u0435\u0440\u0456\u0430\u043b\u0456\u0432, \u043f\u0430\u043b\u0438\u0432\u0430 \u0442\u0430 \u0432\u0456\u0434\u0445\u043e\u0434\u0456\u0432.<\/li>\n<li><strong>\u041f\u043e\u0432\u0456\u0442\u0440\u043e\u043f\u0440\u043e\u043d\u0438\u043a\u043d\u0456\u0441\u0442\u044c<\/strong> - \u0417\u0430\u0432\u0434\u044f\u043a\u0438 \u0441\u0432\u043e\u0457\u0439 \u0441\u0442\u0440\u0443\u043a\u0442\u0443\u0440\u0456 \u043c\u0456\u0448\u043a\u0438 \u0437\u0430\u0431\u0435\u0437\u043f\u0435\u0447\u0443\u044e\u0442\u044c \u0446\u0438\u0440\u043a\u0443\u043b\u044f\u0446\u0456\u044e \u043f\u043e\u0432\u0456\u0442\u0440\u044f, \u0449\u043e \u0432\u0430\u0436\u043b\u0438\u0432\u043e \u0434\u043b\u044f \u0437\u0431\u0435\u0440\u0456\u0433\u0430\u043d\u043d\u044f \u043f\u0435\u0432\u043d\u0438\u0445 \u043c\u0430\u0442\u0435\u0440\u0456\u0430\u043b\u0456\u0432.<\/li>\n<li><strong>\u0420\u043e\u0437\u043c\u0456\u0440 <\/strong>- 60\u00d7105 \u0441\u043c<\/li>\n<\/ul>\n<h4><strong>\u0417\u0430\u044f\u0432\u043a\u0430:<\/strong><\/h4>\n<ul>\n<li><strong>\u0417\u0431\u0435\u0440\u0456\u0433\u0430\u043d\u043d\u044f \u0442\u0430 \u0442\u0440\u0430\u043d\u0441\u043f\u043e\u0440\u0442\u0443\u0432\u0430\u043d\u043d\u044f \u0441\u0438\u043f\u0443\u0447\u0438\u0445 \u043c\u0430\u0442\u0435\u0440\u0456\u0430\u043b\u0456\u0432<\/strong> - \u0427\u0443\u0434\u043e\u0432\u043e \u043f\u0456\u0434\u0445\u043e\u0434\u0438\u0442\u044c \u0434\u043b\u044f \u043f\u0456\u0441\u043a\u0443, \u0433\u0440\u0430\u0432\u0456\u044e, \u0437\u0435\u0440\u043d\u0430, \u043a\u043e\u0440\u043c\u0456\u0432 \u0456 \u0434\u043e\u0431\u0440\u0438\u0432.<\/li>\n<li><strong>\u0417\u0431\u0435\u0440\u0456\u0433\u0430\u043d\u043d\u044f \u043f\u0430\u043b\u0438\u0432\u0430<\/strong> - \u0412\u0443\u0433\u0456\u043b\u043b\u044f, \u0431\u0440\u0438\u043a\u0435\u0442\u0438, \u043f\u0435\u043b\u0435\u0442\u0438, \u0434\u0440\u043e\u0432\u0430.<\/li>\n<li><strong>\u0421\u0456\u043b\u044c\u0441\u044c\u043a\u0435 \u0433\u043e\u0441\u043f\u043e\u0434\u0430\u0440\u0441\u0442\u0432\u043e \u0442\u0430 \u0441\u0430\u0434\u0456\u0432\u043d\u0438\u0446\u0442\u0432\u043e<\/strong> - \u0417\u0430\u0445\u0438\u0441\u0442 \u0440\u043e\u0441\u043b\u0438\u043d, \u0437\u0431\u0435\u0440\u0456\u0433\u0430\u043d\u043d\u044f \u0432\u0440\u043e\u0436\u0430\u044e, \u0437\u0431\u0435\u0440\u0456\u0433\u0430\u043d\u043d\u044f \u0491\u0440\u0443\u043d\u0442\u0443 \u0442\u0430 \u0434\u043e\u0431\u0440\u0438\u0432.<\/li>\n<li><strong>\u041f\u0440\u043e\u043c\u0438\u0441\u043b\u043e\u0432\u0456\u0441\u0442\u044c \u0456 \u0431\u0443\u0434\u0456\u0432\u043d\u0438\u0446\u0442\u0432\u043e<\/strong> - \u0422\u0440\u0430\u043d\u0441\u043f\u043e\u0440\u0442\u0443\u0432\u0430\u043d\u043d\u044f \u0442\u0430 \u0437\u0431\u0435\u0440\u0456\u0433\u0430\u043d\u043d\u044f \u0449\u0435\u0431\u0435\u043d\u044e, \u043f\u0456\u0441\u043a\u0443, \u043a\u0430\u043c\u0456\u043d\u043d\u044f \u0442\u0430 \u043f\u0440\u043e\u043c\u0438\u0441\u043b\u043e\u0432\u0438\u0445 \u0432\u0456\u0434\u0445\u043e\u0434\u0456\u0432.<\/li>\n<li><strong>\u0417\u0430\u0445\u0438\u0441\u043d\u0456 \u043f\u0430\u043a\u0435\u0442\u0438<\/strong> - \u0412\u0438\u043a\u043e\u0440\u0438\u0441\u0442\u043e\u0432\u0443\u0454\u0442\u044c\u0441\u044f \u0434\u043b\u044f \u0437\u0430\u0445\u0438\u0441\u0442\u0443 \u0442\u0435\u0440\u0438\u0442\u043e\u0440\u0456\u0439 \u0432\u0456\u0434 \u0437\u0430\u0442\u043e\u043f\u043b\u0435\u043d\u043d\u044f \u0442\u0430 \u0435\u0440\u043e\u0437\u0456\u0457 \u0491\u0440\u0443\u043d\u0442\u0443.<\/li>\n<\/ul>\n<p><strong>\u0427\u043e\u043c\u0443 \u0432\u0430\u0440\u0442\u043e \u043e\u0431\u0438\u0440\u0430\u0442\u0438 \u043f\u043e\u043b\u0456\u043f\u0440\u043e\u043f\u0456\u043b\u0435\u043d\u043e\u0432\u0456 \u043f\u0430\u043a\u0435\u0442\u0438?<\/strong><br \/>\n\u0422\u043a\u0430\u043d\u0456 \u043f\u043e\u043b\u0456\u043f\u0440\u043e\u043f\u0456\u043b\u0435\u043d\u043e\u0432\u0456 \u043c\u0456\u0448\u043a\u0438 - \u0446\u0435 \u0441\u0443\u0447\u0430\u0441\u043d\u0435 \u0442\u0430 \u0435\u043a\u043e\u043d\u043e\u043c\u0456\u0447\u043d\u0435 \u0440\u0456\u0448\u0435\u043d\u043d\u044f, \u044f\u043a\u0435 \u0437\u0430\u0431\u0435\u0437\u043f\u0435\u0447\u0443\u0454 \u0434\u043e\u0432\u0433\u043e\u0432\u0456\u0447\u043d\u0456\u0441\u0442\u044c, \u0444\u0443\u043d\u043a\u0446\u0456\u043e\u043d\u0430\u043b\u044c\u043d\u0456\u0441\u0442\u044c \u0456 \u0431\u0435\u0437\u043f\u0435\u0447\u043d\u0435 \u0437\u0431\u0435\u0440\u0456\u0433\u0430\u043d\u043d\u044f. \u0421\u0442\u0456\u0439\u043a\u0456\u0441\u0442\u044c \u0434\u043e \u043f\u043e\u0433\u043e\u0434\u043d\u0438\u0445 \u0443\u043c\u043e\u0432 \u0456 \u043c\u043e\u0436\u043b\u0438\u0432\u0456\u0441\u0442\u044c \u0431\u0430\u0433\u0430\u0442\u043e\u0440\u0430\u0437\u043e\u0432\u043e\u0433\u043e \u0432\u0438\u043a\u043e\u0440\u0438\u0441\u0442\u0430\u043d\u043d\u044f \u0440\u043e\u0431\u043b\u044f\u0442\u044c \u0457\u0445 \u043d\u0435\u0437\u0430\u043c\u0456\u043d\u043d\u0438\u043c\u0438 \u0432 \u0431\u0430\u0433\u0430\u0442\u044c\u043e\u0445 \u0433\u0430\u043b\u0443\u0437\u044f\u0445 \u043f\u0440\u043e\u043c\u0438\u0441\u043b\u043e\u0432\u043e\u0441\u0442\u0456.<\/p>","protected":false},"excerpt":{"rendered":"<p>Worki tkane PP Worki polipropylenowe tkane to wyj\u0105tkowo wytrzyma\u0142e opakowania wykonane z wysokiej jako\u015bci syntetycznej tkaniny. Dzi\u0119ki swojej strukturze zapewniaj\u0105 du\u017c\u0105 no\u015bno\u015b\u0107 i odporno\u015b\u0107 na rozdarcia, co czyni je idealnym rozwi\u0105zaniem do transportu i przechowywania r\u00f3\u017cnych materia\u0142\u00f3w. Najwa\u017cniejsze cechy: Wytrzyma\u0142o\u015b\u0107 \u2013 Tkana struktura polipropylenu zapewnia du\u017c\u0105 odporno\u015b\u0107 na uszkodzenia mechaniczne i obci\u0105\u017cenia. Odporno\u015b\u0107 na wilgo\u0107 [&hellip;]<\/p>","protected":false},"featured_media":3554,"template":"","meta":{"site-sidebar-layout":"default","site-content-layout":"","ast-site-content-layout":"default","site-content-style":"default","site-sidebar-style":"default","ast-global-header-display":"","ast-banner-title-visibility":"","ast-main-header-display":"","ast-hfb-above-header-display":"","ast-hfb-below-header-display":"","ast-hfb-mobile-header-display":"","site-post-title":"","ast-breadcrumbs-content":"","ast-featured-img":"","footer-sml-layout":"","theme-transparent-header-meta":"default","adv-header-id-meta":"","stick-header-meta":"default","header-above-stick-meta":"","header-main-stick-meta":"","header-below-stick-meta":"","astra-migrate-meta-layouts":"set","ast-page-background-enabled":"default","ast-page-background-meta":{"desktop":{"background-color":"var(--ast-global-color-4)","background-image":"","background-repeat":"repeat","background-position":"center center","background-size":"auto","background-attachment":"scroll","background-type":"","background-media":"","overlay-type":"","overlay-color":"","overlay-opacity":"","overlay-gradient":""},"tablet":{"background-color":"","background-image":"","background-repeat":"repeat","background-position":"center center","background-size":"auto","background-attachment":"scroll","background-type":"","background-media":"","overlay-type":"","overlay-color":"","overlay-opacity":"","overlay-gradient":""},"mobile":{"background-color":"","background-image":"","background-repeat":"repeat","background-position":"center center","background-size":"auto","background-attachment":"scroll","background-type":"","background-media":"","overlay-type":"","overlay-color":"","overlay-opacity":"","overlay-gradient":""}},"ast-content-background-meta":{"desktop":{"background-color":"var(--ast-global-color-5)","background-image":"","background-repeat":"repeat","background-position":"center center","background-size":"auto","background-attachment":"scroll","background-type":"","background-media":"","overlay-type":"","overlay-color":"","overlay-opacity":"","overlay-gradient":""},"tablet":{"background-color":"var(--ast-global-color-5)","background-image":"","background-repeat":"repeat","background-position":"center center","background-size":"auto","background-attachment":"scroll","background-type":"","background-media":"","overlay-type":"","overlay-color":"","overlay-opacity":"","overlay-gradient":""},"mobile":{"background-color":"var(--ast-global-color-5)","background-image":"","background-repeat":"repeat","background-position":"center center","background-size":"auto","background-attachment":"scroll","background-type":"","background-media":"","overlay-type":"","overlay-color":"","overlay-opacity":"","overlay-gradient":""}}},"product_brand":[],"product_cat":[144,127],"product_tag":[],"class_list":{"0":"post-3696","1":"product","2":"type-product","3":"status-publish","4":"has-post-thumbnail","6":"product_cat-60x105","7":"product_cat-60x105-cm","8":"desktop-align-left","9":"tablet-align-left","10":"mobile-align-left","11":"ast-product-gallery-layout-horizontal","12":"ast-product-tabs-layout-horizontal","14":"first","15":"instock","16":"shipping-taxable","17":"product-type-simple"},"_links":{"self":[{"href":"https:\/\/wimar.net\/uk\/wp-json\/wp\/v2\/product\/3696","targetHints":{"allow":["GET"]}}],"collection":[{"href":"https:\/\/wimar.net\/uk\/wp-json\/wp\/v2\/product"}],"about":[{"href":"https:\/\/wimar.net\/uk\/wp-json\/wp\/v2\/types\/product"}],"version-history":[{"count":2,"href":"https:\/\/wimar.net\/uk\/wp-json\/wp\/v2\/product\/3696\/revisions"}],"predecessor-version":[{"id":5794,"href":"https:\/\/wimar.net\/uk\/wp-json\/wp\/v2\/product\/3696\/revisions\/5794"}],"wp:featuredmedia":[{"embeddable":true,"href":"https:\/\/wimar.net\/uk\/wp-json\/wp\/v2\/media\/3554"}],"wp:attachment":[{"href":"https:\/\/wimar.net\/uk\/wp-json\/wp\/v2\/media?parent=3696"}],"wp:term":[{"taxonomy":"product_brand","embeddable":true,"href":"https:\/\/wimar.net\/uk\/wp-json\/wp\/v2\/product_brand?post=3696"},{"taxonomy":"product_cat","embeddable":true,"href":"https:\/\/wimar.net\/uk\/wp-json\/wp\/v2\/product_cat?post=3696"},{"taxonomy":"product_tag","embeddable":true,"href":"https:\/\/wimar.net\/uk\/wp-json\/wp\/v2\/product_tag?post=3696"}],"curies":[{"name":"wp","href":"https:\/\/api.w.org\/{rel}","templated":true}]}}