{"id":3762,"date":"2025-02-07T12:28:51","date_gmt":"2025-02-07T11:28:51","guid":{"rendered":"https:\/\/wimar.net\/?post_type=product&#038;p=3762"},"modified":"2025-03-24T12:29:25","modified_gmt":"2025-03-24T11:29:25","slug":"%d0%bc%d1%96%d1%88%d0%be%d0%ba-42x60%d1%81%d0%bc-raschel-10-15%d0%ba%d0%b3-%d0%b7%d1%96-%d1%88%d0%bd%d1%83%d1%80%d0%ba%d0%be%d0%bc-%d0%b1%d1%96%d0%bb%d0%b8%d0%b9","status":"publish","type":"product","link":"https:\/\/wimar.net\/uk\/product-2\/%d0%bc%d1%96%d1%88%d0%be%d0%ba-42x60%d1%81%d0%bc-raschel-10-15%d0%ba%d0%b3-%d0%b7%d1%96-%d1%88%d0%bd%d1%83%d1%80%d0%ba%d0%be%d0%bc-%d0%b1%d1%96%d0%bb%d0%b8%d0%b9\/","title":{"rendered":"\u041c\u0456\u0448\u043e\u043a-\u0440\u0430\u0448\u0435\u043b\u044c 42\u044560\u0441\u043c 10-15\u043a\u0433 \u0437 \u0442\u044f\u0433\u043e\u044e \u0431\u0456\u043b\u0438\u0439"},"content":{"rendered":"<p><strong>\u041c\u0456\u0448\u043a\u0438 \u043d\u0430 \u0437\u0430\u0432'\u044f\u0437\u043a\u0430\u0445 - \u0456\u0434\u0435\u0430\u043b\u044c\u043d\u043e \u043f\u0456\u0434\u0445\u043e\u0434\u044f\u0442\u044c \u0434\u043b\u044f \u0437\u0431\u0435\u0440\u0456\u0433\u0430\u043d\u043d\u044f \u043e\u0432\u043e\u0447\u0456\u0432<\/strong><\/p>\n<p>\u041c\u0456\u0448\u043a\u0438 Raschel - \u0446\u0435 \u043b\u0435\u0433\u043a\u0430, \u043c\u0456\u0446\u043d\u0430 \u0442\u0430 \u043f\u043e\u0432\u0456\u0442\u0440\u044f\u043d\u0430 \u0443\u043f\u0430\u043a\u043e\u0432\u043a\u0430, \u044f\u043a\u0430 \u0456\u0434\u0435\u0430\u043b\u044c\u043d\u043e \u043f\u0456\u0434\u0445\u043e\u0434\u0438\u0442\u044c \u0434\u043b\u044f \u0437\u0431\u0435\u0440\u0456\u0433\u0430\u043d\u043d\u044f \u0442\u0430 \u0442\u0440\u0430\u043d\u0441\u043f\u043e\u0440\u0442\u0443\u0432\u0430\u043d\u043d\u044f \u043e\u0432\u043e\u0447\u0456\u0432. \u0417\u0430\u0432\u0434\u044f\u043a\u0438 \u0441\u0456\u0442\u0447\u0430\u0441\u0442\u0456\u0439 \u0441\u0442\u0440\u0443\u043a\u0442\u0443\u0440\u0456 \u0432\u043e\u043d\u0438 \u0437\u0430\u0431\u0435\u0437\u043f\u0435\u0447\u0443\u044e\u0442\u044c \u0432\u0456\u043b\u044c\u043d\u0438\u0439 \u043f\u043e\u0442\u0456\u043a \u043f\u043e\u0432\u0456\u0442\u0440\u044f, \u0449\u043e \u0434\u043e\u043f\u043e\u043c\u0430\u0433\u0430\u0454 \u0434\u043e\u0432\u0448\u0435 \u0437\u0431\u0435\u0440\u0456\u0433\u0430\u0442\u0438 \u043f\u0440\u043e\u0434\u0443\u043a\u0442\u0438 \u0441\u0432\u0456\u0436\u0438\u043c\u0438. \u041e\u0441\u043d\u0430\u0449\u0435\u043d\u0456 \u043f\u0440\u0430\u043a\u0442\u0438\u0447\u043d\u043e\u044e \u0437\u0430\u0441\u0442\u0456\u0431\u043a\u043e\u044e, \u0432\u043e\u043d\u0438 \u0437\u0430\u0431\u0435\u0437\u043f\u0435\u0447\u0443\u044e\u0442\u044c \u0448\u0432\u0438\u0434\u043a\u0435 \u0442\u0430 \u0437\u0440\u0443\u0447\u043d\u0435 \u0437\u0430\u043a\u0440\u0438\u0442\u0442\u044f \u043c\u0456\u0448\u043a\u0430 \u0431\u0435\u0437 \u043d\u0435\u043e\u0431\u0445\u0456\u0434\u043d\u043e\u0441\u0442\u0456 \u0434\u043e\u0434\u0430\u0442\u043a\u043e\u0432\u043e\u0433\u043e \u0437\u0430\u0432'\u044f\u0437\u0443\u0432\u0430\u043d\u043d\u044f.<\/p>\n<h3><strong>\u041e\u0441\u043d\u043e\u0432\u043d\u0456 \u0445\u0430\u0440\u0430\u043a\u0442\u0435\u0440\u0438\u0441\u0442\u0438\u043a\u0438:<\/strong><\/h3>\n<ul>\n<li><strong>\u0412\u0435\u043d\u0442\u0438\u043b\u044f\u0446\u0456\u044f<\/strong> - \u0434\u043e\u0437\u0432\u043e\u043b\u044f\u0454 \u043f\u043e\u0432\u0456\u0442\u0440\u044e \u0446\u0438\u0440\u043a\u0443\u043b\u044e\u0432\u0430\u0442\u0438, \u0437\u0430\u043f\u043e\u0431\u0456\u0433\u0430\u044e\u0447\u0438 \u043d\u0430\u043a\u043e\u043f\u0438\u0447\u0435\u043d\u043d\u044e \u0432\u043e\u043b\u043e\u0433\u0438 \u0442\u0430 \u043f\u043e\u0434\u043e\u0432\u0436\u0443\u044e\u0447\u0438 \u0442\u0435\u0440\u043c\u0456\u043d \u043f\u0440\u0438\u0434\u0430\u0442\u043d\u043e\u0441\u0442\u0456 \u043f\u0440\u043e\u0434\u0443\u043a\u0442\u0456\u0432, \u0449\u043e \u0437\u0431\u0435\u0440\u0456\u0433\u0430\u044e\u0442\u044c\u0441\u044f.<\/li>\n<li><strong>\u0421\u0442\u0430\u043b\u0438\u0439 \u0440\u043e\u0437\u0432\u0438\u0442\u043e\u043a<\/strong> - \u0432\u0438\u0433\u043e\u0442\u043e\u0432\u043b\u0435\u043d\u0438\u0439 \u0437 \u043c\u0456\u0446\u043d\u043e\u0433\u043e \u043c\u0430\u0442\u0435\u0440\u0456\u0430\u043b\u0443, \u0441\u0442\u0456\u0439\u043a\u043e\u0433\u043e \u0434\u043e \u0440\u043e\u0437\u0442\u044f\u0433\u0443\u0432\u0430\u043d\u043d\u044f \u0442\u0430 \u043c\u0435\u0445\u0430\u043d\u0456\u0447\u043d\u0438\u0445 \u043f\u043e\u0448\u043a\u043e\u0434\u0436\u0435\u043d\u044c.<\/li>\n<li><strong>\u041f\u0440\u0430\u043a\u0442\u0438\u0447\u043d\u0456\u0441\u0442\u044c<\/strong> - \u0417\u0430\u0432\u0434\u044f\u043a\u0438 \u0432\u0431\u0443\u0434\u043e\u0432\u0430\u043d\u0456\u0439 \u0437\u0430\u0441\u0442\u0456\u0431\u0446\u0456 \u0432\u043c\u0456\u0441\u0442 \u0441\u0443\u043c\u043a\u0438 \u043b\u0435\u0433\u043a\u043e \u0444\u0456\u043a\u0441\u0443\u0454\u0442\u044c\u0441\u044f.<\/li>\n<li><strong>\u0423\u043d\u0456\u0432\u0435\u0440\u0441\u0430\u043b\u044c\u043d\u0456\u0441\u0442\u044c<\/strong> - \u0456\u0434\u0435\u0430\u043b\u044c\u043d\u043e \u043f\u0456\u0434\u0445\u043e\u0434\u0438\u0442\u044c \u0434\u043b\u044f \u043a\u0430\u0440\u0442\u043e\u043f\u043b\u0456, \u0446\u0438\u0431\u0443\u043b\u0456, \u043c\u043e\u0440\u043a\u0432\u0438, \u043a\u0430\u043f\u0443\u0441\u0442\u0438 \u0442\u0430 \u0456\u043d\u0448\u0438\u0445 \u0441\u0456\u043b\u044c\u0441\u044c\u043a\u043e\u0433\u043e\u0441\u043f\u043e\u0434\u0430\u0440\u0441\u044c\u043a\u0438\u0445 \u043f\u0440\u043e\u0434\u0443\u043a\u0442\u0456\u0432.<\/li>\n<li><strong>\u0404\u043c\u043d\u0456\u0441\u0442\u044c<\/strong> - 10-15 \u043a\u0433<\/li>\n<li><strong>\u0420\u043e\u0437\u043c\u0456\u0440<\/strong> - 42\u00d760 \u0441\u043c<\/li>\n<li><strong>\u0414\u043e\u0441\u0442\u0443\u043f\u043d\u0456 \u0432 \u0440\u0456\u0437\u043d\u0438\u0445 \u043a\u043e\u043b\u044c\u043e\u0440\u0430\u0445<\/strong> - \u0431\u0456\u043b\u0438\u0439, \u0431\u043e\u0440\u0434\u043e\u0432\u0438\u0439, \u0442\u0435\u043c\u043d\u043e-\u043f\u043e\u043c\u0430\u0440\u0430\u043d\u0447\u0435\u0432\u0438\u0439, \u0447\u0435\u0440\u0432\u043e\u043d\u0438\u0439, \u0444\u0456\u043e\u043b\u0435\u0442\u043e\u0432\u0438\u0439, \u0436\u043e\u0432\u0442\u0438\u0439, \u043f\u043e\u043c\u0430\u0440\u0430\u043d\u0447\u0435\u0432\u0438\u0439, \u043f\u0440\u043e\u0437\u043e\u0440\u0438\u0439, \u0437\u0435\u043b\u0435\u043d\u0438\u0439, \u0441\u0432\u0456\u0442\u043b\u043e-\u0436\u043e\u0432\u0442\u0438\u0439.<\/li>\n<\/ul>\n<p>\u041c\u0456\u0448\u043a\u0438 \u043d\u0430 \u0437\u0430\u0432'\u044f\u0437\u043a\u0430\u0445 - \u0446\u0435 \u0437\u0440\u0443\u0447\u043d\u0435, \u0435\u043a\u043e\u043d\u043e\u043c\u0456\u0447\u043d\u0435 \u0442\u0430 \u0444\u0443\u043d\u043a\u0446\u0456\u043e\u043d\u0430\u043b\u044c\u043d\u0435 \u0440\u0456\u0448\u0435\u043d\u043d\u044f \u0434\u043b\u044f \u0434\u043e\u043c\u043e\u0433\u043e\u0441\u043f\u043e\u0434\u0430\u0440\u0441\u0442\u0432, \u0430 \u0442\u0430\u043a\u043e\u0436 \u0441\u0456\u043b\u044c\u0441\u044c\u043a\u043e\u0433\u043e\u0441\u043f\u043e\u0434\u0430\u0440\u0441\u044c\u043a\u0438\u0445 \u0442\u0430 \u043a\u043e\u043c\u0435\u0440\u0446\u0456\u0439\u043d\u0438\u0445 \u043f\u0456\u0434\u043f\u0440\u0438\u0454\u043c\u0441\u0442\u0432.<\/p>","protected":false},"excerpt":{"rendered":"<p>Worki raszlowe z zaci\u0105giem \u2013 idealne do przechowywania warzyw Worki raszlowe to lekkie, wytrzyma\u0142e i przewiewne opakowania, kt\u00f3re doskonale sprawdzaj\u0105 si\u0119 w przechowywaniu i transporcie warzyw. Dzi\u0119ki strukturze siatki zapewniaj\u0105 swobodny przep\u0142yw powietrza, co pomaga utrzyma\u0107 \u015bwie\u017co\u015b\u0107 produkt\u00f3w przez d\u0142u\u017cszy czas. Wyposa\u017cone w praktyczny zaci\u0105g, u\u0142atwiaj\u0105 szybkie i wygodne zamykanie worka bez konieczno\u015bci u\u017cywania dodatkowych [&hellip;]<\/p>","protected":false},"featured_media":3764,"template":"","meta":{"site-sidebar-layout":"default","site-content-layout":"","ast-site-content-layout":"default","site-content-style":"default","site-sidebar-style":"default","ast-global-header-display":"","ast-banner-title-visibility":"","ast-main-header-display":"","ast-hfb-above-header-display":"","ast-hfb-below-header-display":"","ast-hfb-mobile-header-display":"","site-post-title":"","ast-breadcrumbs-content":"","ast-featured-img":"","footer-sml-layout":"","theme-transparent-header-meta":"default","adv-header-id-meta":"","stick-header-meta":"default","header-above-stick-meta":"","header-main-stick-meta":"","header-below-stick-meta":"","astra-migrate-meta-layouts":"set","ast-page-background-enabled":"default","ast-page-background-meta":{"desktop":{"background-color":"var(--ast-global-color-4)","background-image":"","background-repeat":"repeat","background-position":"center center","background-size":"auto","background-attachment":"scroll","background-type":"","background-media":"","overlay-type":"","overlay-color":"","overlay-opacity":"","overlay-gradient":""},"tablet":{"background-color":"","background-image":"","background-repeat":"repeat","background-position":"center center","background-size":"auto","background-attachment":"scroll","background-type":"","background-media":"","overlay-type":"","overlay-color":"","overlay-opacity":"","overlay-gradient":""},"mobile":{"background-color":"","background-image":"","background-repeat":"repeat","background-position":"center center","background-size":"auto","background-attachment":"scroll","background-type":"","background-media":"","overlay-type":"","overlay-color":"","overlay-opacity":"","overlay-gradient":""}},"ast-content-background-meta":{"desktop":{"background-color":"var(--ast-global-color-5)","background-image":"","background-repeat":"repeat","background-position":"center center","background-size":"auto","background-attachment":"scroll","background-type":"","background-media":"","overlay-type":"","overlay-color":"","overlay-opacity":"","overlay-gradient":""},"tablet":{"background-color":"var(--ast-global-color-5)","background-image":"","background-repeat":"repeat","background-position":"center center","background-size":"auto","background-attachment":"scroll","background-type":"","background-media":"","overlay-type":"","overlay-color":"","overlay-opacity":"","overlay-gradient":""},"mobile":{"background-color":"var(--ast-global-color-5)","background-image":"","background-repeat":"repeat","background-position":"center center","background-size":"auto","background-attachment":"scroll","background-type":"","background-media":"","overlay-type":"","overlay-color":"","overlay-opacity":"","overlay-gradient":""}}},"product_brand":[],"product_cat":[98],"product_tag":[],"class_list":{"0":"post-3762","1":"product","2":"type-product","3":"status-publish","4":"has-post-thumbnail","6":"product_cat-42x60-cm","7":"desktop-align-left","8":"tablet-align-left","9":"mobile-align-left","10":"ast-product-gallery-layout-horizontal","11":"ast-product-tabs-layout-horizontal","13":"first","14":"instock","15":"shipping-taxable","16":"product-type-simple"},"_links":{"self":[{"href":"https:\/\/wimar.net\/uk\/wp-json\/wp\/v2\/product\/3762","targetHints":{"allow":["GET"]}}],"collection":[{"href":"https:\/\/wimar.net\/uk\/wp-json\/wp\/v2\/product"}],"about":[{"href":"https:\/\/wimar.net\/uk\/wp-json\/wp\/v2\/types\/product"}],"version-history":[{"count":2,"href":"https:\/\/wimar.net\/uk\/wp-json\/wp\/v2\/product\/3762\/revisions"}],"predecessor-version":[{"id":6255,"href":"https:\/\/wimar.net\/uk\/wp-json\/wp\/v2\/product\/3762\/revisions\/6255"}],"wp:featuredmedia":[{"embeddable":true,"href":"https:\/\/wimar.net\/uk\/wp-json\/wp\/v2\/media\/3764"}],"wp:attachment":[{"href":"https:\/\/wimar.net\/uk\/wp-json\/wp\/v2\/media?parent=3762"}],"wp:term":[{"taxonomy":"product_brand","embeddable":true,"href":"https:\/\/wimar.net\/uk\/wp-json\/wp\/v2\/product_brand?post=3762"},{"taxonomy":"product_cat","embeddable":true,"href":"https:\/\/wimar.net\/uk\/wp-json\/wp\/v2\/product_cat?post=3762"},{"taxonomy":"product_tag","embeddable":true,"href":"https:\/\/wimar.net\/uk\/wp-json\/wp\/v2\/product_tag?post=3762"}],"curies":[{"name":"wp","href":"https:\/\/api.w.org\/{rel}","templated":true}]}}