{"id":3910,"date":"2025-02-10T10:06:35","date_gmt":"2025-02-10T09:06:35","guid":{"rendered":"https:\/\/wimar.net\/?post_type=product&#038;p=3910"},"modified":"2025-06-18T11:49:55","modified_gmt":"2025-06-18T09:49:55","slug":"%d1%81%d0%bb%d1%96%d0%bd%d0%b3-%d0%b7-%d0%bd%d0%b0%d1%82%d1%83%d1%80%d0%b0%d0%bb%d1%8c%d0%bd%d0%be%d0%b3%d0%be-%d0%b4%d0%b6%d1%83%d1%82%d1%83-120%d1%85120%d1%81%d0%bc-105%d0%b3","status":"publish","type":"product","link":"https:\/\/wimar.net\/uk\/product-2\/%d1%81%d0%bb%d1%96%d0%bd%d0%b3-%d0%b7-%d0%bd%d0%b0%d1%82%d1%83%d1%80%d0%b0%d0%bb%d1%8c%d0%bd%d0%be%d0%b3%d0%be-%d0%b4%d0%b6%d1%83%d1%82%d1%83-120%d1%85120%d1%81%d0%bc-105%d0%b3\/","title":{"rendered":"\u0414\u0436\u0443\u0442\u043e\u0432\u0430 \u0441\u0442\u0440\u043e\u043f\u0430 (\u043b\u0438\u0441\u0442) \u043d\u0430\u0442\u0443\u0440\u0430\u043b\u044c\u043d\u0430 120\u0445120\u0441\u043c 120\u0433"},"content":{"rendered":"<h3><strong>\u0414\u0436\u0443\u0442\u043e\u0432\u0456 \u0441\u043b\u0456\u043d\u0433\u0438 - \u043d\u0430\u0442\u0443\u0440\u0430\u043b\u044c\u043d\u0456 \u0442\u0430 \u0435\u043a\u043e\u043b\u043e\u0433\u0456\u0447\u043d\u0456<\/strong><\/h3>\n<p>\u0414\u0436\u0443\u0442\u043e\u0432\u0430 \u043f\u043b\u0456\u0432\u043a\u0430 - \u0446\u0435 \u0443\u043d\u0456\u0432\u0435\u0440\u0441\u0430\u043b\u044c\u043d\u0438\u0439 \u043f\u0440\u043e\u0434\u0443\u043a\u0442, \u0432\u0438\u0433\u043e\u0442\u043e\u0432\u043b\u0435\u043d\u0438\u0439 \u0437 \u043c\u0456\u0446\u043d\u043e\u0457 \u043d\u0430\u0442\u0443\u0440\u0430\u043b\u044c\u043d\u043e\u0457 \u0431\u0456\u043e\u0440\u043e\u0437\u043a\u043b\u0430\u0434\u043d\u043e\u0457 \u0442\u043a\u0430\u043d\u0438\u043d\u0438 100%, \u044f\u043a\u0430 \u0432\u0456\u043b\u044c\u043d\u043e \u043f\u0440\u043e\u043f\u0443\u0441\u043a\u0430\u0454 \u043f\u043e\u0432\u0456\u0442\u0440\u044f. \u0426\u0435 \u0440\u043e\u0431\u0438\u0442\u044c \u0439\u043e\u0433\u043e \u0456\u0434\u0435\u0430\u043b\u044c\u043d\u0438\u043c \u0434\u043b\u044f \u0431\u0430\u0433\u0430\u0442\u044c\u043e\u0445 \u0437\u0430\u0441\u0442\u043e\u0441\u0443\u0432\u0430\u043d\u044c, \u0430\u043b\u0435 \u0439\u043e\u0433\u043e \u043e\u0441\u043d\u043e\u0432\u043d\u0435 \u043f\u0440\u0438\u0437\u043d\u0430\u0447\u0435\u043d\u043d\u044f - \u0437\u0430\u0445\u0438\u0449\u0430\u0442\u0438 \u043a\u043e\u0440\u0435\u043d\u0435\u0432\u0456 \u043a\u0443\u043b\u044c\u043a\u0438 \u0440\u043e\u0441\u043b\u0438\u043d, \u0449\u043e \u043f\u0440\u043e\u0434\u0430\u044e\u0442\u044c\u0441\u044f \u0432 \u0440\u043e\u0437\u043f\u043b\u0456\u0434\u043d\u0438\u043a\u0430\u0445.<\/p>\n<h3><strong>\u041e\u0441\u043d\u043e\u0432\u043d\u0456 \u0445\u0430\u0440\u0430\u043a\u0442\u0435\u0440\u0438\u0441\u0442\u0438\u043a\u0438:<\/strong><\/h3>\n<ul>\n<li><strong>\u041f\u0440\u0438\u0440\u043e\u0434\u043d\u0456\u0441\u0442\u044c<\/strong> - \u0412\u0438\u0433\u043e\u0442\u043e\u0432\u043b\u0435\u043d\u0438\u0439 \u0437 \u0431\u0456\u043e\u0440\u043e\u0437\u043a\u043b\u0430\u0434\u043d\u043e\u0433\u043e \u0442\u0430 \u0432\u0456\u0434\u043d\u043e\u0432\u043b\u044e\u0432\u0430\u043d\u043e\u0433\u043e \u0434\u0436\u0443\u0442\u0443, \u043e\u0442\u0440\u0438\u043c\u0430\u043d\u043e\u0433\u043e \u0437 \u0440\u043e\u0441\u043b\u0438\u043d\u043d\u0438\u0445 \u0432\u043e\u043b\u043e\u043a\u043e\u043d.<\/li>\n<li><strong>\u0415\u043a\u043e\u043b\u043e\u0433\u0456\u0447\u043d\u0435 \u0440\u0456\u0448\u0435\u043d\u043d\u044f<\/strong> - \u0411\u0430\u0433\u0430\u0442\u043e\u0440\u0430\u0437\u043e\u0432\u0438\u0439, \u0435\u043a\u043e\u043b\u043e\u0433\u0456\u0447\u043d\u043e \u0447\u0438\u0441\u0442\u0438\u0439.<\/li>\n<li><strong>\u041f\u043e\u0432\u0456\u0442\u0440\u043e\u043f\u0440\u043e\u043d\u0438\u043a\u043d\u0456\u0441\u0442\u044c<\/strong> - \u0412\u043e\u043d\u0430 \u0434\u043e\u0437\u0432\u043e\u043b\u044f\u0454 \u0432\u0438\u0440\u043e\u0431\u0430\u043c \u0434\u0438\u0445\u0430\u0442\u0438, \u0449\u043e \u0437\u0430\u043f\u043e\u0431\u0456\u0433\u0430\u0454 \u043f\u043e\u044f\u0432\u0456 \u0432\u043e\u0433\u043a\u043e\u0441\u0442\u0456.<\/li>\n<li><strong>\u041b\u0435\u0433\u043a\u0456\u0441\u0442\u044c \u0456 \u0433\u043d\u0443\u0447\u043a\u0456\u0441\u0442\u044c<\/strong> - \u0429\u0456\u043b\u044c\u043d\u0456\u0441\u0442\u044c 120 \u0433\/\u043c\u00b2 \u0437\u0430\u0431\u0435\u0437\u043f\u0435\u0447\u0443\u0454 \u043b\u0435\u0433\u043a\u0435 \u043f\u0440\u0438\u043f\u0430\u0441\u0443\u0432\u0430\u043d\u043d\u044f \u0434\u043b\u044f \u0440\u0456\u0437\u043d\u043e\u043c\u0430\u043d\u0456\u0442\u043d\u0438\u0445 \u0437\u0430\u0441\u0442\u043e\u0441\u0443\u0432\u0430\u043d\u044c.<\/li>\n<li><strong>\u0423\u043d\u0456\u0432\u0435\u0440\u0441\u0430\u043b\u044c\u043d\u0456\u0441\u0442\u044c<\/strong> - \u0419\u043e\u0433\u043e \u043c\u043e\u0436\u043d\u0430 \u0432\u0438\u043a\u043e\u0440\u0438\u0441\u0442\u043e\u0432\u0443\u0432\u0430\u0442\u0438 \u0432 \u0431\u0443\u0434\u0438\u043d\u043a\u0443, \u0441\u0430\u0434\u0443, \u0441\u0456\u043b\u044c\u0441\u044c\u043a\u043e\u043c\u0443 \u0433\u043e\u0441\u043f\u043e\u0434\u0430\u0440\u0441\u0442\u0432\u0456 \u0442\u0430 \u0434\u0435\u043a\u043e\u0440\u0443\u0432\u0430\u043d\u043d\u0456.<\/li>\n<li><strong>\u0420\u043e\u0437\u043c\u0456\u0440 -<\/strong> 120\u00d7120 \u0441\u043c<\/li>\n<\/ul>\n<h3><strong>\u0417\u0430\u044f\u0432\u043a\u0430:<\/strong><\/h3>\n<ul>\n<li><strong>\u041f\u0430\u043a\u0443\u0432\u0430\u043d\u043d\u044f \u0442\u0430 \u0437\u0430\u0445\u0438\u0441\u0442<\/strong> - \u0406\u0434\u0435\u0430\u043b\u044c\u043d\u043e \u043f\u0456\u0434\u0445\u043e\u0434\u0438\u0442\u044c \u0434\u043b\u044f \u043e\u0431\u0433\u043e\u0440\u0442\u0430\u043d\u043d\u044f \u0434\u0435\u043b\u0456\u043a\u0430\u0442\u043d\u0438\u0445 \u043f\u0440\u0435\u0434\u043c\u0435\u0442\u0456\u0432, \u0437\u0430\u0445\u0438\u0441\u0442\u0443 \u0440\u043e\u0441\u043b\u0438\u043d.<\/li>\n<li><strong>\u0421\u0456\u043b\u044c\u0441\u044c\u043a\u0435 \u0433\u043e\u0441\u043f\u043e\u0434\u0430\u0440\u0441\u0442\u0432\u043e \u0442\u0430 \u0441\u0430\u0434\u0456\u0432\u043d\u0438\u0446\u0442\u0432\u043e<\/strong> - \u041c\u043e\u0436\u043d\u0430 \u0432\u0438\u043a\u043e\u0440\u0438\u0441\u0442\u043e\u0432\u0443\u0432\u0430\u0442\u0438 \u044f\u043a \u0443\u043a\u0440\u0438\u0442\u0442\u044f \u0434\u043b\u044f \u0437\u0438\u043c\u0443\u044e\u0447\u0438\u0445 \u0440\u043e\u0441\u043b\u0438\u043d, \u0434\u043b\u044f \u0432\u0438\u0441\u0442\u0438\u043b\u0430\u043d\u043d\u044f \u043a\u043e\u0448\u0438\u043a\u0456\u0432 \u0434\u043b\u044f \u0437\u0431\u043e\u0440\u0443 \u0432\u0440\u043e\u0436\u0430\u044e \u0430\u0431\u043e \u0434\u043b\u044f \u0437\u0430\u0445\u0438\u0441\u0442\u0443 \u043a\u043e\u0440\u0435\u043d\u0435\u0432\u043e\u0457 \u0448\u0438\u0439\u043a\u0438 \u043f\u0435\u0440\u0435\u0441\u0430\u0434\u0436\u0435\u043d\u0438\u0445 \u0440\u043e\u0441\u043b\u0438\u043d.<\/li>\n<\/ul>\n<p><strong>\u0414\u0436\u0443\u0442\u043e\u0432\u0435 \u043f\u043e\u043b\u043e\u0442\u043d\u043e 120\u00d7120 \u0441\u043c<\/strong> \u0446\u0435 \u043f\u0440\u0430\u043a\u0442\u0438\u0447\u043d\u0435, \u0434\u043e\u0432\u0433\u043e\u0432\u0456\u0447\u043d\u0435 \u0442\u0430 \u0435\u043a\u043e\u043b\u043e\u0433\u0456\u0447\u043d\u0435 \u0440\u0456\u0448\u0435\u043d\u043d\u044f \u0434\u043b\u044f \u043a\u043e\u0436\u043d\u043e\u0433\u043e \u0434\u043e\u043c\u043e\u0433\u043e\u0441\u043f\u043e\u0434\u0430\u0440\u0441\u0442\u0432\u0430, \u0441\u0430\u0434\u0443 \u0447\u0438 \u043c\u0430\u0433\u0430\u0437\u0438\u043d\u0443.<\/p>","protected":false},"excerpt":{"rendered":"<p>Chusta jutowa \u2013 naturalna i ekologiczna P\u0142achta jutowa to wszechstronny produkt wykonany z mocnej, w 100% naturalnej biodegradowalnej tkaniny, kt\u00f3ra pozwala na swobodny przep\u0142yw powietrza. Dzi\u0119ki temu doskonale sprawdza si\u0119 w wielu zastosowaniach lecz jej g\u0142\u00f3wnym przeznaczeniem jest zabezpieczanie bry\u0142 korzeniowych ro\u015blin przeznaczonych do sprzeda\u017cy w szk\u00f3\u0142kach ro\u015blin. Najwa\u017cniejsze cechy: Naturalno\u015b\u0107 \u2013 Wykonana z biodegradowalnej [&hellip;]<\/p>","protected":false},"featured_media":3903,"template":"","meta":{"site-sidebar-layout":"default","site-content-layout":"","ast-site-content-layout":"default","site-content-style":"default","site-sidebar-style":"default","ast-global-header-display":"","ast-banner-title-visibility":"","ast-main-header-display":"","ast-hfb-above-header-display":"","ast-hfb-below-header-display":"","ast-hfb-mobile-header-display":"","site-post-title":"","ast-breadcrumbs-content":"","ast-featured-img":"","footer-sml-layout":"","theme-transparent-header-meta":"default","adv-header-id-meta":"","stick-header-meta":"default","header-above-stick-meta":"","header-main-stick-meta":"","header-below-stick-meta":"","astra-migrate-meta-layouts":"set","ast-page-background-enabled":"default","ast-page-background-meta":{"desktop":{"background-color":"var(--ast-global-color-4)","background-image":"","background-repeat":"repeat","background-position":"center center","background-size":"auto","background-attachment":"scroll","background-type":"","background-media":"","overlay-type":"","overlay-color":"","overlay-opacity":"","overlay-gradient":""},"tablet":{"background-color":"","background-image":"","background-repeat":"repeat","background-position":"center center","background-size":"auto","background-attachment":"scroll","background-type":"","background-media":"","overlay-type":"","overlay-color":"","overlay-opacity":"","overlay-gradient":""},"mobile":{"background-color":"","background-image":"","background-repeat":"repeat","background-position":"center center","background-size":"auto","background-attachment":"scroll","background-type":"","background-media":"","overlay-type":"","overlay-color":"","overlay-opacity":"","overlay-gradient":""}},"ast-content-background-meta":{"desktop":{"background-color":"var(--ast-global-color-5)","background-image":"","background-repeat":"repeat","background-position":"center center","background-size":"auto","background-attachment":"scroll","background-type":"","background-media":"","overlay-type":"","overlay-color":"","overlay-opacity":"","overlay-gradient":""},"tablet":{"background-color":"var(--ast-global-color-5)","background-image":"","background-repeat":"repeat","background-position":"center center","background-size":"auto","background-attachment":"scroll","background-type":"","background-media":"","overlay-type":"","overlay-color":"","overlay-opacity":"","overlay-gradient":""},"mobile":{"background-color":"var(--ast-global-color-5)","background-image":"","background-repeat":"repeat","background-position":"center center","background-size":"auto","background-attachment":"scroll","background-type":"","background-media":"","overlay-type":"","overlay-color":"","overlay-opacity":"","overlay-gradient":""}}},"product_brand":[],"product_cat":[241,202],"product_tag":[],"class_list":{"0":"post-3910","1":"product","2":"type-product","3":"status-publish","4":"has-post-thumbnail","6":"product_cat-tkaniny-jutowe","7":"product_cat-120x120cm","8":"desktop-align-left","9":"tablet-align-left","10":"mobile-align-left","11":"ast-product-gallery-layout-horizontal","12":"ast-product-tabs-layout-horizontal","14":"first","15":"instock","16":"shipping-taxable","17":"product-type-simple"},"_links":{"self":[{"href":"https:\/\/wimar.net\/uk\/wp-json\/wp\/v2\/product\/3910","targetHints":{"allow":["GET"]}}],"collection":[{"href":"https:\/\/wimar.net\/uk\/wp-json\/wp\/v2\/product"}],"about":[{"href":"https:\/\/wimar.net\/uk\/wp-json\/wp\/v2\/types\/product"}],"version-history":[{"count":6,"href":"https:\/\/wimar.net\/uk\/wp-json\/wp\/v2\/product\/3910\/revisions"}],"predecessor-version":[{"id":6800,"href":"https:\/\/wimar.net\/uk\/wp-json\/wp\/v2\/product\/3910\/revisions\/6800"}],"wp:featuredmedia":[{"embeddable":true,"href":"https:\/\/wimar.net\/uk\/wp-json\/wp\/v2\/media\/3903"}],"wp:attachment":[{"href":"https:\/\/wimar.net\/uk\/wp-json\/wp\/v2\/media?parent=3910"}],"wp:term":[{"taxonomy":"product_brand","embeddable":true,"href":"https:\/\/wimar.net\/uk\/wp-json\/wp\/v2\/product_brand?post=3910"},{"taxonomy":"product_cat","embeddable":true,"href":"https:\/\/wimar.net\/uk\/wp-json\/wp\/v2\/product_cat?post=3910"},{"taxonomy":"product_tag","embeddable":true,"href":"https:\/\/wimar.net\/uk\/wp-json\/wp\/v2\/product_tag?post=3910"}],"curies":[{"name":"wp","href":"https:\/\/api.w.org\/{rel}","templated":true}]}}