{"id":4125,"date":"2025-02-11T10:09:05","date_gmt":"2025-02-11T09:09:05","guid":{"rendered":"https:\/\/wimar.net\/?post_type=product&#038;p=4125"},"modified":"2025-04-04T14:01:53","modified_gmt":"2025-04-04T12:01:53","slug":"%d0%b7%d0%b0%d1%82%d1%96%d0%bd%d1%8f%d1%8e%d1%87%d0%b0-%d1%81%d1%96%d1%82%d0%ba%d0%b0-150%d1%81%d0%bc-%d1%85-75%d0%bc%d0%b1-%d0%b7%d0%b0%d1%82%d1%96%d0%bd%d0%b5%d0%bd%d0%bd%d1%8f-60","status":"publish","type":"product","link":"https:\/\/wimar.net\/uk\/product-2\/%d0%b7%d0%b0%d1%82%d1%96%d0%bd%d1%8f%d1%8e%d1%87%d0%b0-%d1%81%d1%96%d1%82%d0%ba%d0%b0-150%d1%81%d0%bc-%d1%85-75%d0%bc%d0%b1-%d0%b7%d0%b0%d1%82%d1%96%d0%bd%d0%b5%d0%bd%d0%bd%d1%8f-60\/","title":{"rendered":"\u0422\u0456\u043d\u044c\u043e\u0432\u0430 \u0441\u0456\u0442\u043a\u0430 150\u0441\u043c \u0445 75\u043c\u0431 \u0437\u0430\u0442\u0456\u043d\u0435\u043d\u043d\u044f 60% 60%"},"content":{"rendered":"<p data-start=\"0\" data-end=\"55\"><strong data-start=\"0\" data-end=\"53\">\u0421\u0456\u0442\u043a\u0430 \u0432\u0456\u0434\u0442\u0456\u043d\u044f\u044e\u0447\u0430 150 \u0441\u043c x 75 \u043c\u0431, \u0437\u0430\u0442\u0456\u043d\u044f\u044e\u0447\u0430 60%<\/strong><\/p>\n<p data-start=\"57\" data-end=\"312\">\u0422\u0456\u043d\u044c\u043e\u0432\u0430 \u0441\u0456\u0442\u043a\u0430 - \u0446\u0435 \u043f\u0440\u0430\u043a\u0442\u0438\u0447\u043d\u0435 \u0456 \u0434\u043e\u0432\u0433\u043e\u0432\u0456\u0447\u043d\u0435 \u0440\u0456\u0448\u0435\u043d\u043d\u044f \u0434\u043b\u044f \u0437\u0430\u0445\u0438\u0441\u0442\u0443 \u0440\u043e\u0441\u043b\u0438\u043d, \u0440\u0435\u043a\u0440\u0435\u0430\u0446\u0456\u0439\u043d\u0438\u0445 \u0437\u043e\u043d \u0442\u0430 \u043f\u0430\u0440\u043a\u0430\u043d\u0456\u0432. \u0412\u0438\u0433\u043e\u0442\u043e\u0432\u043b\u0435\u043d\u0430 \u0437 \u0432\u0438\u0441\u043e\u043a\u043e\u044f\u043a\u0456\u0441\u043d\u0438\u0445 \u043c\u0430\u0442\u0435\u0440\u0456\u0430\u043b\u0456\u0432, \u0432\u043e\u043d\u0430 \u0437\u0430\u0431\u0435\u0437\u043f\u0435\u0447\u0443\u0454 \u043e\u043f\u0442\u0438\u043c\u0430\u043b\u044c\u043d\u0438\u0439 \u0440\u0456\u0432\u0435\u043d\u044c \u0437\u0430\u0442\u0456\u043d\u0435\u043d\u043d\u044f 60%, \u0435\u0444\u0435\u043a\u0442\u0438\u0432\u043d\u043e \u0437\u043c\u0435\u043d\u0448\u0443\u044e\u0447\u0438 \u0441\u043e\u043d\u044f\u0447\u043d\u0435 \u0441\u0432\u0456\u0442\u043b\u043e \u0442\u0430 \u0442\u0435\u043c\u043f\u0435\u0440\u0430\u0442\u0443\u0440\u0443.<\/p>\n<h3 data-start=\"314\" data-end=\"344\"><strong data-start=\"318\" data-end=\"342\">\u041e\u0441\u043d\u043e\u0432\u043d\u0456 \u0445\u0430\u0440\u0430\u043a\u0442\u0435\u0440\u0438\u0441\u0442\u0438\u043a\u0438:<\/strong><\/h3>\n<ul>\n<li data-start=\"345\" data-end=\"948\"><strong data-start=\"347\" data-end=\"368\">\u0415\u0444\u0435\u043a\u0442\u0438\u0432\u043d\u0438\u0439 \u0437\u0430\u0445\u0438\u0441\u0442<\/strong> - \u0417\u043c\u0435\u043d\u0448\u0443\u0454 \u0456\u043d\u0442\u0435\u043d\u0441\u0438\u0432\u043d\u0456\u0441\u0442\u044c \u0441\u043e\u043d\u044f\u0447\u043d\u043e\u0457 \u0440\u0430\u0434\u0456\u0430\u0446\u0456\u0457, \u0437\u0430\u0445\u0438\u0449\u0430\u044e\u0447\u0438 \u0440\u043e\u0441\u043b\u0438\u043d\u0438 \u0432\u0456\u0434 \u043f\u0435\u0440\u0435\u0433\u0440\u0456\u0432\u0443.<\/li>\n<li data-start=\"345\" data-end=\"948\"><strong data-start=\"462\" data-end=\"486\">\u0414\u043e\u0432\u0433\u043e\u0432\u0456\u0447\u043d\u0456\u0441\u0442\u044c \u0456 \u0441\u0442\u0456\u0439\u043a\u0456\u0441\u0442\u044c<\/strong> - \u0412\u0438\u0433\u043e\u0442\u043e\u0432\u043b\u0435\u043d\u0438\u0439 \u0437 \u043c\u0456\u0446\u043d\u043e\u0433\u043e \u043c\u0430\u0442\u0435\u0440\u0456\u0430\u043b\u0443, \u0441\u0442\u0456\u0439\u043a\u043e\u0433\u043e \u0434\u043e \u0430\u0442\u043c\u043e\u0441\u0444\u0435\u0440\u043d\u0438\u0445 \u0432\u043f\u043b\u0438\u0432\u0456\u0432 \u0442\u0430 \u0443\u043b\u044c\u0442\u0440\u0430\u0444\u0456\u043e\u043b\u0435\u0442\u0443.<\/li>\n<li data-start=\"345\" data-end=\"948\"><strong data-start=\"583\" data-end=\"603\">\u0411\u0430\u0433\u0430\u0442\u043e\u0444\u0443\u043d\u043a\u0446\u0456\u043e\u043d\u0430\u043b\u044c\u043d\u0456\u0441\u0442\u044c<\/strong> - \u0407\u0457 \u043c\u043e\u0436\u043d\u0430 \u0432\u0438\u043a\u043e\u0440\u0438\u0441\u0442\u043e\u0432\u0443\u0432\u0430\u0442\u0438 \u0432 \u0441\u0430\u0434\u0456\u0432\u043d\u0438\u0446\u0442\u0432\u0456, \u0441\u0456\u043b\u044c\u0441\u044c\u043a\u043e\u043c\u0443 \u0433\u043e\u0441\u043f\u043e\u0434\u0430\u0440\u0441\u0442\u0432\u0456, \u043d\u0430 \u0431\u0443\u0434\u0456\u0432\u0435\u043b\u044c\u043d\u0438\u0445 \u043c\u0430\u0439\u0434\u0430\u043d\u0447\u0438\u043a\u0430\u0445 \u0456 \u044f\u043a \u0437\u0430\u0445\u0438\u0441\u043d\u0438\u0439 \u0435\u043a\u0440\u0430\u043d.<\/li>\n<li data-start=\"345\" data-end=\"948\"><strong data-start=\"705\" data-end=\"724\">\u041f\u0440\u043e\u0441\u0442\u043e\u0442\u0430 \u043c\u043e\u043d\u0442\u0430\u0436\u0443<\/strong> - \u041c\u0430\u0454 \u043f\u043e\u0441\u0438\u043b\u0435\u043d\u0456 \u043a\u0440\u0430\u0457 \u0434\u043b\u044f \u043b\u0435\u0433\u043a\u043e\u0433\u043e \u043c\u043e\u043d\u0442\u0430\u0436\u0443 \u043d\u0430 \u043f\u0430\u0440\u043a\u0430\u043d\u0430\u0445, \u0442\u0443\u043d\u0435\u043b\u044f\u0445 \u0437 \u0444\u043e\u043b\u044c\u0433\u0438 \u0442\u0430 \u043f\u0435\u0440\u0433\u043e\u043b\u0430\u0445.<\/li>\n<li data-start=\"345\" data-end=\"948\"><strong data-start=\"832\" data-end=\"862\">\u041f\u043e\u0432\u0456\u0442\u0440\u043e\u043f\u0440\u043e\u043d\u0438\u043a\u043d\u0456\u0441\u0442\u044c<\/strong> - \u0412\u0456\u043d \u0437\u0430\u0445\u0438\u0449\u0430\u0454 \u0432\u0456\u0434 \u043d\u0430\u0434\u043c\u0456\u0440\u043d\u043e\u0433\u043e \u0432\u0456\u0442\u0440\u0443, \u0437\u0430\u0431\u0435\u0437\u043f\u0435\u0447\u0443\u044e\u0447\u0438 \u043f\u0440\u0438 \u0446\u044c\u043e\u043c\u0443 \u0434\u043e\u0441\u0442\u0430\u0442\u043d\u044e \u0432\u0435\u043d\u0442\u0438\u043b\u044f\u0446\u0456\u044e.<\/li>\n<\/ul>\n<h3 data-start=\"950\" data-end=\"973\"><strong data-start=\"954\" data-end=\"971\">\u0417\u0430\u044f\u0432\u043a\u0430:<\/strong><\/h3>\n<ul>\n<li data-start=\"974\" data-end=\"1378\"><strong data-start=\"977\" data-end=\"995\">\u0417\u0430\u0445\u0438\u0441\u0442 \u0440\u043e\u0441\u043b\u0438\u043d<\/strong> - \u0406\u0434\u0435\u0430\u043b\u044c\u043d\u043e \u043f\u0456\u0434\u0445\u043e\u0434\u0438\u0442\u044c \u0434\u043b\u044f \u0442\u0435\u043f\u043b\u0438\u0446\u044c, \u043f\u043b\u0430\u0441\u0442\u0438\u043a\u043e\u0432\u0438\u0445 \u0442\u0443\u043d\u0435\u043b\u0456\u0432 \u0456 \u043d\u0430\u043a\u0440\u0438\u0442\u0442\u044f \u043a\u0432\u0456\u0442\u043a\u043e\u0432\u0438\u0445 \u0456 \u043e\u0432\u043e\u0447\u0435\u0432\u0438\u0445 \u0433\u0440\u044f\u0434\u043e\u043a.<\/li>\n<li data-start=\"974\" data-end=\"1378\"><strong data-start=\"1084\" data-end=\"1111\">\u0417\u0430\u0442\u0456\u043d\u0435\u043d\u043d\u044f \u043f\u0440\u043e\u0441\u0442\u043e\u0440\u0443<\/strong> - \u0406\u0434\u0435\u0430\u043b\u044c\u043d\u043e \u043f\u0456\u0434\u0445\u043e\u0434\u0438\u0442\u044c \u0434\u043b\u044f \u0442\u0435\u0440\u0430\u0441, \u0431\u0430\u043b\u043a\u043e\u043d\u0456\u0432 \u0442\u0430 \u0430\u043b\u044c\u0442\u0430\u043d\u043e\u043a, \u0441\u0442\u0432\u043e\u0440\u044e\u044e\u0447\u0438 \u043f\u0440\u0438\u0454\u043c\u043d\u0443 \u0442\u0456\u043d\u044c.<\/li>\n<li data-start=\"974\" data-end=\"1378\"><strong data-start=\"1182\" data-end=\"1206\">\u041d\u0430\u043a\u0440\u0438\u0442\u0442\u044f \u0434\u043b\u044f \u043e\u0433\u043e\u0440\u043e\u0436\u0456<\/strong> - \u041f\u0456\u0434\u0432\u0438\u0449\u0443\u0454 \u043f\u0440\u0438\u0432\u0430\u0442\u043d\u0456\u0441\u0442\u044c \u043d\u0430 \u0434\u0456\u043b\u044f\u043d\u0446\u0456, \u0437\u043c\u0435\u043d\u0448\u0443\u044e\u0447\u0438 \u0432\u0438\u0434\u0438\u043c\u0456\u0441\u0442\u044c \u0437\u0437\u043e\u0432\u043d\u0456.<\/li>\n<li data-start=\"974\" data-end=\"1378\"><strong data-start=\"1282\" data-end=\"1314\">\u041e\u0445\u043e\u0440\u043e\u043d\u0430 \u0431\u0443\u0434\u0456\u0432\u0435\u043b\u044c\u043d\u0438\u0445 \u043c\u0430\u0439\u0434\u0430\u043d\u0447\u0438\u043a\u0456\u0432<\/strong> - \u0417\u0430\u0445\u0438\u0449\u0430\u0454 \u0432\u0456\u0434 \u043f\u0438\u043b\u0443, \u0432\u0456\u0442\u0440\u0443 \u0442\u0430 \u043d\u0430\u0434\u043c\u0456\u0440\u043d\u043e\u0433\u043e \u0441\u043e\u043d\u044f\u0447\u043d\u043e\u0433\u043e \u0441\u0432\u0456\u0442\u043b\u0430.<\/li>\n<\/ul>\n<p data-start=\"1380\" data-end=\"1572\" data-is-last-node=\"\">\u0422\u0456\u043d\u044c\u043e\u0432\u0430 \u0441\u0456\u0442\u043a\u0430 150 \u0441\u043c \u0445 75 \u043c\u0431 - \u0446\u0435 \u043f\u0440\u0430\u043a\u0442\u0438\u0447\u043d\u0435 \u0442\u0430 \u0435\u0444\u0435\u043a\u0442\u0438\u0432\u043d\u0435 \u0440\u0456\u0448\u0435\u043d\u043d\u044f \u0434\u043b\u044f \u0432\u0441\u0456\u0445, \u0445\u0442\u043e \u043f\u043e\u0442\u0440\u0435\u0431\u0443\u0454 \u0437\u0430\u0445\u0438\u0441\u0442\u0443 \u0432\u0456\u0434 \u0441\u043e\u043d\u0446\u044f \u0442\u0430 \u0432\u0456\u0442\u0440\u0443. \u0417\u0430\u0432\u0434\u044f\u043a\u0438 \u0432\u0438\u0441\u043e\u043a\u0456\u0439 \u044f\u043a\u043e\u0441\u0442\u0456 \u0432\u0438\u0433\u043e\u0442\u043e\u0432\u043b\u0435\u043d\u043d\u044f \u0432\u043e\u043d\u0430 \u043f\u0440\u043e\u0441\u043b\u0443\u0436\u0438\u0442\u044c \u0431\u0430\u0433\u0430\u0442\u043e \u0440\u043e\u043a\u0456\u0432.<\/p>","protected":false},"excerpt":{"rendered":"<p>Siatka cieniuj\u0105ca 150 cm x 75 mb, zacienienie 60% Siatka cieniuj\u0105ca to praktyczne i trwa\u0142e rozwi\u0105zanie do ochrony ro\u015blin, teren\u00f3w rekreacyjnych oraz ogrodze\u0144. Wykonana z wysokiej jako\u015bci materia\u0142\u00f3w, zapewnia optymalny poziom zacienienia wynosz\u0105cy 60%, skutecznie redukuj\u0105c nas\u0142onecznienie i temperatur\u0119. Najwa\u017cniejsze cechy: Skuteczna ochrona \u2013 Redukuje intensywno\u015b\u0107 promieniowania s\u0142onecznego, chroni\u0105c ro\u015bliny przed przegrzaniem. Trwa\u0142o\u015b\u0107 i odporno\u015b\u0107 [&hellip;]<\/p>","protected":false},"featured_media":4121,"template":"","meta":{"site-sidebar-layout":"default","site-content-layout":"","ast-site-content-layout":"default","site-content-style":"default","site-sidebar-style":"default","ast-global-header-display":"","ast-banner-title-visibility":"","ast-main-header-display":"","ast-hfb-above-header-display":"","ast-hfb-below-header-display":"","ast-hfb-mobile-header-display":"","site-post-title":"","ast-breadcrumbs-content":"","ast-featured-img":"","footer-sml-layout":"","theme-transparent-header-meta":"default","adv-header-id-meta":"","stick-header-meta":"default","header-above-stick-meta":"","header-main-stick-meta":"","header-below-stick-meta":"","astra-migrate-meta-layouts":"set","ast-page-background-enabled":"default","ast-page-background-meta":{"desktop":{"background-color":"var(--ast-global-color-4)","background-image":"","background-repeat":"repeat","background-position":"center center","background-size":"auto","background-attachment":"scroll","background-type":"","background-media":"","overlay-type":"","overlay-color":"","overlay-opacity":"","overlay-gradient":""},"tablet":{"background-color":"","background-image":"","background-repeat":"repeat","background-position":"center center","background-size":"auto","background-attachment":"scroll","background-type":"","background-media":"","overlay-type":"","overlay-color":"","overlay-opacity":"","overlay-gradient":""},"mobile":{"background-color":"","background-image":"","background-repeat":"repeat","background-position":"center center","background-size":"auto","background-attachment":"scroll","background-type":"","background-media":"","overlay-type":"","overlay-color":"","overlay-opacity":"","overlay-gradient":""}},"ast-content-background-meta":{"desktop":{"background-color":"var(--ast-global-color-5)","background-image":"","background-repeat":"repeat","background-position":"center center","background-size":"auto","background-attachment":"scroll","background-type":"","background-media":"","overlay-type":"","overlay-color":"","overlay-opacity":"","overlay-gradient":""},"tablet":{"background-color":"var(--ast-global-color-5)","background-image":"","background-repeat":"repeat","background-position":"center center","background-size":"auto","background-attachment":"scroll","background-type":"","background-media":"","overlay-type":"","overlay-color":"","overlay-opacity":"","overlay-gradient":""},"mobile":{"background-color":"var(--ast-global-color-5)","background-image":"","background-repeat":"repeat","background-position":"center center","background-size":"auto","background-attachment":"scroll","background-type":"","background-media":"","overlay-type":"","overlay-color":"","overlay-opacity":"","overlay-gradient":""}}},"product_brand":[],"product_cat":[243],"product_tag":[],"class_list":{"0":"post-4125","1":"product","2":"type-product","3":"status-publish","4":"has-post-thumbnail","6":"product_cat-siatki-cieniujace","7":"desktop-align-left","8":"tablet-align-left","9":"mobile-align-left","10":"ast-product-gallery-layout-horizontal","11":"ast-product-tabs-layout-horizontal","13":"first","14":"instock","15":"shipping-taxable","16":"product-type-simple"},"_links":{"self":[{"href":"https:\/\/wimar.net\/uk\/wp-json\/wp\/v2\/product\/4125","targetHints":{"allow":["GET"]}}],"collection":[{"href":"https:\/\/wimar.net\/uk\/wp-json\/wp\/v2\/product"}],"about":[{"href":"https:\/\/wimar.net\/uk\/wp-json\/wp\/v2\/types\/product"}],"version-history":[{"count":2,"href":"https:\/\/wimar.net\/uk\/wp-json\/wp\/v2\/product\/4125\/revisions"}],"predecessor-version":[{"id":7418,"href":"https:\/\/wimar.net\/uk\/wp-json\/wp\/v2\/product\/4125\/revisions\/7418"}],"wp:featuredmedia":[{"embeddable":true,"href":"https:\/\/wimar.net\/uk\/wp-json\/wp\/v2\/media\/4121"}],"wp:attachment":[{"href":"https:\/\/wimar.net\/uk\/wp-json\/wp\/v2\/media?parent=4125"}],"wp:term":[{"taxonomy":"product_brand","embeddable":true,"href":"https:\/\/wimar.net\/uk\/wp-json\/wp\/v2\/product_brand?post=4125"},{"taxonomy":"product_cat","embeddable":true,"href":"https:\/\/wimar.net\/uk\/wp-json\/wp\/v2\/product_cat?post=4125"},{"taxonomy":"product_tag","embeddable":true,"href":"https:\/\/wimar.net\/uk\/wp-json\/wp\/v2\/product_tag?post=4125"}],"curies":[{"name":"wp","href":"https:\/\/api.w.org\/{rel}","templated":true}]}}