{"id":4142,"date":"2025-02-13T09:05:33","date_gmt":"2025-02-13T08:05:33","guid":{"rendered":"https:\/\/wimar.net\/?post_type=product&#038;p=4142"},"modified":"2025-02-13T09:15:56","modified_gmt":"2025-02-13T08:15:56","slug":"%d1%80%d1%83%d0%bb%d0%be%d0%bd-%d0%b0%d0%b3%d1%80%d0%be%d0%ba%d0%b0%d0%bd%d0%b8%d0%bd%d0%b0-32%d1%85100%d0%bc-%d1%87%d0%be%d1%80%d0%bd%d0%be-%d0%b7%d0%b5%d0%bb%d0%b5%d0%bd%d1%96-%d1%81%d0%bc%d1%83","status":"publish","type":"product","link":"https:\/\/wimar.net\/uk\/product-2\/%d1%80%d1%83%d0%bb%d0%be%d0%bd-%d0%b0%d0%b3%d1%80%d0%be%d0%ba%d0%b0%d0%bd%d0%b8%d0%bd%d0%b0-32%d1%85100%d0%bc-%d1%87%d0%be%d1%80%d0%bd%d0%be-%d0%b7%d0%b5%d0%bb%d0%b5%d0%bd%d1%96-%d1%81%d0%bc%d1%83\/","title":{"rendered":"\u0420\u0443\u043b\u043e\u043d \u0410\u0433\u0440\u043e\u043a\u0430\u043d\u0456\u043d\u0430 3,2\u0445100\u043c \u0447\u043e\u0440\u043d\u0438\u0439, \u0437\u0435\u043b\u0435\u043d\u0456 \u0441\u043c\u0443\u0436\u043a\u0438 100\u0433"},"content":{"rendered":"<p data-start=\"0\" data-end=\"68\"><strong data-start=\"0\" data-end=\"66\">\u0410\u0433\u0440\u043e\u0442\u0435\u043a\u0441\u0442\u0438\u043b\u044c\u043d\u0430 \u0442\u043a\u0430\u043d\u0438\u043d\u0430 \u0437 \u0437\u0435\u043b\u0435\u043d\u0438\u043c\u0438 \u0441\u043c\u0443\u0433\u0430\u043c\u0438 \u0447\u0435\u0440\u0435\u0437 \u043a\u043e\u0436\u043d\u0456 20 \u0441\u043c - \u043d\u0430\u0434\u0456\u0439\u043d\u0438\u0439 \u0437\u0430\u0445\u0438\u0441\u0442 \u0456 \u043f\u0456\u0434\u0442\u0440\u0438\u043c\u043a\u0430 \u0440\u043e\u0441\u043b\u0438\u043d<\/strong><\/p>\n<p data-start=\"70\" data-end=\"406\">\u041c\u0443\u043b\u044c\u0447\u0443\u0432\u0430\u043b\u044c\u043d\u0430 \u0442\u043a\u0430\u043d\u0438\u043d\u0430 \u0437 \u0430\u0433\u0440\u043e\u0442\u0435\u043a\u0441\u0442\u0438\u043b\u044e - \u0446\u0435 \u043c\u0456\u0446\u043d\u0438\u0439 \u043c\u0430\u0442\u0435\u0440\u0456\u0430\u043b, \u0449\u043e \u0432\u0438\u043a\u043e\u0440\u0438\u0441\u0442\u043e\u0432\u0443\u0454\u0442\u044c\u0441\u044f \u0432 \u0441\u0430\u0434\u0456\u0432\u043d\u0438\u0446\u0442\u0432\u0456 \u0442\u0430 \u0441\u0456\u043b\u044c\u0441\u044c\u043a\u043e\u043c\u0443 \u0433\u043e\u0441\u043f\u043e\u0434\u0430\u0440\u0441\u0442\u0432\u0456, \u044f\u043a\u0438\u0439 \u0435\u0444\u0435\u043a\u0442\u0438\u0432\u043d\u043e \u0437\u043c\u0435\u043d\u0448\u0443\u0454 \u0440\u0456\u0441\u0442 \u0431\u0443\u0440'\u044f\u043d\u0456\u0432, \u043f\u043e\u043a\u0440\u0430\u0449\u0443\u0454 \u0441\u0442\u0430\u043d \u0491\u0440\u0443\u043d\u0442\u0443 \u0442\u0430 \u0441\u043f\u0440\u0438\u044f\u0454 \u0440\u043e\u0441\u0442\u0443 \u0440\u043e\u0441\u043b\u0438\u043d. \u0412\u0438\u0433\u043e\u0442\u043e\u0432\u043b\u0435\u043d\u0430 \u0437 \u0432\u0438\u0441\u043e\u043a\u043e\u044f\u043a\u0456\u0441\u043d\u043e\u0433\u043e \u043f\u043e\u043b\u0456\u043f\u0440\u043e\u043f\u0456\u043b\u0435\u043d\u0443, \u0432\u043e\u043d\u0430 \u0437\u0430\u0431\u0435\u0437\u043f\u0435\u0447\u0443\u0454 \u043e\u043f\u0442\u0438\u043c\u0430\u043b\u044c\u043d\u0443 \u043f\u043e\u0432\u0456\u0442\u0440\u043e- \u0442\u0430 \u0432\u043e\u0434\u043e\u043f\u0440\u043e\u043d\u0438\u043a\u043d\u0456\u0441\u0442\u044c, \u043e\u0434\u043d\u043e\u0447\u0430\u0441\u043d\u043e \u0437\u0430\u0445\u0438\u0449\u0430\u044e\u0447\u0438 \u0491\u0440\u0443\u043d\u0442 \u0432\u0456\u0434 \u043d\u0430\u0434\u043c\u0456\u0440\u043d\u043e\u0433\u043e \u043f\u0435\u0440\u0435\u0441\u0438\u0445\u0430\u043d\u043d\u044f.<\/p>\n<h3 data-start=\"408\" data-end=\"438\"><strong data-start=\"412\" data-end=\"436\">\u041e\u0441\u043d\u043e\u0432\u043d\u0456 \u0445\u0430\u0440\u0430\u043a\u0442\u0435\u0440\u0438\u0441\u0442\u0438\u043a\u0438:<\/strong><\/h3>\n<ul>\n<li data-start=\"440\" data-end=\"1121\"><strong data-start=\"442\" data-end=\"454\">\u0421\u0442\u0430\u043b\u0438\u0439 \u0440\u043e\u0437\u0432\u0438\u0442\u043e\u043a<\/strong> - \u0412\u0438\u0433\u043e\u0442\u043e\u0432\u043b\u0435\u043d\u0438\u0439 \u0437\u0456 \u0441\u0442\u0456\u0439\u043a\u043e\u0433\u043e \u0434\u043e \u0443\u043b\u044c\u0442\u0440\u0430\u0444\u0456\u043e\u043b\u0435\u0442\u043e\u0432\u043e\u0433\u043e \u0432\u0438\u043f\u0440\u043e\u043c\u0456\u043d\u044e\u0432\u0430\u043d\u043d\u044f \u043f\u043e\u043b\u0456\u043f\u0440\u043e\u043f\u0456\u043b\u0435\u043d\u0443, \u0449\u043e \u0433\u0430\u0440\u0430\u043d\u0442\u0443\u0454 \u0434\u043e\u0432\u0433\u0438\u0439 \u0442\u0435\u0440\u043c\u0456\u043d \u0441\u043b\u0443\u0436\u0431\u0438 \u0442\u0430 \u0435\u0444\u0435\u043a\u0442\u0438\u0432\u043d\u0456\u0441\u0442\u044c \u043f\u0440\u043e\u0442\u044f\u0433\u043e\u043c \u0431\u0430\u0433\u0430\u0442\u044c\u043e\u0445 \u0441\u0435\u0437\u043e\u043d\u0456\u0432.<\/li>\n<li data-start=\"440\" data-end=\"1121\"><strong data-start=\"581\" data-end=\"608\">\u0417\u0430\u0445\u0438\u0441\u0442 \u0432\u0456\u0434 \u0431\u0443\u0440'\u044f\u043d\u0456\u0432<\/strong> - \u0421\u0442\u0432\u043e\u0440\u044e\u0454 \u0431\u0430\u0440'\u0454\u0440 \u0434\u043b\u044f \u0431\u0443\u0440'\u044f\u043d\u0456\u0432, \u0437\u043c\u0435\u043d\u0448\u0443\u044e\u0447\u0438 \u0457\u0445 \u0440\u0456\u0441\u0442 \u0431\u0435\u0437 \u0432\u0438\u043a\u043e\u0440\u0438\u0441\u0442\u0430\u043d\u043d\u044f \u0445\u0456\u043c\u0456\u043a\u0430\u0442\u0456\u0432.<\/li>\n<li data-start=\"440\" data-end=\"1121\"><strong data-start=\"717\" data-end=\"754\">\u0412\u043e\u0434\u043e- \u0442\u0430 \u043f\u043e\u0432\u0456\u0442\u0440\u043e\u043f\u0440\u043e\u043d\u0438\u043a\u043d\u0456\u0441\u0442\u044c<\/strong> - \u0412\u0456\u043d \u0434\u043e\u0437\u0432\u043e\u043b\u044f\u0454 \u0432\u043e\u0434\u0456 \u0432\u0456\u043b\u044c\u043d\u043e \u043d\u0430\u0434\u0445\u043e\u0434\u0438\u0442\u0438 \u0434\u043e \u043a\u043e\u0440\u0456\u043d\u043d\u044f \u0440\u043e\u0441\u043b\u0438\u043d, \u0437\u0430\u043f\u043e\u0431\u0456\u0433\u0430\u044e\u0447\u0438 \u0433\u043d\u0438\u0442\u0442\u044e \u0456 \u043f\u0456\u0434\u0442\u0440\u0438\u043c\u0443\u044e\u0447\u0438 \u0434\u043e\u0441\u0442\u0430\u0442\u043d\u044e \u0432\u043e\u043b\u043e\u0433\u0456\u0441\u0442\u044c \u0491\u0440\u0443\u043d\u0442\u0443.<\/li>\n<li data-start=\"440\" data-end=\"1121\"><strong data-start=\"884\" data-end=\"918\">\u0421\u0442\u0430\u0431\u0456\u043b\u0456\u0437\u0430\u0446\u0456\u044f \u0442\u0435\u043c\u043f\u0435\u0440\u0430\u0442\u0443\u0440\u0438 \u0491\u0440\u0443\u043d\u0442\u0443<\/strong> - \u0412\u0456\u043d \u0437\u043c\u0435\u043d\u0448\u0443\u0454 \u043d\u0430\u0433\u0440\u0456\u0432\u0430\u043d\u043d\u044f \u0491\u0440\u0443\u043d\u0442\u0443 \u0432\u043b\u0456\u0442\u043a\u0443 \u0456 \u0437\u0431\u0435\u0440\u0456\u0433\u0430\u0454 \u0491\u0440\u0443\u043d\u0442 \u0442\u0435\u043f\u043b\u0438\u043c \u0443 \u0445\u043e\u043b\u043e\u0434\u043d\u0456 \u043c\u0456\u0441\u044f\u0446\u0456.<\/li>\n<li data-start=\"440\" data-end=\"1121\"><strong data-start=\"1014\" data-end=\"1046\">\u0423\u043d\u0456\u0432\u0435\u0440\u0441\u0430\u043b\u044c\u043d\u0456\u0441\u0442\u044c \u0437\u0430\u0441\u0442\u043e\u0441\u0443\u0432\u0430\u043d\u043d\u044f<\/strong> - \u0406\u0434\u0435\u0430\u043b\u044c\u043d\u043e \u043f\u0456\u0434\u0445\u043e\u0434\u0438\u0442\u044c \u0434\u043b\u044f \u0432\u0438\u0440\u043e\u0449\u0443\u0432\u0430\u043d\u043d\u044f \u043e\u0432\u043e\u0447\u0456\u0432, \u0444\u0440\u0443\u043a\u0442\u0456\u0432, \u0434\u0435\u043a\u043e\u0440\u0430\u0442\u0438\u0432\u043d\u0438\u0445 \u0440\u043e\u0441\u043b\u0438\u043d \u0442\u0430 \u0441\u0430\u0434\u0456\u0432\u043d\u0438\u0446\u0442\u0432\u0430.<\/li>\n<li data-start=\"440\" data-end=\"1121\"><strong>\u0420\u043e\u0437\u043c\u0456\u0440<\/strong> - 3,2\u043c \u0445 100\u043c<\/li>\n<li data-start=\"440\" data-end=\"1121\"><strong>\u0413\u0440\u0430\u043c\u0430\u0442\u0438\u043a\u0430<\/strong> - 100 \u0433\/\u043c2<\/li>\n<\/ul>\n<h3 data-start=\"1123\" data-end=\"1146\"><strong data-start=\"1127\" data-end=\"1144\">\u0417\u0430\u044f\u0432\u043a\u0430:<\/strong><\/h3>\n<ul>\n<li data-start=\"1148\" data-end=\"1638\"><strong data-start=\"1151\" data-end=\"1179\">\u0412\u0438\u0440\u043e\u0449\u0443\u0432\u0430\u043d\u043d\u044f \u0441\u0430\u0434\u043e\u0432\u0438\u0445 \u0440\u043e\u0441\u043b\u0438\u043d<\/strong> - \u0406\u0434\u0435\u0430\u043b\u044c\u043d\u043e \u043f\u0456\u0434\u0445\u043e\u0434\u0438\u0442\u044c \u0434\u043b\u044f \u043f\u043e\u043b\u0443\u043d\u0438\u0446\u0456, \u043c\u0430\u043b\u0438\u043d\u0438, \u0447\u043e\u0440\u043d\u0438\u0446\u0456 \u0442\u0430 \u043e\u0432\u043e\u0447\u0456\u0432, \u0442\u0430\u043a\u0438\u0445 \u044f\u043a \u043f\u043e\u043c\u0456\u0434\u043e\u0440\u0438 \u0442\u0430 \u043e\u0433\u0456\u0440\u043a\u0438.<\/li>\n<li data-start=\"1148\" data-end=\"1638\"><strong data-start=\"1272\" data-end=\"1302\">\u0421\u0430\u0434\u0438 \u0442\u0430 \u0440\u043e\u0437\u0441\u0430\u0434\u043d\u0438\u043a\u0438<\/strong> - \u0417\u0430\u0445\u0438\u0449\u0430\u0454 \u043c\u043e\u043b\u043e\u0434\u0456 \u043f\u043b\u043e\u0434\u043e\u0432\u0456 \u0434\u0435\u0440\u0435\u0432\u0430 \u0442\u0430 \u043a\u0443\u0449\u0456 \u0432\u0456\u0434 \u0431\u0443\u0440'\u044f\u043d\u0456\u0432 \u0442\u0430 \u043f\u043e\u043a\u0440\u0430\u0449\u0443\u0454 \u0457\u0445 \u0440\u0456\u0441\u0442.<\/li>\n<li data-start=\"1148\" data-end=\"1638\"><strong data-start=\"1389\" data-end=\"1425\">\u0417\u0430\u0445\u0438\u0441\u0442 \u0437\u0435\u043b\u0435\u043d\u0438\u0445 \u043d\u0430\u0441\u0430\u0434\u0436\u0435\u043d\u044c<\/strong> - \u0406\u0434\u0435\u0430\u043b\u044c\u043d\u043e \u043f\u0456\u0434\u0445\u043e\u0434\u0438\u0442\u044c \u0434\u043b\u044f \u0432\u0438\u043a\u043e\u0440\u0438\u0441\u0442\u0430\u043d\u043d\u044f \u0432 \u0441\u0430\u0434\u0430\u0445, \u043f\u0430\u0440\u043a\u0430\u0445, \u043d\u0430 \u0441\u0445\u0438\u043b\u0430\u0445, \u043f\u0456\u0434 \u043a\u043e\u0440\u043e\u044e \u0442\u0430 \u0434\u0435\u043a\u043e\u0440\u0430\u0442\u0438\u0432\u043d\u0438\u043c \u043a\u0430\u043c\u0456\u043d\u043d\u044f\u043c.<\/li>\n<li data-start=\"1148\" data-end=\"1638\"><strong data-start=\"1530\" data-end=\"1566\">\u041c\u0443\u043b\u044c\u0447\u0443\u0432\u0430\u043d\u043d\u044f \u043f\u0456\u0434 \u043a\u043b\u0443\u043c\u0431\u0430\u043c\u0438 \u0442\u0430 \u0430\u043b\u0435\u044f\u043c\u0438<\/strong> - \u0426\u0435 \u0437\u0430\u0431\u0435\u0437\u043f\u0435\u0447\u0443\u0454 \u0435\u0441\u0442\u0435\u0442\u0438\u0447\u043d\u043e \u043f\u0440\u0438\u0432\u0430\u0431\u043b\u0438\u0432\u0438\u0439 \u0437\u043e\u0432\u043d\u0456\u0448\u043d\u0456\u0439 \u0432\u0438\u0433\u043b\u044f\u0434 \u0456 \u0437\u043c\u0435\u043d\u0448\u0443\u0454 \u043f\u043e\u0442\u0440\u0435\u0431\u0443 \u0432 \u0447\u0430\u0441\u0442\u043e\u043c\u0443 \u043f\u0440\u043e\u043f\u043e\u043b\u044e\u0432\u0430\u043d\u043d\u0456.<\/li>\n<\/ul>\n<h3 data-start=\"1640\" data-end=\"1696\"><strong data-start=\"1644\" data-end=\"1694\">\u0427\u043e\u043c\u0443 \u0432\u0430\u0440\u0442\u043e \u043e\u0431\u0440\u0430\u0442\u0438 \u0430\u0433\u0440\u043e\u0442\u0435\u043a\u0441\u0442\u0438\u043b\u044c?<\/strong><\/h3>\n<p data-start=\"1698\" data-end=\"1981\">\u0410\u0433\u0440\u043e\u0442\u0435\u043a\u0441\u0442\u0438\u043b\u044c - \u0446\u0435 \u0435\u043a\u043e\u043b\u043e\u0433\u0456\u0447\u043d\u0435 \u0442\u0430 \u0435\u043a\u043e\u043d\u043e\u043c\u0456\u0447\u043d\u0435 \u0440\u0456\u0448\u0435\u043d\u043d\u044f, \u044f\u043a\u0435 \u043f\u043e\u043a\u0440\u0430\u0449\u0443\u0454 \u0443\u043c\u043e\u0432\u0438 \u0432\u0438\u0440\u043e\u0449\u0443\u0432\u0430\u043d\u043d\u044f \u0431\u0435\u0437 \u0432\u0438\u043a\u043e\u0440\u0438\u0441\u0442\u0430\u043d\u043d\u044f \u0433\u0435\u0440\u0431\u0456\u0446\u0438\u0434\u0456\u0432. \u0419\u043e\u0433\u043e \u0434\u043e\u0432\u0433\u043e\u0432\u0456\u0447\u043d\u0456\u0441\u0442\u044c, \u0441\u0442\u0456\u0439\u043a\u0456\u0441\u0442\u044c \u0434\u043e \u043f\u043e\u0433\u043e\u0434\u043d\u0438\u0445 \u0443\u043c\u043e\u0432 \u0456 \u0448\u0438\u0440\u043e\u043a\u0438\u0439 \u0441\u043f\u0435\u043a\u0442\u0440 \u0437\u0430\u0441\u0442\u043e\u0441\u0443\u0432\u0430\u043d\u043d\u044f \u0440\u043e\u0431\u043b\u044f\u0442\u044c \u0439\u043e\u0433\u043e \u0431\u0435\u0437\u0446\u0456\u043d\u043d\u0438\u043c \u043f\u043e\u043c\u0456\u0447\u043d\u0438\u043a\u043e\u043c \u0434\u043b\u044f \u0444\u0435\u0440\u043c\u0435\u0440\u0456\u0432 \u0456 \u0441\u0430\u0434\u0456\u0432\u043d\u0438\u043a\u0456\u0432.<\/p>","protected":false},"excerpt":{"rendered":"<p>Agrotkanina w zielone pasy co 20cm \u2013 trwa\u0142a ochrona i wsparcie dla ro\u015blin Agrotkanina \u015bci\u00f3\u0142kuj\u0105ca to wytrzyma\u0142y materia\u0142 stosowany w ogrodnictwie i rolnictwie, kt\u00f3ry skutecznie ogranicza wzrost chwast\u00f3w, poprawia warunki glebowe i wspiera rozw\u00f3j ro\u015blin. Wykonana z wysokiej jako\u015bci polipropylenu, zapewnia optymaln\u0105 przepuszczalno\u015b\u0107 powietrza i wody, jednocze\u015bnie chroni\u0105c gleb\u0119 przed nadmiernym wysychaniem. Najwa\u017cniejsze cechy: Trwa\u0142o\u015b\u0107 [&hellip;]<\/p>","protected":false},"featured_media":4138,"template":"","meta":{"site-sidebar-layout":"default","site-content-layout":"","ast-site-content-layout":"default","site-content-style":"default","site-sidebar-style":"default","ast-global-header-display":"","ast-banner-title-visibility":"","ast-main-header-display":"","ast-hfb-above-header-display":"","ast-hfb-below-header-display":"","ast-hfb-mobile-header-display":"","site-post-title":"","ast-breadcrumbs-content":"","ast-featured-img":"","footer-sml-layout":"","theme-transparent-header-meta":"default","adv-header-id-meta":"","stick-header-meta":"default","header-above-stick-meta":"","header-main-stick-meta":"","header-below-stick-meta":"","astra-migrate-meta-layouts":"set","ast-page-background-enabled":"default","ast-page-background-meta":{"desktop":{"background-color":"var(--ast-global-color-4)","background-image":"","background-repeat":"repeat","background-position":"center center","background-size":"auto","background-attachment":"scroll","background-type":"","background-media":"","overlay-type":"","overlay-color":"","overlay-opacity":"","overlay-gradient":""},"tablet":{"background-color":"","background-image":"","background-repeat":"repeat","background-position":"center center","background-size":"auto","background-attachment":"scroll","background-type":"","background-media":"","overlay-type":"","overlay-color":"","overlay-opacity":"","overlay-gradient":""},"mobile":{"background-color":"","background-image":"","background-repeat":"repeat","background-position":"center center","background-size":"auto","background-attachment":"scroll","background-type":"","background-media":"","overlay-type":"","overlay-color":"","overlay-opacity":"","overlay-gradient":""}},"ast-content-background-meta":{"desktop":{"background-color":"var(--ast-global-color-5)","background-image":"","background-repeat":"repeat","background-position":"center center","background-size":"auto","background-attachment":"scroll","background-type":"","background-media":"","overlay-type":"","overlay-color":"","overlay-opacity":"","overlay-gradient":""},"tablet":{"background-color":"var(--ast-global-color-5)","background-image":"","background-repeat":"repeat","background-position":"center center","background-size":"auto","background-attachment":"scroll","background-type":"","background-media":"","overlay-type":"","overlay-color":"","overlay-opacity":"","overlay-gradient":""},"mobile":{"background-color":"var(--ast-global-color-5)","background-image":"","background-repeat":"repeat","background-position":"center center","background-size":"auto","background-attachment":"scroll","background-type":"","background-media":"","overlay-type":"","overlay-color":"","overlay-opacity":"","overlay-gradient":""}}},"product_brand":[],"product_cat":[239],"product_tag":[],"class_list":{"0":"post-4142","1":"product","2":"type-product","3":"status-publish","4":"has-post-thumbnail","6":"product_cat-agrotkaniny-agrotekstylia","7":"desktop-align-left","8":"tablet-align-left","9":"mobile-align-left","10":"ast-product-gallery-layout-horizontal","11":"ast-product-tabs-layout-horizontal","13":"first","14":"instock","15":"shipping-taxable","16":"product-type-simple"},"_links":{"self":[{"href":"https:\/\/wimar.net\/uk\/wp-json\/wp\/v2\/product\/4142","targetHints":{"allow":["GET"]}}],"collection":[{"href":"https:\/\/wimar.net\/uk\/wp-json\/wp\/v2\/product"}],"about":[{"href":"https:\/\/wimar.net\/uk\/wp-json\/wp\/v2\/types\/product"}],"version-history":[{"count":3,"href":"https:\/\/wimar.net\/uk\/wp-json\/wp\/v2\/product\/4142\/revisions"}],"predecessor-version":[{"id":7415,"href":"https:\/\/wimar.net\/uk\/wp-json\/wp\/v2\/product\/4142\/revisions\/7415"}],"wp:featuredmedia":[{"embeddable":true,"href":"https:\/\/wimar.net\/uk\/wp-json\/wp\/v2\/media\/4138"}],"wp:attachment":[{"href":"https:\/\/wimar.net\/uk\/wp-json\/wp\/v2\/media?parent=4142"}],"wp:term":[{"taxonomy":"product_brand","embeddable":true,"href":"https:\/\/wimar.net\/uk\/wp-json\/wp\/v2\/product_brand?post=4142"},{"taxonomy":"product_cat","embeddable":true,"href":"https:\/\/wimar.net\/uk\/wp-json\/wp\/v2\/product_cat?post=4142"},{"taxonomy":"product_tag","embeddable":true,"href":"https:\/\/wimar.net\/uk\/wp-json\/wp\/v2\/product_tag?post=4142"}],"curies":[{"name":"wp","href":"https:\/\/api.w.org\/{rel}","templated":true}]}}