{"id":4151,"date":"2025-02-13T11:57:09","date_gmt":"2025-02-13T10:57:09","guid":{"rendered":"https:\/\/wimar.net\/?post_type=product&#038;p=4151"},"modified":"2025-02-13T13:13:05","modified_gmt":"2025-02-13T12:13:05","slug":"%d0%bd%d0%b8%d1%82%d0%ba%d0%b8-%d1%88%d0%b2%d0%b5%d0%b9%d0%bd%d1%96-%d0%b4%d0%bb%d1%8f-%d1%80%d1%83%d1%87%d0%bd%d0%b8%d1%85-%d1%88%d0%b2%d0%b5%d0%b9%d0%bd%d0%b8%d1%85-%d0%bc%d0%b0%d1%88%d0%b8%d0%bd","status":"publish","type":"product","link":"https:\/\/wimar.net\/uk\/product-2\/%d0%bd%d0%b8%d1%82%d0%ba%d0%b8-%d1%88%d0%b2%d0%b5%d0%b9%d0%bd%d1%96-%d0%b4%d0%bb%d1%8f-%d1%80%d1%83%d1%87%d0%bd%d0%b8%d1%85-%d1%88%d0%b2%d0%b5%d0%b9%d0%bd%d0%b8%d1%85-%d0%bc%d0%b0%d1%88%d0%b8%d0%bd\/","title":{"rendered":"\u041d\u0438\u0442\u043a\u0438 \u0434\u043b\u044f \u0440\u0443\u0447\u043d\u043e\u0457 \u0448\u0432\u0435\u0439\u043d\u043e\u0457 \u043c\u0430\u0448\u0438\u043d\u0438 \u0448\u043f\u0443\u043b\u044c\u043a\u0430 200\u0433"},"content":{"rendered":"<p data-start=\"0\" data-end=\"59\"><strong data-start=\"0\" data-end=\"57\">\u041d\u0438\u0442\u043a\u0438 \u0434\u043b\u044f \u0440\u0443\u0447\u043d\u0438\u0445 \u0448\u0432\u0435\u0439\u043d\u0438\u0445 \u043c\u0430\u0448\u0438\u043d - \u0434\u043e\u0432\u0433\u043e\u0432\u0456\u0447\u043d\u0456\u0441\u0442\u044c \u0456 \u043d\u0430\u0434\u0456\u0439\u043d\u0456\u0441\u0442\u044c<\/strong><\/p>\n<p data-start=\"61\" data-end=\"341\">\u041d\u0438\u0442\u043a\u0438 \u0434\u043b\u044f \u0440\u0443\u0447\u043d\u0438\u0445 \u0448\u0432\u0435\u0439\u043d\u0438\u0445 \u043c\u0430\u0448\u0438\u043d - \u0446\u0435 \u0432\u0438\u0441\u043e\u043a\u043e\u044f\u043a\u0456\u0441\u043d\u0438\u0439 \u043f\u0440\u043e\u0434\u0443\u043a\u0442, \u043f\u0440\u0438\u0437\u043d\u0430\u0447\u0435\u043d\u0438\u0439 \u0434\u043b\u044f \u0448\u0432\u0438\u0434\u043a\u043e\u0433\u043e \u0442\u0430 \u0435\u0444\u0435\u043a\u0442\u0438\u0432\u043d\u043e\u0433\u043e \u0437\u0430\u0448\u0438\u0432\u0430\u043d\u043d\u044f \u043c\u0456\u0448\u043a\u0456\u0432 \u0437 \u0440\u0456\u0437\u043d\u0438\u0445 \u043c\u0430\u0442\u0435\u0440\u0456\u0430\u043b\u0456\u0432. \u0412\u0438\u0433\u043e\u0442\u043e\u0432\u043b\u0435\u043d\u0456 \u0437 \u043c\u0456\u0446\u043d\u0438\u0445 \u0432\u043e\u043b\u043e\u043a\u043e\u043d, \u0432\u043e\u043d\u0438 \u0437\u0430\u0431\u0435\u0437\u043f\u0435\u0447\u0443\u044e\u0442\u044c \u043c\u0456\u0446\u043d\u0456 \u0442\u0430 \u0434\u043e\u0432\u0433\u043e\u0432\u0456\u0447\u043d\u0456 \u0448\u0432\u0438, \u044f\u043a\u0456 \u0433\u0430\u0440\u0430\u043d\u0442\u0443\u044e\u0442\u044c \u0431\u0435\u0437\u043f\u0435\u043a\u0443 \u043f\u0440\u043e\u0434\u0443\u043a\u0442\u0456\u0432, \u0449\u043e \u0442\u0440\u0430\u043d\u0441\u043f\u043e\u0440\u0442\u0443\u044e\u0442\u044c\u0441\u044f \u0442\u0430 \u0437\u0431\u0435\u0440\u0456\u0433\u0430\u044e\u0442\u044c\u0441\u044f.<\/p>\n<h3 data-start=\"343\" data-end=\"373\"><strong data-start=\"347\" data-end=\"371\">\u041e\u0441\u043d\u043e\u0432\u043d\u0456 \u0445\u0430\u0440\u0430\u043a\u0442\u0435\u0440\u0438\u0441\u0442\u0438\u043a\u0438:<\/strong><\/h3>\n<ul>\n<li data-start=\"375\" data-end=\"921\"><strong data-start=\"377\" data-end=\"393\">\u041d\u0430\u0434\u0456\u0439\u043d\u0456\u0441\u0442\u044c<\/strong> - \u041d\u0438\u0442\u043a\u0438 \u0445\u0430\u0440\u0430\u043a\u0442\u0435\u0440\u0438\u0437\u0443\u044e\u0442\u044c\u0441\u044f \u0432\u0438\u0441\u043e\u043a\u043e\u044e \u0441\u0442\u0456\u0439\u043a\u0456\u0441\u0442\u044e \u0434\u043e \u0440\u043e\u0437\u0440\u0438\u0432\u0443, \u0449\u043e \u0437\u0430\u0431\u0435\u0437\u043f\u0435\u0447\u0443\u0454 \u043c\u0456\u0446\u043d\u0435 \u0437\u0430\u043a\u0440\u0438\u0442\u0442\u044f \u043c\u0456\u0448\u043a\u0456\u0432.<\/li>\n<li data-start=\"375\" data-end=\"921\"><strong data-start=\"495\" data-end=\"530\">\u0421\u0442\u0456\u0439\u043a\u0456\u0441\u0442\u044c \u0434\u043e \u0437\u043e\u0432\u043d\u0456\u0448\u043d\u0456\u0445 \u0443\u043c\u043e\u0432<\/strong> - \u043d\u0435 \u043f\u0456\u0434\u0434\u0430\u044e\u0442\u044c\u0441\u044f \u0432\u043f\u043b\u0438\u0432\u0443 \u0432\u043e\u043b\u043e\u0433\u0438, \u0443\u043b\u044c\u0442\u0440\u0430\u0444\u0456\u043e\u043b\u0435\u0442\u043e\u0432\u043e\u0433\u043e \u0432\u0438\u043f\u0440\u043e\u043c\u0456\u043d\u044e\u0432\u0430\u043d\u043d\u044f \u0430\u0431\u043e \u0442\u0435\u043c\u043f\u0435\u0440\u0430\u0442\u0443\u0440\u0438.<\/li>\n<li data-start=\"375\" data-end=\"921\"><strong data-start=\"608\" data-end=\"625\">\u0423\u043d\u0456\u0432\u0435\u0440\u0441\u0430\u043b\u044c\u043d\u0456\u0441\u0442\u044c<\/strong> - \u041f\u0456\u0434\u0445\u043e\u0434\u0438\u0442\u044c \u0434\u043b\u044f \u043f\u043e\u0448\u0438\u0442\u0442\u044f \u0434\u0436\u0443\u0442\u043e\u0432\u0438\u0445, \u043f\u0430\u043f\u0435\u0440\u043e\u0432\u0438\u0445, \u043f\u043e\u043b\u0456\u043f\u0440\u043e\u043f\u0456\u043b\u0435\u043d\u043e\u0432\u0438\u0445 \u0456 \u043b\u043b\u044f\u043d\u0438\u0445 \u043c\u0456\u0448\u043a\u0456\u0432.<\/li>\n<li><strong>\u041d\u0438\u0442\u043a\u0438 \u043d\u0435 \u043c\u0456\u0441\u0442\u044f\u0442\u044c \u0448\u043a\u0456\u0434\u043b\u0438\u0432\u0438\u0445 \u0441\u043f\u043e\u043b\u0443\u043a<\/strong> - \u043c\u043e\u0436\u043d\u0430 \u0432\u0438\u043a\u043e\u0440\u0438\u0441\u0442\u043e\u0432\u0443\u0432\u0430\u0442\u0438 \u0432 \u0445\u0430\u0440\u0447\u043e\u0432\u0456\u0439 \u043f\u0440\u043e\u043c\u0438\u0441\u043b\u043e\u0432\u043e\u0441\u0442\u0456<\/li>\n<li><strong>\u041c\u0456\u0446\u043d\u0456 \u043f\u043e\u043b\u0456\u0435\u0444\u0456\u0440\u043d\u0456 \u0432\u043e\u043b\u043e\u043a\u043d\u0430<\/strong> \u0437 \u0434\u043e\u0434\u0430\u0442\u043a\u043e\u0432\u0438\u043c \u0432\u043e\u0441\u043a\u043e\u0432\u0438\u043c \u043f\u043e\u043a\u0440\u0438\u0442\u0442\u044f\u043c<\/li>\n<li><strong>\u041a\u043e\u0442\u0443\u0448\u043a\u0430<\/strong> - 200g<\/li>\n<\/ul>\n<h3 data-start=\"923\" data-end=\"946\"><strong data-start=\"927\" data-end=\"944\">\u0417\u0430\u044f\u0432\u043a\u0430:<\/strong><\/h3>\n<ul>\n<li data-start=\"948\" data-end=\"1377\"><strong data-start=\"951\" data-end=\"993\">\u0417\u0430\u043f\u0435\u0447\u0430\u0442\u0443\u0432\u0430\u043d\u043d\u044f \u043c\u0456\u0448\u043a\u0456\u0432 \u0434\u043b\u044f \u0444\u0440\u0443\u043a\u0442\u0456\u0432 \u0442\u0430 \u043e\u0432\u043e\u0447\u0456\u0432<\/strong> - \u0456\u0434\u0435\u0430\u043b\u044c\u043d\u043e \u043f\u0456\u0434\u0445\u043e\u0434\u0438\u0442\u044c \u0434\u043b\u044f \u0437\u0430\u043a\u043b\u0435\u044e\u0432\u0430\u043d\u043d\u044f \u043c\u0456\u0448\u043a\u0456\u0432 \u0437 \u043a\u0430\u0440\u0442\u043e\u043f\u043b\u0435\u044e, \u0446\u0438\u0431\u0443\u043b\u0435\u044e, \u044f\u0431\u043b\u0443\u043a\u0430\u043c\u0438 \u0430\u0431\u043e \u0431\u0443\u0440\u044f\u043a\u043e\u043c.<\/li>\n<li data-start=\"948\" data-end=\"1377\"><strong data-start=\"1076\" data-end=\"1110\">\u041f\u0430\u043a\u0443\u0432\u0430\u043d\u043d\u044f \u043f\u0430\u043b\u0438\u0432\u043d\u0438\u0445 \u043c\u0430\u0442\u0435\u0440\u0456\u0430\u043b\u0456\u0432<\/strong> - \u0434\u0435\u0440\u0435\u0432\u0438\u043d\u0430, \u043f\u0435\u043b\u0435\u0442\u0438, \u0432\u0443\u0433\u0456\u043b\u043b\u044f \u0442\u0430 \u0456\u043d\u0448\u0456 \u043f\u0440\u043e\u0434\u0443\u043a\u0442\u0438.<\/li>\n<li data-start=\"948\" data-end=\"1377\"><strong data-start=\"1161\" data-end=\"1215\">\u0417\u0430\u0445\u0438\u0441\u0442 \u0431\u0443\u0434\u0456\u0432\u0435\u043b\u044c\u043d\u0438\u0445 \u0442\u0430 \u0441\u0456\u043b\u044c\u0441\u044c\u043a\u043e\u0433\u043e\u0441\u043f\u043e\u0434\u0430\u0440\u0441\u044c\u043a\u0438\u0445 \u043c\u0430\u0442\u0435\u0440\u0456\u0430\u043b\u0456\u0432<\/strong> - \u0435\u0444\u0435\u043a\u0442\u0438\u0432\u043d\u0435 \u0437\u0430\u043f\u0435\u0447\u0430\u0442\u0443\u0432\u0430\u043d\u043d\u044f \u043c\u0456\u0448\u043a\u0456\u0432 \u0437 \u043a\u043e\u0440\u043c\u0430\u043c\u0438, \u0434\u043e\u0431\u0440\u0438\u0432\u0430\u043c\u0438 \u0442\u0430 \u0437\u0435\u0440\u043d\u043e\u043c.<\/li>\n<li data-start=\"948\" data-end=\"1377\"><strong data-start=\"1281\" data-end=\"1305\">\u041f\u0440\u043e\u043c\u0438\u0441\u043b\u043e\u0432\u0456\u0441\u0442\u044c \u0442\u0430 \u043b\u043e\u0433\u0456\u0441\u0442\u0438\u043a\u0430<\/strong> - \u0428\u0438\u0440\u043e\u043a\u043e \u0432\u0438\u043a\u043e\u0440\u0438\u0441\u0442\u043e\u0432\u0443\u0454\u0442\u044c\u0441\u044f \u043d\u0430 \u0441\u043a\u043b\u0430\u0434\u0430\u0445 \u0456 \u043f\u0440\u0438 \u0442\u0440\u0430\u043d\u0441\u043f\u043e\u0440\u0442\u0443\u0432\u0430\u043d\u043d\u0456 \u0441\u0438\u043f\u0443\u0447\u0438\u0445 \u043f\u0440\u043e\u0434\u0443\u043a\u0442\u0456\u0432.<\/li>\n<\/ul>\n<h3 data-start=\"1379\" data-end=\"1445\"><strong data-start=\"1383\" data-end=\"1443\">\u0427\u043e\u043c\u0443 \u0432\u0430\u0440\u0442\u043e \u043e\u0431\u0438\u0440\u0430\u0442\u0438 \u043d\u0430\u0448\u0456 \u043d\u0438\u0442\u043a\u0438 \u0434\u043b\u044f \u0440\u0443\u0447\u043d\u0438\u0445 \u0448\u0432\u0435\u0439\u043d\u0438\u0445 \u043c\u0430\u0448\u0438\u043d?<\/strong><\/h3>\n<p data-start=\"1447\" data-end=\"1874\" data-is-last-node=\"\">\u041d\u0438\u0442\u043a\u0438 \u0434\u043b\u044f \u0440\u0443\u0447\u043d\u0438\u0445 \u0448\u0432\u0435\u0439\u043d\u0438\u0445 \u043c\u0430\u0448\u0438\u043d - \u043d\u0430\u0434\u0456\u0439\u043d\u0435 \u0440\u0456\u0448\u0435\u043d\u043d\u044f \u0434\u043b\u044f \u0441\u0456\u043b\u044c\u0441\u044c\u043a\u043e\u0433\u043e \u0433\u043e\u0441\u043f\u043e\u0434\u0430\u0440\u0441\u0442\u0432\u0430, \u0445\u0430\u0440\u0447\u043e\u0432\u043e\u0457 \u0442\u0430 \u0442\u0440\u0430\u043d\u0441\u043f\u043e\u0440\u0442\u043d\u043e\u0457 \u043f\u0440\u043e\u043c\u0438\u0441\u043b\u043e\u0432\u043e\u0441\u0442\u0456. \u0407\u0445 \u0434\u043e\u0432\u0433\u043e\u0432\u0456\u0447\u043d\u0456\u0441\u0442\u044c, \u0441\u0442\u0456\u0439\u043a\u0456\u0441\u0442\u044c \u0434\u043e \u043f\u043e\u0448\u043a\u043e\u0434\u0436\u0435\u043d\u044c \u0456 \u0448\u0438\u0440\u043e\u043a\u0438\u0439 \u0441\u043f\u0435\u043a\u0442\u0440 \u0437\u0430\u0441\u0442\u043e\u0441\u0443\u0432\u0430\u043d\u043d\u044f \u0440\u043e\u0431\u043b\u044f\u0442\u044c \u0457\u0445 \u043a\u043b\u044e\u0447\u043e\u0432\u0438\u043c \u0435\u043b\u0435\u043c\u0435\u043d\u0442\u043e\u043c \u0443 \u043f\u0440\u043e\u0446\u0435\u0441\u0456 \u043f\u0430\u043a\u0443\u0432\u0430\u043d\u043d\u044f \u0442\u0430 \u0437\u0430\u0445\u0438\u0441\u0442\u0443 \u043f\u0440\u043e\u0434\u0443\u043a\u0446\u0456\u0457. \u0417\u0430\u0432\u0434\u044f\u043a\u0438 \u0432\u0438\u0441\u043e\u043a\u043e\u044f\u043a\u0456\u0441\u043d\u0438\u043c \u043c\u0430\u0442\u0435\u0440\u0456\u0430\u043b\u0430\u043c \u0432\u043e\u043d\u0438 \u0437\u0430\u0431\u0435\u0437\u043f\u0435\u0447\u0443\u044e\u0442\u044c \u043d\u0430\u0434\u0456\u0439\u043d\u0443 \u0433\u0435\u0440\u043c\u0435\u0442\u0438\u0447\u043d\u0456\u0441\u0442\u044c \u043c\u0456\u0448\u043a\u0456\u0432, \u0449\u043e \u043e\u0437\u043d\u0430\u0447\u0430\u0454 \u0434\u043e\u0432\u0448\u0438\u0439 \u0442\u0435\u0440\u043c\u0456\u043d \u0435\u043a\u0441\u043f\u043b\u0443\u0430\u0442\u0430\u0446\u0456\u0457 \u0442\u0430 \u0431\u0435\u0437\u043f\u0435\u043a\u0443 \u0442\u043e\u0432\u0430\u0440\u0456\u0432, \u0449\u043e \u0437\u0431\u0435\u0440\u0456\u0433\u0430\u044e\u0442\u044c\u0441\u044f.<\/p>","protected":false},"excerpt":{"rendered":"<p>Nici do zaszywarek r\u0119cznych \u2013 trwa\u0142o\u015b\u0107 i niezawodno\u015b\u0107 Nici do zaszywarek r\u0119cznych to wysokiej jako\u015bci produkt przeznaczony do szybkiego i skutecznego zamykania work\u00f3w z r\u00f3\u017cnymi materia\u0142ami. Wykonane z wytrzyma\u0142ych w\u0142\u00f3kien, zapewniaj\u0105 mocne i trwa\u0142e szwy, kt\u00f3re gwarantuj\u0105 bezpiecze\u0144stwo transportowanych i przechowywanych produkt\u00f3w. Najwa\u017cniejsze cechy: Wytrzyma\u0142o\u015b\u0107 \u2013 nici charakteryzuj\u0105 si\u0119 wysok\u0105 odporno\u015bci\u0105 na zrywanie, co zapewnia [&hellip;]<\/p>","protected":false},"featured_media":4157,"template":"","meta":{"site-sidebar-layout":"default","site-content-layout":"","ast-site-content-layout":"default","site-content-style":"default","site-sidebar-style":"default","ast-global-header-display":"","ast-banner-title-visibility":"","ast-main-header-display":"","ast-hfb-above-header-display":"","ast-hfb-below-header-display":"","ast-hfb-mobile-header-display":"","site-post-title":"","ast-breadcrumbs-content":"","ast-featured-img":"","footer-sml-layout":"","theme-transparent-header-meta":"default","adv-header-id-meta":"","stick-header-meta":"default","header-above-stick-meta":"","header-main-stick-meta":"","header-below-stick-meta":"","astra-migrate-meta-layouts":"set","ast-page-background-enabled":"default","ast-page-background-meta":{"desktop":{"background-color":"var(--ast-global-color-4)","background-image":"","background-repeat":"repeat","background-position":"center center","background-size":"auto","background-attachment":"scroll","background-type":"","background-media":"","overlay-type":"","overlay-color":"","overlay-opacity":"","overlay-gradient":""},"tablet":{"background-color":"","background-image":"","background-repeat":"repeat","background-position":"center center","background-size":"auto","background-attachment":"scroll","background-type":"","background-media":"","overlay-type":"","overlay-color":"","overlay-opacity":"","overlay-gradient":""},"mobile":{"background-color":"","background-image":"","background-repeat":"repeat","background-position":"center center","background-size":"auto","background-attachment":"scroll","background-type":"","background-media":"","overlay-type":"","overlay-color":"","overlay-opacity":"","overlay-gradient":""}},"ast-content-background-meta":{"desktop":{"background-color":"var(--ast-global-color-5)","background-image":"","background-repeat":"repeat","background-position":"center center","background-size":"auto","background-attachment":"scroll","background-type":"","background-media":"","overlay-type":"","overlay-color":"","overlay-opacity":"","overlay-gradient":""},"tablet":{"background-color":"var(--ast-global-color-5)","background-image":"","background-repeat":"repeat","background-position":"center center","background-size":"auto","background-attachment":"scroll","background-type":"","background-media":"","overlay-type":"","overlay-color":"","overlay-opacity":"","overlay-gradient":""},"mobile":{"background-color":"var(--ast-global-color-5)","background-image":"","background-repeat":"repeat","background-position":"center center","background-size":"auto","background-attachment":"scroll","background-type":"","background-media":"","overlay-type":"","overlay-color":"","overlay-opacity":"","overlay-gradient":""}}},"product_brand":[],"product_cat":[150],"product_tag":[],"class_list":{"0":"post-4151","1":"product","2":"type-product","3":"status-publish","4":"has-post-thumbnail","6":"product_cat-nici-do-zaszywania-workow","7":"desktop-align-left","8":"tablet-align-left","9":"mobile-align-left","10":"ast-product-gallery-layout-horizontal","11":"ast-product-tabs-layout-horizontal","13":"first","14":"instock","15":"shipping-taxable","16":"product-type-simple"},"_links":{"self":[{"href":"https:\/\/wimar.net\/uk\/wp-json\/wp\/v2\/product\/4151","targetHints":{"allow":["GET"]}}],"collection":[{"href":"https:\/\/wimar.net\/uk\/wp-json\/wp\/v2\/product"}],"about":[{"href":"https:\/\/wimar.net\/uk\/wp-json\/wp\/v2\/types\/product"}],"version-history":[{"count":2,"href":"https:\/\/wimar.net\/uk\/wp-json\/wp\/v2\/product\/4151\/revisions"}],"predecessor-version":[{"id":4166,"href":"https:\/\/wimar.net\/uk\/wp-json\/wp\/v2\/product\/4151\/revisions\/4166"}],"wp:featuredmedia":[{"embeddable":true,"href":"https:\/\/wimar.net\/uk\/wp-json\/wp\/v2\/media\/4157"}],"wp:attachment":[{"href":"https:\/\/wimar.net\/uk\/wp-json\/wp\/v2\/media?parent=4151"}],"wp:term":[{"taxonomy":"product_brand","embeddable":true,"href":"https:\/\/wimar.net\/uk\/wp-json\/wp\/v2\/product_brand?post=4151"},{"taxonomy":"product_cat","embeddable":true,"href":"https:\/\/wimar.net\/uk\/wp-json\/wp\/v2\/product_cat?post=4151"},{"taxonomy":"product_tag","embeddable":true,"href":"https:\/\/wimar.net\/uk\/wp-json\/wp\/v2\/product_tag?post=4151"}],"curies":[{"name":"wp","href":"https:\/\/api.w.org\/{rel}","templated":true}]}}