{"id":4160,"date":"2025-02-13T12:12:03","date_gmt":"2025-02-13T11:12:03","guid":{"rendered":"https:\/\/wimar.net\/?post_type=product&#038;p=4160"},"modified":"2025-02-13T13:12:27","modified_gmt":"2025-02-13T12:12:27","slug":"%d0%bd%d0%b8%d1%82%d0%ba%d0%b0-%d1%88%d0%b2%d0%b5%d0%b9%d0%bd%d0%b0-%d0%b4%d0%bb%d1%8f-%d0%b0%d0%b2%d1%82%d0%be%d0%bc%d0%b0%d1%82%d0%b8%d1%87%d0%bd%d0%be%d1%97-%d1%88%d0%b2%d0%b5%d0%b9%d0%bd%d0%be","status":"publish","type":"product","link":"https:\/\/wimar.net\/uk\/product-2\/%d0%bd%d0%b8%d1%82%d0%ba%d0%b0-%d1%88%d0%b2%d0%b5%d0%b9%d0%bd%d0%b0-%d0%b4%d0%bb%d1%8f-%d0%b0%d0%b2%d1%82%d0%be%d0%bc%d0%b0%d1%82%d0%b8%d1%87%d0%bd%d0%be%d1%97-%d1%88%d0%b2%d0%b5%d0%b9%d0%bd%d0%be\/","title":{"rendered":"\u041d\u0438\u0442\u043a\u0438 \u0434\u043b\u044f \u0430\u0432\u0442\u043e\u043c\u0430\u0442\u0438\u0447\u043d\u043e\u0457 \u0448\u0432\u0435\u0439\u043d\u043e\u0457 \u043c\u0430\u0448\u0438\u043d\u0438 5 \u043a\u0433 \u0431\u043e\u0431\u0456\u043d\u0430"},"content":{"rendered":"<p data-start=\"0\" data-end=\"70\"><strong data-start=\"0\" data-end=\"68\">\u041d\u0438\u0442\u043a\u0438 \u0434\u043b\u044f \u0430\u0432\u0442\u043e\u043c\u0430\u0442\u0438\u0447\u043d\u0438\u0445 \u0448\u0432\u0435\u0439\u043d\u0438\u0445 \u043c\u0430\u0448\u0438\u043d - \u0434\u043e\u0432\u0433\u043e\u0432\u0456\u0447\u043d\u0456\u0441\u0442\u044c \u0456 \u044f\u043a\u0456\u0441\u0442\u044c \u0448\u0438\u0442\u0442\u044f<\/strong><\/p>\n<p data-start=\"72\" data-end=\"334\">\u0428\u0432\u0435\u0439\u043d\u0456 \u043d\u0438\u0442\u043a\u0438 \u0434\u043b\u044f \u0430\u0432\u0442\u043e\u043c\u0430\u0442\u0438\u0447\u043d\u0438\u0445 \u0448\u0432\u0435\u0439\u043d\u0438\u0445 \u043c\u0430\u0448\u0438\u043d \u0454 \u043a\u043b\u044e\u0447\u043e\u0432\u0438\u043c \u0435\u043b\u0435\u043c\u0435\u043d\u0442\u043e\u043c \u0434\u043b\u044f \u0437\u0430\u0431\u0435\u0437\u043f\u0435\u0447\u0435\u043d\u043d\u044f \u043c\u0456\u0446\u043d\u043e\u0433\u043e \u0442\u0430 \u043d\u0430\u0434\u0456\u0439\u043d\u043e\u0433\u043e \u0437\u0430\u043a\u0440\u0438\u0442\u0442\u044f \u043c\u0456\u0448\u043a\u0456\u0432 \u0443 \u043f\u0430\u043a\u0443\u0432\u0430\u043b\u044c\u043d\u0438\u0445 \u043f\u0440\u043e\u0446\u0435\u0441\u0430\u0445. \u0412\u0438\u0433\u043e\u0442\u043e\u0432\u043b\u0435\u043d\u0456 \u0437 \u0432\u0438\u0441\u043e\u043a\u043e\u044f\u043a\u0456\u0441\u043d\u0438\u0445 \u0441\u0438\u043d\u0442\u0435\u0442\u0438\u0447\u043d\u0438\u0445 \u0430\u0431\u043e \u043d\u0430\u0442\u0443\u0440\u0430\u043b\u044c\u043d\u0438\u0445 \u0432\u043e\u043b\u043e\u043a\u043e\u043d, \u0432\u043e\u043d\u0438 \u0433\u0430\u0440\u0430\u043d\u0442\u0443\u044e\u0442\u044c \u0441\u0442\u0456\u0439\u043a\u0456\u0441\u0442\u044c \u0434\u043e \u0440\u043e\u0437\u0440\u0438\u0432\u0456\u0432, \u0441\u0442\u0438\u0440\u0430\u043d\u043d\u044f \u0442\u0430 \u043f\u043e\u0433\u043e\u0434\u043d\u0438\u0445 \u0443\u043c\u043e\u0432.<\/p>\n<h3 data-start=\"336\" data-end=\"366\"><strong data-start=\"340\" data-end=\"364\">\u041e\u0441\u043d\u043e\u0432\u043d\u0456 \u0445\u0430\u0440\u0430\u043a\u0442\u0435\u0440\u0438\u0441\u0442\u0438\u043a\u0438:<\/strong><\/h3>\n<ul>\n<li data-start=\"368\" data-end=\"976\"><strong data-start=\"370\" data-end=\"386\">\u041d\u0430\u0434\u0456\u0439\u043d\u0456\u0441\u0442\u044c<\/strong> - \u0421\u0442\u0456\u0439\u043a\u0456 \u0434\u043e \u0440\u043e\u0437\u0442\u044f\u0433\u0443\u0432\u0430\u043d\u043d\u044f \u0442\u0430 \u0441\u0442\u0438\u0440\u0430\u043d\u043d\u044f, \u0432\u043e\u043d\u0438 \u0437\u0430\u0431\u0435\u0437\u043f\u0435\u0447\u0443\u044e\u0442\u044c \u043c\u0456\u0446\u043d\u0435 \u0443\u0449\u0456\u043b\u044c\u043d\u0435\u043d\u043d\u044f \u043c\u0456\u0448\u043a\u0456\u0432.<\/li>\n<li data-start=\"368\" data-end=\"976\"><strong data-start=\"697\" data-end=\"732\">\u0421\u0442\u0456\u0439\u043a\u0456\u0441\u0442\u044c \u0434\u043e \u0437\u043e\u0432\u043d\u0456\u0448\u043d\u0456\u0445 \u0443\u043c\u043e\u0432<\/strong> - \u041d\u0438\u0442\u043a\u0438, \u0441\u0442\u0456\u0439\u043a\u0456 \u0434\u043e \u0432\u043e\u043b\u043e\u0433\u0438, \u0443\u043b\u044c\u0442\u0440\u0430\u0444\u0456\u043e\u043b\u0435\u0442\u0443 \u0442\u0430 \u043f\u043b\u0456\u0441\u043d\u044f\u0432\u0438, \u0434\u043e\u0431\u0440\u0435 \u043f\u0440\u0430\u0446\u044e\u044e\u0442\u044c \u0432 \u0441\u0443\u0432\u043e\u0440\u0438\u0445 \u0443\u043c\u043e\u0432\u0430\u0445 \u0437\u0431\u0435\u0440\u0456\u0433\u0430\u043d\u043d\u044f.<\/li>\n<li data-start=\"368\" data-end=\"976\"><strong data-start=\"839\" data-end=\"856\">\u0423\u043d\u0456\u0432\u0435\u0440\u0441\u0430\u043b\u044c\u043d\u0456\u0441\u0442\u044c<\/strong> - \u0412\u043e\u043d\u0438 \u043f\u0456\u0434\u0445\u043e\u0434\u044f\u0442\u044c \u0434\u043b\u044f \u0431\u0456\u043b\u044c\u0448\u043e\u0441\u0442\u0456 \u043c\u043e\u0434\u0435\u043b\u0435\u0439 \u0430\u0432\u0442\u043e\u043c\u0430\u0442\u0438\u0447\u043d\u0438\u0445 \u0448\u0432\u0435\u0439\u043d\u0438\u0445 \u043c\u0430\u0448\u0438\u043d, \u0442\u0430\u043a\u0438\u0445 \u044f\u043a Fischbein, YaoHan \u0456 \u0431\u0430\u0433\u0430\u0442\u044c\u043e\u0445 \u0456\u043d\u0448\u0438\u0445, \u0449\u043e \u0432\u0438\u043a\u043e\u0440\u0438\u0441\u0442\u043e\u0432\u0443\u044e\u0442\u044c\u0441\u044f \u0432 \u0441\u0456\u043b\u044c\u0441\u044c\u043a\u043e\u0433\u043e\u0441\u043f\u043e\u0434\u0430\u0440\u0441\u044c\u043a\u0456\u0439, \u0445\u0430\u0440\u0447\u043e\u0432\u0456\u0439 \u0456 \u0442\u0440\u0430\u043d\u0441\u043f\u043e\u0440\u0442\u043d\u0456\u0439 \u0433\u0430\u043b\u0443\u0437\u044f\u0445.<\/li>\n<li data-start=\"368\" data-end=\"976\"><strong>\u041a\u043e\u0442\u0443\u0448\u043a\u0430<\/strong> - 5 \u043a\u0433<\/li>\n<\/ul>\n<h3 data-start=\"978\" data-end=\"1001\"><strong data-start=\"982\" data-end=\"999\">\u0417\u0430\u044f\u0432\u043a\u0430:<\/strong><\/h3>\n<ul>\n<li data-start=\"1003\" data-end=\"1508\"><strong data-start=\"1006\" data-end=\"1027\">\u0413\u0435\u0440\u043c\u0435\u0442\u0438\u0437\u0430\u0446\u0456\u044f \u043c\u0456\u0448\u043a\u0430<\/strong> - \u0406\u0434\u0435\u0430\u043b\u044c\u043d\u043e \u043f\u0456\u0434\u0445\u043e\u0434\u0438\u0442\u044c \u0434\u043b\u044f \u0434\u0436\u0443\u0442\u043e\u0432\u0438\u0445, \u043f\u0430\u043f\u0435\u0440\u043e\u0432\u0438\u0445, \u043f\u043e\u043b\u0456\u043f\u0440\u043e\u043f\u0456\u043b\u0435\u043d\u043e\u0432\u0438\u0445 \u0456 \u0431\u0430\u0432\u043e\u0432\u043d\u044f\u043d\u0438\u0445 \u043c\u0456\u0448\u043a\u0456\u0432.<\/li>\n<li data-start=\"1003\" data-end=\"1508\"><strong data-start=\"1110\" data-end=\"1132\">\u0425\u0430\u0440\u0447\u043e\u0432\u0430 \u043f\u0440\u043e\u043c\u0438\u0441\u043b\u043e\u0432\u0456\u0441\u0442\u044c<\/strong> - \u041f\u0430\u043a\u0443\u0432\u0430\u043d\u043d\u044f \u0441\u0438\u043f\u0443\u0447\u0438\u0445 \u043f\u0440\u043e\u0434\u0443\u043a\u0442\u0456\u0432, \u0442\u0430\u043a\u0438\u0445 \u044f\u043a \u0431\u043e\u0440\u043e\u0448\u043d\u043e, \u0446\u0443\u043a\u043e\u0440, \u043a\u0440\u0443\u043f\u0438 \u0430\u0431\u043e \u043a\u043e\u0440\u043c\u0438.<\/li>\n<li data-start=\"1003\" data-end=\"1508\"><strong data-start=\"1211\" data-end=\"1238\">\u0421\u0456\u043b\u044c\u0441\u044c\u043a\u0435 \u0433\u043e\u0441\u043f\u043e\u0434\u0430\u0440\u0441\u0442\u0432\u043e \u0442\u0430 \u0441\u0430\u0434\u0456\u0432\u043d\u0438\u0446\u0442\u0432\u043e<\/strong> - \u041f\u0430\u043a\u0443\u0432\u0430\u043d\u043d\u044f \u0434\u043e\u0431\u0440\u0438\u0432, \u043d\u0430\u0441\u0456\u043d\u043d\u044f, \u0444\u0440\u0443\u043a\u0442\u0456\u0432 \u0442\u0430 \u043e\u0432\u043e\u0447\u0456\u0432 \u0443 \u043c\u0456\u0448\u043a\u0438.<\/li>\n<li data-start=\"1003\" data-end=\"1508\"><strong data-start=\"1295\" data-end=\"1315\">\u041e\u043f\u0430\u043b\u044e\u0432\u0430\u043b\u044c\u043d\u0430 \u043f\u0440\u043e\u043c\u0438\u0441\u043b\u043e\u0432\u0456\u0441\u0442\u044c<\/strong> - \u041f\u0430\u043a\u0443\u0432\u0430\u043d\u043d\u044f \u0432\u0443\u0433\u0456\u043b\u043b\u044f, \u043f\u0435\u043b\u0435\u0442, \u0431\u0440\u0438\u043a\u0435\u0442\u0456\u0432 \u0456 \u0442\u0440\u0456\u0441\u043a\u0438 \u0432 \u043c\u0456\u0448\u043a\u0438.<\/li>\n<li data-start=\"1003\" data-end=\"1508\"><strong data-start=\"1393\" data-end=\"1422\">\u041b\u043e\u0433\u0456\u0441\u0442\u0438\u043a\u0430 \u0442\u0430 \u0441\u043a\u043b\u0430\u0434\u0443\u0432\u0430\u043d\u043d\u044f<\/strong> - \u041d\u0430\u0434\u0456\u0439\u043d\u0435 \u043f\u0430\u043a\u0443\u0432\u0430\u043d\u043d\u044f \u0442\u0430 \u0442\u0440\u0430\u043d\u0441\u043f\u043e\u0440\u0442\u0443\u0432\u0430\u043d\u043d\u044f \u043f\u0440\u043e\u0434\u0443\u043a\u0442\u0456\u0432, \u0449\u043e \u043f\u043e\u0442\u0440\u0435\u0431\u0443\u044e\u0442\u044c \u043d\u0430\u0434\u0456\u0439\u043d\u043e\u0433\u043e \u0437\u0430\u0445\u0438\u0441\u0442\u0443.<\/li>\n<\/ul>\n<h3 data-start=\"1510\" data-end=\"1553\"><strong data-start=\"1514\" data-end=\"1551\">\u0427\u043e\u043c\u0443 \u043e\u0431\u0438\u0440\u0430\u044e\u0442\u044c \u043d\u0430\u0448\u0456 \u043d\u0438\u0442\u043a\u0438?<\/strong><\/h3>\n<p data-start=\"1555\" data-end=\"1857\" data-is-last-node=\"\">\u041d\u0438\u0442\u043a\u0438 \u0434\u043b\u044f \u0430\u0432\u0442\u043e\u043c\u0430\u0442\u0438\u0447\u043d\u0438\u0445 \u0448\u0432\u0435\u0439\u043d\u0438\u0445 \u043c\u0430\u0448\u0438\u043d - \u043d\u0430\u0434\u0456\u0439\u043d\u0435 \u0440\u0456\u0448\u0435\u043d\u043d\u044f \u0434\u043b\u044f \u043f\u0430\u043a\u0443\u0432\u0430\u043b\u044c\u043d\u0438\u0445 \u0456 \u0441\u043a\u043b\u0430\u0434\u0441\u044c\u043a\u0438\u0445 \u043a\u043e\u043c\u043f\u0430\u043d\u0456\u0439. \u0407\u0445 \u0434\u043e\u0432\u0433\u043e\u0432\u0456\u0447\u043d\u0456\u0441\u0442\u044c, \u0441\u0442\u0456\u0439\u043a\u0456\u0441\u0442\u044c \u0434\u043e \u043f\u043e\u0433\u043e\u0434\u043d\u0438\u0445 \u0443\u043c\u043e\u0432 \u0442\u0430 \u0435\u043a\u043e\u043b\u043e\u0433\u0456\u0447\u043d\u0456\u0441\u0442\u044c \u0440\u043e\u0431\u043b\u044f\u0442\u044c \u0457\u0445 \u0456\u0434\u0435\u0430\u043b\u044c\u043d\u0438\u043c \u0432\u0438\u0431\u043e\u0440\u043e\u043c \u0434\u043b\u044f \u0442\u0438\u0445, \u0445\u0442\u043e \u0448\u0443\u043a\u0430\u0454 \u0435\u0444\u0435\u043a\u0442\u0438\u0432\u043d\u0438\u0439 \u0456 \u0434\u043e\u0432\u0433\u043e\u0432\u0456\u0447\u043d\u0438\u0439 \u0441\u043f\u043e\u0441\u0456\u0431 \u0437\u0430\u043f\u0435\u0447\u0430\u0442\u0443\u0432\u0430\u043d\u043d\u044f \u043c\u0456\u0448\u043a\u0456\u0432.<\/p>","protected":false},"excerpt":{"rendered":"<p>Nici do zaszywarek automatycznych \u2013 wytrzyma\u0142o\u015b\u0107 i jako\u015b\u0107 szycia Nici do zaszywarek automatycznych to kluczowy element zapewniaj\u0105cy trwa\u0142e i solidne zamkni\u0119cie work\u00f3w w procesach pakowania. Wykonane z wysokiej jako\u015bci w\u0142\u00f3kien syntetycznych lub naturalnych, gwarantuj\u0105 odporno\u015b\u0107 na zerwanie, \u015bcieranie i warunki atmosferyczne. Najwa\u017cniejsze cechy: Wytrzyma\u0142o\u015b\u0107 \u2013 Odporne na rozci\u0105ganie i \u015bcieranie, zapewniaj\u0105 trwa\u0142e zamkni\u0119cie work\u00f3w. Odporno\u015b\u0107 [&hellip;]<\/p>","protected":false},"featured_media":4163,"template":"","meta":{"site-sidebar-layout":"default","site-content-layout":"","ast-site-content-layout":"default","site-content-style":"default","site-sidebar-style":"default","ast-global-header-display":"","ast-banner-title-visibility":"","ast-main-header-display":"","ast-hfb-above-header-display":"","ast-hfb-below-header-display":"","ast-hfb-mobile-header-display":"","site-post-title":"","ast-breadcrumbs-content":"","ast-featured-img":"","footer-sml-layout":"","theme-transparent-header-meta":"default","adv-header-id-meta":"","stick-header-meta":"default","header-above-stick-meta":"","header-main-stick-meta":"","header-below-stick-meta":"","astra-migrate-meta-layouts":"set","ast-page-background-enabled":"default","ast-page-background-meta":{"desktop":{"background-color":"var(--ast-global-color-4)","background-image":"","background-repeat":"repeat","background-position":"center center","background-size":"auto","background-attachment":"scroll","background-type":"","background-media":"","overlay-type":"","overlay-color":"","overlay-opacity":"","overlay-gradient":""},"tablet":{"background-color":"","background-image":"","background-repeat":"repeat","background-position":"center center","background-size":"auto","background-attachment":"scroll","background-type":"","background-media":"","overlay-type":"","overlay-color":"","overlay-opacity":"","overlay-gradient":""},"mobile":{"background-color":"","background-image":"","background-repeat":"repeat","background-position":"center center","background-size":"auto","background-attachment":"scroll","background-type":"","background-media":"","overlay-type":"","overlay-color":"","overlay-opacity":"","overlay-gradient":""}},"ast-content-background-meta":{"desktop":{"background-color":"var(--ast-global-color-5)","background-image":"","background-repeat":"repeat","background-position":"center center","background-size":"auto","background-attachment":"scroll","background-type":"","background-media":"","overlay-type":"","overlay-color":"","overlay-opacity":"","overlay-gradient":""},"tablet":{"background-color":"var(--ast-global-color-5)","background-image":"","background-repeat":"repeat","background-position":"center center","background-size":"auto","background-attachment":"scroll","background-type":"","background-media":"","overlay-type":"","overlay-color":"","overlay-opacity":"","overlay-gradient":""},"mobile":{"background-color":"var(--ast-global-color-5)","background-image":"","background-repeat":"repeat","background-position":"center center","background-size":"auto","background-attachment":"scroll","background-type":"","background-media":"","overlay-type":"","overlay-color":"","overlay-opacity":"","overlay-gradient":""}}},"product_brand":[],"product_cat":[150],"product_tag":[],"class_list":{"0":"post-4160","1":"product","2":"type-product","3":"status-publish","4":"has-post-thumbnail","6":"product_cat-nici-do-zaszywania-workow","7":"desktop-align-left","8":"tablet-align-left","9":"mobile-align-left","10":"ast-product-gallery-layout-horizontal","11":"ast-product-tabs-layout-horizontal","13":"first","14":"instock","15":"shipping-taxable","16":"product-type-simple"},"_links":{"self":[{"href":"https:\/\/wimar.net\/uk\/wp-json\/wp\/v2\/product\/4160","targetHints":{"allow":["GET"]}}],"collection":[{"href":"https:\/\/wimar.net\/uk\/wp-json\/wp\/v2\/product"}],"about":[{"href":"https:\/\/wimar.net\/uk\/wp-json\/wp\/v2\/types\/product"}],"version-history":[{"count":1,"href":"https:\/\/wimar.net\/uk\/wp-json\/wp\/v2\/product\/4160\/revisions"}],"predecessor-version":[{"id":4165,"href":"https:\/\/wimar.net\/uk\/wp-json\/wp\/v2\/product\/4160\/revisions\/4165"}],"wp:featuredmedia":[{"embeddable":true,"href":"https:\/\/wimar.net\/uk\/wp-json\/wp\/v2\/media\/4163"}],"wp:attachment":[{"href":"https:\/\/wimar.net\/uk\/wp-json\/wp\/v2\/media?parent=4160"}],"wp:term":[{"taxonomy":"product_brand","embeddable":true,"href":"https:\/\/wimar.net\/uk\/wp-json\/wp\/v2\/product_brand?post=4160"},{"taxonomy":"product_cat","embeddable":true,"href":"https:\/\/wimar.net\/uk\/wp-json\/wp\/v2\/product_cat?post=4160"},{"taxonomy":"product_tag","embeddable":true,"href":"https:\/\/wimar.net\/uk\/wp-json\/wp\/v2\/product_tag?post=4160"}],"curies":[{"name":"wp","href":"https:\/\/api.w.org\/{rel}","templated":true}]}}