{"id":4167,"date":"2025-02-13T13:42:45","date_gmt":"2025-02-13T12:42:45","guid":{"rendered":"https:\/\/wimar.net\/?post_type=product&#038;p=4167"},"modified":"2025-02-13T14:13:21","modified_gmt":"2025-02-13T13:13:21","slug":"%d0%bc%d1%96%d1%88%d0%be%d0%ba-%d1%81%d1%96%d1%82%d1%87%d0%b0%d1%81%d1%82%d0%b8%d0%b9-%d0%b4%d0%bb%d1%8f-%d0%b4%d1%80%d0%be%d0%b2-140%d1%85193%d1%81%d0%bc-1%d0%bc3","status":"publish","type":"product","link":"https:\/\/wimar.net\/uk\/product-2\/%d0%bc%d1%96%d1%88%d0%be%d0%ba-%d1%81%d1%96%d1%82%d1%87%d0%b0%d1%81%d1%82%d0%b8%d0%b9-%d0%b4%d0%bb%d1%8f-%d0%b4%d1%80%d0%be%d0%b2-140%d1%85193%d1%81%d0%bc-1%d0%bc3\/","title":{"rendered":"\u041c\u0456\u0448\u043e\u043a \u0441\u0456\u0442\u0447\u0430\u0441\u0442\u0438\u0439 \u0434\u043b\u044f \u0434\u0440\u043e\u0432 140\u0445193\u0441\u043c 1\u043c^3"},"content":{"rendered":"<p data-start=\"0\" data-end=\"49\"><strong data-start=\"0\" data-end=\"47\">\u041f\u0430\u043b\u0435\u0442\u043d\u0456 \u0441\u0456\u0442\u0447\u0430\u0441\u0442\u0456 \u043c\u0456\u0448\u043a\u0438 \u0434\u043b\u044f \u0434\u0440\u043e\u0432<\/strong><\/p>\n<p data-start=\"51\" data-end=\"323\">\u0421\u0456\u0442\u0447\u0430\u0441\u0442\u0456 \u043c\u0456\u0448\u043a\u0438 \u0434\u043b\u044f \u043f\u0456\u0434\u0434\u043e\u043d\u0456\u0432 - \u0446\u0435 \u043d\u0430\u0434\u0456\u0439\u043d\u0435 \u0442\u0430 \u0444\u0443\u043d\u043a\u0446\u0456\u043e\u043d\u0430\u043b\u044c\u043d\u0435 \u0440\u0456\u0448\u0435\u043d\u043d\u044f \u0434\u043b\u044f \u0437\u0431\u0435\u0440\u0456\u0433\u0430\u043d\u043d\u044f \u0456 \u0442\u0440\u0430\u043d\u0441\u043f\u043e\u0440\u0442\u0443\u0432\u0430\u043d\u043d\u044f \u0434\u0440\u043e\u0432. \u0412\u0438\u0433\u043e\u0442\u043e\u0432\u043b\u0435\u043d\u0456 \u0437 \u043c\u0456\u0446\u043d\u043e\u0457 \u043f\u043e\u043b\u0456\u043f\u0440\u043e\u043f\u0456\u043b\u0435\u043d\u043e\u0432\u043e\u0457 \u0441\u0456\u0442\u043a\u0438, \u0432\u043e\u043d\u0438 \u0437\u0430\u0431\u0435\u0437\u043f\u0435\u0447\u0443\u044e\u0442\u044c \u0432\u0456\u0434\u043c\u0456\u043d\u043d\u0443 \u0446\u0438\u0440\u043a\u0443\u043b\u044f\u0446\u0456\u044e \u043f\u043e\u0432\u0456\u0442\u0440\u044f, \u0449\u043e \u0441\u043f\u0440\u0438\u044f\u0454 \u043f\u0440\u043e\u0446\u0435\u0441\u0443 \u0441\u0443\u0448\u0456\u043d\u043d\u044f \u0434\u0435\u0440\u0435\u0432\u0438\u043d\u0438 \u0442\u0430 \u0437\u0430\u043f\u043e\u0431\u0456\u0433\u0430\u0454 \u043f\u043e\u044f\u0432\u0456 \u043f\u043b\u0456\u0441\u043d\u044f\u0432\u0438.<\/p>\n<h3 data-start=\"325\" data-end=\"355\"><strong data-start=\"329\" data-end=\"353\">\u041e\u0441\u043d\u043e\u0432\u043d\u0456 \u0445\u0430\u0440\u0430\u043a\u0442\u0435\u0440\u0438\u0441\u0442\u0438\u043a\u0438:<\/strong><\/h3>\n<ul>\n<li data-start=\"356\" data-end=\"982\"><strong data-start=\"358\" data-end=\"374\">\u041d\u0430\u0434\u0456\u0439\u043d\u0456\u0441\u0442\u044c<\/strong> - \u041c\u0456\u0446\u043d\u0430 \u043a\u043e\u043d\u0441\u0442\u0440\u0443\u043a\u0446\u0456\u044f \u0441\u0456\u0442\u043a\u0438 \u0434\u043e\u0437\u0432\u043e\u043b\u044f\u0454 \u0442\u0440\u0430\u043d\u0441\u043f\u043e\u0440\u0442\u0443\u0432\u0430\u0442\u0438 \u0442\u0430 \u0437\u0431\u0435\u0440\u0456\u0433\u0430\u0442\u0438 \u0432\u0435\u043b\u0438\u043a\u0443 \u043a\u0456\u043b\u044c\u043a\u0456\u0441\u0442\u044c \u0434\u0435\u0440\u0435\u0432\u0438\u043d\u0438.<\/li>\n<li data-start=\"356\" data-end=\"982\"><strong data-start=\"465\" data-end=\"495\">\u041f\u043e\u0432\u0456\u0442\u0440\u043e\u043f\u0440\u043e\u043d\u0438\u043a\u043d\u0456\u0441\u0442\u044c<\/strong> - \u0412\u0456\u043d \u0437\u0430\u0431\u0435\u0437\u043f\u0435\u0447\u0443\u0454 \u0435\u0444\u0435\u043a\u0442\u0438\u0432\u043d\u0435 \u0441\u0443\u0448\u0456\u043d\u043d\u044f \u0434\u0435\u0440\u0435\u0432\u0438\u043d\u0438 \u0442\u0430 \u0437\u0430\u043f\u043e\u0431\u0456\u0433\u0430\u0454 \u043d\u0430\u043a\u043e\u043f\u0438\u0447\u0435\u043d\u043d\u044e \u0432\u043e\u043b\u043e\u0433\u0438.<\/li>\n<li data-start=\"356\" data-end=\"982\"><strong data-start=\"574\" data-end=\"591\">\u0415\u043a\u043e\u043b\u043e\u0433\u0456\u0447\u043d\u0456\u0441\u0442\u044c<\/strong> - \u0411\u0430\u0433\u0430\u0442\u043e\u0440\u0430\u0437\u043e\u0432\u0456 \u0442\u0430 \u043f\u0440\u0438\u0434\u0430\u0442\u043d\u0456 \u0434\u043b\u044f \u043f\u0435\u0440\u0435\u0440\u043e\u0431\u043a\u0438.<\/li>\n<li data-start=\"356\" data-end=\"982\"><strong data-start=\"646\" data-end=\"665\">\u0423\u043d\u0456\u0432\u0435\u0440\u0441\u0430\u043b\u044c\u043d\u0456\u0441\u0442\u044c<\/strong> - \u041f\u0456\u0434\u0445\u043e\u0434\u0438\u0442\u044c \u0434\u043b\u044f \u0437\u0431\u0435\u0440\u0456\u0433\u0430\u043d\u043d\u044f \u0456 \u0442\u0440\u0430\u043d\u0441\u043f\u043e\u0440\u0442\u0443\u0432\u0430\u043d\u043d\u044f \u0434\u0440\u043e\u0432, \u043f\u0435\u043b\u0435\u0442 \u0456 \u0442\u0440\u0456\u0441\u043a\u0438.<\/li>\n<li data-start=\"356\" data-end=\"982\"><strong data-start=\"764\" data-end=\"790\">\u0417\u0440\u0443\u0447\u043d\u0456\u0441\u0442\u044c \u0437\u0431\u0435\u0440\u0456\u0433\u0430\u043d\u043d\u044f<\/strong> - \u041c\u0456\u0448\u043a\u0438 \u043c\u043e\u0436\u043d\u0430 \u0437\u0431\u0435\u0440\u0456\u0433\u0430\u0442\u0438 \u043d\u0430 \u043f\u0456\u0434\u0434\u043e\u043d\u0430\u0445 \u0434\u043b\u044f \u0437\u0440\u0443\u0447\u043d\u043e\u0441\u0442\u0456 \u0442\u0440\u0430\u043d\u0441\u043f\u043e\u0440\u0442\u0443\u0432\u0430\u043d\u043d\u044f \u0442\u0430 \u043e\u0440\u0433\u0430\u043d\u0456\u0437\u0430\u0446\u0456\u0457 \u043f\u0440\u043e\u0441\u0442\u043e\u0440\u0443.<\/li>\n<li><strong>\u0423\u0424-\u0441\u0442\u0430\u0431\u0456\u043b\u0456\u0437\u0430\u0446\u0456\u044f<\/strong> - 180 \u0442\u0438\u0441. \u043a\u043b\/\u0440\u0456\u043a<\/li>\n<li data-start=\"356\" data-end=\"982\"><strong>\u0404\u043c\u043d\u0456\u0441\u0442\u044c<\/strong> - 1 m^3<\/li>\n<li data-start=\"356\" data-end=\"982\"><strong>\u041a\u043e\u043b\u0456\u0440<\/strong> - \u043d\u043e\u0440\u043c\u0430\u043b\u044c\u043d\u0438\u0439<\/li>\n<li data-start=\"356\" data-end=\"982\">\u0420\u043e\u0437\u043c\u0456\u0440 - 140x193 \u0441\u043c \u0434\u043b\u044f \u0454\u0432\u0440\u043e\u043f\u0456\u0434\u0434\u043e\u043d\u0443<\/li>\n<\/ul>\n<h3 data-start=\"984\" data-end=\"1007\"><strong data-start=\"988\" data-end=\"1005\">\u0417\u0430\u044f\u0432\u043a\u0430:<\/strong><\/h3>\n<ul>\n<li data-start=\"1008\" data-end=\"1413\"><strong data-start=\"1011\" data-end=\"1048\">\u0417\u0431\u0435\u0440\u0456\u0433\u0430\u043d\u043d\u044f \u0434\u0440\u043e\u0432<\/strong> - \u0406\u0434\u0435\u0430\u043b\u044c\u043d\u043e \u043f\u0456\u0434\u0445\u043e\u0434\u0438\u0442\u044c \u0434\u043b\u044f \u0432\u043f\u043e\u0440\u044f\u0434\u043a\u043e\u0432\u0430\u043d\u043e\u0433\u043e \u0442\u0430 \u043f\u0440\u043e\u0432\u0456\u0442\u0440\u044e\u0432\u0430\u043d\u043e\u0433\u043e \u0437\u0431\u0435\u0440\u0456\u0433\u0430\u043d\u043d\u044f \u0434\u0435\u0440\u0435\u0432\u0438\u043d\u0438.<\/li>\n<li data-start=\"1008\" data-end=\"1413\"><strong data-start=\"1125\" data-end=\"1144\">\u041f\u0435\u0440\u0435\u0432\u0435\u0437\u0435\u043d\u043d\u044f \u0434\u0440\u043e\u0432<\/strong> - \u041f\u043e\u043b\u0435\u0433\u0448\u0443\u0454 \u0442\u0440\u0430\u043d\u0441\u043f\u043e\u0440\u0442\u0443\u0432\u0430\u043d\u043d\u044f \u043b\u0456\u0441\u043e\u043c\u0430\u0442\u0435\u0440\u0456\u0430\u043b\u0456\u0432 \u0443 \u0432\u0435\u043b\u0438\u043a\u0438\u0445 \u043a\u0456\u043b\u044c\u043a\u043e\u0441\u0442\u044f\u0445.<\/li>\n<li data-start=\"1008\" data-end=\"1413\"><strong data-start=\"1199\" data-end=\"1218\">\u0421\u0443\u0448\u0456\u043d\u043d\u044f \u0434\u0435\u0440\u0435\u0432\u0438\u043d\u0438<\/strong> - \u0412\u0456\u0434\u043a\u0440\u0438\u0442\u0430 \u0441\u0442\u0440\u0443\u043a\u0442\u0443\u0440\u0430 \u0441\u0456\u0442\u043a\u0438 \u0434\u043e\u0437\u0432\u043e\u043b\u044f\u0454 \u0435\u0444\u0435\u043a\u0442\u0438\u0432\u043d\u043e \u0432\u0456\u0434\u0432\u043e\u0434\u0438\u0442\u0438 \u0432\u043e\u043b\u043e\u0433\u0443.<\/li>\n<li data-start=\"1008\" data-end=\"1413\"><strong data-start=\"1295\" data-end=\"1333\">\u0417\u0431\u0435\u0440\u0456\u0433\u0430\u043d\u043d\u044f \u043f\u0430\u043b\u0438\u0432\u043d\u0438\u0445 \u043c\u0430\u0442\u0435\u0440\u0456\u0430\u043b\u0456\u0432<\/strong> - \u0412\u0456\u043d \u0442\u0430\u043a\u043e\u0436 \u043f\u0456\u0434\u0445\u043e\u0434\u0438\u0442\u044c \u0434\u043b\u044f \u0437\u0431\u0435\u0440\u0456\u0433\u0430\u043d\u043d\u044f \u043f\u0435\u043b\u0435\u0442, \u0432\u0443\u0433\u0456\u043b\u043b\u044f \u0442\u0430 \u0442\u0440\u0456\u0441\u043a\u0438.<\/li>\n<\/ul>\n<h3 data-start=\"1415\" data-end=\"1471\"><strong data-start=\"1419\" data-end=\"1469\">\u0427\u043e\u043c\u0443 \u0432\u0430\u0440\u0442\u043e \u043e\u0431\u0438\u0440\u0430\u0442\u0438 \u043f\u0430\u043b\u0435\u0442\u043d\u0456 \u0441\u0456\u0442\u0447\u0430\u0441\u0442\u0456 \u043c\u0456\u0448\u043a\u0438?<\/strong><\/h3>\n<p data-start=\"1472\" data-end=\"1823\" data-is-last-node=\"\">\u0421\u0456\u0442\u0447\u0430\u0441\u0442\u0456 \u043c\u0456\u0448\u043a\u0438 \u0434\u043b\u044f \u043f\u0456\u0434\u0434\u043e\u043d\u0456\u0432 - \u0446\u0435 \u043f\u0440\u0430\u043a\u0442\u0438\u0447\u043d\u0435 \u0442\u0430 \u0435\u043a\u043e\u043b\u043e\u0433\u0456\u0447\u043d\u0435 \u0440\u0456\u0448\u0435\u043d\u043d\u044f \u0434\u043b\u044f \u0442\u0438\u0445, \u0445\u0442\u043e \u0437\u0431\u0435\u0440\u0456\u0433\u0430\u0454 \u0434\u0440\u043e\u0432\u0430. \u0417\u0430\u0432\u0434\u044f\u043a\u0438 \u0432\u0438\u0441\u043e\u043a\u0456\u0439 \u043f\u043e\u0432\u0456\u0442\u0440\u043e\u043f\u0440\u043e\u043d\u0438\u043a\u043d\u043e\u0441\u0442\u0456 \u0434\u0440\u043e\u0432\u0430 \u0437\u0430\u043b\u0438\u0448\u0430\u044e\u0442\u044c\u0441\u044f \u0441\u0443\u0445\u0438\u043c\u0438 \u0456 \u0433\u043e\u0442\u043e\u0432\u0438\u043c\u0438 \u0434\u043e \u0432\u0438\u043a\u043e\u0440\u0438\u0441\u0442\u0430\u043d\u043d\u044f, \u0430 \u043c\u0456\u0446\u043d\u0430 \u043a\u043e\u043d\u0441\u0442\u0440\u0443\u043a\u0446\u0456\u044f \u0437\u0430\u0431\u0435\u0437\u043f\u0435\u0447\u0443\u0454 \u0434\u043e\u0432\u0433\u043e\u0432\u0456\u0447\u043d\u0456\u0441\u0442\u044c \u0456 \u0437\u0440\u0443\u0447\u043d\u0456\u0441\u0442\u044c. \u0406\u0434\u0435\u0430\u043b\u044c\u043d\u043e \u043f\u0456\u0434\u0445\u043e\u0434\u044f\u0442\u044c \u044f\u043a \u0434\u043b\u044f \u0434\u043e\u043c\u043e\u0433\u043e\u0441\u043f\u043e\u0434\u0430\u0440\u0441\u0442\u0432, \u0442\u0430\u043a \u0456 \u0434\u043b\u044f \u043f\u0456\u0434\u043f\u0440\u0438\u0454\u043c\u0441\u0442\u0432, \u0449\u043e \u043f\u0440\u043e\u0434\u0430\u044e\u0442\u044c \u0434\u0440\u043e\u0432\u0430.<\/p>","protected":false},"excerpt":{"rendered":"<p>Worki siatkowe paletowe na drewno kominkowe Worki siatkowe paletowe to solidne i funkcjonalne rozwi\u0105zanie do przechowywania oraz transportu drewna kominkowego. Wykonane z wytrzyma\u0142ej siatki polipropylenowej, zapewniaj\u0105 doskona\u0142\u0105 cyrkulacj\u0119 powietrza, co wspomaga proces suszenia drewna i zapobiega jego ple\u015bnieniu. Najwa\u017cniejsze cechy: Wytrzyma\u0142o\u015b\u0107 \u2013 Mocna konstrukcja siatki umo\u017cliwia transport i przechowywanie du\u017cych ilo\u015bci drewna. Przepuszczalno\u015b\u0107 powietrza \u2013 [&hellip;]<\/p>","protected":false},"featured_media":4170,"template":"","meta":{"site-sidebar-layout":"default","site-content-layout":"","ast-site-content-layout":"default","site-content-style":"default","site-sidebar-style":"default","ast-global-header-display":"","ast-banner-title-visibility":"","ast-main-header-display":"","ast-hfb-above-header-display":"","ast-hfb-below-header-display":"","ast-hfb-mobile-header-display":"","site-post-title":"","ast-breadcrumbs-content":"","ast-featured-img":"","footer-sml-layout":"","theme-transparent-header-meta":"default","adv-header-id-meta":"","stick-header-meta":"default","header-above-stick-meta":"","header-main-stick-meta":"","header-below-stick-meta":"","astra-migrate-meta-layouts":"set","ast-page-background-enabled":"default","ast-page-background-meta":{"desktop":{"background-color":"var(--ast-global-color-4)","background-image":"","background-repeat":"repeat","background-position":"center center","background-size":"auto","background-attachment":"scroll","background-type":"","background-media":"","overlay-type":"","overlay-color":"","overlay-opacity":"","overlay-gradient":""},"tablet":{"background-color":"","background-image":"","background-repeat":"repeat","background-position":"center center","background-size":"auto","background-attachment":"scroll","background-type":"","background-media":"","overlay-type":"","overlay-color":"","overlay-opacity":"","overlay-gradient":""},"mobile":{"background-color":"","background-image":"","background-repeat":"repeat","background-position":"center center","background-size":"auto","background-attachment":"scroll","background-type":"","background-media":"","overlay-type":"","overlay-color":"","overlay-opacity":"","overlay-gradient":""}},"ast-content-background-meta":{"desktop":{"background-color":"var(--ast-global-color-5)","background-image":"","background-repeat":"repeat","background-position":"center center","background-size":"auto","background-attachment":"scroll","background-type":"","background-media":"","overlay-type":"","overlay-color":"","overlay-opacity":"","overlay-gradient":""},"tablet":{"background-color":"var(--ast-global-color-5)","background-image":"","background-repeat":"repeat","background-position":"center center","background-size":"auto","background-attachment":"scroll","background-type":"","background-media":"","overlay-type":"","overlay-color":"","overlay-opacity":"","overlay-gradient":""},"mobile":{"background-color":"var(--ast-global-color-5)","background-image":"","background-repeat":"repeat","background-position":"center center","background-size":"auto","background-attachment":"scroll","background-type":"","background-media":"","overlay-type":"","overlay-color":"","overlay-opacity":"","overlay-gradient":""}}},"product_brand":[],"product_cat":[227],"product_tag":[],"class_list":{"0":"post-4167","1":"product","2":"type-product","3":"status-publish","4":"has-post-thumbnail","6":"product_cat-worki-pp-duze-siatkowe-kontnerowe","7":"desktop-align-left","8":"tablet-align-left","9":"mobile-align-left","10":"ast-product-gallery-layout-horizontal","11":"ast-product-tabs-layout-horizontal","13":"first","14":"instock","15":"shipping-taxable","16":"product-type-simple"},"_links":{"self":[{"href":"https:\/\/wimar.net\/uk\/wp-json\/wp\/v2\/product\/4167","targetHints":{"allow":["GET"]}}],"collection":[{"href":"https:\/\/wimar.net\/uk\/wp-json\/wp\/v2\/product"}],"about":[{"href":"https:\/\/wimar.net\/uk\/wp-json\/wp\/v2\/types\/product"}],"version-history":[{"count":1,"href":"https:\/\/wimar.net\/uk\/wp-json\/wp\/v2\/product\/4167\/revisions"}],"predecessor-version":[{"id":4172,"href":"https:\/\/wimar.net\/uk\/wp-json\/wp\/v2\/product\/4167\/revisions\/4172"}],"wp:featuredmedia":[{"embeddable":true,"href":"https:\/\/wimar.net\/uk\/wp-json\/wp\/v2\/media\/4170"}],"wp:attachment":[{"href":"https:\/\/wimar.net\/uk\/wp-json\/wp\/v2\/media?parent=4167"}],"wp:term":[{"taxonomy":"product_brand","embeddable":true,"href":"https:\/\/wimar.net\/uk\/wp-json\/wp\/v2\/product_brand?post=4167"},{"taxonomy":"product_cat","embeddable":true,"href":"https:\/\/wimar.net\/uk\/wp-json\/wp\/v2\/product_cat?post=4167"},{"taxonomy":"product_tag","embeddable":true,"href":"https:\/\/wimar.net\/uk\/wp-json\/wp\/v2\/product_tag?post=4167"}],"curies":[{"name":"wp","href":"https:\/\/api.w.org\/{rel}","templated":true}]}}