{"id":4175,"date":"2025-02-13T14:24:32","date_gmt":"2025-02-13T13:24:32","guid":{"rendered":"https:\/\/wimar.net\/?post_type=product&#038;p=4175"},"modified":"2025-03-17T10:30:33","modified_gmt":"2025-03-17T09:30:33","slug":"%d0%bc%d1%96%d1%88%d0%be%d0%ba-%d0%b0%d1%81%d1%83%d1%80-%d0%b1%d0%b5%d0%b7-%d0%b7%d0%b0%d1%81%d1%82%d1%96%d0%b1%d0%ba%d0%b8-%d0%b4%d0%bb%d1%8f-%d1%88%d0%b8%d1%82%d1%82%d1%8f-50x85%d1%81%d0%bc-25%d0%ba","status":"publish","type":"product","link":"https:\/\/wimar.net\/uk\/product-2\/%d0%bc%d1%96%d1%88%d0%be%d0%ba-%d0%b0%d1%81%d1%83%d1%80-%d0%b1%d0%b5%d0%b7-%d0%b7%d0%b0%d1%81%d1%82%d1%96%d0%b1%d0%ba%d0%b8-%d0%b4%d0%bb%d1%8f-%d1%88%d0%b8%d1%82%d1%82%d1%8f-50x85%d1%81%d0%bc-25%d0%ba\/","title":{"rendered":"\u0410\u0436\u0443\u0440\u043d\u0438\u0439 \u043c\u0456\u0448\u043e\u043a \u0431\u0435\u0437 \u0437\u0430\u0432'\u044f\u0437\u043a\u0438 \u0434\u043b\u044f \u0448\u0438\u0442\u0442\u044f 60x110\u0441\u043c 50\u043a\u0433 \u043f\u043e\u043c\u0430\u0440\u0430\u043d\u0447\u0435\u0432\u0438\u0439"},"content":{"rendered":"<h3 data-start=\"0\" data-end=\"72\"><strong data-start=\"0\" data-end=\"70\">\u0410\u0436\u0443\u0440\u043d\u0456 \u043f\u0430\u043a\u0435\u0442\u0438 \u0431\u0435\u0437 \u0437\u0430\u0441\u0442\u0456\u0431\u043a\u0438 - \u0456\u0434\u0435\u0430\u043b\u044c\u043d\u0456 \u0434\u043b\u044f \u0437\u0431\u0435\u0440\u0456\u0433\u0430\u043d\u043d\u044f \u0442\u0430 \u0442\u0440\u0430\u043d\u0441\u043f\u043e\u0440\u0442\u0443\u0432\u0430\u043d\u043d\u044f<\/strong><\/h3>\n<p data-start=\"74\" data-end=\"434\">\u0410\u0436\u0443\u0440\u043d\u0456 \u043f\u0430\u043a\u0435\u0442\u0438 \u0432\u0438\u0433\u043e\u0442\u043e\u0432\u043b\u0435\u043d\u0456 \u0437 \u043c\u0456\u0446\u043d\u043e\u0457, \u043b\u0435\u0433\u043a\u043e\u0457 \u0441\u0456\u0442\u043a\u0438, \u044f\u043a\u0430 \u0437\u0430\u0431\u0435\u0437\u043f\u0435\u0447\u0443\u0454 \u0432\u0456\u0434\u043c\u0456\u043d\u043d\u0443 \u0446\u0438\u0440\u043a\u0443\u043b\u044f\u0446\u0456\u044e \u043f\u043e\u0432\u0456\u0442\u0440\u044f. \u0426\u0435 \u0440\u043e\u0431\u0438\u0442\u044c \u0457\u0445 \u0456\u0434\u0435\u0430\u043b\u044c\u043d\u0438\u043c\u0438 \u0434\u043b\u044f \u0437\u0431\u0435\u0440\u0456\u0433\u0430\u043d\u043d\u044f \u0444\u0440\u0443\u043a\u0442\u0456\u0432 \u0456 \u043e\u0432\u043e\u0447\u0456\u0432, \u0434\u043e\u0437\u0432\u043e\u043b\u044f\u044e\u0447\u0438 \u0457\u043c \u0434\u043e\u0432\u0448\u0435 \u0437\u0430\u043b\u0438\u0448\u0430\u0442\u0438\u0441\u044f \u0441\u0432\u0456\u0436\u0438\u043c\u0438. \u041a\u043e\u043d\u0441\u0442\u0440\u0443\u043a\u0446\u0456\u044f, \u0449\u043e \u043d\u0435 \u0442\u044f\u0433\u043d\u0435\u0442\u044c\u0441\u044f, \u0434\u043e\u0437\u0432\u043e\u043b\u044f\u0454 \u043b\u0435\u0433\u043a\u043e \u0443\u043f\u0430\u043a\u043e\u0432\u0443\u0432\u0430\u0442\u0438 \u0456 \u0448\u0432\u0438\u0434\u043a\u043e \u0441\u043f\u043e\u0440\u043e\u0436\u043d\u044f\u0442\u0438 \u043c\u0456\u0448\u043a\u0438, \u0449\u043e \u0440\u043e\u0431\u0438\u0442\u044c \u0457\u0445 \u0437\u0440\u0443\u0447\u043d\u0438\u043c \u0440\u0456\u0448\u0435\u043d\u043d\u044f\u043c \u0434\u043b\u044f \u0444\u0435\u0440\u043c\u0435\u0440\u0456\u0432, \u0432\u0438\u0440\u043e\u0431\u043d\u0438\u043a\u0456\u0432 \u0444\u0440\u0443\u043a\u0442\u0456\u0432 \u0456 \u0442\u0440\u0435\u0439\u0434\u0435\u0440\u0456\u0432.<\/p>\n<h3 data-start=\"436\" data-end=\"466\"><strong data-start=\"440\" data-end=\"464\">\u041e\u0441\u043d\u043e\u0432\u043d\u0456 \u0445\u0430\u0440\u0430\u043a\u0442\u0435\u0440\u0438\u0441\u0442\u0438\u043a\u0438:<\/strong><\/h3>\n<ul>\n<li data-start=\"468\" data-end=\"1116\"><strong data-start=\"470\" data-end=\"486\">\u0412\u0435\u043d\u0442\u0438\u043b\u044f\u0446\u0456\u044f<\/strong> - \u0432\u0456\u0434\u043a\u0440\u0438\u0442\u0430 \u0441\u0442\u0440\u0443\u043a\u0442\u0443\u0440\u0430 \u043c\u0456\u0448\u043a\u0430 \u0434\u043e\u0437\u0432\u043e\u043b\u044f\u0454 \u043f\u043e\u0432\u0456\u0442\u0440\u044e \u0432\u0456\u043b\u044c\u043d\u043e \u0446\u0438\u0440\u043a\u0443\u043b\u044e\u0432\u0430\u0442\u0438, \u0449\u043e \u0437\u0430\u043f\u043e\u0431\u0456\u0433\u0430\u0454 \u0443\u0442\u0432\u043e\u0440\u0435\u043d\u043d\u044e \u043a\u043e\u043d\u0434\u0435\u043d\u0441\u0430\u0442\u0443 \u0442\u0430 \u043f\u0441\u0443\u0432\u0430\u043d\u043d\u044e.<\/li>\n<li data-start=\"468\" data-end=\"1116\"><strong data-start=\"613\" data-end=\"639\">\u041b\u0435\u0433\u043a\u0438\u0439 \u0456 \u043c\u0456\u0446\u043d\u0438\u0439<\/strong> - \u041c\u0430\u0442\u0435\u0440\u0456\u0430\u043b \u0441\u0442\u0456\u0439\u043a\u0438\u0439 \u0434\u043e \u0440\u043e\u0437\u0442\u044f\u0433\u0443\u0432\u0430\u043d\u043d\u044f \u0442\u0430 \u043c\u0435\u0445\u0430\u043d\u0456\u0447\u043d\u0438\u0445 \u043f\u043e\u0448\u043a\u043e\u0434\u0436\u0435\u043d\u044c, \u0442\u043e\u043c\u0443 \u043c\u0456\u0448\u043a\u0438 \u043c\u043e\u0436\u043d\u0430 \u0432\u0438\u043a\u043e\u0440\u0438\u0441\u0442\u043e\u0432\u0443\u0432\u0430\u0442\u0438 \u0431\u0430\u0433\u0430\u0442\u043e\u0440\u0430\u0437\u043e\u0432\u043e.<\/li>\n<li data-start=\"468\" data-end=\"1116\"><strong data-start=\"760\" data-end=\"776\">\u0411\u0435\u0437 \u043f\u0440\u0438\u0437\u043e\u0432\u0443 \u043d\u0430 \u0432\u0456\u0439\u0441\u044c\u043a\u043e\u0432\u0443 \u0441\u043b\u0443\u0436\u0431\u0443<\/strong> - \u041f\u0440\u043e\u0441\u0442\u0430 \u043a\u043e\u043d\u0441\u0442\u0440\u0443\u043a\u0446\u0456\u044f \u0434\u043e\u0437\u0432\u043e\u043b\u044f\u0454 \u043b\u0435\u0433\u043a\u043e \u043d\u0430\u043f\u043e\u0432\u043d\u044e\u0432\u0430\u0442\u0438 \u0442\u0430 \u0441\u043f\u043e\u0440\u043e\u0436\u043d\u044f\u0442\u0438 \u0441\u0443\u043c\u043a\u0443 \u0431\u0435\u0437 \u0437\u0430\u0432'\u044f\u0437\u0443\u0432\u0430\u043d\u043d\u044f.<\/li>\n<li data-start=\"468\" data-end=\"1116\"><strong data-start=\"878\" data-end=\"895\">\u0415\u043a\u043e\u043b\u043e\u0433\u0456\u0447\u043d\u0456\u0441\u0442\u044c<\/strong> - \u0432\u0438\u0433\u043e\u0442\u043e\u0432\u043b\u0435\u043d\u0456 \u0437 \u043c\u0430\u0442\u0435\u0440\u0456\u0430\u043b\u0456\u0432, \u0449\u043e \u043f\u0456\u0434\u043b\u044f\u0433\u0430\u044e\u0442\u044c \u0432\u0442\u043e\u0440\u0438\u043d\u043d\u0456\u0439 \u043f\u0435\u0440\u0435\u0440\u043e\u0431\u0446\u0456, \u0454 \u0435\u043a\u043e\u043b\u043e\u0433\u0456\u0447\u043d\u043e \u0447\u0438\u0441\u0442\u043e\u044e \u0430\u043b\u044c\u0442\u0435\u0440\u043d\u0430\u0442\u0438\u0432\u043e\u044e \u043f\u043b\u0430\u0441\u0442\u0438\u043a\u043e\u0432\u043e\u043c\u0443 \u043f\u0430\u043a\u0443\u0432\u0430\u043d\u043d\u044e.<\/li>\n<li data-start=\"468\" data-end=\"1116\"><strong data-start=\"1027\" data-end=\"1044\">\u0423\u043d\u0456\u0432\u0435\u0440\u0441\u0430\u043b\u044c\u043d\u0456\u0441\u0442\u044c<\/strong> - \u0448\u0438\u0440\u043e\u043a\u0438\u0439 \u0441\u043f\u0435\u043a\u0442\u0440 \u0441\u0456\u043b\u044c\u0441\u044c\u043a\u043e\u0433\u043e\u0441\u043f\u043e\u0434\u0430\u0440\u0441\u044c\u043a\u043e\u0433\u043e, \u043a\u043e\u043c\u0435\u0440\u0446\u0456\u0439\u043d\u043e\u0433\u043e \u0442\u0430 \u043f\u043e\u0431\u0443\u0442\u043e\u0432\u043e\u0433\u043e \u0437\u0430\u0441\u0442\u043e\u0441\u0443\u0432\u0430\u043d\u043d\u044f.<\/li>\n<li data-start=\"468\" data-end=\"1116\"><strong>\u0420\u043e\u0437\u043c\u0456\u0440<\/strong> - 60x110\u0441\u043c<\/li>\n<\/ul>\n<h3 data-start=\"1118\" data-end=\"1141\"><strong data-start=\"1122\" data-end=\"1139\">\u0417\u0430\u044f\u0432\u043a\u0430:<\/strong><\/h3>\n<ul>\n<li data-start=\"1143\" data-end=\"1704\"><strong data-start=\"1146\" data-end=\"1180\">\u0417\u0431\u0435\u0440\u0456\u0433\u0430\u043d\u043d\u044f \u0444\u0440\u0443\u043a\u0442\u0456\u0432 \u0442\u0430 \u043e\u0432\u043e\u0447\u0456\u0432<\/strong> - \u0456\u0434\u0435\u0430\u043b\u044c\u043d\u043e \u043f\u0456\u0434\u0445\u043e\u0434\u0438\u0442\u044c \u0434\u043b\u044f \u043a\u0430\u0440\u0442\u043e\u043f\u043b\u0456, \u0446\u0438\u0431\u0443\u043b\u0456, \u044f\u0431\u043b\u0443\u043a, \u043c\u043e\u0440\u043a\u0432\u0438, \u0431\u0443\u0440\u044f\u043a\u0430 \u0430\u0431\u043e \u0433\u043e\u0440\u0456\u0445\u0456\u0432.<\/li>\n<li data-start=\"1143\" data-end=\"1704\"><strong data-start=\"1260\" data-end=\"1291\">\u041f\u0435\u0440\u0435\u0432\u0435\u0437\u0435\u043d\u043d\u044f \u0441\u0456\u043b\u044c\u0441\u044c\u043a\u043e\u0433\u043e\u0441\u043f\u043e\u0434\u0430\u0440\u0441\u044c\u043a\u043e\u0457 \u043f\u0440\u043e\u0434\u0443\u043a\u0446\u0456\u0457<\/strong> - \u0406\u0434\u0435\u0430\u043b\u044c\u043d\u043e \u043f\u0456\u0434\u0445\u043e\u0434\u0438\u0442\u044c \u0434\u043b\u044f \u043e\u043f\u0442\u043e\u0432\u043e\u0457 \u0442\u0430 \u0440\u043e\u0437\u0434\u0440\u0456\u0431\u043d\u043e\u0457 \u0442\u043e\u0440\u0433\u0456\u0432\u043b\u0456 \u043d\u0430 \u0440\u0438\u043d\u043a\u0430\u0445 \u0456 \u0432 \u043c\u0430\u0433\u0430\u0437\u0438\u043d\u0430\u0445.<\/li>\n<li data-start=\"1143\" data-end=\"1704\"><strong data-start=\"1376\" data-end=\"1414\">\u0417\u0431\u0435\u0440\u0456\u0433\u0430\u043d\u043d\u044f \u043f\u0430\u043b\u0438\u0432\u043d\u0438\u0445 \u043c\u0430\u0442\u0435\u0440\u0456\u0430\u043b\u0456\u0432<\/strong> - \u043f\u0456\u0434\u0445\u043e\u0434\u044f\u0442\u044c \u0434\u043b\u044f \u0437\u0431\u0435\u0440\u0456\u0433\u0430\u043d\u043d\u044f \u0434\u0440\u043e\u0432, \u0432\u0443\u0433\u0456\u043b\u043b\u044f, \u0431\u0440\u0438\u043a\u0435\u0442\u0456\u0432 \u0430\u0431\u043e \u0442\u0440\u0456\u0441\u043a\u0438.<\/li>\n<li data-start=\"1143\" data-end=\"1704\"><strong data-start=\"1488\" data-end=\"1514\">\u041f\u0430\u043a\u0443\u0432\u0430\u043d\u043d\u044f \u043a\u043e\u0440\u043c\u0456\u0432 \u0442\u0430 \u0441\u0456\u043d\u0430<\/strong> - \u0432\u0438\u043a\u043e\u0440\u0438\u0441\u0442\u043e\u0432\u0443\u0454\u0442\u044c\u0441\u044f \u043d\u0430 \u0444\u0435\u0440\u043c\u0430\u0445 \u0434\u043b\u044f \u0437\u0431\u0435\u0440\u0456\u0433\u0430\u043d\u043d\u044f \u043a\u043e\u0440\u043c\u0456\u0432 \u0434\u043b\u044f \u0442\u0432\u0430\u0440\u0438\u043d.<\/li>\n<li data-start=\"1143\" data-end=\"1704\"><strong data-start=\"1599\" data-end=\"1628\">\u041f\u0440\u043e\u043c\u0438\u0441\u043b\u043e\u0432\u0435 \u0432\u0438\u043a\u043e\u0440\u0438\u0441\u0442\u0430\u043d\u043d\u044f<\/strong> - \u043f\u0456\u0434\u0445\u043e\u0434\u044f\u0442\u044c \u0434\u043b\u044f \u043f\u0430\u043a\u0443\u0432\u0430\u043d\u043d\u044f \u0441\u0438\u043f\u0443\u0447\u0438\u0445 \u043f\u0440\u043e\u0434\u0443\u043a\u0442\u0456\u0432, \u0442\u0430\u043a\u0438\u0445 \u044f\u043a \u043a\u043e\u0440\u0430 \u0430\u0431\u043e \u043f\u0456\u0441\u043e\u043a.<\/li>\n<\/ul>\n<h3 data-start=\"1706\" data-end=\"1764\"><strong data-start=\"1710\" data-end=\"1762\">\u0427\u043e\u043c\u0443 \u0432\u0430\u0440\u0442\u043e \u043e\u0431\u0438\u0440\u0430\u0442\u0438 \u0430\u0436\u0443\u0440\u043d\u0456 \u0441\u0443\u043c\u043a\u0438 \u0431\u0435\u0437 \u043d\u0438\u0442\u043e\u043a?<\/strong><\/h3>\n<p data-start=\"1766\" data-end=\"2068\" data-is-last-node=\"\">\u0414\u0438\u0445\u0430\u044e\u0447\u0430 \u043a\u043e\u043d\u0441\u0442\u0440\u0443\u043a\u0446\u0456\u044f, \u043c\u0456\u0446\u043d\u0456\u0441\u0442\u044c \u0456 \u0437\u0440\u0443\u0447\u043d\u0456\u0441\u0442\u044c \u0440\u043e\u0431\u043b\u044f\u0442\u044c \u0457\u0445 \u043f\u0440\u0430\u043a\u0442\u0438\u0447\u043d\u0438\u043c \u0440\u0456\u0448\u0435\u043d\u043d\u044f\u043c \u0434\u043b\u044f \u0432\u0441\u0456\u0445, \u043a\u043e\u043c\u0443 \u043f\u043e\u0442\u0440\u0456\u0431\u0435\u043d \u043d\u0430\u0434\u0456\u0439\u043d\u0438\u0439 \u0441\u043f\u043e\u0441\u0456\u0431 \u0437\u0431\u0435\u0440\u0456\u0433\u0430\u043d\u043d\u044f \u0456 \u0442\u0440\u0430\u043d\u0441\u043f\u043e\u0440\u0442\u0443\u0432\u0430\u043d\u043d\u044f \u043f\u0440\u043e\u0434\u0443\u043a\u0442\u0456\u0432. \u0412\u043e\u043d\u0438 \u043f\u0440\u043e\u0441\u0442\u0456 \u0443 \u0432\u0438\u043a\u043e\u0440\u0438\u0441\u0442\u0430\u043d\u043d\u0456, \u0431\u0430\u0433\u0430\u0442\u043e\u0440\u0430\u0437\u043e\u0432\u0456 \u0442\u0430 \u0435\u043a\u043e\u043b\u043e\u0433\u0456\u0447\u043d\u043e \u0447\u0438\u0441\u0442\u0456 - \u0447\u0443\u0434\u043e\u0432\u0430 \u0430\u043b\u044c\u0442\u0435\u0440\u043d\u0430\u0442\u0438\u0432\u0430 \u043f\u043e\u043b\u0456\u0435\u0442\u0438\u043b\u0435\u043d\u043e\u0432\u0438\u043c \u043f\u0430\u043a\u0435\u0442\u0430\u043c.<\/p>","protected":false},"excerpt":{"rendered":"<p>Worki a\u017curowe bez zaci\u0105gu \u2013 idealne do przechowywania i transportu Worki a\u017curowe wykonane s\u0105 z wytrzyma\u0142ej, lekkiej siatki, kt\u00f3ra zapewnia doskona\u0142\u0105 cyrkulacj\u0119 powietrza. Dzi\u0119ki temu \u015bwietnie sprawdzaj\u0105 si\u0119 w przechowywaniu warzyw i owoc\u00f3w, pozwalaj\u0105c im zachowa\u0107 \u015bwie\u017co\u015b\u0107 na d\u0142u\u017cej. Ich konstrukcja bez zaci\u0105gu u\u0142atwia szybkie pakowanie i opr\u00f3\u017cnianie, co czyni je wygodnym rozwi\u0105zaniem dla rolnik\u00f3w, [&hellip;]<\/p>","protected":false},"featured_media":4177,"template":"","meta":{"site-sidebar-layout":"default","site-content-layout":"","ast-site-content-layout":"default","site-content-style":"default","site-sidebar-style":"default","ast-global-header-display":"","ast-banner-title-visibility":"","ast-main-header-display":"","ast-hfb-above-header-display":"","ast-hfb-below-header-display":"","ast-hfb-mobile-header-display":"","site-post-title":"","ast-breadcrumbs-content":"","ast-featured-img":"","footer-sml-layout":"","theme-transparent-header-meta":"default","adv-header-id-meta":"","stick-header-meta":"default","header-above-stick-meta":"","header-main-stick-meta":"","header-below-stick-meta":"","astra-migrate-meta-layouts":"set","ast-page-background-enabled":"default","ast-page-background-meta":{"desktop":{"background-color":"var(--ast-global-color-4)","background-image":"","background-repeat":"repeat","background-position":"center center","background-size":"auto","background-attachment":"scroll","background-type":"","background-media":"","overlay-type":"","overlay-color":"","overlay-opacity":"","overlay-gradient":""},"tablet":{"background-color":"","background-image":"","background-repeat":"repeat","background-position":"center center","background-size":"auto","background-attachment":"scroll","background-type":"","background-media":"","overlay-type":"","overlay-color":"","overlay-opacity":"","overlay-gradient":""},"mobile":{"background-color":"","background-image":"","background-repeat":"repeat","background-position":"center center","background-size":"auto","background-attachment":"scroll","background-type":"","background-media":"","overlay-type":"","overlay-color":"","overlay-opacity":"","overlay-gradient":""}},"ast-content-background-meta":{"desktop":{"background-color":"var(--ast-global-color-5)","background-image":"","background-repeat":"repeat","background-position":"center center","background-size":"auto","background-attachment":"scroll","background-type":"","background-media":"","overlay-type":"","overlay-color":"","overlay-opacity":"","overlay-gradient":""},"tablet":{"background-color":"var(--ast-global-color-5)","background-image":"","background-repeat":"repeat","background-position":"center center","background-size":"auto","background-attachment":"scroll","background-type":"","background-media":"","overlay-type":"","overlay-color":"","overlay-opacity":"","overlay-gradient":""},"mobile":{"background-color":"var(--ast-global-color-5)","background-image":"","background-repeat":"repeat","background-position":"center center","background-size":"auto","background-attachment":"scroll","background-type":"","background-media":"","overlay-type":"","overlay-color":"","overlay-opacity":"","overlay-gradient":""}}},"product_brand":[],"product_cat":[228,156],"product_tag":[],"class_list":{"0":"post-4175","1":"product","2":"type-product","3":"status-publish","4":"has-post-thumbnail","6":"product_cat-worki-pp-azurowe-drejerowe-leno-mesh","7":"product_cat-60x110-cm","8":"desktop-align-left","9":"tablet-align-left","10":"mobile-align-left","11":"ast-product-gallery-layout-horizontal","12":"ast-product-tabs-layout-horizontal","14":"first","15":"instock","16":"shipping-taxable","17":"product-type-simple"},"_links":{"self":[{"href":"https:\/\/wimar.net\/uk\/wp-json\/wp\/v2\/product\/4175","targetHints":{"allow":["GET"]}}],"collection":[{"href":"https:\/\/wimar.net\/uk\/wp-json\/wp\/v2\/product"}],"about":[{"href":"https:\/\/wimar.net\/uk\/wp-json\/wp\/v2\/types\/product"}],"version-history":[{"count":3,"href":"https:\/\/wimar.net\/uk\/wp-json\/wp\/v2\/product\/4175\/revisions"}],"predecessor-version":[{"id":5382,"href":"https:\/\/wimar.net\/uk\/wp-json\/wp\/v2\/product\/4175\/revisions\/5382"}],"wp:featuredmedia":[{"embeddable":true,"href":"https:\/\/wimar.net\/uk\/wp-json\/wp\/v2\/media\/4177"}],"wp:attachment":[{"href":"https:\/\/wimar.net\/uk\/wp-json\/wp\/v2\/media?parent=4175"}],"wp:term":[{"taxonomy":"product_brand","embeddable":true,"href":"https:\/\/wimar.net\/uk\/wp-json\/wp\/v2\/product_brand?post=4175"},{"taxonomy":"product_cat","embeddable":true,"href":"https:\/\/wimar.net\/uk\/wp-json\/wp\/v2\/product_cat?post=4175"},{"taxonomy":"product_tag","embeddable":true,"href":"https:\/\/wimar.net\/uk\/wp-json\/wp\/v2\/product_tag?post=4175"}],"curies":[{"name":"wp","href":"https:\/\/api.w.org\/{rel}","templated":true}]}}