{"id":4203,"date":"2025-02-14T09:28:35","date_gmt":"2025-02-14T08:28:35","guid":{"rendered":"https:\/\/wimar.net\/?post_type=product&#038;p=4203"},"modified":"2025-03-24T11:13:05","modified_gmt":"2025-03-24T10:13:05","slug":"%d0%bf%d0%b0%d0%ba%d1%83%d0%b2%d0%b0%d0%bb%d1%8c%d0%bd%d0%b0-%d1%81%d1%96%d1%82%d0%ba%d0%b0-%d1%88%d0%b8%d1%80%d0%b8%d0%bd%d0%b0-%d1%80%d1%83%d0%ba%d0%b0%d0%b2%d0%b0-40-%d1%81%d0%bc-%d1%87%d0%b5%d1%80","status":"publish","type":"product","link":"https:\/\/wimar.net\/uk\/product-2\/%d0%bf%d0%b0%d0%ba%d1%83%d0%b2%d0%b0%d0%bb%d1%8c%d0%bd%d0%b0-%d1%81%d1%96%d1%82%d0%ba%d0%b0-%d1%88%d0%b8%d1%80%d0%b8%d0%bd%d0%b0-%d1%80%d1%83%d0%ba%d0%b0%d0%b2%d0%b0-40-%d1%81%d0%bc-%d1%87%d0%b5%d1%80\/","title":{"rendered":"\u0420\u0443\u043a\u0430\u0432 \u0434\u043b\u044f \u043f\u0430\u043a\u0443\u0432\u0430\u043b\u044c\u043d\u043e\u0457 \u0441\u0456\u0442\u043a\u0438 \u0448\u0438\u0440\u0438\u043d\u043e\u044e 40 \u0441\u043c \u0447\u0435\u0440\u0432\u043e\u043d\u0438\u0439"},"content":{"rendered":"<p data-start=\"91\" data-end=\"140\"><strong data-start=\"91\" data-end=\"138\">\u0421\u0456\u0442\u0447\u0430\u0441\u0442\u0438\u0439 \u0440\u0443\u043a\u0430\u0432 \u0434\u043b\u044f \u043f\u0430\u043a\u0443\u0432\u0430\u043d\u043d\u044f \u0444\u0440\u0443\u043a\u0442\u0456\u0432 \u0442\u0430 \u043e\u0432\u043e\u0447\u0456\u0432<\/strong><\/p>\n<p data-start=\"142\" data-end=\"380\">\u0421\u0456\u0442\u0447\u0430\u0441\u0442\u0438\u0439 \u0440\u0443\u043a\u0430\u0432 - \u0446\u0435 \u043d\u0430\u0434\u0456\u0439\u043d\u0435 \u0442\u0430 \u0435\u043a\u043e\u043b\u043e\u0433\u0456\u0447\u043d\u0435 \u0440\u0456\u0448\u0435\u043d\u043d\u044f \u0434\u043b\u044f \u043f\u0430\u043a\u0443\u0432\u0430\u043d\u043d\u044f, \u0437\u0431\u0435\u0440\u0456\u0433\u0430\u043d\u043d\u044f \u0442\u0430 \u0442\u0440\u0430\u043d\u0441\u043f\u043e\u0440\u0442\u0443\u0432\u0430\u043d\u043d\u044f \u0444\u0440\u0443\u043a\u0442\u0456\u0432 \u0456 \u043e\u0432\u043e\u0447\u0456\u0432. \u0417\u0430\u0432\u0434\u044f\u043a\u0438 \u0441\u0432\u043e\u0457\u0439 \u043f\u043e\u0432\u0456\u0442\u0440\u044f\u043d\u0456\u0439 \u0441\u0442\u0440\u0443\u043a\u0442\u0443\u0440\u0456 \u0432\u0456\u043d \u0437\u0430\u0431\u0435\u0437\u043f\u0435\u0447\u0443\u0454 \u043d\u0430\u043b\u0435\u0436\u043d\u0443 \u0446\u0438\u0440\u043a\u0443\u043b\u044f\u0446\u0456\u044e \u043f\u043e\u0432\u0456\u0442\u0440\u044f, \u0449\u043e \u0434\u043e\u043f\u043e\u043c\u0430\u0433\u0430\u0454 \u0437\u0431\u0435\u0440\u0435\u0433\u0442\u0438 \u043f\u0440\u043e\u0434\u0443\u043a\u0442\u0438 \u0441\u0432\u0456\u0436\u0438\u043c\u0438 \u043f\u0440\u043e\u0442\u044f\u0433\u043e\u043c \u0442\u0440\u0438\u0432\u0430\u043b\u043e\u0433\u043e \u043f\u0435\u0440\u0456\u043e\u0434\u0443 \u0447\u0430\u0441\u0443. \u0420\u0443\u043a\u0430\u0432 \u043b\u0435\u0433\u043a\u0438\u0439, \u043c\u0456\u0446\u043d\u0438\u0439 \u0456 \u0433\u043d\u0443\u0447\u043a\u0438\u0439, \u0449\u043e \u0440\u043e\u0431\u0438\u0442\u044c \u0439\u043e\u0433\u043e \u0456\u0434\u0435\u0430\u043b\u044c\u043d\u0438\u043c \u0432\u0438\u0431\u043e\u0440\u043e\u043c \u0434\u043b\u044f \u0441\u0456\u043b\u044c\u0441\u044c\u043a\u043e\u0433\u043e \u0433\u043e\u0441\u043f\u043e\u0434\u0430\u0440\u0441\u0442\u0432\u0430, \u0440\u043e\u0437\u0434\u0440\u0456\u0431\u043d\u043e\u0457 \u0442\u0430 \u043e\u043f\u0442\u043e\u0432\u043e\u0457 \u0442\u043e\u0440\u0433\u0456\u0432\u043b\u0456.<\/p>\n<h3 data-start=\"382\" data-end=\"412\"><strong data-start=\"386\" data-end=\"410\">\u041e\u0441\u043d\u043e\u0432\u043d\u0456 \u0445\u0430\u0440\u0430\u043a\u0442\u0435\u0440\u0438\u0441\u0442\u0438\u043a\u0438:<\/strong><\/h3>\n<ul>\n<li data-start=\"414\" data-end=\"1092\"><strong data-start=\"416\" data-end=\"446\">\u041f\u043e\u0432\u0456\u0442\u0440\u043e\u043f\u0440\u043e\u043d\u0438\u043a\u043d\u0456\u0441\u0442\u044c<\/strong> - \u0421\u0456\u0442\u0447\u0430\u0441\u0442\u0430 \u043a\u043e\u043d\u0441\u0442\u0440\u0443\u043a\u0446\u0456\u044f \u0434\u043e\u0437\u0432\u043e\u043b\u044f\u0454 \u043f\u043e\u0432\u0456\u0442\u0440\u044e \u0432\u0456\u043b\u044c\u043d\u043e \u0446\u0438\u0440\u043a\u0443\u043b\u044e\u0432\u0430\u0442\u0438, \u0437\u0430\u043f\u043e\u0431\u0456\u0433\u0430\u044e\u0447\u0438 \u043d\u0430\u043a\u043e\u043f\u0438\u0447\u0435\u043d\u043d\u044e \u0432\u043e\u043b\u043e\u0433\u0438. \u0417\u0430\u0432\u0434\u044f\u043a\u0438 \u0446\u044c\u043e\u043c\u0443 \u043e\u0432\u043e\u0447\u0456 \u0442\u0430 \u0444\u0440\u0443\u043a\u0442\u0438 \u0434\u043e\u0432\u0448\u0435 \u0437\u0430\u043b\u0438\u0448\u0430\u044e\u0442\u044c\u0441\u044f \u0441\u0432\u0456\u0436\u0438\u043c\u0438 \u0442\u0430 \u0437\u0430\u043f\u043e\u0431\u0456\u0433\u0430\u044e\u0442\u044c \u0457\u0445\u043d\u044c\u043e\u043c\u0443 \u0433\u043d\u0438\u0442\u0442\u044e.<\/li>\n<li data-start=\"414\" data-end=\"1092\"><strong data-start=\"578\" data-end=\"605\">\u0414\u043e\u0432\u0433\u043e\u0432\u0456\u0447\u043d\u0456\u0441\u0442\u044c \u0456 \u0441\u0442\u0456\u0439\u043a\u0456\u0441\u0442\u044c \u0434\u043e \u043f\u043e\u0448\u043a\u043e\u0434\u0436\u0435\u043d\u044c<\/strong> - \u0412\u0438\u0433\u043e\u0442\u043e\u0432\u043b\u0435\u043d\u0438\u0439 \u0437 \u043c\u0456\u0446\u043d\u043e\u0433\u043e \u043f\u043b\u0430\u0441\u0442\u0438\u043a\u0443, \u0441\u0442\u0456\u0439\u043a\u043e\u0433\u043e \u0434\u043e \u0440\u043e\u0437\u0442\u044f\u0433\u0443\u0432\u0430\u043d\u043d\u044f \u0442\u0430 \u0440\u043e\u0437\u0440\u0438\u0432\u0456\u0432. \u0417\u0431\u0435\u0440\u0456\u0433\u0430\u0454 \u0441\u0432\u043e\u044e \u0441\u0442\u0440\u0443\u043a\u0442\u0443\u0440\u0443 \u043d\u0430\u0432\u0456\u0442\u044c \u043f\u0440\u0438 \u0432\u0435\u043b\u0438\u043a\u0438\u0445 \u043d\u0430\u0432\u0430\u043d\u0442\u0430\u0436\u0435\u043d\u043d\u044f\u0445, \u0437\u0430\u0431\u0435\u0437\u043f\u0435\u0447\u0443\u044e\u0447\u0438 \u0431\u0435\u0437\u043f\u0435\u0447\u043d\u0435 \u0442\u0440\u0430\u043d\u0441\u043f\u043e\u0440\u0442\u0443\u0432\u0430\u043d\u043d\u044f.<\/li>\n<li data-start=\"414\" data-end=\"1092\"><strong data-start=\"704\" data-end=\"737\">\u041b\u0435\u0433\u043a\u0438\u0439 \u0456 \u043a\u043e\u043c\u043f\u0430\u043a\u0442\u043d\u0438\u0439<\/strong> - \u0421\u0456\u0442\u0447\u0430\u0441\u0442\u0438\u0439 \u0440\u0443\u043a\u0430\u0432 \u043b\u0435\u0433\u043a\u0438\u0439 \u0456 \u0437\u0430\u0439\u043c\u0430\u0454 \u043c\u0430\u043b\u043e \u043c\u0456\u0441\u0446\u044f, \u0449\u043e \u043f\u043e\u043b\u0435\u0433\u0448\u0443\u0454 \u0439\u043e\u0433\u043e \u0437\u0431\u0435\u0440\u0456\u0433\u0430\u043d\u043d\u044f \u0456 \u0442\u0440\u0430\u043d\u0441\u043f\u043e\u0440\u0442\u0443\u0432\u0430\u043d\u043d\u044f. \u041c\u043e\u0436\u043b\u0438\u0432\u0456\u0441\u0442\u044c \u0437\u0433\u043e\u0440\u043d\u0443\u0442\u0438 \u0440\u0443\u043a\u0430\u0432 \u0434\u043e \u043a\u043e\u043c\u043f\u0430\u043a\u0442\u043d\u043e\u0433\u043e \u0440\u043e\u0437\u043c\u0456\u0440\u0443 \u0434\u043e\u0437\u0432\u043e\u043b\u044f\u0454 \u0437\u0440\u0443\u0447\u043d\u043e \u0437\u0431\u0435\u0440\u0456\u0433\u0430\u0442\u0438 \u0439\u043e\u0433\u043e.<\/li>\n<li data-start=\"414\" data-end=\"1092\"><strong data-start=\"846\" data-end=\"873\">\u0415\u043a\u043e\u043b\u043e\u0433\u0456\u0447\u043d\u0435 \u0440\u0456\u0448\u0435\u043d\u043d\u044f<\/strong> - \u041c\u0430\u0442\u0435\u0440\u0456\u0430\u043b, \u0449\u043e \u043f\u0456\u0434\u043b\u044f\u0433\u0430\u0454 \u0432\u0442\u043e\u0440\u0438\u043d\u043d\u0456\u0439 \u043f\u0435\u0440\u0435\u0440\u043e\u0431\u0446\u0456, \u0441\u043f\u0440\u0438\u044f\u0454 \u0441\u0442\u0430\u043b\u043e\u043c\u0443 \u0432\u0438\u0440\u043e\u0431\u043d\u0438\u0446\u0442\u0432\u0443 \u0442\u0430 \u0437\u043c\u0435\u043d\u0448\u0443\u0454 \u043a\u0456\u043b\u044c\u043a\u0456\u0441\u0442\u044c \u043f\u043b\u0430\u0441\u0442\u0438\u043a\u043e\u0432\u0438\u0445 \u0432\u0456\u0434\u0445\u043e\u0434\u0456\u0432. \u041c\u043e\u0436\u043b\u0438\u0432\u0456\u0441\u0442\u044c \u0431\u0430\u0433\u0430\u0442\u043e\u0440\u0430\u0437\u043e\u0432\u043e\u0433\u043e \u0432\u0438\u043a\u043e\u0440\u0438\u0441\u0442\u0430\u043d\u043d\u044f \u0437\u043c\u0435\u043d\u0448\u0443\u0454 \u0432\u0438\u0442\u0440\u0430\u0442\u0438 \u043d\u0430 \u043f\u0430\u043a\u0443\u0432\u0430\u043d\u043d\u044f.<\/li>\n<li data-start=\"414\" data-end=\"1092\"><strong data-start=\"987\" data-end=\"1019\">\u041d\u0430\u044f\u0432\u043d\u0456\u0441\u0442\u044c \u0440\u0456\u0437\u043d\u0438\u0445 \u0440\u043e\u0437\u043c\u0456\u0440\u0456\u0432<\/strong> - \u043c\u043e\u0436\u043b\u0438\u0432\u0456\u0441\u0442\u044c \u0440\u0435\u0433\u0443\u043b\u044e\u0432\u0430\u043d\u043d\u044f \u0440\u0443\u043a\u0430\u0432\u0430 \u043f\u0456\u0434 \u0440\u0456\u0437\u043d\u0443 \u043a\u0456\u043b\u044c\u043a\u0456\u0441\u0442\u044c \u0456 \u0442\u0438\u043f \u043f\u0440\u043e\u0434\u0443\u043a\u0446\u0456\u0457.<\/li>\n<li data-start=\"414\" data-end=\"1092\"><strong>\u0428\u0438\u0440\u0438\u043d\u0430<\/strong> - 40 \u0441\u043c<\/li>\n<li data-start=\"414\" data-end=\"1092\"><strong>\u0414\u043e\u0432\u0436\u0438\u043d\u0430<\/strong> - 100\u043c\u0431<\/li>\n<li><strong>\u0414\u043e\u0441\u0442\u0443\u043f\u043d\u0456 \u0432 \u0440\u0456\u0437\u043d\u0438\u0445 \u043a\u043e\u043b\u044c\u043e\u0440\u0430\u0445<\/strong> - \u0431\u0456\u043b\u0438\u0439, \u0447\u0435\u0440\u0432\u043e\u043d\u0438\u0439, \u043f\u043e\u043c\u0430\u0440\u0430\u043d\u0447\u0435\u0432\u0438\u0439, \u0437\u0435\u043b\u0435\u043d\u0438\u0439, \u0436\u043e\u0432\u0442\u0438\u0439.<\/li>\n<\/ul>\n<h3 data-start=\"1094\" data-end=\"1117\"><strong data-start=\"1098\" data-end=\"1115\">\u0417\u0430\u044f\u0432\u043a\u0430:<\/strong><\/h3>\n<ul>\n<li data-start=\"1119\" data-end=\"1569\"><strong data-start=\"1122\" data-end=\"1152\">\u041f\u0430\u043a\u0443\u0432\u0430\u043d\u043d\u044f \u0442\u0430 \u0437\u0431\u0435\u0440\u0456\u0433\u0430\u043d\u043d\u044f<\/strong> \u043e\u0432\u043e\u0447\u0456 \u0442\u0430 \u0444\u0440\u0443\u043a\u0442\u0438, \u0442\u0430\u043a\u0456 \u044f\u043a \u043a\u0430\u0440\u0442\u043e\u043f\u043b\u044f, \u0446\u0438\u0431\u0443\u043b\u044f, \u044f\u0431\u043b\u0443\u043a\u0430, \u0431\u0443\u0440\u044f\u043a, \u0446\u0438\u0442\u0440\u0443\u0441\u043e\u0432\u0456 \u0430\u0431\u043e \u043c\u043e\u0440\u043a\u0432\u0430.<\/li>\n<li data-start=\"1119\" data-end=\"1569\"><strong data-start=\"1242\" data-end=\"1255\">\u0422\u0440\u0430\u043d\u0441\u043f\u043e\u0440\u0442<\/strong> \u0441\u0432\u0456\u0436\u0456 \u043f\u0440\u043e\u0434\u0443\u043a\u0442\u0438 \u0432 \u0440\u043e\u0437\u0434\u0440\u0456\u0431\u043d\u0456\u0439 \u0442\u0430 \u043e\u043f\u0442\u043e\u0432\u0456\u0439 \u0442\u043e\u0440\u0433\u0456\u0432\u043b\u0456.<\/li>\n<li data-start=\"1119\" data-end=\"1569\"><strong data-start=\"1313\" data-end=\"1336\">\u041f\u0440\u0435\u0437\u0435\u043d\u0442\u0430\u0446\u0456\u044f \u0442\u043e\u0432\u0430\u0440\u0443<\/strong> \u0432 \u043c\u0430\u0433\u0430\u0437\u0438\u043d\u0430\u0445 \u0456 \u043d\u0430 \u0440\u0438\u043d\u043a\u0430\u0445 - \u0441\u0456\u0442\u0447\u0430\u0441\u0442\u0430 \u0441\u0442\u0440\u0443\u043a\u0442\u0443\u0440\u0430 \u043f\u043e\u043b\u0435\u0433\u0448\u0443\u0454 \u0434\u0435\u043c\u043e\u043d\u0441\u0442\u0440\u0430\u0446\u0456\u044e \u0442\u043e\u0432\u0430\u0440\u0456\u0432.<\/li>\n<li data-start=\"1119\" data-end=\"1569\"><strong data-start=\"1422\" data-end=\"1457\">\u0417\u0431\u0435\u0440\u0456\u0433\u0430\u043d\u043d\u044f \u0456\u043d\u0448\u0438\u0445 \u043f\u0440\u0435\u0434\u043c\u0435\u0442\u0456\u0432<\/strong> - \u0422\u0430\u043a\u043e\u0436 \u043c\u043e\u0436\u043b\u0438\u0432\u0438\u0439 \u0434\u043b\u044f \u0434\u0440\u043e\u0432, \u0433\u043e\u0440\u0456\u0445\u0456\u0432 \u0430\u0431\u043e \u0445\u0430\u0440\u0447\u043e\u0432\u0438\u0445 \u043f\u0440\u043e\u0434\u0443\u043a\u0442\u0456\u0432, \u044f\u043a\u0456 \u043f\u043e\u0442\u0440\u0435\u0431\u0443\u044e\u0442\u044c \u0432\u0435\u043d\u0442\u0438\u043b\u044f\u0446\u0456\u0457.<\/li>\n<\/ul>\n<h3 data-start=\"1571\" data-end=\"1618\"><strong data-start=\"1575\" data-end=\"1616\">\u0427\u043e\u043c\u0443 \u0432\u0430\u0440\u0442\u043e \u043e\u0431\u0440\u0430\u0442\u0438 \u0441\u0456\u0442\u0447\u0430\u0441\u0442\u0438\u0439 \u0440\u0443\u043a\u0430\u0432?<\/strong><\/h3>\n<p data-start=\"1620\" data-end=\"1964\">\u0421\u0456\u0442\u0447\u0430\u0441\u0442\u0438\u0439 \u0440\u0443\u043a\u0430\u0432 - \u0446\u0435 \u0441\u0443\u0447\u0430\u0441\u043d\u0430 \u0442\u0430 \u0435\u043a\u043e\u043b\u043e\u0433\u0456\u0447\u043d\u0430 \u0430\u043b\u044c\u0442\u0435\u0440\u043d\u0430\u0442\u0438\u0432\u0430 \u043f\u043b\u0430\u0441\u0442\u0438\u043a\u043e\u0432\u0456\u0439 \u0443\u043f\u0430\u043a\u043e\u0432\u0446\u0456. \u0417\u0430\u0432\u0434\u044f\u043a\u0438 \u0441\u0432\u043e\u0457\u0439 \u043f\u043e\u0432\u0456\u0442\u0440\u044f\u043d\u0456\u0439 \u0441\u0442\u0440\u0443\u043a\u0442\u0443\u0440\u0456, \u0434\u043e\u0432\u0433\u043e\u0432\u0456\u0447\u043d\u043e\u0441\u0442\u0456 \u0442\u0430 \u0443\u043d\u0456\u0432\u0435\u0440\u0441\u0430\u043b\u044c\u043d\u043e\u0441\u0442\u0456 \u0432\u0456\u043d \u0456\u0434\u0435\u0430\u043b\u044c\u043d\u043e \u043f\u0456\u0434\u0445\u043e\u0434\u0438\u0442\u044c \u044f\u043a \u0434\u043b\u044f \u0434\u043e\u043c\u043e\u0433\u043e\u0441\u043f\u043e\u0434\u0430\u0440\u0441\u0442\u0432, \u0442\u0430\u043a \u0456 \u0434\u043b\u044f \u0445\u0430\u0440\u0447\u043e\u0432\u043e\u0457 \u043f\u0440\u043e\u043c\u0438\u0441\u043b\u043e\u0432\u043e\u0441\u0442\u0456. \u041c\u043e\u0436\u043b\u0438\u0432\u0456\u0441\u0442\u044c \u0431\u0430\u0433\u0430\u0442\u043e\u0440\u0430\u0437\u043e\u0432\u043e\u0433\u043e \u0432\u0438\u043a\u043e\u0440\u0438\u0441\u0442\u0430\u043d\u043d\u044f \u0442\u0430 \u043f\u0435\u0440\u0435\u0440\u043e\u0431\u043a\u0438 \u0440\u043e\u0431\u0438\u0442\u044c \u0439\u043e\u0433\u043e \u0435\u043a\u043e\u043d\u043e\u043c\u0456\u0447\u043d\u0438\u043c \u0442\u0430 \u0435\u043a\u043e\u043b\u043e\u0433\u0456\u0447\u043d\u0438\u043c \u0432\u0438\u0431\u043e\u0440\u043e\u043c.<\/p>","protected":false},"excerpt":{"rendered":"<p>R\u0119kaw siatkowy do pakowania warzyw i owoc\u00f3w R\u0119kaw siatkowy to niezawodne i ekologiczne rozwi\u0105zanie do pakowania, przechowywania oraz transportu warzyw i owoc\u00f3w. Dzi\u0119ki swojej przewiewnej strukturze zapewnia odpowiedni\u0105 cyrkulacj\u0119 powietrza, co pomaga utrzyma\u0107 \u015bwie\u017co\u015b\u0107 produkt\u00f3w przez d\u0142u\u017cszy czas. Jest lekki, wytrzyma\u0142y i elastyczny, co czyni go idealnym wyborem dla rolnictwa, handlu detalicznego i hurtowego. Najwa\u017cniejsze [&hellip;]<\/p>","protected":false},"featured_media":4204,"template":"","meta":{"site-sidebar-layout":"default","site-content-layout":"","ast-site-content-layout":"default","site-content-style":"default","site-sidebar-style":"default","ast-global-header-display":"","ast-banner-title-visibility":"","ast-main-header-display":"","ast-hfb-above-header-display":"","ast-hfb-below-header-display":"","ast-hfb-mobile-header-display":"","site-post-title":"","ast-breadcrumbs-content":"","ast-featured-img":"","footer-sml-layout":"","theme-transparent-header-meta":"default","adv-header-id-meta":"","stick-header-meta":"default","header-above-stick-meta":"","header-main-stick-meta":"","header-below-stick-meta":"","astra-migrate-meta-layouts":"set","ast-page-background-enabled":"default","ast-page-background-meta":{"desktop":{"background-color":"var(--ast-global-color-4)","background-image":"","background-repeat":"repeat","background-position":"center center","background-size":"auto","background-attachment":"scroll","background-type":"","background-media":"","overlay-type":"","overlay-color":"","overlay-opacity":"","overlay-gradient":""},"tablet":{"background-color":"","background-image":"","background-repeat":"repeat","background-position":"center center","background-size":"auto","background-attachment":"scroll","background-type":"","background-media":"","overlay-type":"","overlay-color":"","overlay-opacity":"","overlay-gradient":""},"mobile":{"background-color":"","background-image":"","background-repeat":"repeat","background-position":"center center","background-size":"auto","background-attachment":"scroll","background-type":"","background-media":"","overlay-type":"","overlay-color":"","overlay-opacity":"","overlay-gradient":""}},"ast-content-background-meta":{"desktop":{"background-color":"var(--ast-global-color-5)","background-image":"","background-repeat":"repeat","background-position":"center center","background-size":"auto","background-attachment":"scroll","background-type":"","background-media":"","overlay-type":"","overlay-color":"","overlay-opacity":"","overlay-gradient":""},"tablet":{"background-color":"var(--ast-global-color-5)","background-image":"","background-repeat":"repeat","background-position":"center center","background-size":"auto","background-attachment":"scroll","background-type":"","background-media":"","overlay-type":"","overlay-color":"","overlay-opacity":"","overlay-gradient":""},"mobile":{"background-color":"var(--ast-global-color-5)","background-image":"","background-repeat":"repeat","background-position":"center center","background-size":"auto","background-attachment":"scroll","background-type":"","background-media":"","overlay-type":"","overlay-color":"","overlay-opacity":"","overlay-gradient":""}}},"product_brand":[],"product_cat":[164],"product_tag":[],"class_list":{"0":"post-4203","1":"product","2":"type-product","3":"status-publish","4":"has-post-thumbnail","6":"product_cat-164","7":"desktop-align-left","8":"tablet-align-left","9":"mobile-align-left","10":"ast-product-gallery-layout-horizontal","11":"ast-product-tabs-layout-horizontal","13":"first","14":"instock","15":"shipping-taxable","16":"product-type-simple"},"_links":{"self":[{"href":"https:\/\/wimar.net\/uk\/wp-json\/wp\/v2\/product\/4203","targetHints":{"allow":["GET"]}}],"collection":[{"href":"https:\/\/wimar.net\/uk\/wp-json\/wp\/v2\/product"}],"about":[{"href":"https:\/\/wimar.net\/uk\/wp-json\/wp\/v2\/types\/product"}],"version-history":[{"count":2,"href":"https:\/\/wimar.net\/uk\/wp-json\/wp\/v2\/product\/4203\/revisions"}],"predecessor-version":[{"id":6222,"href":"https:\/\/wimar.net\/uk\/wp-json\/wp\/v2\/product\/4203\/revisions\/6222"}],"wp:featuredmedia":[{"embeddable":true,"href":"https:\/\/wimar.net\/uk\/wp-json\/wp\/v2\/media\/4204"}],"wp:attachment":[{"href":"https:\/\/wimar.net\/uk\/wp-json\/wp\/v2\/media?parent=4203"}],"wp:term":[{"taxonomy":"product_brand","embeddable":true,"href":"https:\/\/wimar.net\/uk\/wp-json\/wp\/v2\/product_brand?post=4203"},{"taxonomy":"product_cat","embeddable":true,"href":"https:\/\/wimar.net\/uk\/wp-json\/wp\/v2\/product_cat?post=4203"},{"taxonomy":"product_tag","embeddable":true,"href":"https:\/\/wimar.net\/uk\/wp-json\/wp\/v2\/product_tag?post=4203"}],"curies":[{"name":"wp","href":"https:\/\/api.w.org\/{rel}","templated":true}]}}