{"id":4325,"date":"2025-02-18T14:44:19","date_gmt":"2025-02-18T13:44:19","guid":{"rendered":"https:\/\/wimar.net\/?post_type=product&#038;p=4325"},"modified":"2025-03-24T14:14:37","modified_gmt":"2025-03-24T13:14:37","slug":"%d0%b3%d1%83%d0%bc%d0%ba%d0%b0-50%d1%853%d0%bc%d0%bc-%d1%87%d0%b5%d1%80%d0%b2%d0%be%d0%bd%d0%b0-60-%d0%b3%d1%83%d0%bc%d0%b0","status":"publish","type":"product","link":"https:\/\/wimar.net\/uk\/product-2\/%d0%b3%d1%83%d0%bc%d0%ba%d0%b0-50%d1%853%d0%bc%d0%bc-%d1%87%d0%b5%d1%80%d0%b2%d0%be%d0%bd%d0%b0-60-%d0%b3%d1%83%d0%bc%d0%b0\/","title":{"rendered":"\u0421\u043f\u0440\u0438\u0439\u043c\u0430\u043b\u044c\u043d\u0430 \u0433\u0443\u043c\u0430 50x3 \u043c\u043c \u0447\u0435\u0440\u0432\u043e\u043d\u0430 60% \u0433\u0443\u043c\u0430"},"content":{"rendered":"<p data-start=\"0\" data-end=\"55\"><strong data-start=\"0\" data-end=\"53\">\u0421\u043f\u0440\u0438\u0439\u043c\u0430\u043b\u044c\u043d\u0430 \u0433\u0443\u043c\u0430 50\u00d73 \u043c\u043c \u0447\u0435\u0440\u0432\u043e\u043d\u0430 - \u0433\u0443\u043c\u0430 60%<\/strong><\/p>\n<p data-start=\"0\" data-end=\"55\">\u0415\u043b\u0430\u0441\u0442\u0438\u0447\u043d\u0430 \u043f\u0435\u0442\u043b\u044f \u0437 \u043a\u0430\u0443\u0447\u0443\u043a\u0443, \u0449\u043e \u0432\u0438\u043a\u043e\u0440\u0438\u0441\u0442\u043e\u0432\u0443\u0454\u0442\u044c\u0441\u044f \u0434\u043b\u044f \u043a\u0440\u0456\u043f\u043b\u0435\u043d\u043d\u044f \u0442\u0430 \u0444\u0456\u043a\u0441\u0430\u0446\u0456\u0457 \u043f\u0440\u0435\u0434\u043c\u0435\u0442\u0456\u0432. \u0417\u0430\u0432\u0434\u044f\u043a\u0438 \u0441\u0432\u043e\u0457\u0439 \u0440\u043e\u0437\u0442\u044f\u0436\u043d\u043e\u0441\u0442\u0456 \u0442\u0430 \u043c\u0456\u0446\u043d\u043e\u0441\u0442\u0456 \u0432\u0438\u043a\u043e\u0440\u0438\u0441\u0442\u043e\u0432\u0443\u0454\u0442\u044c\u0441\u044f \u0432 \u043e\u0444\u0456\u0441\u0456, \u0432\u0434\u043e\u043c\u0430, \u043d\u0430 \u0432\u0438\u0440\u043e\u0431\u043d\u0438\u0446\u0442\u0432\u0456 \u0442\u0430 \u0432 \u0440\u0435\u043c\u0435\u0441\u043b\u0456.<\/p>\n<p data-start=\"57\" data-end=\"83\"><strong data-start=\"57\" data-end=\"81\">\u041e\u0441\u043d\u043e\u0432\u043d\u0456 \u0445\u0430\u0440\u0430\u043a\u0442\u0435\u0440\u0438\u0441\u0442\u0438\u043a\u0438:<\/strong><\/p>\n<ul>\n<li data-start=\"85\" data-end=\"607\"><strong data-start=\"87\" data-end=\"103\">\u0413\u043d\u0443\u0447\u043a\u0456\u0441\u0442\u044c<\/strong> - \u0412\u0438\u0433\u043e\u0442\u043e\u0432\u043b\u0435\u043d\u0430 \u0437 \u043d\u0430\u0442\u0443\u0440\u0430\u043b\u044c\u043d\u043e\u0433\u043e \u043a\u0430\u0443\u0447\u0443\u043a\u0443 60% \u0434\u043b\u044f \u0432\u0456\u0434\u043c\u0456\u043d\u043d\u043e\u0433\u043e \u0440\u043e\u0437\u0442\u044f\u0433\u0443\u0432\u0430\u043d\u043d\u044f \u0442\u0430 \u0441\u0442\u0456\u0439\u043a\u043e\u0441\u0442\u0456 \u0434\u043e \u0440\u043e\u0437\u0442\u0440\u0456\u0441\u043a\u0443\u0432\u0430\u043d\u043d\u044f.<\/li>\n<li data-start=\"85\" data-end=\"607\"><strong data-start=\"209\" data-end=\"225\">\u041d\u0430\u0434\u0456\u0439\u043d\u0456\u0441\u0442\u044c<\/strong> - \u0412\u0438\u0441\u043e\u043a\u0430 \u044f\u043a\u0456\u0441\u0442\u044c \u043c\u0430\u0442\u0435\u0440\u0456\u0430\u043b\u0443 \u0440\u043e\u0431\u0438\u0442\u044c \u0433\u0443\u043c\u043a\u0443 \u0441\u0442\u0456\u0439\u043a\u043e\u044e \u0434\u043e \u0431\u0430\u0433\u0430\u0442\u043e\u0440\u0430\u0437\u043e\u0432\u043e\u0433\u043e \u0440\u043e\u0437\u0442\u044f\u0433\u0443\u0432\u0430\u043d\u043d\u044f.<\/li>\n<li data-start=\"85\" data-end=\"607\"><strong data-start=\"315\" data-end=\"339\">\u0411\u0430\u0433\u0430\u0442\u043e\u0440\u0430\u0437\u043e\u0432\u0438\u0439<\/strong> - \u0412\u0456\u043d \u043f\u0440\u0438\u0434\u0430\u0442\u043d\u0438\u0439 \u0434\u043b\u044f \u0431\u0430\u0433\u0430\u0442\u043e\u0440\u0430\u0437\u043e\u0432\u043e\u0433\u043e \u0432\u0438\u043a\u043e\u0440\u0438\u0441\u0442\u0430\u043d\u043d\u044f \u0431\u0435\u0437 \u0432\u0442\u0440\u0430\u0442\u0438 \u0441\u0432\u043e\u0457\u0445 \u0432\u043b\u0430\u0441\u0442\u0438\u0432\u043e\u0441\u0442\u0435\u0439.<\/li>\n<li data-start=\"85\" data-end=\"607\"><strong data-start=\"409\" data-end=\"426\">\u0423\u043d\u0456\u0432\u0435\u0440\u0441\u0430\u043b\u044c\u043d\u0456\u0441\u0442\u044c<\/strong> - \u0419\u043e\u0433\u043e \u043c\u043e\u0436\u043d\u0430 \u0432\u0438\u043a\u043e\u0440\u0438\u0441\u0442\u043e\u0432\u0443\u0432\u0430\u0442\u0438 \u0432 \u043e\u0444\u0456\u0441\u0456, \u0432\u0434\u043e\u043c\u0430, \u043d\u0430 \u0441\u043a\u043b\u0430\u0434\u0456, \u0430 \u0442\u0430\u043a\u043e\u0436 \u0443 \u0440\u0435\u043c\u0435\u0441\u043b\u0430\u0445 \u0456 \u043f\u0430\u043a\u0443\u0432\u0430\u043d\u043d\u0456.<\/li>\n<li data-start=\"85\" data-end=\"607\"><strong>\u0414\u0456\u0430\u043c\u0435\u0442\u0440<\/strong> - 50 \u043c\u043c<\/li>\n<li data-start=\"85\" data-end=\"607\"><strong>\u0428\u0438\u0440\u0438\u043d\u0430<\/strong> - 3 \u043c\u043c<\/li>\n<li><strong>\u0414\u043e\u0441\u0442\u0443\u043f\u043d\u0456 \u0432 \u0440\u0456\u0437\u043d\u0438\u0445 \u043a\u043e\u043b\u044c\u043e\u0440\u0430\u0445<\/strong> - \u0431\u0456\u043b\u0438\u0439, \u0447\u0435\u0440\u0432\u043e\u043d\u0438\u0439, \u0437\u0435\u043b\u0435\u043d\u0438\u0439.<\/li>\n<\/ul>","protected":false},"excerpt":{"rendered":"<p>Gumka recepturka 50&#215;3 mm czerwona \u2013 60% kauczuku Gumka recepturka elastyczna p\u0119telka wykonana z kauczuku, u\u017cywana do spinania i zabezpieczania przedmiot\u00f3w. Dzi\u0119ki swojej rozci\u0105gliwo\u015bci i wytrzyma\u0142o\u015bci znajduje zastosowanie w biurze, domu, przemy\u015ble i r\u0119kodziele. Najwa\u017cniejsze cechy: Elastyczno\u015b\u0107 \u2013 Wykonana w 60% z kauczuku naturalnego, co zapewnia doskona\u0142\u0105 rozci\u0105gliwo\u015b\u0107 i odporno\u015b\u0107 na p\u0119kanie. Wytrzyma\u0142o\u015b\u0107 \u2013 Wysoka [&hellip;]<\/p>","protected":false},"featured_media":4269,"template":"","meta":{"site-sidebar-layout":"default","site-content-layout":"","ast-site-content-layout":"default","site-content-style":"default","site-sidebar-style":"default","ast-global-header-display":"","ast-banner-title-visibility":"","ast-main-header-display":"","ast-hfb-above-header-display":"","ast-hfb-below-header-display":"","ast-hfb-mobile-header-display":"","site-post-title":"","ast-breadcrumbs-content":"","ast-featured-img":"","footer-sml-layout":"","theme-transparent-header-meta":"default","adv-header-id-meta":"","stick-header-meta":"default","header-above-stick-meta":"","header-main-stick-meta":"","header-below-stick-meta":"","astra-migrate-meta-layouts":"set","ast-page-background-enabled":"default","ast-page-background-meta":{"desktop":{"background-color":"var(--ast-global-color-4)","background-image":"","background-repeat":"repeat","background-position":"center center","background-size":"auto","background-attachment":"scroll","background-type":"","background-media":"","overlay-type":"","overlay-color":"","overlay-opacity":"","overlay-gradient":""},"tablet":{"background-color":"","background-image":"","background-repeat":"repeat","background-position":"center center","background-size":"auto","background-attachment":"scroll","background-type":"","background-media":"","overlay-type":"","overlay-color":"","overlay-opacity":"","overlay-gradient":""},"mobile":{"background-color":"","background-image":"","background-repeat":"repeat","background-position":"center center","background-size":"auto","background-attachment":"scroll","background-type":"","background-media":"","overlay-type":"","overlay-color":"","overlay-opacity":"","overlay-gradient":""}},"ast-content-background-meta":{"desktop":{"background-color":"var(--ast-global-color-5)","background-image":"","background-repeat":"repeat","background-position":"center center","background-size":"auto","background-attachment":"scroll","background-type":"","background-media":"","overlay-type":"","overlay-color":"","overlay-opacity":"","overlay-gradient":""},"tablet":{"background-color":"var(--ast-global-color-5)","background-image":"","background-repeat":"repeat","background-position":"center center","background-size":"auto","background-attachment":"scroll","background-type":"","background-media":"","overlay-type":"","overlay-color":"","overlay-opacity":"","overlay-gradient":""},"mobile":{"background-color":"var(--ast-global-color-5)","background-image":"","background-repeat":"repeat","background-position":"center center","background-size":"auto","background-attachment":"scroll","background-type":"","background-media":"","overlay-type":"","overlay-color":"","overlay-opacity":"","overlay-gradient":""}}},"product_brand":[],"product_cat":[232],"product_tag":[],"class_list":{"0":"post-4325","1":"product","2":"type-product","3":"status-publish","4":"has-post-thumbnail","6":"product_cat-gumki-kauczukowe","7":"desktop-align-left","8":"tablet-align-left","9":"mobile-align-left","10":"ast-product-gallery-layout-horizontal","11":"ast-product-tabs-layout-horizontal","13":"first","14":"instock","15":"shipping-taxable","16":"product-type-simple"},"_links":{"self":[{"href":"https:\/\/wimar.net\/uk\/wp-json\/wp\/v2\/product\/4325","targetHints":{"allow":["GET"]}}],"collection":[{"href":"https:\/\/wimar.net\/uk\/wp-json\/wp\/v2\/product"}],"about":[{"href":"https:\/\/wimar.net\/uk\/wp-json\/wp\/v2\/types\/product"}],"version-history":[{"count":2,"href":"https:\/\/wimar.net\/uk\/wp-json\/wp\/v2\/product\/4325\/revisions"}],"predecessor-version":[{"id":6342,"href":"https:\/\/wimar.net\/uk\/wp-json\/wp\/v2\/product\/4325\/revisions\/6342"}],"wp:featuredmedia":[{"embeddable":true,"href":"https:\/\/wimar.net\/uk\/wp-json\/wp\/v2\/media\/4269"}],"wp:attachment":[{"href":"https:\/\/wimar.net\/uk\/wp-json\/wp\/v2\/media?parent=4325"}],"wp:term":[{"taxonomy":"product_brand","embeddable":true,"href":"https:\/\/wimar.net\/uk\/wp-json\/wp\/v2\/product_brand?post=4325"},{"taxonomy":"product_cat","embeddable":true,"href":"https:\/\/wimar.net\/uk\/wp-json\/wp\/v2\/product_cat?post=4325"},{"taxonomy":"product_tag","embeddable":true,"href":"https:\/\/wimar.net\/uk\/wp-json\/wp\/v2\/product_tag?post=4325"}],"curies":[{"name":"wp","href":"https:\/\/api.w.org\/{rel}","templated":true}]}}