{"id":4397,"date":"2025-02-19T10:56:26","date_gmt":"2025-02-19T09:56:26","guid":{"rendered":"https:\/\/wimar.net\/?post_type=product&#038;p=4397"},"modified":"2025-03-17T14:15:25","modified_gmt":"2025-03-17T13:15:25","slug":"%d1%81%d1%96%d1%82%d0%ba%d0%b0-%d0%b4%d0%bb%d1%8f-%d1%80%d1%83%d1%87%d0%bd%d0%be%d0%b3%d0%be-%d0%bf%d0%b0%d0%bb%d0%b5%d1%82%d1%83%d0%b2%d0%b0%d0%bd%d0%bd%d1%8f-%d0%b3%d0%bd%d1%83%d1%87%d0%ba%d0%b0-41","status":"publish","type":"product","link":"https:\/\/wimar.net\/uk\/product-2\/%d1%81%d1%96%d1%82%d0%ba%d0%b0-%d0%b4%d0%bb%d1%8f-%d1%80%d1%83%d1%87%d0%bd%d0%be%d0%b3%d0%be-%d0%bf%d0%b0%d0%bb%d0%b5%d1%82%d1%83%d0%b2%d0%b0%d0%bd%d0%bd%d1%8f-%d0%b3%d0%bd%d1%83%d1%87%d0%ba%d0%b0-41\/","title":{"rendered":"\u0420\u0443\u0447\u043d\u0430 \u043f\u0430\u043b\u0435\u0442\u043d\u0430 \u0441\u0456\u0442\u043a\u0430, \u043f\u0440\u043e\u0437\u043e\u0440\u0430 500\u043c\u0431"},"content":{"rendered":"<h3 data-start=\"0\" data-end=\"65\">\u0420\u0443\u0447\u043d\u0430 \u0441\u0456\u0442\u043a\u0430 \u0434\u043b\u044f \u043f\u0456\u0434\u0434\u043e\u043d\u0456\u0432<\/h3>\n<p data-start=\"67\" data-end=\"309\">\u0420\u0443\u0447\u043d\u0430 \u043f\u0430\u043b\u0435\u0442\u043d\u0430 \u0441\u0456\u0442\u043a\u0430 - \u0446\u0435 \u0433\u043d\u0443\u0447\u043a\u0435 \u0442\u0430 \u0437\u0440\u0443\u0447\u043d\u0435 \u0440\u0456\u0448\u0435\u043d\u043d\u044f \u0434\u043b\u044f \u0441\u0442\u0430\u0431\u0456\u043b\u0456\u0437\u0430\u0446\u0456\u0457 \u0432\u0430\u043d\u0442\u0430\u0436\u0456\u0432 \u043d\u0430 \u043f\u0430\u043b\u0435\u0442\u0430\u0445. \u0417\u0430\u0432\u0434\u044f\u043a\u0438 \u0441\u0432\u043e\u0457\u0439 \u0441\u0442\u0440\u0443\u043a\u0442\u0443\u0440\u0456 \u0432\u043e\u043d\u0430 \u0437\u0430\u0431\u0435\u0437\u043f\u0435\u0447\u0443\u0454 \u0432\u0456\u043b\u044c\u043d\u0438\u0439 \u0434\u043e\u0441\u0442\u0443\u043f \u043f\u043e\u0432\u0456\u0442\u0440\u044f, \u0449\u043e \u0432\u0430\u0436\u043b\u0438\u0432\u043e \u043f\u0440\u0438 \u0437\u0431\u0435\u0440\u0456\u0433\u0430\u043d\u043d\u0456 \u043f\u0440\u043e\u0434\u0443\u043a\u0442\u0456\u0432, \u044f\u043a\u0456 \u043f\u043e\u0442\u0440\u0435\u0431\u0443\u044e\u0442\u044c \u0432\u0435\u043d\u0442\u0438\u043b\u044f\u0446\u0456\u0457.<\/p>\n<h3 data-start=\"311\" data-end=\"337\">\u041e\u0441\u043d\u043e\u0432\u043d\u0456 \u0445\u0430\u0440\u0430\u043a\u0442\u0435\u0440\u0438\u0441\u0442\u0438\u043a\u0438:<\/h3>\n<ul>\n<li data-start=\"338\" data-end=\"980\"><strong data-start=\"340\" data-end=\"356\">\u0413\u043d\u0443\u0447\u043a\u0456\u0441\u0442\u044c<\/strong> - \u0417\u0430\u0432\u0434\u044f\u043a\u0438 \u0440\u043e\u0437\u0442\u044f\u0433\u0443\u0432\u0430\u043d\u043d\u044e \u0434\u043e 20% \u0441\u0456\u0442\u043a\u0430 \u0456\u0434\u0435\u0430\u043b\u044c\u043d\u043e \u0430\u0434\u0430\u043f\u0442\u0443\u0454\u0442\u044c\u0441\u044f \u0434\u043e \u0444\u043e\u0440\u043c\u0438 \u043f\u0430\u043b\u0435\u0442\u043e\u0432\u0430\u043d\u043e\u0433\u043e \u0432\u0430\u043d\u0442\u0430\u0436\u0443, \u0437\u0430\u0431\u0435\u0437\u043f\u0435\u0447\u0443\u044e\u0447\u0438 \u0441\u0442\u0430\u0431\u0456\u043b\u044c\u043d\u0456\u0441\u0442\u044c.<\/li>\n<li data-start=\"338\" data-end=\"980\"><strong data-start=\"478\" data-end=\"497\">\u041f\u0440\u043e\u0437\u043e\u0440\u0456\u0441\u0442\u044c<\/strong> - \u0411\u0435\u0437\u0431\u0430\u0440\u0432\u043d\u0430 \u0441\u0442\u0440\u0443\u043a\u0442\u0443\u0440\u0430 \u0434\u043e\u0437\u0432\u043e\u043b\u044f\u0454 \u043b\u0435\u0433\u043a\u043e \u0456\u0434\u0435\u043d\u0442\u0438\u0444\u0456\u043a\u0443\u0432\u0430\u0442\u0438 \u0442\u043e\u0432\u0430\u0440 \u0431\u0435\u0437 \u043d\u0435\u043e\u0431\u0445\u0456\u0434\u043d\u043e\u0441\u0442\u0456 \u0440\u043e\u0437\u043c\u043e\u0442\u0443\u0432\u0430\u043d\u043d\u044f.<\/li>\n<li data-start=\"338\" data-end=\"980\"><strong data-start=\"589\" data-end=\"609\">\u0425\u043e\u0440\u043e\u0448\u0430 \u0432\u0435\u043d\u0442\u0438\u043b\u044f\u0446\u0456\u044f<\/strong> - \u0412\u0456\u0434\u043a\u0440\u0438\u0442\u0430 \u043a\u043e\u043d\u0441\u0442\u0440\u0443\u043a\u0446\u0456\u044f \u0441\u0456\u0442\u043a\u0438 \u0437\u0430\u0431\u0435\u0437\u043f\u0435\u0447\u0443\u0454 \u0446\u0438\u0440\u043a\u0443\u043b\u044f\u0446\u0456\u044e \u043f\u043e\u0432\u0456\u0442\u0440\u044f, \u0449\u043e \u043e\u0441\u043e\u0431\u043b\u0438\u0432\u043e \u0432\u0430\u0436\u043b\u0438\u0432\u043e \u0434\u043b\u044f \u043f\u0440\u043e\u0434\u0443\u043a\u0442\u0456\u0432, \u044f\u043a\u0456 \u043f\u043e\u0432\u0438\u043d\u043d\u0456 \u0434\u0438\u0445\u0430\u0442\u0438, \u0442\u0430\u043a\u0438\u0445 \u044f\u043a \u0444\u0440\u0443\u043a\u0442\u0438, \u043e\u0432\u043e\u0447\u0456 \u0442\u0430 \u0434\u0435\u0440\u0435\u0432\u0438\u043d\u0430.<\/li>\n<li data-start=\"338\" data-end=\"980\"><strong data-start=\"895\" data-end=\"914\">\u041f\u0440\u043e\u0441\u0442\u0435 \u0437\u0430\u0441\u0442\u043e\u0441\u0443\u0432\u0430\u043d\u043d\u044f<\/strong> - \u0406\u0434\u0435\u0430\u043b\u044c\u043d\u043e \u043f\u0456\u0434\u0445\u043e\u0434\u0438\u0442\u044c \u0434\u043b\u044f \u0440\u0443\u0447\u043d\u043e\u0433\u043e \u043f\u0430\u043b\u0435\u0442\u0443\u0432\u0430\u043d\u043d\u044f \u0431\u0435\u0437 \u0432\u0438\u043a\u043e\u0440\u0438\u0441\u0442\u0430\u043d\u043d\u044f \u043c\u0430\u0448\u0438\u043d.<\/li>\n<li data-start=\"338\" data-end=\"980\"><strong>\u0414\u043e\u0432\u0436\u0438\u043d\u0430<\/strong> - 500 \u043c\u0431<\/li>\n<li data-start=\"338\" data-end=\"980\"><strong>\u0428\u0438\u0440\u0438\u043d\u0430 \u0440\u0443\u043b\u043e\u043d\u0443<\/strong> - 50 \u0441\u043c<\/li>\n<li><strong>\u0422\u043e\u0432\u0449\u0438\u043d\u0430<\/strong> - 3.1 \u0433\/\u041c\u0431<\/li>\n<\/ul>\n<h3 data-start=\"982\" data-end=\"1001\">\u0417\u0430\u044f\u0432\u043a\u0430:<\/h3>\n<ul>\n<li data-start=\"1002\" data-end=\"1434\"><strong data-start=\"1005\" data-end=\"1030\">\u0421\u0442\u0430\u0431\u0456\u043b\u0456\u0437\u0430\u0446\u0456\u044f \u0432\u0430\u043d\u0442\u0430\u0436\u0443<\/strong> - \u0417\u0430\u0431\u0435\u0437\u043f\u0435\u0447\u0443\u0454 \u0431\u0435\u0437\u043f\u0435\u0447\u043d\u0435 \u0442\u0440\u0430\u043d\u0441\u043f\u043e\u0440\u0442\u0443\u0432\u0430\u043d\u043d\u044f \u0432\u0430\u043d\u0442\u0430\u0436\u0456\u0432 \u043d\u0430 \u043f\u0430\u043b\u0435\u0442\u0430\u0445.<\/li>\n<li data-start=\"1002\" data-end=\"1434\"><strong data-start=\"1095\" data-end=\"1135\">\u0417\u0431\u0435\u0440\u0456\u0433\u0430\u043d\u043d\u044f \u0445\u0430\u0440\u0447\u043e\u0432\u0438\u0445 \u043f\u0440\u043e\u0434\u0443\u043a\u0442\u0456\u0432<\/strong> - \u0406\u0434\u0435\u0430\u043b\u044c\u043d\u043e \u043f\u0456\u0434\u0445\u043e\u0434\u0438\u0442\u044c \u0434\u043b\u044f \u0444\u0440\u0443\u043a\u0442\u0456\u0432, \u043e\u0432\u043e\u0447\u0456\u0432 \u0442\u0430 \u0456\u043d\u0448\u0438\u0445 \u043f\u0440\u043e\u0434\u0443\u043a\u0442\u0456\u0432, \u044f\u043a\u0456 \u043f\u043e\u0442\u0440\u0435\u0431\u0443\u044e\u0442\u044c \u0432\u0435\u043d\u0442\u0438\u043b\u044f\u0446\u0456\u0457.<\/li>\n<li data-start=\"1002\" data-end=\"1434\"><strong data-start=\"1213\" data-end=\"1251\">\u0417\u0431\u0435\u0440\u0456\u0433\u0430\u043d\u043d\u044f \u043f\u0430\u043b\u0438\u0432\u043d\u0438\u0445 \u043c\u0430\u0442\u0435\u0440\u0456\u0430\u043b\u0456\u0432<\/strong> - \u0427\u0443\u0434\u043e\u0432\u043e \u043f\u0456\u0434\u0445\u043e\u0434\u0438\u0442\u044c \u0434\u043b\u044f \u0434\u0435\u0440\u0435\u0432\u0438\u043d\u0438, \u0432\u0443\u0433\u0456\u043b\u043b\u044f \u0442\u0430 \u043f\u0435\u043b\u0435\u0442, \u0437\u0430\u043f\u043e\u0431\u0456\u0433\u0430\u044e\u0447\u0438 \u043d\u0430\u043a\u043e\u043f\u0438\u0447\u0435\u043d\u043d\u044e \u0432\u043e\u043b\u043e\u0433\u0438.<\/li>\n<li data-start=\"1002\" data-end=\"1434\"><strong data-start=\"1335\" data-end=\"1359\">\u041f\u0440\u043e\u043c\u0438\u0441\u043b\u043e\u0432\u0456\u0441\u0442\u044c \u0442\u0430 \u043b\u043e\u0433\u0456\u0441\u0442\u0438\u043a\u0430<\/strong> - \u0412\u0438\u043a\u043e\u0440\u0438\u0441\u0442\u043e\u0432\u0443\u0454\u0442\u044c\u0441\u044f \u043d\u0430 \u0441\u043a\u043b\u0430\u0434\u0430\u0445, \u0443 \u0441\u0445\u043e\u0432\u0438\u0449\u0430\u0445 \u0456 \u0432\u0438\u0440\u043e\u0431\u043d\u0438\u0447\u0438\u0445 \u043f\u0440\u0438\u043c\u0456\u0449\u0435\u043d\u043d\u044f\u0445.<\/li>\n<\/ul>\n<h3 data-start=\"1436\" data-end=\"1477\">\u0427\u043e\u043c\u0443 \u0441\u0430\u043c\u0435 \u043d\u0430\u0448\u0430 \u0441\u0456\u0442\u043a\u0430?<\/h3>\n<p data-start=\"1478\" data-end=\"1731\" data-is-last-node=\"\">\u0420\u0443\u0447\u043d\u0430 \u043f\u0430\u043b\u0435\u0442\u043d\u0430 \u0441\u0456\u0442\u043a\u0430 - \u0446\u0435 \u0435\u043a\u043e\u043d\u043e\u043c\u0456\u0447\u043d\u0435 \u0456 \u043f\u0440\u0430\u043a\u0442\u0438\u0447\u043d\u0435 \u0440\u0456\u0448\u0435\u043d\u043d\u044f \u0434\u043b\u044f \u0442\u0440\u0430\u043d\u0441\u043f\u043e\u0440\u0442\u043d\u0438\u0445 \u043a\u043e\u043c\u043f\u0430\u043d\u0456\u0439, \u0441\u043a\u043b\u0430\u0434\u0456\u0432 \u0456 \u0432\u0438\u0440\u043e\u0431\u043d\u0438\u043a\u0456\u0432 \u043f\u0440\u043e\u0434\u0443\u043a\u0442\u0456\u0432 \u0445\u0430\u0440\u0447\u0443\u0432\u0430\u043d\u043d\u044f. \u0417\u0430\u0432\u0434\u044f\u043a\u0438 \u0441\u0432\u043e\u0457\u0439 \u0433\u043d\u0443\u0447\u043a\u043e\u0441\u0442\u0456 \u0442\u0430 \u0432\u0435\u043d\u0442\u0438\u043b\u044f\u0446\u0456\u0457 \u0432\u043e\u043d\u0430 \u0435\u0444\u0435\u043a\u0442\u0438\u0432\u043d\u043e \u0437\u0430\u0445\u0438\u0449\u0430\u0454 \u0442\u043e\u0432\u0430\u0440\u0438, \u043d\u0435 \u043e\u0431\u043c\u0435\u0436\u0443\u044e\u0447\u0438 \u0457\u0445 \u0434\u043e\u0441\u0442\u0443\u043f \u0434\u043e \u043f\u043e\u0432\u0456\u0442\u0440\u044f.<\/p>","protected":false},"excerpt":{"rendered":"<p>Siatka do paletowania r\u0119cznego Siatka do paletowania r\u0119cznego to elastyczne i wygodne rozwi\u0105zanie do stabilizacji \u0142adunk\u00f3w na paletach. Dzi\u0119ki swojej strukturze pozwala na swobodny przep\u0142yw powietrza, co jest istotne przy przechowywaniu produkt\u00f3w wymagaj\u0105cych wentylacji. Najwa\u017cniejsze cechy: Elastyczno\u015b\u0107 \u2013 Siatka o rozci\u0105gliwo\u015bci do 20% idealnie dopasowuje si\u0119 do kszta\u0142tu paletowanego \u0142adunku, zapewniaj\u0105c jego stabilno\u015b\u0107. Przezroczysto\u015b\u0107 \u2013 [&hellip;]<\/p>","protected":false},"featured_media":4400,"template":"","meta":{"site-sidebar-layout":"default","site-content-layout":"","ast-site-content-layout":"default","site-content-style":"default","site-sidebar-style":"default","ast-global-header-display":"","ast-banner-title-visibility":"","ast-main-header-display":"","ast-hfb-above-header-display":"","ast-hfb-below-header-display":"","ast-hfb-mobile-header-display":"","site-post-title":"","ast-breadcrumbs-content":"","ast-featured-img":"","footer-sml-layout":"","theme-transparent-header-meta":"default","adv-header-id-meta":"","stick-header-meta":"default","header-above-stick-meta":"","header-main-stick-meta":"","header-below-stick-meta":"","astra-migrate-meta-layouts":"set","ast-page-background-enabled":"default","ast-page-background-meta":{"desktop":{"background-color":"var(--ast-global-color-4)","background-image":"","background-repeat":"repeat","background-position":"center center","background-size":"auto","background-attachment":"scroll","background-type":"","background-media":"","overlay-type":"","overlay-color":"","overlay-opacity":"","overlay-gradient":""},"tablet":{"background-color":"","background-image":"","background-repeat":"repeat","background-position":"center center","background-size":"auto","background-attachment":"scroll","background-type":"","background-media":"","overlay-type":"","overlay-color":"","overlay-opacity":"","overlay-gradient":""},"mobile":{"background-color":"","background-image":"","background-repeat":"repeat","background-position":"center center","background-size":"auto","background-attachment":"scroll","background-type":"","background-media":"","overlay-type":"","overlay-color":"","overlay-opacity":"","overlay-gradient":""}},"ast-content-background-meta":{"desktop":{"background-color":"var(--ast-global-color-5)","background-image":"","background-repeat":"repeat","background-position":"center center","background-size":"auto","background-attachment":"scroll","background-type":"","background-media":"","overlay-type":"","overlay-color":"","overlay-opacity":"","overlay-gradient":""},"tablet":{"background-color":"var(--ast-global-color-5)","background-image":"","background-repeat":"repeat","background-position":"center center","background-size":"auto","background-attachment":"scroll","background-type":"","background-media":"","overlay-type":"","overlay-color":"","overlay-opacity":"","overlay-gradient":""},"mobile":{"background-color":"var(--ast-global-color-5)","background-image":"","background-repeat":"repeat","background-position":"center center","background-size":"auto","background-attachment":"scroll","background-type":"","background-media":"","overlay-type":"","overlay-color":"","overlay-opacity":"","overlay-gradient":""}}},"product_brand":[],"product_cat":[230,169],"product_tag":[],"class_list":{"0":"post-4397","1":"product","2":"type-product","3":"status-publish","4":"has-post-thumbnail","6":"product_cat-siatka-do-paletowania","7":"product_cat-500m-standard","8":"desktop-align-left","9":"tablet-align-left","10":"mobile-align-left","11":"ast-product-gallery-layout-horizontal","12":"ast-product-tabs-layout-horizontal","14":"first","15":"instock","16":"shipping-taxable","17":"product-type-simple"},"_links":{"self":[{"href":"https:\/\/wimar.net\/uk\/wp-json\/wp\/v2\/product\/4397","targetHints":{"allow":["GET"]}}],"collection":[{"href":"https:\/\/wimar.net\/uk\/wp-json\/wp\/v2\/product"}],"about":[{"href":"https:\/\/wimar.net\/uk\/wp-json\/wp\/v2\/types\/product"}],"version-history":[{"count":3,"href":"https:\/\/wimar.net\/uk\/wp-json\/wp\/v2\/product\/4397\/revisions"}],"predecessor-version":[{"id":4404,"href":"https:\/\/wimar.net\/uk\/wp-json\/wp\/v2\/product\/4397\/revisions\/4404"}],"wp:featuredmedia":[{"embeddable":true,"href":"https:\/\/wimar.net\/uk\/wp-json\/wp\/v2\/media\/4400"}],"wp:attachment":[{"href":"https:\/\/wimar.net\/uk\/wp-json\/wp\/v2\/media?parent=4397"}],"wp:term":[{"taxonomy":"product_brand","embeddable":true,"href":"https:\/\/wimar.net\/uk\/wp-json\/wp\/v2\/product_brand?post=4397"},{"taxonomy":"product_cat","embeddable":true,"href":"https:\/\/wimar.net\/uk\/wp-json\/wp\/v2\/product_cat?post=4397"},{"taxonomy":"product_tag","embeddable":true,"href":"https:\/\/wimar.net\/uk\/wp-json\/wp\/v2\/product_tag?post=4397"}],"curies":[{"name":"wp","href":"https:\/\/api.w.org\/{rel}","templated":true}]}}