{"id":4407,"date":"2025-02-19T14:32:19","date_gmt":"2025-02-19T13:32:19","guid":{"rendered":"https:\/\/wimar.net\/?post_type=product&#038;p=4407"},"modified":"2025-03-17T14:14:22","modified_gmt":"2025-03-17T13:14:22","slug":"%d1%81%d1%96%d1%82%d0%ba%d0%b0-%d0%b4%d0%bb%d1%8f-%d0%bc%d0%b0%d1%88%d0%b8%d0%bd%d0%bd%d0%be%d0%b3%d0%be-%d0%bf%d0%b0%d0%bb%d0%b5%d1%82%d1%83%d0%b2%d0%b0%d0%bd%d0%bd%d1%8f-%d0%b3%d0%bd%d1%83%d1%87","status":"publish","type":"product","link":"https:\/\/wimar.net\/uk\/product-2\/%d1%81%d1%96%d1%82%d0%ba%d0%b0-%d0%b4%d0%bb%d1%8f-%d0%bc%d0%b0%d1%88%d0%b8%d0%bd%d0%bd%d0%be%d0%b3%d0%be-%d0%bf%d0%b0%d0%bb%d0%b5%d1%82%d1%83%d0%b2%d0%b0%d0%bd%d0%bd%d1%8f-%d0%b3%d0%bd%d1%83%d1%87\/","title":{"rendered":"\u0421\u0456\u0442\u043a\u0430 \u0434\u043b\u044f \u043c\u0430\u0448\u0438\u043d\u043d\u043e\u0433\u043e \u043f\u0430\u043b\u0435\u0442\u0443\u0432\u0430\u043d\u043d\u044f 3500 \u043c"},"content":{"rendered":"<h3 data-start=\"0\" data-end=\"65\">\u041c\u0435\u0445\u0430\u043d\u0456\u0447\u043d\u0430 \u0441\u0456\u0442\u043a\u0430 \u0434\u043b\u044f \u043f\u0430\u043b\u0435\u0442\u0443\u0432\u0430\u043d\u043d\u044f<\/h3>\n<p data-start=\"58\" data-end=\"381\">\u041c\u0430\u0448\u0438\u043d\u043d\u0430 \u043f\u0430\u043b\u0435\u0442\u043d\u0430 \u0441\u0456\u0442\u043a\u0430 - \u0446\u0435 \u043d\u0430\u0434\u0456\u0439\u043d\u0435 \u0456 \u0444\u0443\u043d\u043a\u0446\u0456\u043e\u043d\u0430\u043b\u044c\u043d\u0435 \u0440\u0456\u0448\u0435\u043d\u043d\u044f, \u044f\u043a\u0435 \u0437\u0430\u0431\u0435\u0437\u043f\u0435\u0447\u0443\u0454 \u0441\u0442\u0430\u0431\u0456\u043b\u0456\u0437\u0430\u0446\u0456\u044e \u0432\u0430\u043d\u0442\u0430\u0436\u0456\u0432 \u043d\u0430 \u043f\u0456\u0434\u0434\u043e\u043d\u0430\u0445, \u0434\u043e\u0437\u0432\u043e\u043b\u044f\u044e\u0447\u0438 \u043f\u0440\u0438 \u0446\u044c\u043e\u043c\u0443 \u0432\u0456\u043b\u044c\u043d\u043e \u0446\u0438\u0440\u043a\u0443\u043b\u044e\u0432\u0430\u0442\u0438 \u043f\u043e\u0432\u0456\u0442\u0440\u044e. \u0412\u043e\u043d\u0430 \u0456\u0434\u0435\u0430\u043b\u044c\u043d\u043e \u043f\u0456\u0434\u0445\u043e\u0434\u0438\u0442\u044c \u0434\u043b\u044f \u0432\u0438\u043a\u043e\u0440\u0438\u0441\u0442\u0430\u043d\u043d\u044f \u0432 \u0441\u0456\u043b\u044c\u0441\u044c\u043a\u043e\u0433\u043e\u0441\u043f\u043e\u0434\u0430\u0440\u0441\u044c\u043a\u0456\u0439, \u0445\u0430\u0440\u0447\u043e\u0432\u0456\u0439 \u0442\u0430 \u043b\u043e\u0433\u0456\u0441\u0442\u0438\u0447\u043d\u0456\u0439 \u0433\u0430\u043b\u0443\u0437\u044f\u0445, \u0437\u0430\u0431\u0435\u0437\u043f\u0435\u0447\u0443\u044e\u0447\u0438 \u043e\u043f\u0442\u0438\u043c\u0430\u043b\u044c\u043d\u0456 \u0443\u043c\u043e\u0432\u0438 \u0437\u0431\u0435\u0440\u0456\u0433\u0430\u043d\u043d\u044f \u0456 \u0442\u0440\u0430\u043d\u0441\u043f\u043e\u0440\u0442\u0443\u0432\u0430\u043d\u043d\u044f \u043f\u0440\u043e\u0434\u0443\u043a\u0446\u0456\u0457.<\/p>\n<h3 data-start=\"383\" data-end=\"413\"><strong data-start=\"387\" data-end=\"411\">\u041e\u0441\u043d\u043e\u0432\u043d\u0456 \u0445\u0430\u0440\u0430\u043a\u0442\u0435\u0440\u0438\u0441\u0442\u0438\u043a\u0438:<\/strong><\/h3>\n<ul>\n<li data-start=\"414\" data-end=\"888\"><strong data-start=\"416\" data-end=\"433\">\u0421\u0442\u0456\u0439\u043a\u0456\u0441\u0442\u044c:<\/strong> \u041c\u0456\u0446\u043d\u0430 \u043a\u043e\u043d\u0441\u0442\u0440\u0443\u043a\u0446\u0456\u044f \u0433\u0430\u0440\u0430\u043d\u0442\u0443\u0454 \u0441\u0442\u0456\u0439\u043a\u0456\u0441\u0442\u044c \u043f\u0430\u043b\u0435\u0442\u043e\u0432\u0430\u043d\u043e\u0457 \u043f\u0440\u043e\u0434\u0443\u043a\u0446\u0456\u0457.<\/li>\n<li data-start=\"414\" data-end=\"888\"><strong data-start=\"504\" data-end=\"535\">\u041f\u043e\u0432\u0456\u0442\u0440\u043e\u043f\u0440\u043e\u043d\u0438\u043a\u043d\u0456\u0441\u0442\u044c:<\/strong> \u0417\u0430\u0431\u0435\u0437\u043f\u0435\u0447\u0443\u0454 \u0434\u043e\u0441\u0442\u0430\u0442\u043d\u044e \u0446\u0438\u0440\u043a\u0443\u043b\u044f\u0446\u0456\u044e, \u0437\u0430\u043f\u043e\u0431\u0456\u0433\u0430\u044e\u0447\u0438 \u0443\u0442\u0432\u043e\u0440\u0435\u043d\u043d\u044e \u043a\u043e\u043d\u0434\u0435\u043d\u0441\u0430\u0442\u0443.<\/li>\n<li data-start=\"414\" data-end=\"888\"><strong data-start=\"607\" data-end=\"625\">\u0423\u043d\u0456\u0432\u0435\u0440\u0441\u0430\u043b\u044c\u043d\u0456\u0441\u0442\u044c:<\/strong> \u041f\u0456\u0434\u0445\u043e\u0434\u0438\u0442\u044c \u0434\u043b\u044f \u043e\u0431\u0433\u043e\u0440\u0442\u0430\u043d\u043d\u044f \u0432\u0430\u043d\u0442\u0430\u0436\u0456\u0432, \u044f\u043a\u0456 \u043f\u043e\u0442\u0440\u0435\u0431\u0443\u044e\u0442\u044c \u0432\u0435\u043d\u0442\u0438\u043b\u044f\u0446\u0456\u0457, \u043d\u0430\u043f\u0440\u0438\u043a\u043b\u0430\u0434, \u0444\u0440\u0443\u043a\u0442\u0456\u0432, \u043e\u0432\u043e\u0447\u0456\u0432 \u0430\u0431\u043e \u0434\u0440\u043e\u0432.<\/li>\n<li data-start=\"414\" data-end=\"888\"><strong data-start=\"815\" data-end=\"833\">\u0414\u043e\u0432\u0436\u0438\u043d\u0430: <\/strong>3500 m<\/li>\n<li data-start=\"414\" data-end=\"888\"><strong>\u0412\u0438\u0441\u043e\u0442\u0430 \u043a\u043e\u0447\u0435\u043d\u043d\u044f:<\/strong> 50 \u0441\u043c<\/li>\n<li data-start=\"414\" data-end=\"888\"><strong>\u0414\u0456\u0430\u043c\u0435\u0442\u0440 \u0440\u0443\u043b\u043e\u043d\u0443:<\/strong> 24 \u0441\u043c<\/li>\n<li data-start=\"414\" data-end=\"888\"><strong>\u0413\u0440\u0430\u043c\u0430\u0442\u0438\u043a\u0430:<\/strong> 2,9 \u0433\/\u043c<\/li>\n<\/ul>\n<h3 data-start=\"890\" data-end=\"913\"><strong data-start=\"894\" data-end=\"911\">\u0417\u0430\u044f\u0432\u043a\u0430:<\/strong><\/h3>\n<ul>\n<li data-start=\"914\" data-end=\"1245\"><strong data-start=\"916\" data-end=\"936\">\u0421\u0456\u043b\u044c\u0441\u044c\u043a\u043e\u0433\u043e\u0441\u043f\u043e\u0434\u0430\u0440\u0441\u044c\u043a\u0438\u0439 \u0441\u0435\u043a\u0442\u043e\u0440:<\/strong> \u0406\u0434\u0435\u0430\u043b\u044c\u043d\u043e \u043f\u0456\u0434\u0445\u043e\u0434\u0438\u0442\u044c \u0434\u043b\u044f \u0437\u0430\u0445\u0438\u0441\u0442\u0443 \u043e\u0432\u043e\u0447\u0456\u0432, \u0444\u0440\u0443\u043a\u0442\u0456\u0432, \u0440\u043e\u0437\u0441\u0430\u0434\u0438 \u0442\u0430 \u0440\u043e\u0441\u043b\u0438\u043d.<\/li>\n<li data-start=\"914\" data-end=\"1245\"><strong data-start=\"1002\" data-end=\"1028\">\u041b\u043e\u0433\u0456\u0441\u0442\u0438\u043a\u0430 \u0456 \u0442\u0440\u0430\u043d\u0441\u043f\u043e\u0440\u0442:<\/strong> \u0421\u0442\u0430\u0431\u0456\u043b\u0456\u0437\u0430\u0446\u0456\u044f \u0432\u0430\u043d\u0442\u0430\u0436\u0456\u0432 \u043f\u0456\u0434 \u0447\u0430\u0441 \u0442\u0440\u0430\u043d\u0441\u043f\u043e\u0440\u0442\u0443\u0432\u0430\u043d\u043d\u044f.<\/li>\n<li data-start=\"914\" data-end=\"1245\"><strong data-start=\"1073\" data-end=\"1091\">\u0421\u0445\u043e\u0432\u0438\u0449\u0435:<\/strong> \u0417\u0430\u0445\u0438\u0441\u0442 \u043f\u0440\u043e\u0434\u0443\u043a\u0442\u0456\u0432 \u043f\u0440\u0438 \u0437\u0431\u0435\u0440\u0435\u0436\u0435\u043d\u043d\u0456 \u0434\u043e\u0441\u0442\u0430\u0442\u043d\u044c\u043e\u0457 \u0432\u0435\u043d\u0442\u0438\u043b\u044f\u0446\u0456\u0457.<\/li>\n<li data-start=\"914\" data-end=\"1245\"><strong data-start=\"1168\" data-end=\"1189\">\u0414\u0435\u0440\u0435\u0432\u043e\u043e\u0431\u0440\u043e\u0431\u043d\u0430 \u043f\u0440\u043e\u043c\u0438\u0441\u043b\u043e\u0432\u0456\u0441\u0442\u044c:<\/strong> \u0414\u043b\u044f \u043f\u0430\u043b\u0435\u0442\u0443\u0432\u0430\u043d\u043d\u044f \u0434\u0440\u043e\u0432, \u043f\u0435\u043b\u0435\u0442 \u0430\u0431\u043e \u0442\u0440\u0456\u0441\u043a\u0438.<\/li>\n<\/ul>\n<h3 data-start=\"1247\" data-end=\"1301\"><strong data-start=\"1251\" data-end=\"1299\">\u0427\u043e\u043c\u0443 \u0432\u0430\u0440\u0442\u043e \u043e\u0431\u0440\u0430\u0442\u0438 \u043f\u0430\u043b\u0435\u0442\u043d\u0443 \u0441\u0456\u0442\u043a\u0443?<\/strong><\/h3>\n<p data-start=\"1302\" data-end=\"1610\" data-is-last-node=\"\">\u041f\u0430\u043b\u0435\u0442\u043d\u0430 \u0441\u0456\u0442\u043a\u0430 - \u0446\u0435 \u0441\u0443\u0447\u0430\u0441\u043d\u0435 \u0440\u0456\u0448\u0435\u043d\u043d\u044f, \u044f\u043a\u0435 \u043f\u043e\u0454\u0434\u043d\u0443\u0454 \u0432 \u0441\u043e\u0431\u0456 \u0444\u0443\u043d\u043a\u0446\u0456\u043e\u043d\u0430\u043b\u044c\u043d\u0456\u0441\u0442\u044c \u0442\u0430 \u0435\u043a\u043e\u043b\u043e\u0433\u0456\u0447\u043d\u0456\u0441\u0442\u044c. \u0417\u0430\u0432\u0434\u044f\u043a\u0438 \u0441\u0432\u043e\u0457\u0439 \u0441\u0442\u0440\u0443\u043a\u0442\u0443\u0440\u0456 \u0432\u043e\u043d\u0430 \u0443\u0441\u0443\u0432\u0430\u0454 \u043d\u0435\u043e\u0431\u0445\u0456\u0434\u043d\u0456\u0441\u0442\u044c \u0432\u0438\u043a\u043e\u0440\u0438\u0441\u0442\u0430\u043d\u043d\u044f \u0441\u0442\u0440\u0435\u0442\u0447-\u043f\u043b\u0456\u0432\u043a\u0438 \u0442\u0430\u043c, \u0434\u0435 \u043f\u043e\u0442\u0440\u0456\u0431\u043d\u0430 \u043f\u043e\u0432\u0456\u0442\u0440\u043e\u043f\u0440\u043e\u043d\u0438\u043a\u043d\u0456\u0441\u0442\u044c \u043f\u0440\u043e\u0434\u0443\u043a\u0446\u0456\u0457. \u0412\u043e\u043d\u0430 \u043c\u0456\u0446\u043d\u0430, \u043b\u0435\u0433\u043a\u0430 \u0442\u0430 \u0435\u043a\u043e\u043d\u043e\u043c\u0456\u0447\u043d\u0430, \u0449\u043e \u0440\u043e\u0431\u0438\u0442\u044c \u0457\u0457 \u043d\u0435\u0437\u0430\u043c\u0456\u043d\u043d\u0438\u043c \u0435\u043b\u0435\u043c\u0435\u043d\u0442\u043e\u043c \u043f\u0440\u0438 \u0442\u0440\u0430\u043d\u0441\u043f\u043e\u0440\u0442\u0443\u0432\u0430\u043d\u043d\u0456 \u0442\u0430 \u0437\u0431\u0435\u0440\u0456\u0433\u0430\u043d\u043d\u0456.<\/p>","protected":false},"excerpt":{"rendered":"<p>Siatka do paletowania mechanicznego Siatka do paletowania maszynowego to wytrzyma\u0142e i funkcjonalne rozwi\u0105zanie, kt\u00f3re zapewnia stabilizacj\u0119 \u0142adunk\u00f3w na paletach, jednocze\u015bnie umo\u017cliwiaj\u0105c swobodny przep\u0142yw powietrza. Idealnie sprawdza si\u0119 w bran\u017cy rolniczej, spo\u017cywczej oraz logistycznej, zapewniaj\u0105c optymalne warunki przechowywania i transportu produkt\u00f3w. Najwa\u017cniejsze cechy: Wytrzyma\u0142o\u015b\u0107: Mocna konstrukcja gwarantuje stabilno\u015b\u0107 paletyzowanych produkt\u00f3w. Przepuszczalno\u015b\u0107 powietrza: Zapewnia odpowiedni\u0105 cyrkulacj\u0119, zapobiegaj\u0105c [&hellip;]<\/p>","protected":false},"featured_media":4408,"template":"","meta":{"site-sidebar-layout":"default","site-content-layout":"","ast-site-content-layout":"default","site-content-style":"default","site-sidebar-style":"default","ast-global-header-display":"","ast-banner-title-visibility":"","ast-main-header-display":"","ast-hfb-above-header-display":"","ast-hfb-below-header-display":"","ast-hfb-mobile-header-display":"","site-post-title":"","ast-breadcrumbs-content":"","ast-featured-img":"","footer-sml-layout":"","theme-transparent-header-meta":"default","adv-header-id-meta":"","stick-header-meta":"default","header-above-stick-meta":"","header-main-stick-meta":"","header-below-stick-meta":"","astra-migrate-meta-layouts":"set","ast-page-background-enabled":"default","ast-page-background-meta":{"desktop":{"background-color":"var(--ast-global-color-4)","background-image":"","background-repeat":"repeat","background-position":"center center","background-size":"auto","background-attachment":"scroll","background-type":"","background-media":"","overlay-type":"","overlay-color":"","overlay-opacity":"","overlay-gradient":""},"tablet":{"background-color":"","background-image":"","background-repeat":"repeat","background-position":"center center","background-size":"auto","background-attachment":"scroll","background-type":"","background-media":"","overlay-type":"","overlay-color":"","overlay-opacity":"","overlay-gradient":""},"mobile":{"background-color":"","background-image":"","background-repeat":"repeat","background-position":"center center","background-size":"auto","background-attachment":"scroll","background-type":"","background-media":"","overlay-type":"","overlay-color":"","overlay-opacity":"","overlay-gradient":""}},"ast-content-background-meta":{"desktop":{"background-color":"var(--ast-global-color-5)","background-image":"","background-repeat":"repeat","background-position":"center center","background-size":"auto","background-attachment":"scroll","background-type":"","background-media":"","overlay-type":"","overlay-color":"","overlay-opacity":"","overlay-gradient":""},"tablet":{"background-color":"var(--ast-global-color-5)","background-image":"","background-repeat":"repeat","background-position":"center center","background-size":"auto","background-attachment":"scroll","background-type":"","background-media":"","overlay-type":"","overlay-color":"","overlay-opacity":"","overlay-gradient":""},"mobile":{"background-color":"var(--ast-global-color-5)","background-image":"","background-repeat":"repeat","background-position":"center center","background-size":"auto","background-attachment":"scroll","background-type":"","background-media":"","overlay-type":"","overlay-color":"","overlay-opacity":"","overlay-gradient":""}}},"product_brand":[],"product_cat":[230,172],"product_tag":[],"class_list":{"0":"post-4407","1":"product","2":"type-product","3":"status-publish","4":"has-post-thumbnail","6":"product_cat-siatka-do-paletowania","7":"product_cat-3500m-standard","8":"desktop-align-left","9":"tablet-align-left","10":"mobile-align-left","11":"ast-product-gallery-layout-horizontal","12":"ast-product-tabs-layout-horizontal","14":"first","15":"instock","16":"shipping-taxable","17":"product-type-simple"},"_links":{"self":[{"href":"https:\/\/wimar.net\/uk\/wp-json\/wp\/v2\/product\/4407","targetHints":{"allow":["GET"]}}],"collection":[{"href":"https:\/\/wimar.net\/uk\/wp-json\/wp\/v2\/product"}],"about":[{"href":"https:\/\/wimar.net\/uk\/wp-json\/wp\/v2\/types\/product"}],"version-history":[{"count":3,"href":"https:\/\/wimar.net\/uk\/wp-json\/wp\/v2\/product\/4407\/revisions"}],"predecessor-version":[{"id":7401,"href":"https:\/\/wimar.net\/uk\/wp-json\/wp\/v2\/product\/4407\/revisions\/7401"}],"wp:featuredmedia":[{"embeddable":true,"href":"https:\/\/wimar.net\/uk\/wp-json\/wp\/v2\/media\/4408"}],"wp:attachment":[{"href":"https:\/\/wimar.net\/uk\/wp-json\/wp\/v2\/media?parent=4407"}],"wp:term":[{"taxonomy":"product_brand","embeddable":true,"href":"https:\/\/wimar.net\/uk\/wp-json\/wp\/v2\/product_brand?post=4407"},{"taxonomy":"product_cat","embeddable":true,"href":"https:\/\/wimar.net\/uk\/wp-json\/wp\/v2\/product_cat?post=4407"},{"taxonomy":"product_tag","embeddable":true,"href":"https:\/\/wimar.net\/uk\/wp-json\/wp\/v2\/product_tag?post=4407"}],"curies":[{"name":"wp","href":"https:\/\/api.w.org\/{rel}","templated":true}]}}