{"id":4443,"date":"2025-02-20T12:39:54","date_gmt":"2025-02-20T11:39:54","guid":{"rendered":"https:\/\/wimar.net\/?post_type=product&#038;p=4443"},"modified":"2025-02-20T13:29:01","modified_gmt":"2025-02-20T12:29:01","slug":"%d1%80%d1%83%d0%bb%d0%be%d0%bd-%d1%81%d1%96%d1%82%d1%87%d0%b0%d1%81%d1%82%d0%b8%d0%b9-maglia-grande-premium-plus-123%d1%81%d0%bc%d1%852000%d0%bc-%d0%bd%d0%b0-%d0%b7%d0%b0%d0%bc%d0%be%d0%b2%d0%bb%d0%b5","status":"publish","type":"product","link":"https:\/\/wimar.net\/uk\/product-2\/%d1%80%d1%83%d0%bb%d0%be%d0%bd-%d1%81%d1%96%d1%82%d1%87%d0%b0%d1%81%d1%82%d0%b8%d0%b9-maglia-grande-premium-plus-123%d1%81%d0%bc%d1%852000%d0%bc-%d0%bd%d0%b0-%d0%b7%d0%b0%d0%bc%d0%be%d0%b2%d0%bb%d0%b5\/","title":{"rendered":"\u0421\u0456\u0442\u043a\u0430 \u0434\u043b\u044f \u0442\u044e\u043a\u0456\u0432 \u0441\u043e\u043b\u043e\u043c\u0438 Maglia Grande Premium Plus - \u041d\u0410 \u0417\u0410\u041c\u041e\u0412\u041b\u0415\u041d\u041d\u042f"},"content":{"rendered":"<h3 data-start=\"0\" data-end=\"65\">\u0421\u0456\u0442\u043a\u0430 \u0434\u043b\u044f \u043e\u0431\u043c\u043e\u0442\u0443\u0432\u0430\u043d\u043d\u044f \u0440\u0443\u043b\u043e\u043d\u0456\u0432 Maglia Grande - \u0422\u0406\u041b\u042c\u041a\u0418 \u041f\u0406\u0414 \u0417\u0410\u041c\u041e\u0412\u041b\u0415\u041d\u041d\u042f<\/h3>\n<p data-start=\"58\" data-end=\"381\">\u0421\u0456\u0442\u043a\u0430 \u0434\u043b\u044f \u043e\u0431\u043c\u043e\u0442\u0443\u0432\u0430\u043d\u043d\u044f \u0442\u044e\u043a\u0456\u0432 Maglia Grande \u0454 \u043e\u0434\u043d\u0456\u0454\u044e \u0437 \u043d\u0430\u0439\u043c\u0456\u0446\u043d\u0456\u0448\u0438\u0445 \u0441\u0456\u0442\u043e\u043a \u0434\u043b\u044f \u043e\u0431\u043c\u043e\u0442\u0443\u0432\u0430\u043d\u043d\u044f \u0442\u044e\u043a\u0456\u0432 \u0437\u0430\u0432\u0434\u044f\u043a\u0438 \u0441\u0432\u043e\u0457\u043c \u0448\u0438\u0440\u043e\u043a\u0438\u043c \u0432\u0456\u0447\u043a\u0430\u043c \u0437 25 \u043f\u043e\u0441\u0438\u043b\u0435\u043d\u0438\u043c\u0438 \u043b\u0430\u043d\u0446\u044e\u0433\u0430\u043c\u0438. \u0426\u0435 \u0456\u0434\u0435\u0430\u043b\u044c\u043d\u0435 \u0440\u0456\u0448\u0435\u043d\u043d\u044f \u0434\u043b\u044f \u0431\u0443\u0434\u044c-\u044f\u043a\u043e\u0433\u043e \u0444\u0435\u0440\u043c\u0435\u0440\u0430, \u044f\u043a\u0438\u0439 \u0446\u0456\u043d\u0443\u0454 \u044f\u043a\u0456\u0441\u0442\u044c \u0442\u0430 \u0435\u0444\u0435\u043a\u0442\u0438\u0432\u043d\u0456\u0441\u0442\u044c. \u0417\u0430\u0432\u0434\u044f\u043a\u0438 \u0441\u0432\u043e\u0457\u0439 \u043b\u0435\u0433\u043a\u0456\u0439 \u043a\u043e\u043d\u0441\u0442\u0440\u0443\u043a\u0446\u0456\u0457 \u0441\u0456\u0442\u043a\u0430 \u043d\u0435 \u0442\u0456\u043b\u044c\u043a\u0438 \u0435\u043a\u043e\u043d\u043e\u043c\u0456\u0447\u043d\u0430, \u0430\u043b\u0435 \u0439 \u043d\u0430\u0434\u0437\u0432\u0438\u0447\u0430\u0439\u043d\u043e \u043f\u0440\u043e\u0441\u0442\u0430 \u0443 \u0432\u0438\u043a\u043e\u0440\u0438\u0441\u0442\u0430\u043d\u043d\u0456. \u0412\u043e\u043d\u0430 \u0437\u0430\u0431\u0435\u0437\u043f\u0435\u0447\u0443\u0454 \u043f\u043e\u0432\u043d\u0435, \u0440\u0456\u0432\u043d\u043e\u043c\u0456\u0440\u043d\u0435 \u0442\u0430 \u0432\u0456\u0434\u0442\u0432\u043e\u0440\u044e\u0432\u0430\u043d\u0435 \u043f\u043e\u043a\u0440\u0438\u0442\u0442\u044f \u0440\u0443\u043b\u043e\u043d\u0443, \u043e\u0434\u043d\u043e\u0447\u0430\u0441\u043d\u043e \u0437\u0430\u0431\u0435\u0437\u043f\u0435\u0447\u0443\u044e\u0447\u0438 \u0448\u0432\u0438\u0434\u043a\u0438\u0439 \u043f\u0440\u043e\u0446\u0435\u0441 \u043f\u0440\u0435\u0441\u0443\u0432\u0430\u043d\u043d\u044f. \u0412\u043e\u043d\u0430 \u043f\u0456\u0434\u0445\u043e\u0434\u0438\u0442\u044c \u0434\u043b\u044f \u0432\u0441\u0456\u0445 \u0442\u0438\u043f\u0456\u0432 \u043a\u0443\u043b\u044c\u0442\u0443\u0440 (\u0441\u0456\u043d\u0430\u0436, \u0441\u0456\u043d\u043e, \u0441\u043e\u043b\u043e\u043c\u0430, \u0441\u0442\u0435\u0431\u043b\u0430 \u043a\u0443\u043a\u0443\u0440\u0443\u0434\u0437\u0438, \u043a\u0443\u043a\u0443\u0440\u0443\u0434\u0437\u0430) \u0456 \u043f\u0440\u0430\u0446\u044e\u0454 \u0437\u0430 \u0431\u0443\u0434\u044c-\u044f\u043a\u0438\u0445 \u043f\u043e\u0433\u043e\u0434\u043d\u0438\u0445 \u0443\u043c\u043e\u0432.<\/p>\n<h3 data-start=\"383\" data-end=\"413\"><strong data-start=\"387\" data-end=\"411\">\u041e\u0441\u043d\u043e\u0432\u043d\u0456 \u0445\u0430\u0440\u0430\u043a\u0442\u0435\u0440\u0438\u0441\u0442\u0438\u043a\u0438:<\/strong><\/h3>\n<ul>\n<li><strong data-start=\"362\" data-end=\"375\">\u041d\u0430\u043f\u043e\u043b\u0435\u0433\u043b\u0438\u0432\u0456\u0441\u0442\u044c:<\/strong> \u0412\u0438\u0433\u043e\u0442\u043e\u0432\u043b\u0435\u043d\u0438\u0439 \u0437 \u0432\u0438\u0441\u043e\u043a\u043e\u044f\u043a\u0456\u0441\u043d\u0438\u0445 \u043f\u043e\u043b\u0456\u043f\u0440\u043e\u043f\u0456\u043b\u0435\u043d\u043e\u0432\u0438\u0445 \u0432\u043e\u043b\u043e\u043a\u043e\u043d, \u0441\u0442\u0456\u0439\u043a\u0438\u0445 \u0434\u043e \u0440\u043e\u0437\u0440\u0438\u0432\u0456\u0432 \u0456 \u0430\u0442\u043c\u043e\u0441\u0444\u0435\u0440\u043d\u0438\u0445 \u0432\u043f\u043b\u0438\u0432\u0456\u0432.<\/li>\n<li><strong data-start=\"482\" data-end=\"513\">\u041f\u043e\u0432\u0456\u0442\u0440\u043e\u043f\u0440\u043e\u043d\u0438\u043a\u043d\u0456\u0441\u0442\u044c:<\/strong> \u0412\u0456\u043d \u0437\u0430\u0431\u0435\u0437\u043f\u0435\u0447\u0443\u0454 \u043d\u0430\u043b\u0435\u0436\u043d\u0443 \u0432\u0435\u043d\u0442\u0438\u043b\u044f\u0446\u0456\u044e, \u0437\u0430\u043f\u043e\u0431\u0456\u0433\u0430\u044e\u0447\u0438 \u0432\u0456\u0434\u0441\u0438\u0440\u0456\u0432\u0430\u043d\u043d\u044e \u0441\u0456\u043d\u0430.<\/li>\n<li><strong data-start=\"581\" data-end=\"605\">\u0415\u043a\u043e\u043d\u043e\u043c\u043d\u0435 \u0441\u043f\u043e\u0436\u0438\u0432\u0430\u043d\u043d\u044f:<\/strong> \u041e\u043f\u0442\u0438\u043c\u0456\u0437\u043e\u0432\u0430\u043d\u0430 \u0441\u0442\u0440\u0443\u043a\u0442\u0443\u0440\u0430 \u0441\u0456\u0442\u043a\u0438 \u0456 \u0440\u043e\u0437\u043c\u0456\u0440<span class=\"elementor-icon-list-text\">\u0421\u0438\u0441\u0442\u0435\u043c\u0430 \u043f\u043e\u043f\u0435\u0440\u0435\u0434\u0436\u0435\u043d\u043d\u044f \u043f\u0440\u043e \u043a\u0456\u043d\u0435\u0446\u044c \u0440\u0443\u043b\u043e\u043d\u0443 \u043d\u0430 \u0432\u0456\u0434\u0441\u0442\u0430\u043d\u0456 50 \u043c, \u0449\u043e \u0437\u0430\u043b\u0438\u0448\u0438\u043b\u0438\u0441\u044f, <\/span>\u0434\u043e\u0437\u0432\u043e\u043b\u044f\u0454 \u0440\u0456\u0432\u043d\u043e\u043c\u0456\u0440\u043d\u043e \u0456 \u0441\u0442\u0430\u0431\u0456\u043b\u044c\u043d\u043e \u043e\u0431\u043c\u043e\u0442\u0443\u0432\u0430\u0442\u0438 \u0440\u0443\u043b\u043e\u043d, \u0437\u043c\u0435\u043d\u0448\u0443\u044e\u0447\u0438 \u0432\u0442\u0440\u0430\u0442\u0438 \u043a\u043e\u0440\u043c\u0443.<\/li>\n<li><strong data-start=\"807\" data-end=\"849\">\u0417\u0430\u0445\u0438\u0441\u0442 \u0432\u0456\u0434 \u0437\u043e\u0432\u043d\u0456\u0448\u043d\u0456\u0445 \u0444\u0430\u043a\u0442\u043e\u0440\u0456\u0432:<\/strong> \u0417\u0430\u0445\u0438\u0449\u0430\u0454 \u0441\u0456\u043d\u043e \u0432\u0456\u0434 \u0434\u043e\u0449\u0443, \u0441\u043d\u0456\u0433\u0443 \u0442\u0430 \u0432\u0456\u0442\u0440\u0443, \u043f\u043e\u0434\u043e\u0432\u0436\u0443\u044e\u0447\u0438 \u0442\u0435\u0440\u043c\u0456\u043d \u0439\u043e\u0433\u043e \u0437\u0431\u0435\u0440\u0456\u0433\u0430\u043d\u043d\u044f. \u0423\u0424-\u0441\u0442\u0430\u0431\u0456\u043b\u0456\u0437\u0430\u0446\u0456\u044f<\/li>\n<li><strong>\u0421\u0442\u0456\u0439\u043a\u0456\u0441\u0442\u044c:<\/strong> 290 \u043a\u0433<\/li>\n<li><strong>\u0420\u043e\u0437\u043c\u0456\u0440\u0438:<\/strong> 123 \u0441\u043c \u0445 2000 \u043c (32 \u0440\u0443\u043b\u043e\u043d\u0438 \u043d\u0430 \u043f\u0456\u0434\u0434\u043e\u043d\u0456) \u0430\u0431\u043e 125 \u0441\u043c \u0445 3000 \u043c (28 \u0440\u0443\u043b\u043e\u043d\u0456\u0432 \u043d\u0430 \u043f\u0456\u0434\u0434\u043e\u043d\u0456)<\/li>\n<li><strong>\u0414\u041e\u0421\u0422\u0423\u041f\u041d\u041e \u041b\u0418\u0428\u0415 \u0417\u0410 \u0417\u0410\u041f\u0418\u0422\u041e\u041c<\/strong><\/li>\n<\/ul>\n<h3 data-start=\"890\" data-end=\"913\"><strong data-start=\"894\" data-end=\"911\">\u0417\u0430\u044f\u0432\u043a\u0430:<\/strong><\/h3>\n<ul>\n<li><strong data-start=\"955\" data-end=\"985\">\u041e\u0431\u0433\u043e\u0440\u0442\u0430\u043d\u043d\u044f \u0442\u044e\u043a\u0456\u0432 \u0441\u0456\u043d\u0430 \u0442\u0430 \u0441\u043e\u043b\u043e\u043c\u0438<\/strong> - \u0437\u0430\u0431\u0435\u0437\u043f\u0435\u0447\u0443\u0454 \u0441\u0442\u0430\u0431\u0456\u043b\u044c\u043d\u0456\u0441\u0442\u044c \u0456 \u0437\u0430\u0445\u0438\u0441\u0442 \u043a\u043e\u0440\u043c\u0443 \u043f\u0456\u0434 \u0447\u0430\u0441 \u0437\u0431\u0435\u0440\u0456\u0433\u0430\u043d\u043d\u044f \u0442\u0430 \u0442\u0440\u0430\u043d\u0441\u043f\u043e\u0440\u0442\u0443\u0432\u0430\u043d\u043d\u044f.<\/li>\n<li><strong data-start=\"1067\" data-end=\"1096\">\u041c\u0456\u043d\u0456\u043c\u0456\u0437\u0430\u0446\u0456\u044f \u0432\u0442\u0440\u0430\u0442 \u043a\u043e\u0440\u043c\u0456\u0432<\/strong> - \u0437\u043c\u0435\u043d\u0448\u0443\u0454 \u0440\u043e\u0437\u043a\u0438\u0434\u0430\u043d\u043d\u044f \u0441\u0456\u043d\u0430, \u0449\u043e \u043f\u0440\u0438\u0437\u0432\u043e\u0434\u0438\u0442\u044c \u0434\u043e \u043f\u0456\u0434\u0432\u0438\u0449\u0435\u043d\u043d\u044f \u0435\u0444\u0435\u043a\u0442\u0438\u0432\u043d\u043e\u0441\u0442\u0456 \u0444\u0435\u0440\u043c\u0435\u0440\u0441\u044c\u043a\u043e\u0433\u043e \u0433\u043e\u0441\u043f\u043e\u0434\u0430\u0440\u0441\u0442\u0432\u0430.<\/li>\n<li><strong data-start=\"1194\" data-end=\"1211\">\u0423\u043d\u0456\u0432\u0435\u0440\u0441\u0430\u043b\u044c\u043d\u0456\u0441\u0442\u044c<\/strong> - k<span class=\"elementor-icon-list-text\">\u0421\u0443\u043c\u0456\u0441\u043d\u0456\u0441\u0442\u044c \u0437 \u0443\u0441\u0456\u043c\u0430 \u0440\u0443\u043b\u043e\u043d\u043d\u0438\u043c\u0438 \u043f\u0440\u0435\u0441-\u043f\u0456\u0434\u0431\u0438\u0440\u0430\u0447\u0430\u043c\u0438<\/span><\/li>\n<li><strong data-start=\"1266\" data-end=\"1295\" data-is-only-node=\"\">\u0417\u0430\u0445\u0438\u0441\u0442 \u0432\u0456\u0434 \u0448\u043a\u0456\u0434\u043d\u0438\u043a\u0456\u0432<\/strong> - \u0437\u043c\u0435\u043d\u0448\u0443\u0454 \u0434\u043e\u0441\u0442\u0443\u043f \u0433\u0440\u0438\u0437\u0443\u043d\u0456\u0432 \u0442\u0430 \u043f\u0442\u0430\u0445\u0456\u0432 \u0434\u043e \u043a\u043e\u0440\u043c\u0443.<\/li>\n<\/ul>\n<h3 data-start=\"1344\" data-end=\"1399\"><strong data-start=\"1348\" data-end=\"1397\">\u0427\u043e\u043c\u0443 \u0432\u0430\u0440\u0442\u043e \u043e\u0431\u0440\u0430\u0442\u0438 \u0441\u0456\u0442\u043a\u0443 \u0434\u043b\u044f \u043e\u0431\u0433\u043e\u0440\u0442\u0430\u043d\u043d\u044f \u0442\u044e\u043a\u0456\u0432?<\/strong><\/h3>\n<p data-start=\"1400\" data-end=\"1724\">\u0421\u0456\u0442\u043a\u0430 \u0434\u043b\u044f \u0442\u044e\u043a\u0456\u0432 \u0454 \u043a\u043b\u044e\u0447\u043e\u0432\u0438\u043c \u043a\u043e\u043c\u043f\u043e\u043d\u0435\u043d\u0442\u043e\u043c \u043d\u0430 \u0431\u0443\u0434\u044c-\u044f\u043a\u0456\u0439 \u0444\u0435\u0440\u043c\u0456. \u0412\u043e\u043d\u0430 \u0435\u043a\u043e\u043d\u043e\u043c\u0438\u0442\u044c \u0447\u0430\u0441, \u0437\u043c\u0435\u043d\u0448\u0443\u0454 \u0432\u0442\u0440\u0430\u0442\u0438 \u043a\u043e\u0440\u043c\u0443 \u0442\u0430 \u043f\u043e\u043b\u0435\u0433\u0448\u0443\u0454 \u0437\u0431\u0435\u0440\u0456\u0433\u0430\u043d\u043d\u044f \u0441\u0456\u043d\u0430. \u0417\u0430\u0432\u0434\u044f\u043a\u0438 \u0441\u0432\u043e\u0457\u0439 \u043c\u0456\u0446\u043d\u043e\u0441\u0442\u0456 \u0442\u0430 \u0441\u0442\u0456\u0439\u043a\u043e\u0441\u0442\u0456 \u0434\u043e \u043f\u043e\u0433\u043e\u0434\u043d\u0438\u0445 \u0443\u043c\u043e\u0432 \u0432\u043e\u043d\u0430 \u0433\u0430\u0440\u0430\u043d\u0442\u0443\u0454 \u0442\u0440\u0438\u0432\u0430\u043b\u0438\u0439 \u0437\u0430\u0445\u0438\u0441\u0442 \u043a\u043e\u0440\u043c\u0443, \u0430 \u043b\u0435\u0433\u043a\u0430, \u0430\u043b\u0435 \u043c\u0456\u0446\u043d\u0430 \u0441\u0442\u0440\u0443\u043a\u0442\u0443\u0440\u0430 \u0440\u043e\u0431\u0438\u0442\u044c \u0457\u0457 \u0437\u0440\u0443\u0447\u043d\u043e\u044e \u0443 \u0432\u0438\u043a\u043e\u0440\u0438\u0441\u0442\u0430\u043d\u043d\u0456.<\/p>","protected":false},"excerpt":{"rendered":"<p>Siatka do owijania bel Maglia Grande &#8211; TYLKO NA ZAM\u00d3WIENIE Siatka do owijania bel Maglia Grande to jedna z najmocniejszych siatek do zwijania bel, dzi\u0119ki szerokim oczkom z 25 wzmocnionymi \u0142a\u0144cuchami. Jest idealnym rozwi\u0105zaniem dla ka\u017cdego rolnika, kt\u00f3ry ceni sobie jako\u015b\u0107 i efektywno\u015b\u0107. Dzi\u0119ki swojej lekkiej konstrukcji, siatka jest nie tylko ekonomiczna, ale tak\u017ce niezwykle [&hellip;]<\/p>","protected":false},"featured_media":4450,"template":"","meta":{"site-sidebar-layout":"default","site-content-layout":"","ast-site-content-layout":"default","site-content-style":"default","site-sidebar-style":"default","ast-global-header-display":"","ast-banner-title-visibility":"","ast-main-header-display":"","ast-hfb-above-header-display":"","ast-hfb-below-header-display":"","ast-hfb-mobile-header-display":"","site-post-title":"","ast-breadcrumbs-content":"","ast-featured-img":"","footer-sml-layout":"","theme-transparent-header-meta":"default","adv-header-id-meta":"","stick-header-meta":"default","header-above-stick-meta":"","header-main-stick-meta":"","header-below-stick-meta":"","astra-migrate-meta-layouts":"set","ast-page-background-enabled":"default","ast-page-background-meta":{"desktop":{"background-color":"var(--ast-global-color-4)","background-image":"","background-repeat":"repeat","background-position":"center center","background-size":"auto","background-attachment":"scroll","background-type":"","background-media":"","overlay-type":"","overlay-color":"","overlay-opacity":"","overlay-gradient":""},"tablet":{"background-color":"","background-image":"","background-repeat":"repeat","background-position":"center center","background-size":"auto","background-attachment":"scroll","background-type":"","background-media":"","overlay-type":"","overlay-color":"","overlay-opacity":"","overlay-gradient":""},"mobile":{"background-color":"","background-image":"","background-repeat":"repeat","background-position":"center center","background-size":"auto","background-attachment":"scroll","background-type":"","background-media":"","overlay-type":"","overlay-color":"","overlay-opacity":"","overlay-gradient":""}},"ast-content-background-meta":{"desktop":{"background-color":"var(--ast-global-color-5)","background-image":"","background-repeat":"repeat","background-position":"center center","background-size":"auto","background-attachment":"scroll","background-type":"","background-media":"","overlay-type":"","overlay-color":"","overlay-opacity":"","overlay-gradient":""},"tablet":{"background-color":"var(--ast-global-color-5)","background-image":"","background-repeat":"repeat","background-position":"center center","background-size":"auto","background-attachment":"scroll","background-type":"","background-media":"","overlay-type":"","overlay-color":"","overlay-opacity":"","overlay-gradient":""},"mobile":{"background-color":"var(--ast-global-color-5)","background-image":"","background-repeat":"repeat","background-position":"center center","background-size":"auto","background-attachment":"scroll","background-type":"","background-media":"","overlay-type":"","overlay-color":"","overlay-opacity":"","overlay-gradient":""}}},"product_brand":[],"product_cat":[213],"product_tag":[],"class_list":{"0":"post-4443","1":"product","2":"type-product","3":"status-publish","4":"has-post-thumbnail","6":"product_cat-siatka-rolnicza-do-owijania-bel-siana-i-slomy","7":"desktop-align-left","8":"tablet-align-left","9":"mobile-align-left","10":"ast-product-gallery-layout-horizontal","11":"ast-product-tabs-layout-horizontal","13":"first","14":"instock","15":"shipping-taxable","16":"product-type-simple"},"_links":{"self":[{"href":"https:\/\/wimar.net\/uk\/wp-json\/wp\/v2\/product\/4443","targetHints":{"allow":["GET"]}}],"collection":[{"href":"https:\/\/wimar.net\/uk\/wp-json\/wp\/v2\/product"}],"about":[{"href":"https:\/\/wimar.net\/uk\/wp-json\/wp\/v2\/types\/product"}],"version-history":[{"count":5,"href":"https:\/\/wimar.net\/uk\/wp-json\/wp\/v2\/product\/4443\/revisions"}],"predecessor-version":[{"id":4453,"href":"https:\/\/wimar.net\/uk\/wp-json\/wp\/v2\/product\/4443\/revisions\/4453"}],"wp:featuredmedia":[{"embeddable":true,"href":"https:\/\/wimar.net\/uk\/wp-json\/wp\/v2\/media\/4450"}],"wp:attachment":[{"href":"https:\/\/wimar.net\/uk\/wp-json\/wp\/v2\/media?parent=4443"}],"wp:term":[{"taxonomy":"product_brand","embeddable":true,"href":"https:\/\/wimar.net\/uk\/wp-json\/wp\/v2\/product_brand?post=4443"},{"taxonomy":"product_cat","embeddable":true,"href":"https:\/\/wimar.net\/uk\/wp-json\/wp\/v2\/product_cat?post=4443"},{"taxonomy":"product_tag","embeddable":true,"href":"https:\/\/wimar.net\/uk\/wp-json\/wp\/v2\/product_tag?post=4443"}],"curies":[{"name":"wp","href":"https:\/\/api.w.org\/{rel}","templated":true}]}}