{"id":4462,"date":"2025-02-21T08:57:12","date_gmt":"2025-02-21T07:57:12","guid":{"rendered":"https:\/\/wimar.net\/?post_type=product&#038;p=4462"},"modified":"2025-03-24T08:11:08","modified_gmt":"2025-03-24T07:11:08","slug":"%d0%b1%d1%96%d0%b3-%d0%b1%d0%b5%d0%b3-%d0%b7-%d0%b1%d1%83%d0%bd%d0%ba%d0%b5%d1%80%d0%be%d0%bc-%d1%96-%d0%ba%d0%b8%d1%88%d0%b5%d0%bd%d0%b5%d1%8e-%d0%b4%d0%bb%d1%8f-%d0%b4%d0%be%d0%ba%d1%83%d0%bc%d0%b5","status":"publish","type":"product","link":"https:\/\/wimar.net\/uk\/product-2\/%d0%b1%d1%96%d0%b3-%d0%b1%d0%b5%d0%b3-%d0%b7-%d0%b1%d1%83%d0%bd%d0%ba%d0%b5%d1%80%d0%be%d0%bc-%d1%96-%d0%ba%d0%b8%d1%88%d0%b5%d0%bd%d0%b5%d1%8e-%d0%b4%d0%bb%d1%8f-%d0%b4%d0%be%d0%ba%d1%83%d0%bc%d0%b5\/","title":{"rendered":"\u0411\u0456\u0433-\u0431\u0435\u0433 \u0437 \u0431\u0443\u043d\u043a\u0435\u0440\u043e\u043c \u0456 \u0440\u043e\u0437\u0432\u0430\u043d\u0442\u0430\u0436\u0435\u043d\u043d\u044f\u043c 90x90x90\u0441\u043c, \u043a\u0438\u0448\u0435\u043d\u044f \u0434\u043b\u044f \u0434\u043e\u043a\u0443\u043c\u0435\u043d\u0442\u0456\u0432, 500\u043a\u0433"},"content":{"rendered":"<h3 data-start=\"0\" data-end=\"70\">\u0411\u0456\u0433-\u0431\u0435\u0433 \u0437 \u0431\u0443\u043d\u043a\u0435\u0440\u043e\u043c<\/h3>\n<p data-start=\"72\" data-end=\"464\">\u0411\u0456\u0433-\u0431\u0435\u0433\u0438 - \u0446\u0435 \u043c\u0456\u0446\u043d\u0430 \u0442\u0430 \u0444\u0443\u043d\u043a\u0446\u0456\u043e\u043d\u0430\u043b\u044c\u043d\u0430 \u0443\u043f\u0430\u043a\u043e\u0432\u043a\u0430 \u0434\u043b\u044f \u0442\u0440\u0430\u043d\u0441\u043f\u043e\u0440\u0442\u0443\u0432\u0430\u043d\u043d\u044f \u0442\u0430 \u0437\u0431\u0435\u0440\u0456\u0433\u0430\u043d\u043d\u044f \u0440\u0456\u0437\u043d\u043e\u043c\u0430\u043d\u0456\u0442\u043d\u0438\u0445 \u043c\u0430\u0442\u0435\u0440\u0456\u0430\u043b\u0456\u0432. \u041c\u043e\u0434\u0435\u043b\u044c \u0437 \u0432\u0435\u0440\u0445\u043d\u0456\u043c \u0456 \u043d\u0438\u0436\u043d\u0456\u043c \u0431\u0443\u043d\u043a\u0435\u0440\u043e\u043c \u0434\u043e\u0437\u0432\u043e\u043b\u044f\u0454 \u043b\u0435\u0433\u043a\u043e \u043d\u0430\u043f\u043e\u0432\u043d\u044e\u0432\u0430\u0442\u0438 \u0456 \u043a\u043e\u043d\u0442\u0440\u043e\u043b\u044e\u0432\u0430\u0442\u0438 \u0441\u043f\u043e\u0440\u043e\u0436\u043d\u0435\u043d\u043d\u044f, \u0449\u043e \u0437\u043d\u0430\u0447\u043d\u043e \u0441\u043f\u0440\u043e\u0449\u0443\u0454 \u043b\u043e\u0433\u0456\u0441\u0442\u0438\u0447\u043d\u0456 \u043f\u0440\u043e\u0446\u0435\u0441\u0438. \u0414\u043e\u0434\u0430\u0442\u043a\u043e\u0432\u0430 \u043a\u0438\u0448\u0435\u043d\u044f \u0434\u043b\u044f \u0434\u043e\u043a\u0443\u043c\u0435\u043d\u0442\u0456\u0432 \u043f\u043e\u043b\u0435\u0433\u0448\u0443\u0454 \u0456\u0434\u0435\u043d\u0442\u0438\u0444\u0456\u043a\u0430\u0446\u0456\u044e \u0432\u043c\u0456\u0441\u0442\u0443 \u0442\u0430 \u0437\u0430\u0431\u0435\u0437\u043f\u0435\u0447\u0443\u0454 \u0448\u0432\u0438\u0434\u043a\u0438\u0439 \u0434\u043e\u0441\u0442\u0443\u043f \u0434\u043e \u043d\u0435\u043e\u0431\u0445\u0456\u0434\u043d\u043e\u0457 \u0456\u043d\u0444\u043e\u0440\u043c\u0430\u0446\u0456\u0457.<\/p>\n<h3 data-start=\"466\" data-end=\"496\"><strong data-start=\"470\" data-end=\"494\">\u041e\u0441\u043d\u043e\u0432\u043d\u0456 \u0445\u0430\u0440\u0430\u043a\u0442\u0435\u0440\u0438\u0441\u0442\u0438\u043a\u0438:<\/strong><\/h3>\n<ul>\n<li data-start=\"498\" data-end=\"1212\"><strong data-start=\"500\" data-end=\"523\">\u041c\u0456\u0446\u043d\u0430 \u043a\u043e\u043d\u0441\u0442\u0440\u0443\u043a\u0446\u0456\u044f<\/strong> - \u0412\u0438\u0433\u043e\u0442\u043e\u0432\u043b\u0435\u043d\u0438\u0439 \u0437 \u0432\u0438\u0441\u043e\u043a\u043e\u044f\u043a\u0456\u0441\u043d\u043e\u0433\u043e \u043f\u043e\u043b\u0456\u043f\u0440\u043e\u043f\u0456\u043b\u0435\u043d\u0443, \u0441\u0442\u0456\u0439\u043a\u043e\u0433\u043e \u0434\u043e \u0440\u043e\u0437\u0440\u0438\u0432\u0456\u0432, \u043f\u043e\u0448\u043a\u043e\u0434\u0436\u0435\u043d\u044c \u0442\u0430 \u0423\u0424-\u043f\u0440\u043e\u043c\u0435\u043d\u0456\u0432.<\/li>\n<li data-start=\"498\" data-end=\"1212\"><strong data-start=\"611\" data-end=\"646\">\u041b\u0435\u0433\u043a\u0435 \u043d\u0430\u043f\u043e\u0432\u043d\u0435\u043d\u043d\u044f \u0442\u0430 \u0441\u043f\u043e\u0440\u043e\u0436\u043d\u0435\u043d\u043d\u044f<\/strong> - \u0411\u0443\u043d\u043a\u0435\u0440 \u0443 \u0432\u0435\u0440\u0445\u043d\u0456\u0439 \u0447\u0430\u0441\u0442\u0438\u043d\u0456 \u0456 \u0440\u043e\u0437\u0432\u0430\u043d\u0442\u0430\u0436\u0443\u0432\u0430\u043b\u044c\u043d\u0438\u0439 \u0431\u0443\u043d\u043a\u0435\u0440 \u0432\u043d\u0438\u0437\u0443 \u0433\u0430\u0440\u0430\u043d\u0442\u0443\u044e\u0442\u044c \u0442\u043e\u0447\u043d\u0435 \u0434\u043e\u0437\u0443\u0432\u0430\u043d\u043d\u044f \u043c\u0430\u0442\u0435\u0440\u0456\u0430\u043b\u0456\u0432.<\/li>\n<li data-start=\"498\" data-end=\"1212\"><strong data-start=\"870\" data-end=\"896\">\u0411\u0435\u0437\u043f\u0435\u0447\u043d\u0435 \u0432\u0438\u043a\u043e\u0440\u0438\u0441\u0442\u0430\u043d\u043d\u044f<\/strong> - \u041f\u043e\u0441\u0438\u043b\u0435\u043d\u0456 \u0448\u0432\u0438 \u0442\u0430 4 \u0440\u0443\u0447\u043a\u0438 \u0434\u043e\u0432\u0436\u0438\u043d\u043e\u044e 25 \u0441\u043c \u0434\u043e\u0437\u0432\u043e\u043b\u044f\u044e\u0442\u044c \u043b\u0435\u0433\u043a\u043e \u0442\u0440\u0430\u043d\u0441\u043f\u043e\u0440\u0442\u0443\u0432\u0430\u0442\u0438 \u0439\u043e\u0433\u043e \u0437\u0430 \u0434\u043e\u043f\u043e\u043c\u043e\u0433\u043e\u044e \u043d\u0430\u0432\u0430\u043d\u0442\u0430\u0436\u0443\u0432\u0430\u0447\u0430 \u0430\u0431\u043e \u043a\u0440\u0430\u043d\u0430.<\/li>\n<li data-start=\"498\" data-end=\"1212\"><strong data-start=\"983\" data-end=\"1007\">\u041a\u0438\u0448\u0435\u043d\u044f \u0434\u043b\u044f \u0434\u043e\u043a\u0443\u043c\u0435\u043d\u0442\u0456\u0432<\/strong> - \u041f\u0440\u043e\u0437\u043e\u0440\u0435 \u0432\u0456\u0434\u0434\u0456\u043b\u0435\u043d\u043d\u044f \u0434\u043b\u044f \u0435\u0442\u0438\u043a\u0435\u0442\u043e\u043a \u0442\u0430 \u0456\u043d\u0441\u0442\u0440\u0443\u043a\u0446\u0456\u0439 \u0437\u0430\u0431\u0435\u0437\u043f\u0435\u0447\u0443\u0454 \u043b\u0435\u0433\u043a\u0443 \u0456\u0434\u0435\u043d\u0442\u0438\u0444\u0456\u043a\u0430\u0446\u0456\u044e \u0432\u043c\u0456\u0441\u0442\u0443.<\/li>\n<li data-start=\"498\" data-end=\"1212\"><strong data-start=\"1104\" data-end=\"1128\">\u0411\u0430\u0433\u0430\u0442\u043e\u0440\u0430\u0437\u043e\u0432\u0438\u0439<\/strong> - \u041f\u0440\u0438\u0434\u0430\u0442\u043d\u0438\u0439 \u0434\u043b\u044f \u0431\u0430\u0433\u0430\u0442\u043e\u0440\u0430\u0437\u043e\u0432\u043e\u0433\u043e \u0432\u0438\u043a\u043e\u0440\u0438\u0441\u0442\u0430\u043d\u043d\u044f \u043f\u0440\u0438 \u043f\u0440\u0430\u0432\u0438\u043b\u044c\u043d\u043e\u043c\u0443 \u0432\u0438\u043a\u043e\u0440\u0438\u0441\u0442\u0430\u043d\u043d\u0456 \u0442\u0430 \u0437\u0431\u0435\u0440\u0456\u0433\u0430\u043d\u043d\u0456.<\/li>\n<li data-start=\"498\" data-end=\"1212\"><strong>\u0412\u043d\u0443\u0442\u0440\u0456\u0448\u043d\u0456 \u0440\u043e\u0437\u043c\u0456\u0440\u0438<\/strong> - 90 x 90 x 90 \u0441\u043c<\/li>\n<li data-start=\"498\" data-end=\"1212\"><strong>\u0411\u0443\u043d\u043a\u0435\u0440 \u0434\u043b\u044f \u043f\u0435\u0440\u0435\u043a\u0430\u0447\u0443\u0432\u0430\u043d\u043d\u044f<\/strong> - 35 \u0445 50 \u0441\u043c<\/li>\n<li data-start=\"498\" data-end=\"1212\"><strong>\u0412\u0438\u0432\u0430\u043d\u0442\u0430\u0436\u0443\u0432\u0430\u043b\u044c\u043d\u0438\u0439 \u0431\u0443\u043d\u043a\u0435\u0440<\/strong> - 40 \u0445 50 \u0441\u043c<\/li>\n<li data-start=\"498\" data-end=\"1212\"><strong>\u0412\u0430\u043d\u0442\u0430\u0436\u043e\u043f\u0456\u0434\u0439\u043e\u043c\u043d\u0456\u0441\u0442\u044c<\/strong> - 500 \u043a\u0433<\/li>\n<li><strong>\u0413\u0440\u0430\u043c\u0430\u0442\u0438\u043a\u0430<\/strong> - 160 \u0433\/\u043c2<\/li>\n<\/ul>\n<h3 data-start=\"1214\" data-end=\"1237\"><strong data-start=\"1218\" data-end=\"1235\">\u0417\u0430\u044f\u0432\u043a\u0430:<\/strong><\/h3>\n<ul>\n<li data-start=\"1239\" data-end=\"1666\"><strong data-start=\"1242\" data-end=\"1264\">\u0411\u0443\u0434\u0456\u0432\u0435\u043b\u044c\u043d\u0430 \u0433\u0430\u043b\u0443\u0437\u044c<\/strong> - \u0422\u0440\u0430\u043d\u0441\u043f\u043e\u0440\u0442\u0443\u0432\u0430\u043d\u043d\u044f \u0442\u0430 \u0437\u0431\u0435\u0440\u0456\u0433\u0430\u043d\u043d\u044f \u043f\u0456\u0441\u043a\u0443, \u0433\u0440\u0430\u0432\u0456\u044e, \u0446\u0435\u043c\u0435\u043d\u0442\u0443, \u0449\u0435\u0431\u0435\u043d\u044e.<\/li>\n<li data-start=\"1239\" data-end=\"1666\"><strong data-start=\"1330\" data-end=\"1343\">\u0421\u0456\u043b\u044c\u0441\u044c\u043a\u0435 \u0433\u043e\u0441\u043f\u043e\u0434\u0430\u0440\u0441\u0442\u0432\u043e<\/strong> - \u0417\u0431\u0435\u0440\u0456\u0433\u0430\u043d\u043d\u044f \u0437\u0435\u0440\u043d\u043e\u0432\u0438\u0445, \u0434\u043e\u0431\u0440\u0438\u0432, \u043a\u043e\u0440\u043c\u0456\u0432 \u0442\u0430 \u0456\u043d\u0448\u0438\u0445 \u0441\u0438\u043f\u0443\u0447\u0438\u0445 \u043c\u0430\u0442\u0435\u0440\u0456\u0430\u043b\u0456\u0432.<\/li>\n<li data-start=\"1239\" data-end=\"1666\"><strong data-start=\"1418\" data-end=\"1442\">\u041e\u0431\u0440\u043e\u0431\u043a\u0430 \u0434\u0435\u0440\u0435\u0432\u0438\u043d\u0438<\/strong> - \u0417\u0431\u0435\u0440\u0456\u0433\u0430\u043d\u043d\u044f \u043f\u0435\u043b\u0435\u0442, \u0442\u0438\u0440\u0441\u0438, \u0442\u0440\u0456\u0441\u043a\u0438.<\/li>\n<li data-start=\"1239\" data-end=\"1666\"><strong data-start=\"1500\" data-end=\"1513\">\u041f\u0435\u0440\u0435\u0440\u043e\u0431\u043a\u0430<\/strong> - \u0421\u0435\u0433\u0440\u0435\u0433\u0430\u0446\u0456\u044f \u0442\u0430 \u0442\u0440\u0430\u043d\u0441\u043f\u043e\u0440\u0442\u0443\u0432\u0430\u043d\u043d\u044f \u043f\u0440\u043e\u043c\u0438\u0441\u043b\u043e\u0432\u0438\u0445 \u0432\u0456\u0434\u0445\u043e\u0434\u0456\u0432 \u0456 \u0432\u0442\u043e\u0440\u0438\u043d\u043d\u043e\u0457 \u0441\u0438\u0440\u043e\u0432\u0438\u043d\u0438.<\/li>\n<li data-start=\"1239\" data-end=\"1666\"><strong data-start=\"1590\" data-end=\"1611\">\u0425\u0456\u043c\u0456\u044f \u0442\u0430 \u0444\u0430\u0440\u043c\u0430\u0446\u0456\u044f<\/strong> - \u0417\u0431\u0435\u0440\u0456\u0433\u0430\u043d\u043d\u044f \u0441\u0438\u043f\u0443\u0447\u0438\u0445 \u0456 \u0433\u0440\u0430\u043d\u0443\u043b\u044c\u043e\u0432\u0430\u043d\u0438\u0445 \u0440\u0435\u0447\u043e\u0432\u0438\u043d.<\/li>\n<\/ul>\n<p data-start=\"1668\" data-end=\"1938\" data-is-last-node=\"\" data-is-only-node=\"\"><strong data-start=\"1668\" data-end=\"1719\">\u0427\u043e\u043c\u0443 \u0432\u0430\u0440\u0442\u043e \u043e\u0431\u0438\u0440\u0430\u0442\u0438 \u0411\u0456\u0433-\u0411\u0435\u0433 \u0437 \u0432\u0435\u0440\u0445\u043d\u0456\u043c\/\u043d\u0438\u0436\u043d\u0456\u043c \u0431\u0443\u043d\u043a\u0435\u0440\u043e\u043c?<\/strong><br data-start=\"1719\" data-end=\"1722\" \/>\u0411\u0456\u0433-\u0431\u0435\u0433\u0438 - \u0446\u0435 \u043d\u0430\u0434\u0456\u0439\u043d\u0435 \u0442\u0430 \u0435\u043a\u043e\u043d\u043e\u043c\u0456\u0447\u043d\u0435 \u0440\u0456\u0448\u0435\u043d\u043d\u044f \u0434\u043b\u044f \u0431\u0430\u0433\u0430\u0442\u044c\u043e\u0445 \u0433\u0430\u043b\u0443\u0437\u0435\u0439 \u043f\u0440\u043e\u043c\u0438\u0441\u043b\u043e\u0432\u043e\u0441\u0442\u0456. \u0417\u0430\u0432\u0434\u044f\u043a\u0438 \u0441\u0432\u043e\u0457\u0439 \u043c\u0456\u0446\u043d\u043e\u0441\u0442\u0456, \u0444\u0443\u043d\u043a\u0446\u0456\u043e\u043d\u0430\u043b\u044c\u043d\u043e\u0441\u0442\u0456 \u0442\u0430 \u0432\u0438\u0441\u043e\u043a\u0456\u0439 \u0432\u0430\u043d\u0442\u0430\u0436\u043e\u043f\u0456\u0434\u0439\u043e\u043c\u043d\u043e\u0441\u0442\u0456 \u0432\u043e\u043d\u0438 \u0437\u0430\u0431\u0435\u0437\u043f\u0435\u0447\u0443\u044e\u0442\u044c \u0431\u0435\u0437\u043f\u0435\u0447\u043d\u0435 \u0442\u0430 \u0437\u0440\u0443\u0447\u043d\u0435 \u0437\u0431\u0435\u0440\u0456\u0433\u0430\u043d\u043d\u044f \u0456 \u0442\u0440\u0430\u043d\u0441\u043f\u043e\u0440\u0442\u0443\u0432\u0430\u043d\u043d\u044f \u043d\u0430\u0439\u0440\u0456\u0437\u043d\u043e\u043c\u0430\u043d\u0456\u0442\u043d\u0456\u0448\u0438\u0445 \u043c\u0430\u0442\u0435\u0440\u0456\u0430\u043b\u0456\u0432.<\/p>","protected":false},"excerpt":{"rendered":"<p>Worek Big Bag z lejem Worki Big Bag to wytrzyma\u0142e i funkcjonalne opakowania przeznaczone do transportu i magazynowania r\u00f3\u017cnorodnych materia\u0142\u00f3w. Model z lejem u g\u00f3ry i u do\u0142u umo\u017cliwia \u0142atwe nape\u0142nianie oraz kontrolowane opr\u00f3\u017cnianie, co znacz\u0105co usprawnia procesy logistyczne. Dodatkowa kiesze\u0144 na dokumenty u\u0142atwia identyfikacj\u0119 zawarto\u015bci i zapewnia szybki dost\u0119p do niezb\u0119dnych informacji. Najwa\u017cniejsze cechy: [&hellip;]<\/p>","protected":false},"featured_media":4773,"template":"","meta":{"site-sidebar-layout":"default","site-content-layout":"","ast-site-content-layout":"default","site-content-style":"default","site-sidebar-style":"default","ast-global-header-display":"","ast-banner-title-visibility":"","ast-main-header-display":"","ast-hfb-above-header-display":"","ast-hfb-below-header-display":"","ast-hfb-mobile-header-display":"","site-post-title":"","ast-breadcrumbs-content":"","ast-featured-img":"","footer-sml-layout":"","theme-transparent-header-meta":"default","adv-header-id-meta":"","stick-header-meta":"default","header-above-stick-meta":"","header-main-stick-meta":"","header-below-stick-meta":"","astra-migrate-meta-layouts":"set","ast-page-background-enabled":"default","ast-page-background-meta":{"desktop":{"background-color":"var(--ast-global-color-4)","background-image":"","background-repeat":"repeat","background-position":"center center","background-size":"auto","background-attachment":"scroll","background-type":"","background-media":"","overlay-type":"","overlay-color":"","overlay-opacity":"","overlay-gradient":""},"tablet":{"background-color":"","background-image":"","background-repeat":"repeat","background-position":"center center","background-size":"auto","background-attachment":"scroll","background-type":"","background-media":"","overlay-type":"","overlay-color":"","overlay-opacity":"","overlay-gradient":""},"mobile":{"background-color":"","background-image":"","background-repeat":"repeat","background-position":"center center","background-size":"auto","background-attachment":"scroll","background-type":"","background-media":"","overlay-type":"","overlay-color":"","overlay-opacity":"","overlay-gradient":""}},"ast-content-background-meta":{"desktop":{"background-color":"var(--ast-global-color-5)","background-image":"","background-repeat":"repeat","background-position":"center center","background-size":"auto","background-attachment":"scroll","background-type":"","background-media":"","overlay-type":"","overlay-color":"","overlay-opacity":"","overlay-gradient":""},"tablet":{"background-color":"var(--ast-global-color-5)","background-image":"","background-repeat":"repeat","background-position":"center center","background-size":"auto","background-attachment":"scroll","background-type":"","background-media":"","overlay-type":"","overlay-color":"","overlay-opacity":"","overlay-gradient":""},"mobile":{"background-color":"var(--ast-global-color-5)","background-image":"","background-repeat":"repeat","background-position":"center center","background-size":"auto","background-attachment":"scroll","background-type":"","background-media":"","overlay-type":"","overlay-color":"","overlay-opacity":"","overlay-gradient":""}}},"product_brand":[],"product_cat":[160],"product_tag":[],"class_list":{"0":"post-4462","1":"product","2":"type-product","3":"status-publish","4":"has-post-thumbnail","6":"product_cat-big-bag-z-lejem","7":"desktop-align-left","8":"tablet-align-left","9":"mobile-align-left","10":"ast-product-gallery-layout-horizontal","11":"ast-product-tabs-layout-horizontal","13":"first","14":"instock","15":"shipping-taxable","16":"product-type-simple"},"_links":{"self":[{"href":"https:\/\/wimar.net\/uk\/wp-json\/wp\/v2\/product\/4462","targetHints":{"allow":["GET"]}}],"collection":[{"href":"https:\/\/wimar.net\/uk\/wp-json\/wp\/v2\/product"}],"about":[{"href":"https:\/\/wimar.net\/uk\/wp-json\/wp\/v2\/types\/product"}],"version-history":[{"count":2,"href":"https:\/\/wimar.net\/uk\/wp-json\/wp\/v2\/product\/4462\/revisions"}],"predecessor-version":[{"id":6009,"href":"https:\/\/wimar.net\/uk\/wp-json\/wp\/v2\/product\/4462\/revisions\/6009"}],"wp:featuredmedia":[{"embeddable":true,"href":"https:\/\/wimar.net\/uk\/wp-json\/wp\/v2\/media\/4773"}],"wp:attachment":[{"href":"https:\/\/wimar.net\/uk\/wp-json\/wp\/v2\/media?parent=4462"}],"wp:term":[{"taxonomy":"product_brand","embeddable":true,"href":"https:\/\/wimar.net\/uk\/wp-json\/wp\/v2\/product_brand?post=4462"},{"taxonomy":"product_cat","embeddable":true,"href":"https:\/\/wimar.net\/uk\/wp-json\/wp\/v2\/product_cat?post=4462"},{"taxonomy":"product_tag","embeddable":true,"href":"https:\/\/wimar.net\/uk\/wp-json\/wp\/v2\/product_tag?post=4462"}],"curies":[{"name":"wp","href":"https:\/\/api.w.org\/{rel}","templated":true}]}}