{"id":4490,"date":"2025-02-21T13:43:12","date_gmt":"2025-02-21T12:43:12","guid":{"rendered":"https:\/\/wimar.net\/?post_type=product&#038;p=4490"},"modified":"2025-11-12T14:19:56","modified_gmt":"2025-11-12T13:19:56","slug":"%d0%bc%d1%96%d1%88%d0%be%d0%ba-%d0%bd%d0%b0-%d0%b7%d0%b0%d0%b2%d1%8f%d0%b7%d0%ba%d0%b0%d1%85-27x120%d1%81%d0%bc-%d0%b4%d0%bb%d1%8f-%d1%81%d0%b8%d0%bb%d0%be%d1%81%d0%bd%d0%be%d1%97-%d0%ba%d1%83%d0%bf","status":"publish","type":"product","link":"https:\/\/wimar.net\/uk\/product-2\/%d0%bc%d1%96%d1%88%d0%be%d0%ba-%d0%bd%d0%b0-%d0%b7%d0%b0%d0%b2%d1%8f%d0%b7%d0%ba%d0%b0%d1%85-27x120%d1%81%d0%bc-%d0%b4%d0%bb%d1%8f-%d1%81%d0%b8%d0%bb%d0%be%d1%81%d0%bd%d0%be%d1%97-%d0%ba%d1%83%d0%bf\/","title":{"rendered":"\u041c\u0456\u0448\u043e\u043a \u0437 \u043c\u043e\u0442\u0443\u0437\u043a\u043e\u044e 27\u0445120\u0441\u043c \u0434\u043b\u044f \u043a\u0443\u043f\u0438, \u0441\u0438\u043b\u043e\u0441\u0443, \u043e\u0432\u0435\u0447\u043e\u0457 \u0432\u043e\u0432\u043d\u0438"},"content":{"rendered":"<h3 data-start=\"88\" data-end=\"173\">\u041c\u0456\u0448\u043e\u043a \u0434\u043b\u044f \u0432\u0430\u043d\u0442\u0430\u0436\u0443 \u0437\u0456 \u0448\u043d\u0443\u0440\u043a\u043e\u043c 27\u00d7120 \u0441\u043c<\/h3>\n<p data-start=\"175\" data-end=\"469\">\u041c\u0456\u0448\u043e\u043a \u0437 \u043c\u0456\u0446\u043d\u043e\u0457 \u0442\u043a\u0430\u043d\u0438\u043d\u0438, \u043f\u0440\u0438\u0437\u043d\u0430\u0447\u0435\u043d\u0438\u0439 \u0434\u043b\u044f \u0437\u0430\u0445\u0438\u0441\u0442\u0443 \u0432\u043e\u0440\u043e\u0445\u0443, \u0441\u0438\u043b\u043e\u0441\u0443, \u0444\u043b\u0456\u0441\u0443. \u0417\u0430\u0432\u0434\u044f\u043a\u0438 \u0441\u0432\u043e\u0457\u0439 \u043a\u043e\u043d\u0441\u0442\u0440\u0443\u043a\u0446\u0456\u0457 \u0442\u0430 \u0432\u0438\u0441\u043e\u043a\u043e\u044f\u043a\u0456\u0441\u043d\u043e\u043c\u0443 \u043c\u0430\u0442\u0435\u0440\u0456\u0430\u043b\u0443 \u0437\u0430\u0431\u0435\u0437\u043f\u0435\u0447\u0443\u0454 \u0435\u0444\u0435\u043a\u0442\u0438\u0432\u043d\u0435 \u0437\u0430\u0432\u0430\u043d\u0442\u0430\u0436\u0435\u043d\u043d\u044f, \u0437\u0430\u0445\u0438\u0449\u0430\u044e\u0447\u0438 \u0432\u0456\u0434 \u0432\u0456\u0442\u0440\u0443 \u0442\u0430 \u0456\u043d\u0448\u0438\u0445 \u0437\u043e\u0432\u043d\u0456\u0448\u043d\u0456\u0445 \u0444\u0430\u043a\u0442\u043e\u0440\u0456\u0432. \u041d\u0430\u0439\u043a\u0440\u0430\u0449\u0435 \u0437\u0430\u0432\u0430\u043d\u0442\u0430\u0436\u0435\u043d\u043d\u044f \u0437\u0430\u0445\u0438\u0441\u043d\u043e\u0457 \u0441\u0456\u0442\u043a\u0438 \u0434\u043e\u0441\u044f\u0433\u0430\u0454\u0442\u044c\u0441\u044f \u043f\u0440\u0438 \u0440\u043e\u0437\u043c\u0456\u0449\u0435\u043d\u043d\u0456 \u043c\u0456\u0448\u043a\u0456\u0432 \u0445\u0440\u0435\u0441\u0442-\u043d\u0430\u0432\u0445\u0440\u0435\u0441\u0442 \u043d\u0430 \u0441\u0438\u043b\u043e\u0441\u0456 \u043d\u0430 \u0432\u0456\u0434\u0441\u0442\u0430\u043d\u0456 5 \u043c\u0435\u0442\u0440\u0456\u0432.<\/p>\n<h4 data-start=\"471\" data-end=\"502\"><strong data-start=\"476\" data-end=\"500\">\u041e\u0441\u043d\u043e\u0432\u043d\u0456 \u0445\u0430\u0440\u0430\u043a\u0442\u0435\u0440\u0438\u0441\u0442\u0438\u043a\u0438:<\/strong><\/h4>\n<ul>\n<li data-start=\"504\" data-end=\"1161\"><strong data-start=\"506\" data-end=\"523\">\u0421\u0442\u0456\u0439\u043a\u0456\u0441\u0442\u044c:<\/strong> \u0412\u0438\u0441\u043e\u043a\u0430 \u0433\u0440\u0430\u043c\u0430\u0442\u0438\u0447\u043d\u0430 \u0449\u0456\u043b\u044c\u043d\u0456\u0441\u0442\u044c \u0456 \u043c\u0456\u0446\u043d\u0430 \u0441\u0442\u0440\u0443\u043a\u0442\u0443\u0440\u0430 \u0437\u0430\u0431\u0435\u0437\u043f\u0435\u0447\u0443\u044e\u0442\u044c \u0441\u0442\u0456\u0439\u043a\u0456\u0441\u0442\u044c \u0434\u043e \u043f\u043e\u0448\u043a\u043e\u0434\u0436\u0435\u043d\u044c \u0456 \u0442\u0440\u0438\u0432\u0430\u043b\u0438\u0439 \u0442\u0435\u0440\u043c\u0456\u043d \u0441\u043b\u0443\u0436\u0431\u0438.<\/li>\n<li data-start=\"504\" data-end=\"1161\"><strong data-start=\"827\" data-end=\"860\" data-is-only-node=\"\">\u0423\u043d\u0456\u0432\u0435\u0440\u0441\u0430\u043b\u044c\u043d\u0456\u0441\u0442\u044c \u0437\u0430\u0441\u0442\u043e\u0441\u0443\u0432\u0430\u043d\u043d\u044f:<\/strong> \u0406\u0434\u0435\u0430\u043b\u044c\u043d\u043e \u043f\u0456\u0434\u0445\u043e\u0434\u0438\u0442\u044c \u0434\u043b\u044f \u0444\u0456\u043a\u0441\u0430\u0446\u0456\u0457 \u043f\u043b\u0456\u0432\u043a\u0438 \u0432 \u0441\u0438\u043b\u043e\u0441\u0430\u0445, \u043d\u0430\u043a\u0440\u0438\u0442\u0442\u044f \u0432\u0456\u0434\u0432\u0430\u043b\u0456\u0432 \u0456 \u0437\u0430\u0445\u0438\u0441\u0442\u0443 \u0432\u0456\u0434 \u0430\u0442\u043c\u043e\u0441\u0444\u0435\u0440\u043d\u0438\u0445 \u0432\u043f\u043b\u0438\u0432\u0456\u0432, \u0437\u0430\u0445\u0438\u0441\u0442\u0443 \u0432\u0456\u0434 \u0443\u043b\u044c\u0442\u0440\u0430\u0444\u0456\u043e\u043b\u0435\u0442\u0443.<\/li>\n<li data-start=\"504\" data-end=\"1161\"><strong data-start=\"961\" data-end=\"980\">\u041f\u0440\u043e\u0441\u0442\u043e\u0442\u0430 \u0432\u0438\u043a\u043e\u0440\u0438\u0441\u0442\u0430\u043d\u043d\u044f:<\/strong> \u041e\u0441\u043d\u0430\u0449\u0435\u043d\u0430 \u0448\u043d\u0443\u0440\u043a\u043e\u043c, \u044f\u043a\u0438\u0439 \u0434\u043e\u043f\u043e\u043c\u0430\u0433\u0430\u0454 \u0437\u0430\u043a\u0440\u0438\u0442\u0438 \u0442\u0430 \u0441\u0442\u0430\u0431\u0456\u043b\u0456\u0437\u0443\u0432\u0430\u0442\u0438 \u0441\u0443\u043c\u043a\u0443.<\/li>\n<li data-start=\"504\" data-end=\"1161\"><strong data-start=\"1051\" data-end=\"1086\">\u0411\u0430\u0433\u0430\u0442\u043e\u0440\u0430\u0437\u043e\u0432\u0438\u0439:<\/strong> \u041c\u0456\u0446\u043d\u0438\u0439 \u0456 \u0437\u043d\u043e\u0441\u043e\u0441\u0442\u0456\u0439\u043a\u0438\u0439, \u0449\u043e \u0440\u043e\u0431\u0438\u0442\u044c \u0439\u043e\u0433\u043e \u0435\u043a\u043e\u043d\u043e\u043c\u0456\u0447\u043d\u043e \u0432\u0438\u0433\u0456\u0434\u043d\u0438\u043c \u0440\u0456\u0448\u0435\u043d\u043d\u044f\u043c.<\/li>\n<li data-start=\"504\" data-end=\"1161\"><strong>\u041d\u0435\u043e\u0431\u0445\u0456\u0434\u043d\u043e \u0437\u0430\u043f\u043e\u0432\u043d\u0438\u0442\u0438<\/strong> \u0433\u0440\u0430\u0432\u0456\u0439 \u0430\u0431\u043e \u043f\u0456\u0441\u043e\u043a.<\/li>\n<li data-start=\"504\" data-end=\"1161\"><strong>\u0414\u043e\u0432\u0436\u0438\u043d\u0430:<\/strong> 120 \u0441\u043c<\/li>\n<li data-start=\"504\" data-end=\"1161\"><strong>\u0428\u0438\u0440\u0438\u043d\u0430:<\/strong> 27 \u0441\u043c<\/li>\n<\/ul>\n<h4 data-start=\"1163\" data-end=\"1187\"><strong data-start=\"1168\" data-end=\"1185\">\u0417\u0430\u044f\u0432\u043a\u0430:<\/strong><\/h4>\n<ul>\n<li data-start=\"1189\" data-end=\"1604\"><strong data-start=\"1192\" data-end=\"1228\">\u0417\u0430\u0431\u0435\u0437\u043f\u0435\u0447\u0435\u043d\u043d\u044f \u0431\u0435\u0437\u043f\u0435\u043a\u0438 \u043a\u0443\u043f \u0456 \u0441\u0438\u043b\u043e\u0441\u0443:<\/strong> \u0417\u0430\u0445\u0438\u0449\u0430\u0454 \u043f\u043b\u0456\u0432\u043a\u0438 \u0432\u0456\u0434 \u043f\u0456\u0434\u043d\u044f\u0442\u0442\u044f \u0442\u0430 \u043f\u043e\u0448\u043a\u043e\u0434\u0436\u0435\u043d\u043d\u044f.<\/li>\n<li data-start=\"1189\" data-end=\"1604\"><strong data-start=\"1283\" data-end=\"1315\">\u0421\u0442\u0430\u0431\u0456\u043b\u0456\u0437\u0430\u0446\u0456\u044f:<\/strong> \u0406\u0434\u0435\u0430\u043b\u044c\u043d\u043e \u043f\u0456\u0434\u0445\u043e\u0434\u0438\u0442\u044c \u0434\u043b\u044f \u0437\u0431\u0456\u043b\u044c\u0448\u0435\u043d\u043d\u044f \u0432\u0430\u0433\u0438 \u0442\u0430 \u0437\u0430\u0445\u0438\u0441\u0442\u0443 \u0441\u0456\u043b\u044c\u0441\u044c\u043a\u043e\u0433\u043e\u0441\u043f\u043e\u0434\u0430\u0440\u0441\u044c\u043a\u0438\u0445 \u043f\u043e\u043a\u0440\u0438\u0442\u0442\u0456\u0432.<\/li>\n<\/ul>\n<h4 data-start=\"1606\" data-end=\"1860\">\u0427\u043e\u043c\u0443 \u0432\u0430\u0440\u0442\u043e \u0432\u0438\u0431\u0440\u0430\u0442\u0438 \u043c\u0456\u0448\u043e\u043a \u043d\u0430 \u0437\u0430\u0432'\u044f\u0437\u043a\u0430\u0445?<\/h4>\n<p data-start=\"1606\" data-end=\"1860\" data-is-last-node=\"\" data-is-only-node=\"\">\u0412\u0430\u0433\u043e\u0432\u0438\u0439 \u043c\u0456\u0448\u043e\u043a \u0440\u043e\u0437\u043c\u0456\u0440\u043e\u043c 27\u00d7120 \u0441\u043c - \u0446\u0435 \u043d\u0430\u0434\u0456\u0439\u043d\u0435 \u0440\u0456\u0448\u0435\u043d\u043d\u044f \u0434\u043b\u044f \u0444\u0435\u0440\u043c\u0435\u0440\u0456\u0432 \u0442\u0430 \u0432\u0438\u0440\u043e\u0431\u043d\u0438\u043a\u0456\u0432, \u044f\u043a\u0456 \u0448\u0443\u043a\u0430\u044e\u0442\u044c \u0435\u0444\u0435\u043a\u0442\u0438\u0432\u043d\u0438\u0439 \u0442\u0430 \u0435\u043a\u043e\u043b\u043e\u0433\u0456\u0447\u043d\u0438\u0439 \u0441\u043f\u043e\u0441\u0456\u0431 \u0437\u0430\u0445\u0438\u0441\u0442\u0443 \u0441\u0432\u043e\u0457\u0445 \u043f\u043e\u0441\u0456\u0432\u0456\u0432 \u0442\u0430 \u043a\u043e\u0440\u043c\u0456\u0432. \u0417\u0430\u0432\u0434\u044f\u043a\u0438 \u043c\u0456\u0446\u043d\u0456\u0439 \u043a\u043e\u043d\u0441\u0442\u0440\u0443\u043a\u0446\u0456\u0457 \u0442\u0430 \u043f\u0440\u0430\u043a\u0442\u0438\u0447\u043d\u0438\u043c \u0440\u043e\u0437\u043c\u0456\u0440\u0430\u043c, \u0432\u0456\u043d \u0437\u0430\u0431\u0435\u0437\u043f\u0435\u0447\u0443\u0454 \u043b\u0435\u0433\u043a\u0435 \u0442\u0430 \u0435\u0444\u0435\u043a\u0442\u0438\u0432\u043d\u0435 \u0432\u0438\u043a\u043e\u0440\u0438\u0441\u0442\u0430\u043d\u043d\u044f.<\/p>","protected":false},"excerpt":{"rendered":"<p>Worek obci\u0105\u017ceniowy ze sznurkiem 27&#215;120 cm Worek obci\u0105\u017ceniowy wykonany z wytrzyma\u0142ej tkaniny, przeznaczony do zabezpieczania pryzm, kiszonek, flizu. Dzi\u0119ki swojej konstrukcji oraz wysokiej jako\u015bci materia\u0142owi zapewnia skuteczne doci\u0105\u017cenie, chroni\u0105c przed wiatrem i innymi czynnikami zewn\u0119trznymi. Najlepsze obci\u0105\u017cenie siatki ochronnej\u00a0 uzyskuje si\u0119 przez u\u0142o\u017cenie work\u00f3w w poprzek na silosie w odleg\u0142o\u015bci co 5 metr\u00f3w Najwa\u017cniejsze cechy: [&hellip;]<\/p>","protected":false},"featured_media":7170,"template":"","meta":{"site-sidebar-layout":"default","site-content-layout":"","ast-site-content-layout":"default","site-content-style":"default","site-sidebar-style":"default","ast-global-header-display":"","ast-banner-title-visibility":"","ast-main-header-display":"","ast-hfb-above-header-display":"","ast-hfb-below-header-display":"","ast-hfb-mobile-header-display":"","site-post-title":"","ast-breadcrumbs-content":"","ast-featured-img":"","footer-sml-layout":"","theme-transparent-header-meta":"default","adv-header-id-meta":"","stick-header-meta":"default","header-above-stick-meta":"","header-main-stick-meta":"","header-below-stick-meta":"","astra-migrate-meta-layouts":"set","ast-page-background-enabled":"default","ast-page-background-meta":{"desktop":{"background-color":"var(--ast-global-color-4)","background-image":"","background-repeat":"repeat","background-position":"center center","background-size":"auto","background-attachment":"scroll","background-type":"","background-media":"","overlay-type":"","overlay-color":"","overlay-opacity":"","overlay-gradient":""},"tablet":{"background-color":"","background-image":"","background-repeat":"repeat","background-position":"center center","background-size":"auto","background-attachment":"scroll","background-type":"","background-media":"","overlay-type":"","overlay-color":"","overlay-opacity":"","overlay-gradient":""},"mobile":{"background-color":"","background-image":"","background-repeat":"repeat","background-position":"center center","background-size":"auto","background-attachment":"scroll","background-type":"","background-media":"","overlay-type":"","overlay-color":"","overlay-opacity":"","overlay-gradient":""}},"ast-content-background-meta":{"desktop":{"background-color":"var(--ast-global-color-5)","background-image":"","background-repeat":"repeat","background-position":"center center","background-size":"auto","background-attachment":"scroll","background-type":"","background-media":"","overlay-type":"","overlay-color":"","overlay-opacity":"","overlay-gradient":""},"tablet":{"background-color":"var(--ast-global-color-5)","background-image":"","background-repeat":"repeat","background-position":"center center","background-size":"auto","background-attachment":"scroll","background-type":"","background-media":"","overlay-type":"","overlay-color":"","overlay-opacity":"","overlay-gradient":""},"mobile":{"background-color":"var(--ast-global-color-5)","background-image":"","background-repeat":"repeat","background-position":"center center","background-size":"auto","background-attachment":"scroll","background-type":"","background-media":"","overlay-type":"","overlay-color":"","overlay-opacity":"","overlay-gradient":""}}},"product_brand":[],"product_cat":[216],"product_tag":[],"class_list":{"0":"post-4490","1":"product","2":"type-product","3":"status-publish","4":"has-post-thumbnail","6":"product_cat-worki-obciazeniowe-na-pryzmy-i-fliz-ochronny","7":"desktop-align-left","8":"tablet-align-left","9":"mobile-align-left","10":"ast-product-gallery-layout-horizontal","11":"ast-product-tabs-layout-horizontal","13":"first","14":"instock","15":"shipping-taxable","16":"product-type-simple"},"_links":{"self":[{"href":"https:\/\/wimar.net\/uk\/wp-json\/wp\/v2\/product\/4490","targetHints":{"allow":["GET"]}}],"collection":[{"href":"https:\/\/wimar.net\/uk\/wp-json\/wp\/v2\/product"}],"about":[{"href":"https:\/\/wimar.net\/uk\/wp-json\/wp\/v2\/types\/product"}],"version-history":[{"count":2,"href":"https:\/\/wimar.net\/uk\/wp-json\/wp\/v2\/product\/4490\/revisions"}],"predecessor-version":[{"id":7395,"href":"https:\/\/wimar.net\/uk\/wp-json\/wp\/v2\/product\/4490\/revisions\/7395"}],"wp:featuredmedia":[{"embeddable":true,"href":"https:\/\/wimar.net\/uk\/wp-json\/wp\/v2\/media\/7170"}],"wp:attachment":[{"href":"https:\/\/wimar.net\/uk\/wp-json\/wp\/v2\/media?parent=4490"}],"wp:term":[{"taxonomy":"product_brand","embeddable":true,"href":"https:\/\/wimar.net\/uk\/wp-json\/wp\/v2\/product_brand?post=4490"},{"taxonomy":"product_cat","embeddable":true,"href":"https:\/\/wimar.net\/uk\/wp-json\/wp\/v2\/product_cat?post=4490"},{"taxonomy":"product_tag","embeddable":true,"href":"https:\/\/wimar.net\/uk\/wp-json\/wp\/v2\/product_tag?post=4490"}],"curies":[{"name":"wp","href":"https:\/\/api.w.org\/{rel}","templated":true}]}}