{"id":4504,"date":"2025-02-24T11:28:57","date_gmt":"2025-02-24T10:28:57","guid":{"rendered":"https:\/\/wimar.net\/?post_type=product&#038;p=4504"},"modified":"2025-11-17T11:48:00","modified_gmt":"2025-11-17T10:48:00","slug":"siatka-ochronna-na-pryzmy-silos-10x15m-190g-m2","status":"publish","type":"product","link":"https:\/\/wimar.net\/uk\/product-2\/siatka-ochronna-na-pryzmy-silos-10x15m-190g-m2\/","title":{"rendered":"Siatka ochronna na pryzmy silos 10x15m 190g\/m2"},"content":{"rendered":"<h3 data-start=\"88\" data-end=\"173\">Siatka ochronna na pryzmy \u2013 gramatura 190 g\/m\u00b2<\/h3>\n<p data-start=\"54\" data-end=\"342\">\u0417\u0430\u0445\u0438\u0441\u043d\u0430 \u0441\u0456\u0442\u043a\u0430 \u0434\u043b\u044f \u0432\u0456\u0434\u0432\u0430\u043b\u0456\u0432 - \u0446\u0435 \u043d\u0430\u0434\u0456\u0439\u043d\u0435 \u0442\u0430 \u0444\u0443\u043d\u043a\u0446\u0456\u043e\u043d\u0430\u043b\u044c\u043d\u0435 \u0440\u0456\u0448\u0435\u043d\u043d\u044f, \u044f\u043a\u0435 \u0432\u0438\u043a\u043e\u0440\u0438\u0441\u0442\u043e\u0432\u0443\u0454\u0442\u044c\u0441\u044f \u0432 \u0441\u0456\u043b\u044c\u0441\u044c\u043a\u043e\u043c\u0443 \u0433\u043e\u0441\u043f\u043e\u0434\u0430\u0440\u0441\u0442\u0432\u0456 \u0442\u0430 \u0441\u043a\u043b\u0430\u0434\u0441\u044c\u043a\u043e\u043c\u0443 \u0433\u043e\u0441\u043f\u043e\u0434\u0430\u0440\u0441\u0442\u0432\u0456. \u0412\u0438\u0433\u043e\u0442\u043e\u0432\u043b\u0435\u043d\u0430 \u0437 \u0432\u0438\u0441\u043e\u043a\u043e\u044f\u043a\u0456\u0441\u043d\u043e\u0433\u043e \u043c\u0430\u0442\u0435\u0440\u0456\u0430\u043b\u0443 \u0449\u0456\u043b\u044c\u043d\u0456\u0441\u0442\u044e 240 \u0433\/\u043c\u00b2, \u0432\u043e\u043d\u0430 \u0435\u0444\u0435\u043a\u0442\u0438\u0432\u043d\u043e \u0437\u0430\u0445\u0438\u0449\u0430\u0454 \u0432\u0456\u0434\u0432\u0430\u043b\u0438 \u0432\u0456\u0434 \u0437\u043e\u0432\u043d\u0456\u0448\u043d\u0456\u0445 \u0444\u0430\u043a\u0442\u043e\u0440\u0456\u0432, \u0437\u0430\u0431\u0435\u0437\u043f\u0435\u0447\u0443\u044e\u0447\u0438 \u043f\u0440\u0438 \u0446\u044c\u043e\u043c\u0443 \u043d\u0430\u043b\u0435\u0436\u043d\u0443 \u0432\u0435\u043d\u0442\u0438\u043b\u044f\u0446\u0456\u044e.<\/p>\n<h3 data-start=\"344\" data-end=\"374\"><strong data-start=\"348\" data-end=\"372\">\u041e\u0441\u043d\u043e\u0432\u043d\u0456 \u0445\u0430\u0440\u0430\u043a\u0442\u0435\u0440\u0438\u0441\u0442\u0438\u043a\u0438:<\/strong><\/h3>\n<ul>\n<li data-start=\"375\" data-end=\"1035\"><strong data-start=\"377\" data-end=\"389\">\u0421\u0442\u0430\u043b\u0438\u0439 \u0440\u043e\u0437\u0432\u0438\u0442\u043e\u043a<\/strong> - \u0412\u0438\u0433\u043e\u0442\u043e\u0432\u043b\u0435\u043d\u0430 \u0437 \u0432\u0438\u0441\u043e\u043a\u043e\u044f\u043a\u0456\u0441\u043d\u043e\u0457 \u0441\u0438\u0440\u043e\u0432\u0438\u043d\u0438 100% PE (HDPE). \u041c\u0456\u0446\u043d\u0430 \u0441\u0442\u0440\u0443\u043a\u0442\u0443\u0440\u0430 \u0441\u0456\u0442\u043a\u0438 \u0433\u0430\u0440\u0430\u043d\u0442\u0443\u0454 \u0442\u0440\u0438\u0432\u0430\u043b\u0435 \u0432\u0438\u043a\u043e\u0440\u0438\u0441\u0442\u0430\u043d\u043d\u044f \u0442\u0430 \u0441\u0442\u0456\u0439\u043a\u0456\u0441\u0442\u044c \u0434\u043e \u043f\u043e\u0433\u043e\u0434\u043d\u0438\u0445 \u0443\u043c\u043e\u0432.<\/li>\n<li data-start=\"375\" data-end=\"1035\"><strong data-start=\"492\" data-end=\"503\">\u0417\u0430\u0445\u0438\u0441\u0442<\/strong> - \u0412\u0456\u043d \u0437\u0430\u043f\u043e\u0431\u0456\u0433\u0430\u0454 \u043e\u0441\u0456\u0434\u0430\u043d\u043d\u044e \u043c\u0430\u0442\u0435\u0440\u0456\u0430\u043b\u0456\u0432 \u0456 \u0437\u0430\u0445\u0438\u0449\u0430\u0454 \u043f\u0430\u043b\u0456 \u0432\u0456\u0434 \u0432\u0456\u0442\u0440\u0443, \u043f\u0442\u0430\u0445\u0456\u0432 \u0456 \u043d\u0430\u0434\u043c\u0456\u0440\u043d\u043e\u0433\u043e \u0441\u043e\u043d\u044f\u0447\u043d\u043e\u0433\u043e \u0441\u0432\u0456\u0442\u043b\u0430.<\/li>\n<li data-start=\"375\" data-end=\"1035\"><strong data-start=\"619\" data-end=\"649\">\u041f\u043e\u0432\u0456\u0442\u0440\u043e\u043f\u0440\u043e\u043d\u0438\u043a\u043d\u0456\u0441\u0442\u044c<\/strong> - \u0421\u0456\u0442\u043a\u0430 \u0434\u043e\u0437\u0432\u043e\u043b\u044f\u0454 \u043f\u043e\u0432\u0456\u0442\u0440\u044e \u0446\u0438\u0440\u043a\u0443\u043b\u044e\u0432\u0430\u0442\u0438, \u0449\u043e \u043c\u0456\u043d\u0456\u043c\u0456\u0437\u0443\u0454 \u0440\u0438\u0437\u0438\u043a \u043f\u043e\u044f\u0432\u0438 \u043f\u043b\u0456\u0441\u043d\u044f\u0432\u0438 \u0442\u0430 \u043f\u0435\u0440\u0435\u0433\u0440\u0456\u0432\u0443 \u043c\u0430\u0442\u0435\u0440\u0456\u0430\u043b\u0456\u0432, \u0449\u043e \u0437\u0431\u0435\u0440\u0456\u0433\u0430\u044e\u0442\u044c\u0441\u044f.<\/li>\n<li data-start=\"375\" data-end=\"1035\"><strong data-start=\"777\" data-end=\"804\">\u0415\u043a\u043e\u043b\u043e\u0433\u0456\u0447\u043d\u0435 \u0440\u0456\u0448\u0435\u043d\u043d\u044f<\/strong> - \u0411\u0430\u0433\u0430\u0442\u043e\u0440\u0430\u0437\u043e\u0432\u0456, \u0441\u0442\u0456\u0439\u043a\u0456 \u0434\u043e \u0443\u043b\u044c\u0442\u0440\u0430\u0444\u0456\u043e\u043b\u0435\u0442\u0443 \u0442\u0430 \u0431\u0456\u043e\u043b\u043e\u0433\u0456\u0447\u043d\u043e \u0440\u043e\u0437\u043a\u043b\u0430\u0434\u0430\u044e\u0442\u044c\u0441\u044f \u043a\u043e\u043c\u043f\u043e\u043d\u0435\u043d\u0442\u0438.<\/li>\n<li data-start=\"375\" data-end=\"1035\"><strong data-start=\"908\" data-end=\"942\">\u0413\u043d\u0443\u0447\u043a\u0456\u0441\u0442\u044c \u0456 \u043f\u0440\u043e\u0441\u0442\u043e\u0442\u0430 \u043c\u043e\u043d\u0442\u0430\u0436\u0443<\/strong> - \u041b\u0435\u0433\u043a\u0430, \u0430\u043b\u0435 \u043c\u0456\u0446\u043d\u0430 \u043a\u043e\u043d\u0441\u0442\u0440\u0443\u043a\u0446\u0456\u044f \u0434\u043e\u0437\u0432\u043e\u043b\u044f\u0454 \u0448\u0432\u0438\u0434\u043a\u043e \u0430\u0434\u0430\u043f\u0442\u0443\u0432\u0430\u0442\u0438\u0441\u044f \u0434\u043e \u0440\u0456\u0437\u043d\u0438\u0445 \u043f\u043e\u0432\u0435\u0440\u0445\u043e\u043d\u044c.<\/li>\n<li data-start=\"375\" data-end=\"1035\"><strong>\u041c\u0430\u0442\u0435\u0440\u0456\u0430\u043b<\/strong> - \u043f\u043e\u043b\u0456\u0435\u0442\u0438\u043b\u0435\u043d \u0432\u0438\u0441\u043e\u043a\u043e\u0457 \u0449\u0456\u043b\u044c\u043d\u043e\u0441\u0442\u0456<\/li>\n<li data-start=\"375\" data-end=\"1035\"><strong>\u0428\u0438\u0440\u0438\u043d\u0430<\/strong> - 10m<\/li>\n<li data-start=\"375\" data-end=\"1035\"><strong>\u0414\u043e\u0432\u0436\u0438\u043d\u0430<\/strong> - 15m<\/li>\n<li data-start=\"375\" data-end=\"1035\"><strong>\u0413\u0440\u0430\u043c\u0430\u0442\u0438\u043a\u0430<\/strong> &#8211; 190g\/m2<\/li>\n<\/ul>\n<h3 data-start=\"1037\" data-end=\"1060\"><strong data-start=\"1041\" data-end=\"1058\">\u0417\u0430\u044f\u0432\u043a\u0430:<\/strong><\/h3>\n<ul>\n<li data-start=\"1061\" data-end=\"1432\"><strong data-start=\"1064\" data-end=\"1077\">\u0421\u0456\u043b\u044c\u0441\u044c\u043a\u0435 \u0433\u043e\u0441\u043f\u043e\u0434\u0430\u0440\u0441\u0442\u0432\u043e<\/strong> - \u0417\u0430\u0445\u0438\u0441\u0442 \u0441\u0438\u043b\u043e\u0441\u043d\u0438\u0445 \u044f\u043c, \u0441\u0456\u043d\u0430, \u0441\u043e\u043b\u043e\u043c\u0438 \u0442\u0430 \u043a\u043e\u043c\u043f\u043e\u0441\u0442\u0443 \u0432\u0456\u0434 \u043d\u0435\u0441\u043f\u0440\u0438\u044f\u0442\u043b\u0438\u0432\u0438\u0445 \u043f\u043e\u0433\u043e\u0434\u043d\u0438\u0445 \u0443\u043c\u043e\u0432.<\/li>\n<li data-start=\"1061\" data-end=\"1432\"><strong data-start=\"1183\" data-end=\"1200\">\u0417\u0431\u0435\u0440\u0456\u0433\u0430\u043d\u043d\u044f<\/strong> - \u0417\u0430\u0431\u0435\u0437\u043f\u0435\u0447\u0435\u043d\u043d\u044f \u0431\u0435\u0437\u043f\u0435\u043a\u0438 \u0441\u0438\u043f\u0443\u0447\u0438\u0445 \u043c\u0430\u0442\u0435\u0440\u0456\u0430\u043b\u0456\u0432, \u0442\u0430\u043a\u0438\u0445 \u044f\u043a \u0437\u0435\u0440\u043d\u043e\u0432\u0456, \u0434\u043e\u0431\u0440\u0438\u0432\u0430 \u0430\u0431\u043e \u043a\u043e\u0440\u043c\u0438.<\/li>\n<li data-start=\"1061\" data-end=\"1432\"><strong data-start=\"1279\" data-end=\"1294\">\u0411\u0443\u0434\u0456\u0432\u043d\u0438\u0446\u0442\u0432\u043e<\/strong> - \u0412\u0438\u0441\u0432\u0456\u0442\u043b\u0435\u043d\u043d\u044f \u0431\u0443\u0434\u0456\u0432\u0435\u043b\u044c\u043d\u0438\u0445 \u043c\u0430\u0442\u0435\u0440\u0456\u0430\u043b\u0456\u0432 \u0442\u0430 \u0431\u0443\u0434\u0456\u0432\u0435\u043b\u044c\u043d\u0438\u0445 \u043c\u0430\u0439\u0434\u0430\u043d\u0447\u0438\u043a\u0456\u0432.<\/li>\n<li data-start=\"1061\" data-end=\"1432\"><strong data-start=\"1349\" data-end=\"1367\">\u0417\u0430\u0445\u0438\u0441\u0442 \u0440\u043e\u0441\u043b\u0438\u043d<\/strong> - \u0417\u0430\u0445\u0438\u0441\u0442 \u043f\u043e\u0441\u0456\u0432\u0456\u0432 \u0432\u0456\u0434 \u0448\u043a\u0456\u0434\u043d\u0438\u043a\u0456\u0432 \u0456 \u0437\u0430\u0431\u0440\u0443\u0434\u043d\u044e\u0432\u0430\u0447\u0456\u0432.<\/li>\n<\/ul>\n<h3 data-start=\"1434\" data-end=\"1492\"><strong data-start=\"1438\" data-end=\"1490\">\u0427\u043e\u043c\u0443 \u0432\u0430\u0440\u0442\u043e \u043e\u0431\u0438\u0440\u0430\u0442\u0438 \u0437\u0430\u0445\u0438\u0441\u043d\u0443 \u0441\u0456\u0442\u043a\u0443 \u0434\u043b\u044f \u0432\u0456\u0434\u0432\u0430\u043b\u0456\u0432?<\/strong><\/h3>\n<p data-start=\"1493\" data-end=\"1818\" data-is-last-node=\"\" data-is-only-node=\"\">Siatka o gramaturze 190 g\/m\u00b2 to niezawodne i trwa\u0142e rozwi\u0105zanie dla rolnik\u00f3w i przedsi\u0119biorc\u00f3w. Zapewnia optymaln\u0105 ochron\u0119 przechowywanych materia\u0142\u00f3w, przed\u0142u\u017caj\u0105c ich trwa\u0142o\u015b\u0107 i redukuj\u0105c straty. Dzi\u0119ki swojej wszechstronno\u015bci znajduje zastosowanie w wielu bran\u017cach, a jej wysoka jako\u015b\u0107 pozwala na wielosezonowe u\u017cytkowanie.<\/p>","protected":false},"excerpt":{"rendered":"<p>Siatka ochronna na pryzmy \u2013 gramatura 190 g\/m\u00b2 Siatka ochronna na pryzmy to wytrzyma\u0142e i funkcjonalne rozwi\u0105zanie stosowane w rolnictwie i gospodarce magazynowej. Wykonana z wysokiej jako\u015bci materia\u0142u o gramaturze 240 g\/m\u00b2, skutecznie zabezpiecza pryzmy przed czynnikami zewn\u0119trznymi, jednocze\u015bnie zapewniaj\u0105c odpowiedni\u0105 wentylacj\u0119. Najwa\u017cniejsze cechy: Trwa\u0142o\u015b\u0107 \u2013 Wykonana z najwy\u017cszej jako\u015bci surowc\u00f3w 100% PE (HDPE). Mocna [&hellip;]<\/p>","protected":false},"featured_media":7177,"template":"","meta":{"site-sidebar-layout":"default","site-content-layout":"","ast-site-content-layout":"default","site-content-style":"default","site-sidebar-style":"default","ast-global-header-display":"","ast-banner-title-visibility":"","ast-main-header-display":"","ast-hfb-above-header-display":"","ast-hfb-below-header-display":"","ast-hfb-mobile-header-display":"","site-post-title":"","ast-breadcrumbs-content":"","ast-featured-img":"","footer-sml-layout":"","theme-transparent-header-meta":"default","adv-header-id-meta":"","stick-header-meta":"default","header-above-stick-meta":"","header-main-stick-meta":"","header-below-stick-meta":"","astra-migrate-meta-layouts":"set","ast-page-background-enabled":"default","ast-page-background-meta":{"desktop":{"background-color":"var(--ast-global-color-4)","background-image":"","background-repeat":"repeat","background-position":"center center","background-size":"auto","background-attachment":"scroll","background-type":"","background-media":"","overlay-type":"","overlay-color":"","overlay-opacity":"","overlay-gradient":""},"tablet":{"background-color":"","background-image":"","background-repeat":"repeat","background-position":"center center","background-size":"auto","background-attachment":"scroll","background-type":"","background-media":"","overlay-type":"","overlay-color":"","overlay-opacity":"","overlay-gradient":""},"mobile":{"background-color":"","background-image":"","background-repeat":"repeat","background-position":"center center","background-size":"auto","background-attachment":"scroll","background-type":"","background-media":"","overlay-type":"","overlay-color":"","overlay-opacity":"","overlay-gradient":""}},"ast-content-background-meta":{"desktop":{"background-color":"var(--ast-global-color-5)","background-image":"","background-repeat":"repeat","background-position":"center center","background-size":"auto","background-attachment":"scroll","background-type":"","background-media":"","overlay-type":"","overlay-color":"","overlay-opacity":"","overlay-gradient":""},"tablet":{"background-color":"var(--ast-global-color-5)","background-image":"","background-repeat":"repeat","background-position":"center center","background-size":"auto","background-attachment":"scroll","background-type":"","background-media":"","overlay-type":"","overlay-color":"","overlay-opacity":"","overlay-gradient":""},"mobile":{"background-color":"var(--ast-global-color-5)","background-image":"","background-repeat":"repeat","background-position":"center center","background-size":"auto","background-attachment":"scroll","background-type":"","background-media":"","overlay-type":"","overlay-color":"","overlay-opacity":"","overlay-gradient":""}}},"product_brand":[],"product_cat":[215],"product_tag":[],"class_list":{"0":"post-4504","1":"product","2":"type-product","3":"status-publish","4":"has-post-thumbnail","6":"product_cat-siatka-ochronna-na-pryzmy-i-silosy","7":"desktop-align-left","8":"tablet-align-left","9":"mobile-align-left","10":"ast-product-gallery-layout-horizontal","11":"ast-product-tabs-layout-horizontal","13":"first","14":"instock","15":"shipping-taxable","16":"product-type-simple"},"_links":{"self":[{"href":"https:\/\/wimar.net\/uk\/wp-json\/wp\/v2\/product\/4504","targetHints":{"allow":["GET"]}}],"collection":[{"href":"https:\/\/wimar.net\/uk\/wp-json\/wp\/v2\/product"}],"about":[{"href":"https:\/\/wimar.net\/uk\/wp-json\/wp\/v2\/types\/product"}],"version-history":[{"count":3,"href":"https:\/\/wimar.net\/uk\/wp-json\/wp\/v2\/product\/4504\/revisions"}],"predecessor-version":[{"id":7181,"href":"https:\/\/wimar.net\/uk\/wp-json\/wp\/v2\/product\/4504\/revisions\/7181"}],"wp:featuredmedia":[{"embeddable":true,"href":"https:\/\/wimar.net\/uk\/wp-json\/wp\/v2\/media\/7177"}],"wp:attachment":[{"href":"https:\/\/wimar.net\/uk\/wp-json\/wp\/v2\/media?parent=4504"}],"wp:term":[{"taxonomy":"product_brand","embeddable":true,"href":"https:\/\/wimar.net\/uk\/wp-json\/wp\/v2\/product_brand?post=4504"},{"taxonomy":"product_cat","embeddable":true,"href":"https:\/\/wimar.net\/uk\/wp-json\/wp\/v2\/product_cat?post=4504"},{"taxonomy":"product_tag","embeddable":true,"href":"https:\/\/wimar.net\/uk\/wp-json\/wp\/v2\/product_tag?post=4504"}],"curies":[{"name":"wp","href":"https:\/\/api.w.org\/{rel}","templated":true}]}}