{"id":4515,"date":"2025-02-24T11:54:38","date_gmt":"2025-02-24T10:54:38","guid":{"rendered":"https:\/\/wimar.net\/?post_type=product&#038;p=4515"},"modified":"2025-02-24T12:15:03","modified_gmt":"2025-02-24T11:15:03","slug":"%d1%88%d0%bf%d0%b8%d0%bb%d1%8c%d0%ba%d0%b8-19-%d1%81%d0%bc-%d0%b4%d0%bb%d1%8f-%d0%ba%d1%80%d1%96%d0%bf%d0%bb%d0%b5%d0%bd%d0%bd%d1%8f-%d0%b0%d0%b3%d1%80%d0%be%d1%82%d0%b5%d0%ba%d1%81%d1%82%d0%b8%d0%bb","status":"publish","type":"product","link":"https:\/\/wimar.net\/uk\/product-2\/%d1%88%d0%bf%d0%b8%d0%bb%d1%8c%d0%ba%d0%b8-19-%d1%81%d0%bc-%d0%b4%d0%bb%d1%8f-%d0%ba%d1%80%d1%96%d0%bf%d0%bb%d0%b5%d0%bd%d0%bd%d1%8f-%d0%b0%d0%b3%d1%80%d0%be%d1%82%d0%b5%d0%ba%d1%81%d1%82%d0%b8%d0%bb\/","title":{"rendered":"\u0428\u043f\u0438\u043b\u044c\u043a\u0438 19 \u0441\u043c \u0434\u043b\u044f \u043a\u0440\u0456\u043f\u043b\u0435\u043d\u043d\u044f \u0430\u0433\u0440\u043e\u0442\u0435\u043a\u0441\u0442\u0438\u043b\u044e, \u0430\u0433\u0440\u043e\u0442\u043a\u0430\u043d\u0438\u043d\u0438"},"content":{"rendered":"<h3 data-start=\"92\" data-end=\"145\"><strong data-start=\"92\" data-end=\"143\">\u0428\u043f\u0438\u043b\u044c\u043a\u0438 \u0434\u043b\u044f \u043a\u0440\u0456\u043f\u043b\u0435\u043d\u043d\u044f \u0430\u0433\u0440\u043e\u0442\u0435\u043a\u0441\u0442\u0438\u043b\u044e \u0442\u0430 \u0430\u0433\u0440\u043e\u0442\u0435\u043a\u0441\u0442\u0438\u043b\u044c\u043d\u043e\u0433\u043e \u043f\u043e\u043b\u043e\u0442\u043d\u0430<\/strong><\/h3>\n<p data-start=\"147\" data-end=\"465\">\u0421\u0430\u0434\u043e\u0432\u0456 \u0448\u043f\u0438\u043b\u044c\u043a\u0438 - \u0446\u0435 \u043c\u0456\u0446\u043d\u0456 \u0442\u0430 \u043f\u0440\u0430\u043a\u0442\u0438\u0447\u043d\u0456 \u0430\u043a\u0441\u0435\u0441\u0443\u0430\u0440\u0438, \u044f\u043a\u0456 \u0434\u043e\u0437\u0432\u043e\u043b\u044f\u044e\u0442\u044c \u043d\u0430\u0434\u0456\u0439\u043d\u043e \u0437\u0430\u043a\u0440\u0456\u043f\u0438\u0442\u0438 \u0430\u0433\u0440\u043e\u0442\u043a\u0430\u043d\u0438\u043d\u0443, \u0430\u0433\u0440\u043e\u0442\u0435\u043a\u0441\u0442\u0438\u043b\u044c \u0442\u0430 \u0456\u043d\u0448\u0456 \u0437\u0430\u0445\u0438\u0441\u043d\u0456 \u043c\u0430\u0442\u0435\u0440\u0456\u0430\u043b\u0438 \u043d\u0430 \u0437\u0435\u043c\u043b\u0456. \u0417\u0430\u0432\u0434\u044f\u043a\u0438 \u0457\u043c \u0442\u043a\u0430\u043d\u0438\u043d\u0438 \u0437\u0430\u043b\u0438\u0448\u0430\u044e\u0442\u044c\u0441\u044f \u043d\u0430 \u043c\u0456\u0441\u0446\u0456 \u043d\u0430\u0432\u0456\u0442\u044c \u0443 \u0441\u043a\u043b\u0430\u0434\u043d\u0438\u0445 \u043f\u043e\u0433\u043e\u0434\u043d\u0438\u0445 \u0443\u043c\u043e\u0432\u0430\u0445, \u0437\u0430\u043f\u043e\u0431\u0456\u0433\u0430\u044e\u0447\u0438 \u0437\u0434\u0443\u0432\u0430\u043d\u043d\u044e \u0442\u0430 \u0437\u0441\u0443\u0432\u0443 \u0432\u0456\u0442\u0440\u043e\u043c.<\/p>\n<h3 data-start=\"467\" data-end=\"493\"><strong data-start=\"467\" data-end=\"491\">\u041e\u0441\u043d\u043e\u0432\u043d\u0456 \u0445\u0430\u0440\u0430\u043a\u0442\u0435\u0440\u0438\u0441\u0442\u0438\u043a\u0438:<\/strong><\/h3>\n<ul data-start=\"495\" data-end=\"1062\">\n<li data-start=\"495\" data-end=\"590\"><strong data-start=\"497\" data-end=\"514\">\u0421\u0442\u0456\u0439\u043a\u0456\u0441\u0442\u044c:<\/strong> \u0412\u0438\u0433\u043e\u0442\u043e\u0432\u043b\u0435\u043d\u0438\u0439 \u0437 \u043c\u0456\u0446\u043d\u043e\u0433\u043e \u043f\u043e\u043b\u0456\u043f\u0440\u043e\u043f\u0456\u043b\u0435\u043d\u0443, \u0441\u0442\u0456\u0439\u043a\u043e\u0433\u043e \u0434\u043e \u043f\u043e\u0448\u043a\u043e\u0434\u0436\u0435\u043d\u044c \u0456 \u043a\u043e\u0440\u043e\u0437\u0456\u0457.<\/li>\n<li data-start=\"591\" data-end=\"705\"><strong data-start=\"593\" data-end=\"608\">\u0421\u0442\u0430\u0431\u0456\u043b\u044c\u043d\u0456\u0441\u0442\u044c:<\/strong> \u0413\u043e\u0441\u0442\u0440\u0438\u0439 \u043d\u0430\u043a\u043e\u043d\u0435\u0447\u043d\u0438\u043a \u0434\u043e\u0437\u0432\u043e\u043b\u044f\u0454 \u043b\u0435\u0433\u043a\u043e \u0432\u0445\u043e\u0434\u0438\u0442\u0438 \u0432 \u0437\u0435\u043c\u043b\u044e, \u0430 \u0448\u0438\u0440\u043e\u043a\u0430 \u0433\u043e\u043b\u043e\u0432\u043a\u0430 \u0437\u0430\u0431\u0435\u0437\u043f\u0435\u0447\u0443\u0454 \u043a\u0440\u0430\u0449\u0435 \u0437\u0447\u0435\u043f\u043b\u0435\u043d\u043d\u044f \u0437 \u0442\u043a\u0430\u043d\u0438\u043d\u043e\u044e.<\/li>\n<li data-start=\"706\" data-end=\"823\"><strong data-start=\"708\" data-end=\"726\">\u0423\u043d\u0456\u0432\u0435\u0440\u0441\u0430\u043b\u044c\u043d\u0456\u0441\u0442\u044c:<\/strong> \u041f\u0456\u0434\u0445\u043e\u0434\u0438\u0442\u044c \u0434\u043b\u044f \u043a\u0440\u0456\u043f\u043b\u0435\u043d\u043d\u044f \u0430\u0433\u0440\u043e\u0442\u0435\u043a\u0441\u0442\u0438\u043b\u044e, \u0430\u0433\u0440\u043e\u0442\u0435\u043a\u0441\u0442\u0438\u043b\u044c\u043d\u043e\u0457 \u0442\u043a\u0430\u043d\u0438\u043d\u0438.<\/li>\n<li data-start=\"824\" data-end=\"943\"><strong data-start=\"826\" data-end=\"865\">\u0421\u0442\u0456\u0439\u043a\u0456\u0441\u0442\u044c \u0434\u043e \u043f\u043e\u0433\u043e\u0434\u043d\u0438\u0445 \u0443\u043c\u043e\u0432:<\/strong> \u041d\u0435\u0437\u043c\u0456\u043d\u043d\u0430 \u0444\u0443\u043d\u043a\u0446\u0456\u043e\u043d\u0430\u043b\u044c\u043d\u0456\u0441\u0442\u044c \u043d\u0435\u0437\u0430\u043b\u0435\u0436\u043d\u043e \u0432\u0456\u0434 \u0434\u043e\u0449\u0443, \u043c\u043e\u0440\u043e\u0437\u0443 \u0447\u0438 \u0441\u0438\u043b\u044c\u043d\u043e\u0433\u043e \u0441\u043e\u043d\u0446\u044f.<\/li>\n<li data-start=\"944\" data-end=\"1062\"><strong data-start=\"946\" data-end=\"971\">\u0411\u0430\u0433\u0430\u0442\u043e\u0440\u0430\u0437\u043e\u0432\u0438\u0439:<\/strong> \u041f\u0440\u0438\u0434\u0430\u0442\u043d\u0438\u0439 \u0434\u043b\u044f \u0431\u0430\u0433\u0430\u0442\u043e\u0440\u0430\u0437\u043e\u0432\u043e\u0433\u043e \u0432\u0438\u043a\u043e\u0440\u0438\u0441\u0442\u0430\u043d\u043d\u044f, \u0449\u043e \u0440\u043e\u0431\u0438\u0442\u044c \u0439\u043e\u0433\u043e \u0435\u043a\u043e\u043d\u043e\u043c\u0456\u0447\u043d\u0438\u043c \u0442\u0430 \u0435\u043a\u043e\u043b\u043e\u0433\u0456\u0447\u043d\u043e \u0447\u0438\u0441\u0442\u0438\u043c \u0440\u0456\u0448\u0435\u043d\u043d\u044f\u043c.<\/li>\n<li data-start=\"944\" data-end=\"1062\"><strong>\u0414\u043e\u0432\u0436\u0438\u043d\u0430:<\/strong> 190 \u043c\u043c<\/li>\n<li data-start=\"944\" data-end=\"1062\"><strong>\u041f\u0430\u043a\u0443\u0432\u0430\u043d\u043d\u044f:<\/strong> 100 \u0448\u0442\u0443\u043a<\/li>\n<\/ul>\n<h3 data-start=\"1064\" data-end=\"1083\"><strong data-start=\"1064\" data-end=\"1081\">\u0417\u0430\u044f\u0432\u043a\u0430:<\/strong><\/h3>\n<ul data-start=\"1085\" data-end=\"1478\">\n<li data-start=\"1085\" data-end=\"1203\"><strong>\u0424\u0456\u043a\u0441\u0430\u0446\u0456\u044f \u0430\u0433\u0440\u043e\u0442\u0435\u043a\u0441\u0442\u0438\u043b\u044e \u0442\u0430 \u0430\u0433\u0440\u043e\u0442\u043a\u0430\u043d\u0438\u0445 \u043c\u0430\u0442\u0435\u0440\u0456\u0430\u043b\u0456\u0432 <\/strong>- \u0437\u0430\u043f\u043e\u0431\u0456\u0433\u0430\u0454 \u0437\u0441\u0443\u0432\u0443 \u0442\u043a\u0430\u043d\u0438\u043d\u0438 \u0442\u0430 \u0437\u0430\u0431\u0435\u0437\u043f\u0435\u0447\u0443\u0454 \u0435\u0444\u0435\u043a\u0442\u0438\u0432\u043d\u0438\u0439 \u0437\u0430\u0445\u0438\u0441\u0442 \u0440\u043e\u0441\u043b\u0438\u043d.<\/li>\n<li data-start=\"1204\" data-end=\"1289\"><strong>\u0421\u0442\u0430\u0431\u0456\u043b\u0456\u0437\u0430\u0446\u0456\u044f \u0442\u0456\u043d\u044c\u043e\u0432\u0438\u0445 \u0441\u0456\u0442\u043e\u043a \u0456 \u043f\u043b\u0456\u0432\u043e\u043a<\/strong> - \u043f\u043e\u043b\u0435\u0433\u0448\u0443\u0454 \u0457\u0445 \u0443\u0442\u0440\u0438\u043c\u0430\u043d\u043d\u044f \u043d\u0430 \u043c\u0456\u0441\u0446\u0456.<\/li>\n<li data-start=\"1290\" data-end=\"1380\"><strong>\u041e\u0431\u0441\u043b\u0443\u0433\u043e\u0432\u0443\u0432\u0430\u043d\u043d\u044f \u043c\u0443\u043b\u044c\u0447\u0443\u044e\u0447\u0438\u0445 \u043c\u0430\u0442\u0456\u0432<\/strong> - \u0435\u0444\u0435\u043a\u0442\u0438\u0432\u043d\u043e \u0437\u0430\u0445\u0438\u0449\u0430\u0454 \u0432\u0456\u0434 \u0431\u0443\u0440'\u044f\u043d\u0456\u0432 \u0442\u0430 \u0435\u0440\u043e\u0437\u0456\u0457 \u0491\u0440\u0443\u043d\u0442\u0443.<\/li>\n<li data-start=\"1381\" data-end=\"1478\"><strong>\u0417\u0430\u043a\u0440\u0456\u043f\u043b\u0435\u043d\u043d\u044f \u0434\u0435\u043a\u043e\u0440\u0430\u0442\u0438\u0432\u043d\u0438\u0445 \u0435\u043b\u0435\u043c\u0435\u043d\u0442\u0456\u0432 \u0432 \u0441\u0430\u0434\u0443<\/strong> - \u043d\u0430\u043f\u0440\u0438\u043a\u043b\u0430\u0434, \u043b\u0435\u0433\u043a\u0456 \u043e\u0433\u043e\u0440\u043e\u0436\u0456 \u0430\u0431\u043e \u0434\u0435\u043a\u043e\u0440\u0430\u0442\u0438\u0432\u043d\u0456 \u0431\u043e\u0440\u0434\u044e\u0440\u0438.<\/li>\n<\/ul>\n<p data-start=\"1480\" data-end=\"1933\"><strong data-start=\"1480\" data-end=\"1531\">\u0427\u043e\u043c\u0443 \u0432\u0430\u0440\u0442\u043e \u043e\u0431\u0438\u0440\u0430\u0442\u0438 \u043d\u0430\u0448\u0456 \u0441\u0430\u0434\u043e\u0432\u0456 \u0448\u043f\u0438\u043b\u044c\u043a\u0438?<\/strong><br data-start=\"1531\" data-end=\"1534\" \/>\u0428\u043f\u0438\u043b\u044c\u043a\u0438 \u0434\u043b\u044f \u043a\u0440\u0456\u043f\u043b\u0435\u043d\u043d\u044f \u0430\u0433\u0440\u043e\u0432\u043e\u043b\u043e\u043a\u043d\u0430 \u0442\u0430 \u0430\u0433\u0440\u043e\u0442\u043a\u0430\u043d\u0438\u043d\u0438 - \u043d\u0435\u0437\u0430\u043c\u0456\u043d\u043d\u0438\u0439 \u0456\u043d\u0441\u0442\u0440\u0443\u043c\u0435\u043d\u0442 \u0443 \u043a\u043e\u0436\u043d\u043e\u043c\u0443 \u0441\u0430\u0434\u0443. \u041c\u0456\u0446\u043d\u0456\u0441\u0442\u044c, \u0441\u0442\u0456\u0439\u043a\u0456\u0441\u0442\u044c \u0434\u043e \u043f\u043e\u0433\u043e\u0434\u043d\u0438\u0445 \u0443\u043c\u043e\u0432 \u0456 \u043f\u0440\u043e\u0441\u0442\u043e\u0442\u0430 \u0432\u0438\u043a\u043e\u0440\u0438\u0441\u0442\u0430\u043d\u043d\u044f \u0440\u043e\u0431\u043b\u044f\u0442\u044c \u0457\u0445 \u0456\u0434\u0435\u0430\u043b\u044c\u043d\u0438\u043c\u0438 \u044f\u043a \u0434\u043b\u044f \u0441\u0430\u0434\u0456\u0432\u043d\u0438\u043a\u0456\u0432-\u043b\u044e\u0431\u0438\u0442\u0435\u043b\u0456\u0432, \u0442\u0430\u043a \u0456 \u0434\u043b\u044f \u043f\u0440\u043e\u0444\u0435\u0441\u0456\u0439\u043d\u0438\u0445 \u0441\u0430\u0434\u0456\u0432\u043d\u0438\u043a\u0456\u0432. \u0412\u043e\u043d\u0438 \u0443\u0442\u0440\u0438\u043c\u0443\u044e\u0442\u044c \u0437\u0430\u0445\u0438\u0441\u043d\u0456 \u0442\u043a\u0430\u043d\u0438\u043d\u0438 \u043d\u0430 \u043c\u0456\u0441\u0446\u0456 \u043f\u0440\u043e\u0442\u044f\u0433\u043e\u043c \u0442\u0440\u0438\u0432\u0430\u043b\u043e\u0433\u043e \u0447\u0430\u0441\u0443, \u0437\u0430\u0431\u0435\u0437\u043f\u0435\u0447\u0443\u044e\u0447\u0438 \u0435\u0444\u0435\u043a\u0442\u0438\u0432\u043d\u0438\u0439 \u0437\u0430\u0445\u0438\u0441\u0442 \u0440\u043e\u0441\u043b\u0438\u043d \u0456 \u0437\u043c\u0435\u043d\u0448\u0443\u044e\u0447\u0438 \u0440\u0456\u0441\u0442 \u0431\u0443\u0440'\u044f\u043d\u0456\u0432.<\/p>","protected":false},"excerpt":{"rendered":"<p>Szpilki do mocowania agrow\u0142\u00f3kniny i agrotkaniny Szpilki ogrodnicze to solidne i praktyczne akcesoria, kt\u00f3re umo\u017cliwiaj\u0105 stabilne przymocowanie agrow\u0142\u00f3kniny, agrotkaniny oraz innych materia\u0142\u00f3w ochronnych do pod\u0142o\u017ca. Dzi\u0119ki nim tkaniny pozostaj\u0105 na swoim miejscu nawet w trudnych warunkach atmosferycznych, zapobiegaj\u0105c podwiewaniu przez wiatr i przemieszczaniu si\u0119. Najwa\u017cniejsze cechy: Wytrzyma\u0142o\u015b\u0107: Wykonane z mocnego tworzywa pp, odporne na uszkodzenia [&hellip;]<\/p>","protected":false},"featured_media":4518,"template":"","meta":{"site-sidebar-layout":"default","site-content-layout":"","ast-site-content-layout":"default","site-content-style":"default","site-sidebar-style":"default","ast-global-header-display":"","ast-banner-title-visibility":"","ast-main-header-display":"","ast-hfb-above-header-display":"","ast-hfb-below-header-display":"","ast-hfb-mobile-header-display":"","site-post-title":"","ast-breadcrumbs-content":"","ast-featured-img":"","footer-sml-layout":"","theme-transparent-header-meta":"default","adv-header-id-meta":"","stick-header-meta":"default","header-above-stick-meta":"","header-main-stick-meta":"","header-below-stick-meta":"","astra-migrate-meta-layouts":"set","ast-page-background-enabled":"default","ast-page-background-meta":{"desktop":{"background-color":"var(--ast-global-color-4)","background-image":"","background-repeat":"repeat","background-position":"center center","background-size":"auto","background-attachment":"scroll","background-type":"","background-media":"","overlay-type":"","overlay-color":"","overlay-opacity":"","overlay-gradient":""},"tablet":{"background-color":"","background-image":"","background-repeat":"repeat","background-position":"center center","background-size":"auto","background-attachment":"scroll","background-type":"","background-media":"","overlay-type":"","overlay-color":"","overlay-opacity":"","overlay-gradient":""},"mobile":{"background-color":"","background-image":"","background-repeat":"repeat","background-position":"center center","background-size":"auto","background-attachment":"scroll","background-type":"","background-media":"","overlay-type":"","overlay-color":"","overlay-opacity":"","overlay-gradient":""}},"ast-content-background-meta":{"desktop":{"background-color":"var(--ast-global-color-5)","background-image":"","background-repeat":"repeat","background-position":"center center","background-size":"auto","background-attachment":"scroll","background-type":"","background-media":"","overlay-type":"","overlay-color":"","overlay-opacity":"","overlay-gradient":""},"tablet":{"background-color":"var(--ast-global-color-5)","background-image":"","background-repeat":"repeat","background-position":"center center","background-size":"auto","background-attachment":"scroll","background-type":"","background-media":"","overlay-type":"","overlay-color":"","overlay-opacity":"","overlay-gradient":""},"mobile":{"background-color":"var(--ast-global-color-5)","background-image":"","background-repeat":"repeat","background-position":"center center","background-size":"auto","background-attachment":"scroll","background-type":"","background-media":"","overlay-type":"","overlay-color":"","overlay-opacity":"","overlay-gradient":""}}},"product_brand":[],"product_cat":[244],"product_tag":[],"class_list":{"0":"post-4515","1":"product","2":"type-product","3":"status-publish","4":"has-post-thumbnail","6":"product_cat-kotwice-i-szpilki-do-mocowania","7":"desktop-align-left","8":"tablet-align-left","9":"mobile-align-left","10":"ast-product-gallery-layout-horizontal","11":"ast-product-tabs-layout-horizontal","13":"first","14":"instock","15":"shipping-taxable","16":"product-type-simple"},"_links":{"self":[{"href":"https:\/\/wimar.net\/uk\/wp-json\/wp\/v2\/product\/4515","targetHints":{"allow":["GET"]}}],"collection":[{"href":"https:\/\/wimar.net\/uk\/wp-json\/wp\/v2\/product"}],"about":[{"href":"https:\/\/wimar.net\/uk\/wp-json\/wp\/v2\/types\/product"}],"version-history":[{"count":1,"href":"https:\/\/wimar.net\/uk\/wp-json\/wp\/v2\/product\/4515\/revisions"}],"predecessor-version":[{"id":4520,"href":"https:\/\/wimar.net\/uk\/wp-json\/wp\/v2\/product\/4515\/revisions\/4520"}],"wp:featuredmedia":[{"embeddable":true,"href":"https:\/\/wimar.net\/uk\/wp-json\/wp\/v2\/media\/4518"}],"wp:attachment":[{"href":"https:\/\/wimar.net\/uk\/wp-json\/wp\/v2\/media?parent=4515"}],"wp:term":[{"taxonomy":"product_brand","embeddable":true,"href":"https:\/\/wimar.net\/uk\/wp-json\/wp\/v2\/product_brand?post=4515"},{"taxonomy":"product_cat","embeddable":true,"href":"https:\/\/wimar.net\/uk\/wp-json\/wp\/v2\/product_cat?post=4515"},{"taxonomy":"product_tag","embeddable":true,"href":"https:\/\/wimar.net\/uk\/wp-json\/wp\/v2\/product_tag?post=4515"}],"curies":[{"name":"wp","href":"https:\/\/api.w.org\/{rel}","templated":true}]}}