{"id":4521,"date":"2025-02-24T12:18:32","date_gmt":"2025-02-24T11:18:32","guid":{"rendered":"https:\/\/wimar.net\/?post_type=product&#038;p=4521"},"modified":"2025-02-24T12:57:22","modified_gmt":"2025-02-24T11:57:22","slug":"%d0%b0%d0%b3%d1%80%d0%be%d0%b1%d0%bb%d0%be%d0%ba-%d0%b1%d1%96%d0%bb%d0%b8%d0%b9-16%d1%85100%d0%bc-%d1%80%d1%83%d0%bb%d0%be%d0%bd-17%d0%b3-%d0%bc2","status":"publish","type":"product","link":"https:\/\/wimar.net\/uk\/product-2\/%d0%b0%d0%b3%d1%80%d0%be%d0%b1%d0%bb%d0%be%d0%ba-%d0%b1%d1%96%d0%bb%d0%b8%d0%b9-16%d1%85100%d0%bc-%d1%80%d1%83%d0%bb%d0%be%d0%bd-17%d0%b3-%d0%bc2\/","title":{"rendered":"\u0424\u043b\u0456\u0441 \u0410\u0433\u0440\u043e \u0431\u0456\u043b\u0438\u0439 1,6\u0445100\u043c \u0440\u0443\u043b\u043e\u043d 17\u0433\/\u043c2"},"content":{"rendered":"<h3 data-start=\"0\" data-end=\"55\"><strong data-start=\"0\" data-end=\"53\">\u041d\u0435\u0442\u043a\u0430\u043d\u0438\u0439 \u043f\u043e\u043b\u0456\u043f\u0440\u043e\u043f\u0456\u043b\u0435\u043d, 17 \u0433\/\u043c\u00b2 - \u0440\u0443\u043b\u043e\u043d<\/strong><\/h3>\n<p data-start=\"57\" data-end=\"355\">\u0410\u0433\u0440\u043e\u0444\u043b\u0456\u0441 - \u0446\u0435 \u043b\u0435\u0433\u043a\u0430 \u0442\u0430 \u043c\u0456\u0446\u043d\u0430 \u043f\u043e\u043b\u0456\u043f\u0440\u043e\u043f\u0456\u043b\u0435\u043d\u043e\u0432\u0430 \u0442\u043a\u0430\u043d\u0438\u043d\u0430, \u0449\u043e \u0437\u0430\u0431\u0435\u0437\u043f\u0435\u0447\u0443\u0454 \u0435\u0444\u0435\u043a\u0442\u0438\u0432\u043d\u0438\u0439 \u0437\u0430\u0445\u0438\u0441\u0442 \u0440\u043e\u0441\u043b\u0438\u043d \u0432\u0456\u0434 \u043d\u0435\u0441\u043f\u0440\u0438\u044f\u0442\u043b\u0438\u0432\u0438\u0445 \u043f\u043e\u0433\u043e\u0434\u043d\u0438\u0445 \u0443\u043c\u043e\u0432. \u0412\u0438\u0441\u043e\u043a\u0430 \u043f\u043e\u0432\u0456\u0442\u0440\u043e- \u0442\u0430 \u0432\u043e\u043b\u043e\u0433\u043e\u043f\u0440\u043e\u043d\u0438\u043a\u043d\u0456\u0441\u0442\u044c \u0440\u043e\u0431\u0438\u0442\u044c \u0439\u043e\u0433\u043e \u0456\u0434\u0435\u0430\u043b\u044c\u043d\u0438\u043c \u0434\u043b\u044f \u0443\u043a\u0440\u0438\u0442\u0442\u044f \u0441\u0456\u043b\u044c\u0441\u044c\u043a\u043e\u0433\u043e\u0441\u043f\u043e\u0434\u0430\u0440\u0441\u044c\u043a\u0438\u0445 \u043a\u0443\u043b\u044c\u0442\u0443\u0440, \u043f\u0456\u0434\u0442\u0440\u0438\u043c\u0443\u044e\u0447\u0438 \u0457\u0445 \u043d\u0430\u043b\u0435\u0436\u043d\u0438\u0439 \u0440\u0456\u0441\u0442.<\/p>\n<h3 data-start=\"357\" data-end=\"387\"><strong data-start=\"361\" data-end=\"385\">\u041e\u0441\u043d\u043e\u0432\u043d\u0456 \u0445\u0430\u0440\u0430\u043a\u0442\u0435\u0440\u0438\u0441\u0442\u0438\u043a\u0438:<\/strong><\/h3>\n<ul>\n<li data-start=\"389\" data-end=\"993\"><strong data-start=\"391\" data-end=\"432\">\u0417\u0430\u0445\u0438\u0441\u0442 \u0432\u0456\u0434 \u0437\u043e\u0432\u043d\u0456\u0448\u043d\u0456\u0445 \u0444\u0430\u043a\u0442\u043e\u0440\u0456\u0432<\/strong> - \u0437\u0430\u0445\u0438\u0449\u0430\u0454 \u0440\u043e\u0441\u043b\u0438\u043d\u0438 \u0432\u0456\u0434 \u043c\u043e\u0440\u043e\u0437\u0443, \u0432\u0456\u0442\u0440\u0443, \u0434\u043e\u0449\u0443 \u0442\u0430 \u043d\u0430\u0434\u043c\u0456\u0440\u043d\u043e\u0433\u043e \u0441\u043e\u043d\u044f\u0447\u043d\u043e\u0433\u043e \u0441\u0432\u0456\u0442\u043b\u0430 (\u0423\u0424-\u0441\u0442\u0430\u0431\u0456\u043b\u0456\u0437\u0430\u0446\u0456\u044f).<\/li>\n<li data-start=\"389\" data-end=\"993\"><strong data-start=\"525\" data-end=\"562\">\u041f\u043e\u0432\u0456\u0442\u0440\u043e- \u0442\u0430 \u0432\u043e\u0434\u043e\u043f\u0440\u043e\u043d\u0438\u043a\u043d\u0456\u0441\u0442\u044c<\/strong> - \u0437\u0430\u0431\u0435\u0437\u043f\u0435\u0447\u0443\u0454 \u0434\u043e\u0441\u0442\u0443\u043f \u043a\u0438\u0441\u043d\u044e \u0442\u0430 \u0432\u043e\u043b\u043e\u0433\u0438, \u0437\u0430\u043f\u043e\u0431\u0456\u0433\u0430\u044e\u0447\u0438 \u0443\u0442\u0432\u043e\u0440\u0435\u043d\u043d\u044e \u043f\u043b\u0456\u0441\u043d\u044f\u0432\u0438 \u0442\u0430 \u0433\u043d\u0438\u0442\u0442\u044e \u0440\u043e\u0441\u043b\u0438\u043d.<\/li>\n<li data-start=\"389\" data-end=\"993\"><strong data-start=\"653\" data-end=\"679\">\u041b\u0435\u0433\u043a\u0438\u0439 \u0456 \u043c\u0456\u0446\u043d\u0438\u0439<\/strong> - \u0412\u0430\u0433\u0430 17 \u0433\/\u043c\u00b2 \u0437\u0430\u0431\u0435\u0437\u043f\u0435\u0447\u0443\u0454 \u043b\u0435\u0433\u043a\u0435 \u0432\u0438\u043a\u043e\u0440\u0438\u0441\u0442\u0430\u043d\u043d\u044f \u0442\u0430 \u0442\u0440\u0438\u0432\u0430\u043b\u0438\u0439 \u0437\u0430\u0445\u0438\u0441\u0442 \u0440\u043e\u0441\u043b\u0438\u043d.<\/li>\n<li data-start=\"389\" data-end=\"993\"><strong data-start=\"759\" data-end=\"791\">\u0423\u043d\u0456\u0432\u0435\u0440\u0441\u0430\u043b\u044c\u043d\u0456\u0441\u0442\u044c \u0437\u0430\u0441\u0442\u043e\u0441\u0443\u0432\u0430\u043d\u043d\u044f<\/strong> - \u041f\u0456\u0434\u0445\u043e\u0434\u0438\u0442\u044c \u0434\u043b\u044f \u0443\u043a\u0440\u0438\u0442\u0442\u044f \u0441\u0456\u043b\u044c\u0441\u044c\u043a\u043e\u0433\u043e\u0441\u043f\u043e\u0434\u0430\u0440\u0441\u044c\u043a\u0438\u0445, \u043e\u0432\u043e\u0447\u0435\u0432\u0438\u0445, \u0444\u0440\u0443\u043a\u0442\u043e\u0432\u0438\u0445 \u0442\u0430 \u0434\u0435\u043a\u043e\u0440\u0430\u0442\u0438\u0432\u043d\u0438\u0445 \u043a\u0443\u043b\u044c\u0442\u0443\u0440.<\/li>\n<li data-start=\"389\" data-end=\"993\"><strong data-start=\"882\" data-end=\"907\">\u0411\u0435\u0437\u043f\u0435\u0447\u043d\u0438\u0439 \u0434\u043b\u044f \u0440\u043e\u0441\u043b\u0438\u043d<\/strong> - \u043d\u0435 \u043c\u0456\u0441\u0442\u0438\u0442\u044c \u0442\u043e\u043a\u0441\u0438\u0447\u043d\u0438\u0445 \u0440\u0435\u0447\u043e\u0432\u0438\u043d, \u0449\u043e \u0440\u043e\u0431\u0438\u0442\u044c \u0439\u043e\u0433\u043e \u0431\u0435\u0437\u043f\u0435\u0447\u043d\u0438\u043c \u0434\u043b\u044f \u043d\u0430\u0432\u043a\u043e\u043b\u0438\u0448\u043d\u044c\u043e\u0433\u043e \u0441\u0435\u0440\u0435\u0434\u043e\u0432\u0438\u0449\u0430 \u0442\u0430 \u0432\u0440\u043e\u0436\u0430\u044e.<\/li>\n<li data-start=\"389\" data-end=\"993\"><strong>\u0428\u0438\u0440\u0438\u043d\u0430:<\/strong> 1,6m<\/li>\n<li data-start=\"389\" data-end=\"993\"><strong>\u0414\u043e\u0432\u0436\u0438\u043d\u0430:<\/strong> 100m<\/li>\n<\/ul>\n<h3 data-start=\"995\" data-end=\"1018\"><strong data-start=\"999\" data-end=\"1016\">\u0417\u0430\u044f\u0432\u043a\u0430:<\/strong><\/h3>\n<ul>\n<li data-start=\"1020\" data-end=\"1475\"><strong data-start=\"1023\" data-end=\"1060\">\u0417\u0430\u0445\u0438\u0441\u0442 \u0440\u043e\u0441\u043b\u0438\u043d \u0432\u0456\u0434 \u0437\u0430\u043c\u043e\u0440\u043e\u0437\u043a\u0456\u0432<\/strong> - \u0435\u0444\u0435\u043a\u0442\u0438\u0432\u043d\u043e \u0437\u0430\u0445\u0438\u0449\u0430\u0454 \u043c\u043e\u043b\u043e\u0434\u0456 \u0441\u0430\u0434\u0436\u0430\u043d\u0446\u0456 \u0442\u0430 \u043d\u0456\u0436\u043d\u0456 \u043a\u0443\u043b\u044c\u0442\u0443\u0440\u0438 \u0432\u0456\u0434 \u043d\u0438\u0437\u044c\u043a\u0438\u0445 \u0442\u0435\u043c\u043f\u0435\u0440\u0430\u0442\u0443\u0440.<\/li>\n<li data-start=\"1020\" data-end=\"1475\"><strong data-start=\"1154\" data-end=\"1206\">\u0417\u0430\u0445\u0438\u0441\u0442 \u0432\u0456\u0434 \u043d\u0430\u0434\u043c\u0456\u0440\u043d\u043e\u0433\u043e \u0441\u043e\u043d\u044f\u0447\u043d\u043e\u0433\u043e \u0441\u0432\u0456\u0442\u043b\u0430<\/strong> - \u0437\u0430\u0445\u0438\u0449\u0430\u0454 \u043b\u0438\u0441\u0442\u044f \u0432\u0456\u0434 \u0441\u043e\u043d\u044f\u0447\u043d\u0438\u0445 \u043e\u043f\u0456\u043a\u0456\u0432.<\/li>\n<li data-start=\"1020\" data-end=\"1475\"><strong data-start=\"1260\" data-end=\"1296\">\u0417\u0430\u0445\u0438\u0441\u0442 \u0432\u0456\u0434 \u0434\u043e\u0449\u0443 \u0442\u0430 \u0432\u0456\u0442\u0440\u0443<\/strong> - \u0437\u043c\u0435\u043d\u0448\u0443\u0454 \u043d\u0435\u0433\u0430\u0442\u0438\u0432\u043d\u0456 \u043d\u0430\u0441\u043b\u0456\u0434\u043a\u0438 \u0441\u0438\u043b\u044c\u043d\u0438\u0445 \u043e\u043f\u0430\u0434\u0456\u0432 \u0442\u0430 \u043f\u043e\u0440\u0438\u0432\u0456\u0432 \u0432\u0456\u0442\u0440\u0443.<\/li>\n<li data-start=\"1020\" data-end=\"1475\"><strong data-start=\"1366\" data-end=\"1403\">\u0417\u043d\u0438\u0436\u0435\u043d\u043d\u044f \u0440\u0438\u0437\u0438\u043a\u0443 \u0433\u0440\u0438\u0431\u043a\u043e\u0432\u0438\u0445 \u0437\u0430\u0445\u0432\u043e\u0440\u044e\u0432\u0430\u043d\u044c<\/strong> - \u0437\u043d\u0438\u0436\u0443\u0454 \u0440\u0438\u0437\u0438\u043a \u0443\u0442\u0432\u043e\u0440\u0435\u043d\u043d\u044f \u0446\u0432\u0456\u043b\u0456 \u0437\u0430\u0432\u0434\u044f\u043a\u0438 \u043d\u0430\u043b\u0435\u0436\u043d\u0456\u0439 \u0432\u0435\u043d\u0442\u0438\u043b\u044f\u0446\u0456\u0457.<\/li>\n<\/ul>\n<h3 data-start=\"1477\" data-end=\"1528\"><strong data-start=\"1477\" data-end=\"1526\">\u0427\u043e\u043c\u0443 \u0432\u0430\u0440\u0442\u043e \u043e\u0431\u0440\u0430\u0442\u0438 Agro Fleece?<\/strong><\/h3>\n<p data-start=\"1530\" data-end=\"1794\" data-is-last-node=\"\" data-is-only-node=\"\">Agrowoven 17 \u0433\/\u043c\u00b2 - \u0446\u0435 \u043d\u0430\u0434\u0456\u0439\u043d\u0435 \u0440\u0456\u0448\u0435\u043d\u043d\u044f \u0434\u043b\u044f \u0444\u0435\u0440\u043c\u0435\u0440\u0456\u0432 \u0442\u0430 \u0441\u0430\u0434\u0456\u0432\u043d\u0438\u043a\u0456\u0432, \u044f\u043a\u0456 \u0448\u0443\u043a\u0430\u044e\u0442\u044c \u0435\u0444\u0435\u043a\u0442\u0438\u0432\u043d\u0438\u0439 \u0437\u0430\u0445\u0438\u0441\u0442 \u0440\u043e\u0441\u043b\u0438\u043d. \u0414\u043e\u0432\u0433\u043e\u0432\u0456\u0447\u043d\u0456\u0441\u0442\u044c, \u043f\u0440\u043e\u0441\u0442\u043e\u0442\u0430 \u0432\u0438\u043a\u043e\u0440\u0438\u0441\u0442\u0430\u043d\u043d\u044f \u0442\u0430 \u0431\u0430\u0433\u0430\u0442\u043e\u0444\u0443\u043d\u043a\u0446\u0456\u043e\u043d\u0430\u043b\u044c\u043d\u0456\u0441\u0442\u044c \u0440\u043e\u0431\u043b\u044f\u0442\u044c \u0439\u043e\u0433\u043e \u0447\u0443\u0434\u043e\u0432\u0438\u043c \u0432\u0438\u0431\u043e\u0440\u043e\u043c \u0434\u043b\u044f \u0440\u0456\u0437\u043d\u043e\u043c\u0430\u043d\u0456\u0442\u043d\u0438\u0445 \u0441\u0430\u0434\u0456\u0432\u043d\u0438\u0447\u0438\u0445 \u0442\u0430 \u0441\u0456\u043b\u044c\u0441\u044c\u043a\u043e\u0433\u043e\u0441\u043f\u043e\u0434\u0430\u0440\u0441\u044c\u043a\u0438\u0445 \u0440\u043e\u0431\u0456\u0442.<\/p>","protected":false},"excerpt":{"rendered":"<p>Agrow\u0142\u00f3knina polipropylenowa, 17 g\/m\u00b2 &#8211; rolka Agrow\u0142\u00f3knina to lekka i wytrzyma\u0142a tkanina polipropylenowa, zapewniaj\u0105ca skuteczn\u0105 ochron\u0119 ro\u015blin przed niekorzystnymi warunkami atmosferycznymi. Jej wysoka przepuszczalno\u015b\u0107 powietrza i wilgoci sprawia, \u017ce jest idealnym rozwi\u0105zaniem do okrywania upraw, wspieraj\u0105c ich prawid\u0142owy wzrost. Najwa\u017cniejsze cechy: Ochrona przed czynnikami zewn\u0119trznymi \u2013 zabezpiecza ro\u015bliny przed mrozem, wiatrem, deszczem oraz nadmiernym nas\u0142onecznieniem [&hellip;]<\/p>","protected":false},"featured_media":4525,"template":"","meta":{"site-sidebar-layout":"default","site-content-layout":"","ast-site-content-layout":"default","site-content-style":"default","site-sidebar-style":"default","ast-global-header-display":"","ast-banner-title-visibility":"","ast-main-header-display":"","ast-hfb-above-header-display":"","ast-hfb-below-header-display":"","ast-hfb-mobile-header-display":"","site-post-title":"","ast-breadcrumbs-content":"","ast-featured-img":"","footer-sml-layout":"","theme-transparent-header-meta":"default","adv-header-id-meta":"","stick-header-meta":"default","header-above-stick-meta":"","header-main-stick-meta":"","header-below-stick-meta":"","astra-migrate-meta-layouts":"set","ast-page-background-enabled":"default","ast-page-background-meta":{"desktop":{"background-color":"var(--ast-global-color-4)","background-image":"","background-repeat":"repeat","background-position":"center center","background-size":"auto","background-attachment":"scroll","background-type":"","background-media":"","overlay-type":"","overlay-color":"","overlay-opacity":"","overlay-gradient":""},"tablet":{"background-color":"","background-image":"","background-repeat":"repeat","background-position":"center center","background-size":"auto","background-attachment":"scroll","background-type":"","background-media":"","overlay-type":"","overlay-color":"","overlay-opacity":"","overlay-gradient":""},"mobile":{"background-color":"","background-image":"","background-repeat":"repeat","background-position":"center center","background-size":"auto","background-attachment":"scroll","background-type":"","background-media":"","overlay-type":"","overlay-color":"","overlay-opacity":"","overlay-gradient":""}},"ast-content-background-meta":{"desktop":{"background-color":"var(--ast-global-color-5)","background-image":"","background-repeat":"repeat","background-position":"center center","background-size":"auto","background-attachment":"scroll","background-type":"","background-media":"","overlay-type":"","overlay-color":"","overlay-opacity":"","overlay-gradient":""},"tablet":{"background-color":"var(--ast-global-color-5)","background-image":"","background-repeat":"repeat","background-position":"center center","background-size":"auto","background-attachment":"scroll","background-type":"","background-media":"","overlay-type":"","overlay-color":"","overlay-opacity":"","overlay-gradient":""},"mobile":{"background-color":"var(--ast-global-color-5)","background-image":"","background-repeat":"repeat","background-position":"center center","background-size":"auto","background-attachment":"scroll","background-type":"","background-media":"","overlay-type":"","overlay-color":"","overlay-opacity":"","overlay-gradient":""}}},"product_brand":[],"product_cat":[240],"product_tag":[],"class_list":{"0":"post-4521","1":"product","2":"type-product","3":"status-publish","4":"has-post-thumbnail","6":"product_cat-agrowlokniny-agrotekstylia","7":"desktop-align-left","8":"tablet-align-left","9":"mobile-align-left","10":"ast-product-gallery-layout-horizontal","11":"ast-product-tabs-layout-horizontal","13":"first","14":"instock","15":"shipping-taxable","16":"product-type-simple"},"_links":{"self":[{"href":"https:\/\/wimar.net\/uk\/wp-json\/wp\/v2\/product\/4521","targetHints":{"allow":["GET"]}}],"collection":[{"href":"https:\/\/wimar.net\/uk\/wp-json\/wp\/v2\/product"}],"about":[{"href":"https:\/\/wimar.net\/uk\/wp-json\/wp\/v2\/types\/product"}],"version-history":[{"count":1,"href":"https:\/\/wimar.net\/uk\/wp-json\/wp\/v2\/product\/4521\/revisions"}],"predecessor-version":[{"id":4527,"href":"https:\/\/wimar.net\/uk\/wp-json\/wp\/v2\/product\/4521\/revisions\/4527"}],"wp:featuredmedia":[{"embeddable":true,"href":"https:\/\/wimar.net\/uk\/wp-json\/wp\/v2\/media\/4525"}],"wp:attachment":[{"href":"https:\/\/wimar.net\/uk\/wp-json\/wp\/v2\/media?parent=4521"}],"wp:term":[{"taxonomy":"product_brand","embeddable":true,"href":"https:\/\/wimar.net\/uk\/wp-json\/wp\/v2\/product_brand?post=4521"},{"taxonomy":"product_cat","embeddable":true,"href":"https:\/\/wimar.net\/uk\/wp-json\/wp\/v2\/product_cat?post=4521"},{"taxonomy":"product_tag","embeddable":true,"href":"https:\/\/wimar.net\/uk\/wp-json\/wp\/v2\/product_tag?post=4521"}],"curies":[{"name":"wp","href":"https:\/\/api.w.org\/{rel}","templated":true}]}}