{"id":4540,"date":"2025-02-24T13:56:36","date_gmt":"2025-02-24T12:56:36","guid":{"rendered":"https:\/\/wimar.net\/?post_type=product&#038;p=4540"},"modified":"2025-03-24T10:42:04","modified_gmt":"2025-03-24T09:42:04","slug":"%d1%80%d0%b5%d0%b7%d0%b8%d0%bd%d0%ba%d0%b0-%d1%84%d1%96%d0%ba%d1%81%d1%83%d1%8e%d1%87%d0%b0-%d0%b7-%d0%ba%d1%83%d0%bb%d1%8c%d0%ba%d0%be%d1%8e-%d0%b4%d0%bb%d1%8f-%d0%bd%d0%b0%d0%bc%d0%b5%d1%82%d0%be","status":"publish","type":"product","link":"https:\/\/wimar.net\/uk\/product-2\/%d1%80%d0%b5%d0%b7%d0%b8%d0%bd%d0%ba%d0%b0-%d1%84%d1%96%d0%ba%d1%81%d1%83%d1%8e%d1%87%d0%b0-%d0%b7-%d0%ba%d1%83%d0%bb%d1%8c%d0%ba%d0%be%d1%8e-%d0%b4%d0%bb%d1%8f-%d0%bd%d0%b0%d0%bc%d0%b5%d1%82%d0%be\/","title":{"rendered":"\u0413\u0443\u043c\u043e\u0432\u0456 \u043a\u0440\u0456\u043f\u043b\u0435\u043d\u043d\u044f \u0437 \u043a\u0443\u043b\u044c\u043a\u043e\u044e \u0434\u043b\u044f \u0431\u0440\u0435\u0437\u0435\u043d\u0442\u0456\u0432, \u043d\u0430\u043c\u0435\u0442\u0456\u0432 10\u0441\u043c \u0447\u0435\u0440\u0432\u043e\u043d\u0456"},"content":{"rendered":"<p data-start=\"0\" data-end=\"39\"><strong data-start=\"0\" data-end=\"37\">\u041a\u0443\u043b\u044c\u043a\u043e\u0432\u0435 \u043a\u0440\u0456\u043f\u043b\u0435\u043d\u043d\u044f \u0433\u0443\u043c\u043a\u0438 \u0434\u043b\u044f \u0431\u0440\u0435\u0437\u0435\u043d\u0442\u0443<\/strong><\/p>\n<p data-start=\"41\" data-end=\"335\">\u0424\u0456\u043a\u0441\u0443\u044e\u0447\u0430 \u0433\u0443\u043c\u0430 \u0437 \u043a\u0443\u043b\u044c\u043a\u043e\u044e - \u0446\u0435 \u043f\u0440\u0430\u043a\u0442\u0438\u0447\u043d\u0435 \u0456 \u0434\u043e\u0432\u0433\u043e\u0432\u0456\u0447\u043d\u0435 \u0440\u0456\u0448\u0435\u043d\u043d\u044f \u0434\u043b\u044f \u0444\u0456\u043a\u0441\u0430\u0446\u0456\u0457 \u0431\u0440\u0435\u0437\u0435\u043d\u0442\u0443, \u043d\u0430\u043c\u0435\u0442\u0456\u0432, \u0440\u0435\u043a\u043b\u0430\u043c\u043d\u0438\u0445 \u0431\u0430\u043d\u0435\u0440\u0456\u0432 \u0442\u0430 \u0456\u043d\u0448\u0438\u0445 \u043d\u0430\u043a\u0440\u0438\u0442\u0442\u0456\u0432. \u0412\u0438\u0433\u043e\u0442\u043e\u0432\u043b\u0435\u043d\u0430 \u0437 \u0433\u043d\u0443\u0447\u043a\u043e\u0457, \u0441\u0442\u0456\u0439\u043a\u043e\u0457 \u0434\u043e \u0430\u0442\u043c\u043e\u0441\u0444\u0435\u0440\u043d\u0438\u0445 \u0432\u043f\u043b\u0438\u0432\u0456\u0432 \u0433\u0443\u043c\u0438, \u0432\u043e\u043d\u0430 \u0437\u0430\u0431\u0435\u0437\u043f\u0435\u0447\u0443\u0454 \u0434\u043e\u0432\u0433\u043e\u0432\u0456\u0447\u043d\u0443 \u0442\u0430 \u043d\u0430\u0434\u0456\u0439\u043d\u0443 \u0444\u0456\u043a\u0441\u0430\u0446\u0456\u044e, \u0430 \u043f\u043b\u0430\u0441\u0442\u0438\u043a\u043e\u0432\u0430 \u043a\u0443\u043b\u044c\u043a\u0430 \u0434\u043e\u0437\u0432\u043e\u043b\u044f\u0454 \u0448\u0432\u0438\u0434\u043a\u043e \u043f\u0440\u0438\u043a\u0440\u0456\u043f\u043b\u044e\u0432\u0430\u0442\u0438 \u0442\u0430 \u0437\u043d\u0456\u043c\u0430\u0442\u0438 \u0457\u0457.<\/p>\n<h3 data-start=\"337\" data-end=\"367\"><strong data-start=\"341\" data-end=\"365\">\u041e\u0441\u043d\u043e\u0432\u043d\u0456 \u0445\u0430\u0440\u0430\u043a\u0442\u0435\u0440\u0438\u0441\u0442\u0438\u043a\u0438:<\/strong><\/h3>\n<ul>\n<li data-start=\"369\" data-end=\"847\"><strong data-start=\"371\" data-end=\"387\">\u0413\u043d\u0443\u0447\u043a\u0456\u0441\u0442\u044c<\/strong> - \u041c\u0456\u0446\u043d\u0430 \u0442\u0430 \u0435\u043b\u0430\u0441\u0442\u0438\u0447\u043d\u0430 \u0433\u0443\u043c\u0430 \u0433\u0430\u0440\u0430\u043d\u0442\u0443\u0454 \u043c\u0456\u0446\u043d\u0438\u0439 \u043d\u0430\u0442\u044f\u0433 \u0442\u0430 \u0441\u0442\u0430\u0431\u0456\u043b\u044c\u043d\u0456\u0441\u0442\u044c.<\/li>\n<li data-start=\"369\" data-end=\"847\"><strong data-start=\"461\" data-end=\"499\">\u0421\u0442\u0456\u0439\u043a\u0456\u0441\u0442\u044c \u0434\u043e \u043f\u043e\u0433\u043e\u0434\u043d\u0438\u0445 \u0443\u043c\u043e\u0432<\/strong> - \u0412\u0456\u043d \u043d\u0435 \u0440\u0443\u0439\u043d\u0443\u0454\u0442\u044c\u0441\u044f \u043f\u0456\u0434 \u0432\u043f\u043b\u0438\u0432\u043e\u043c \u0434\u043e\u0449\u0443, \u0441\u043d\u0456\u0433\u0443 \u0430\u0431\u043e \u0443\u043b\u044c\u0442\u0440\u0430\u0444\u0456\u043e\u043b\u0435\u0442\u043e\u0432\u043e\u0433\u043e \u0432\u0438\u043f\u0440\u043e\u043c\u0456\u043d\u044e\u0432\u0430\u043d\u043d\u044f.<\/li>\n<li data-start=\"369\" data-end=\"847\"><strong data-start=\"578\" data-end=\"594\">\u041f\u0440\u043e\u0441\u0442\u0438\u0439 \u043c\u043e\u043d\u0442\u0430\u0436<\/strong> - \u041f\u0440\u043e\u0441\u0442\u043e \u043f\u0440\u043e\u0442\u044f\u0433\u043d\u0456\u0442\u044c \u0433\u0443\u043c\u043a\u0443 \u0447\u0435\u0440\u0435\u0437 \u0432\u0443\u0448\u043a\u043e \u0431\u0440\u0435\u0437\u0435\u043d\u0442\u0443 \u0456 \u0437\u0430\u0447\u0435\u043f\u0456\u0442\u044c \u0457\u0457 \u0437\u0430 \u043c'\u044f\u0447.<\/li>\n<li data-start=\"369\" data-end=\"847\"><strong data-start=\"668\" data-end=\"692\">\u0411\u0430\u0433\u0430\u0442\u043e\u0440\u0430\u0437\u043e\u0432\u0438\u0439<\/strong> - \u041f\u0440\u0438\u0434\u0430\u0442\u043d\u0438\u0439 \u0434\u043b\u044f \u0431\u0430\u0433\u0430\u0442\u043e\u0440\u0430\u0437\u043e\u0432\u043e\u0433\u043e \u0432\u0438\u043a\u043e\u0440\u0438\u0441\u0442\u0430\u043d\u043d\u044f \u0431\u0435\u0437 \u0432\u0442\u0440\u0430\u0442\u0438 \u0432\u043b\u0430\u0441\u0442\u0438\u0432\u043e\u0441\u0442\u0435\u0439.<\/li>\n<li data-start=\"369\" data-end=\"847\"><strong data-start=\"761\" data-end=\"778\">\u0423\u043d\u0456\u0432\u0435\u0440\u0441\u0430\u043b\u044c\u043d\u0456\u0441\u0442\u044c<\/strong> - \u0412\u0456\u043d \u0434\u043e\u0431\u0440\u0435 \u043f\u0440\u0430\u0446\u044e\u0454 \u0432 \u0441\u0456\u043b\u044c\u0441\u044c\u043a\u043e\u043c\u0443 \u0433\u043e\u0441\u043f\u043e\u0434\u0430\u0440\u0441\u0442\u0432\u0456, \u0431\u0443\u0434\u0456\u0432\u043d\u0438\u0446\u0442\u0432\u0456, \u0430\u0432\u0442\u043e\u043c\u043e\u0431\u0456\u043b\u0435\u0431\u0443\u0434\u0443\u0432\u0430\u043d\u043d\u0456 \u0442\u0430 \u0440\u0435\u043a\u043b\u0430\u043c\u0456.<\/li>\n<li data-start=\"369\" data-end=\"847\"><strong>\u0414\u0456\u0430\u043c\u0435\u0442\u0440 \u043a\u0443\u043b\u0456<\/strong> - 3 \u0441\u043c<\/li>\n<li data-start=\"369\" data-end=\"847\"><strong>\u0414\u043e\u0432\u0436\u0438\u043d\u0430<\/strong> - 10 \u0441\u043c<\/li>\n<li><strong>\u0414\u043e\u0441\u0442\u0443\u043f\u043d\u0438\u0439 \u0443 \u0440\u0456\u0437\u043d\u0438\u0445 \u043a\u043e\u043b\u044c\u043e\u0440\u0430\u0445:<\/strong> \u0421\u0456\u0440\u0438\u0439, \u0447\u0435\u0440\u0432\u043e\u043d\u0438\u0439<\/li>\n<\/ul>\n<h3 data-start=\"849\" data-end=\"872\"><strong data-start=\"853\" data-end=\"870\">\u0417\u0430\u044f\u0432\u043a\u0430:<\/strong><\/h3>\n<ul>\n<li data-start=\"874\" data-end=\"1345\"><strong data-start=\"877\" data-end=\"898\">\u0424\u0456\u043a\u0441\u0430\u0446\u0456\u044f \u0442\u0435\u043d\u0442\u0456\u0432<\/strong> - \u0406\u0434\u0435\u0430\u043b\u044c\u043d\u043e \u043f\u0456\u0434\u0445\u043e\u0434\u0438\u0442\u044c \u0434\u043b\u044f \u0437\u0430\u043a\u0440\u0456\u043f\u043b\u0435\u043d\u043d\u044f \u0447\u043e\u0445\u043b\u0456\u0432 \u043d\u0430 \u0430\u0432\u0442\u043e\u043c\u043e\u0431\u0456\u043b\u044f\u0445, \u043f\u0440\u0438\u0447\u0435\u043f\u0430\u0445 \u0456 \u043a\u043e\u043d\u0441\u0442\u0440\u0443\u043a\u0446\u0456\u044f\u0445.<\/li>\n<li data-start=\"874\" data-end=\"1345\"><strong data-start=\"981\" data-end=\"1001\">\u0420\u0435\u043a\u043b\u0430\u043c\u043d\u0456 \u0431\u0430\u043d\u0435\u0440\u0438<\/strong> - \u0421\u0442\u0430\u0431\u0456\u043b\u044c\u043d\u0430 \u0444\u0456\u043a\u0441\u0430\u0446\u0456\u044f \u043d\u0430 \u043f\u0430\u0440\u043a\u0430\u043d\u0430\u0445, \u0441\u0442\u0435\u043d\u0434\u0430\u0445 \u0442\u0430 \u0444\u0430\u0441\u0430\u0434\u0430\u0445 \u0431\u0443\u0434\u0456\u0432\u0435\u043b\u044c.<\/li>\n<li data-start=\"874\" data-end=\"1345\"><strong data-start=\"1076\" data-end=\"1100\">\u041d\u0430\u0432\u0456\u0441\u0438 \u0442\u0430 \u0448\u0430\u0442\u0440\u0438<\/strong> - \u041d\u0435\u0437\u0430\u043c\u0456\u043d\u043d\u0438\u0439 \u0434\u043b\u044f \u043c\u043e\u043d\u0442\u0430\u0436\u0443 \u0437\u043e\u0432\u043d\u0456\u0448\u043d\u0456\u0445 \u043a\u043e\u043d\u0441\u0442\u0440\u0443\u043a\u0446\u0456\u0439.<\/li>\n<li data-start=\"874\" data-end=\"1345\"><strong data-start=\"1160\" data-end=\"1179\">\u0421\u0430\u0434\u043e\u0432\u0456 \u0443\u043a\u0440\u0438\u0442\u0442\u044f<\/strong> - \u0427\u0443\u0434\u043e\u0432\u043e \u043f\u0456\u0434\u0445\u043e\u0434\u0438\u0442\u044c \u0434\u043b\u044f \u043a\u0440\u0456\u043f\u043b\u0435\u043d\u043d\u044f \u0441\u043e\u043d\u0446\u0435\u0437\u0430\u0445\u0438\u0441\u043d\u0438\u0445 \u0441\u0456\u0442\u043e\u043a \u0456 \u0432\u0456\u0442\u0440\u043e\u0432\u0438\u0445 \u0435\u043a\u0440\u0430\u043d\u0456\u0432.<\/li>\n<li data-start=\"874\" data-end=\"1345\"><strong data-start=\"1255\" data-end=\"1278\">\u041f\u0456\u0434\u0442\u0440\u0438\u043c\u0430\u043d\u043d\u044f \u043f\u043e\u0440\u044f\u0434\u043a\u0443<\/strong> - \u0419\u043e\u0433\u043e \u043c\u043e\u0436\u043d\u0430 \u0432\u0438\u043a\u043e\u0440\u0438\u0441\u0442\u043e\u0432\u0443\u0432\u0430\u0442\u0438 \u0434\u043b\u044f \u0437\u0432'\u044f\u0437\u0443\u0432\u0430\u043d\u043d\u044f \u043a\u0430\u0431\u0435\u043b\u0456\u0432, \u043f\u0440\u043e\u0432\u043e\u0434\u0456\u0432 \u0442\u0430 \u0456\u043d\u0448\u0438\u0445 \u043f\u0440\u0435\u0434\u043c\u0435\u0442\u0456\u0432.<\/li>\n<\/ul>\n<p data-start=\"1347\" data-end=\"1667\" data-is-last-node=\"\" data-is-only-node=\"\"><strong data-start=\"1347\" data-end=\"1396\">\u0427\u043e\u043c\u0443 \u0432\u0430\u0440\u0442\u043e \u043e\u0431\u0440\u0430\u0442\u0438 \u0440\u0435\u0437\u0438\u043d\u043a\u0443 \u0437 \u043a\u0443\u043b\u044c\u043a\u043e\u044e?<\/strong><br data-start=\"1396\" data-end=\"1399\" \/>\u041a\u0443\u043b\u044c\u043a\u043e\u0432\u0438\u0439 \u043b\u0430\u0441\u0442\u0438\u043a - \u0446\u0435 \u043d\u0430\u0434\u0456\u0439\u043d\u0438\u0439 \u0442\u0430 \u0443\u043d\u0456\u0432\u0435\u0440\u0441\u0430\u043b\u044c\u043d\u0438\u0439 \u043c\u043e\u043d\u0442\u0430\u0436\u043d\u0438\u0439 \u0435\u043b\u0435\u043c\u0435\u043d\u0442, \u044f\u043a\u0438\u0439 \u0434\u043e\u0437\u0432\u043e\u043b\u044f\u0454 \u0448\u0432\u0438\u0434\u043a\u043e \u0442\u0430 \u0437\u0440\u0443\u0447\u043d\u043e \u043a\u0440\u0456\u043f\u0438\u0442\u0438 \u0442\u0435\u043d\u0442\u0438 \u0442\u0430 \u0456\u043d\u0448\u0456 \u043d\u0430\u043a\u0440\u0438\u0442\u0442\u044f. \u0417\u0430\u0432\u0434\u044f\u043a\u0438 \u0441\u0442\u0456\u0439\u043a\u0456\u0439 \u0434\u043e \u043f\u043e\u0433\u043e\u0434\u043d\u0438\u0445 \u0443\u043c\u043e\u0432 \u0442\u0430 \u043c\u0456\u0446\u043d\u0456\u0439 \u043a\u043e\u043d\u0441\u0442\u0440\u0443\u043a\u0446\u0456\u0457, \u0432\u0456\u043d \u0434\u043e\u0431\u0440\u0435 \u0437\u0430\u0440\u0435\u043a\u043e\u043c\u0435\u043d\u0434\u0443\u0454 \u0441\u0435\u0431\u0435 \u044f\u043a \u0432 \u0434\u043e\u043c\u0430\u0448\u043d\u044c\u043e\u043c\u0443, \u0442\u0430\u043a \u0456 \u0432 \u043f\u0440\u043e\u0444\u0435\u0441\u0456\u0439\u043d\u043e\u043c\u0443 \u0437\u0430\u0441\u0442\u043e\u0441\u0443\u0432\u0430\u043d\u043d\u0456.<\/p>","protected":false},"excerpt":{"rendered":"<p>Gumka mocuj\u0105ca z kulk\u0105 do plandek Gumka mocuj\u0105ca z kulk\u0105 to praktyczne i wytrzyma\u0142e rozwi\u0105zanie do mocowania plandek, namiot\u00f3w, baner\u00f3w reklamowych oraz innych os\u0142on. Wykonana z elastycznej, odpornej na warunki atmosferyczne gumy, zapewnia trwa\u0142e i pewne mocowanie, a plastikowa kulka u\u0142atwia szybkie zak\u0142adanie i zdejmowanie. Najwa\u017cniejsze cechy: Elastyczno\u015b\u0107 \u2013 Mocna i rozci\u0105gliwa guma gwarantuje pewne [&hellip;]<\/p>","protected":false},"featured_media":4532,"template":"","meta":{"site-sidebar-layout":"default","site-content-layout":"","ast-site-content-layout":"default","site-content-style":"default","site-sidebar-style":"default","ast-global-header-display":"","ast-banner-title-visibility":"","ast-main-header-display":"","ast-hfb-above-header-display":"","ast-hfb-below-header-display":"","ast-hfb-mobile-header-display":"","site-post-title":"","ast-breadcrumbs-content":"","ast-featured-img":"","footer-sml-layout":"","theme-transparent-header-meta":"default","adv-header-id-meta":"","stick-header-meta":"default","header-above-stick-meta":"","header-main-stick-meta":"","header-below-stick-meta":"","astra-migrate-meta-layouts":"set","ast-page-background-enabled":"default","ast-page-background-meta":{"desktop":{"background-color":"var(--ast-global-color-4)","background-image":"","background-repeat":"repeat","background-position":"center center","background-size":"auto","background-attachment":"scroll","background-type":"","background-media":"","overlay-type":"","overlay-color":"","overlay-opacity":"","overlay-gradient":""},"tablet":{"background-color":"","background-image":"","background-repeat":"repeat","background-position":"center center","background-size":"auto","background-attachment":"scroll","background-type":"","background-media":"","overlay-type":"","overlay-color":"","overlay-opacity":"","overlay-gradient":""},"mobile":{"background-color":"","background-image":"","background-repeat":"repeat","background-position":"center center","background-size":"auto","background-attachment":"scroll","background-type":"","background-media":"","overlay-type":"","overlay-color":"","overlay-opacity":"","overlay-gradient":""}},"ast-content-background-meta":{"desktop":{"background-color":"var(--ast-global-color-5)","background-image":"","background-repeat":"repeat","background-position":"center center","background-size":"auto","background-attachment":"scroll","background-type":"","background-media":"","overlay-type":"","overlay-color":"","overlay-opacity":"","overlay-gradient":""},"tablet":{"background-color":"var(--ast-global-color-5)","background-image":"","background-repeat":"repeat","background-position":"center center","background-size":"auto","background-attachment":"scroll","background-type":"","background-media":"","overlay-type":"","overlay-color":"","overlay-opacity":"","overlay-gradient":""},"mobile":{"background-color":"var(--ast-global-color-5)","background-image":"","background-repeat":"repeat","background-position":"center center","background-size":"auto","background-attachment":"scroll","background-type":"","background-media":"","overlay-type":"","overlay-color":"","overlay-opacity":"","overlay-gradient":""}}},"product_brand":[],"product_cat":[187],"product_tag":[],"class_list":{"0":"post-4540","1":"product","2":"type-product","3":"status-publish","4":"has-post-thumbnail","6":"product_cat-gumka-mocujaca-z-kulka","7":"desktop-align-left","8":"tablet-align-left","9":"mobile-align-left","10":"ast-product-gallery-layout-horizontal","11":"ast-product-tabs-layout-horizontal","13":"first","14":"instock","15":"shipping-taxable","16":"product-type-simple"},"_links":{"self":[{"href":"https:\/\/wimar.net\/uk\/wp-json\/wp\/v2\/product\/4540","targetHints":{"allow":["GET"]}}],"collection":[{"href":"https:\/\/wimar.net\/uk\/wp-json\/wp\/v2\/product"}],"about":[{"href":"https:\/\/wimar.net\/uk\/wp-json\/wp\/v2\/types\/product"}],"version-history":[{"count":2,"href":"https:\/\/wimar.net\/uk\/wp-json\/wp\/v2\/product\/4540\/revisions"}],"predecessor-version":[{"id":6161,"href":"https:\/\/wimar.net\/uk\/wp-json\/wp\/v2\/product\/4540\/revisions\/6161"}],"wp:featuredmedia":[{"embeddable":true,"href":"https:\/\/wimar.net\/uk\/wp-json\/wp\/v2\/media\/4532"}],"wp:attachment":[{"href":"https:\/\/wimar.net\/uk\/wp-json\/wp\/v2\/media?parent=4540"}],"wp:term":[{"taxonomy":"product_brand","embeddable":true,"href":"https:\/\/wimar.net\/uk\/wp-json\/wp\/v2\/product_brand?post=4540"},{"taxonomy":"product_cat","embeddable":true,"href":"https:\/\/wimar.net\/uk\/wp-json\/wp\/v2\/product_cat?post=4540"},{"taxonomy":"product_tag","embeddable":true,"href":"https:\/\/wimar.net\/uk\/wp-json\/wp\/v2\/product_tag?post=4540"}],"curies":[{"name":"wp","href":"https:\/\/api.w.org\/{rel}","templated":true}]}}