{"id":4591,"date":"2025-02-25T08:50:58","date_gmt":"2025-02-25T07:50:58","guid":{"rendered":"https:\/\/wimar.net\/?post_type=product&#038;p=4591"},"modified":"2025-02-25T09:34:45","modified_gmt":"2025-02-25T08:34:45","slug":"%d1%81%d1%82%d0%b5%d0%bf%d0%bb%d0%b5%d1%80-max-ht-r45c-%d1%81%d0%b0%d0%b4%d1%96%d0%b2%d0%bd%d0%b8%d1%87%d0%b8%d0%b9-%d0%bd%d0%b0%d0%b2%d1%87%d0%b0%d0%bb%d1%8c%d0%bd%d0%b8%d0%b9-%d1%81%d1%82%d0%b5","status":"publish","type":"product","link":"https:\/\/wimar.net\/uk\/product-2\/%d1%81%d1%82%d0%b5%d0%bf%d0%bb%d0%b5%d1%80-max-ht-r45c-%d1%81%d0%b0%d0%b4%d1%96%d0%b2%d0%bd%d0%b8%d1%87%d0%b8%d0%b9-%d0%bd%d0%b0%d0%b2%d1%87%d0%b0%d0%bb%d1%8c%d0%bd%d0%b8%d0%b9-%d1%81%d1%82%d0%b5\/","title":{"rendered":"\u0421\u0442\u0435\u043f\u043b\u0435\u0440 \u0434\u043b\u044f \u0434\u0438\u0442\u044f\u0447\u043e\u0457 \u043a\u0456\u043c\u043d\u0430\u0442\u0438 Tapener MAX HT-R45C \u043c\u0456\u0446\u043d\u0438\u0439 \u0447\u0435\u0440\u0432\u043e\u043d\u0438\u0439"},"content":{"rendered":"<h3 data-start=\"0\" data-end=\"66\"><strong data-start=\"0\" data-end=\"64\">\u0421\u0442\u0435\u043f\u043b\u0435\u0440 MAX HT-R45C - \u043f\u043e\u0442\u0443\u0436\u043d\u0438\u0439 \u0447\u0435\u0440\u0432\u043e\u043d\u0438\u0439 \u0440\u043e\u0441\u043b\u0438\u043d\u043d\u0438\u0439 \u0441\u0442\u0435\u043f\u043b\u0435\u0440<\/strong><\/h3>\n<p data-start=\"68\" data-end=\"330\">\u041f\u0456\u0434\u0432'\u044f\u0437\u0443\u0432\u0430\u0447 MAX HT-R45C - \u0446\u0435 \u043f\u0440\u043e\u0444\u0435\u0441\u0456\u0439\u043d\u0438\u0439 \u0456\u043d\u0441\u0442\u0440\u0443\u043c\u0435\u043d\u0442 \u0434\u043b\u044f \u0448\u0432\u0438\u0434\u043a\u043e\u0433\u043e \u0442\u0430 \u0437\u0440\u0443\u0447\u043d\u043e\u0433\u043e \u043f\u0456\u0434\u0432'\u044f\u0437\u0443\u0432\u0430\u043d\u043d\u044f \u0440\u043e\u0441\u043b\u0438\u043d, \u044f\u043a\u0438\u0439 \u0432\u0438\u043a\u043e\u0440\u0438\u0441\u0442\u043e\u0432\u0443\u0454\u0442\u044c\u0441\u044f \u0432 \u0441\u0430\u0434\u0430\u0445, \u0433\u043e\u0440\u043e\u0434\u043d\u0438\u0446\u0442\u0432\u0456 \u0442\u0430 \u0432\u0438\u043d\u043e\u0433\u0440\u0430\u0434\u043d\u0438\u043a\u0430\u0445. \u0412\u0456\u043d \u0434\u043e\u0437\u0432\u043e\u043b\u044f\u0454 \u0435\u0444\u0435\u043a\u0442\u0438\u0432\u043d\u043e \u043f\u0440\u0438\u043a\u0440\u0456\u043f\u043b\u044e\u0432\u0430\u0442\u0438 \u043f\u0430\u0433\u043e\u043d\u0438 \u0434\u043e \u043e\u043f\u043e\u0440, \u0449\u043e \u0441\u043f\u0440\u0438\u044f\u0454 \u043f\u0440\u0430\u0432\u0438\u043b\u044c\u043d\u043e\u043c\u0443 \u0440\u043e\u0441\u0442\u0443 \u0442\u0430 \u043f\u043e\u043b\u0435\u0433\u0448\u0443\u0454 \u0434\u043e\u0433\u043b\u044f\u0434 \u0437\u0430 \u0440\u043e\u0441\u043b\u0438\u043d\u0430\u043c\u0438.<\/p>\n<h3 data-start=\"332\" data-end=\"362\"><strong data-start=\"336\" data-end=\"360\">\u041e\u0441\u043d\u043e\u0432\u043d\u0456 \u0445\u0430\u0440\u0430\u043a\u0442\u0435\u0440\u0438\u0441\u0442\u0438\u043a\u0438:<\/strong><\/h3>\n<ul data-start=\"364\" data-end=\"861\">\n<li data-start=\"364\" data-end=\"466\"><strong data-start=\"366\" data-end=\"383\">\u0421\u0442\u0456\u0439\u043a\u0456\u0441\u0442\u044c:<\/strong> \u041c\u0456\u0446\u043d\u0430 \u043a\u043e\u043d\u0441\u0442\u0440\u0443\u043a\u0446\u0456\u044f \u0437\u0430\u0431\u0435\u0437\u043f\u0435\u0447\u0443\u0454 \u0442\u0440\u0438\u0432\u0430\u043b\u0438\u0439 \u0442\u0435\u0440\u043c\u0456\u043d \u0441\u043b\u0443\u0436\u0431\u0438 \u043d\u0430\u0432\u0456\u0442\u044c \u043f\u0440\u0438 \u0456\u043d\u0442\u0435\u043d\u0441\u0438\u0432\u043d\u043e\u043c\u0443 \u0432\u0438\u043a\u043e\u0440\u0438\u0441\u0442\u0430\u043d\u043d\u0456.<\/li>\n<li data-start=\"467\" data-end=\"559\"><strong data-start=\"469\" data-end=\"492\">\u0417\u0440\u0443\u0447\u043d\u0456\u0441\u0442\u044c \u0432\u0438\u043a\u043e\u0440\u0438\u0441\u0442\u0430\u043d\u043d\u044f:<\/strong> \u0415\u0440\u0433\u043e\u043d\u043e\u043c\u0456\u0447\u043d\u0430 \u0440\u0443\u0447\u043a\u0430 \u0442\u0430 \u043b\u0435\u0433\u043a\u0430 \u043a\u043e\u043d\u0441\u0442\u0440\u0443\u043a\u0446\u0456\u044f \u043c\u0456\u043d\u0456\u043c\u0456\u0437\u0443\u044e\u0442\u044c \u0432\u0442\u043e\u043c\u0443 \u0440\u0443\u043a.<\/li>\n<li data-start=\"560\" data-end=\"659\"><strong data-start=\"562\" data-end=\"581\">\u0428\u0432\u0438\u0434\u043a\u0456\u0441\u0442\u044c \u0440\u043e\u0431\u043e\u0442\u0438:<\/strong> \u0414\u043e\u0437\u0432\u043e\u043b\u044f\u0454 \u043c\u0438\u0442\u0442\u0454\u0432\u043e \u043f\u0456\u0434\u0432'\u044f\u0437\u0443\u0432\u0430\u0442\u0438 \u043a\u0443\u043b\u044c\u0442\u0443\u0440\u0443 \u043e\u0434\u043d\u0438\u043c \u0440\u0443\u0445\u043e\u043c, \u0441\u043a\u043e\u0440\u043e\u0447\u0443\u044e\u0447\u0438 \u0440\u043e\u0431\u043e\u0447\u0438\u0439 \u0447\u0430\u0441.<\/li>\n<li data-start=\"660\" data-end=\"755\"><strong data-start=\"662\" data-end=\"680\">\u0423\u043d\u0456\u0432\u0435\u0440\u0441\u0430\u043b\u044c\u043d\u0456\u0441\u0442\u044c:<\/strong> \u041f\u0456\u0434\u0445\u043e\u0434\u0438\u0442\u044c \u0434\u043b\u044f \u0440\u0456\u0437\u043d\u043e\u043c\u0430\u043d\u0456\u0442\u043d\u0438\u0445 \u0440\u043e\u0441\u043b\u0438\u043d, \u0432\u043a\u043b\u044e\u0447\u0430\u044e\u0447\u0438 \u043f\u043e\u043c\u0456\u0434\u043e\u0440\u0438, \u0432\u0438\u043d\u043e\u0433\u0440\u0430\u0434\u043d\u0443 \u043b\u043e\u0437\u0443 \u0442\u0430 \u043a\u0432\u0456\u0442\u0438.<\/li>\n<li data-start=\"756\" data-end=\"861\"><strong data-start=\"758\" data-end=\"774\">\u0415\u0444\u0435\u043a\u0442\u0438\u0432\u043d\u0456\u0441\u0442\u044c:<\/strong> \u041c\u0456\u0446\u043d\u0438\u0439 \u043c\u0435\u0445\u0430\u043d\u0456\u0437\u043c \u0433\u0430\u0440\u0430\u043d\u0442\u0443\u0454 \u043d\u0430\u0434\u0456\u0439\u043d\u0435 \u043e\u0431\u0432'\u044f\u0437\u0443\u0432\u0430\u043d\u043d\u044f, \u0443\u0441\u0443\u0432\u0430\u044e\u0447\u0438 \u0440\u0438\u0437\u0438\u043a \u043f\u043e\u0448\u043a\u043e\u0434\u0436\u0435\u043d\u043d\u044f \u0440\u043e\u0441\u043b\u0438\u043d.<\/li>\n<li><strong>\u041c\u0430\u0454 \u0432\u0435\u043b\u0438\u043a\u0438\u0439 \u0440\u0435\u0437\u0435\u0440\u0432\u0443\u0430\u0440 \u0434\u043b\u044f \u0437\u0431\u0435\u0440\u0456\u0433\u0430\u043d\u043d\u044f<\/strong> \u0442\u0456\u043b\u044c\u043a\u0438 \u0434\u043b\u044f \u0432\u0438\u043a\u043e\u0440\u0438\u0441\u0442\u0430\u043d\u043d\u044f \u0437\u0456 \u0441\u043f\u0435\u0446\u0456\u0430\u043b\u044c\u043d\u043e\u044e \u0441\u0442\u0440\u0456\u0447\u043a\u043e\u044e <strong>TAPE-10\/15\/25<\/strong><\/li>\n<li><strong>\u0421\u0443\u043c\u0456\u0441\u043d\u0438\u0439<\/strong> \u0437\u0456 \u0437\u043c\u0456\u043d\u043d\u0438\u043c\u0438 \u0441\u0435\u0440\u0456\u044f\u043c\u0438 \u043d\u043e\u0436\u0456\u0432 <strong>HT-R<\/strong><\/li>\n<li><strong>\u0421\u0438\u043b\u044c\u043d\u0456\u0448\u0438\u0439 \u043c\u0435\u0445\u0430\u043d\u0456\u0437\u043c<\/strong> \u043f\u0440\u0430\u0446\u044e\u0432\u0430\u0442\u0438 \u0437 \u043d\u0430\u0434\u0437\u0432\u0438\u0447\u0430\u0439\u043d\u043e \u0441\u0438\u043b\u044c\u043d\u0438\u043c\u0438 <strong>\u0441\u043a\u043e\u0431\u0438<\/strong> <strong>604E-L<\/strong><\/li>\n<\/ul>\n<h3 data-start=\"863\" data-end=\"886\"><strong data-start=\"867\" data-end=\"884\">\u0417\u0430\u044f\u0432\u043a\u0430:<\/strong><\/h3>\n<ul data-start=\"888\" data-end=\"1190\">\n<li data-start=\"888\" data-end=\"955\"><strong data-start=\"890\" data-end=\"906\">\u0421\u0430\u0434\u0456\u0432\u043d\u0438\u0446\u0442\u0432\u043e:<\/strong> \u0406\u0434\u0435\u0430\u043b\u044c\u043d\u043e \u043f\u0456\u0434\u0445\u043e\u0434\u0438\u0442\u044c \u0434\u043b\u044f \u043f\u0456\u0434\u0432'\u044f\u0437\u0443\u0432\u0430\u043d\u043d\u044f \u043c\u043e\u043b\u043e\u0434\u0438\u0445 \u0444\u0440\u0443\u043a\u0442\u043e\u0432\u0438\u0445 \u0434\u0435\u0440\u0435\u0432.<\/li>\n<li data-start=\"956\" data-end=\"1018\"><strong data-start=\"958\" data-end=\"970\">\u0412\u0438\u043d\u043e\u0433\u0440\u0430\u0434\u043d\u0438\u043a\u0438:<\/strong> \u041f\u043e\u043b\u0435\u0433\u0448\u0443\u0454 \u0443\u043f\u0440\u0430\u0432\u043b\u0456\u043d\u043d\u044f \u043b\u043e\u0437\u043e\u044e \u0437\u0430 \u0434\u043e\u043f\u043e\u043c\u043e\u0433\u043e\u044e \u043e\u043f\u043e\u0440.<\/li>\n<li data-start=\"1019\" data-end=\"1110\"><strong data-start=\"1021\" data-end=\"1041\">\u041e\u0432\u043e\u0447\u0435\u0432\u0456 \u043a\u0443\u043b\u044c\u0442\u0443\u0440\u0438:<\/strong> \u0406\u0434\u0435\u0430\u043b\u044c\u043d\u043e \u043f\u0456\u0434\u0445\u043e\u0434\u0438\u0442\u044c \u0434\u043b\u044f \u0444\u0456\u043a\u0441\u0430\u0446\u0456\u0457 \u043f\u043e\u043c\u0456\u0434\u043e\u0440\u0456\u0432, \u043f\u0435\u0440\u0446\u044e \u0442\u0430 \u0456\u043d\u0448\u0438\u0445 \u0432\u0438\u0442\u043a\u0438\u0445 \u043e\u0432\u043e\u0447\u0456\u0432.<\/li>\n<li data-start=\"1111\" data-end=\"1190\"><strong data-start=\"1113\" data-end=\"1137\">\u0414\u0435\u043a\u043e\u0440\u0430\u0442\u0438\u0432\u043d\u0435 \u0441\u0430\u0434\u0456\u0432\u043d\u0438\u0446\u0442\u0432\u043e:<\/strong> \u041a\u043e\u0440\u0438\u0441\u043d\u0438\u0439 \u0434\u043b\u044f \u0444\u043e\u0440\u043c\u0443\u0432\u0430\u043d\u043d\u044f \u043a\u0443\u0447\u0435\u0440\u044f\u0432\u0438\u0445 \u0456 \u0434\u0435\u043a\u043e\u0440\u0430\u0442\u0438\u0432\u043d\u0438\u0445 \u0440\u043e\u0441\u043b\u0438\u043d.<\/li>\n<\/ul>\n<h3 data-start=\"1192\" data-end=\"1248\"><strong data-start=\"1196\" data-end=\"1246\">\u0427\u043e\u043c\u0443 \u0432\u0430\u0440\u0442\u043e \u0432\u0438\u0431\u0440\u0430\u0442\u0438 Tapener MAX HT-R45C?<\/strong><\/h3>\n<p data-start=\"1249\" data-end=\"1481\" data-is-last-node=\"\" data-is-only-node=\"\">\u0426\u0435 \u043d\u0430\u0434\u0456\u0439\u043d\u0438\u0439 \u0456\u043d\u0441\u0442\u0440\u0443\u043c\u0435\u043d\u0442 \u0434\u043b\u044f \u0441\u0430\u0434\u0456\u0432\u043d\u0438\u043a\u0456\u0432 \u0456 \u0444\u0435\u0440\u043c\u0435\u0440\u0456\u0432, \u044f\u043a\u0438\u0439 \u0437\u043d\u0430\u0447\u043d\u043e \u043f\u0440\u0438\u0441\u043a\u043e\u0440\u044e\u0454 \u043e\u0431\u0440\u043e\u0431\u0456\u0442\u043e\u043a \u0491\u0440\u0443\u043d\u0442\u0443. \u0417\u0430\u0432\u0434\u044f\u043a\u0438 \u043c\u0456\u0446\u043d\u0456\u0439 \u043a\u043e\u043d\u0441\u0442\u0440\u0443\u043a\u0446\u0456\u0457, \u0435\u0440\u0433\u043e\u043d\u043e\u043c\u0456\u0447\u043d\u043e\u043c\u0443 \u0434\u0438\u0437\u0430\u0439\u043d\u0443 \u0442\u0430 \u0443\u043d\u0456\u0432\u0435\u0440\u0441\u0430\u043b\u044c\u043d\u043e\u043c\u0443 \u0432\u0438\u043a\u043e\u0440\u0438\u0441\u0442\u0430\u043d\u043d\u044e, \u0432\u0456\u043d \u0454 \u043d\u0435\u0437\u0430\u043c\u0456\u043d\u043d\u0438\u043c \u043f\u043e\u043c\u0456\u0447\u043d\u0438\u043a\u043e\u043c \u0434\u043b\u044f \u0431\u0443\u0434\u044c-\u044f\u043a\u043e\u0433\u043e \u0432\u0438\u0440\u043e\u0449\u0443\u0432\u0430\u043d\u043d\u044f.<\/p>","protected":false},"excerpt":{"rendered":"<p>Tapener MAX HT-R45C \u2013 Mocny, czerwony zszywacz do ro\u015blin Tapener MAX HT-R45C to profesjonalne narz\u0119dzie do szybkiego i wygodnego wi\u0105zania ro\u015blin, wykorzystywane w sadownictwie, ogrodnictwie oraz winnicach. Umo\u017cliwia sprawne przymocowanie p\u0119d\u00f3w do podp\u00f3r, co wspomaga prawid\u0142owy wzrost i u\u0142atwia piel\u0119gnacj\u0119 upraw. Najwa\u017cniejsze cechy: Wytrzyma\u0142o\u015b\u0107: Solidna konstrukcja zapewnia d\u0142ug\u0105 \u017cywotno\u015b\u0107 nawet przy intensywnym u\u017cytkowaniu. Wygoda u\u017cytkowania: [&hellip;]<\/p>","protected":false},"featured_media":4593,"template":"","meta":{"site-sidebar-layout":"default","site-content-layout":"","ast-site-content-layout":"default","site-content-style":"default","site-sidebar-style":"default","ast-global-header-display":"","ast-banner-title-visibility":"","ast-main-header-display":"","ast-hfb-above-header-display":"","ast-hfb-below-header-display":"","ast-hfb-mobile-header-display":"","site-post-title":"","ast-breadcrumbs-content":"","ast-featured-img":"","footer-sml-layout":"","theme-transparent-header-meta":"default","adv-header-id-meta":"","stick-header-meta":"default","header-above-stick-meta":"","header-main-stick-meta":"","header-below-stick-meta":"","astra-migrate-meta-layouts":"set","ast-page-background-enabled":"default","ast-page-background-meta":{"desktop":{"background-color":"var(--ast-global-color-4)","background-image":"","background-repeat":"repeat","background-position":"center center","background-size":"auto","background-attachment":"scroll","background-type":"","background-media":"","overlay-type":"","overlay-color":"","overlay-opacity":"","overlay-gradient":""},"tablet":{"background-color":"","background-image":"","background-repeat":"repeat","background-position":"center center","background-size":"auto","background-attachment":"scroll","background-type":"","background-media":"","overlay-type":"","overlay-color":"","overlay-opacity":"","overlay-gradient":""},"mobile":{"background-color":"","background-image":"","background-repeat":"repeat","background-position":"center center","background-size":"auto","background-attachment":"scroll","background-type":"","background-media":"","overlay-type":"","overlay-color":"","overlay-opacity":"","overlay-gradient":""}},"ast-content-background-meta":{"desktop":{"background-color":"var(--ast-global-color-5)","background-image":"","background-repeat":"repeat","background-position":"center center","background-size":"auto","background-attachment":"scroll","background-type":"","background-media":"","overlay-type":"","overlay-color":"","overlay-opacity":"","overlay-gradient":""},"tablet":{"background-color":"var(--ast-global-color-5)","background-image":"","background-repeat":"repeat","background-position":"center center","background-size":"auto","background-attachment":"scroll","background-type":"","background-media":"","overlay-type":"","overlay-color":"","overlay-opacity":"","overlay-gradient":""},"mobile":{"background-color":"var(--ast-global-color-5)","background-image":"","background-repeat":"repeat","background-position":"center center","background-size":"auto","background-attachment":"scroll","background-type":"","background-media":"","overlay-type":"","overlay-color":"","overlay-opacity":"","overlay-gradient":""}}},"product_brand":[],"product_cat":[327],"product_tag":[],"class_list":{"0":"post-4591","1":"product","2":"type-product","3":"status-publish","4":"has-post-thumbnail","6":"product_cat-tapener-htr-45-c","7":"desktop-align-left","8":"tablet-align-left","9":"mobile-align-left","10":"ast-product-gallery-layout-horizontal","11":"ast-product-tabs-layout-horizontal","13":"first","14":"instock","15":"shipping-taxable","16":"product-type-simple"},"_links":{"self":[{"href":"https:\/\/wimar.net\/uk\/wp-json\/wp\/v2\/product\/4591","targetHints":{"allow":["GET"]}}],"collection":[{"href":"https:\/\/wimar.net\/uk\/wp-json\/wp\/v2\/product"}],"about":[{"href":"https:\/\/wimar.net\/uk\/wp-json\/wp\/v2\/types\/product"}],"version-history":[{"count":2,"href":"https:\/\/wimar.net\/uk\/wp-json\/wp\/v2\/product\/4591\/revisions"}],"predecessor-version":[{"id":7385,"href":"https:\/\/wimar.net\/uk\/wp-json\/wp\/v2\/product\/4591\/revisions\/7385"}],"wp:featuredmedia":[{"embeddable":true,"href":"https:\/\/wimar.net\/uk\/wp-json\/wp\/v2\/media\/4593"}],"wp:attachment":[{"href":"https:\/\/wimar.net\/uk\/wp-json\/wp\/v2\/media?parent=4591"}],"wp:term":[{"taxonomy":"product_brand","embeddable":true,"href":"https:\/\/wimar.net\/uk\/wp-json\/wp\/v2\/product_brand?post=4591"},{"taxonomy":"product_cat","embeddable":true,"href":"https:\/\/wimar.net\/uk\/wp-json\/wp\/v2\/product_cat?post=4591"},{"taxonomy":"product_tag","embeddable":true,"href":"https:\/\/wimar.net\/uk\/wp-json\/wp\/v2\/product_tag?post=4591"}],"curies":[{"name":"wp","href":"https:\/\/api.w.org\/{rel}","templated":true}]}}