{"id":4624,"date":"2025-02-25T10:40:37","date_gmt":"2025-02-25T09:40:37","guid":{"rendered":"https:\/\/wimar.net\/?post_type=product&#038;p=4624"},"modified":"2025-03-25T08:52:34","modified_gmt":"2025-03-25T07:52:34","slug":"%d0%bc%d0%b0%d0%ba%d1%81-%d1%81%d1%82%d1%80%d1%96%d1%87%d0%ba%d0%b0-25-%d0%b4%d0%bb%d1%8f-%d1%81%d0%ba%d0%be%d1%82%d1%87%d1%96%d0%b2-%d0%b4%d0%bb%d1%8f-%d0%bf%d1%96%d0%b4%d0%b2%d1%8f%d0%b7%d1%83","status":"publish","type":"product","link":"https:\/\/wimar.net\/uk\/product-2\/%d0%bc%d0%b0%d0%ba%d1%81-%d1%81%d1%82%d1%80%d1%96%d1%87%d0%ba%d0%b0-25-%d0%b4%d0%bb%d1%8f-%d1%81%d0%ba%d0%be%d1%82%d1%87%d1%96%d0%b2-%d0%b4%d0%bb%d1%8f-%d0%bf%d1%96%d0%b4%d0%b2%d1%8f%d0%b7%d1%83\/","title":{"rendered":"Max Tape-25 \u0434\u043b\u044f \u0441\u043a\u043e\u0442\u0447\u0456\u0432"},"content":{"rendered":"<h3 data-start=\"0\" data-end=\"51\">\u041c\u0430\u043a\u0441\u0438\u043c\u0430\u043b\u044c\u043d\u0430 \u0441\u0442\u0440\u0456\u0447\u043a\u0430 \u0434\u043b\u044f \u0441\u0442\u0440\u0456\u0447\u043a\u043e\u0432\u043e\u0433\u043e \u0442\u0435\u0439\u043f\u0435\u0440\u0430 \u0441\u0435\u0440\u0456\u0457 HT-R<\/h3>\n<p data-start=\"53\" data-end=\"271\">\u0412\u0438\u0441\u043e\u043a\u043e\u044f\u043a\u0456\u0441\u043d\u0430 \u0441\u0442\u0440\u0456\u0447\u043a\u0430, \u043f\u0440\u0438\u0437\u043d\u0430\u0447\u0435\u043d\u0430 \u0434\u043b\u044f \u0441\u0442\u0440\u0456\u0447\u043e\u043a \u0441\u0435\u0440\u0456\u0457 HT-R (HT-R1; HT-R45C), \u0456\u0434\u0435\u0430\u043b\u044c\u043d\u043e \u043f\u0456\u0434\u0445\u043e\u0434\u0438\u0442\u044c \u0434\u043b\u044f \u0448\u0432\u0438\u0434\u043a\u043e\u0433\u043e \u0442\u0430 \u0435\u0444\u0435\u043a\u0442\u0438\u0432\u043d\u043e\u0433\u043e \u043a\u0440\u0456\u043f\u043b\u0435\u043d\u043d\u044f \u0440\u043e\u0441\u043b\u0438\u043d. \u0417\u0430\u0432\u0434\u044f\u043a\u0438 \u0441\u0432\u043e\u0457\u0439 \u043c\u0456\u0446\u043d\u043e\u0441\u0442\u0456 \u0442\u0430 \u0433\u043d\u0443\u0447\u043a\u043e\u0441\u0442\u0456 \u0432\u043e\u043d\u0430 \u043f\u043e\u043b\u0435\u0433\u0448\u0443\u0454 \u0434\u043e\u0433\u043b\u044f\u0434 \u0437\u0430 \u0440\u043e\u0441\u043b\u0438\u043d\u0430\u043c\u0438 \u0442\u0430 \u043e\u0440\u0433\u0430\u043d\u0456\u0437\u0430\u0446\u0456\u044e \u0441\u0430\u0434\u0443.<\/p>\n<h3 data-start=\"273\" data-end=\"299\">\u041e\u0441\u043d\u043e\u0432\u043d\u0456 \u0445\u0430\u0440\u0430\u043a\u0442\u0435\u0440\u0438\u0441\u0442\u0438\u043a\u0438:<\/h3>\n<ul>\n<li data-start=\"300\" data-end=\"720\"><strong data-start=\"302\" data-end=\"318\">\u041d\u0430\u0434\u0456\u0439\u043d\u0456\u0441\u0442\u044c<\/strong> - \u041c\u0456\u0446\u043d\u0430 \u0442\u0430 \u0433\u043d\u0443\u0447\u043a\u0430 \u0441\u0442\u0440\u0456\u0447\u043a\u0430 \u0433\u0430\u0440\u0430\u043d\u0442\u0443\u0454 \u043d\u0430\u0434\u0456\u0439\u043d\u0435 \u0442\u0430 \u0434\u043e\u0432\u0433\u043e\u0442\u0440\u0438\u0432\u0430\u043b\u0435 \u043f\u0456\u0434\u0432'\u044f\u0437\u0443\u0432\u0430\u043d\u043d\u044f \u0440\u043e\u0441\u043b\u0438\u043d.<\/li>\n<li data-start=\"300\" data-end=\"720\"><strong data-start=\"391\" data-end=\"417\">\u0422\u043e\u0447\u043d\u0430 \u043f\u043e\u0441\u0430\u0434\u043a\u0430<\/strong> - \u0412\u0456\u0434\u043f\u043e\u0432\u0456\u0434\u043d\u0430 \u0448\u0438\u0440\u0438\u043d\u0430 (11 \u043c\u043c) \u0456 \u0434\u043e\u0432\u0436\u0438\u043d\u0430 (16 \u043c) \u0437\u0430\u0431\u0435\u0437\u043f\u0435\u0447\u0443\u044e\u0442\u044c \u0435\u0444\u0435\u043a\u0442\u0438\u0432\u043d\u0435 \u0432\u0438\u043a\u043e\u0440\u0438\u0441\u0442\u0430\u043d\u043d\u044f.<\/li>\n<li data-start=\"300\" data-end=\"720\"><strong data-start=\"507\" data-end=\"536\">\u0411\u0435\u0437\u043f\u0435\u043a\u0430 \u0434\u043b\u044f \u0440\u043e\u0441\u043b\u0438\u043d<\/strong> - \u0414\u0435\u043b\u0456\u043a\u0430\u0442\u043d\u0430 \u0441\u0442\u0440\u0443\u043a\u0442\u0443\u0440\u0430 \u0441\u0442\u0440\u0456\u0447\u043a\u0438 \u043d\u0435 \u043f\u043e\u0448\u043a\u043e\u0434\u0436\u0443\u0454 \u0441\u0442\u0435\u0431\u043b\u0430, \u0437\u0430\u0431\u0435\u0437\u043f\u0435\u0447\u0443\u044e\u0447\u0438 \u0437\u0434\u043e\u0440\u043e\u0432\u0438\u0439 \u0440\u0456\u0441\u0442.<\/li>\n<li data-start=\"300\" data-end=\"720\"><strong data-start=\"617\" data-end=\"637\">\u0428\u0432\u0438\u0434\u043a\u0435 \u043d\u0430\u043d\u0435\u0441\u0435\u043d\u043d\u044f<\/strong> - \u041f\u0440\u0438\u0441\u0432\u044f\u0447\u0435\u043d\u0438\u0439 \u0441\u0442\u0440\u0456\u0447\u043a\u0430\u043c \u0441\u0435\u0440\u0456\u0457 HT-R (HT-R1; HT-R45C) \u0434\u043b\u044f \u0437\u0440\u0443\u0447\u043d\u043e\u0441\u0442\u0456 \u0442\u0430 \u0435\u043a\u043e\u043d\u043e\u043c\u0456\u0457 \u0447\u0430\u0441\u0443.<\/li>\n<li data-start=\"300\" data-end=\"720\"><strong>\u0414\u043e\u0432\u0436\u0438\u043d\u0430 \u0440\u0443\u043b\u043e\u043d\u0443<\/strong> - 16 m<\/li>\n<li data-start=\"300\" data-end=\"720\"><strong>\u0422\u043e\u0432\u0449\u0438\u043d\u0430 \u0440\u0435\u043c\u0456\u043d\u0446\u044f<\/strong> - 0,25 \u043c\u043c<\/li>\n<li data-start=\"300\" data-end=\"720\"><strong>\u0428\u0438\u0440\u0438\u043d\u0430 \u0441\u0442\u0440\u0456\u0447\u043a\u0438<\/strong> - 11 \u043c\u043c<\/li>\n<\/ul>\n<h3 data-start=\"722\" data-end=\"741\">\u0417\u0430\u044f\u0432\u043a\u0430:<\/h3>\n<ul>\n<li data-start=\"742\" data-end=\"1048\"><strong data-start=\"745\" data-end=\"769\">\u041d\u0430\u043d\u0438\u0437\u0443\u0432\u0430\u043d\u043d\u044f \u0440\u043e\u0441\u043b\u0438\u043d<\/strong> - \u0406\u0434\u0435\u0430\u043b\u044c\u043d\u043e \u043f\u0456\u0434\u0445\u043e\u0434\u0438\u0442\u044c \u0434\u043b\u044f \u043f\u043e\u043c\u0456\u0434\u043e\u0440\u0456\u0432, \u0432\u0438\u043d\u043e\u0433\u0440\u0430\u0434\u043d\u043e\u0457 \u043b\u043e\u0437\u0438, \u043e\u0433\u0456\u0440\u043a\u0456\u0432 \u0442\u0430 \u0456\u043d\u0448\u0438\u0445 \u0432\u0438\u0442\u043a\u0438\u0445 \u0440\u043e\u0441\u043b\u0438\u043d.<\/li>\n<li data-start=\"742\" data-end=\"1048\"><strong data-start=\"838\" data-end=\"865\">\u041f\u043b\u043e\u0434\u0456\u0432\u043d\u0438\u0446\u0442\u0432\u043e \u0442\u0430 \u0441\u0456\u043b\u044c\u0441\u044c\u043a\u0435 \u0433\u043e\u0441\u043f\u043e\u0434\u0430\u0440\u0441\u0442\u0432\u043e<\/strong> - \u041d\u0435\u0437\u0430\u043c\u0456\u043d\u043d\u0438\u0439 \u0434\u043b\u044f \u0440\u043e\u0437\u0441\u0430\u0434\u043d\u0438\u043a\u0456\u0432 \u0434\u0435\u0440\u0435\u0432 \u0456 \u0441\u0430\u0434\u043e\u0432\u0438\u0445 \u043a\u0443\u043b\u044c\u0442\u0443\u0440.<\/li>\n<li data-start=\"742\" data-end=\"1048\"><strong data-start=\"930\" data-end=\"967\">\u0421\u0430\u0434\u0456\u0432\u043d\u0438\u0446\u0442\u0432\u043e \u0442\u0430 \u0445\u043e\u0431\u0456-\u043a\u0443\u043b\u044c\u0442\u0443\u0440\u0438<\/strong> - \u041f\u043e\u043b\u0435\u0433\u0448\u0443\u0454 \u043e\u0440\u0433\u0430\u043d\u0456\u0437\u0430\u0446\u0456\u044e \u0442\u0430 \u0434\u043e\u0433\u043b\u044f\u0434 \u0437\u0430 \u0440\u043e\u0441\u043b\u0438\u043d\u0430\u043c\u0438 \u0432 \u043f\u043b\u0430\u0441\u0442\u0438\u043a\u043e\u0432\u0438\u0445 \u0442\u0443\u043d\u0435\u043b\u044f\u0445 \u0456 \u0441\u0430\u0434\u0430\u0445.<\/li>\n<\/ul>\n<h3 data-start=\"1050\" data-end=\"1089\">\u0427\u043e\u043c\u0443 \u0432\u0430\u0440\u0442\u043e \u043e\u0431\u0438\u0440\u0430\u0442\u0438 Max Tape?<\/h3>\n<p data-start=\"1090\" data-end=\"1397\" data-is-last-node=\"\" data-is-only-node=\"\">\u0426\u044f \u0441\u0442\u0440\u0456\u0447\u043a\u0430 - \u043d\u0430\u0434\u0456\u0439\u043d\u0435 \u0440\u0456\u0448\u0435\u043d\u043d\u044f \u0434\u043b\u044f \u0444\u0435\u0440\u043c\u0435\u0440\u0456\u0432, \u0441\u0430\u0434\u0456\u0432\u043d\u0438\u043a\u0456\u0432 \u0442\u0430 \u0432\u0438\u043d\u043e\u0433\u0440\u0430\u0434\u0430\u0440\u0456\u0432. \u0412\u043e\u043d\u0430 \u0434\u043e\u0437\u0432\u043e\u043b\u044f\u0454 \u0448\u0432\u0438\u0434\u043a\u043e \u0456 \u0437\u0440\u0443\u0447\u043d\u043e \u043f\u0456\u0434\u0432'\u044f\u0437\u0443\u0432\u0430\u0442\u0438 \u0440\u043e\u0441\u043b\u0438\u043d\u0438, \u043f\u043e\u043a\u0440\u0430\u0449\u0443\u044e\u0447\u0438 \u0457\u0445 \u0440\u0456\u0441\u0442 \u0456 \u0441\u0442\u0456\u0439\u043a\u0456\u0441\u0442\u044c. \u0421\u0443\u043c\u0456\u0441\u043d\u0456\u0441\u0442\u044c \u0437\u0456 \u0441\u0442\u0440\u0456\u0447\u043a\u0430\u043c\u0438 HT-R \u0440\u043e\u0431\u0438\u0442\u044c \u0457\u0457 \u043f\u0440\u0430\u043a\u0442\u0438\u0447\u043d\u0438\u043c \u0442\u0430 \u0435\u0444\u0435\u043a\u0442\u0438\u0432\u043d\u0438\u043c \u0456\u043d\u0441\u0442\u0440\u0443\u043c\u0435\u043d\u0442\u043e\u043c \u0434\u043b\u044f \u043f\u043e\u043a\u0440\u0430\u0449\u0435\u043d\u043d\u044f \u0440\u043e\u0431\u043e\u0442\u0438 \u0432 \u0441\u0430\u0434\u0443 \u0447\u0438 \u043d\u0430 \u043f\u043b\u0430\u043d\u0442\u0430\u0446\u0456\u0457.<\/p>","protected":false},"excerpt":{"rendered":"<p>Ta\u015bma Max do Tapenera serii HT-R Ta\u015bma ta to wysokiej jako\u015bci ta\u015bma przeznaczona do tapener\u00f3w serii HT-R (HT-R1; HT-R45C), idealna do szybkiego i efektywnego mocowania ro\u015blin. Dzi\u0119ki swojej trwa\u0142o\u015bci i elastyczno\u015bci u\u0142atwia prowadzenie upraw i organizacj\u0119 ogrodu. Najwa\u017cniejsze cechy: Wytrzyma\u0142o\u015b\u0107 \u2013 Mocna i elastyczna ta\u015bma zapewnia pewne i trwa\u0142e wi\u0105zanie ro\u015blin. Precyzyjne dopasowanie \u2013 Odpowiednia [&hellip;]<\/p>","protected":false},"featured_media":4626,"template":"","meta":{"site-sidebar-layout":"default","site-content-layout":"","ast-site-content-layout":"default","site-content-style":"default","site-sidebar-style":"default","ast-global-header-display":"","ast-banner-title-visibility":"","ast-main-header-display":"","ast-hfb-above-header-display":"","ast-hfb-below-header-display":"","ast-hfb-mobile-header-display":"","site-post-title":"","ast-breadcrumbs-content":"","ast-featured-img":"","footer-sml-layout":"","theme-transparent-header-meta":"default","adv-header-id-meta":"","stick-header-meta":"default","header-above-stick-meta":"","header-main-stick-meta":"","header-below-stick-meta":"","astra-migrate-meta-layouts":"set","ast-page-background-enabled":"default","ast-page-background-meta":{"desktop":{"background-color":"var(--ast-global-color-4)","background-image":"","background-repeat":"repeat","background-position":"center center","background-size":"auto","background-attachment":"scroll","background-type":"","background-media":"","overlay-type":"","overlay-color":"","overlay-opacity":"","overlay-gradient":""},"tablet":{"background-color":"","background-image":"","background-repeat":"repeat","background-position":"center center","background-size":"auto","background-attachment":"scroll","background-type":"","background-media":"","overlay-type":"","overlay-color":"","overlay-opacity":"","overlay-gradient":""},"mobile":{"background-color":"","background-image":"","background-repeat":"repeat","background-position":"center center","background-size":"auto","background-attachment":"scroll","background-type":"","background-media":"","overlay-type":"","overlay-color":"","overlay-opacity":"","overlay-gradient":""}},"ast-content-background-meta":{"desktop":{"background-color":"var(--ast-global-color-5)","background-image":"","background-repeat":"repeat","background-position":"center center","background-size":"auto","background-attachment":"scroll","background-type":"","background-media":"","overlay-type":"","overlay-color":"","overlay-opacity":"","overlay-gradient":""},"tablet":{"background-color":"var(--ast-global-color-5)","background-image":"","background-repeat":"repeat","background-position":"center center","background-size":"auto","background-attachment":"scroll","background-type":"","background-media":"","overlay-type":"","overlay-color":"","overlay-opacity":"","overlay-gradient":""},"mobile":{"background-color":"var(--ast-global-color-5)","background-image":"","background-repeat":"repeat","background-position":"center center","background-size":"auto","background-attachment":"scroll","background-type":"","background-media":"","overlay-type":"","overlay-color":"","overlay-opacity":"","overlay-gradient":""}}},"product_brand":[],"product_cat":[333],"product_tag":[],"class_list":{"0":"post-4624","1":"product","2":"type-product","3":"status-publish","4":"has-post-thumbnail","6":"product_cat-tasma-25","7":"desktop-align-left","8":"tablet-align-left","9":"mobile-align-left","10":"ast-product-gallery-layout-horizontal","11":"ast-product-tabs-layout-horizontal","13":"first","14":"instock","15":"shipping-taxable","16":"product-type-simple"},"_links":{"self":[{"href":"https:\/\/wimar.net\/uk\/wp-json\/wp\/v2\/product\/4624","targetHints":{"allow":["GET"]}}],"collection":[{"href":"https:\/\/wimar.net\/uk\/wp-json\/wp\/v2\/product"}],"about":[{"href":"https:\/\/wimar.net\/uk\/wp-json\/wp\/v2\/types\/product"}],"version-history":[{"count":3,"href":"https:\/\/wimar.net\/uk\/wp-json\/wp\/v2\/product\/4624\/revisions"}],"predecessor-version":[{"id":6388,"href":"https:\/\/wimar.net\/uk\/wp-json\/wp\/v2\/product\/4624\/revisions\/6388"}],"wp:featuredmedia":[{"embeddable":true,"href":"https:\/\/wimar.net\/uk\/wp-json\/wp\/v2\/media\/4626"}],"wp:attachment":[{"href":"https:\/\/wimar.net\/uk\/wp-json\/wp\/v2\/media?parent=4624"}],"wp:term":[{"taxonomy":"product_brand","embeddable":true,"href":"https:\/\/wimar.net\/uk\/wp-json\/wp\/v2\/product_brand?post=4624"},{"taxonomy":"product_cat","embeddable":true,"href":"https:\/\/wimar.net\/uk\/wp-json\/wp\/v2\/product_cat?post=4624"},{"taxonomy":"product_tag","embeddable":true,"href":"https:\/\/wimar.net\/uk\/wp-json\/wp\/v2\/product_tag?post=4624"}],"curies":[{"name":"wp","href":"https:\/\/api.w.org\/{rel}","templated":true}]}}