{"id":4638,"date":"2025-02-25T11:57:56","date_gmt":"2025-02-25T10:57:56","guid":{"rendered":"https:\/\/wimar.net\/?post_type=product&#038;p=4638"},"modified":"2025-02-25T12:10:54","modified_gmt":"2025-02-25T11:10:54","slug":"%d1%81%d0%ba%d0%be%d0%b1%d0%b8-604e-l-%d0%b4%d0%bb%d1%8f-%d1%81%d1%82%d1%80%d1%96%d1%87%d0%ba%d0%be%d0%b2%d0%be%d0%b3%d0%be-%d1%82%d0%b5%d0%b9%d0%bf%d0%b5%d1%80%d0%b0-max","status":"publish","type":"product","link":"https:\/\/wimar.net\/uk\/product-2\/%d1%81%d0%ba%d0%be%d0%b1%d0%b8-604e-l-%d0%b4%d0%bb%d1%8f-%d1%81%d1%82%d1%80%d1%96%d1%87%d0%ba%d0%be%d0%b2%d0%be%d0%b3%d0%be-%d1%82%d0%b5%d0%b9%d0%bf%d0%b5%d1%80%d0%b0-max\/","title":{"rendered":"\u0421\u043a\u043e\u0431\u0438 604E-L \u0434\u043b\u044f \u0441\u0442\u0440\u0456\u0447\u043a\u043e\u0432\u043e\u0433\u043e \u0442\u0435\u0439\u043f\u0435\u0440\u0430 MAX"},"content":{"rendered":"<h3 data-start=\"94\" data-end=\"134\"><strong data-start=\"94\" data-end=\"132\">\u0421\u043a\u043e\u0431\u0438 604E-L \u0434\u043b\u044f \u0441\u0442\u0440\u0456\u0447\u043a\u043e\u0432\u043e\u0433\u043e \u0442\u0435\u0439\u043f\u0435\u0440\u0430 MAX<\/strong><\/h3>\n<p data-start=\"136\" data-end=\"381\">\u0421\u043a\u043e\u0431\u0438 604E-L - \u0446\u0435 \u0432\u0438\u0441\u043e\u043a\u043e\u044f\u043a\u0456\u0441\u043d\u0456 \u043a\u0440\u0456\u043f\u0438\u043b\u044c\u043d\u0456 \u0435\u043b\u0435\u043c\u0435\u043d\u0442\u0438, \u043f\u0440\u0438\u0437\u043d\u0430\u0447\u0435\u043d\u0456 \u0434\u043b\u044f \u0441\u0442\u0440\u0456\u0447\u043e\u043a MAX HT-R, HT-B. \u0417\u0430\u0432\u0434\u044f\u043a\u0438 \u043c\u0456\u0446\u043d\u0456\u0439 \u043a\u043e\u043d\u0441\u0442\u0440\u0443\u043a\u0446\u0456\u0457 \u0432\u043e\u043d\u0438 \u0437\u0430\u0431\u0435\u0437\u043f\u0435\u0447\u0443\u044e\u0442\u044c \u043c\u0456\u0446\u043d\u0435 \u0442\u0430 \u043d\u0430\u0434\u0456\u0439\u043d\u0435 \u0437'\u0454\u0434\u043d\u0430\u043d\u043d\u044f \u0441\u0442\u0440\u0456\u0447\u043a\u0438, \u0449\u043e \u043f\u043e\u043b\u0435\u0433\u0448\u0443\u0454 \u043f\u0440\u043e\u0446\u0435\u0441 \u043e\u0431\u0432'\u044f\u0437\u043a\u0438 \u0440\u043e\u0441\u043b\u0438\u043d \u0442\u0430 \u043f\u0456\u0434\u0432\u0438\u0449\u0443\u0454 \u0435\u0444\u0435\u043a\u0442\u0438\u0432\u043d\u0456\u0441\u0442\u044c \u0440\u043e\u0431\u043e\u0442\u0438.<\/p>\n<h3 data-start=\"383\" data-end=\"413\"><strong data-start=\"387\" data-end=\"411\">\u041e\u0441\u043d\u043e\u0432\u043d\u0456 \u0445\u0430\u0440\u0430\u043a\u0442\u0435\u0440\u0438\u0441\u0442\u0438\u043a\u0438:<\/strong><\/h3>\n<ul>\n<li data-start=\"415\" data-end=\"849\"><strong data-start=\"417\" data-end=\"441\">\u0422\u043e\u0447\u043d\u0456\u0441\u0442\u044c \u0432\u0438\u0433\u043e\u0442\u043e\u0432\u043b\u0435\u043d\u043d\u044f<\/strong> - \u0433\u0430\u0440\u0430\u043d\u0442\u0443\u044e\u0442\u044c \u043c\u0456\u0446\u043d\u0435 \u0442\u0430 \u0441\u0442\u0430\u0431\u0456\u043b\u044c\u043d\u0435 \u043a\u0440\u0456\u043f\u043b\u0435\u043d\u043d\u044f \u0440\u0435\u043c\u0456\u043d\u0446\u044f.<\/li>\n<li data-start=\"415\" data-end=\"849\"><strong data-start=\"493\" data-end=\"512\">\u0412\u0438\u0441\u043e\u043a\u0430 \u0434\u043e\u0432\u0433\u043e\u0432\u0456\u0447\u043d\u0456\u0441\u0442\u044c<\/strong> - \u0432\u0438\u0433\u043e\u0442\u043e\u0432\u043b\u0435\u043d\u0456 \u0437 \u043a\u043e\u0440\u043e\u0437\u0456\u0439\u043d\u043e\u0441\u0442\u0456\u0439\u043a\u043e\u0433\u043e \u043c\u0435\u0442\u0430\u043b\u0443 \u0434\u043b\u044f \u0442\u0440\u0438\u0432\u0430\u043b\u043e\u0433\u043e \u0442\u0435\u0440\u043c\u0456\u043d\u0443 \u0441\u043b\u0443\u0436\u0431\u0438.<\/li>\n<li data-start=\"415\" data-end=\"849\"><strong data-start=\"588\" data-end=\"606\">\u0421\u0443\u043c\u0456\u0441\u043d\u0456\u0441\u0442\u044c<\/strong> - \u043f\u0440\u0438\u0441\u0432\u044f\u0447\u0435\u043d\u0438\u0439 \u0441\u0442\u0440\u0456\u0447\u043a\u043e\u0432\u043e\u043c\u0443 \u0442\u0435\u0439\u043f\u0435\u0440\u0443 HT-R \u0442\u0430 HT-B.<\/li>\n<li data-start=\"415\" data-end=\"849\"><strong data-start=\"681\" data-end=\"700\">\u041f\u0440\u043e\u0441\u0442\u0435 \u0437\u0430\u0441\u0442\u043e\u0441\u0443\u0432\u0430\u043d\u043d\u044f<\/strong> - \u0434\u043e\u0437\u0432\u043e\u043b\u044f\u044e\u0442\u044c \u0448\u0432\u0438\u0434\u043a\u043e \u0456 \u0437\u0440\u0443\u0447\u043d\u043e \u043f\u0440\u0438\u043a\u0440\u0456\u043f\u043b\u044e\u0432\u0430\u0442\u0438 \u0440\u043e\u0441\u043b\u0438\u043d\u0438 \u0434\u043e \u043e\u043f\u043e\u0440.<\/li>\n<li data-start=\"415\" data-end=\"849\"><strong data-start=\"765\" data-end=\"780\">\u0415\u0444\u0435\u043a\u0442\u0438\u0432\u043d\u0456\u0441\u0442\u044c<\/strong> - \u043f\u043e\u043b\u0435\u0433\u0448\u0438\u0442\u0438 \u0440\u043e\u0431\u043e\u0442\u0443 \u0432 \u0441\u0430\u0434\u0430\u0445, \u0432\u0438\u043d\u043e\u0433\u0440\u0430\u0434\u043d\u0438\u043a\u0430\u0445 \u0442\u0430 \u043d\u0430 \u043e\u0432\u043e\u0447\u0435\u0432\u0438\u0445 \u043f\u043b\u0430\u043d\u0442\u0430\u0446\u0456\u044f\u0445.<\/li>\n<li data-start=\"415\" data-end=\"849\"><strong>\u0420\u043e\u0437\u043c\u0456\u0440\u0438 \u0441\u043a\u043e\u0431\u0438<\/strong> - 6 \u043c\u043c x 4 \u043c\u043c<\/li>\n<li data-start=\"415\" data-end=\"849\"><strong>\u0422\u043e\u0432\u0449\u0438\u043d\u0430<\/strong> - 0,32 \u043c\u043c<\/li>\n<li data-start=\"415\" data-end=\"849\"><strong>\u0428\u0438\u0440\u0438\u043d\u0430<\/strong> - 0,58 \u043c\u043c<\/li>\n<li data-start=\"415\" data-end=\"849\"><strong>\u041f\u0430\u043a\u0443\u0432\u0430\u043d\u043d\u044f<\/strong> - 4800 \u0448\u0442.<\/li>\n<\/ul>\n<h3 data-start=\"851\" data-end=\"874\"><strong data-start=\"855\" data-end=\"872\">\u0417\u0430\u044f\u0432\u043a\u0430:<\/strong><\/h3>\n<ul>\n<li data-start=\"876\" data-end=\"1261\"><strong data-start=\"879\" data-end=\"903\">\u041d\u0430\u043d\u0438\u0437\u0443\u0432\u0430\u043d\u043d\u044f \u0440\u043e\u0441\u043b\u0438\u043d<\/strong> - \u0456\u0434\u0435\u0430\u043b\u044c\u043d\u043e \u043f\u0456\u0434\u0445\u043e\u0434\u0438\u0442\u044c \u0434\u043b\u044f \u0444\u0456\u043a\u0441\u0430\u0446\u0456\u0457 \u043f\u043e\u043c\u0456\u0434\u043e\u0440\u0456\u0432, \u0432\u0438\u043d\u043e\u0433\u0440\u0430\u0434\u043d\u043e\u0457 \u043b\u043e\u0437\u0438, \u043c\u0430\u043b\u0438\u043d\u0438 \u0430\u0431\u043e \u043e\u0433\u0456\u0440\u043a\u0456\u0432.<\/li>\n<li data-start=\"876\" data-end=\"1261\"><strong data-start=\"973\" data-end=\"1004\">\u0422\u0435\u043f\u043b\u0438\u0447\u043d\u0456 \u0442\u0430 \u043f\u043e\u043b\u044c\u043e\u0432\u0456 \u043a\u0443\u043b\u044c\u0442\u0443\u0440\u0438<\/strong> - \u043f\u0456\u0434\u0432\u0438\u0449\u0438\u0442\u0438 \u0437\u0440\u0443\u0447\u043d\u0456\u0441\u0442\u044c \u0456 \u0448\u0432\u0438\u0434\u043a\u0456\u0441\u0442\u044c \u0440\u043e\u0431\u0456\u0442 \u043f\u043e \u0434\u043e\u0433\u043b\u044f\u0434\u0443 \u0437\u0430 \u0440\u043e\u0441\u043b\u0438\u043d\u0430\u043c\u0438.<\/li>\n<li data-start=\"876\" data-end=\"1261\"><strong data-start=\"1072\" data-end=\"1087\">\u0421\u0430\u0434\u0456\u0432\u043d\u0438\u0446\u0442\u0432\u043e<\/strong> - \u0456\u0434\u0435\u0430\u043b\u044c\u043d\u043e \u043f\u0456\u0434\u0445\u043e\u0434\u044f\u0442\u044c \u0434\u043b\u044f \u043f\u0456\u0434\u0432'\u044f\u0437\u0443\u0432\u0430\u043d\u043d\u044f \u043f\u043b\u043e\u0434\u043e\u0432\u0438\u0445 \u0434\u0435\u0440\u0435\u0432 \u0456 \u043a\u0443\u0449\u0456\u0432.<\/li>\n<li data-start=\"876\" data-end=\"1261\"><strong data-start=\"1158\" data-end=\"1178\">\u0421\u0430\u0434\u043e\u0432\u043e-\u043f\u0430\u0440\u043a\u043e\u0432\u0456 \u0440\u043e\u0431\u043e\u0442\u0438<\/strong> - \u043a\u043e\u0440\u0438\u0441\u043d\u0438\u0439 \u044f\u043a \u0434\u043b\u044f \u043f\u0440\u043e\u0444\u0435\u0441\u0456\u0439\u043d\u0438\u0445 \u0432\u0438\u0440\u043e\u0431\u043d\u0438\u043a\u0456\u0432, \u0442\u0430\u043a \u0456 \u0434\u043b\u044f \u0441\u0430\u0434\u0456\u0432\u043d\u0438\u043a\u0456\u0432-\u043b\u044e\u0431\u0438\u0442\u0435\u043b\u0456\u0432.<\/li>\n<\/ul>\n<h3 data-start=\"1263\" data-end=\"1310\"><strong data-start=\"1267\" data-end=\"1308\">\u0427\u043e\u043c\u0443 \u0432\u0430\u0440\u0442\u043e \u043e\u0431\u0440\u0430\u0442\u0438 \u0441\u043a\u043e\u0431\u0438 604E-L?<\/strong><\/h3>\n<p data-start=\"1312\" data-end=\"1635\">\u0421\u043a\u043e\u0431\u0438 604E-L \u0434\u043b\u044f \u0441\u0442\u0440\u0456\u0447\u043e\u043a HT-R, HT-B - \u0446\u0435 \u043d\u0430\u0434\u0456\u0439\u043d\u0435 \u0440\u0456\u0448\u0435\u043d\u043d\u044f \u0434\u043b\u044f \u0442\u0438\u0445, \u0445\u0442\u043e \u0437\u0430\u0439\u043c\u0430\u0454\u0442\u044c\u0441\u044f \u0432\u0438\u0440\u043e\u0449\u0443\u0432\u0430\u043d\u043d\u044f\u043c \u0440\u043e\u0441\u043b\u0438\u043d. \u0412\u0438\u0441\u043e\u043a\u0430 \u044f\u043a\u0456\u0441\u0442\u044c \u0432\u0438\u0433\u043e\u0442\u043e\u0432\u043b\u0435\u043d\u043d\u044f, \u0442\u043e\u0447\u043d\u0435 \u043a\u0440\u0456\u043f\u043b\u0435\u043d\u043d\u044f \u0442\u0430 \u0441\u0442\u0456\u0439\u043a\u0456\u0441\u0442\u044c \u0434\u043e \u043f\u043e\u0433\u043e\u0434\u043d\u0438\u0445 \u0443\u043c\u043e\u0432 \u0440\u043e\u0431\u043b\u044f\u0442\u044c \u0457\u0445 \u043d\u0435\u0437\u0430\u043c\u0456\u043d\u043d\u0438\u043c\u0438 \u0432 \u0441\u0430\u0434\u0456\u0432\u043d\u0438\u0446\u0442\u0432\u0456 \u0442\u0430 \u0433\u043e\u0440\u043e\u0434\u043d\u0438\u0446\u0442\u0432\u0456. \u0412\u043e\u043d\u0438 \u0440\u043e\u0431\u043b\u044f\u0442\u044c \u0440\u043e\u0431\u043e\u0442\u0443 \u0448\u0432\u0438\u0434\u0448\u043e\u044e, \u043b\u0435\u0433\u0448\u043e\u044e \u0442\u0430 \u0435\u0444\u0435\u043a\u0442\u0438\u0432\u043d\u0456\u0448\u043e\u044e.<\/p>","protected":false},"excerpt":{"rendered":"<p>Zszywki 604E-L do tapener\u00f3w MAX Zszywki 604E-L to wysokiej jako\u015bci elementy mocuj\u0105ce, przeznaczone do tapener\u00f3w MAX HT-R, HT-B. Dzi\u0119ki solidnej konstrukcji zapewniaj\u0105 trwa\u0142e i niezawodne \u0142\u0105czenie ta\u015bm, co u\u0142atwia proces podwi\u0105zywania ro\u015blin i zwi\u0119ksza efektywno\u015b\u0107 pracy. Najwa\u017cniejsze cechy: Precyzyjne wykonanie \u2013 gwarantuj\u0105 mocne i stabilne mocowanie ta\u015bmy. Wysoka trwa\u0142o\u015b\u0107 \u2013 wykonane z odpornego na korozj\u0119 [&hellip;]<\/p>","protected":false},"featured_media":4641,"template":"","meta":{"site-sidebar-layout":"default","site-content-layout":"","ast-site-content-layout":"default","site-content-style":"default","site-sidebar-style":"default","ast-global-header-display":"","ast-banner-title-visibility":"","ast-main-header-display":"","ast-hfb-above-header-display":"","ast-hfb-below-header-display":"","ast-hfb-mobile-header-display":"","site-post-title":"","ast-breadcrumbs-content":"","ast-featured-img":"","footer-sml-layout":"","theme-transparent-header-meta":"default","adv-header-id-meta":"","stick-header-meta":"default","header-above-stick-meta":"","header-main-stick-meta":"","header-below-stick-meta":"","astra-migrate-meta-layouts":"set","ast-page-background-enabled":"default","ast-page-background-meta":{"desktop":{"background-color":"var(--ast-global-color-4)","background-image":"","background-repeat":"repeat","background-position":"center center","background-size":"auto","background-attachment":"scroll","background-type":"","background-media":"","overlay-type":"","overlay-color":"","overlay-opacity":"","overlay-gradient":""},"tablet":{"background-color":"","background-image":"","background-repeat":"repeat","background-position":"center center","background-size":"auto","background-attachment":"scroll","background-type":"","background-media":"","overlay-type":"","overlay-color":"","overlay-opacity":"","overlay-gradient":""},"mobile":{"background-color":"","background-image":"","background-repeat":"repeat","background-position":"center center","background-size":"auto","background-attachment":"scroll","background-type":"","background-media":"","overlay-type":"","overlay-color":"","overlay-opacity":"","overlay-gradient":""}},"ast-content-background-meta":{"desktop":{"background-color":"var(--ast-global-color-5)","background-image":"","background-repeat":"repeat","background-position":"center center","background-size":"auto","background-attachment":"scroll","background-type":"","background-media":"","overlay-type":"","overlay-color":"","overlay-opacity":"","overlay-gradient":""},"tablet":{"background-color":"var(--ast-global-color-5)","background-image":"","background-repeat":"repeat","background-position":"center center","background-size":"auto","background-attachment":"scroll","background-type":"","background-media":"","overlay-type":"","overlay-color":"","overlay-opacity":"","overlay-gradient":""},"mobile":{"background-color":"var(--ast-global-color-5)","background-image":"","background-repeat":"repeat","background-position":"center center","background-size":"auto","background-attachment":"scroll","background-type":"","background-media":"","overlay-type":"","overlay-color":"","overlay-opacity":"","overlay-gradient":""}}},"product_brand":[],"product_cat":[337],"product_tag":[],"class_list":{"0":"post-4638","1":"product","2":"type-product","3":"status-publish","4":"has-post-thumbnail","6":"product_cat-zszywki-max-604e-l","7":"desktop-align-left","8":"tablet-align-left","9":"mobile-align-left","10":"ast-product-gallery-layout-horizontal","11":"ast-product-tabs-layout-horizontal","13":"first","14":"instock","15":"shipping-taxable","16":"product-type-simple"},"_links":{"self":[{"href":"https:\/\/wimar.net\/uk\/wp-json\/wp\/v2\/product\/4638","targetHints":{"allow":["GET"]}}],"collection":[{"href":"https:\/\/wimar.net\/uk\/wp-json\/wp\/v2\/product"}],"about":[{"href":"https:\/\/wimar.net\/uk\/wp-json\/wp\/v2\/types\/product"}],"version-history":[{"count":2,"href":"https:\/\/wimar.net\/uk\/wp-json\/wp\/v2\/product\/4638\/revisions"}],"predecessor-version":[{"id":4644,"href":"https:\/\/wimar.net\/uk\/wp-json\/wp\/v2\/product\/4638\/revisions\/4644"}],"wp:featuredmedia":[{"embeddable":true,"href":"https:\/\/wimar.net\/uk\/wp-json\/wp\/v2\/media\/4641"}],"wp:attachment":[{"href":"https:\/\/wimar.net\/uk\/wp-json\/wp\/v2\/media?parent=4638"}],"wp:term":[{"taxonomy":"product_brand","embeddable":true,"href":"https:\/\/wimar.net\/uk\/wp-json\/wp\/v2\/product_brand?post=4638"},{"taxonomy":"product_cat","embeddable":true,"href":"https:\/\/wimar.net\/uk\/wp-json\/wp\/v2\/product_cat?post=4638"},{"taxonomy":"product_tag","embeddable":true,"href":"https:\/\/wimar.net\/uk\/wp-json\/wp\/v2\/product_tag?post=4638"}],"curies":[{"name":"wp","href":"https:\/\/api.w.org\/{rel}","templated":true}]}}