{"id":4645,"date":"2025-02-25T12:20:18","date_gmt":"2025-02-25T11:20:18","guid":{"rendered":"https:\/\/wimar.net\/?post_type=product&#038;p=4645"},"modified":"2025-02-25T13:15:49","modified_gmt":"2025-02-25T12:15:49","slug":"%d1%81%d0%ba%d0%be%d0%b1%d0%b8-g1305m-%d0%b4%d0%bb%d1%8f-%d1%81%d1%82%d0%b5%d0%bf%d0%bb%d0%b5%d1%80%d0%b0-max-hr-stapler-f","status":"publish","type":"product","link":"https:\/\/wimar.net\/uk\/product-2\/%d1%81%d0%ba%d0%be%d0%b1%d0%b8-g1305m-%d0%b4%d0%bb%d1%8f-%d1%81%d1%82%d0%b5%d0%bf%d0%bb%d0%b5%d1%80%d0%b0-max-hr-stapler-f\/","title":{"rendered":"\u0417\u043c\u0456\u043d\u043d\u0456 \u043d\u043e\u0436\u0456 \u0434\u043b\u044f \u0441\u0442\u0440\u0456\u0447\u043a\u043e\u043f\u0440\u043e\u0442\u044f\u0436\u043d\u043e\u0433\u043e \u043f\u0440\u0438\u0441\u0442\u0440\u043e\u044e \u0442\u0438\u043f\u0443 HT-R"},"content":{"rendered":"<h3 data-start=\"0\" data-end=\"41\"><strong data-start=\"0\" data-end=\"39\">\u0417\u043c\u0456\u043d\u043d\u0456 \u043d\u043e\u0436\u0456 \u0434\u043b\u044f \u0441\u0442\u0440\u0456\u0447\u043a\u043e\u043f\u0440\u043e\u0442\u044f\u0436\u043d\u043e\u0433\u043e \u043f\u0440\u0438\u0441\u0442\u0440\u043e\u044e \u0442\u0438\u043f\u0443 HT-R<\/strong><\/h3>\n<p data-start=\"0\" data-end=\"41\">\u0417\u043c\u0456\u043d\u043d\u0456 \u043d\u043e\u0436\u0456 \u0434\u043b\u044f \u0441\u0442\u0440\u0456\u0447\u043a\u043e\u0437\u0432'\u044f\u0437\u0443\u0432\u0430\u0447\u0430 HT-R - \u0446\u0435 \u0432\u0438\u0441\u043e\u043a\u043e\u044f\u043a\u0456\u0441\u043d\u0456 \u043b\u0435\u0437\u0430, \u043f\u0440\u0438\u0437\u043d\u0430\u0447\u0435\u043d\u0456 \u0434\u043b\u044f \u0442\u043e\u0447\u043d\u043e\u0433\u043e \u043e\u0431\u0440\u0456\u0437\u0430\u043d\u043d\u044f \u0441\u0442\u0440\u0456\u0447\u043a\u0438 \u0432 \u043c\u0430\u0448\u0438\u043d\u0430\u0445 \u0434\u043b\u044f \u043e\u0431\u0432'\u044f\u0437\u0443\u0432\u0430\u043d\u043d\u044f \u0441\u0456\u043b\u044c\u0441\u044c\u043a\u043e\u0433\u043e\u0441\u043f\u043e\u0434\u0430\u0440\u0441\u044c\u043a\u0438\u0445 \u043a\u0443\u043b\u044c\u0442\u0443\u0440. \u0412\u0438\u0433\u043e\u0442\u043e\u0432\u043b\u0435\u043d\u0456 \u0437 \u043c\u0456\u0446\u043d\u043e\u0457 \u0441\u0442\u0430\u043b\u0456, \u0432\u043e\u043d\u0438 \u0437\u0430\u0431\u0435\u0437\u043f\u0435\u0447\u0443\u044e\u0442\u044c \u0442\u0440\u0438\u0432\u0430\u043b\u0443 \u0433\u043e\u0441\u0442\u0440\u043e\u0442\u0443 \u0442\u0430 \u043d\u0430\u0434\u0456\u0439\u043d\u0456\u0441\u0442\u044c \u043f\u0456\u0434 \u0447\u0430\u0441 \u0432\u0438\u043a\u043e\u0440\u0438\u0441\u0442\u0430\u043d\u043d\u044f.<\/p>\n<h3 data-start=\"278\" data-end=\"308\"><strong data-start=\"282\" data-end=\"306\">\u041e\u0441\u043d\u043e\u0432\u043d\u0456 \u0445\u0430\u0440\u0430\u043a\u0442\u0435\u0440\u0438\u0441\u0442\u0438\u043a\u0438:<\/strong><\/h3>\n<ul>\n<li data-start=\"309\" data-end=\"807\"><strong data-start=\"312\" data-end=\"328\">\u041d\u0430\u0434\u0456\u0439\u043d\u0456\u0441\u0442\u044c<\/strong> - \u041d\u043e\u0436\u0456 \u0437\u0456 \u0441\u0442\u0430\u043b\u0456 \u0433\u0430\u0440\u0430\u043d\u0442\u0443\u044e\u0442\u044c \u0442\u0440\u0438\u0432\u0430\u043b\u0438\u0439 \u0442\u0435\u0440\u043c\u0456\u043d \u0441\u043b\u0443\u0436\u0431\u0438 \u0456 \u0442\u043e\u0447\u043d\u0435 \u0440\u0456\u0437\u0430\u043d\u043d\u044f.<\/li>\n<li data-start=\"309\" data-end=\"807\"><strong data-start=\"417\" data-end=\"429\">\u0422\u043e\u0447\u043d\u0456\u0441\u0442\u044c<\/strong> - \u0412\u043e\u043d\u0438 \u0437\u0430\u0431\u0435\u0437\u043f\u0435\u0447\u0443\u044e\u0442\u044c \u0447\u0438\u0441\u0442\u0438\u0439 \u0456 \u0442\u043e\u0447\u043d\u0438\u0439 \u0437\u0440\u0456\u0437 \u0441\u0442\u0440\u0456\u0447\u043a\u0438, \u0449\u043e \u043f\u043e\u043b\u0435\u0433\u0448\u0443\u0454 \u043f\u0440\u043e\u0446\u0435\u0441 \u043f\u0456\u0434\u0432'\u044f\u0437\u0443\u0432\u0430\u043d\u043d\u044f \u0440\u043e\u0441\u043b\u0438\u043d.<\/li>\n<li data-start=\"309\" data-end=\"807\"><strong data-start=\"515\" data-end=\"532\">\u041b\u0435\u0433\u043a\u0430 \u0437\u0430\u043c\u0456\u043d\u0430<\/strong> - \u0428\u0432\u0438\u0434\u043a\u0438\u0439 \u0456 \u043f\u0440\u043e\u0441\u0442\u0438\u0439 \u043c\u043e\u043d\u0442\u0430\u0436 \u0437\u0430\u0431\u0435\u0437\u043f\u0435\u0447\u0443\u0454 \u0431\u0435\u0437\u043f\u0440\u043e\u0431\u043b\u0435\u043c\u043d\u0435 \u0442\u0435\u0445\u043d\u0456\u0447\u043d\u0435 \u043e\u0431\u0441\u043b\u0443\u0433\u043e\u0432\u0443\u0432\u0430\u043d\u043d\u044f \u0441\u0442\u0440\u0456\u0447\u043a\u043e\u043f\u0440\u043e\u0442\u044f\u0436\u043d\u043e\u0433\u043e \u043f\u0440\u0438\u0441\u0442\u0440\u043e\u044e.<\/li>\n<li data-start=\"309\" data-end=\"807\"><strong data-start=\"610\" data-end=\"627\">\u0423\u043d\u0456\u0432\u0435\u0440\u0441\u0430\u043b\u044c\u043d\u0456\u0441\u0442\u044c<\/strong> - \u0421\u0443\u043c\u0456\u0441\u043d\u0438\u0439 \u0437\u0456 \u0441\u0442\u0440\u0456\u0447\u043a\u0430\u043c\u0438 \u0442\u0438\u043f\u0456\u0432 HT-R1, HT-R2, HT-RS, HT-B1, HT-S45E, \u044f\u043a\u0456 \u0437\u0430\u0437\u0432\u0438\u0447\u0430\u0439 \u0432\u0438\u043a\u043e\u0440\u0438\u0441\u0442\u043e\u0432\u0443\u044e\u0442\u044c\u0441\u044f \u0443 \u043f\u043b\u043e\u0434\u0456\u0432\u043d\u0438\u0446\u0442\u0432\u0456 \u0442\u0430 \u0441\u0430\u0434\u0456\u0432\u043d\u0438\u0446\u0442\u0432\u0456.<\/li>\n<\/ul>\n<h3 data-start=\"1131\" data-end=\"1182\"><strong data-start=\"1135\" data-end=\"1180\">\u0427\u043e\u043c\u0443 \u0432\u0430\u0440\u0442\u043e \u043e\u0431\u0438\u0440\u0430\u0442\u0438 \u0437\u043c\u0456\u043d\u043d\u0456 \u043b\u0435\u0437\u0430 HT-R?<\/strong><\/h3>\n<p data-start=\"1183\" data-end=\"1481\" data-is-last-node=\"\" data-is-only-node=\"\">\u041d\u043e\u0436\u0456 \u0434\u043b\u044f \u0441\u0442\u0440\u0456\u0447\u043a\u043e\u0432\u0438\u0445 \u043d\u043e\u0436\u0438\u0446\u044c HT-R - \u0446\u0435 \u043d\u0435\u0437\u0430\u043c\u0456\u043d\u043d\u0438\u0439 \u043a\u043e\u043c\u043f\u043e\u043d\u0435\u043d\u0442 \u0434\u043b\u044f \u0431\u0435\u0437\u043f\u0435\u0440\u0435\u0431\u0456\u0439\u043d\u043e\u0457 \u0442\u0430 \u0435\u0444\u0435\u043a\u0442\u0438\u0432\u043d\u043e\u0457 \u0440\u043e\u0431\u043e\u0442\u0438. \u0417\u0430\u0432\u0434\u044f\u043a\u0438 \u043c\u0456\u0446\u043d\u0456\u0439 \u043a\u043e\u043d\u0441\u0442\u0440\u0443\u043a\u0446\u0456\u0457 \u0442\u0430 \u0442\u043e\u0447\u043d\u043e\u043c\u0443 \u0440\u0456\u0437\u0430\u043d\u043d\u044e \u0432\u043e\u043d\u0438 \u0454 \u043d\u0430\u0434\u0456\u0439\u043d\u0438\u043c \u0430\u043a\u0441\u0435\u0441\u0443\u0430\u0440\u043e\u043c \u0434\u043b\u044f \u0432\u0441\u0456\u0445, \u0445\u0442\u043e \u0437\u0430\u0439\u043c\u0430\u0454\u0442\u044c\u0441\u044f \u0434\u043e\u0433\u043b\u044f\u0434\u043e\u043c \u0437\u0430 \u0440\u043e\u0441\u043b\u0438\u043d\u0430\u043c\u0438. \u0414\u043e\u0432\u0433\u043e\u0432\u0456\u0447\u043d\u0456\u0441\u0442\u044c \u0456 \u043f\u0440\u043e\u0441\u0442\u043e\u0442\u0430 \u0437\u0430\u043c\u0456\u043d\u0438 \u0440\u043e\u0431\u043b\u044f\u0442\u044c \u0457\u0445 \u043f\u0440\u0430\u043a\u0442\u0438\u0447\u043d\u0438\u043c \u0432\u0438\u0431\u043e\u0440\u043e\u043c \u043d\u0430 \u0434\u043e\u0432\u0433\u0438\u0439 \u0447\u0430\u0441.<\/p>","protected":false},"excerpt":{"rendered":"<p>No\u017ce wymienne do tapenera typu HT-R No\u017ce wymienne do tapenera HT-R to wysokiej jako\u015bci ostrza przeznaczone do precyzyjnego ci\u0119cia ta\u015bmy w urz\u0105dzeniach do wi\u0105zania ro\u015blin. Wykonane z wytrzyma\u0142ej stali, zapewniaj\u0105 d\u0142ugotrwa\u0142\u0105 ostro\u015b\u0107 i niezawodno\u015b\u0107 podczas u\u017cytkowania. Najwa\u017cniejsze cechy: Wytrzyma\u0142o\u015b\u0107 \u2013 No\u017ce wykonane ze stali gwarantuj\u0105 d\u0142ug\u0105 \u017cywotno\u015b\u0107 i precyzyjne ci\u0119cie. Precyzja \u2013 Zapewniaj\u0105 czyste i [&hellip;]<\/p>","protected":false},"featured_media":4653,"template":"","meta":{"site-sidebar-layout":"default","site-content-layout":"","ast-site-content-layout":"default","site-content-style":"default","site-sidebar-style":"default","ast-global-header-display":"","ast-banner-title-visibility":"","ast-main-header-display":"","ast-hfb-above-header-display":"","ast-hfb-below-header-display":"","ast-hfb-mobile-header-display":"","site-post-title":"","ast-breadcrumbs-content":"","ast-featured-img":"","footer-sml-layout":"","theme-transparent-header-meta":"default","adv-header-id-meta":"","stick-header-meta":"default","header-above-stick-meta":"","header-main-stick-meta":"","header-below-stick-meta":"","astra-migrate-meta-layouts":"set","ast-page-background-enabled":"default","ast-page-background-meta":{"desktop":{"background-color":"var(--ast-global-color-4)","background-image":"","background-repeat":"repeat","background-position":"center center","background-size":"auto","background-attachment":"scroll","background-type":"","background-media":"","overlay-type":"","overlay-color":"","overlay-opacity":"","overlay-gradient":""},"tablet":{"background-color":"","background-image":"","background-repeat":"repeat","background-position":"center center","background-size":"auto","background-attachment":"scroll","background-type":"","background-media":"","overlay-type":"","overlay-color":"","overlay-opacity":"","overlay-gradient":""},"mobile":{"background-color":"","background-image":"","background-repeat":"repeat","background-position":"center center","background-size":"auto","background-attachment":"scroll","background-type":"","background-media":"","overlay-type":"","overlay-color":"","overlay-opacity":"","overlay-gradient":""}},"ast-content-background-meta":{"desktop":{"background-color":"var(--ast-global-color-5)","background-image":"","background-repeat":"repeat","background-position":"center center","background-size":"auto","background-attachment":"scroll","background-type":"","background-media":"","overlay-type":"","overlay-color":"","overlay-opacity":"","overlay-gradient":""},"tablet":{"background-color":"var(--ast-global-color-5)","background-image":"","background-repeat":"repeat","background-position":"center center","background-size":"auto","background-attachment":"scroll","background-type":"","background-media":"","overlay-type":"","overlay-color":"","overlay-opacity":"","overlay-gradient":""},"mobile":{"background-color":"var(--ast-global-color-5)","background-image":"","background-repeat":"repeat","background-position":"center center","background-size":"auto","background-attachment":"scroll","background-type":"","background-media":"","overlay-type":"","overlay-color":"","overlay-opacity":"","overlay-gradient":""}}},"product_brand":[],"product_cat":[342],"product_tag":[],"class_list":{"0":"post-4645","1":"product","2":"type-product","3":"status-publish","4":"has-post-thumbnail","6":"product_cat-noz-do-tapenera-ht-r1ht-s45eht-r45c","7":"desktop-align-left","8":"tablet-align-left","9":"mobile-align-left","10":"ast-product-gallery-layout-horizontal","11":"ast-product-tabs-layout-horizontal","13":"first","14":"instock","15":"shipping-taxable","16":"product-type-simple"},"_links":{"self":[{"href":"https:\/\/wimar.net\/uk\/wp-json\/wp\/v2\/product\/4645","targetHints":{"allow":["GET"]}}],"collection":[{"href":"https:\/\/wimar.net\/uk\/wp-json\/wp\/v2\/product"}],"about":[{"href":"https:\/\/wimar.net\/uk\/wp-json\/wp\/v2\/types\/product"}],"version-history":[{"count":3,"href":"https:\/\/wimar.net\/uk\/wp-json\/wp\/v2\/product\/4645\/revisions"}],"predecessor-version":[{"id":4650,"href":"https:\/\/wimar.net\/uk\/wp-json\/wp\/v2\/product\/4645\/revisions\/4650"}],"wp:featuredmedia":[{"embeddable":true,"href":"https:\/\/wimar.net\/uk\/wp-json\/wp\/v2\/media\/4653"}],"wp:attachment":[{"href":"https:\/\/wimar.net\/uk\/wp-json\/wp\/v2\/media?parent=4645"}],"wp:term":[{"taxonomy":"product_brand","embeddable":true,"href":"https:\/\/wimar.net\/uk\/wp-json\/wp\/v2\/product_brand?post=4645"},{"taxonomy":"product_cat","embeddable":true,"href":"https:\/\/wimar.net\/uk\/wp-json\/wp\/v2\/product_cat?post=4645"},{"taxonomy":"product_tag","embeddable":true,"href":"https:\/\/wimar.net\/uk\/wp-json\/wp\/v2\/product_tag?post=4645"}],"curies":[{"name":"wp","href":"https:\/\/api.w.org\/{rel}","templated":true}]}}