{"id":4669,"date":"2025-02-25T13:59:12","date_gmt":"2025-02-25T12:59:12","guid":{"rendered":"https:\/\/wimar.net\/?post_type=product&#038;p=4669"},"modified":"2025-02-25T14:01:31","modified_gmt":"2025-02-25T13:01:31","slug":"%d1%81%d1%82%d1%80%d1%96%d1%87%d0%ba%d0%b0-%d0%b1%d0%b0%d0%b4%d0%b4%d1%96-%d0%b4%d0%bb%d1%8f-%d1%89%d0%b5%d0%bf%d0%bb%d0%b5%d0%bd%d0%bd%d1%8f-%d1%82%d0%b0-%d0%be%d0%ba%d1%83%d0%bb%d1%96%d1%80%d1%83","status":"publish","type":"product","link":"https:\/\/wimar.net\/uk\/product-2\/%d1%81%d1%82%d1%80%d1%96%d1%87%d0%ba%d0%b0-%d0%b1%d0%b0%d0%b4%d0%b4%d1%96-%d0%b4%d0%bb%d1%8f-%d1%89%d0%b5%d0%bf%d0%bb%d0%b5%d0%bd%d0%bd%d1%8f-%d1%82%d0%b0-%d0%be%d0%ba%d1%83%d0%bb%d1%96%d1%80%d1%83\/","title":{"rendered":"\u0421\u0442\u0440\u0456\u0447\u043a\u0430 Buddy \u0434\u043b\u044f \u043f\u0440\u0438\u0449\u0435\u043f\u043b\u0435\u043d\u043d\u044f \u0442\u0430 \u043e\u043a\u0443\u043b\u0456\u0440\u0443\u0432\u0430\u043d\u043d\u044f 25\u043c\u043c\u044560\u043c \u0431\u0435\u0437 \u043f\u0435\u0440\u0444\u043e\u0440\u0430\u0446\u0456\u0457"},"content":{"rendered":"<h3 data-start=\"0\" data-end=\"72\"><strong data-start=\"0\" data-end=\"72\">\u0421\u0442\u0440\u0456\u0447\u043a\u0430 Buddy \u0434\u043b\u044f \u0449\u0435\u043f\u043b\u0435\u043d\u043d\u044f \u0442\u0430 \u043a\u0430\u0443\u043b\u0456\u0437\u0430\u0446\u0456\u0457<\/strong><\/h3>\n<p data-start=\"74\" data-end=\"328\">\u0421\u0442\u0440\u0456\u0447\u043a\u0430 Buddy Tape - \u0446\u0435 \u0432\u0438\u0441\u043e\u043a\u043e\u044f\u043a\u0456\u0441\u043d\u0438\u0439 \u043f\u0440\u043e\u0434\u0443\u043a\u0442, \u043f\u0440\u0438\u0437\u043d\u0430\u0447\u0435\u043d\u0438\u0439 \u0434\u043b\u044f \u0442\u043e\u0447\u043d\u043e\u0433\u043e \u0449\u0435\u043f\u043b\u0435\u043d\u043d\u044f \u0442\u0430 \u043a\u0430\u043f\u0443\u0441\u0442\u0443\u0432\u0430\u043d\u043d\u044f \u0440\u043e\u0441\u043b\u0438\u043d. \u0417\u0430\u0432\u0434\u044f\u043a\u0438 \u0441\u0432\u043e\u0457\u0439 \u043a\u043e\u043d\u0441\u0442\u0440\u0443\u043a\u0446\u0456\u0457 \u0431\u0435\u0437 \u043f\u0435\u0440\u0444\u043e\u0440\u0430\u0446\u0456\u0457 \u0432\u043e\u043d\u0430 \u0437\u0430\u0431\u0435\u0437\u043f\u0435\u0447\u0443\u0454 \u0440\u0456\u0432\u043d\u043e\u043c\u0456\u0440\u043d\u0435 \u0437\u0447\u0435\u043f\u043b\u0435\u043d\u043d\u044f \u0437 \u043f\u0456\u0434\u0449\u0435\u043f\u043e\u044e \u0442\u0430 \u0456\u0434\u0435\u0430\u043b\u044c\u043d\u0456 \u0443\u043c\u043e\u0432\u0438 \u0434\u043b\u044f \u043f\u0440\u0430\u0432\u0438\u043b\u044c\u043d\u043e\u0433\u043e \u0440\u043e\u0441\u0442\u0443 \u043f\u0440\u0438 \u0449\u0435\u043f\u043b\u0435\u043d\u043d\u0456.<\/p>\n<h3 data-start=\"74\" data-end=\"328\">\u041e\u0441\u043d\u043e\u0432\u043d\u0456 \u0445\u0430\u0440\u0430\u043a\u0442\u0435\u0440\u0438\u0441\u0442\u0438\u043a\u0438:<\/h3>\n<ul>\n<li data-start=\"104\" data-end=\"779\"><strong data-start=\"106\" data-end=\"138\">\u0413\u043d\u0443\u0447\u043a\u0456\u0441\u0442\u044c \u0456 \u0440\u043e\u0437\u0448\u0438\u0440\u044e\u0432\u0430\u043d\u0456\u0441\u0442\u044c<\/strong> - \u0421\u0442\u0440\u0456\u0447\u043a\u0430 \u0456\u0434\u0435\u0430\u043b\u044c\u043d\u043e \u043f\u0440\u0438\u0441\u0442\u043e\u0441\u043e\u0432\u0443\u0454\u0442\u044c\u0441\u044f \u0434\u043e \u043f\u0440\u0438\u0449\u0435\u043f\u043b\u044e\u0432\u0430\u043d\u0438\u0445 \u0440\u043e\u0441\u043b\u0438\u043d, \u0437\u0430\u0431\u0435\u0437\u043f\u0435\u0447\u0443\u044e\u0447\u0438 \u043e\u043f\u0442\u0438\u043c\u0430\u043b\u044c\u043d\u0456 \u0443\u043c\u043e\u0432\u0438 \u0434\u043b\u044f \u0449\u0435\u043f\u043b\u0435\u043d\u043d\u044f. \u0420\u043e\u0437\u0442\u044f\u0433\u0443\u0454\u0442\u044c\u0441\u044f \u0434\u043e 8 \u0440\u0430\u0437\u0456\u0432 \u0432\u0456\u0434 \u043f\u043e\u0447\u0430\u0442\u043a\u043e\u0432\u043e\u0457 \u0434\u043e\u0432\u0436\u0438\u043d\u0438<\/li>\n<li data-start=\"104\" data-end=\"779\"><strong data-start=\"244\" data-end=\"263\">\u0421\u0430\u043c\u043e\u043a\u043b\u0435\u0439\u043a\u0430<\/strong> - \u041f\u0456\u0441\u043b\u044f \u043e\u0431\u0433\u043e\u0440\u0442\u0430\u043d\u043d\u044f \u0432\u043e\u043d\u0430 \u043c'\u044f\u043a\u043e \u043f\u0440\u0438\u043b\u044f\u0433\u0430\u0454 \u0434\u043e \u043f\u043e\u0432\u0435\u0440\u0445\u043d\u0456, \u0443\u0441\u0443\u0432\u0430\u044e\u0447\u0438 \u043d\u0435\u043e\u0431\u0445\u0456\u0434\u043d\u0456\u0441\u0442\u044c \u0434\u043e\u0434\u0430\u0442\u043a\u043e\u0432\u043e\u0433\u043e \u0441\u043a\u0440\u0456\u043f\u043b\u0435\u043d\u043d\u044f.<\/li>\n<li data-start=\"104\" data-end=\"779\"><strong data-start=\"505\" data-end=\"542\">\u041f\u043e\u0432\u0456\u0442\u0440\u043e- \u0442\u0430 \u0432\u043e\u0434\u043e\u043f\u0440\u043e\u043d\u0438\u043a\u043d\u0456\u0441\u0442\u044c<\/strong> - \u0412\u0456\u043d \u0437\u0430\u0431\u0435\u0437\u043f\u0435\u0447\u0443\u0454 \u043d\u0430\u043b\u0435\u0436\u043d\u0456 \u0443\u043c\u043e\u0432\u0438 \u0434\u043b\u044f \u043f\u0440\u043e\u0446\u0435\u0441\u0443 \u0440\u043e\u0441\u0442\u0443 \u0440\u043e\u0441\u043b\u0438\u043d, \u0437\u0430\u0445\u0438\u0449\u0430\u044e\u0447\u0438 \u0457\u0445 \u0432\u0456\u0434 \u043f\u0435\u0440\u0435\u0441\u0443\u0448\u0443\u0432\u0430\u043d\u043d\u044f.<\/li>\n<li data-start=\"104\" data-end=\"779\"><strong data-start=\"651\" data-end=\"669\">\u0411\u0435\u0437 \u043f\u0435\u0440\u0444\u043e\u0440\u0430\u0446\u0456\u0457<\/strong> - \u0420\u0435\u0433\u0443\u043b\u044c\u043e\u0432\u0430\u043d\u0430 \u0434\u043e\u0432\u0436\u0438\u043d\u0430 \u0440\u0435\u043c\u0456\u043d\u0446\u044f \u0431\u0435\u0437 \u043e\u0431\u043c\u0435\u0436\u0435\u043d\u044c \u043f\u0435\u0440\u0444\u043e\u0440\u0430\u0446\u0456\u0457.<\/li>\n<li data-start=\"104\" data-end=\"779\"><strong>\u0428\u0438\u0440\u0438\u043d\u0430<\/strong> - 25 \u043c\u043c<\/li>\n<li data-start=\"104\" data-end=\"779\"><strong>\u0414\u043e\u0432\u0436\u0438\u043d\u0430<\/strong> - 60 m<\/li>\n<li data-start=\"104\" data-end=\"779\"><strong>\u041f\u0430\u043a\u0443\u0432\u0430\u043d\u043d\u044f<\/strong> - 6 \u0448\u0442.<\/li>\n<\/ul>\n<h3 data-start=\"781\" data-end=\"800\"><strong data-start=\"781\" data-end=\"798\">\u0417\u0430\u044f\u0432\u043a\u0430:<\/strong><\/h3>\n<ul>\n<li data-start=\"802\" data-end=\"1094\"><strong data-start=\"805\" data-end=\"864\">\u0429\u0435\u043f\u043b\u0435\u043d\u043d\u044f \u0442\u0430 \u043e\u043a\u0443\u043b\u0456\u0440\u0443\u0432\u0430\u043d\u043d\u044f \u043f\u043b\u043e\u0434\u043e\u0432\u0438\u0445 \u0456 \u0434\u0435\u043a\u043e\u0440\u0430\u0442\u0438\u0432\u043d\u0438\u0445 \u0434\u0435\u0440\u0435\u0432<\/strong> - \u0406\u0434\u0435\u0430\u043b\u044c\u043d\u043e \u043f\u0456\u0434\u0445\u043e\u0434\u0438\u0442\u044c \u0434\u043b\u044f \u0442\u043e\u0447\u043d\u0438\u0445 \u0441\u0430\u0434\u043e\u0432\u0438\u0445 \u0440\u043e\u0431\u0456\u0442.<\/li>\n<li data-start=\"802\" data-end=\"1094\"><strong data-start=\"915\" data-end=\"955\">\u0412\u0438\u0440\u043e\u0449\u0443\u0432\u0430\u043d\u043d\u044f \u0432\u0438\u043d\u043e\u0433\u0440\u0430\u0434\u043d\u043e\u0457 \u043b\u043e\u0437\u0438 \u0442\u0430 \u044f\u0433\u0456\u0434\u043d\u0438\u0445 \u0440\u043e\u0441\u043b\u0438\u043d<\/strong> - \u0421\u043f\u0440\u0438\u044f\u0454 \u0435\u0444\u0435\u043a\u0442\u0438\u0432\u043d\u043e\u043c\u0443 \u0442\u0430 \u0441\u0442\u0456\u0439\u043a\u043e\u043c\u0443 \u043f\u0440\u0438\u0449\u0435\u043f\u043b\u0435\u043d\u043d\u044e.<\/li>\n<li data-start=\"802\" data-end=\"1094\"><strong data-start=\"1003\" data-end=\"1043\">\u0420\u043e\u0437\u0441\u0430\u0434\u043d\u0438\u043a\u0438 \u0440\u043e\u0441\u043b\u0438\u043d \u0442\u0430 \u0431\u043e\u0442\u0430\u043d\u0456\u0447\u043d\u0456 \u0441\u0430\u0434\u0438<\/strong> - \u041d\u0435\u0437\u0430\u043c\u0456\u043d\u043d\u0438\u0439 \u0434\u043b\u044f \u043f\u0440\u043e\u0444\u0435\u0441\u0456\u0439\u043d\u043e\u0457 \u0441\u0435\u043b\u0435\u043a\u0446\u0456\u0457 \u0440\u043e\u0441\u043b\u0438\u043d.<\/li>\n<\/ul>\n<h3 data-start=\"1096\" data-end=\"1398\"><strong data-start=\"1096\" data-end=\"1133\">\u0427\u043e\u043c\u0443 \u0432\u0430\u0440\u0442\u043e \u043e\u0431\u0440\u0430\u0442\u0438 Buddy Tape?<\/strong><\/h3>\n<p data-start=\"1096\" data-end=\"1398\">Buddy Tape - \u0446\u0435 \u043f\u0440\u043e\u0444\u0435\u0441\u0456\u0439\u043d\u0435 \u0440\u0456\u0448\u0435\u043d\u043d\u044f \u0434\u043b\u044f \u0441\u0430\u0434\u0456\u0432\u043d\u0438\u043a\u0456\u0432 \u0442\u0430 \u0432\u0438\u043d\u043e\u0433\u0440\u0430\u0434\u0430\u0440\u0456\u0432, \u044f\u043a\u0435 \u043f\u043e\u0454\u0434\u043d\u0443\u0454 \u0432 \u0441\u043e\u0431\u0456 \u0435\u0444\u0435\u043a\u0442\u0438\u0432\u043d\u0456\u0441\u0442\u044c \u0442\u0430 \u0435\u043a\u043e\u043b\u043e\u0433\u0456\u0447\u043d\u0456\u0441\u0442\u044c. \u0407\u0457 \u0433\u043d\u0443\u0447\u043a\u0456\u0441\u0442\u044c, \u0434\u043e\u0432\u0433\u043e\u0432\u0456\u0447\u043d\u0456\u0441\u0442\u044c \u0456 \u0437\u0434\u0430\u0442\u043d\u0456\u0441\u0442\u044c \u0434\u043e \u0431\u0456\u043e\u043b\u043e\u0433\u0456\u0447\u043d\u043e\u0433\u043e \u0440\u043e\u0437\u043a\u043b\u0430\u0434\u0430\u043d\u043d\u044f \u0440\u043e\u0431\u043b\u044f\u0442\u044c \u043f\u0440\u043e\u0446\u0435\u0441 \u0449\u0435\u043f\u043b\u0435\u043d\u043d\u044f \u0442\u0430 \u043e\u0431\u0440\u0456\u0437\u043a\u0438 \u0449\u0435 \u043f\u0440\u043e\u0441\u0442\u0456\u0448\u0438\u043c \u0456 \u0435\u0444\u0435\u043a\u0442\u0438\u0432\u043d\u0456\u0448\u0438\u043c.<\/p>","protected":false},"excerpt":{"rendered":"<p>Ta\u015bma do szczepienia i okulizacji Buddy Tape Ta\u015bma Buddy Tape to wysokiej jako\u015bci produkt dedykowany do precyzyjnego szczepienia i okulizacji ro\u015blin. Dzi\u0119ki swojej konstrukcji bez perforacji, zapewnia r\u00f3wnomierne przyleganie do podk\u0142adki i idealne warunki do prawid\u0142owego wzrostu przy poszczepianiu. Najwa\u017cniejsze cechy: Elastyczno\u015b\u0107 i rozci\u0105gliwo\u015b\u0107 \u2013 Ta\u015bma doskonale dopasowuje si\u0119 do szczepionych ro\u015blin, zapewniaj\u0105c optymalne warunki [&hellip;]<\/p>","protected":false},"featured_media":4671,"template":"","meta":{"site-sidebar-layout":"default","site-content-layout":"","ast-site-content-layout":"default","site-content-style":"default","site-sidebar-style":"default","ast-global-header-display":"","ast-banner-title-visibility":"","ast-main-header-display":"","ast-hfb-above-header-display":"","ast-hfb-below-header-display":"","ast-hfb-mobile-header-display":"","site-post-title":"","ast-breadcrumbs-content":"","ast-featured-img":"","footer-sml-layout":"","theme-transparent-header-meta":"default","adv-header-id-meta":"","stick-header-meta":"default","header-above-stick-meta":"","header-main-stick-meta":"","header-below-stick-meta":"","astra-migrate-meta-layouts":"set","ast-page-background-enabled":"default","ast-page-background-meta":{"desktop":{"background-color":"var(--ast-global-color-4)","background-image":"","background-repeat":"repeat","background-position":"center center","background-size":"auto","background-attachment":"scroll","background-type":"","background-media":"","overlay-type":"","overlay-color":"","overlay-opacity":"","overlay-gradient":""},"tablet":{"background-color":"","background-image":"","background-repeat":"repeat","background-position":"center center","background-size":"auto","background-attachment":"scroll","background-type":"","background-media":"","overlay-type":"","overlay-color":"","overlay-opacity":"","overlay-gradient":""},"mobile":{"background-color":"","background-image":"","background-repeat":"repeat","background-position":"center center","background-size":"auto","background-attachment":"scroll","background-type":"","background-media":"","overlay-type":"","overlay-color":"","overlay-opacity":"","overlay-gradient":""}},"ast-content-background-meta":{"desktop":{"background-color":"var(--ast-global-color-5)","background-image":"","background-repeat":"repeat","background-position":"center center","background-size":"auto","background-attachment":"scroll","background-type":"","background-media":"","overlay-type":"","overlay-color":"","overlay-opacity":"","overlay-gradient":""},"tablet":{"background-color":"var(--ast-global-color-5)","background-image":"","background-repeat":"repeat","background-position":"center center","background-size":"auto","background-attachment":"scroll","background-type":"","background-media":"","overlay-type":"","overlay-color":"","overlay-opacity":"","overlay-gradient":""},"mobile":{"background-color":"var(--ast-global-color-5)","background-image":"","background-repeat":"repeat","background-position":"center center","background-size":"auto","background-attachment":"scroll","background-type":"","background-media":"","overlay-type":"","overlay-color":"","overlay-opacity":"","overlay-gradient":""}}},"product_brand":[],"product_cat":[354],"product_tag":[],"class_list":{"0":"post-4669","1":"product","2":"type-product","3":"status-publish","4":"has-post-thumbnail","6":"product_cat-tasma-buddy-tape-25x60-bez-perforacji","7":"desktop-align-left","8":"tablet-align-left","9":"mobile-align-left","10":"ast-product-gallery-layout-horizontal","11":"ast-product-tabs-layout-horizontal","13":"first","14":"instock","15":"shipping-taxable","16":"product-type-simple"},"_links":{"self":[{"href":"https:\/\/wimar.net\/uk\/wp-json\/wp\/v2\/product\/4669","targetHints":{"allow":["GET"]}}],"collection":[{"href":"https:\/\/wimar.net\/uk\/wp-json\/wp\/v2\/product"}],"about":[{"href":"https:\/\/wimar.net\/uk\/wp-json\/wp\/v2\/types\/product"}],"version-history":[{"count":2,"href":"https:\/\/wimar.net\/uk\/wp-json\/wp\/v2\/product\/4669\/revisions"}],"predecessor-version":[{"id":7381,"href":"https:\/\/wimar.net\/uk\/wp-json\/wp\/v2\/product\/4669\/revisions\/7381"}],"wp:featuredmedia":[{"embeddable":true,"href":"https:\/\/wimar.net\/uk\/wp-json\/wp\/v2\/media\/4671"}],"wp:attachment":[{"href":"https:\/\/wimar.net\/uk\/wp-json\/wp\/v2\/media?parent=4669"}],"wp:term":[{"taxonomy":"product_brand","embeddable":true,"href":"https:\/\/wimar.net\/uk\/wp-json\/wp\/v2\/product_brand?post=4669"},{"taxonomy":"product_cat","embeddable":true,"href":"https:\/\/wimar.net\/uk\/wp-json\/wp\/v2\/product_cat?post=4669"},{"taxonomy":"product_tag","embeddable":true,"href":"https:\/\/wimar.net\/uk\/wp-json\/wp\/v2\/product_tag?post=4669"}],"curies":[{"name":"wp","href":"https:\/\/api.w.org\/{rel}","templated":true}]}}