{"id":4679,"date":"2025-02-25T14:48:25","date_gmt":"2025-02-25T13:48:25","guid":{"rendered":"https:\/\/wimar.net\/?post_type=product&#038;p=4679"},"modified":"2025-03-24T14:54:22","modified_gmt":"2025-03-24T13:54:22","slug":"%d1%88%d0%bb%d0%b0%d0%bd%d0%b3-%d0%b4%d0%bb%d1%8f-%d1%81%d0%b0%d0%b4%d1%83-3%d1%8505%d0%bc%d0%bc-%d1%87%d0%be%d1%80%d0%bd%d0%b8%d0%b9","status":"publish","type":"product","link":"https:\/\/wimar.net\/uk\/product-2\/%d1%88%d0%bb%d0%b0%d0%bd%d0%b3-%d0%b4%d0%bb%d1%8f-%d1%81%d0%b0%d0%b4%d1%83-3%d1%8505%d0%bc%d0%bc-%d1%87%d0%be%d1%80%d0%bd%d0%b8%d0%b9\/","title":{"rendered":"\u0428\u043b\u0430\u043d\u0433 \u0434\u043b\u044f \u0441\u0430\u0434\u0443 3\u00d70,5 \u043c\u043c \u0447\u043e\u0440\u043d\u0438\u0439 5 \u043a\u0433"},"content":{"rendered":"<h3 data-start=\"0\" data-end=\"31\">\u0421\u0430\u0434\u043e\u0432\u0438\u0439 \u0448\u043b\u0430\u043d\u0433 3\u00d70,5 \u043c\u043c<\/h3>\n<p data-start=\"0\" data-end=\"31\">\u0421\u0430\u0434\u043e\u0432\u0438\u0439 \u0448\u043b\u0430\u043d\u0433 3\u00d70,5 \u043c\u043c - \u0446\u0435 \u0433\u043d\u0443\u0447\u043a\u0435 \u0442\u0430 \u043c\u0456\u0446\u043d\u0435 \u0440\u0456\u0448\u0435\u043d\u043d\u044f \u0434\u043b\u044f \u0444\u0456\u043a\u0441\u0430\u0446\u0456\u0457 \u0442\u0430 \u043f\u0456\u0434\u0442\u0440\u0438\u043c\u043a\u0438 \u0440\u043e\u0441\u043b\u0438\u043d \u0443 \u0441\u0430\u0434\u0430\u0445, \u0433\u043e\u0440\u043e\u0434\u0430\u0445 \u0442\u0430 \u0440\u043e\u0437\u0441\u0430\u0434\u043d\u0438\u043a\u0430\u0445. \u041c\u0430\u044e\u0447\u0438 \u0434\u043e\u0441\u0442\u0430\u0442\u043d\u044e \u0433\u043d\u0443\u0447\u043a\u0456\u0441\u0442\u044c \u0456 \u0441\u0442\u0456\u0439\u043a\u0456\u0441\u0442\u044c \u0434\u043e \u043f\u043e\u0433\u043e\u0434\u043d\u0438\u0445 \u0443\u043c\u043e\u0432, \u0432\u0456\u043d \u0437\u0430\u0431\u0435\u0437\u043f\u0435\u0447\u0443\u0454 \u0441\u0442\u0430\u0431\u0456\u043b\u044c\u043d\u0456\u0441\u0442\u044c \u0440\u043e\u0441\u043b\u0438\u043d, \u043d\u0435 \u043f\u043e\u0448\u043a\u043e\u0434\u0436\u0443\u044e\u0447\u0438 \u0457\u0445.<\/p>\n<h3><strong data-start=\"326\" data-end=\"350\">\u041e\u0441\u043d\u043e\u0432\u043d\u0456 \u0445\u0430\u0440\u0430\u043a\u0442\u0435\u0440\u0438\u0441\u0442\u0438\u043a\u0438:<\/strong><\/h3>\n<ul>\n<li data-start=\"326\" data-end=\"937\"><strong data-start=\"355\" data-end=\"372\">\u0421\u0442\u0456\u0439\u043a\u0456\u0441\u0442\u044c:<\/strong> \u0412\u0438\u0433\u043e\u0442\u043e\u0432\u043b\u0435\u043d\u0438\u0439 \u0437 \u0433\u043d\u0443\u0447\u043a\u043e\u0433\u043e, \u0441\u0442\u0456\u0439\u043a\u043e\u0433\u043e \u0434\u043e \u043f\u043e\u0433\u043e\u0434\u043d\u0438\u0445 \u0443\u043c\u043e\u0432 \u043c\u0430\u0442\u0435\u0440\u0456\u0430\u043b\u0443 \u0434\u043b\u044f \u0442\u0440\u0438\u0432\u0430\u043b\u043e\u0433\u043e \u0442\u0435\u0440\u043c\u0456\u043d\u0443 \u0441\u043b\u0443\u0436\u0431\u0438.<\/li>\n<li data-start=\"326\" data-end=\"937\"><strong data-start=\"477\" data-end=\"494\">\u0413\u043d\u0443\u0447\u043a\u0456\u0441\u0442\u044c:<\/strong> \u0412\u0456\u043d \u043f\u0440\u0438\u0441\u0442\u043e\u0441\u043e\u0432\u0443\u0454\u0442\u044c\u0441\u044f \u0434\u043e \u0440\u043e\u0441\u043b\u0438\u043d\u0438, \u043d\u0435 \u0437\u0430\u0432\u0434\u0430\u044e\u0447\u0438 \u0457\u0439 \u0448\u043a\u043e\u0434\u0438 \u0456 \u043d\u0435 \u0442\u0438\u0441\u043d\u0443\u0447\u0438 \u043d\u0430 \u043d\u0435\u0457.<\/li>\n<li data-start=\"326\" data-end=\"937\"><strong data-start=\"567\" data-end=\"606\">\u0421\u0442\u0456\u0439\u043a\u0456\u0441\u0442\u044c \u0434\u043e \u043f\u043e\u0433\u043e\u0434\u043d\u0438\u0445 \u0443\u043c\u043e\u0432:<\/strong> \u041d\u0435\u0437\u043c\u0456\u043d\u043d\u0430 \u044f\u043a\u0456\u0441\u0442\u044c \u043d\u0430\u0432\u0456\u0442\u044c \u043f\u0440\u0438 \u0442\u0440\u0438\u0432\u0430\u043b\u043e\u043c\u0443 \u0432\u043f\u043b\u0438\u0432\u0456 \u0441\u043e\u043d\u0446\u044f, \u0434\u043e\u0449\u0443 \u0442\u0430 \u043c\u043e\u0440\u043e\u0437\u0443.<\/li>\n<li data-start=\"326\" data-end=\"937\"><strong data-start=\"690\" data-end=\"714\">\u041f\u0440\u043e\u0441\u0442\u043e\u0442\u0430 \u0432\u0438\u043a\u043e\u0440\u0438\u0441\u0442\u0430\u043d\u043d\u044f:<\/strong> \u0411\u0430\u0433\u0430\u0442\u043e\u0440\u0430\u0437\u043e\u0432\u0456, \u043b\u0435\u0433\u043a\u043e \u0432\u0456\u0434\u0440\u0456\u0437\u0430\u044e\u0442\u044c\u0441\u044f \u0434\u043e \u043d\u0435\u043e\u0431\u0445\u0456\u0434\u043d\u043e\u0457 \u0434\u043e\u0432\u0436\u0438\u043d\u0438.<\/li>\n<li data-start=\"326\" data-end=\"937\"><strong data-start=\"795\" data-end=\"813\">\u0423\u043d\u0456\u0432\u0435\u0440\u0441\u0430\u043b\u044c\u043d\u0456\u0441\u0442\u044c:<\/strong> \u041f\u0456\u0434\u0445\u043e\u0434\u0438\u0442\u044c \u0434\u043b\u044f \u0432\u0438\u043a\u043e\u0440\u0438\u0441\u0442\u0430\u043d\u043d\u044f \u0432 \u0441\u0430\u0434\u0430\u0445, \u0433\u043e\u0440\u043e\u0434\u0430\u0445, \u0432\u0438\u043d\u043e\u0433\u0440\u0430\u0434\u043d\u0438\u043a\u0430\u0445 \u0442\u0430 \u0456\u043d\u0448\u0438\u0445 \u0440\u043e\u0441\u043b\u0438\u043d\u0430\u0445, \u0449\u043e \u043f\u043e\u0442\u0440\u0435\u0431\u0443\u044e\u0442\u044c \u0441\u0442\u0430\u0431\u0456\u043b\u0456\u0437\u0430\u0446\u0456\u0457.<\/li>\n<li data-start=\"326\" data-end=\"937\"><strong>\u0414\u0456\u0430\u043c\u0435\u0442\u0440:<\/strong> 3 \u043c\u043c<\/li>\n<li data-start=\"326\" data-end=\"937\"><strong>\u0422\u043e\u0432\u0449\u0438\u043d\u0430 \u0441\u0442\u0456\u043d\u043e\u043a:<\/strong> 0,5 \u043c\u043c<\/li>\n<li data-start=\"326\" data-end=\"937\"><strong>\u0412\u0438\u0441\u0442\u0443\u043f:<\/strong> \u043f\u0440\u0438\u0431\u043b\u0438\u0437\u043d\u043e 130 \u043c\/\u043a\u0433<\/li>\n<li data-start=\"326\" data-end=\"937\"><strong>\u0412\u0430\u0433\u0430:<\/strong> 5 \u043a\u0433<\/li>\n<\/ul>\n<h3><strong data-start=\"939\" data-end=\"956\">\u0417\u0430\u044f\u0432\u043a\u0430:<\/strong><\/h3>\n<ul>\n<li data-start=\"939\" data-end=\"1369\"><strong data-start=\"962\" data-end=\"1007\">\u041f\u0456\u0434\u0432'\u044f\u0437\u043a\u0430 \u043f\u043b\u043e\u0434\u043e\u0432\u0438\u0445 \u0434\u0435\u0440\u0435\u0432 \u0456 \u043a\u0443\u0449\u0456\u0432<\/strong> - \u0406\u0434\u0435\u0430\u043b\u044c\u043d\u043e \u043f\u0456\u0434\u0445\u043e\u0434\u0438\u0442\u044c \u0434\u043b\u044f \u0441\u0442\u0430\u0431\u0456\u043b\u0456\u0437\u0430\u0446\u0456\u0457 \u044f\u0431\u043b\u0443\u043d\u044c, \u0433\u0440\u0443\u0448, \u0432\u0438\u0448\u0435\u043d\u044c \u0442\u0430 \u0456\u043d\u0448\u0438\u0445 \u0440\u043e\u0441\u043b\u0438\u043d.<\/li>\n<li data-start=\"939\" data-end=\"1369\"><strong data-start=\"1083\" data-end=\"1115\">\u0412\u0438\u043d\u043e\u0433\u0440\u0430\u0434\u0430\u0440\u0441\u0442\u0432\u043e \u0442\u0430 \u0432\u0438\u0440\u043e\u0449\u0443\u0432\u0430\u043d\u043d\u044f \u0442\u043e\u043c\u0430\u0442\u0456\u0432<\/strong> - \u043f\u0456\u0434\u0442\u0440\u0438\u043c\u0443\u0454 \u0432\u0438\u0442\u043a\u0456 \u0440\u043e\u0441\u043b\u0438\u043d\u0438, \u043d\u0435 \u043f\u043e\u0448\u043a\u043e\u0434\u0436\u0443\u044e\u0447\u0438 \u0457\u0445.<\/li>\n<li data-start=\"939\" data-end=\"1369\"><strong data-start=\"1175\" data-end=\"1202\">\u0421\u0430\u0434\u043e\u0432\u0456 \u0442\u0430 \u0434\u0435\u0440\u0435\u0432\u043d\u0456 \u0440\u043e\u0437\u0441\u0430\u0434\u043d\u0438\u043a\u0438<\/strong> - \u0441\u043f\u0440\u0438\u044f\u0454 \u0444\u043e\u0440\u043c\u0443\u0432\u0430\u043d\u043d\u044e \u043c\u043e\u043b\u043e\u0434\u0438\u0445 \u0440\u043e\u0441\u043b\u0438\u043d \u0442\u0430 \u0457\u0445 \u043f\u0440\u0430\u0432\u0438\u043b\u044c\u043d\u043e\u043c\u0443 \u0440\u043e\u0441\u0442\u0443.<\/li>\n<li data-start=\"939\" data-end=\"1369\"><strong data-start=\"1273\" data-end=\"1307\">\u0424\u0456\u043a\u0441\u0430\u0446\u0456\u044f \u043a\u043e\u043c\u043f\u043e\u043d\u0435\u043d\u0442\u0456\u0432 \u0443 \u0441\u0430\u0434\u0443<\/strong> - \u0442\u0430\u043a\u043e\u0436 \u043a\u043e\u0440\u0438\u0441\u043d\u0438\u0439 \u0434\u043b\u044f \u043a\u0440\u0456\u043f\u043b\u0435\u043d\u043d\u044f \u043b\u0435\u0433\u043a\u0438\u0445 \u043a\u043e\u043d\u0441\u0442\u0440\u0443\u043a\u0446\u0456\u0439 \u0456 \u0447\u043e\u0445\u043b\u0456\u0432.<\/li>\n<\/ul>\n<h3 data-start=\"1371\" data-end=\"1687\"><strong data-start=\"1371\" data-end=\"1423\">\u0427\u043e\u043c\u0443 \u0432\u0430\u0440\u0442\u043e \u0432\u0438\u0431\u0440\u0430\u0442\u0438 \u0441\u0430\u0434\u043e\u0432\u0438\u0439 \u0448\u043b\u0430\u043d\u0433 3\u00d70,5 \u043c\u043c?<\/strong><\/h3>\n<p data-start=\"1371\" data-end=\"1687\">\u0426\u0435 \u043f\u0440\u0430\u043a\u0442\u0438\u0447\u043d\u0435, \u0434\u043e\u0432\u0433\u043e\u0432\u0456\u0447\u043d\u0435 \u0442\u0430 \u0435\u043a\u043e\u043b\u043e\u0433\u0456\u0447\u043d\u043e \u0447\u0438\u0441\u0442\u0435 \u0440\u0456\u0448\u0435\u043d\u043d\u044f, \u044f\u043a\u0435 \u043f\u043e\u043b\u0435\u0433\u0448\u0443\u0454 \u0434\u043e\u0433\u043b\u044f\u0434 \u0437\u0430 \u0440\u043e\u0441\u043b\u0438\u043d\u0430\u043c\u0438 \u0442\u0430 \u0437\u0430\u0431\u0435\u0437\u043f\u0435\u0447\u0443\u0454 \u0457\u0445 \u043d\u0430\u043b\u0435\u0436\u043d\u0438\u0439 \u0440\u0456\u0441\u0442. \u0417\u0430\u0432\u0434\u044f\u043a\u0438 \u0432\u0438\u0441\u043e\u043a\u0456\u0439 \u044f\u043a\u043e\u0441\u0442\u0456 \u0432\u0438\u0433\u043e\u0442\u043e\u0432\u043b\u0435\u043d\u043d\u044f \u0448\u043b\u0430\u043d\u0433 \u043c\u043e\u0436\u043d\u0430 \u0432\u0438\u043a\u043e\u0440\u0438\u0441\u0442\u043e\u0432\u0443\u0432\u0430\u0442\u0438 \u0431\u0430\u0433\u0430\u0442\u043e\u0440\u0430\u0437\u043e\u0432\u043e, \u0449\u043e \u0440\u043e\u0431\u0438\u0442\u044c \u0439\u043e\u0433\u043e \u0435\u043a\u043e\u043d\u043e\u043c\u0456\u0447\u043d\u0438\u043c \u0432\u0438\u0431\u043e\u0440\u043e\u043c \u0434\u043b\u044f \u0441\u0430\u0434\u0456\u0432\u043d\u0438\u043a\u0456\u0432, \u0433\u043e\u0440\u043e\u0434\u043d\u0438\u043a\u0456\u0432 \u0456 \u043b\u044e\u0431\u0438\u0442\u0435\u043b\u0456\u0432.<\/p>","protected":false},"excerpt":{"rendered":"<p>W\u0105\u017c sadowniczy 3&#215;0,5 mm W\u0119\u017cyk sadowniczy 3&#215;0,5 mm to elastyczne i wytrzyma\u0142e rozwi\u0105zanie przeznaczone do mocowania i podtrzymywania ro\u015blin w sadach, ogrodach oraz szk\u00f3\u0142kach. Dzi\u0119ki odpowiedniej gi\u0119tko\u015bci i odporno\u015bci na warunki atmosferyczne, zapewnia stabilno\u015b\u0107 ro\u015blinom bez ich uszkadzania. Najwa\u017cniejsze cechy: Wytrzyma\u0142o\u015b\u0107: Wykonany z elastycznego, odpornego na warunki zewn\u0119trzne materia\u0142u, kt\u00f3ry zapewnia d\u0142ug\u0105 \u017cywotno\u015b\u0107. Elastyczno\u015b\u0107: Dopasowuje [&hellip;]<\/p>","protected":false},"featured_media":4680,"template":"","meta":{"site-sidebar-layout":"default","site-content-layout":"","ast-site-content-layout":"default","site-content-style":"default","site-sidebar-style":"default","ast-global-header-display":"","ast-banner-title-visibility":"","ast-main-header-display":"","ast-hfb-above-header-display":"","ast-hfb-below-header-display":"","ast-hfb-mobile-header-display":"","site-post-title":"","ast-breadcrumbs-content":"","ast-featured-img":"","footer-sml-layout":"","theme-transparent-header-meta":"default","adv-header-id-meta":"","stick-header-meta":"default","header-above-stick-meta":"","header-main-stick-meta":"","header-below-stick-meta":"","astra-migrate-meta-layouts":"set","ast-page-background-enabled":"default","ast-page-background-meta":{"desktop":{"background-color":"var(--ast-global-color-4)","background-image":"","background-repeat":"repeat","background-position":"center center","background-size":"auto","background-attachment":"scroll","background-type":"","background-media":"","overlay-type":"","overlay-color":"","overlay-opacity":"","overlay-gradient":""},"tablet":{"background-color":"","background-image":"","background-repeat":"repeat","background-position":"center center","background-size":"auto","background-attachment":"scroll","background-type":"","background-media":"","overlay-type":"","overlay-color":"","overlay-opacity":"","overlay-gradient":""},"mobile":{"background-color":"","background-image":"","background-repeat":"repeat","background-position":"center center","background-size":"auto","background-attachment":"scroll","background-type":"","background-media":"","overlay-type":"","overlay-color":"","overlay-opacity":"","overlay-gradient":""}},"ast-content-background-meta":{"desktop":{"background-color":"var(--ast-global-color-5)","background-image":"","background-repeat":"repeat","background-position":"center center","background-size":"auto","background-attachment":"scroll","background-type":"","background-media":"","overlay-type":"","overlay-color":"","overlay-opacity":"","overlay-gradient":""},"tablet":{"background-color":"var(--ast-global-color-5)","background-image":"","background-repeat":"repeat","background-position":"center center","background-size":"auto","background-attachment":"scroll","background-type":"","background-media":"","overlay-type":"","overlay-color":"","overlay-opacity":"","overlay-gradient":""},"mobile":{"background-color":"var(--ast-global-color-5)","background-image":"","background-repeat":"repeat","background-position":"center center","background-size":"auto","background-attachment":"scroll","background-type":"","background-media":"","overlay-type":"","overlay-color":"","overlay-opacity":"","overlay-gradient":""}}},"product_brand":[],"product_cat":[296],"product_tag":[],"class_list":{"0":"post-4679","1":"product","2":"type-product","3":"status-publish","4":"has-post-thumbnail","6":"product_cat-waz-3x05-czarny-5-kg","7":"desktop-align-left","8":"tablet-align-left","9":"mobile-align-left","10":"ast-product-gallery-layout-horizontal","11":"ast-product-tabs-layout-horizontal","13":"first","14":"instock","15":"shipping-taxable","16":"product-type-simple"},"_links":{"self":[{"href":"https:\/\/wimar.net\/uk\/wp-json\/wp\/v2\/product\/4679","targetHints":{"allow":["GET"]}}],"collection":[{"href":"https:\/\/wimar.net\/uk\/wp-json\/wp\/v2\/product"}],"about":[{"href":"https:\/\/wimar.net\/uk\/wp-json\/wp\/v2\/types\/product"}],"version-history":[{"count":3,"href":"https:\/\/wimar.net\/uk\/wp-json\/wp\/v2\/product\/4679\/revisions"}],"predecessor-version":[{"id":7379,"href":"https:\/\/wimar.net\/uk\/wp-json\/wp\/v2\/product\/4679\/revisions\/7379"}],"wp:featuredmedia":[{"embeddable":true,"href":"https:\/\/wimar.net\/uk\/wp-json\/wp\/v2\/media\/4680"}],"wp:attachment":[{"href":"https:\/\/wimar.net\/uk\/wp-json\/wp\/v2\/media?parent=4679"}],"wp:term":[{"taxonomy":"product_brand","embeddable":true,"href":"https:\/\/wimar.net\/uk\/wp-json\/wp\/v2\/product_brand?post=4679"},{"taxonomy":"product_cat","embeddable":true,"href":"https:\/\/wimar.net\/uk\/wp-json\/wp\/v2\/product_cat?post=4679"},{"taxonomy":"product_tag","embeddable":true,"href":"https:\/\/wimar.net\/uk\/wp-json\/wp\/v2\/product_tag?post=4679"}],"curies":[{"name":"wp","href":"https:\/\/api.w.org\/{rel}","templated":true}]}}