{"id":4700,"date":"2025-02-26T09:20:03","date_gmt":"2025-02-26T08:20:03","guid":{"rendered":"https:\/\/wimar.net\/?post_type=product&#038;p=4700"},"modified":"2025-02-26T09:21:16","modified_gmt":"2025-02-26T08:21:16","slug":"%d1%88%d0%bb%d0%b0%d0%bd%d0%b3-%d0%bf%d0%b2%d1%85-%d1%82%d0%be%d0%b2%d1%89%d0%b8%d0%bd%d0%be%d1%8e-35-%d0%bc%d0%bc-%d0%b4%d0%bb%d1%8f-%d1%81%d1%82%d1%80%d1%96%d1%87%d0%ba%d0%be%d0%b2%d0%be%d0%b3%d0%be","status":"publish","type":"product","link":"https:\/\/wimar.net\/uk\/product-2\/%d1%88%d0%bb%d0%b0%d0%bd%d0%b3-%d0%bf%d0%b2%d1%85-%d1%82%d0%be%d0%b2%d1%89%d0%b8%d0%bd%d0%be%d1%8e-35-%d0%bc%d0%bc-%d0%b4%d0%bb%d1%8f-%d1%81%d1%82%d1%80%d1%96%d1%87%d0%ba%d0%be%d0%b2%d0%be%d0%b3%d0%be\/","title":{"rendered":"\u0422\u043e\u0432\u0441\u0442\u043e\u0441\u0442\u0456\u043d\u043d\u0438\u0439 \u0448\u043b\u0430\u043d\u0433 \u041f\u0412\u0425 3,5 \u043c\u043c \u0434\u043b\u044f \u0441\u0442\u0440\u0456\u0447\u043a\u043e\u0432\u043e\u0433\u043e \u0442\u0435\u0439\u043f\u0435\u0440\u0430 HR-F, 1 \u043a\u0433"},"content":{"rendered":"<h3 data-start=\"0\" data-end=\"28\"><strong data-start=\"0\" data-end=\"26\">\u0428\u043b\u0430\u043d\u0433 \u0434\u043b\u044f \u0437\u043d\u044f\u0442\u0442\u044f \u043d\u0430\u043f\u0440\u0443\u0433\u0438 HR-F<\/strong><\/h3>\n<p data-start=\"0\" data-end=\"28\">\u0428\u043b\u0430\u043d\u0433 \u0434\u043b\u044f \u043f\u0456\u0434\u0432'\u044f\u0437\u0443\u0432\u0430\u043d\u043d\u044f HR-F - \u0446\u0435 \u0432\u0438\u0441\u043e\u043a\u043e\u044f\u043a\u0456\u0441\u043d\u0438\u0439 \u043f\u0440\u043e\u0434\u0443\u043a\u0442, \u043f\u0440\u0438\u0437\u043d\u0430\u0447\u0435\u043d\u0438\u0439 \u0434\u043b\u044f \u043f\u0456\u0434\u0432'\u044f\u0437\u0443\u0432\u0430\u043d\u043d\u044f \u0440\u043e\u0441\u043b\u0438\u043d \u0443 \u0441\u0430\u0434\u0430\u0445, \u0432\u0438\u043d\u043e\u0433\u0440\u0430\u0434\u043d\u0438\u043a\u0430\u0445 \u0442\u0430 \u0441\u0430\u0434\u0456\u0432\u043d\u0438\u0446\u0442\u0432\u0456. \u0412\u0438\u0433\u043e\u0442\u043e\u0432\u043b\u0435\u043d\u0438\u0439 \u0437 \u0433\u043d\u0443\u0447\u043a\u043e\u0433\u043e \u0442\u0430 \u043c\u0456\u0446\u043d\u043e\u0433\u043e \u043c\u0430\u0442\u0435\u0440\u0456\u0430\u043b\u0443, \u0432\u0456\u043d \u0437\u0430\u0431\u0435\u0437\u043f\u0435\u0447\u0443\u0454 \u0441\u0442\u0430\u0431\u0456\u043b\u044c\u043d\u0435 \u0442\u0430 \u043d\u0430\u0434\u0456\u0439\u043d\u0435 \u043f\u0440\u0438\u043a\u0440\u0456\u043f\u043b\u0435\u043d\u043d\u044f \u043f\u0430\u0433\u043e\u043d\u0456\u0432 \u0434\u043e \u043e\u043f\u043e\u0440, \u0441\u043f\u0440\u0438\u044f\u044e\u0447\u0438 \u043f\u0440\u0430\u0432\u0438\u043b\u044c\u043d\u043e\u043c\u0443 \u0440\u043e\u0441\u0442\u0443 \u0440\u043e\u0441\u043b\u0438\u043d.<\/p>\n<h3 data-start=\"321\" data-end=\"796\"><strong data-start=\"321\" data-end=\"345\">\u041e\u0441\u043d\u043e\u0432\u043d\u0456 \u0445\u0430\u0440\u0430\u043a\u0442\u0435\u0440\u0438\u0441\u0442\u0438\u043a\u0438:<\/strong><\/h3>\n<ul>\n<li data-start=\"321\" data-end=\"796\"><strong data-start=\"350\" data-end=\"367\">\u0421\u0442\u0456\u0439\u043a\u0456\u0441\u0442\u044c:<\/strong> \u0421\u0442\u0456\u0439\u043a\u0438\u0439 \u0434\u043e \u0440\u043e\u0437\u0442\u044f\u0433\u0443\u0432\u0430\u043d\u043d\u044f \u0442\u0430 \u0440\u043e\u0437\u0440\u0438\u0432\u0456\u0432, \u0456\u0434\u0435\u0430\u043b\u044c\u043d\u043e \u043f\u0456\u0434\u0445\u043e\u0434\u0438\u0442\u044c \u0434\u043b\u044f \u0456\u043d\u0442\u0435\u043d\u0441\u0438\u0432\u043d\u043e\u0433\u043e \u0432\u0438\u043a\u043e\u0440\u0438\u0441\u0442\u0430\u043d\u043d\u044f.<\/li>\n<li data-start=\"321\" data-end=\"796\"><strong data-start=\"533\" data-end=\"572\">\u0421\u0442\u0456\u0439\u043a\u0456\u0441\u0442\u044c \u0434\u043e \u043f\u043e\u0433\u043e\u0434\u043d\u0438\u0445 \u0443\u043c\u043e\u0432:<\/strong> \u0414\u043e\u0431\u0440\u0435 \u043f\u0435\u0440\u0435\u043d\u043e\u0441\u0438\u0442\u044c \u0432\u043e\u043b\u043e\u0433\u0443, \u0443\u043b\u044c\u0442\u0440\u0430\u0444\u0456\u043e\u043b\u0435\u0442\u043e\u0432\u0435 \u0432\u0438\u043f\u0440\u043e\u043c\u0456\u043d\u044e\u0432\u0430\u043d\u043d\u044f \u0456 \u043f\u0435\u0440\u0435\u043f\u0430\u0434\u0438 \u0442\u0435\u043c\u043f\u0435\u0440\u0430\u0442\u0443\u0440.<\/li>\n<li data-start=\"321\" data-end=\"796\"><b>\u0414\u0456\u0430\u043c\u0435\u0442\u0440: <\/b>3,5 \u043c\u043c<\/li>\n<\/ul>\n<h3 data-start=\"798\" data-end=\"1170\"><strong data-start=\"798\" data-end=\"815\">\u0417\u0430\u044f\u0432\u043a\u0430:<\/strong><\/h3>\n<ul>\n<li data-start=\"798\" data-end=\"1170\"><strong data-start=\"821\" data-end=\"837\">\u0421\u0430\u0434\u0456\u0432\u043d\u0438\u0446\u0442\u0432\u043e:<\/strong> \u0424\u0456\u043a\u0441\u0430\u0446\u0456\u044f \u0444\u0440\u0443\u043a\u0442\u043e\u0432\u0438\u0445 \u0434\u0435\u0440\u0435\u0432, \u0442\u0430\u043a\u0438\u0445 \u044f\u043a \u044f\u0431\u043b\u0443\u043d\u0456, \u0433\u0440\u0443\u0448\u0456 \u0430\u0431\u043e \u0432\u0438\u0448\u043d\u0456.<\/li>\n<li data-start=\"798\" data-end=\"1170\"><strong data-start=\"910\" data-end=\"922\">\u0412\u0438\u043d\u043e\u0433\u0440\u0430\u0434\u043d\u0438\u043a\u0438:<\/strong> \u041f\u0456\u0434\u0432'\u044f\u0437\u0443\u0432\u0430\u043d\u043d\u044f \u043b\u043e\u0437\u0438 \u0434\u043b\u044f \u043e\u043f\u0442\u0438\u043c\u0430\u043b\u044c\u043d\u043e\u0433\u043e \u0440\u043e\u0437\u0432\u0438\u0442\u043a\u0443 \u043f\u0430\u0433\u043e\u043d\u0456\u0432.<\/li>\n<li data-start=\"798\" data-end=\"1170\"><strong data-start=\"986\" data-end=\"1002\">\u0421\u0430\u0434\u0456\u0432\u043d\u0438\u0446\u0442\u0432\u043e:<\/strong> \u0421\u0442\u0430\u0431\u0456\u043b\u0456\u0437\u0430\u0446\u0456\u044f \u043f\u0430\u0433\u043e\u043d\u0456\u0432 \u043a\u0432\u0456\u0442\u0456\u0432 \u0456 \u043a\u0443\u0449\u0456\u0432, \u043d\u0430\u043f\u0440\u0438\u043a\u043b\u0430\u0434, \u0442\u0440\u043e\u044f\u043d\u0434, \u0442\u043e\u043c\u0430\u0442\u0456\u0432 \u0430\u0431\u043e \u043e\u0433\u0456\u0440\u043a\u0456\u0432.<\/li>\n<li data-start=\"798\" data-end=\"1170\"><strong data-start=\"1078\" data-end=\"1109\">\u0422\u0435\u043f\u043b\u0438\u0446\u0456 \u0442\u0430 \u0442\u0443\u043d\u0435\u043b\u0456 \u0437 \u0444\u043e\u043b\u044c\u0433\u0438:<\/strong> \u041f\u0456\u0434\u0442\u0440\u0438\u043c\u043a\u0430 \u0440\u043e\u0441\u043b\u0438\u043d, \u0432\u0438\u0440\u043e\u0449\u0435\u043d\u0438\u0445 \u0443 \u043a\u043e\u043d\u0442\u0440\u043e\u043b\u044c\u043e\u0432\u0430\u043d\u0438\u0445 \u0443\u043c\u043e\u0432\u0430\u0445.<\/li>\n<\/ul>\n<h3 data-start=\"1172\" data-end=\"1492\"><strong data-start=\"1172\" data-end=\"1221\">\u0427\u043e\u043c\u0443 \u0432\u0430\u0440\u0442\u043e \u043e\u0431\u0440\u0430\u0442\u0438 \u0441\u0442\u0440\u0456\u0447\u043a\u043e\u0432\u0438\u0439 \u0448\u043b\u0430\u043d\u0433 HR-F?<\/strong><\/h3>\n<p data-start=\"1172\" data-end=\"1492\">\u0428\u043b\u0430\u043d\u0433 \u0434\u043b\u044f \u0448\u043b\u0430\u043d\u0433\u0430 HR-F - \u0446\u0435 \u043d\u0435\u0437\u0430\u043c\u0456\u043d\u043d\u0438\u0439 \u0456\u043d\u0441\u0442\u0440\u0443\u043c\u0435\u043d\u0442 \u0434\u043b\u044f \u0441\u0430\u0434\u0456\u0432\u043d\u0438\u043a\u0456\u0432 \u0456 \u0444\u0435\u0440\u043c\u0435\u0440\u0456\u0432, \u044f\u043a\u0456 \u0446\u0456\u043d\u0443\u044e\u0442\u044c \u0437\u0440\u0443\u0447\u043d\u0456\u0441\u0442\u044c, \u0434\u043e\u0432\u0433\u043e\u0432\u0456\u0447\u043d\u0456\u0441\u0442\u044c \u0456 \u0435\u0444\u0435\u043a\u0442\u0438\u0432\u043d\u0456\u0441\u0442\u044c. \u0417\u0430\u0432\u0434\u044f\u043a\u0438 \u0432\u0438\u0441\u043e\u043a\u0456\u0439 \u044f\u043a\u043e\u0441\u0442\u0456 \u0432\u0438\u0433\u043e\u0442\u043e\u0432\u043b\u0435\u043d\u043d\u044f \u0442\u0430 \u0443\u043d\u0456\u0432\u0435\u0440\u0441\u0430\u043b\u044c\u043d\u043e\u043c\u0443 \u0432\u0438\u043a\u043e\u0440\u0438\u0441\u0442\u0430\u043d\u043d\u044e, \u0432\u0456\u043d \u0454 \u0456\u0434\u0435\u0430\u043b\u044c\u043d\u0438\u043c \u0440\u0456\u0448\u0435\u043d\u043d\u044f\u043c \u0434\u043b\u044f \u043f\u0440\u043e\u0444\u0435\u0441\u0456\u0439\u043d\u043e\u0433\u043e \u043e\u0431\u0440\u043e\u0431\u0456\u0442\u043a\u0443 \u0491\u0440\u0443\u043d\u0442\u0443 \u0442\u0430 \u043f\u0440\u0438\u0441\u0430\u0434\u0438\u0431\u043d\u0438\u0445 \u0434\u0456\u043b\u044f\u043d\u043e\u043a.<\/p>","protected":false},"excerpt":{"rendered":"<p>W\u0119\u017cyk do tapenera HR-F W\u0119\u017cyk do tapenera HR-F to wysokiej jako\u015bci produkt przeznaczony do wi\u0105zania ro\u015blin w sadownictwie, winnicach oraz ogrodnictwie. Wykonany z elastycznego i trwa\u0142ego materia\u0142u, zapewnia stabilne i bezpieczne mocowanie p\u0119d\u00f3w do podp\u00f3r, wspieraj\u0105c prawid\u0142owy wzrost ro\u015blin. Najwa\u017cniejsze cechy: Wytrzyma\u0142o\u015b\u0107: Odporny na rozci\u0105ganie i zerwanie, idealny do intensywnego u\u017cytkowania. Odporno\u015b\u0107 na warunki atmosferyczne: [&hellip;]<\/p>","protected":false},"featured_media":4696,"template":"","meta":{"site-sidebar-layout":"default","site-content-layout":"","ast-site-content-layout":"default","site-content-style":"default","site-sidebar-style":"default","ast-global-header-display":"","ast-banner-title-visibility":"","ast-main-header-display":"","ast-hfb-above-header-display":"","ast-hfb-below-header-display":"","ast-hfb-mobile-header-display":"","site-post-title":"","ast-breadcrumbs-content":"","ast-featured-img":"","footer-sml-layout":"","theme-transparent-header-meta":"default","adv-header-id-meta":"","stick-header-meta":"default","header-above-stick-meta":"","header-main-stick-meta":"","header-below-stick-meta":"","astra-migrate-meta-layouts":"set","ast-page-background-enabled":"default","ast-page-background-meta":{"desktop":{"background-color":"var(--ast-global-color-4)","background-image":"","background-repeat":"repeat","background-position":"center center","background-size":"auto","background-attachment":"scroll","background-type":"","background-media":"","overlay-type":"","overlay-color":"","overlay-opacity":"","overlay-gradient":""},"tablet":{"background-color":"","background-image":"","background-repeat":"repeat","background-position":"center center","background-size":"auto","background-attachment":"scroll","background-type":"","background-media":"","overlay-type":"","overlay-color":"","overlay-opacity":"","overlay-gradient":""},"mobile":{"background-color":"","background-image":"","background-repeat":"repeat","background-position":"center center","background-size":"auto","background-attachment":"scroll","background-type":"","background-media":"","overlay-type":"","overlay-color":"","overlay-opacity":"","overlay-gradient":""}},"ast-content-background-meta":{"desktop":{"background-color":"var(--ast-global-color-5)","background-image":"","background-repeat":"repeat","background-position":"center center","background-size":"auto","background-attachment":"scroll","background-type":"","background-media":"","overlay-type":"","overlay-color":"","overlay-opacity":"","overlay-gradient":""},"tablet":{"background-color":"var(--ast-global-color-5)","background-image":"","background-repeat":"repeat","background-position":"center center","background-size":"auto","background-attachment":"scroll","background-type":"","background-media":"","overlay-type":"","overlay-color":"","overlay-opacity":"","overlay-gradient":""},"mobile":{"background-color":"var(--ast-global-color-5)","background-image":"","background-repeat":"repeat","background-position":"center center","background-size":"auto","background-attachment":"scroll","background-type":"","background-media":"","overlay-type":"","overlay-color":"","overlay-opacity":"","overlay-gradient":""}}},"product_brand":[],"product_cat":[345],"product_tag":[],"class_list":{"0":"post-4700","1":"product","2":"type-product","3":"status-publish","4":"has-post-thumbnail","6":"product_cat-waz-pcv-do-tapenera-hrf-a-1-kg-35mm","7":"desktop-align-left","8":"tablet-align-left","9":"mobile-align-left","10":"ast-product-gallery-layout-horizontal","11":"ast-product-tabs-layout-horizontal","13":"first","14":"instock","15":"shipping-taxable","16":"product-type-simple"},"_links":{"self":[{"href":"https:\/\/wimar.net\/uk\/wp-json\/wp\/v2\/product\/4700","targetHints":{"allow":["GET"]}}],"collection":[{"href":"https:\/\/wimar.net\/uk\/wp-json\/wp\/v2\/product"}],"about":[{"href":"https:\/\/wimar.net\/uk\/wp-json\/wp\/v2\/types\/product"}],"version-history":[{"count":1,"href":"https:\/\/wimar.net\/uk\/wp-json\/wp\/v2\/product\/4700\/revisions"}],"predecessor-version":[{"id":4701,"href":"https:\/\/wimar.net\/uk\/wp-json\/wp\/v2\/product\/4700\/revisions\/4701"}],"wp:featuredmedia":[{"embeddable":true,"href":"https:\/\/wimar.net\/uk\/wp-json\/wp\/v2\/media\/4696"}],"wp:attachment":[{"href":"https:\/\/wimar.net\/uk\/wp-json\/wp\/v2\/media?parent=4700"}],"wp:term":[{"taxonomy":"product_brand","embeddable":true,"href":"https:\/\/wimar.net\/uk\/wp-json\/wp\/v2\/product_brand?post=4700"},{"taxonomy":"product_cat","embeddable":true,"href":"https:\/\/wimar.net\/uk\/wp-json\/wp\/v2\/product_cat?post=4700"},{"taxonomy":"product_tag","embeddable":true,"href":"https:\/\/wimar.net\/uk\/wp-json\/wp\/v2\/product_tag?post=4700"}],"curies":[{"name":"wp","href":"https:\/\/api.w.org\/{rel}","templated":true}]}}