{"id":4718,"date":"2025-02-26T11:11:26","date_gmt":"2025-02-26T10:11:26","guid":{"rendered":"https:\/\/wimar.net\/?post_type=product&#038;p=4718"},"modified":"2025-02-26T11:24:17","modified_gmt":"2025-02-26T10:24:17","slug":"%d1%89%d0%b8%d0%bf%d1%86%d1%96-%d0%bf%d0%be-%d0%bc%d0%b5%d1%82%d0%b0%d0%bb%d1%83-%d0%b7%d0%b0%d1%82%d0%b8%d1%81%d0%ba%d0%bd%d1%96-%d0%b7%d0%b0%d1%82%d0%b8%d1%81%d0%ba%d0%bd%d1%96-%d0%ba%d0%bb%d1%96","status":"publish","type":"product","link":"https:\/\/wimar.net\/uk\/product-2\/%d1%89%d0%b8%d0%bf%d1%86%d1%96-%d0%bf%d0%be-%d0%bc%d0%b5%d1%82%d0%b0%d0%bb%d1%83-%d0%b7%d0%b0%d1%82%d0%b8%d1%81%d0%ba%d0%bd%d1%96-%d0%b7%d0%b0%d1%82%d0%b8%d1%81%d0%ba%d0%bd%d1%96-%d0%ba%d0%bb%d1%96\/","title":{"rendered":"\u041f\u043b\u043e\u0441\u043a\u043e\u0433\u0443\u0431\u0446\u0456\/\u043a\u043b\u0456\u0449\u0456 \u0434\u043b\u044f \u0437\u0430\u0445\u043e\u043f\u043b\u0435\u043d\u043d\u044f \u043c\u0435\u0442\u0430\u043b\u0443"},"content":{"rendered":"<h3 data-start=\"0\" data-end=\"52\"><strong data-start=\"0\" data-end=\"50\">\u041f\u043b\u043e\u0441\u043a\u043e\u0433\u0443\u0431\u0446\u0456 \u043f\u043e \u043c\u0435\u0442\u0430\u043b\u0443 \u0434\u043b\u044f \u043d\u0430\u0442\u044f\u0433\u0443\u0432\u0430\u043d\u043d\u044f \u0434\u0440\u043e\u0442\u0443<\/strong><\/h3>\n<p data-start=\"54\" data-end=\"362\">\u041a\u043b\u0456\u0449\u0456 Gripple - \u0446\u0435 \u043f\u0440\u043e\u0444\u0435\u0441\u0456\u0439\u043d\u0438\u0439 \u0456\u043d\u0441\u0442\u0440\u0443\u043c\u0435\u043d\u0442 \u0434\u043b\u044f \u043d\u0430\u0442\u044f\u0433\u0443\u0432\u0430\u043d\u043d\u044f \u0434\u0440\u043e\u0442\u0443 \u0432 \u043e\u0433\u043e\u0440\u043e\u0434\u0436\u0443\u0432\u0430\u043b\u044c\u043d\u0438\u0445, \u0441\u0456\u043b\u044c\u0441\u044c\u043a\u043e\u0433\u043e\u0441\u043f\u043e\u0434\u0430\u0440\u0441\u044c\u043a\u0438\u0445 \u0456 \u0441\u0430\u0434\u043e\u0432\u0438\u0445 \u0441\u0438\u0441\u0442\u0435\u043c\u0430\u0445. \u0417\u0430\u0432\u0434\u044f\u043a\u0438 \u043c\u0456\u0446\u043d\u0456\u0439 \u043c\u0435\u0442\u0430\u043b\u0435\u0432\u0456\u0439 \u043a\u043e\u043d\u0441\u0442\u0440\u0443\u043a\u0446\u0456\u0457 \u0432\u043e\u043d\u0438 \u0437\u0430\u0431\u0435\u0437\u043f\u0435\u0447\u0443\u044e\u0442\u044c \u0442\u043e\u0447\u043d\u0438\u0439 \u0456 \u043c\u0456\u0446\u043d\u0438\u0439 \u043d\u0430\u0442\u044f\u0433 \u0434\u0440\u043e\u0442\u0443, \u0449\u043e \u0437\u0430\u0431\u0435\u0437\u043f\u0435\u0447\u0443\u0454 \u0441\u0442\u0430\u0431\u0456\u043b\u044c\u043d\u0456\u0441\u0442\u044c \u0456 \u043c\u0456\u0446\u043d\u0456\u0441\u0442\u044c \u043e\u0433\u043e\u0440\u043e\u0436 \u0456 \u043e\u043f\u043e\u0440\u043d\u0438\u0445 \u043a\u043e\u043d\u0441\u0442\u0440\u0443\u043a\u0446\u0456\u0439.<\/p>\n<h3 data-start=\"364\" data-end=\"394\"><strong data-start=\"368\" data-end=\"392\">\u041e\u0441\u043d\u043e\u0432\u043d\u0456 \u0445\u0430\u0440\u0430\u043a\u0442\u0435\u0440\u0438\u0441\u0442\u0438\u043a\u0438:<\/strong><\/h3>\n<ul>\n<li data-start=\"396\" data-end=\"1028\"><strong data-start=\"398\" data-end=\"415\">\u0421\u0442\u0456\u0439\u043a\u0456\u0441\u0442\u044c:<\/strong> \u0412\u0438\u0433\u043e\u0442\u043e\u0432\u043b\u0435\u043d\u0438\u0439 \u0437 \u0432\u0438\u0441\u043e\u043a\u043e\u044f\u043a\u0456\u0441\u043d\u043e\u0433\u043e \u043c\u0435\u0442\u0430\u043b\u0443, \u0441\u0442\u0456\u0439\u043a\u043e\u0433\u043e \u0434\u043e \u0456\u043d\u0442\u0435\u043d\u0441\u0438\u0432\u043d\u043e\u0433\u043e \u0432\u0438\u043a\u043e\u0440\u0438\u0441\u0442\u0430\u043d\u043d\u044f.<\/li>\n<li data-start=\"396\" data-end=\"1028\"><strong data-start=\"671\" data-end=\"689\">\u0423\u043d\u0456\u0432\u0435\u0440\u0441\u0430\u043b\u044c\u043d\u0456\u0441\u0442\u044c:<\/strong> \u0412\u043e\u043d\u0438 \u043f\u0456\u0434\u0445\u043e\u0434\u044f\u0442\u044c \u0434\u043b\u044f \u043f\u0440\u043e\u0432\u043e\u0434\u0456\u0432 \u0434\u0456\u0430\u043c\u0435\u0442\u0440\u043e\u043c \u0432\u0456\u0434 1,5 \u043c\u043c \u0434\u043e 6,0 \u043c\u043c, \u0449\u043e \u0440\u043e\u0431\u0438\u0442\u044c \u0457\u0445 \u0443\u043d\u0456\u0432\u0435\u0440\u0441\u0430\u043b\u044c\u043d\u0438\u043c \u0440\u0456\u0448\u0435\u043d\u043d\u044f\u043c \u0434\u043b\u044f \u0431\u0430\u0433\u0430\u0442\u044c\u043e\u0445 \u0437\u0430\u0441\u0442\u043e\u0441\u0443\u0432\u0430\u043d\u044c.<\/li>\n<li data-start=\"396\" data-end=\"1028\"><strong data-start=\"927\" data-end=\"940\">\u041d\u0430\u043f\u043e\u043b\u0435\u0433\u043b\u0438\u0432\u0456\u0441\u0442\u044c:<\/strong> \u0412\u043e\u043d\u0438 \u0437\u0430\u0431\u0435\u0437\u043f\u0435\u0447\u0443\u044e\u0442\u044c \u0442\u0440\u0438\u0432\u0430\u043b\u0443 \u0456 \u0441\u0442\u0430\u0431\u0456\u043b\u044c\u043d\u0443 \u0444\u0456\u043a\u0441\u0430\u0446\u0456\u044e, \u0437\u043c\u0435\u043d\u0448\u0443\u044e\u0447\u0438 \u043f\u043e\u0442\u0440\u0435\u0431\u0443 \u0432 \u0447\u0430\u0441\u0442\u043e\u043c\u0443 \u0440\u0435\u0433\u0443\u043b\u044e\u0432\u0430\u043d\u043d\u0456.<\/li>\n<li><strong>\u0422\u044f\u0433\u043e\u0432\u0430 \u0441\u0438\u043b\u0430:<\/strong> 10: 1 \u0434\u043e\u0437\u0432\u043e\u043b\u044f\u0454 \u0437\u0430\u0442\u044f\u0433\u0443\u0432\u0430\u0442\u0438 \u0434\u0440\u0456\u0442 \u0437 \u043c\u0435\u043d\u0448\u0438\u043c\u0438 \u0437\u0443\u0441\u0438\u043b\u043b\u044f\u043c\u0438<\/li>\n<li><strong>\u0421\u0443\u0446\u0456\u043b\u044c\u043d\u043e\u043c\u0435\u0442\u0430\u043b\u0435\u0432\u0430 \u043a\u043e\u043d\u0441\u0442\u0440\u0443\u043a\u0446\u0456\u044f<\/strong> \u0443 \u043f\u043e\u0454\u0434\u043d\u0430\u043d\u043d\u0456 \u0437 \u043c'\u044f\u043a\u0438\u043c\u0438 \u043b\u0438\u0442\u0438\u043c\u0438 \u0440\u0443\u0447\u043a\u0430\u043c\u0438<\/li>\n<\/ul>\n<h3 data-start=\"1030\" data-end=\"1053\"><strong data-start=\"1034\" data-end=\"1051\">\u0417\u0430\u044f\u0432\u043a\u0430:<\/strong><\/h3>\n<ul>\n<li data-start=\"1055\" data-end=\"1456\"><strong data-start=\"1058\" data-end=\"1088\">\u0421\u0430\u0434\u0456\u0432\u043d\u0438\u0446\u0442\u0432\u043e \u0442\u0430 \u0432\u0438\u0440\u043e\u0449\u0443\u0432\u0430\u043d\u043d\u044f \u0444\u0440\u0443\u043a\u0442\u0456\u0432:<\/strong> \u041d\u0430\u0442\u044f\u0433\u0443\u0432\u0430\u043d\u043d\u044f \u0434\u0440\u043e\u0442\u0443 \u0432 \u043a\u043e\u043d\u0441\u0442\u0440\u0443\u043a\u0446\u0456\u044f\u0445, \u0449\u043e \u043f\u0456\u0434\u0442\u0440\u0438\u043c\u0443\u044e\u0442\u044c \u0432\u0438\u043d\u043e\u0433\u0440\u0430\u0434\u043d\u0443 \u043b\u043e\u0437\u0443, \u0444\u0440\u0443\u043a\u0442\u043e\u0432\u0456 \u0434\u0435\u0440\u0435\u0432\u0430 \u0442\u0430 \u0437\u0430\u0445\u0438\u0441\u043d\u0456 \u0441\u0456\u0442\u043a\u0438.<\/li>\n<li data-start=\"1055\" data-end=\"1456\"><strong data-start=\"1191\" data-end=\"1205\">\u0421\u0456\u043b\u044c\u0441\u044c\u043a\u0435 \u0433\u043e\u0441\u043f\u043e\u0434\u0430\u0440\u0441\u0442\u0432\u043e:<\/strong> \u0424\u0456\u043a\u0441\u0430\u0446\u0456\u044f \u0442\u0430 \u0440\u0435\u0433\u0443\u043b\u044e\u0432\u0430\u043d\u043d\u044f \u043f\u0440\u043e\u0432\u043e\u0434\u0456\u0432 \u0443 \u043f\u043b\u0430\u0441\u0442\u0438\u043a\u043e\u0432\u0438\u0445 \u0442\u0443\u043d\u0435\u043b\u044f\u0445, \u043f\u0430\u0441\u043e\u0432\u0438\u0449\u0430\u0445 \u0442\u0430 \u0456\u0440\u0438\u0433\u0430\u0446\u0456\u0439\u043d\u0438\u0445 \u0441\u0438\u0441\u0442\u0435\u043c\u0430\u0445.<\/li>\n<li data-start=\"1055\" data-end=\"1456\"><strong data-start=\"1302\" data-end=\"1318\">\u0411\u0443\u0434\u0456\u0432\u043d\u0438\u0446\u0442\u0432\u043e:<\/strong> \u0421\u0442\u0430\u0431\u0456\u043b\u0456\u0437\u0430\u0446\u0456\u044f \u043a\u0430\u0431\u0435\u043b\u0456\u0432 \u0456 \u043b\u0435\u0433\u043a\u0438\u0445 \u043a\u043e\u043d\u0441\u0442\u0440\u0443\u043a\u0446\u0456\u0439.<\/li>\n<li data-start=\"1055\" data-end=\"1456\"><strong data-start=\"1373\" data-end=\"1399\">\u041e\u0445\u043e\u0440\u043e\u043d\u0430 \u043e\u0431'\u0454\u043a\u0442\u0430:<\/strong> \u041d\u0430\u0442\u044f\u0433\u0443\u0432\u0430\u043d\u043d\u044f \u0434\u0440\u043e\u0442\u0456\u0432 \u043e\u0433\u043e\u0440\u043e\u0436\u0456 \u0442\u0430 \u0441\u0438\u0441\u0442\u0435\u043c \u0431\u0435\u0437\u043f\u0435\u043a\u0438.<\/li>\n<\/ul>\n<h3 data-start=\"1298\" data-end=\"1347\"><strong data-start=\"1302\" data-end=\"1345\">\u0427\u043e\u043c\u0443 \u0432\u0430\u0440\u0442\u043e \u043e\u0431\u0440\u0430\u0442\u0438 \u0449\u0438\u043f\u0446\u0456 Gripple?<\/strong><\/h3>\n<p data-start=\"1348\" data-end=\"1641\" data-is-last-node=\"\" data-is-only-node=\"\">\u0429\u0438\u043f\u0446\u0456 - \u0446\u0435 \u0433\u0430\u0440\u0430\u043d\u0442\u0456\u044f \u0442\u043e\u0447\u043d\u043e\u0441\u0442\u0456, \u0434\u043e\u0432\u0433\u043e\u0432\u0456\u0447\u043d\u043e\u0441\u0442\u0456 \u0442\u0430 \u0437\u0440\u0443\u0447\u043d\u043e\u0441\u0442\u0456 \u0432\u0438\u043a\u043e\u0440\u0438\u0441\u0442\u0430\u043d\u043d\u044f. \u041c\u0456\u0446\u043d\u0430 \u043a\u043e\u043d\u0441\u0442\u0440\u0443\u043a\u0446\u0456\u044f \u0442\u0430 \u0443\u043d\u0456\u0432\u0435\u0440\u0441\u0430\u043b\u044c\u043d\u0456\u0441\u0442\u044c \u0440\u043e\u0431\u043b\u044f\u0442\u044c \u0457\u0445 \u043d\u0435\u0437\u0430\u043c\u0456\u043d\u043d\u0438\u043c \u0456\u043d\u0441\u0442\u0440\u0443\u043c\u0435\u043d\u0442\u043e\u043c \u0434\u043b\u044f \u0444\u0435\u0440\u043c\u0435\u0440\u0456\u0432, \u0441\u0430\u0434\u0456\u0432\u043d\u0438\u043a\u0456\u0432 \u0442\u0430 \u043c\u043e\u043d\u0442\u0430\u0436\u043d\u0438\u043a\u0456\u0432 \u043e\u0433\u043e\u0440\u043e\u0436. \u0412\u043e\u043d\u0438 \u0440\u043e\u0431\u043b\u044f\u0442\u044c \u0440\u043e\u0431\u043e\u0442\u0443 \u0437 \u0434\u0440\u043e\u0442\u043e\u043c \u0448\u0432\u0438\u0434\u0448\u043e\u044e, \u043b\u0435\u0433\u0448\u043e\u044e \u0442\u0430 \u0435\u0444\u0435\u043a\u0442\u0438\u0432\u043d\u0456\u0448\u043e\u044e.<\/p>","protected":false},"excerpt":{"rendered":"<p>Metalowe kleszcze Gripple do napinania drutu Kleszcze Gripple to profesjonalne narz\u0119dzie s\u0142u\u017c\u0105ce do napinania drutu w systemach ogrodzeniowych, rolniczych i sadowniczych. Dzi\u0119ki solidnej, metalowej konstrukcji zapewniaj\u0105 precyzyjne i trwa\u0142e napr\u0119\u017cenie drut\u00f3w, co przek\u0142ada si\u0119 na stabilno\u015b\u0107 i wytrzyma\u0142o\u015b\u0107 ogrodze\u0144 oraz konstrukcji no\u015bnych. Najwa\u017cniejsze cechy: Wytrzyma\u0142o\u015b\u0107: Wykonane z wysokiej jako\u015bci metalu, odporne na intensywn\u0105 eksploatacj\u0119. Uniwersalno\u015b\u0107: [&hellip;]<\/p>","protected":false},"featured_media":4719,"template":"","meta":{"site-sidebar-layout":"default","site-content-layout":"","ast-site-content-layout":"default","site-content-style":"default","site-sidebar-style":"default","ast-global-header-display":"","ast-banner-title-visibility":"","ast-main-header-display":"","ast-hfb-above-header-display":"","ast-hfb-below-header-display":"","ast-hfb-mobile-header-display":"","site-post-title":"","ast-breadcrumbs-content":"","ast-featured-img":"","footer-sml-layout":"","theme-transparent-header-meta":"default","adv-header-id-meta":"","stick-header-meta":"default","header-above-stick-meta":"","header-main-stick-meta":"","header-below-stick-meta":"","astra-migrate-meta-layouts":"set","ast-page-background-enabled":"default","ast-page-background-meta":{"desktop":{"background-color":"var(--ast-global-color-4)","background-image":"","background-repeat":"repeat","background-position":"center center","background-size":"auto","background-attachment":"scroll","background-type":"","background-media":"","overlay-type":"","overlay-color":"","overlay-opacity":"","overlay-gradient":""},"tablet":{"background-color":"","background-image":"","background-repeat":"repeat","background-position":"center center","background-size":"auto","background-attachment":"scroll","background-type":"","background-media":"","overlay-type":"","overlay-color":"","overlay-opacity":"","overlay-gradient":""},"mobile":{"background-color":"","background-image":"","background-repeat":"repeat","background-position":"center center","background-size":"auto","background-attachment":"scroll","background-type":"","background-media":"","overlay-type":"","overlay-color":"","overlay-opacity":"","overlay-gradient":""}},"ast-content-background-meta":{"desktop":{"background-color":"var(--ast-global-color-5)","background-image":"","background-repeat":"repeat","background-position":"center center","background-size":"auto","background-attachment":"scroll","background-type":"","background-media":"","overlay-type":"","overlay-color":"","overlay-opacity":"","overlay-gradient":""},"tablet":{"background-color":"var(--ast-global-color-5)","background-image":"","background-repeat":"repeat","background-position":"center center","background-size":"auto","background-attachment":"scroll","background-type":"","background-media":"","overlay-type":"","overlay-color":"","overlay-opacity":"","overlay-gradient":""},"mobile":{"background-color":"var(--ast-global-color-5)","background-image":"","background-repeat":"repeat","background-position":"center center","background-size":"auto","background-attachment":"scroll","background-type":"","background-media":"","overlay-type":"","overlay-color":"","overlay-opacity":"","overlay-gradient":""}}},"product_brand":[],"product_cat":[309],"product_tag":[],"class_list":{"0":"post-4718","1":"product","2":"type-product","3":"status-publish","4":"has-post-thumbnail","6":"product_cat-kleszcze-metalowe","7":"desktop-align-left","8":"tablet-align-left","9":"mobile-align-left","10":"ast-product-gallery-layout-horizontal","11":"ast-product-tabs-layout-horizontal","13":"first","14":"instock","15":"shipping-taxable","16":"product-type-simple"},"_links":{"self":[{"href":"https:\/\/wimar.net\/uk\/wp-json\/wp\/v2\/product\/4718","targetHints":{"allow":["GET"]}}],"collection":[{"href":"https:\/\/wimar.net\/uk\/wp-json\/wp\/v2\/product"}],"about":[{"href":"https:\/\/wimar.net\/uk\/wp-json\/wp\/v2\/types\/product"}],"version-history":[{"count":2,"href":"https:\/\/wimar.net\/uk\/wp-json\/wp\/v2\/product\/4718\/revisions"}],"predecessor-version":[{"id":7374,"href":"https:\/\/wimar.net\/uk\/wp-json\/wp\/v2\/product\/4718\/revisions\/7374"}],"wp:featuredmedia":[{"embeddable":true,"href":"https:\/\/wimar.net\/uk\/wp-json\/wp\/v2\/media\/4719"}],"wp:attachment":[{"href":"https:\/\/wimar.net\/uk\/wp-json\/wp\/v2\/media?parent=4718"}],"wp:term":[{"taxonomy":"product_brand","embeddable":true,"href":"https:\/\/wimar.net\/uk\/wp-json\/wp\/v2\/product_brand?post=4718"},{"taxonomy":"product_cat","embeddable":true,"href":"https:\/\/wimar.net\/uk\/wp-json\/wp\/v2\/product_cat?post=4718"},{"taxonomy":"product_tag","embeddable":true,"href":"https:\/\/wimar.net\/uk\/wp-json\/wp\/v2\/product_tag?post=4718"}],"curies":[{"name":"wp","href":"https:\/\/api.w.org\/{rel}","templated":true}]}}