{"id":4742,"date":"2025-02-26T15:16:50","date_gmt":"2025-02-26T14:16:50","guid":{"rendered":"https:\/\/wimar.net\/?post_type=product&#038;p=4742"},"modified":"2025-03-17T09:47:12","modified_gmt":"2025-03-17T08:47:12","slug":"%d1%88%d0%bf%d0%b0%d0%b3%d0%b0%d1%82-%d1%81%d1%96%d0%bb%d1%8c%d1%81%d1%8c%d0%ba%d0%be%d0%b3%d0%be%d1%81%d0%bf%d0%be%d0%b4%d0%b0%d1%80%d1%81%d1%8c%d0%ba%d0%b8%d0%b9-%d1%81%d0%b8%d0%b7%d0%b0%d0%bb%d0%b5","status":"publish","type":"product","link":"https:\/\/wimar.net\/uk\/product-2\/%d1%88%d0%bf%d0%b0%d0%b3%d0%b0%d1%82-%d1%81%d1%96%d0%bb%d1%8c%d1%81%d1%8c%d0%ba%d0%be%d0%b3%d0%be%d1%81%d0%bf%d0%be%d0%b4%d0%b0%d1%80%d1%81%d1%8c%d0%ba%d0%b8%d0%b9-%d1%81%d0%b8%d0%b7%d0%b0%d0%bb%d0%b5\/","title":{"rendered":"\u0421\u0456\u043b\u044c\u0441\u044c\u043a\u043e\u0433\u043e\u0441\u043f\u043e\u0434\u0430\u0440\u0441\u044c\u043a\u0430 \u0441\u0438\u0437\u0430\u043b\u0435\u0432\u0430 \u043d\u0438\u0442\u043a\u0430, \u043d\u0430\u0442\u0443\u0440\u0430\u043b\u044c\u043d\u0430 1820-TEX, 1375\u043c"},"content":{"rendered":"<h3 data-start=\"0\" data-end=\"58\">\u0421\u0438\u0437\u0430\u043b\u0435\u0432\u0438\u0439 \u0448\u043d\u0443\u0440 1820-TEX<\/h3>\n<p data-start=\"60\" data-end=\"355\">\u0421\u0438\u0437\u0430\u043b\u0435\u0432\u0438\u0439 \u0448\u043f\u0430\u0433\u0430\u0442 - \u0446\u0435 \u043c\u0456\u0446\u043d\u0438\u0439 \u0456 100% \u043d\u0430\u0442\u0443\u0440\u0430\u043b\u044c\u043d\u0438\u0439 \u043f\u0440\u043e\u0434\u0443\u043a\u0442, \u0432\u0438\u0433\u043e\u0442\u043e\u0432\u043b\u0435\u043d\u0438\u0439 \u0437 \u0432\u043e\u043b\u043e\u043a\u043e\u043d \u0430\u0433\u0430\u0432\u0438. \u0426\u0435 \u0447\u0443\u0434\u043e\u0432\u0438\u0439 \u0432\u0438\u0431\u0456\u0440 \u0434\u043b\u044f \u0441\u0456\u043b\u044c\u0441\u044c\u043a\u043e\u0433\u043e\u0441\u043f\u043e\u0434\u0430\u0440\u0441\u044c\u043a\u043e\u0433\u043e \u0442\u0430 \u0441\u0430\u0434\u0456\u0432\u043d\u0438\u0447\u043e\u0433\u043e \u0437\u0430\u0441\u0442\u043e\u0441\u0443\u0432\u0430\u043d\u043d\u044f, \u0449\u043e \u0437\u0430\u0431\u0435\u0437\u043f\u0435\u0447\u0443\u0454 \u0434\u043e\u0432\u0433\u043e\u0432\u0456\u0447\u043d\u0456\u0441\u0442\u044c \u0456 \u043c\u0456\u0446\u043d\u0456\u0441\u0442\u044c \u043d\u0430 \u0440\u043e\u0437\u0440\u0438\u0432. \u0417\u0430\u0432\u0434\u044f\u043a\u0438 \u0437\u0434\u0430\u0442\u043d\u043e\u0441\u0442\u0456 \u0434\u043e \u0431\u0456\u043e\u043b\u043e\u0433\u0456\u0447\u043d\u043e\u0433\u043e \u0440\u043e\u0437\u043a\u043b\u0430\u0434\u0430\u043d\u043d\u044f \u0432\u0456\u043d \u0454 \u0435\u043a\u043e\u043b\u043e\u0433\u0456\u0447\u043d\u043e\u044e \u0430\u043b\u044c\u0442\u0435\u0440\u043d\u0430\u0442\u0438\u0432\u043e\u044e \u0441\u0438\u043d\u0442\u0435\u0442\u0438\u0447\u043d\u0438\u043c \u0448\u043d\u0443\u0440\u0430\u043c.<\/p>\n<h4 data-start=\"357\" data-end=\"388\"><strong data-start=\"362\" data-end=\"386\">\u041e\u0441\u043d\u043e\u0432\u043d\u0456 \u0445\u0430\u0440\u0430\u043a\u0442\u0435\u0440\u0438\u0441\u0442\u0438\u043a\u0438:<\/strong><\/h4>\n<ul>\n<li data-start=\"390\" data-end=\"910\"><strong data-start=\"392\" data-end=\"407\">\u041f\u0440\u0438\u0440\u043e\u0434\u043d\u0456\u0441\u0442\u044c<\/strong> - \u0412\u0438\u0433\u043e\u0442\u043e\u0432\u043b\u0435\u043d\u0438\u0439 \u0437 \u0432\u0456\u0434\u043d\u043e\u0432\u043b\u044e\u0432\u0430\u043d\u0438\u0445 \u0441\u0438\u0437\u0430\u043b\u0435\u0432\u0438\u0445 \u0432\u043e\u043b\u043e\u043a\u043e\u043d, \u0431\u0435\u0437 \u0441\u0438\u043d\u0442\u0435\u0442\u0438\u0447\u043d\u0438\u0445 \u0434\u043e\u0431\u0430\u0432\u043e\u043a.<\/li>\n<li data-start=\"390\" data-end=\"910\"><strong data-start=\"486\" data-end=\"501\">\u041e\u0440\u0433\u0430\u043d\u0456\u0447\u043d\u0438\u0439<\/strong> - \u0411\u0456\u043e\u043b\u043e\u0433\u0456\u0447\u043d\u043e \u0440\u043e\u0437\u043a\u043b\u0430\u0434\u0430\u0454\u0442\u044c\u0441\u044f, \u043d\u0435 \u0437\u0430\u0432\u0434\u0430\u0454 \u0448\u043a\u043e\u0434\u0438 \u043d\u0430\u0432\u043a\u043e\u043b\u0438\u0448\u043d\u044c\u043e\u043c\u0443 \u0441\u0435\u0440\u0435\u0434\u043e\u0432\u0438\u0449\u0443 \u0456 \u0440\u043e\u0437\u043a\u043b\u0430\u0434\u0430\u0454\u0442\u044c\u0441\u044f \u043f\u0440\u0438\u0440\u043e\u0434\u043d\u0438\u043c \u0447\u0438\u043d\u043e\u043c \u043f\u0456\u0441\u043b\u044f \u0432\u0438\u043a\u043e\u0440\u0438\u0441\u0442\u0430\u043d\u043d\u044f.<\/li>\n<li data-start=\"390\" data-end=\"910\"><strong data-start=\"592\" data-end=\"608\">\u041d\u0430\u0434\u0456\u0439\u043d\u0456\u0441\u0442\u044c<\/strong> - \u0421\u0442\u0456\u0439\u043a\u0438\u0439 \u0434\u043e \u0440\u043e\u0437\u0440\u0438\u0432\u0456\u0432, \u043f\u0456\u0434\u0445\u043e\u0434\u0438\u0442\u044c \u0434\u043b\u044f \u0456\u043d\u0442\u0435\u043d\u0441\u0438\u0432\u043d\u0438\u0445 \u0441\u0456\u043b\u044c\u0441\u044c\u043a\u043e\u0433\u043e\u0441\u043f\u043e\u0434\u0430\u0440\u0441\u044c\u043a\u0438\u0445 \u0440\u043e\u0431\u0456\u0442.<\/li>\n<li data-start=\"390\" data-end=\"910\"><strong data-start=\"681\" data-end=\"700\">\u0423\u043d\u0456\u0432\u0435\u0440\u0441\u0430\u043b\u044c\u043d\u0456\u0441\u0442\u044c<\/strong> - \u0412\u0456\u043d \u043f\u0456\u0434\u0445\u043e\u0434\u0438\u0442\u044c \u0434\u043b\u044f \u0431\u0430\u0433\u0430\u0442\u044c\u043e\u0445 \u0437\u0430\u0441\u0442\u043e\u0441\u0443\u0432\u0430\u043d\u044c, \u044f\u043a \u043d\u0430 \u0444\u0435\u0440\u043c\u0430\u0445, \u0442\u0430\u043a \u0456 \u0432 \u0441\u0430\u0434\u0456\u0432\u043d\u0438\u0446\u0442\u0432\u0456.<\/li>\n<li data-start=\"390\" data-end=\"910\"><strong data-start=\"795\" data-end=\"826\">\u0411\u0435\u0437\u043f\u0435\u043a\u0430 \u0434\u043b\u044f \u0442\u0432\u0430\u0440\u0438\u043d<\/strong> - \u0412\u0456\u043d \u043c\u043e\u0436\u0435 \u0432\u0438\u043a\u043e\u0440\u0438\u0441\u0442\u043e\u0432\u0443\u0432\u0430\u0442\u0438\u0441\u044f \u0443 \u0442\u0432\u0430\u0440\u0438\u043d\u043d\u0438\u0446\u0442\u0432\u0456 \u0442\u0430 \u043f\u0430\u0441\u043e\u0432\u0438\u0449\u0430\u0445 \u0456 \u043d\u0435 \u043c\u0456\u0441\u0442\u0438\u0442\u044c \u0448\u043a\u0456\u0434\u043b\u0438\u0432\u0438\u0445 \u0440\u0435\u0447\u043e\u0432\u0438\u043d.<\/li>\n<li data-start=\"390\" data-end=\"910\"><strong>\u0414\u043e\u0432\u0436\u0438\u043d\u0430<\/strong> - 1375 m<\/li>\n<li data-start=\"390\" data-end=\"910\"><strong>\u0414\u0456\u0430\u043c\u0435\u0442\u0440<\/strong> - \u043f\u0440\u0438\u0431\u043b\u0438\u0437\u043d\u043e 2,5 \u043c\u043c<\/li>\n<li data-start=\"390\" data-end=\"910\"><strong>\u041d\u0430\u0434\u0456\u0439\u043d\u0456\u0441\u0442\u044c<\/strong> - 32 \u043a\u0433<\/li>\n<li data-start=\"390\" data-end=\"910\"><strong>\u0420\u043e\u043b\u0438\u043a<\/strong> - 2,5 \u043a\u0433<\/li>\n<\/ul>\n<h4 data-start=\"912\" data-end=\"936\"><strong data-start=\"917\" data-end=\"934\">\u0417\u0430\u044f\u0432\u043a\u0430:<\/strong><\/h4>\n<ul>\n<li data-start=\"938\" data-end=\"1448\"><strong data-start=\"941\" data-end=\"954\">\u0421\u0456\u043b\u044c\u0441\u044c\u043a\u0435 \u0433\u043e\u0441\u043f\u043e\u0434\u0430\u0440\u0441\u0442\u0432\u043e<\/strong> - \u0414\u043b\u044f \u043f\u0456\u0434\u0432'\u044f\u0437\u0443\u0432\u0430\u043d\u043d\u044f \u0440\u043e\u0441\u043b\u0438\u043d, \u0442\u044e\u043a\u0456\u0432 \u0441\u0456\u043d\u0430, \u0441\u043e\u043b\u043e\u043c\u0438 \u0442\u0430 \u043e\u043f\u043e\u0440\u043d\u0438\u0445 \u043a\u043e\u043d\u0441\u0442\u0440\u0443\u043a\u0446\u0456\u0439.<\/li>\n<li data-start=\"938\" data-end=\"1448\"><strong data-start=\"1033\" data-end=\"1056\">\u0421\u0430\u0434\u0456\u0432\u043d\u0438\u0446\u0442\u0432\u043e \u0442\u0430 \u0433\u043e\u0440\u043e\u0434\u043d\u0438\u0446\u0442\u0432\u043e<\/strong> - \u0424\u0456\u043a\u0441\u0430\u0446\u0456\u044f \u043b\u043e\u0437\u0438, \u0437\u0430\u0445\u0438\u0441\u0442 \u0440\u043e\u0441\u043b\u0438\u043d \u0432\u0456\u0434 \u0432\u0456\u0442\u0440\u0443, \u043f\u0456\u0434\u0432'\u044f\u0437\u0443\u0432\u0430\u043d\u043d\u044f \u0433\u0456\u043b\u043e\u043a.<\/li>\n<li data-start=\"938\" data-end=\"1448\"><strong data-start=\"1141\" data-end=\"1166\">\u041f\u0430\u043a\u0443\u0432\u0430\u043d\u043d\u044f \u0442\u0430 \u0442\u0440\u0430\u043d\u0441\u043f\u043e\u0440\u0442\u0443\u0432\u0430\u043d\u043d\u044f<\/strong> - \u0406\u0434\u0435\u0430\u043b\u044c\u043d\u043e \u043f\u0456\u0434\u0445\u043e\u0434\u0438\u0442\u044c \u0434\u043b\u044f \u043a\u0440\u0456\u043f\u043b\u0435\u043d\u043d\u044f \u0432\u0430\u043d\u0442\u0430\u0436\u0456\u0432 \u0442\u0430 \u043f\u0430\u043a\u0443\u0432\u0430\u043d\u043d\u044f \u0441\u0456\u043b\u044c\u0441\u044c\u043a\u043e\u0433\u043e\u0441\u043f\u043e\u0434\u0430\u0440\u0441\u044c\u043a\u043e\u0457 \u043f\u0440\u043e\u0434\u0443\u043a\u0446\u0456\u0457.<\/li>\n<li data-start=\"938\" data-end=\"1448\"><strong data-start=\"1243\" data-end=\"1263\">\u0422\u0432\u0430\u0440\u0438\u043d\u043d\u0438\u0446\u0442\u0432\u043e<\/strong> - \u041c\u043e\u0436\u0435 \u0432\u0438\u043a\u043e\u0440\u0438\u0441\u0442\u043e\u0432\u0443\u0432\u0430\u0442\u0438\u0441\u044f \u0432 \u0441\u0442\u0430\u0439\u043d\u044f\u0445, \u043d\u0430\u043f\u0440\u0438\u043a\u043b\u0430\u0434, \u0434\u043b\u044f \u043e\u0431\u0432'\u044f\u0437\u0443\u0432\u0430\u043d\u043d\u044f \u0442\u044e\u043a\u0456\u0432 \u0441\u0456\u043d\u0430.<\/li>\n<li data-start=\"938\" data-end=\"1448\"><strong data-start=\"1330\" data-end=\"1356\">\u041f\u0440\u0438\u043a\u0440\u0430\u0441\u0438 \u0442\u0430 \u0440\u0435\u043c\u0435\u0441\u043b\u0430<\/strong> - \u0412\u0438\u043a\u043e\u0440\u0438\u0441\u0442\u043e\u0432\u0443\u0454\u0442\u044c\u0441\u044f \u0443 \u0441\u0442\u0432\u043e\u0440\u0435\u043d\u043d\u0456 \u043f\u0440\u0438\u0440\u043e\u0434\u043d\u0438\u0445 \u043e\u0440\u043d\u0430\u043c\u0435\u043d\u0442\u0456\u0432, \u0441\u0456\u043b\u044c\u0441\u044c\u043a\u0438\u0445 \u043f\u0440\u0438\u043a\u0440\u0430\u0441 \u0456 \u0432 \u0440\u0435\u043c\u0435\u0441\u043b\u0430\u0445.<\/li>\n<\/ul>\n<h3 data-start=\"1450\" data-end=\"1499\"><strong data-start=\"1454\" data-end=\"1497\">\u0427\u043e\u043c\u0443 \u0441\u0430\u043c\u0435 \u0441\u0438\u0437\u0430\u043b\u0435\u0432\u0438\u0439 \u043a\u0430\u043d\u0430\u0442?<\/strong><\/h3>\n<p data-start=\"1500\" data-end=\"1774\" data-is-last-node=\"\" data-is-only-node=\"\">\u0421\u0438\u0437\u0430\u043b\u0435\u0432\u0438\u0439 \u0448\u043f\u0430\u0433\u0430\u0442 - \u0446\u0435 \u0441\u0442\u0456\u0439\u043a\u0435 \u0442\u0430 \u0435\u043a\u043e\u043b\u043e\u0433\u0456\u0447\u043d\u0435 \u0440\u0456\u0448\u0435\u043d\u043d\u044f \u0434\u043b\u044f \u0444\u0435\u0440\u043c\u0435\u0440\u0456\u0432, \u0441\u0430\u0434\u0456\u0432\u043d\u0438\u043a\u0456\u0432 \u0456 \u0442\u0438\u0445, \u0445\u0442\u043e \u0448\u0443\u043a\u0430\u0454 \u043d\u0430\u0442\u0443\u0440\u0430\u043b\u044c\u043d\u0456 \u0442\u0430 \u0431\u0435\u0437\u043f\u0435\u0447\u043d\u0456 \u043c\u0430\u0442\u0435\u0440\u0456\u0430\u043b\u0438. \u0417\u0430\u0432\u0434\u044f\u043a\u0438 \u0432\u0438\u0441\u043e\u043a\u0456\u0439 \u044f\u043a\u043e\u0441\u0442\u0456 \u0432\u043e\u043b\u043e\u043a\u043d\u0430 \u0430\u0433\u0430\u0432\u0438, \u0432\u0456\u043d \u043d\u0430\u0434\u0456\u0439\u043d\u0438\u0439 \u0456 \u0435\u043a\u043e\u043b\u043e\u0433\u0456\u0447\u043d\u043e \u0447\u0438\u0441\u0442\u0438\u0439, \u0434\u043e\u0431\u0440\u0435 \u0437\u0430\u0440\u0435\u043a\u043e\u043c\u0435\u043d\u0434\u0443\u0432\u0430\u0432 \u0441\u0435\u0431\u0435 \u0432 \u0431\u0430\u0433\u0430\u0442\u044c\u043e\u0445 \u0441\u0444\u0435\u0440\u0430\u0445 \u043f\u043e\u0432\u0441\u044f\u043a\u0434\u0435\u043d\u043d\u043e\u0433\u043e \u0437\u0430\u0441\u0442\u043e\u0441\u0443\u0432\u0430\u043d\u043d\u044f.<\/p>","protected":false},"excerpt":{"rendered":"<p>Sznurek sizalowy 1820-TEX Sznurek sizalowy to wytrzyma\u0142y i w 100% naturalny produkt wykonany z w\u0142\u00f3kien agawy. Jest doskona\u0142ym wyborem do zastosowa\u0144 rolniczych i ogrodniczych, zapewniaj\u0105c trwa\u0142o\u015b\u0107 oraz odporno\u015b\u0107 na rozci\u0105ganie. Dzi\u0119ki swojej biodegradowalno\u015bci stanowi ekologiczn\u0105 alternatyw\u0119 dla syntetycznych sznurk\u00f3w. Najwa\u017cniejsze cechy: Naturalno\u015b\u0107 \u2013 Wykonany z odnawialnych w\u0142\u00f3kien sizalowych, bez dodatk\u00f3w syntetycznych. Ekologiczny \u2013 Biodegradowalny, nie [&hellip;]<\/p>","protected":false},"featured_media":4750,"template":"","meta":{"site-sidebar-layout":"default","site-content-layout":"","ast-site-content-layout":"default","site-content-style":"default","site-sidebar-style":"default","ast-global-header-display":"","ast-banner-title-visibility":"","ast-main-header-display":"","ast-hfb-above-header-display":"","ast-hfb-below-header-display":"","ast-hfb-mobile-header-display":"","site-post-title":"","ast-breadcrumbs-content":"","ast-featured-img":"","footer-sml-layout":"","theme-transparent-header-meta":"default","adv-header-id-meta":"","stick-header-meta":"default","header-above-stick-meta":"","header-main-stick-meta":"","header-below-stick-meta":"","astra-migrate-meta-layouts":"set","ast-page-background-enabled":"default","ast-page-background-meta":{"desktop":{"background-color":"var(--ast-global-color-4)","background-image":"","background-repeat":"repeat","background-position":"center center","background-size":"auto","background-attachment":"scroll","background-type":"","background-media":"","overlay-type":"","overlay-color":"","overlay-opacity":"","overlay-gradient":""},"tablet":{"background-color":"","background-image":"","background-repeat":"repeat","background-position":"center center","background-size":"auto","background-attachment":"scroll","background-type":"","background-media":"","overlay-type":"","overlay-color":"","overlay-opacity":"","overlay-gradient":""},"mobile":{"background-color":"","background-image":"","background-repeat":"repeat","background-position":"center center","background-size":"auto","background-attachment":"scroll","background-type":"","background-media":"","overlay-type":"","overlay-color":"","overlay-opacity":"","overlay-gradient":""}},"ast-content-background-meta":{"desktop":{"background-color":"var(--ast-global-color-5)","background-image":"","background-repeat":"repeat","background-position":"center center","background-size":"auto","background-attachment":"scroll","background-type":"","background-media":"","overlay-type":"","overlay-color":"","overlay-opacity":"","overlay-gradient":""},"tablet":{"background-color":"var(--ast-global-color-5)","background-image":"","background-repeat":"repeat","background-position":"center center","background-size":"auto","background-attachment":"scroll","background-type":"","background-media":"","overlay-type":"","overlay-color":"","overlay-opacity":"","overlay-gradient":""},"mobile":{"background-color":"var(--ast-global-color-5)","background-image":"","background-repeat":"repeat","background-position":"center center","background-size":"auto","background-attachment":"scroll","background-type":"","background-media":"","overlay-type":"","overlay-color":"","overlay-opacity":"","overlay-gradient":""}}},"product_brand":[],"product_cat":[218,208],"product_tag":[],"class_list":{"0":"post-4742","1":"product","2":"type-product","3":"status-publish","4":"has-post-thumbnail","6":"product_cat-tex-1820-rolka-1375m-25kg-sznurek-rolniczy-sizalowy","7":"product_cat-tex-1820-rolka-1375m-25kg","8":"desktop-align-left","9":"tablet-align-left","10":"mobile-align-left","11":"ast-product-gallery-layout-horizontal","12":"ast-product-tabs-layout-horizontal","14":"first","15":"instock","16":"shipping-taxable","17":"product-type-simple"},"_links":{"self":[{"href":"https:\/\/wimar.net\/uk\/wp-json\/wp\/v2\/product\/4742","targetHints":{"allow":["GET"]}}],"collection":[{"href":"https:\/\/wimar.net\/uk\/wp-json\/wp\/v2\/product"}],"about":[{"href":"https:\/\/wimar.net\/uk\/wp-json\/wp\/v2\/types\/product"}],"version-history":[{"count":2,"href":"https:\/\/wimar.net\/uk\/wp-json\/wp\/v2\/product\/4742\/revisions"}],"predecessor-version":[{"id":7373,"href":"https:\/\/wimar.net\/uk\/wp-json\/wp\/v2\/product\/4742\/revisions\/7373"}],"wp:featuredmedia":[{"embeddable":true,"href":"https:\/\/wimar.net\/uk\/wp-json\/wp\/v2\/media\/4750"}],"wp:attachment":[{"href":"https:\/\/wimar.net\/uk\/wp-json\/wp\/v2\/media?parent=4742"}],"wp:term":[{"taxonomy":"product_brand","embeddable":true,"href":"https:\/\/wimar.net\/uk\/wp-json\/wp\/v2\/product_brand?post=4742"},{"taxonomy":"product_cat","embeddable":true,"href":"https:\/\/wimar.net\/uk\/wp-json\/wp\/v2\/product_cat?post=4742"},{"taxonomy":"product_tag","embeddable":true,"href":"https:\/\/wimar.net\/uk\/wp-json\/wp\/v2\/product_tag?post=4742"}],"curies":[{"name":"wp","href":"https:\/\/api.w.org\/{rel}","templated":true}]}}