{"id":4790,"date":"2025-02-27T13:49:43","date_gmt":"2025-02-27T12:49:43","guid":{"rendered":"https:\/\/wimar.net\/?post_type=product&#038;p=4790"},"modified":"2025-03-24T11:48:25","modified_gmt":"2025-03-24T10:48:25","slug":"%d0%b2%d1%96%d0%b4%d0%ba%d1%80%d0%b8%d1%82%d0%b8%d0%b9-%d0%b1%d1%96%d0%b3-%d0%b1%d0%b5%d0%b3-%d0%b4%d0%bb%d1%8f-%d1%81%d0%bc%d1%96%d1%82%d1%82%d1%8f-%d1%82%d0%b0-%d0%b2%d1%96%d0%b4%d1%85%d0%be%d0%b4","status":"publish","type":"product","link":"https:\/\/wimar.net\/uk\/product-2\/%d0%b2%d1%96%d0%b4%d0%ba%d1%80%d0%b8%d1%82%d0%b8%d0%b9-%d0%b1%d1%96%d0%b3-%d0%b1%d0%b5%d0%b3-%d0%b4%d0%bb%d1%8f-%d1%81%d0%bc%d1%96%d1%82%d1%82%d1%8f-%d1%82%d0%b0-%d0%b2%d1%96%d0%b4%d1%85%d0%be%d0%b4\/","title":{"rendered":"\u0412\u0456\u0434\u043a\u0440\u0438\u0442\u0438\u0439 \u0431\u0456\u0433-\u0431\u0435\u0433 \u0434\u043b\u044f \u0441\u043c\u0456\u0442\u0442\u044f \u0442\u0430 \u0432\u0456\u0434\u0445\u043e\u0434\u0456\u0432, \u0431\u0456\u043b\u0438\u0439, 90x90x120\u0441\u043c, 160\u0433\/\u043c2, \u043c\u0456\u0441\u0442\u043a\u0456\u0441\u0442\u044c 1000\u043a\u0433"},"content":{"rendered":"<h3 data-start=\"0\" data-end=\"70\">\u0412\u0456\u0434\u043a\u0440\u0438\u0442\u0438\u0439 \u0431\u0456\u0433-\u0431\u0435\u0433 90x90x120\u0441\u043c<\/h3>\n<p data-start=\"72\" data-end=\"464\">\u0411\u0456\u0433-\u0411\u0435\u0433 - \u0446\u0435 \u043c\u0456\u0446\u043d\u0438\u0439 \u0456 \u043f\u0440\u0430\u043a\u0442\u0438\u0447\u043d\u0438\u0439 \u043a\u043e\u043d\u0442\u0435\u0439\u043d\u0435\u0440 \u0434\u043b\u044f \u0437\u0431\u0435\u0440\u0456\u0433\u0430\u043d\u043d\u044f \u0456 \u0442\u0440\u0430\u043d\u0441\u043f\u043e\u0440\u0442\u0443\u0432\u0430\u043d\u043d\u044f \u0449\u0435\u0431\u0435\u043d\u044e, \u0431\u0443\u0434\u0456\u0432\u0435\u043b\u044c\u043d\u043e\u0433\u043e \u0441\u043c\u0456\u0442\u0442\u044f \u0442\u0430 \u0456\u043d\u0448\u0438\u0445 \u0441\u0438\u043f\u0443\u0447\u0438\u0445 \u043c\u0430\u0442\u0435\u0440\u0456\u0430\u043b\u0456\u0432. \u0412\u0438\u0433\u043e\u0442\u043e\u0432\u043b\u0435\u043d\u0438\u0439 \u0437 \u043c\u0456\u0446\u043d\u043e\u0457 \u043f\u043e\u043b\u0456\u043f\u0440\u043e\u043f\u0456\u043b\u0435\u043d\u043e\u0432\u043e\u0457 \u0442\u043a\u0430\u043d\u0438\u043d\u0438 \u0432\u0430\u0433\u043e\u044e 160 \u0433\/\u043c\u00b2, \u0432\u0456\u043d \u0437\u0430\u0431\u0435\u0437\u043f\u0435\u0447\u0443\u0454 \u0432\u0438\u0441\u043e\u043a\u0443 \u0441\u0442\u0456\u0439\u043a\u0456\u0441\u0442\u044c \u0434\u043e \u0440\u043e\u0437\u0440\u0438\u0432\u0456\u0432 \u0456 \u043d\u0430\u0432\u0430\u043d\u0442\u0430\u0436\u0435\u043d\u044c \u0434\u043e 1 000 \u043a\u0433.<\/p>\n<h3 data-start=\"446\" data-end=\"476\"><strong data-start=\"450\" data-end=\"474\">\u041e\u0441\u043d\u043e\u0432\u043d\u0456 \u0445\u0430\u0440\u0430\u043a\u0442\u0435\u0440\u0438\u0441\u0442\u0438\u043a\u0438:<\/strong><\/h3>\n<ul>\n<li data-start=\"478\" data-end=\"1054\"><strong data-start=\"480\" data-end=\"496\">\u041d\u0430\u0434\u0456\u0439\u043d\u0456\u0441\u0442\u044c<\/strong> - \u041c\u0456\u0446\u043d\u0430 \u043a\u043e\u043d\u0441\u0442\u0440\u0443\u043a\u0446\u0456\u044f \u0434\u043e\u0437\u0432\u043e\u043b\u044f\u0454 \u0431\u0435\u0437\u043f\u0435\u0447\u043d\u043e \u043f\u043e\u0432\u043e\u0434\u0438\u0442\u0438\u0441\u044f \u0437 \u0432\u0430\u0436\u043a\u0438\u043c\u0438 \u0431\u0443\u0434\u0456\u0432\u0435\u043b\u044c\u043d\u0438\u043c\u0438 \u0432\u0456\u0434\u0445\u043e\u0434\u0430\u043c\u0438 \u0442\u0430 \u0441\u043c\u0456\u0442\u0442\u044f\u043c.<\/li>\n<li data-start=\"478\" data-end=\"1054\"><strong data-start=\"596\" data-end=\"612\">\u0412\u0456\u0434\u043a\u0440\u0438\u0442\u0438\u0439 \u0432\u0435\u0440\u0445<\/strong> - \u0421\u043f\u0440\u0438\u044f\u0454 \u0448\u0432\u0438\u0434\u043a\u043e\u043c\u0443 \u043d\u0430\u043f\u043e\u0432\u043d\u0435\u043d\u043d\u044e \u0442\u0430 \u0441\u043f\u043e\u0440\u043e\u0436\u043d\u0435\u043d\u043d\u044e \u043c\u0456\u0448\u043a\u0430.<\/li>\n<li><strong data-start=\"797\" data-end=\"815\">\u0424\u0443\u043d\u043a\u0446\u0456\u043e\u043d\u0430\u043b\u044c\u043d\u0456\u0441\u0442\u044c<\/strong> - \u043e\u0441\u043d\u0430\u0449\u0435\u043d\u0438\u0439 <strong data-start=\"831\" data-end=\"855\">\u043a\u0438\u0448\u0435\u043d\u044f \u0434\u043b\u044f \u0434\u043e\u043a\u0443\u043c\u0435\u043d\u0442\u0456\u0432<\/strong>\u0449\u043e \u043f\u043e\u043b\u0435\u0433\u0448\u0443\u0454 \u0456\u0434\u0435\u043d\u0442\u0438\u0444\u0456\u043a\u0430\u0446\u0456\u044e \u0432\u043c\u0456\u0441\u0442\u0443 \u0442\u0430 \u0442\u0440\u0430\u043d\u0441\u043f\u043e\u0440\u0442\u0443\u0432\u0430\u043d\u043d\u044f.<\/li>\n<li data-start=\"478\" data-end=\"1054\"><strong data-start=\"668\" data-end=\"686\">\u0412\u0438\u0441\u043e\u043a\u0430 \u0432\u0430\u043d\u0442\u0430\u0436\u043e\u043f\u0456\u0434\u0439\u043e\u043c\u043d\u0456\u0441\u0442\u044c<\/strong> - \u0412\u0430\u043d\u0442\u0430\u0436\u043e\u043f\u0456\u0434\u0439\u043e\u043c\u043d\u0456\u0441\u0442\u044c \u0434\u043e 1 000 \u043a\u0433, \u0456\u0434\u0435\u0430\u043b\u044c\u043d\u043e \u043f\u0456\u0434\u0445\u043e\u0434\u0438\u0442\u044c \u0434\u043b\u044f \u0431\u0443\u0434\u0456\u0432\u043d\u0438\u0446\u0442\u0432\u0430 \u0442\u0430 \u0443\u0442\u0438\u043b\u0456\u0437\u0430\u0446\u0456\u0457 \u0432\u0456\u0434\u0445\u043e\u0434\u0456\u0432.<\/li>\n<li data-start=\"478\" data-end=\"1054\"><strong data-start=\"772\" data-end=\"784\">\u0421\u0442\u0430\u043b\u0438\u0439 \u0440\u043e\u0437\u0432\u0438\u0442\u043e\u043a<\/strong> - \u0421\u0442\u0456\u0439\u043a\u0438\u0439 \u0434\u043e \u0432\u043e\u043b\u043e\u0433\u0438, \u0441\u0442\u0438\u0440\u0430\u043d\u043d\u044f \u0442\u0430 \u043c\u0435\u0445\u0430\u043d\u0456\u0447\u043d\u0438\u0445 \u043f\u043e\u0448\u043a\u043e\u0434\u0436\u0435\u043d\u044c.<\/li>\n<li data-start=\"478\" data-end=\"1054\"><strong data-start=\"848\" data-end=\"867\">\u0423\u043d\u0456\u0432\u0435\u0440\u0441\u0430\u043b\u044c\u043d\u0456\u0441\u0442\u044c<\/strong> - \u0412\u0456\u043d \u0434\u043e\u0431\u0440\u0435 \u043f\u0456\u0434\u0445\u043e\u0434\u0438\u0442\u044c \u0434\u043b\u044f \u0442\u0440\u0430\u043d\u0441\u043f\u043e\u0440\u0442\u0443\u0432\u0430\u043d\u043d\u044f, \u0437\u0431\u0435\u0440\u0456\u0433\u0430\u043d\u043d\u044f \u0432\u0456\u0434\u0445\u043e\u0434\u0456\u0432, \u0449\u0435\u0431\u0435\u043d\u044e, \u0491\u0440\u0443\u043d\u0442\u0443, \u043f\u0456\u0441\u043a\u0443 \u0442\u0430 \u0456\u043d\u0448\u0438\u0445 \u0441\u0438\u043f\u0443\u0447\u0438\u0445 \u043c\u0430\u0442\u0435\u0440\u0456\u0430\u043b\u0456\u0432.<\/li>\n<li data-start=\"498\" data-end=\"1212\"><strong>\u0412\u043d\u0443\u0442\u0440\u0456\u0448\u043d\u0456 \u0440\u043e\u0437\u043c\u0456\u0440\u0438<\/strong> - 90 x 90 x 120 \u0441\u043c<\/li>\n<li data-start=\"498\" data-end=\"1212\"><b>\u0420\u0443\u0447\u043a\u0438 - <\/b>4 x 25 \u0441\u043c<\/li>\n<li data-start=\"498\" data-end=\"1212\"><strong>\u0412\u0430\u043d\u0442\u0430\u0436\u043e\u043f\u0456\u0434\u0439\u043e\u043c\u043d\u0456\u0441\u0442\u044c<\/strong> - 1000 \u043a\u0433<\/li>\n<li><strong>\u0413\u0440\u0430\u043c\u0430\u0442\u0438\u043a\u0430<\/strong> - 160 \u0433\/\u043c2<\/li>\n<li><strong>\u0414\u043e\u0441\u0442\u0443\u043f\u043d\u0456 \u0432 \u0440\u0456\u0437\u043d\u0438\u0445 \u043a\u043e\u043b\u044c\u043e\u0440\u0430\u0445<\/strong> - \u0431\u0456\u043b\u0438\u0439, \u0436\u043e\u0432\u0442\u0438\u0439<\/li>\n<\/ul>\n<h3 data-start=\"1056\" data-end=\"1079\"><strong data-start=\"1060\" data-end=\"1077\">\u0417\u0430\u044f\u0432\u043a\u0430:<\/strong><\/h3>\n<ul>\n<li data-start=\"1081\" data-end=\"1499\"><strong data-start=\"1084\" data-end=\"1104\">\u0411\u0443\u0434\u0456\u0432\u0435\u043b\u044c\u043d\u0430 \u0433\u0430\u043b\u0443\u0437\u044c<\/strong> - \u0406\u0434\u0435\u0430\u043b\u044c\u043d\u043e \u043f\u0456\u0434\u0445\u043e\u0434\u0438\u0442\u044c \u0434\u043b\u044f \u0432\u0438\u0432\u0435\u0437\u0435\u043d\u043d\u044f \u0441\u043c\u0456\u0442\u0442\u044f \u0442\u0430 \u0432\u0456\u0434\u0445\u043e\u0434\u0456\u0432 \u043f\u0456\u0441\u043b\u044f \u0440\u0435\u043c\u043e\u043d\u0442\u0443 \u0442\u0430 \u0431\u0443\u0434\u0456\u0432\u043d\u0438\u0446\u0442\u0432\u0430.<\/li>\n<li data-start=\"1081\" data-end=\"1499\"><strong data-start=\"1173\" data-end=\"1196\">\u041f\u043e\u0432\u043e\u0434\u0436\u0435\u043d\u043d\u044f \u0437 \u0432\u0456\u0434\u0445\u043e\u0434\u0430\u043c\u0438<\/strong> - \u0412\u0456\u043d \u0434\u043e\u0431\u0440\u0435 \u043f\u0456\u0434\u0445\u043e\u0434\u0438\u0442\u044c \u0434\u043b\u044f \u0437\u0431\u043e\u0440\u0443 \u0442\u0430 \u0441\u043e\u0440\u0442\u0443\u0432\u0430\u043d\u043d\u044f \u043f\u043e\u0431\u0443\u0442\u043e\u0432\u0438\u0445 \u0456 \u043f\u0440\u043e\u043c\u0438\u0441\u043b\u043e\u0432\u0438\u0445 \u0432\u0456\u0434\u0445\u043e\u0434\u0456\u0432.<\/li>\n<li data-start=\"1081\" data-end=\"1499\"><strong data-start=\"1279\" data-end=\"1299\">\u041f\u0440\u0438\u0431\u0438\u0440\u0430\u043b\u044c\u043d\u0456 \u0440\u043e\u0431\u043e\u0442\u0438<\/strong> - \u0412\u0438\u043a\u043e\u0440\u0438\u0441\u0442\u043e\u0432\u0443\u0454\u0442\u044c\u0441\u044f \u0434\u043b\u044f \u0442\u0440\u0430\u043d\u0441\u043f\u043e\u0440\u0442\u0443\u0432\u0430\u043d\u043d\u044f \u0442\u0430 \u0437\u0431\u0435\u0440\u0456\u0433\u0430\u043d\u043d\u044f \u043b\u0438\u0441\u0442\u044f, \u0433\u0456\u043b\u043e\u043a \u0442\u0430 \u0456\u043d\u0448\u0438\u0445 \u0441\u0430\u0434\u043e\u0432\u0438\u0445 \u0432\u0456\u0434\u0445\u043e\u0434\u0456\u0432.<\/li>\n<li data-start=\"1081\" data-end=\"1499\"><strong data-start=\"1389\" data-end=\"1413\">\u0421\u0456\u043b\u044c\u0441\u044c\u043a\u0435 \u0433\u043e\u0441\u043f\u043e\u0434\u0430\u0440\u0441\u0442\u0432\u043e \u0442\u0430 \u043f\u0440\u043e\u043c\u0438\u0441\u043b\u043e\u0432\u0456\u0441\u0442\u044c<\/strong> - \u041f\u0456\u0434\u0445\u043e\u0434\u0438\u0442\u044c \u0434\u043b\u044f \u0437\u0431\u0435\u0440\u0456\u0433\u0430\u043d\u043d\u044f \u043a\u043e\u0440\u043c\u0456\u0432, \u0434\u043e\u0431\u0440\u0438\u0432, \u0433\u0440\u0430\u043d\u0443\u043b \u0442\u0430 \u0456\u043d\u0448\u0438\u0445 \u0441\u0438\u043f\u0443\u0447\u0438\u0445 \u043c\u0430\u0442\u0435\u0440\u0456\u0430\u043b\u0456\u0432.<\/li>\n<\/ul>\n<p data-start=\"1501\" data-end=\"1828\"><strong data-start=\"1501\" data-end=\"1541\">\u0427\u043e\u043c\u0443 \u043c\u0438 \u043e\u0431\u0438\u0440\u0430\u0454\u043c\u043e \u0411\u0456\u0433-\u0411\u0435\u0433\u0438?<\/strong><br data-start=\"1541\" data-end=\"1544\" \/>\u0411\u0456\u0433-\u0431\u0435\u0433\u0438 - \u0446\u0435 \u043d\u0430\u0434\u0456\u0439\u043d\u0435 \u0440\u0456\u0448\u0435\u043d\u043d\u044f \u0434\u043b\u044f \u0437\u0431\u0435\u0440\u0456\u0433\u0430\u043d\u043d\u044f \u0456 \u0442\u0440\u0430\u043d\u0441\u043f\u043e\u0440\u0442\u0443\u0432\u0430\u043d\u043d\u044f \u0432\u0430\u0436\u043a\u0438\u0445 \u043c\u0430\u0442\u0435\u0440\u0456\u0430\u043b\u0456\u0432. \u041c\u0456\u0446\u043d\u0430 \u043a\u043e\u043d\u0441\u0442\u0440\u0443\u043a\u0446\u0456\u044f, \u0432\u0438\u0441\u043e\u043a\u0430 \u0432\u0430\u043d\u0442\u0430\u0436\u043e\u043f\u0456\u0434\u0439\u043e\u043c\u043d\u0456\u0441\u0442\u044c \u0456 \u0443\u043d\u0456\u0432\u0435\u0440\u0441\u0430\u043b\u044c\u043d\u0456\u0441\u0442\u044c \u0440\u043e\u0431\u043b\u044f\u0442\u044c \u0457\u0445 \u043d\u0435\u0437\u0430\u043c\u0456\u043d\u043d\u0438\u043c \u043e\u0431\u043b\u0430\u0434\u043d\u0430\u043d\u043d\u044f\u043c \u043d\u0430 \u0431\u0443\u0434\u0456\u0432\u0435\u043b\u044c\u043d\u0438\u0445 \u043c\u0430\u0439\u0434\u0430\u043d\u0447\u0438\u043a\u0430\u0445, \u0443 \u043f\u0435\u0440\u0435\u0440\u043e\u0431\u043d\u0438\u0445 \u043a\u043e\u043c\u043f\u0430\u043d\u0456\u044f\u0445 \u0456 \u0432 \u0441\u0456\u043b\u044c\u0441\u044c\u043a\u043e\u043c\u0443 \u0433\u043e\u0441\u043f\u043e\u0434\u0430\u0440\u0441\u0442\u0432\u0456.<\/p>","protected":false},"excerpt":{"rendered":"<p>Worek Big Bag otwarty 90x90x120cm Worek Big Bag to wytrzyma\u0142y i praktyczny pojemnik przeznaczony do sk\u0142adowania oraz transportu gruzu, odpad\u00f3w budowlanych i innych materia\u0142\u00f3w sypkich. Wykonany z mocnej tkaniny polipropylenowej o gramaturze 160 g\/m\u00b2, zapewnia wysok\u0105 odporno\u015b\u0107 na rozdarcia i obci\u0105\u017cenia do 1000 kg. Najwa\u017cniejsze cechy: Wytrzyma\u0142o\u015b\u0107 \u2013 Solidna konstrukcja pozwala na bezpieczne przenoszenie ci\u0119\u017ckich [&hellip;]<\/p>","protected":false},"featured_media":4792,"template":"","meta":{"site-sidebar-layout":"default","site-content-layout":"","ast-site-content-layout":"default","site-content-style":"default","site-sidebar-style":"default","ast-global-header-display":"","ast-banner-title-visibility":"","ast-main-header-display":"","ast-hfb-above-header-display":"","ast-hfb-below-header-display":"","ast-hfb-mobile-header-display":"","site-post-title":"","ast-breadcrumbs-content":"","ast-featured-img":"","footer-sml-layout":"","theme-transparent-header-meta":"default","adv-header-id-meta":"","stick-header-meta":"default","header-above-stick-meta":"","header-main-stick-meta":"","header-below-stick-meta":"","astra-migrate-meta-layouts":"set","ast-page-background-enabled":"default","ast-page-background-meta":{"desktop":{"background-color":"var(--ast-global-color-4)","background-image":"","background-repeat":"repeat","background-position":"center center","background-size":"auto","background-attachment":"scroll","background-type":"","background-media":"","overlay-type":"","overlay-color":"","overlay-opacity":"","overlay-gradient":""},"tablet":{"background-color":"","background-image":"","background-repeat":"repeat","background-position":"center center","background-size":"auto","background-attachment":"scroll","background-type":"","background-media":"","overlay-type":"","overlay-color":"","overlay-opacity":"","overlay-gradient":""},"mobile":{"background-color":"","background-image":"","background-repeat":"repeat","background-position":"center center","background-size":"auto","background-attachment":"scroll","background-type":"","background-media":"","overlay-type":"","overlay-color":"","overlay-opacity":"","overlay-gradient":""}},"ast-content-background-meta":{"desktop":{"background-color":"var(--ast-global-color-5)","background-image":"","background-repeat":"repeat","background-position":"center center","background-size":"auto","background-attachment":"scroll","background-type":"","background-media":"","overlay-type":"","overlay-color":"","overlay-opacity":"","overlay-gradient":""},"tablet":{"background-color":"var(--ast-global-color-5)","background-image":"","background-repeat":"repeat","background-position":"center center","background-size":"auto","background-attachment":"scroll","background-type":"","background-media":"","overlay-type":"","overlay-color":"","overlay-opacity":"","overlay-gradient":""},"mobile":{"background-color":"var(--ast-global-color-5)","background-image":"","background-repeat":"repeat","background-position":"center center","background-size":"auto","background-attachment":"scroll","background-type":"","background-media":"","overlay-type":"","overlay-color":"","overlay-opacity":"","overlay-gradient":""}}},"product_brand":[],"product_cat":[161],"product_tag":[],"class_list":{"0":"post-4790","1":"product","2":"type-product","3":"status-publish","4":"has-post-thumbnail","6":"product_cat-big-bag-otwarty","7":"desktop-align-left","8":"tablet-align-left","9":"mobile-align-left","10":"ast-product-gallery-layout-horizontal","11":"ast-product-gallery-with-no-image","12":"ast-product-tabs-layout-horizontal","14":"first","15":"instock","16":"shipping-taxable","17":"product-type-simple"},"_links":{"self":[{"href":"https:\/\/wimar.net\/uk\/wp-json\/wp\/v2\/product\/4790","targetHints":{"allow":["GET"]}}],"collection":[{"href":"https:\/\/wimar.net\/uk\/wp-json\/wp\/v2\/product"}],"about":[{"href":"https:\/\/wimar.net\/uk\/wp-json\/wp\/v2\/types\/product"}],"version-history":[{"count":3,"href":"https:\/\/wimar.net\/uk\/wp-json\/wp\/v2\/product\/4790\/revisions"}],"predecessor-version":[{"id":7367,"href":"https:\/\/wimar.net\/uk\/wp-json\/wp\/v2\/product\/4790\/revisions\/7367"}],"wp:featuredmedia":[{"embeddable":true,"href":"https:\/\/wimar.net\/uk\/wp-json\/wp\/v2\/media\/4792"}],"wp:attachment":[{"href":"https:\/\/wimar.net\/uk\/wp-json\/wp\/v2\/media?parent=4790"}],"wp:term":[{"taxonomy":"product_brand","embeddable":true,"href":"https:\/\/wimar.net\/uk\/wp-json\/wp\/v2\/product_brand?post=4790"},{"taxonomy":"product_cat","embeddable":true,"href":"https:\/\/wimar.net\/uk\/wp-json\/wp\/v2\/product_cat?post=4790"},{"taxonomy":"product_tag","embeddable":true,"href":"https:\/\/wimar.net\/uk\/wp-json\/wp\/v2\/product_tag?post=4790"}],"curies":[{"name":"wp","href":"https:\/\/api.w.org\/{rel}","templated":true}]}}